{"id":8232,"date":"2023-06-13T16:25:51","date_gmt":"2023-06-13T19:25:51","guid":{"rendered":"https:\/\/www.personare.com.br\/servicos\/?post_type=product&#038;p=8232"},"modified":"2026-02-20T18:42:00","modified_gmt":"2026-02-20T21:42:00","slug":"nutricao-no-climaterio-e-menopausa","status":"archived","type":"product","link":"https:\/\/www.personare.com.br\/servicos\/produto\/nutricao-no-climaterio-e-menopausa\/","title":{"rendered":"Nutri\u00e7\u00e3o no Climat\u00e9rio e Menopausa"},"content":{"rendered":"<p dir=\"ltr\" role=\"presentation\">Para quem sofre com os sintomas do climat\u00e9rio e menopausa;<\/p>\n<p dir=\"ltr\" role=\"presentation\">Pessoas que querem tratar os sintomas do climat\u00e9rio e da menopausa sem o uso de horm\u00f4nios sint\u00e9ticos;<\/p>\n<p dir=\"ltr\" role=\"presentation\">Para quem deseja prevenir doen\u00e7as;<\/p>\n<p dir=\"ltr\" role=\"presentation\">Quem tem dificuldade em manter um peso saud\u00e1vel.<\/p>\n","protected":false},"excerpt":{"rendered":"<p dir=\"ltr\" style=\"line-height: 1.38;margin-top: 0pt;margin-bottom: 0pt\" data-mce-style=\"line-height: 1.38; margin-top: 0pt; margin-bottom: 0pt;\">Quando chega o Climat\u00e9rio (per\u00edodo que antecede a Menopausa), muitas mulheres sofrem de sintomas como: varia\u00e7\u00f5es de humor, falhas de mem\u00f3ria, cansa\u00e7o, altera\u00e7\u00f5es no sono, fogachos e altera\u00e7\u00e3o de peso.<\/p>\n<p>Voc\u00ea sabia que <strong>a alimenta\u00e7\u00e3o pode ser um caminho para aliviar esses sintomas?<\/strong><\/p>\n<p>A nutricionista Amanda Regina, especialista em Sa\u00fade da Mulher, desenvolve uma estrat\u00e9gia nutricional <strong>considerando suas prefer\u00eancias alimentares. <\/strong><\/p>\n<p>Al\u00e9m disso, o acompanhamento nutricional leva em conta an\u00e1lise de exames e anamnese detalhada sobre seu hist\u00f3rico de sa\u00fade, gen\u00e9tico e familiar e do estilo de vida.<\/p>\n<p>S\u00e3o oferecidas <strong>dicas de organiza\u00e7\u00e3o para compras<\/strong> e card\u00e1pio,<strong> receitas f\u00e1ceis<\/strong> e orienta\u00e7\u00f5es para uso suplementos individualizados.\u00a0<\/p>\n","protected":false},"featured_media":12059,"comment_status":"open","ping_status":"closed","template":"","meta":{"_acf_changed":false,"footnotes":""},"product_brand":[],"product_cat":[53],"product_tag":[],"areas-da-vida":[161,164,171],"estudos-e-terapias":[144],"dores-e-objetivos":[85,89,93,209,105],"acf":[],"yoast_head":"<!-- This site is optimized with the Yoast SEO plugin v19.6.1 - https:\/\/yoast.com\/wordpress\/plugins\/seo\/ -->\n<title>Nutri\u00e7\u00e3o no Climat\u00e9rio e Menopausa - Personare Servi\u00e7os<\/title>\n<meta name=\"robots\" content=\"index, follow, max-snippet:-1, max-image-preview:large, max-video-preview:-1\" \/>\n<link rel=\"canonical\" href=\"https:\/\/www.personare.com.br\/servicos\/produto\/nutricao-no-climaterio-e-menopausa\/\" \/>\n<meta property=\"og:locale\" content=\"pt_BR\" \/>\n<meta property=\"og:type\" content=\"article\" \/>\n<meta property=\"og:title\" content=\"Nutri\u00e7\u00e3o no Climat\u00e9rio e Menopausa - Personare Servi\u00e7os\" \/>\n<meta property=\"og:description\" content=\"Quando chega o Climat\u00e9rio (per\u00edodo que antecede a Menopausa), muitas mulheres sofrem de sintomas como: varia\u00e7\u00f5es de humor, falhas de mem\u00f3ria, cansa\u00e7o, altera\u00e7\u00f5es no sono, fogachos e altera\u00e7\u00e3o de peso.Voc\u00ea sabia que a alimenta\u00e7\u00e3o pode ser um caminho para aliviar esses sintomas?A nutricionista Amanda Regina, especialista em Sa\u00fade da Mulher, desenvolve uma estrat\u00e9gia nutricional considerando suas prefer\u00eancias alimentares. Al\u00e9m disso, o acompanhamento nutricional leva em conta an\u00e1lise de exames e anamnese detalhada sobre seu hist\u00f3rico de sa\u00fade, gen\u00e9tico e familiar e do estilo de vida.S\u00e3o oferecidas dicas de organiza\u00e7\u00e3o para compras e card\u00e1pio, receitas f\u00e1ceis e orienta\u00e7\u00f5es para uso suplementos individualizados.\u00a0\" \/>\n<meta property=\"og:url\" content=\"https:\/\/www.personare.com.br\/servicos\/produto\/nutricao-no-climaterio-e-menopausa\/\" \/>\n<meta property=\"og:site_name\" content=\"Personare Servi\u00e7os\" \/>\n<meta property=\"article:modified_time\" content=\"2026-02-20T21:42:00+00:00\" \/>\n<meta property=\"og:image\" content=\"https:\/\/d2t4cfkrxg4dhd.cloudfront.net\/app\/uploads\/2023\/06\/zyro-image-1-1.png\" \/>\n\t<meta property=\"og:image:width\" content=\"1000\" \/>\n\t<meta property=\"og:image:height\" content=\"1000\" \/>\n\t<meta property=\"og:image:type\" content=\"image\/png\" \/>\n<meta name=\"twitter:card\" content=\"summary_large_image\" \/>\n<script type=\"application\/ld+json\" class=\"yoast-schema-graph\">{\"@context\":\"https:\/\/schema.org\",\"@graph\":[{\"@type\":\"WebPage\",\"@id\":\"https:\/\/www.personare.com.br\/servicos\/produto\/nutricao-no-climaterio-e-menopausa\/\",\"url\":\"https:\/\/www.personare.com.br\/servicos\/produto\/nutricao-no-climaterio-e-menopausa\/\",\"name\":\"Nutri\u00e7\u00e3o no Climat\u00e9rio e Menopausa - Personare Servi\u00e7os\",\"isPartOf\":{\"@id\":\"https:\/\/www.personare.com.br\/servicos\/#website\"},\"datePublished\":\"2023-06-13T19:25:51+00:00\",\"dateModified\":\"2026-02-20T21:42:00+00:00\",\"breadcrumb\":{\"@id\":\"https:\/\/www.personare.com.br\/servicos\/produto\/nutricao-no-climaterio-e-menopausa\/#breadcrumb\"},\"inLanguage\":\"pt-BR\",\"potentialAction\":[{\"@type\":\"ReadAction\",\"target\":[\"https:\/\/www.personare.com.br\/servicos\/produto\/nutricao-no-climaterio-e-menopausa\/\"]}]},{\"@type\":\"BreadcrumbList\",\"@id\":\"https:\/\/www.personare.com.br\/servicos\/produto\/nutricao-no-climaterio-e-menopausa\/#breadcrumb\",\"itemListElement\":[{\"@type\":\"ListItem\",\"position\":1,\"name\":\"In\u00edcio\",\"item\":\"https:\/\/www.personare.com.br\/servicos\/\"},{\"@type\":\"ListItem\",\"position\":2,\"name\":\"Loja\",\"item\":\"https:\/\/www.personare.com.br\/servicos\/busca\/\"},{\"@type\":\"ListItem\",\"position\":3,\"name\":\"Nutri\u00e7\u00e3o no Climat\u00e9rio e Menopausa\"}]},{\"@type\":\"WebSite\",\"@id\":\"https:\/\/www.personare.com.br\/servicos\/#website\",\"url\":\"https:\/\/www.personare.com.br\/servicos\/\",\"name\":\"Personare Servi\u00e7os\",\"description\":\"Agende Consultas e Terapias Online no Personare\",\"publisher\":{\"@id\":\"https:\/\/www.personare.com.br\/servicos\/#organization\"},\"potentialAction\":[{\"@type\":\"SearchAction\",\"target\":{\"@type\":\"EntryPoint\",\"urlTemplate\":\"https:\/\/www.personare.com.br\/servicos\/?s={search_term_string}\"},\"query-input\":\"required name=search_term_string\"}],\"inLanguage\":\"pt-BR\"},{\"@type\":\"Organization\",\"@id\":\"https:\/\/www.personare.com.br\/servicos\/#organization\",\"name\":\"Personare\",\"url\":\"https:\/\/www.personare.com.br\/servicos\/\",\"sameAs\":[],\"logo\":{\"@type\":\"ImageObject\",\"inLanguage\":\"pt-BR\",\"@id\":\"https:\/\/www.personare.com.br\/servicos\/#\/schema\/logo\/image\/\",\"url\":\"https:\/\/d2t4cfkrxg4dhd.cloudfront.net\/app\/uploads\/2021\/04\/70295ca5d3b1be44570b5e6d0854fa942edb2ab6.png\",\"contentUrl\":\"https:\/\/d2t4cfkrxg4dhd.cloudfront.net\/app\/uploads\/2021\/04\/70295ca5d3b1be44570b5e6d0854fa942edb2ab6.png\",\"width\":650,\"height\":554,\"caption\":\"Personare\"},\"image\":{\"@id\":\"https:\/\/www.personare.com.br\/servicos\/#\/schema\/logo\/image\/\"}}]}<\/script>\n<!-- \/ Yoast SEO plugin. -->","yoast_head_json":{"title":"Nutri\u00e7\u00e3o no Climat\u00e9rio e Menopausa - Personare Servi\u00e7os","robots":{"index":"index","follow":"follow","max-snippet":"max-snippet:-1","max-image-preview":"max-image-preview:large","max-video-preview":"max-video-preview:-1"},"canonical":"https:\/\/www.personare.com.br\/servicos\/produto\/nutricao-no-climaterio-e-menopausa\/","og_locale":"pt_BR","og_type":"article","og_title":"Nutri\u00e7\u00e3o no Climat\u00e9rio e Menopausa - Personare Servi\u00e7os","og_description":"Quando chega o Climat\u00e9rio (per\u00edodo que antecede a Menopausa), muitas mulheres sofrem de sintomas como: varia\u00e7\u00f5es de humor, falhas de mem\u00f3ria, cansa\u00e7o, altera\u00e7\u00f5es no sono, fogachos e altera\u00e7\u00e3o de peso.Voc\u00ea sabia que a alimenta\u00e7\u00e3o pode ser um caminho para aliviar esses sintomas?A nutricionista Amanda Regina, especialista em Sa\u00fade da Mulher, desenvolve uma estrat\u00e9gia nutricional considerando suas prefer\u00eancias alimentares. Al\u00e9m disso, o acompanhamento nutricional leva em conta an\u00e1lise de exames e anamnese detalhada sobre seu hist\u00f3rico de sa\u00fade, gen\u00e9tico e familiar e do estilo de vida.S\u00e3o oferecidas dicas de organiza\u00e7\u00e3o para compras e card\u00e1pio, receitas f\u00e1ceis e orienta\u00e7\u00f5es para uso suplementos individualizados.\u00a0","og_url":"https:\/\/www.personare.com.br\/servicos\/produto\/nutricao-no-climaterio-e-menopausa\/","og_site_name":"Personare Servi\u00e7os","article_modified_time":"2026-02-20T21:42:00+00:00","og_image":[{"width":1000,"height":1000,"url":"https:\/\/d2t4cfkrxg4dhd.cloudfront.net\/app\/uploads\/2023\/06\/zyro-image-1-1.png","type":"image\/png"}],"twitter_card":"summary_large_image","schema":{"@context":"https:\/\/schema.org","@graph":[{"@type":"WebPage","@id":"https:\/\/www.personare.com.br\/servicos\/produto\/nutricao-no-climaterio-e-menopausa\/","url":"https:\/\/www.personare.com.br\/servicos\/produto\/nutricao-no-climaterio-e-menopausa\/","name":"Nutri\u00e7\u00e3o no Climat\u00e9rio e Menopausa - Personare Servi\u00e7os","isPartOf":{"@id":"https:\/\/www.personare.com.br\/servicos\/#website"},"datePublished":"2023-06-13T19:25:51+00:00","dateModified":"2026-02-20T21:42:00+00:00","breadcrumb":{"@id":"https:\/\/www.personare.com.br\/servicos\/produto\/nutricao-no-climaterio-e-menopausa\/#breadcrumb"},"inLanguage":"pt-BR","potentialAction":[{"@type":"ReadAction","target":["https:\/\/www.personare.com.br\/servicos\/produto\/nutricao-no-climaterio-e-menopausa\/"]}]},{"@type":"BreadcrumbList","@id":"https:\/\/www.personare.com.br\/servicos\/produto\/nutricao-no-climaterio-e-menopausa\/#breadcrumb","itemListElement":[{"@type":"ListItem","position":1,"name":"In\u00edcio","item":"https:\/\/www.personare.com.br\/servicos\/"},{"@type":"ListItem","position":2,"name":"Loja","item":"https:\/\/www.personare.com.br\/servicos\/busca\/"},{"@type":"ListItem","position":3,"name":"Nutri\u00e7\u00e3o no Climat\u00e9rio e Menopausa"}]},{"@type":"WebSite","@id":"https:\/\/www.personare.com.br\/servicos\/#website","url":"https:\/\/www.personare.com.br\/servicos\/","name":"Personare Servi\u00e7os","description":"Agende Consultas e Terapias Online no Personare","publisher":{"@id":"https:\/\/www.personare.com.br\/servicos\/#organization"},"potentialAction":[{"@type":"SearchAction","target":{"@type":"EntryPoint","urlTemplate":"https:\/\/www.personare.com.br\/servicos\/?s={search_term_string}"},"query-input":"required name=search_term_string"}],"inLanguage":"pt-BR"},{"@type":"Organization","@id":"https:\/\/www.personare.com.br\/servicos\/#organization","name":"Personare","url":"https:\/\/www.personare.com.br\/servicos\/","sameAs":[],"logo":{"@type":"ImageObject","inLanguage":"pt-BR","@id":"https:\/\/www.personare.com.br\/servicos\/#\/schema\/logo\/image\/","url":"https:\/\/d2t4cfkrxg4dhd.cloudfront.net\/app\/uploads\/2021\/04\/70295ca5d3b1be44570b5e6d0854fa942edb2ab6.png","contentUrl":"https:\/\/d2t4cfkrxg4dhd.cloudfront.net\/app\/uploads\/2021\/04\/70295ca5d3b1be44570b5e6d0854fa942edb2ab6.png","width":650,"height":554,"caption":"Personare"},"image":{"@id":"https:\/\/www.personare.com.br\/servicos\/#\/schema\/logo\/image\/"}}]}},"_links":{"self":[{"href":"https:\/\/www.personare.com.br\/servicos\/wp-json\/wp\/v2\/product\/8232"}],"collection":[{"href":"https:\/\/www.personare.com.br\/servicos\/wp-json\/wp\/v2\/product"}],"about":[{"href":"https:\/\/www.personare.com.br\/servicos\/wp-json\/wp\/v2\/types\/product"}],"replies":[{"embeddable":true,"href":"https:\/\/www.personare.com.br\/servicos\/wp-json\/wp\/v2\/comments?post=8232"}],"version-history":[{"count":1,"href":"https:\/\/www.personare.com.br\/servicos\/wp-json\/wp\/v2\/product\/8232\/revisions"}],"predecessor-version":[{"id":12807,"href":"https:\/\/www.personare.com.br\/servicos\/wp-json\/wp\/v2\/product\/8232\/revisions\/12807"}],"wp:featuredmedia":[{"embeddable":true,"href":"https:\/\/www.personare.com.br\/servicos\/wp-json\/wp\/v2\/media\/12059"}],"wp:attachment":[{"href":"https:\/\/www.personare.com.br\/servicos\/wp-json\/wp\/v2\/media?parent=8232"}],"wp:term":[{"taxonomy":"product_brand","embeddable":true,"href":"https:\/\/www.personare.com.br\/servicos\/wp-json\/wp\/v2\/product_brand?post=8232"},{"taxonomy":"product_cat","embeddable":true,"href":"https:\/\/www.personare.com.br\/servicos\/wp-json\/wp\/v2\/product_cat?post=8232"},{"taxonomy":"product_tag","embeddable":true,"href":"https:\/\/www.personare.com.br\/servicos\/wp-json\/wp\/v2\/product_tag?post=8232"},{"taxonomy":"areas-da-vida","embeddable":true,"href":"https:\/\/www.personare.com.br\/servicos\/wp-json\/wp\/v2\/areas-da-vida?post=8232"},{"taxonomy":"estudos-e-terapias","embeddable":true,"href":"https:\/\/www.personare.com.br\/servicos\/wp-json\/wp\/v2\/estudos-e-terapias?post=8232"},{"taxonomy":"dores-e-objetivos","embeddable":true,"href":"https:\/\/www.personare.com.br\/servicos\/wp-json\/wp\/v2\/dores-e-objetivos?post=8232"}],"curies":[{"name":"wp","href":"https:\/\/api.w.org\/{rel}","templated":true}]}}