{"id":8196,"date":"2023-08-23T10:46:58","date_gmt":"2023-08-23T13:46:58","guid":{"rendered":"https:\/\/www.personare.com.br\/servicos\/?post_type=product&#038;p=8196"},"modified":"2026-02-20T18:42:00","modified_gmt":"2026-02-20T21:42:00","slug":"consulta-com-nutricionista-avulsa","status":"archived","type":"product","link":"https:\/\/www.personare.com.br\/servicos\/produto\/consulta-com-nutricionista-avulsa\/","title":{"rendered":"Consulta com nutricionista (avulsa)"},"content":{"rendered":"<p>Para quem j\u00e1 tentou v\u00e1rios m\u00e9todos e atendimentos sem resultados duradouros<\/p>\n<p>Para quem quer ter mais sa\u00fade e disposi\u00e7\u00e3o;<\/p>\n<p>Para quem quer alternativas de suplementa\u00e7\u00f5es e fitoter\u00e1picos para melhorar os sintomas da TPM, climat\u00e9rio e menopausa;<\/p>\n<p>Para quem quer ser vegetariano ou vegano e saber como se alimentar corretamente, as trocas adequadas, disposi\u00e7\u00e3o e bem estar;<\/p>\n<p>Para quem quer uma dieta aplic\u00e1vel no dia a dia, que considere seu estilo de vida, finais de semana, com dicas de organiza\u00e7\u00e3o, compras e comportamentos definitivos para uma rela\u00e7\u00e3o adequada com o comer!<\/p>\n","protected":false},"excerpt":{"rendered":"<p>Nutricionista Funcional, especializa\u00e7\u00e3o em atendimento nutricional e ampliada pela Antroposofia.<\/p>\n<p>Atua em consult\u00f3rio e palestras, cuidando principalmente de sa\u00fade da mulher; emagrecimento trabalhando comportamentos alimentares, transi\u00e7\u00e3o para o vegetarianismo ou veganismo, e ajudando a estabelecer uma rela\u00e7\u00e3o saud\u00e1vel e prazerosa com a comida!<\/p>\n","protected":false},"featured_media":12059,"comment_status":"open","ping_status":"closed","template":"","meta":{"_acf_changed":false,"footnotes":""},"product_brand":[],"product_cat":[52],"product_tag":[],"areas-da-vida":[161,171],"estudos-e-terapias":[144],"dores-e-objetivos":[206,89,201,93,105,210],"acf":[],"yoast_head":"<!-- This site is optimized with the Yoast SEO plugin v19.6.1 - https:\/\/yoast.com\/wordpress\/plugins\/seo\/ -->\n<title>Consulta com nutricionista (avulsa) - Personare Servi\u00e7os<\/title>\n<meta name=\"robots\" content=\"index, follow, max-snippet:-1, max-image-preview:large, max-video-preview:-1\" \/>\n<link rel=\"canonical\" href=\"https:\/\/www.personare.com.br\/servicos\/produto\/consulta-com-nutricionista-avulsa\/\" \/>\n<meta property=\"og:locale\" content=\"pt_BR\" \/>\n<meta property=\"og:type\" content=\"article\" \/>\n<meta property=\"og:title\" content=\"Consulta com nutricionista (avulsa) - Personare Servi\u00e7os\" \/>\n<meta property=\"og:description\" content=\"Nutricionista Funcional, especializa\u00e7\u00e3o em atendimento nutricional e ampliada pela Antroposofia.  Atua em consult\u00f3rio e palestras, cuidando principalmente de sa\u00fade da mulher; emagrecimento trabalhando comportamentos alimentares, transi\u00e7\u00e3o para o vegetarianismo ou veganismo, e ajudando a estabelecer uma rela\u00e7\u00e3o saud\u00e1vel e prazerosa com a comida!\" \/>\n<meta property=\"og:url\" content=\"https:\/\/www.personare.com.br\/servicos\/produto\/consulta-com-nutricionista-avulsa\/\" \/>\n<meta property=\"og:site_name\" content=\"Personare Servi\u00e7os\" \/>\n<meta property=\"article:modified_time\" content=\"2026-02-20T21:42:00+00:00\" \/>\n<meta property=\"og:image\" content=\"https:\/\/d2t4cfkrxg4dhd.cloudfront.net\/app\/uploads\/2023\/06\/zyro-image-1-1.png\" \/>\n\t<meta property=\"og:image:width\" content=\"1000\" \/>\n\t<meta property=\"og:image:height\" content=\"1000\" \/>\n\t<meta property=\"og:image:type\" content=\"image\/png\" \/>\n<meta name=\"twitter:card\" content=\"summary_large_image\" \/>\n<meta name=\"twitter:label1\" content=\"Est. tempo de leitura\" \/>\n\t<meta name=\"twitter:data1\" content=\"1 minuto\" \/>\n<script type=\"application\/ld+json\" class=\"yoast-schema-graph\">{\"@context\":\"https:\/\/schema.org\",\"@graph\":[{\"@type\":\"WebPage\",\"@id\":\"https:\/\/www.personare.com.br\/servicos\/produto\/consulta-com-nutricionista-avulsa\/\",\"url\":\"https:\/\/www.personare.com.br\/servicos\/produto\/consulta-com-nutricionista-avulsa\/\",\"name\":\"Consulta com nutricionista (avulsa) - Personare Servi\u00e7os\",\"isPartOf\":{\"@id\":\"https:\/\/www.personare.com.br\/servicos\/#website\"},\"datePublished\":\"2023-08-23T13:46:58+00:00\",\"dateModified\":\"2026-02-20T21:42:00+00:00\",\"breadcrumb\":{\"@id\":\"https:\/\/www.personare.com.br\/servicos\/produto\/consulta-com-nutricionista-avulsa\/#breadcrumb\"},\"inLanguage\":\"pt-BR\",\"potentialAction\":[{\"@type\":\"ReadAction\",\"target\":[\"https:\/\/www.personare.com.br\/servicos\/produto\/consulta-com-nutricionista-avulsa\/\"]}]},{\"@type\":\"BreadcrumbList\",\"@id\":\"https:\/\/www.personare.com.br\/servicos\/produto\/consulta-com-nutricionista-avulsa\/#breadcrumb\",\"itemListElement\":[{\"@type\":\"ListItem\",\"position\":1,\"name\":\"In\u00edcio\",\"item\":\"https:\/\/www.personare.com.br\/servicos\/\"},{\"@type\":\"ListItem\",\"position\":2,\"name\":\"Loja\",\"item\":\"https:\/\/www.personare.com.br\/servicos\/busca\/\"},{\"@type\":\"ListItem\",\"position\":3,\"name\":\"Consulta com nutricionista (avulsa)\"}]},{\"@type\":\"WebSite\",\"@id\":\"https:\/\/www.personare.com.br\/servicos\/#website\",\"url\":\"https:\/\/www.personare.com.br\/servicos\/\",\"name\":\"Personare Servi\u00e7os\",\"description\":\"Agende Consultas e Terapias Online no Personare\",\"publisher\":{\"@id\":\"https:\/\/www.personare.com.br\/servicos\/#organization\"},\"potentialAction\":[{\"@type\":\"SearchAction\",\"target\":{\"@type\":\"EntryPoint\",\"urlTemplate\":\"https:\/\/www.personare.com.br\/servicos\/?s={search_term_string}\"},\"query-input\":\"required name=search_term_string\"}],\"inLanguage\":\"pt-BR\"},{\"@type\":\"Organization\",\"@id\":\"https:\/\/www.personare.com.br\/servicos\/#organization\",\"name\":\"Personare\",\"url\":\"https:\/\/www.personare.com.br\/servicos\/\",\"sameAs\":[],\"logo\":{\"@type\":\"ImageObject\",\"inLanguage\":\"pt-BR\",\"@id\":\"https:\/\/www.personare.com.br\/servicos\/#\/schema\/logo\/image\/\",\"url\":\"https:\/\/d2t4cfkrxg4dhd.cloudfront.net\/app\/uploads\/2021\/04\/70295ca5d3b1be44570b5e6d0854fa942edb2ab6.png\",\"contentUrl\":\"https:\/\/d2t4cfkrxg4dhd.cloudfront.net\/app\/uploads\/2021\/04\/70295ca5d3b1be44570b5e6d0854fa942edb2ab6.png\",\"width\":650,\"height\":554,\"caption\":\"Personare\"},\"image\":{\"@id\":\"https:\/\/www.personare.com.br\/servicos\/#\/schema\/logo\/image\/\"}}]}<\/script>\n<!-- \/ Yoast SEO plugin. -->","yoast_head_json":{"title":"Consulta com nutricionista (avulsa) - Personare Servi\u00e7os","robots":{"index":"index","follow":"follow","max-snippet":"max-snippet:-1","max-image-preview":"max-image-preview:large","max-video-preview":"max-video-preview:-1"},"canonical":"https:\/\/www.personare.com.br\/servicos\/produto\/consulta-com-nutricionista-avulsa\/","og_locale":"pt_BR","og_type":"article","og_title":"Consulta com nutricionista (avulsa) - Personare Servi\u00e7os","og_description":"Nutricionista Funcional, especializa\u00e7\u00e3o em atendimento nutricional e ampliada pela Antroposofia.  Atua em consult\u00f3rio e palestras, cuidando principalmente de sa\u00fade da mulher; emagrecimento trabalhando comportamentos alimentares, transi\u00e7\u00e3o para o vegetarianismo ou veganismo, e ajudando a estabelecer uma rela\u00e7\u00e3o saud\u00e1vel e prazerosa com a comida!","og_url":"https:\/\/www.personare.com.br\/servicos\/produto\/consulta-com-nutricionista-avulsa\/","og_site_name":"Personare Servi\u00e7os","article_modified_time":"2026-02-20T21:42:00+00:00","og_image":[{"width":1000,"height":1000,"url":"https:\/\/d2t4cfkrxg4dhd.cloudfront.net\/app\/uploads\/2023\/06\/zyro-image-1-1.png","type":"image\/png"}],"twitter_card":"summary_large_image","twitter_misc":{"Est. tempo de leitura":"1 minuto"},"schema":{"@context":"https:\/\/schema.org","@graph":[{"@type":"WebPage","@id":"https:\/\/www.personare.com.br\/servicos\/produto\/consulta-com-nutricionista-avulsa\/","url":"https:\/\/www.personare.com.br\/servicos\/produto\/consulta-com-nutricionista-avulsa\/","name":"Consulta com nutricionista (avulsa) - Personare Servi\u00e7os","isPartOf":{"@id":"https:\/\/www.personare.com.br\/servicos\/#website"},"datePublished":"2023-08-23T13:46:58+00:00","dateModified":"2026-02-20T21:42:00+00:00","breadcrumb":{"@id":"https:\/\/www.personare.com.br\/servicos\/produto\/consulta-com-nutricionista-avulsa\/#breadcrumb"},"inLanguage":"pt-BR","potentialAction":[{"@type":"ReadAction","target":["https:\/\/www.personare.com.br\/servicos\/produto\/consulta-com-nutricionista-avulsa\/"]}]},{"@type":"BreadcrumbList","@id":"https:\/\/www.personare.com.br\/servicos\/produto\/consulta-com-nutricionista-avulsa\/#breadcrumb","itemListElement":[{"@type":"ListItem","position":1,"name":"In\u00edcio","item":"https:\/\/www.personare.com.br\/servicos\/"},{"@type":"ListItem","position":2,"name":"Loja","item":"https:\/\/www.personare.com.br\/servicos\/busca\/"},{"@type":"ListItem","position":3,"name":"Consulta com nutricionista (avulsa)"}]},{"@type":"WebSite","@id":"https:\/\/www.personare.com.br\/servicos\/#website","url":"https:\/\/www.personare.com.br\/servicos\/","name":"Personare Servi\u00e7os","description":"Agende Consultas e Terapias Online no Personare","publisher":{"@id":"https:\/\/www.personare.com.br\/servicos\/#organization"},"potentialAction":[{"@type":"SearchAction","target":{"@type":"EntryPoint","urlTemplate":"https:\/\/www.personare.com.br\/servicos\/?s={search_term_string}"},"query-input":"required name=search_term_string"}],"inLanguage":"pt-BR"},{"@type":"Organization","@id":"https:\/\/www.personare.com.br\/servicos\/#organization","name":"Personare","url":"https:\/\/www.personare.com.br\/servicos\/","sameAs":[],"logo":{"@type":"ImageObject","inLanguage":"pt-BR","@id":"https:\/\/www.personare.com.br\/servicos\/#\/schema\/logo\/image\/","url":"https:\/\/d2t4cfkrxg4dhd.cloudfront.net\/app\/uploads\/2021\/04\/70295ca5d3b1be44570b5e6d0854fa942edb2ab6.png","contentUrl":"https:\/\/d2t4cfkrxg4dhd.cloudfront.net\/app\/uploads\/2021\/04\/70295ca5d3b1be44570b5e6d0854fa942edb2ab6.png","width":650,"height":554,"caption":"Personare"},"image":{"@id":"https:\/\/www.personare.com.br\/servicos\/#\/schema\/logo\/image\/"}}]}},"_links":{"self":[{"href":"https:\/\/www.personare.com.br\/servicos\/wp-json\/wp\/v2\/product\/8196"}],"collection":[{"href":"https:\/\/www.personare.com.br\/servicos\/wp-json\/wp\/v2\/product"}],"about":[{"href":"https:\/\/www.personare.com.br\/servicos\/wp-json\/wp\/v2\/types\/product"}],"replies":[{"embeddable":true,"href":"https:\/\/www.personare.com.br\/servicos\/wp-json\/wp\/v2\/comments?post=8196"}],"version-history":[{"count":2,"href":"https:\/\/www.personare.com.br\/servicos\/wp-json\/wp\/v2\/product\/8196\/revisions"}],"predecessor-version":[{"id":13413,"href":"https:\/\/www.personare.com.br\/servicos\/wp-json\/wp\/v2\/product\/8196\/revisions\/13413"}],"wp:featuredmedia":[{"embeddable":true,"href":"https:\/\/www.personare.com.br\/servicos\/wp-json\/wp\/v2\/media\/12059"}],"wp:attachment":[{"href":"https:\/\/www.personare.com.br\/servicos\/wp-json\/wp\/v2\/media?parent=8196"}],"wp:term":[{"taxonomy":"product_brand","embeddable":true,"href":"https:\/\/www.personare.com.br\/servicos\/wp-json\/wp\/v2\/product_brand?post=8196"},{"taxonomy":"product_cat","embeddable":true,"href":"https:\/\/www.personare.com.br\/servicos\/wp-json\/wp\/v2\/product_cat?post=8196"},{"taxonomy":"product_tag","embeddable":true,"href":"https:\/\/www.personare.com.br\/servicos\/wp-json\/wp\/v2\/product_tag?post=8196"},{"taxonomy":"areas-da-vida","embeddable":true,"href":"https:\/\/www.personare.com.br\/servicos\/wp-json\/wp\/v2\/areas-da-vida?post=8196"},{"taxonomy":"estudos-e-terapias","embeddable":true,"href":"https:\/\/www.personare.com.br\/servicos\/wp-json\/wp\/v2\/estudos-e-terapias?post=8196"},{"taxonomy":"dores-e-objetivos","embeddable":true,"href":"https:\/\/www.personare.com.br\/servicos\/wp-json\/wp\/v2\/dores-e-objetivos?post=8196"}],"curies":[{"name":"wp","href":"https:\/\/api.w.org\/{rel}","templated":true}]}}