{"id":782,"date":"2021-07-07T15:44:17","date_gmt":"2021-07-07T18:44:17","guid":{"rendered":"https:\/\/www.personare.com.br\/servicos\/?post_type=product&#038;p=782"},"modified":"2024-08-22T12:10:29","modified_gmt":"2024-08-22T15:10:29","slug":"sessao-de-thetahealing","status":"publish","type":"product","link":"https:\/\/www.personare.com.br\/servicos\/produto\/sessao-de-thetahealing\/","title":{"rendered":"Sess\u00e3o de Thetahealing\u00ae"},"content":{"rendered":"<p>Pessoas com problemas de relacionamentos (afetivos, familiares, profissionais);<\/p>\n<p>Pessoas com problemas financeiros e com falta de prosperidade;<\/p>\n<p>Pessoas com problemas relacionados a sa\u00fade (doen\u00e7as, quest\u00f5es com peso, intoler\u00e2ncias e alergias, ins\u00f4nia, falta de disposi\u00e7\u00e3o, etc);<\/p>\n<p>Pessoas com ansiedades, medos, traumas ou fobias;<\/p>\n<p>Pessoas que precisam realizar div\u00f3rcio energ\u00e9tico com pessoas ou empresas;<\/p>\n<p>Pessoas que est\u00e3o precisando de limpeza energ\u00e9tico ou harmoniza\u00e7\u00e3o da casa ou local de trabalho;<\/p>\n<p>Pessoas com assuntos pendentes sobre perd\u00e3o, m\u00e1goas, ressentimentos ou culpas;<\/p>\n<p>Pessoas com problemas relacionados a comunica\u00e7\u00e3o (medo de falar em p\u00fablico, de gravar v\u00eddeos, medo da exposi\u00e7\u00e3o).<\/p>\n","protected":false},"excerpt":{"rendered":"<p>Falta de prosperidade, problemas de relacionamento e at\u00e9 quest\u00f5es de sa\u00fade podem ter origem em <strong>cren\u00e7as limitantes.<\/strong><\/p>\n<p>Cren\u00e7a \u00e9 tudo aquilo que<strong> acreditamos ser verdade<\/strong>, tudo o que aprendemos desde a inf\u00e2ncia com a fam\u00edlia, com a sociedade e tamb\u00e9m aquilo que<strong> carregamos de gera\u00e7\u00e3o em gera\u00e7\u00e3o, atrav\u00e9s do DNA<\/strong>.\u00a0<\/p>\n<p>O <strong>Thetahealing<\/strong> \u00e9 uma terapia energ\u00e9tica que<strong> atua no nosso sistema de cren\u00e7as<\/strong>, substituindo o padr\u00e3o energ\u00e9tico negativo, consciente ou inconsciente, por frequ\u00eancias positivas.<\/p>\n<p>Experimente uma sess\u00e3o e entenda como, ao <strong>reprogramar suas cren\u00e7as<\/strong>, \u00e9 poss\u00edvel vibrar e atrair novas oportunidades, liberando o fluxo de vida.<\/p>\n","protected":false},"featured_media":12148,"comment_status":"open","ping_status":"closed","template":"","meta":{"_acf_changed":false,"footnotes":""},"product_brand":[],"product_cat":[52],"product_tag":[],"areas-da-vida":[162,163,164,167],"estudos-e-terapias":[126,159],"dores-e-objetivos":[82,83,86,87,88,89,90,92,93,94,96,97,100,101,102,109,115,118,191],"acf":[],"yoast_head":"<!-- This site is optimized with the Yoast SEO plugin v19.6.1 - https:\/\/yoast.com\/wordpress\/plugins\/seo\/ -->\n<title>Sess\u00e3o de Thetahealing\u00ae - Personare Servi\u00e7os<\/title>\n<meta name=\"description\" content=\"O Thetahealing \u00e9 uma terapia energ\u00e9tica que atua no nosso sistema de cren\u00e7as, substituindo o padr\u00e3o energ\u00e9tico negativo, consciente ou inconsciente, por frequ\u00eancias positivas. Experimente uma sess\u00e3o e entenda como, ao reprogramar suas cren\u00e7as, \u00e9 poss\u00edvel vibrar e atrair novas oportunidades, liberando o fluxo de vida.\" \/>\n<meta name=\"robots\" content=\"index, follow, max-snippet:-1, max-image-preview:large, max-video-preview:-1\" \/>\n<link rel=\"canonical\" href=\"https:\/\/www.personare.com.br\/servicos\/produto\/sessao-de-thetahealing\/\" \/>\n<meta property=\"og:locale\" content=\"pt_BR\" \/>\n<meta property=\"og:type\" content=\"article\" \/>\n<meta property=\"og:title\" content=\"Sess\u00e3o de Thetahealing\u00ae - Personare Servi\u00e7os\" \/>\n<meta property=\"og:description\" content=\"O Thetahealing \u00e9 uma terapia energ\u00e9tica que atua no nosso sistema de cren\u00e7as, substituindo o padr\u00e3o energ\u00e9tico negativo, consciente ou inconsciente, por frequ\u00eancias positivas. Experimente uma sess\u00e3o e entenda como, ao reprogramar suas cren\u00e7as, \u00e9 poss\u00edvel vibrar e atrair novas oportunidades, liberando o fluxo de vida.\" \/>\n<meta property=\"og:url\" content=\"https:\/\/www.personare.com.br\/servicos\/produto\/sessao-de-thetahealing\/\" \/>\n<meta property=\"og:site_name\" content=\"Personare Servi\u00e7os\" \/>\n<meta property=\"article:modified_time\" content=\"2024-08-22T15:10:29+00:00\" \/>\n<meta property=\"og:image\" content=\"https:\/\/d2t4cfkrxg4dhd.cloudfront.net\/app\/uploads\/2023\/02\/foto-098-1-scaled-e1624388163546.jpg\" \/>\n\t<meta property=\"og:image:width\" content=\"1600\" \/>\n\t<meta property=\"og:image:height\" content=\"1580\" \/>\n\t<meta property=\"og:image:type\" content=\"image\/jpeg\" \/>\n<meta name=\"twitter:card\" content=\"summary_large_image\" \/>\n<meta name=\"twitter:label1\" content=\"Est. tempo de leitura\" \/>\n\t<meta name=\"twitter:data1\" content=\"1 minuto\" \/>\n<script type=\"application\/ld+json\" class=\"yoast-schema-graph\">{\"@context\":\"https:\/\/schema.org\",\"@graph\":[{\"@type\":\"WebPage\",\"@id\":\"https:\/\/www.personare.com.br\/servicos\/produto\/sessao-de-thetahealing\/\",\"url\":\"https:\/\/www.personare.com.br\/servicos\/produto\/sessao-de-thetahealing\/\",\"name\":\"Sess\u00e3o de Thetahealing\u00ae - Personare Servi\u00e7os\",\"isPartOf\":{\"@id\":\"https:\/\/www.personare.com.br\/servicos\/#website\"},\"datePublished\":\"2021-07-07T18:44:17+00:00\",\"dateModified\":\"2024-08-22T15:10:29+00:00\",\"description\":\"O Thetahealing \u00e9 uma terapia energ\u00e9tica que atua no nosso sistema de cren\u00e7as, substituindo o padr\u00e3o energ\u00e9tico negativo, consciente ou inconsciente, por frequ\u00eancias positivas. Experimente uma sess\u00e3o e entenda como, ao reprogramar suas cren\u00e7as, \u00e9 poss\u00edvel vibrar e atrair novas oportunidades, liberando o fluxo de vida.\",\"breadcrumb\":{\"@id\":\"https:\/\/www.personare.com.br\/servicos\/produto\/sessao-de-thetahealing\/#breadcrumb\"},\"inLanguage\":\"pt-BR\",\"potentialAction\":[{\"@type\":\"ReadAction\",\"target\":[\"https:\/\/www.personare.com.br\/servicos\/produto\/sessao-de-thetahealing\/\"]}]},{\"@type\":\"BreadcrumbList\",\"@id\":\"https:\/\/www.personare.com.br\/servicos\/produto\/sessao-de-thetahealing\/#breadcrumb\",\"itemListElement\":[{\"@type\":\"ListItem\",\"position\":1,\"name\":\"In\u00edcio\",\"item\":\"https:\/\/www.personare.com.br\/servicos\/\"},{\"@type\":\"ListItem\",\"position\":2,\"name\":\"Loja\",\"item\":\"https:\/\/www.personare.com.br\/servicos\/busca\/\"},{\"@type\":\"ListItem\",\"position\":3,\"name\":\"Sess\u00e3o de Thetahealing\u00ae\"}]},{\"@type\":\"WebSite\",\"@id\":\"https:\/\/www.personare.com.br\/servicos\/#website\",\"url\":\"https:\/\/www.personare.com.br\/servicos\/\",\"name\":\"Personare Servi\u00e7os\",\"description\":\"Agende Consultas e Terapias Online no Personare\",\"publisher\":{\"@id\":\"https:\/\/www.personare.com.br\/servicos\/#organization\"},\"potentialAction\":[{\"@type\":\"SearchAction\",\"target\":{\"@type\":\"EntryPoint\",\"urlTemplate\":\"https:\/\/www.personare.com.br\/servicos\/?s={search_term_string}\"},\"query-input\":\"required name=search_term_string\"}],\"inLanguage\":\"pt-BR\"},{\"@type\":\"Organization\",\"@id\":\"https:\/\/www.personare.com.br\/servicos\/#organization\",\"name\":\"Personare\",\"url\":\"https:\/\/www.personare.com.br\/servicos\/\",\"sameAs\":[],\"logo\":{\"@type\":\"ImageObject\",\"inLanguage\":\"pt-BR\",\"@id\":\"https:\/\/www.personare.com.br\/servicos\/#\/schema\/logo\/image\/\",\"url\":\"https:\/\/d2t4cfkrxg4dhd.cloudfront.net\/app\/uploads\/2021\/04\/70295ca5d3b1be44570b5e6d0854fa942edb2ab6.png\",\"contentUrl\":\"https:\/\/d2t4cfkrxg4dhd.cloudfront.net\/app\/uploads\/2021\/04\/70295ca5d3b1be44570b5e6d0854fa942edb2ab6.png\",\"width\":650,\"height\":554,\"caption\":\"Personare\"},\"image\":{\"@id\":\"https:\/\/www.personare.com.br\/servicos\/#\/schema\/logo\/image\/\"}}]}<\/script>\n<!-- \/ Yoast SEO plugin. -->","yoast_head_json":{"title":"Sess\u00e3o de Thetahealing\u00ae - Personare Servi\u00e7os","description":"O Thetahealing \u00e9 uma terapia energ\u00e9tica que atua no nosso sistema de cren\u00e7as, substituindo o padr\u00e3o energ\u00e9tico negativo, consciente ou inconsciente, por frequ\u00eancias positivas. Experimente uma sess\u00e3o e entenda como, ao reprogramar suas cren\u00e7as, \u00e9 poss\u00edvel vibrar e atrair novas oportunidades, liberando o fluxo de vida.","robots":{"index":"index","follow":"follow","max-snippet":"max-snippet:-1","max-image-preview":"max-image-preview:large","max-video-preview":"max-video-preview:-1"},"canonical":"https:\/\/www.personare.com.br\/servicos\/produto\/sessao-de-thetahealing\/","og_locale":"pt_BR","og_type":"article","og_title":"Sess\u00e3o de Thetahealing\u00ae - Personare Servi\u00e7os","og_description":"O Thetahealing \u00e9 uma terapia energ\u00e9tica que atua no nosso sistema de cren\u00e7as, substituindo o padr\u00e3o energ\u00e9tico negativo, consciente ou inconsciente, por frequ\u00eancias positivas. Experimente uma sess\u00e3o e entenda como, ao reprogramar suas cren\u00e7as, \u00e9 poss\u00edvel vibrar e atrair novas oportunidades, liberando o fluxo de vida.","og_url":"https:\/\/www.personare.com.br\/servicos\/produto\/sessao-de-thetahealing\/","og_site_name":"Personare Servi\u00e7os","article_modified_time":"2024-08-22T15:10:29+00:00","og_image":[{"width":1600,"height":1580,"url":"https:\/\/d2t4cfkrxg4dhd.cloudfront.net\/app\/uploads\/2023\/02\/foto-098-1-scaled-e1624388163546.jpg","type":"image\/jpeg"}],"twitter_card":"summary_large_image","twitter_misc":{"Est. tempo de leitura":"1 minuto"},"schema":{"@context":"https:\/\/schema.org","@graph":[{"@type":"WebPage","@id":"https:\/\/www.personare.com.br\/servicos\/produto\/sessao-de-thetahealing\/","url":"https:\/\/www.personare.com.br\/servicos\/produto\/sessao-de-thetahealing\/","name":"Sess\u00e3o de Thetahealing\u00ae - Personare Servi\u00e7os","isPartOf":{"@id":"https:\/\/www.personare.com.br\/servicos\/#website"},"datePublished":"2021-07-07T18:44:17+00:00","dateModified":"2024-08-22T15:10:29+00:00","description":"O Thetahealing \u00e9 uma terapia energ\u00e9tica que atua no nosso sistema de cren\u00e7as, substituindo o padr\u00e3o energ\u00e9tico negativo, consciente ou inconsciente, por frequ\u00eancias positivas. Experimente uma sess\u00e3o e entenda como, ao reprogramar suas cren\u00e7as, \u00e9 poss\u00edvel vibrar e atrair novas oportunidades, liberando o fluxo de vida.","breadcrumb":{"@id":"https:\/\/www.personare.com.br\/servicos\/produto\/sessao-de-thetahealing\/#breadcrumb"},"inLanguage":"pt-BR","potentialAction":[{"@type":"ReadAction","target":["https:\/\/www.personare.com.br\/servicos\/produto\/sessao-de-thetahealing\/"]}]},{"@type":"BreadcrumbList","@id":"https:\/\/www.personare.com.br\/servicos\/produto\/sessao-de-thetahealing\/#breadcrumb","itemListElement":[{"@type":"ListItem","position":1,"name":"In\u00edcio","item":"https:\/\/www.personare.com.br\/servicos\/"},{"@type":"ListItem","position":2,"name":"Loja","item":"https:\/\/www.personare.com.br\/servicos\/busca\/"},{"@type":"ListItem","position":3,"name":"Sess\u00e3o de Thetahealing\u00ae"}]},{"@type":"WebSite","@id":"https:\/\/www.personare.com.br\/servicos\/#website","url":"https:\/\/www.personare.com.br\/servicos\/","name":"Personare Servi\u00e7os","description":"Agende Consultas e Terapias Online no Personare","publisher":{"@id":"https:\/\/www.personare.com.br\/servicos\/#organization"},"potentialAction":[{"@type":"SearchAction","target":{"@type":"EntryPoint","urlTemplate":"https:\/\/www.personare.com.br\/servicos\/?s={search_term_string}"},"query-input":"required name=search_term_string"}],"inLanguage":"pt-BR"},{"@type":"Organization","@id":"https:\/\/www.personare.com.br\/servicos\/#organization","name":"Personare","url":"https:\/\/www.personare.com.br\/servicos\/","sameAs":[],"logo":{"@type":"ImageObject","inLanguage":"pt-BR","@id":"https:\/\/www.personare.com.br\/servicos\/#\/schema\/logo\/image\/","url":"https:\/\/d2t4cfkrxg4dhd.cloudfront.net\/app\/uploads\/2021\/04\/70295ca5d3b1be44570b5e6d0854fa942edb2ab6.png","contentUrl":"https:\/\/d2t4cfkrxg4dhd.cloudfront.net\/app\/uploads\/2021\/04\/70295ca5d3b1be44570b5e6d0854fa942edb2ab6.png","width":650,"height":554,"caption":"Personare"},"image":{"@id":"https:\/\/www.personare.com.br\/servicos\/#\/schema\/logo\/image\/"}}]}},"_links":{"self":[{"href":"https:\/\/www.personare.com.br\/servicos\/wp-json\/wp\/v2\/product\/782"}],"collection":[{"href":"https:\/\/www.personare.com.br\/servicos\/wp-json\/wp\/v2\/product"}],"about":[{"href":"https:\/\/www.personare.com.br\/servicos\/wp-json\/wp\/v2\/types\/product"}],"replies":[{"embeddable":true,"href":"https:\/\/www.personare.com.br\/servicos\/wp-json\/wp\/v2\/comments?post=782"}],"version-history":[{"count":5,"href":"https:\/\/www.personare.com.br\/servicos\/wp-json\/wp\/v2\/product\/782\/revisions"}],"predecessor-version":[{"id":13779,"href":"https:\/\/www.personare.com.br\/servicos\/wp-json\/wp\/v2\/product\/782\/revisions\/13779"}],"wp:featuredmedia":[{"embeddable":true,"href":"https:\/\/www.personare.com.br\/servicos\/wp-json\/wp\/v2\/media\/12148"}],"wp:attachment":[{"href":"https:\/\/www.personare.com.br\/servicos\/wp-json\/wp\/v2\/media?parent=782"}],"wp:term":[{"taxonomy":"product_brand","embeddable":true,"href":"https:\/\/www.personare.com.br\/servicos\/wp-json\/wp\/v2\/product_brand?post=782"},{"taxonomy":"product_cat","embeddable":true,"href":"https:\/\/www.personare.com.br\/servicos\/wp-json\/wp\/v2\/product_cat?post=782"},{"taxonomy":"product_tag","embeddable":true,"href":"https:\/\/www.personare.com.br\/servicos\/wp-json\/wp\/v2\/product_tag?post=782"},{"taxonomy":"areas-da-vida","embeddable":true,"href":"https:\/\/www.personare.com.br\/servicos\/wp-json\/wp\/v2\/areas-da-vida?post=782"},{"taxonomy":"estudos-e-terapias","embeddable":true,"href":"https:\/\/www.personare.com.br\/servicos\/wp-json\/wp\/v2\/estudos-e-terapias?post=782"},{"taxonomy":"dores-e-objetivos","embeddable":true,"href":"https:\/\/www.personare.com.br\/servicos\/wp-json\/wp\/v2\/dores-e-objetivos?post=782"}],"curies":[{"name":"wp","href":"https:\/\/api.w.org\/{rel}","templated":true}]}}