{"id":6577,"date":"2023-04-28T14:32:00","date_gmt":"2023-04-28T17:32:00","guid":{"rendered":"https:\/\/www.personare.com.br\/servicos\/?post_type=product&#038;p=6577"},"modified":"2026-02-20T18:39:23","modified_gmt":"2026-02-20T21:39:23","slug":"consultoria-astrologica-da-consciencia","status":"publish","type":"product","link":"https:\/\/www.personare.com.br\/servicos\/produto\/consultoria-astrologica-da-consciencia\/","title":{"rendered":"Consultoria Astrol\u00f3gica da Consci\u00eancia"},"content":{"rendered":"<p dir=\"ltr\" role=\"presentation\">Jovens e adultos acima de 15 anos com interesse em Astrologia e no autoconhecimento;<\/p>\n<p dir=\"ltr\" role=\"presentation\">Pessoas que estejam passando por desafios e que desejam ter mais clareza do momento de suas vidas para ter mais assertividade nas suas decis\u00f5es;<\/p>\n<p dir=\"ltr\" role=\"presentation\">Para quem busca compreender um pouco melhor sobre a sua jornada evolutiva e como esse processo de amadurecimento pode se dar;<\/p>\n<p dir=\"ltr\" role=\"presentation\">Pessoas que desejam um aconselhamento pessoal a partir da Astrologia Evolutiva.<\/p>\n","protected":false},"excerpt":{"rendered":"<p dir=\"ltr\">A Consultoria Astrol\u00f3gica da Consci\u00eancia envolve a an\u00e1lise do Mapa Natal em s\u00edntese com os tr\u00e2nsitos e o meio do c\u00e9u evolutivo de Dom Neroman. A astr\u00f3loga Fernanda Miguez interpreta sua jornada evolutiva, analisando os aspectos que perpassam seu mapa ao longo do seu tempo de vida.<\/p>\n<p dir=\"ltr\">Pense que seu Mapa Natal \u00e9 um convite irrecus\u00e1vel para conhecer suas qualidades e desafios. A consultoria Astrol\u00f3gica da Consci\u00eancia tem como objetivo trazer clareza sobre sua jornada de vida, ressaltando a pot\u00eancia da sua pr\u00f3pria natureza. Ter esse conhecimento traz mais consci\u00eancia sobre os recursos que voc\u00ea pode utilizar diante de desafios e das in\u00fameras oportunidades de melhora para a sua evolu\u00e7\u00e3o.<\/p>\n<p dir=\"ltr\">Na Astrologia Evolutiva s\u00e3o interpretadas possibilidades de evolu\u00e7\u00e3o nos n\u00edveis f\u00edsico, mental e espiritual, revelando caminhos para seu autodesenvolvimento. A astr\u00f3loga utiliza a Geometria Sagrada na leitura, mostrando como os \u00e2ngulos formados entre os planetas refletem no Mapa aspectos internos e espec\u00edficos de sua natureza. Na consultoria voc\u00ea entende como usar tais aspectos a seu favor ao longo da vida.<\/p>\n","protected":false},"featured_media":12042,"comment_status":"open","ping_status":"closed","template":"","meta":{"_acf_changed":false,"footnotes":""},"product_brand":[],"product_cat":[52],"product_tag":[],"areas-da-vida":[163,170],"estudos-e-terapias":[129],"dores-e-objetivos":[189,105,120],"acf":[],"yoast_head":"<!-- This site is optimized with the Yoast SEO plugin v19.6.1 - https:\/\/yoast.com\/wordpress\/plugins\/seo\/ -->\n<title>Consultoria Astrol\u00f3gica da Consci\u00eancia - Personare Servi\u00e7os<\/title>\n<meta name=\"robots\" content=\"index, follow, max-snippet:-1, max-image-preview:large, max-video-preview:-1\" \/>\n<link rel=\"canonical\" href=\"https:\/\/www.personare.com.br\/servicos\/produto\/consultoria-astrologica-da-consciencia\/\" \/>\n<meta property=\"og:locale\" content=\"pt_BR\" \/>\n<meta property=\"og:type\" content=\"article\" \/>\n<meta property=\"og:title\" content=\"Consultoria Astrol\u00f3gica da Consci\u00eancia - Personare Servi\u00e7os\" \/>\n<meta property=\"og:description\" content=\"A Consultoria Astrol\u00f3gica da Consci\u00eancia envolve a an\u00e1lise do Mapa Natal em s\u00edntese com os tr\u00e2nsitos e o meio do c\u00e9u evolutivo de Dom Neroman. A astr\u00f3loga Fernanda Miguez interpreta sua jornada evolutiva, analisando os aspectos que perpassam seu mapa ao longo do seu tempo de vida. Pense que seu Mapa Natal \u00e9 um convite irrecus\u00e1vel para conhecer suas qualidades e desafios. A consultoria Astrol\u00f3gica da Consci\u00eancia tem como objetivo trazer clareza sobre sua jornada de vida, ressaltando a pot\u00eancia da sua pr\u00f3pria natureza. Ter esse conhecimento traz mais consci\u00eancia sobre os recursos que voc\u00ea pode utilizar diante de desafios e das in\u00fameras oportunidades de melhora para a sua evolu\u00e7\u00e3o. Na Astrologia Evolutiva s\u00e3o interpretadas possibilidades de evolu\u00e7\u00e3o nos n\u00edveis f\u00edsico, mental e espiritual, revelando caminhos para seu autodesenvolvimento. A astr\u00f3loga utiliza a Geometria Sagrada na leitura, mostrando como os \u00e2ngulos formados entre os planetas refletem no Mapa aspectos internos e espec\u00edficos de sua natureza. Na consultoria voc\u00ea entende como usar tais aspectos a seu favor ao longo da vida.\" \/>\n<meta property=\"og:url\" content=\"https:\/\/www.personare.com.br\/servicos\/produto\/consultoria-astrologica-da-consciencia\/\" \/>\n<meta property=\"og:site_name\" content=\"Personare Servi\u00e7os\" \/>\n<meta property=\"article:modified_time\" content=\"2026-02-20T21:39:23+00:00\" \/>\n<meta property=\"og:image\" content=\"https:\/\/d2t4cfkrxg4dhd.cloudfront.net\/app\/uploads\/2023\/04\/fernanda-miguez-1.jpg\" \/>\n\t<meta property=\"og:image:width\" content=\"600\" \/>\n\t<meta property=\"og:image:height\" content=\"400\" \/>\n\t<meta property=\"og:image:type\" content=\"image\/jpeg\" \/>\n<meta name=\"twitter:card\" content=\"summary_large_image\" \/>\n<meta name=\"twitter:label1\" content=\"Est. tempo de leitura\" \/>\n\t<meta name=\"twitter:data1\" content=\"1 minuto\" \/>\n<script type=\"application\/ld+json\" class=\"yoast-schema-graph\">{\"@context\":\"https:\/\/schema.org\",\"@graph\":[{\"@type\":\"WebPage\",\"@id\":\"https:\/\/www.personare.com.br\/servicos\/produto\/consultoria-astrologica-da-consciencia\/\",\"url\":\"https:\/\/www.personare.com.br\/servicos\/produto\/consultoria-astrologica-da-consciencia\/\",\"name\":\"Consultoria Astrol\u00f3gica da Consci\u00eancia - Personare Servi\u00e7os\",\"isPartOf\":{\"@id\":\"https:\/\/www.personare.com.br\/servicos\/#website\"},\"datePublished\":\"2023-04-28T17:32:00+00:00\",\"dateModified\":\"2026-02-20T21:39:23+00:00\",\"breadcrumb\":{\"@id\":\"https:\/\/www.personare.com.br\/servicos\/produto\/consultoria-astrologica-da-consciencia\/#breadcrumb\"},\"inLanguage\":\"pt-BR\",\"potentialAction\":[{\"@type\":\"ReadAction\",\"target\":[\"https:\/\/www.personare.com.br\/servicos\/produto\/consultoria-astrologica-da-consciencia\/\"]}]},{\"@type\":\"BreadcrumbList\",\"@id\":\"https:\/\/www.personare.com.br\/servicos\/produto\/consultoria-astrologica-da-consciencia\/#breadcrumb\",\"itemListElement\":[{\"@type\":\"ListItem\",\"position\":1,\"name\":\"In\u00edcio\",\"item\":\"https:\/\/www.personare.com.br\/servicos\/\"},{\"@type\":\"ListItem\",\"position\":2,\"name\":\"Loja\",\"item\":\"https:\/\/www.personare.com.br\/servicos\/busca\/\"},{\"@type\":\"ListItem\",\"position\":3,\"name\":\"Consultoria Astrol\u00f3gica da Consci\u00eancia\"}]},{\"@type\":\"WebSite\",\"@id\":\"https:\/\/www.personare.com.br\/servicos\/#website\",\"url\":\"https:\/\/www.personare.com.br\/servicos\/\",\"name\":\"Personare Servi\u00e7os\",\"description\":\"Agende Consultas e Terapias Online no Personare\",\"publisher\":{\"@id\":\"https:\/\/www.personare.com.br\/servicos\/#organization\"},\"potentialAction\":[{\"@type\":\"SearchAction\",\"target\":{\"@type\":\"EntryPoint\",\"urlTemplate\":\"https:\/\/www.personare.com.br\/servicos\/?s={search_term_string}\"},\"query-input\":\"required name=search_term_string\"}],\"inLanguage\":\"pt-BR\"},{\"@type\":\"Organization\",\"@id\":\"https:\/\/www.personare.com.br\/servicos\/#organization\",\"name\":\"Personare\",\"url\":\"https:\/\/www.personare.com.br\/servicos\/\",\"sameAs\":[],\"logo\":{\"@type\":\"ImageObject\",\"inLanguage\":\"pt-BR\",\"@id\":\"https:\/\/www.personare.com.br\/servicos\/#\/schema\/logo\/image\/\",\"url\":\"https:\/\/d2t4cfkrxg4dhd.cloudfront.net\/app\/uploads\/2021\/04\/70295ca5d3b1be44570b5e6d0854fa942edb2ab6.png\",\"contentUrl\":\"https:\/\/d2t4cfkrxg4dhd.cloudfront.net\/app\/uploads\/2021\/04\/70295ca5d3b1be44570b5e6d0854fa942edb2ab6.png\",\"width\":650,\"height\":554,\"caption\":\"Personare\"},\"image\":{\"@id\":\"https:\/\/www.personare.com.br\/servicos\/#\/schema\/logo\/image\/\"}}]}<\/script>\n<!-- \/ Yoast SEO plugin. -->","yoast_head_json":{"title":"Consultoria Astrol\u00f3gica da Consci\u00eancia - Personare Servi\u00e7os","robots":{"index":"index","follow":"follow","max-snippet":"max-snippet:-1","max-image-preview":"max-image-preview:large","max-video-preview":"max-video-preview:-1"},"canonical":"https:\/\/www.personare.com.br\/servicos\/produto\/consultoria-astrologica-da-consciencia\/","og_locale":"pt_BR","og_type":"article","og_title":"Consultoria Astrol\u00f3gica da Consci\u00eancia - Personare Servi\u00e7os","og_description":"A Consultoria Astrol\u00f3gica da Consci\u00eancia envolve a an\u00e1lise do Mapa Natal em s\u00edntese com os tr\u00e2nsitos e o meio do c\u00e9u evolutivo de Dom Neroman. A astr\u00f3loga Fernanda Miguez interpreta sua jornada evolutiva, analisando os aspectos que perpassam seu mapa ao longo do seu tempo de vida. Pense que seu Mapa Natal \u00e9 um convite irrecus\u00e1vel para conhecer suas qualidades e desafios. A consultoria Astrol\u00f3gica da Consci\u00eancia tem como objetivo trazer clareza sobre sua jornada de vida, ressaltando a pot\u00eancia da sua pr\u00f3pria natureza. Ter esse conhecimento traz mais consci\u00eancia sobre os recursos que voc\u00ea pode utilizar diante de desafios e das in\u00fameras oportunidades de melhora para a sua evolu\u00e7\u00e3o. Na Astrologia Evolutiva s\u00e3o interpretadas possibilidades de evolu\u00e7\u00e3o nos n\u00edveis f\u00edsico, mental e espiritual, revelando caminhos para seu autodesenvolvimento. A astr\u00f3loga utiliza a Geometria Sagrada na leitura, mostrando como os \u00e2ngulos formados entre os planetas refletem no Mapa aspectos internos e espec\u00edficos de sua natureza. Na consultoria voc\u00ea entende como usar tais aspectos a seu favor ao longo da vida.","og_url":"https:\/\/www.personare.com.br\/servicos\/produto\/consultoria-astrologica-da-consciencia\/","og_site_name":"Personare Servi\u00e7os","article_modified_time":"2026-02-20T21:39:23+00:00","og_image":[{"width":600,"height":400,"url":"https:\/\/d2t4cfkrxg4dhd.cloudfront.net\/app\/uploads\/2023\/04\/fernanda-miguez-1.jpg","type":"image\/jpeg"}],"twitter_card":"summary_large_image","twitter_misc":{"Est. tempo de leitura":"1 minuto"},"schema":{"@context":"https:\/\/schema.org","@graph":[{"@type":"WebPage","@id":"https:\/\/www.personare.com.br\/servicos\/produto\/consultoria-astrologica-da-consciencia\/","url":"https:\/\/www.personare.com.br\/servicos\/produto\/consultoria-astrologica-da-consciencia\/","name":"Consultoria Astrol\u00f3gica da Consci\u00eancia - Personare Servi\u00e7os","isPartOf":{"@id":"https:\/\/www.personare.com.br\/servicos\/#website"},"datePublished":"2023-04-28T17:32:00+00:00","dateModified":"2026-02-20T21:39:23+00:00","breadcrumb":{"@id":"https:\/\/www.personare.com.br\/servicos\/produto\/consultoria-astrologica-da-consciencia\/#breadcrumb"},"inLanguage":"pt-BR","potentialAction":[{"@type":"ReadAction","target":["https:\/\/www.personare.com.br\/servicos\/produto\/consultoria-astrologica-da-consciencia\/"]}]},{"@type":"BreadcrumbList","@id":"https:\/\/www.personare.com.br\/servicos\/produto\/consultoria-astrologica-da-consciencia\/#breadcrumb","itemListElement":[{"@type":"ListItem","position":1,"name":"In\u00edcio","item":"https:\/\/www.personare.com.br\/servicos\/"},{"@type":"ListItem","position":2,"name":"Loja","item":"https:\/\/www.personare.com.br\/servicos\/busca\/"},{"@type":"ListItem","position":3,"name":"Consultoria Astrol\u00f3gica da Consci\u00eancia"}]},{"@type":"WebSite","@id":"https:\/\/www.personare.com.br\/servicos\/#website","url":"https:\/\/www.personare.com.br\/servicos\/","name":"Personare Servi\u00e7os","description":"Agende Consultas e Terapias Online no Personare","publisher":{"@id":"https:\/\/www.personare.com.br\/servicos\/#organization"},"potentialAction":[{"@type":"SearchAction","target":{"@type":"EntryPoint","urlTemplate":"https:\/\/www.personare.com.br\/servicos\/?s={search_term_string}"},"query-input":"required name=search_term_string"}],"inLanguage":"pt-BR"},{"@type":"Organization","@id":"https:\/\/www.personare.com.br\/servicos\/#organization","name":"Personare","url":"https:\/\/www.personare.com.br\/servicos\/","sameAs":[],"logo":{"@type":"ImageObject","inLanguage":"pt-BR","@id":"https:\/\/www.personare.com.br\/servicos\/#\/schema\/logo\/image\/","url":"https:\/\/d2t4cfkrxg4dhd.cloudfront.net\/app\/uploads\/2021\/04\/70295ca5d3b1be44570b5e6d0854fa942edb2ab6.png","contentUrl":"https:\/\/d2t4cfkrxg4dhd.cloudfront.net\/app\/uploads\/2021\/04\/70295ca5d3b1be44570b5e6d0854fa942edb2ab6.png","width":650,"height":554,"caption":"Personare"},"image":{"@id":"https:\/\/www.personare.com.br\/servicos\/#\/schema\/logo\/image\/"}}]}},"_links":{"self":[{"href":"https:\/\/www.personare.com.br\/servicos\/wp-json\/wp\/v2\/product\/6577"}],"collection":[{"href":"https:\/\/www.personare.com.br\/servicos\/wp-json\/wp\/v2\/product"}],"about":[{"href":"https:\/\/www.personare.com.br\/servicos\/wp-json\/wp\/v2\/types\/product"}],"replies":[{"embeddable":true,"href":"https:\/\/www.personare.com.br\/servicos\/wp-json\/wp\/v2\/comments?post=6577"}],"version-history":[{"count":4,"href":"https:\/\/www.personare.com.br\/servicos\/wp-json\/wp\/v2\/product\/6577\/revisions"}],"predecessor-version":[{"id":13466,"href":"https:\/\/www.personare.com.br\/servicos\/wp-json\/wp\/v2\/product\/6577\/revisions\/13466"}],"wp:featuredmedia":[{"embeddable":true,"href":"https:\/\/www.personare.com.br\/servicos\/wp-json\/wp\/v2\/media\/12042"}],"wp:attachment":[{"href":"https:\/\/www.personare.com.br\/servicos\/wp-json\/wp\/v2\/media?parent=6577"}],"wp:term":[{"taxonomy":"product_brand","embeddable":true,"href":"https:\/\/www.personare.com.br\/servicos\/wp-json\/wp\/v2\/product_brand?post=6577"},{"taxonomy":"product_cat","embeddable":true,"href":"https:\/\/www.personare.com.br\/servicos\/wp-json\/wp\/v2\/product_cat?post=6577"},{"taxonomy":"product_tag","embeddable":true,"href":"https:\/\/www.personare.com.br\/servicos\/wp-json\/wp\/v2\/product_tag?post=6577"},{"taxonomy":"areas-da-vida","embeddable":true,"href":"https:\/\/www.personare.com.br\/servicos\/wp-json\/wp\/v2\/areas-da-vida?post=6577"},{"taxonomy":"estudos-e-terapias","embeddable":true,"href":"https:\/\/www.personare.com.br\/servicos\/wp-json\/wp\/v2\/estudos-e-terapias?post=6577"},{"taxonomy":"dores-e-objetivos","embeddable":true,"href":"https:\/\/www.personare.com.br\/servicos\/wp-json\/wp\/v2\/dores-e-objetivos?post=6577"}],"curies":[{"name":"wp","href":"https:\/\/api.w.org\/{rel}","templated":true}]}}