{"id":6547,"date":"2023-04-26T13:13:17","date_gmt":"2023-04-26T16:13:17","guid":{"rendered":"https:\/\/www.personare.com.br\/servicos\/?post_type=product&#038;p=6547"},"modified":"2024-12-23T17:40:52","modified_gmt":"2024-12-23T20:40:52","slug":"sessao-avulsa-de-psicanalise","status":"publish","type":"product","link":"https:\/\/www.personare.com.br\/servicos\/produto\/sessao-avulsa-de-psicanalise\/","title":{"rendered":"Sess\u00e3o avulsa de Psican\u00e1lise"},"content":{"rendered":"<p>Pessoas com ansiedade, medos, traumas ou fobias;<br \/>Quem est\u00e1 passando por problemas com relacionamentos (afetivos, familiares, profissionais);<br \/>Pessoas insatisfeitas com a vida, com baixa autoestima, que praticam autossabotagem;<br \/>Para quem tem assuntos pendentes sobre perd\u00e3o, m\u00e1goas, ressentimentos ou culpas;<br \/>Pessoas com problemas financeiros e com falta de prosperidade;<br \/>Para quem tem problemas relacionados \u00e0 sa\u00fade (doen\u00e7as, ins\u00f4nia, depress\u00e3o, etc);<br \/>Quem passa por quest\u00f5es relacionadas \u00e0 alimenta\u00e7\u00e3o: compuls\u00e3o alimentar, obesidade, alergias ou intoler\u00e2ncias alimentares, dificuldade no emagrecimento, etc;<br \/>Pessoas que queiram se aprofundar e investir em autoconhecimento.<\/p>\n","protected":false},"excerpt":{"rendered":"<p>Sess\u00e3o exclusiva para pacientes do plano de acompanhamento de Psican\u00e1lise que desejam realizar uma ou mais sess\u00f5es extras.<br \/>Sente que anda muito dif\u00edcil lidar com seus desafios emocionais? O processo de Psican\u00e1lise traz o apoio e acolhimento que voc\u00ea precisa para enfrentar comportamentos ou situa\u00e7\u00f5es dolorosas.<br \/>Ao falar sobre voc\u00ea e sobre o que sente, \u00e9 poss\u00edvel entrar em contato com partes do seu inconsciente que acabam impactando sua forma de agir e com desejos que influenciam suas escolhas.<br \/>No inconsciente ficam armazenados os conte\u00fados emocionais de dif\u00edcil assimila\u00e7\u00e3o, que geram ang\u00fastia e ansiedade, como pensamentos, medos e desejos, que podem se manifestar atrav\u00e9s de sintomas. A sess\u00e3o de Psican\u00e1lise trabalha a confian\u00e7a para lidar com esses sentimentos, e quanto mais confian\u00e7a \u00e9 adquirida, menor a necessidade de recorrer aos sintomas para que eles se manifestem.<\/p>\n","protected":false},"featured_media":12148,"comment_status":"open","ping_status":"closed","template":"","meta":{"_acf_changed":false,"footnotes":""},"product_brand":[],"product_cat":[52],"product_tag":[],"areas-da-vida":[162,163,164,169,171],"estudos-e-terapias":[172,147],"dores-e-objetivos":[81,82,83,84,85,86,87,89,90,92,93,94,95,96,97,98,99,100,101,102,103,104,105,106,107,108,109,110,111,113,114,115,116,117,118,119,120,121],"acf":[],"yoast_head":"<!-- This site is optimized with the Yoast SEO plugin v19.6.1 - https:\/\/yoast.com\/wordpress\/plugins\/seo\/ -->\n<title>Sess\u00e3o avulsa de Psican\u00e1lise - Personare Servi\u00e7os<\/title>\n<meta name=\"description\" content=\"Sente que anda muito dif\u00edcil lidar com seus desafios emocionais? Agende uma sess\u00e3o de psican\u00e1lise com a psicanalista e psicoembri\u00f3loga Monalihsa C\u00e1vallaro\" \/>\n<meta name=\"robots\" content=\"index, follow, max-snippet:-1, max-image-preview:large, max-video-preview:-1\" \/>\n<link rel=\"canonical\" href=\"https:\/\/www.personare.com.br\/servicos\/produto\/sessao-avulsa-de-psicanalise\/\" \/>\n<meta property=\"og:locale\" content=\"pt_BR\" \/>\n<meta property=\"og:type\" content=\"article\" \/>\n<meta property=\"og:title\" content=\"Sess\u00e3o avulsa de Psican\u00e1lise - Personare Servi\u00e7os\" \/>\n<meta property=\"og:description\" content=\"Sente que anda muito dif\u00edcil lidar com seus desafios emocionais? Agende uma sess\u00e3o de psican\u00e1lise com a psicanalista e psicoembri\u00f3loga Monalihsa C\u00e1vallaro\" \/>\n<meta property=\"og:url\" content=\"https:\/\/www.personare.com.br\/servicos\/produto\/sessao-avulsa-de-psicanalise\/\" \/>\n<meta property=\"og:site_name\" content=\"Personare Servi\u00e7os\" \/>\n<meta property=\"article:modified_time\" content=\"2024-12-23T20:40:52+00:00\" \/>\n<meta property=\"og:image\" content=\"https:\/\/d2t4cfkrxg4dhd.cloudfront.net\/app\/uploads\/2023\/02\/foto-098-1-scaled-e1624388163546.jpg\" \/>\n\t<meta property=\"og:image:width\" content=\"1600\" \/>\n\t<meta property=\"og:image:height\" content=\"1580\" \/>\n\t<meta property=\"og:image:type\" content=\"image\/jpeg\" \/>\n<meta name=\"twitter:card\" content=\"summary_large_image\" \/>\n<meta name=\"twitter:label1\" content=\"Est. tempo de leitura\" \/>\n\t<meta name=\"twitter:data1\" content=\"1 minuto\" \/>\n<script type=\"application\/ld+json\" class=\"yoast-schema-graph\">{\"@context\":\"https:\/\/schema.org\",\"@graph\":[{\"@type\":\"WebPage\",\"@id\":\"https:\/\/www.personare.com.br\/servicos\/produto\/sessao-avulsa-de-psicanalise\/\",\"url\":\"https:\/\/www.personare.com.br\/servicos\/produto\/sessao-avulsa-de-psicanalise\/\",\"name\":\"Sess\u00e3o avulsa de Psican\u00e1lise - Personare Servi\u00e7os\",\"isPartOf\":{\"@id\":\"https:\/\/www.personare.com.br\/servicos\/#website\"},\"datePublished\":\"2023-04-26T16:13:17+00:00\",\"dateModified\":\"2024-12-23T20:40:52+00:00\",\"description\":\"Sente que anda muito dif\u00edcil lidar com seus desafios emocionais? Agende uma sess\u00e3o de psican\u00e1lise com a psicanalista e psicoembri\u00f3loga Monalihsa C\u00e1vallaro\",\"breadcrumb\":{\"@id\":\"https:\/\/www.personare.com.br\/servicos\/produto\/sessao-avulsa-de-psicanalise\/#breadcrumb\"},\"inLanguage\":\"pt-BR\",\"potentialAction\":[{\"@type\":\"ReadAction\",\"target\":[\"https:\/\/www.personare.com.br\/servicos\/produto\/sessao-avulsa-de-psicanalise\/\"]}]},{\"@type\":\"BreadcrumbList\",\"@id\":\"https:\/\/www.personare.com.br\/servicos\/produto\/sessao-avulsa-de-psicanalise\/#breadcrumb\",\"itemListElement\":[{\"@type\":\"ListItem\",\"position\":1,\"name\":\"In\u00edcio\",\"item\":\"https:\/\/www.personare.com.br\/servicos\/\"},{\"@type\":\"ListItem\",\"position\":2,\"name\":\"Loja\",\"item\":\"https:\/\/www.personare.com.br\/servicos\/busca\/\"},{\"@type\":\"ListItem\",\"position\":3,\"name\":\"Sess\u00e3o avulsa de Psican\u00e1lise\"}]},{\"@type\":\"WebSite\",\"@id\":\"https:\/\/www.personare.com.br\/servicos\/#website\",\"url\":\"https:\/\/www.personare.com.br\/servicos\/\",\"name\":\"Personare Servi\u00e7os\",\"description\":\"Agende Consultas e Terapias Online no Personare\",\"publisher\":{\"@id\":\"https:\/\/www.personare.com.br\/servicos\/#organization\"},\"potentialAction\":[{\"@type\":\"SearchAction\",\"target\":{\"@type\":\"EntryPoint\",\"urlTemplate\":\"https:\/\/www.personare.com.br\/servicos\/?s={search_term_string}\"},\"query-input\":\"required name=search_term_string\"}],\"inLanguage\":\"pt-BR\"},{\"@type\":\"Organization\",\"@id\":\"https:\/\/www.personare.com.br\/servicos\/#organization\",\"name\":\"Personare\",\"url\":\"https:\/\/www.personare.com.br\/servicos\/\",\"sameAs\":[],\"logo\":{\"@type\":\"ImageObject\",\"inLanguage\":\"pt-BR\",\"@id\":\"https:\/\/www.personare.com.br\/servicos\/#\/schema\/logo\/image\/\",\"url\":\"https:\/\/d2t4cfkrxg4dhd.cloudfront.net\/app\/uploads\/2021\/04\/70295ca5d3b1be44570b5e6d0854fa942edb2ab6.png\",\"contentUrl\":\"https:\/\/d2t4cfkrxg4dhd.cloudfront.net\/app\/uploads\/2021\/04\/70295ca5d3b1be44570b5e6d0854fa942edb2ab6.png\",\"width\":650,\"height\":554,\"caption\":\"Personare\"},\"image\":{\"@id\":\"https:\/\/www.personare.com.br\/servicos\/#\/schema\/logo\/image\/\"}}]}<\/script>\n<!-- \/ Yoast SEO plugin. -->","yoast_head_json":{"title":"Sess\u00e3o avulsa de Psican\u00e1lise - Personare Servi\u00e7os","description":"Sente que anda muito dif\u00edcil lidar com seus desafios emocionais? Agende uma sess\u00e3o de psican\u00e1lise com a psicanalista e psicoembri\u00f3loga Monalihsa C\u00e1vallaro","robots":{"index":"index","follow":"follow","max-snippet":"max-snippet:-1","max-image-preview":"max-image-preview:large","max-video-preview":"max-video-preview:-1"},"canonical":"https:\/\/www.personare.com.br\/servicos\/produto\/sessao-avulsa-de-psicanalise\/","og_locale":"pt_BR","og_type":"article","og_title":"Sess\u00e3o avulsa de Psican\u00e1lise - Personare Servi\u00e7os","og_description":"Sente que anda muito dif\u00edcil lidar com seus desafios emocionais? Agende uma sess\u00e3o de psican\u00e1lise com a psicanalista e psicoembri\u00f3loga Monalihsa C\u00e1vallaro","og_url":"https:\/\/www.personare.com.br\/servicos\/produto\/sessao-avulsa-de-psicanalise\/","og_site_name":"Personare Servi\u00e7os","article_modified_time":"2024-12-23T20:40:52+00:00","og_image":[{"width":1600,"height":1580,"url":"https:\/\/d2t4cfkrxg4dhd.cloudfront.net\/app\/uploads\/2023\/02\/foto-098-1-scaled-e1624388163546.jpg","type":"image\/jpeg"}],"twitter_card":"summary_large_image","twitter_misc":{"Est. tempo de leitura":"1 minuto"},"schema":{"@context":"https:\/\/schema.org","@graph":[{"@type":"WebPage","@id":"https:\/\/www.personare.com.br\/servicos\/produto\/sessao-avulsa-de-psicanalise\/","url":"https:\/\/www.personare.com.br\/servicos\/produto\/sessao-avulsa-de-psicanalise\/","name":"Sess\u00e3o avulsa de Psican\u00e1lise - Personare Servi\u00e7os","isPartOf":{"@id":"https:\/\/www.personare.com.br\/servicos\/#website"},"datePublished":"2023-04-26T16:13:17+00:00","dateModified":"2024-12-23T20:40:52+00:00","description":"Sente que anda muito dif\u00edcil lidar com seus desafios emocionais? Agende uma sess\u00e3o de psican\u00e1lise com a psicanalista e psicoembri\u00f3loga Monalihsa C\u00e1vallaro","breadcrumb":{"@id":"https:\/\/www.personare.com.br\/servicos\/produto\/sessao-avulsa-de-psicanalise\/#breadcrumb"},"inLanguage":"pt-BR","potentialAction":[{"@type":"ReadAction","target":["https:\/\/www.personare.com.br\/servicos\/produto\/sessao-avulsa-de-psicanalise\/"]}]},{"@type":"BreadcrumbList","@id":"https:\/\/www.personare.com.br\/servicos\/produto\/sessao-avulsa-de-psicanalise\/#breadcrumb","itemListElement":[{"@type":"ListItem","position":1,"name":"In\u00edcio","item":"https:\/\/www.personare.com.br\/servicos\/"},{"@type":"ListItem","position":2,"name":"Loja","item":"https:\/\/www.personare.com.br\/servicos\/busca\/"},{"@type":"ListItem","position":3,"name":"Sess\u00e3o avulsa de Psican\u00e1lise"}]},{"@type":"WebSite","@id":"https:\/\/www.personare.com.br\/servicos\/#website","url":"https:\/\/www.personare.com.br\/servicos\/","name":"Personare Servi\u00e7os","description":"Agende Consultas e Terapias Online no Personare","publisher":{"@id":"https:\/\/www.personare.com.br\/servicos\/#organization"},"potentialAction":[{"@type":"SearchAction","target":{"@type":"EntryPoint","urlTemplate":"https:\/\/www.personare.com.br\/servicos\/?s={search_term_string}"},"query-input":"required name=search_term_string"}],"inLanguage":"pt-BR"},{"@type":"Organization","@id":"https:\/\/www.personare.com.br\/servicos\/#organization","name":"Personare","url":"https:\/\/www.personare.com.br\/servicos\/","sameAs":[],"logo":{"@type":"ImageObject","inLanguage":"pt-BR","@id":"https:\/\/www.personare.com.br\/servicos\/#\/schema\/logo\/image\/","url":"https:\/\/d2t4cfkrxg4dhd.cloudfront.net\/app\/uploads\/2021\/04\/70295ca5d3b1be44570b5e6d0854fa942edb2ab6.png","contentUrl":"https:\/\/d2t4cfkrxg4dhd.cloudfront.net\/app\/uploads\/2021\/04\/70295ca5d3b1be44570b5e6d0854fa942edb2ab6.png","width":650,"height":554,"caption":"Personare"},"image":{"@id":"https:\/\/www.personare.com.br\/servicos\/#\/schema\/logo\/image\/"}}]}},"_links":{"self":[{"href":"https:\/\/www.personare.com.br\/servicos\/wp-json\/wp\/v2\/product\/6547"}],"collection":[{"href":"https:\/\/www.personare.com.br\/servicos\/wp-json\/wp\/v2\/product"}],"about":[{"href":"https:\/\/www.personare.com.br\/servicos\/wp-json\/wp\/v2\/types\/product"}],"replies":[{"embeddable":true,"href":"https:\/\/www.personare.com.br\/servicos\/wp-json\/wp\/v2\/comments?post=6547"}],"version-history":[{"count":7,"href":"https:\/\/www.personare.com.br\/servicos\/wp-json\/wp\/v2\/product\/6547\/revisions"}],"predecessor-version":[{"id":20254,"href":"https:\/\/www.personare.com.br\/servicos\/wp-json\/wp\/v2\/product\/6547\/revisions\/20254"}],"wp:featuredmedia":[{"embeddable":true,"href":"https:\/\/www.personare.com.br\/servicos\/wp-json\/wp\/v2\/media\/12148"}],"wp:attachment":[{"href":"https:\/\/www.personare.com.br\/servicos\/wp-json\/wp\/v2\/media?parent=6547"}],"wp:term":[{"taxonomy":"product_brand","embeddable":true,"href":"https:\/\/www.personare.com.br\/servicos\/wp-json\/wp\/v2\/product_brand?post=6547"},{"taxonomy":"product_cat","embeddable":true,"href":"https:\/\/www.personare.com.br\/servicos\/wp-json\/wp\/v2\/product_cat?post=6547"},{"taxonomy":"product_tag","embeddable":true,"href":"https:\/\/www.personare.com.br\/servicos\/wp-json\/wp\/v2\/product_tag?post=6547"},{"taxonomy":"areas-da-vida","embeddable":true,"href":"https:\/\/www.personare.com.br\/servicos\/wp-json\/wp\/v2\/areas-da-vida?post=6547"},{"taxonomy":"estudos-e-terapias","embeddable":true,"href":"https:\/\/www.personare.com.br\/servicos\/wp-json\/wp\/v2\/estudos-e-terapias?post=6547"},{"taxonomy":"dores-e-objetivos","embeddable":true,"href":"https:\/\/www.personare.com.br\/servicos\/wp-json\/wp\/v2\/dores-e-objetivos?post=6547"}],"curies":[{"name":"wp","href":"https:\/\/api.w.org\/{rel}","templated":true}]}}