{"id":6389,"date":"2023-04-12T11:07:48","date_gmt":"2023-04-12T14:07:48","guid":{"rendered":"https:\/\/www.personare.com.br\/servicos\/produto\/corte-de-lacos-karmicos\/"},"modified":"2024-08-22T11:58:47","modified_gmt":"2024-08-22T14:58:47","slug":"corte-de-lacos-karmicos","status":"publish","type":"product","link":"https:\/\/www.personare.com.br\/servicos\/produto\/corte-de-lacos-karmicos\/","title":{"rendered":"Corte de La\u00e7os K\u00e1rmicos"},"content":{"rendered":"<p>Se estiver lutando para encerrar um relacionamento, mas encontrar dificuldades em faz\u00ea-lo, se sentir aprisionado por la\u00e7os emocionais, ou se encontrar preso em um ciclo vicioso, voc\u00ea est\u00e1 no lugar certo. Esta sess\u00e3o \u00e9 um ref\u00fagio para aqueles que desejam romper com rela\u00e7\u00f5es t\u00f3xicas, mas se veem incapazes de dar esse passo crucial.<\/p>\n<p>Se estiver em um relacionamento complicado, onde a conviv\u00eancia \u00e9 dif\u00edcil, mas acreditar que vale a pena lutar por ele, esta \u00e9 uma oportunidade para explorar maneiras de melhorar a rela\u00e7\u00e3o. Da mesma forma, se j\u00e1 finalizou um relacionamento, mas ainda lidar com os la\u00e7os emocionais que o prendem ao passado, esta sess\u00e3o pode ajudar a liberar esses v\u00ednculos.<\/p>\n<p>Al\u00e9m disso, se identificar depend\u00eancia emocional em rela\u00e7\u00e3o a algu\u00e9m, mesmo que seja com seus pais, e buscar por mais autonomia e liberdade, este espa\u00e7o \u00e9 para voc\u00ea. Aqui, encontrar\u00e1 apoio para fortalecer sua independ\u00eancia emocional e reconstruir rela\u00e7\u00f5es saud\u00e1veis.<\/p>\n<p>Se suspeitar que algu\u00e9m est\u00e1 tentando prejudic\u00e1-lo ou influenciar negativamente sua vida, e buscar formas de se proteger energeticamente, esta sess\u00e3o oferece t\u00e9cnicas e orienta\u00e7\u00f5es para blindar seu campo energ\u00e9tico e preservar sua paz interior.<\/p>\n<div class=\"flex-1 overflow-hidden\">\n<div class=\"react-scroll-to-bottom--css-fielc-79elbk h-full\">\n<div class=\"react-scroll-to-bottom--css-fielc-1n7m0yu\">\n<div class=\"flex flex-col text-sm pb-9\">\n<div class=\"w-full text-token-text-primary\" data-testid=\"conversation-turn-5\">\n<div class=\"px-4 py-2 justify-center text-base md:gap-6 m-auto\">\n<div class=\"flex flex-1 text-base mx-auto gap-3 md:px-5 lg:px-1 xl:px-5 md:max-w-3xl lg:max-w-[40rem] xl:max-w-[48rem] group final-completion\">\n<div class=\"relative flex w-full flex-col agent-turn\">\n<div class=\"flex-col gap-1 md:gap-3\">\n<div class=\"flex flex-grow flex-col max-w-full\">\n<div class=\"min-h-[20px] text-message flex flex-col items-start gap-3 whitespace-pre-wrap break-words [.text-message+&amp;]:mt-5 overflow-x-auto\" data-message-author-role=\"assistant\" data-message-id=\"516131a5-b7b3-45e7-bd2a-95517a37fb1e\">\n<div class=\"markdown prose w-full break-words dark:prose-invert light\">\n<p>Por fim, se perceber liga\u00e7\u00f5es de vidas passadas com algu\u00e9m e desejar compreender e liberar esses v\u00ednculos antigos, esta sess\u00e3o \u00e9 um convite para explorar essas conex\u00f5es e renovar sua rela\u00e7\u00e3o com o passado, permitindo que siga em frente com mais leveza e clareza.<\/p>\n<\/div>\n<\/div>\n<\/div>\n<\/div>\n<\/div>\n<\/div>\n<\/div>\n<\/div>\n<\/div>\n<\/div>\n<\/div>\n<\/div>\n","protected":false},"excerpt":{"rendered":"<p>O corte de la\u00e7os k\u00e1rmicos \u00e9 uma medita\u00e7\u00e3o guiada onde voc\u00ea \u00e9 direcionado a um local sagrado e com o aux\u00edlio de tr\u00eas grandes Mestres, \u00e9 poss\u00edvel cortar v\u00ednculos energ\u00e9ticos negativos com alguma pessoa ou situa\u00e7\u00e3o. Se nesta rela\u00e7\u00e3o tamb\u00e9m existem la\u00e7os de amor, estes continuam intactos pois eles s\u00e3o por sua natureza, indestrut\u00edveis.<br \/>\nO objetivo \u00e9 liberar a negatividade que envolve a rela\u00e7\u00e3o ou situa\u00e7\u00e3o e n\u00e3o necessariamente finalizar o relacionamento em si.<br \/>\nO fim propriamente dito acontece mais frequentemente se n\u00e3o h\u00e1 la\u00e7os de amor envolvidos. Quando estes existem, o relacionamento pode renovar, se esta for a vontade das partes envolvidas.<\/p>\n","protected":false},"featured_media":12012,"comment_status":"open","ping_status":"closed","template":"","meta":{"_acf_changed":false,"footnotes":""},"product_brand":[],"product_cat":[52],"product_tag":[],"areas-da-vida":[162,163,169],"estudos-e-terapias":[214,139,147,156,157],"dores-e-objetivos":[83,87,88,90,92,95,102,107,109,113,119,123],"acf":[],"yoast_head":"<!-- This site is optimized with the Yoast SEO plugin v19.6.1 - https:\/\/yoast.com\/wordpress\/plugins\/seo\/ -->\n<title>Corte de La\u00e7os K\u00e1rmicos - Personare Servi\u00e7os<\/title>\n<meta name=\"description\" content=\"Corte de la\u00e7os k\u00e1rmicos para libera\u00e7\u00e3o de v\u00ednculos negativos em qualquer tipo de relacionamento pessoal\" \/>\n<meta name=\"robots\" content=\"index, follow, max-snippet:-1, max-image-preview:large, max-video-preview:-1\" \/>\n<link rel=\"canonical\" href=\"https:\/\/www.personare.com.br\/servicos\/produto\/corte-de-lacos-karmicos\/\" \/>\n<meta property=\"og:locale\" content=\"pt_BR\" \/>\n<meta property=\"og:type\" content=\"article\" \/>\n<meta property=\"og:title\" content=\"Corte de La\u00e7os K\u00e1rmicos - Personare Servi\u00e7os\" \/>\n<meta property=\"og:description\" content=\"Corte de la\u00e7os k\u00e1rmicos para libera\u00e7\u00e3o de v\u00ednculos negativos em qualquer tipo de relacionamento pessoal\" \/>\n<meta property=\"og:url\" content=\"https:\/\/www.personare.com.br\/servicos\/produto\/corte-de-lacos-karmicos\/\" \/>\n<meta property=\"og:site_name\" content=\"Personare Servi\u00e7os\" \/>\n<meta property=\"article:modified_time\" content=\"2024-08-22T14:58:47+00:00\" \/>\n<meta property=\"og:image\" content=\"https:\/\/d2t4cfkrxg4dhd.cloudfront.net\/app\/uploads\/2021\/04\/03.jpg\" \/>\n\t<meta property=\"og:image:width\" content=\"160\" \/>\n\t<meta property=\"og:image:height\" content=\"107\" \/>\n\t<meta property=\"og:image:type\" content=\"image\/jpeg\" \/>\n<meta name=\"twitter:card\" content=\"summary_large_image\" \/>\n<meta name=\"twitter:label1\" content=\"Est. tempo de leitura\" \/>\n\t<meta name=\"twitter:data1\" content=\"1 minuto\" \/>\n<script type=\"application\/ld+json\" class=\"yoast-schema-graph\">{\"@context\":\"https:\/\/schema.org\",\"@graph\":[{\"@type\":\"WebPage\",\"@id\":\"https:\/\/www.personare.com.br\/servicos\/produto\/corte-de-lacos-karmicos\/\",\"url\":\"https:\/\/www.personare.com.br\/servicos\/produto\/corte-de-lacos-karmicos\/\",\"name\":\"Corte de La\u00e7os K\u00e1rmicos - Personare Servi\u00e7os\",\"isPartOf\":{\"@id\":\"https:\/\/www.personare.com.br\/servicos\/#website\"},\"datePublished\":\"2023-04-12T14:07:48+00:00\",\"dateModified\":\"2024-08-22T14:58:47+00:00\",\"description\":\"Corte de la\u00e7os k\u00e1rmicos para libera\u00e7\u00e3o de v\u00ednculos negativos em qualquer tipo de relacionamento pessoal\",\"breadcrumb\":{\"@id\":\"https:\/\/www.personare.com.br\/servicos\/produto\/corte-de-lacos-karmicos\/#breadcrumb\"},\"inLanguage\":\"pt-BR\",\"potentialAction\":[{\"@type\":\"ReadAction\",\"target\":[\"https:\/\/www.personare.com.br\/servicos\/produto\/corte-de-lacos-karmicos\/\"]}]},{\"@type\":\"BreadcrumbList\",\"@id\":\"https:\/\/www.personare.com.br\/servicos\/produto\/corte-de-lacos-karmicos\/#breadcrumb\",\"itemListElement\":[{\"@type\":\"ListItem\",\"position\":1,\"name\":\"In\u00edcio\",\"item\":\"https:\/\/www.personare.com.br\/servicos\/\"},{\"@type\":\"ListItem\",\"position\":2,\"name\":\"Loja\",\"item\":\"https:\/\/www.personare.com.br\/servicos\/busca\/\"},{\"@type\":\"ListItem\",\"position\":3,\"name\":\"Corte de La\u00e7os K\u00e1rmicos\"}]},{\"@type\":\"WebSite\",\"@id\":\"https:\/\/www.personare.com.br\/servicos\/#website\",\"url\":\"https:\/\/www.personare.com.br\/servicos\/\",\"name\":\"Personare Servi\u00e7os\",\"description\":\"Agende Consultas e Terapias Online no Personare\",\"publisher\":{\"@id\":\"https:\/\/www.personare.com.br\/servicos\/#organization\"},\"potentialAction\":[{\"@type\":\"SearchAction\",\"target\":{\"@type\":\"EntryPoint\",\"urlTemplate\":\"https:\/\/www.personare.com.br\/servicos\/?s={search_term_string}\"},\"query-input\":\"required name=search_term_string\"}],\"inLanguage\":\"pt-BR\"},{\"@type\":\"Organization\",\"@id\":\"https:\/\/www.personare.com.br\/servicos\/#organization\",\"name\":\"Personare\",\"url\":\"https:\/\/www.personare.com.br\/servicos\/\",\"sameAs\":[],\"logo\":{\"@type\":\"ImageObject\",\"inLanguage\":\"pt-BR\",\"@id\":\"https:\/\/www.personare.com.br\/servicos\/#\/schema\/logo\/image\/\",\"url\":\"https:\/\/d2t4cfkrxg4dhd.cloudfront.net\/app\/uploads\/2021\/04\/70295ca5d3b1be44570b5e6d0854fa942edb2ab6.png\",\"contentUrl\":\"https:\/\/d2t4cfkrxg4dhd.cloudfront.net\/app\/uploads\/2021\/04\/70295ca5d3b1be44570b5e6d0854fa942edb2ab6.png\",\"width\":650,\"height\":554,\"caption\":\"Personare\"},\"image\":{\"@id\":\"https:\/\/www.personare.com.br\/servicos\/#\/schema\/logo\/image\/\"}}]}<\/script>\n<!-- \/ Yoast SEO plugin. -->","yoast_head_json":{"title":"Corte de La\u00e7os K\u00e1rmicos - Personare Servi\u00e7os","description":"Corte de la\u00e7os k\u00e1rmicos para libera\u00e7\u00e3o de v\u00ednculos negativos em qualquer tipo de relacionamento pessoal","robots":{"index":"index","follow":"follow","max-snippet":"max-snippet:-1","max-image-preview":"max-image-preview:large","max-video-preview":"max-video-preview:-1"},"canonical":"https:\/\/www.personare.com.br\/servicos\/produto\/corte-de-lacos-karmicos\/","og_locale":"pt_BR","og_type":"article","og_title":"Corte de La\u00e7os K\u00e1rmicos - Personare Servi\u00e7os","og_description":"Corte de la\u00e7os k\u00e1rmicos para libera\u00e7\u00e3o de v\u00ednculos negativos em qualquer tipo de relacionamento pessoal","og_url":"https:\/\/www.personare.com.br\/servicos\/produto\/corte-de-lacos-karmicos\/","og_site_name":"Personare Servi\u00e7os","article_modified_time":"2024-08-22T14:58:47+00:00","og_image":[{"width":160,"height":107,"url":"https:\/\/d2t4cfkrxg4dhd.cloudfront.net\/app\/uploads\/2021\/04\/03.jpg","type":"image\/jpeg"}],"twitter_card":"summary_large_image","twitter_misc":{"Est. tempo de leitura":"1 minuto"},"schema":{"@context":"https:\/\/schema.org","@graph":[{"@type":"WebPage","@id":"https:\/\/www.personare.com.br\/servicos\/produto\/corte-de-lacos-karmicos\/","url":"https:\/\/www.personare.com.br\/servicos\/produto\/corte-de-lacos-karmicos\/","name":"Corte de La\u00e7os K\u00e1rmicos - Personare Servi\u00e7os","isPartOf":{"@id":"https:\/\/www.personare.com.br\/servicos\/#website"},"datePublished":"2023-04-12T14:07:48+00:00","dateModified":"2024-08-22T14:58:47+00:00","description":"Corte de la\u00e7os k\u00e1rmicos para libera\u00e7\u00e3o de v\u00ednculos negativos em qualquer tipo de relacionamento pessoal","breadcrumb":{"@id":"https:\/\/www.personare.com.br\/servicos\/produto\/corte-de-lacos-karmicos\/#breadcrumb"},"inLanguage":"pt-BR","potentialAction":[{"@type":"ReadAction","target":["https:\/\/www.personare.com.br\/servicos\/produto\/corte-de-lacos-karmicos\/"]}]},{"@type":"BreadcrumbList","@id":"https:\/\/www.personare.com.br\/servicos\/produto\/corte-de-lacos-karmicos\/#breadcrumb","itemListElement":[{"@type":"ListItem","position":1,"name":"In\u00edcio","item":"https:\/\/www.personare.com.br\/servicos\/"},{"@type":"ListItem","position":2,"name":"Loja","item":"https:\/\/www.personare.com.br\/servicos\/busca\/"},{"@type":"ListItem","position":3,"name":"Corte de La\u00e7os K\u00e1rmicos"}]},{"@type":"WebSite","@id":"https:\/\/www.personare.com.br\/servicos\/#website","url":"https:\/\/www.personare.com.br\/servicos\/","name":"Personare Servi\u00e7os","description":"Agende Consultas e Terapias Online no Personare","publisher":{"@id":"https:\/\/www.personare.com.br\/servicos\/#organization"},"potentialAction":[{"@type":"SearchAction","target":{"@type":"EntryPoint","urlTemplate":"https:\/\/www.personare.com.br\/servicos\/?s={search_term_string}"},"query-input":"required name=search_term_string"}],"inLanguage":"pt-BR"},{"@type":"Organization","@id":"https:\/\/www.personare.com.br\/servicos\/#organization","name":"Personare","url":"https:\/\/www.personare.com.br\/servicos\/","sameAs":[],"logo":{"@type":"ImageObject","inLanguage":"pt-BR","@id":"https:\/\/www.personare.com.br\/servicos\/#\/schema\/logo\/image\/","url":"https:\/\/d2t4cfkrxg4dhd.cloudfront.net\/app\/uploads\/2021\/04\/70295ca5d3b1be44570b5e6d0854fa942edb2ab6.png","contentUrl":"https:\/\/d2t4cfkrxg4dhd.cloudfront.net\/app\/uploads\/2021\/04\/70295ca5d3b1be44570b5e6d0854fa942edb2ab6.png","width":650,"height":554,"caption":"Personare"},"image":{"@id":"https:\/\/www.personare.com.br\/servicos\/#\/schema\/logo\/image\/"}}]}},"_links":{"self":[{"href":"https:\/\/www.personare.com.br\/servicos\/wp-json\/wp\/v2\/product\/6389"}],"collection":[{"href":"https:\/\/www.personare.com.br\/servicos\/wp-json\/wp\/v2\/product"}],"about":[{"href":"https:\/\/www.personare.com.br\/servicos\/wp-json\/wp\/v2\/types\/product"}],"replies":[{"embeddable":true,"href":"https:\/\/www.personare.com.br\/servicos\/wp-json\/wp\/v2\/comments?post=6389"}],"version-history":[{"count":4,"href":"https:\/\/www.personare.com.br\/servicos\/wp-json\/wp\/v2\/product\/6389\/revisions"}],"predecessor-version":[{"id":15541,"href":"https:\/\/www.personare.com.br\/servicos\/wp-json\/wp\/v2\/product\/6389\/revisions\/15541"}],"wp:featuredmedia":[{"embeddable":true,"href":"https:\/\/www.personare.com.br\/servicos\/wp-json\/wp\/v2\/media\/12012"}],"wp:attachment":[{"href":"https:\/\/www.personare.com.br\/servicos\/wp-json\/wp\/v2\/media?parent=6389"}],"wp:term":[{"taxonomy":"product_brand","embeddable":true,"href":"https:\/\/www.personare.com.br\/servicos\/wp-json\/wp\/v2\/product_brand?post=6389"},{"taxonomy":"product_cat","embeddable":true,"href":"https:\/\/www.personare.com.br\/servicos\/wp-json\/wp\/v2\/product_cat?post=6389"},{"taxonomy":"product_tag","embeddable":true,"href":"https:\/\/www.personare.com.br\/servicos\/wp-json\/wp\/v2\/product_tag?post=6389"},{"taxonomy":"areas-da-vida","embeddable":true,"href":"https:\/\/www.personare.com.br\/servicos\/wp-json\/wp\/v2\/areas-da-vida?post=6389"},{"taxonomy":"estudos-e-terapias","embeddable":true,"href":"https:\/\/www.personare.com.br\/servicos\/wp-json\/wp\/v2\/estudos-e-terapias?post=6389"},{"taxonomy":"dores-e-objetivos","embeddable":true,"href":"https:\/\/www.personare.com.br\/servicos\/wp-json\/wp\/v2\/dores-e-objetivos?post=6389"}],"curies":[{"name":"wp","href":"https:\/\/api.w.org\/{rel}","templated":true}]}}