{"id":6371,"date":"2023-04-11T21:04:07","date_gmt":"2023-04-12T00:04:07","guid":{"rendered":"https:\/\/www.personare.com.br\/servicos\/?post_type=product&#038;p=6371"},"modified":"2026-03-13T11:03:09","modified_gmt":"2026-03-13T14:03:09","slug":"ressignifique-dores-emocionais-e-traumas","status":"publish","type":"product","link":"https:\/\/www.personare.com.br\/servicos\/produto\/ressignifique-dores-emocionais-e-traumas\/","title":{"rendered":"Ressignifique dores emocionais e traumas &#8211; Jornada da vida"},"content":{"rendered":"<ul>\n<li>Pessoas que desejam ir al\u00e9m de suas cren\u00e7as limitantes em todas as \u00e1reas da vida.\u00a0<\/li>\n<li>Pessoas que querem investigar a sua crian\u00e7a interior com mais profundidade.\u00a0<\/li>\n<li>Pessoas que querem descobrir qual \u00e9 o &#8221; ponto principal\u201d que limita sua vida feliz e abundante.<\/li>\n<li>Pessoas que passaram por algum trauma ou situa\u00e7\u00e3o desafiadora e n\u00e3o conseguem desapegar das lembran\u00e7as que causam dor e desconforto.<\/li>\n<li>Pessoas que est\u00e3o passando por dificuldades recorrentes em uma \u00e1rea espec\u00edfica da vida<\/li>\n<li>Quem sente seus projetos pessoais ou profissionais travados ou paralisados, sem conseguir o progresso desejado<\/li>\n<li>Pessoas que t\u00eam problemas com autoestima e amor pr\u00f3prio<\/li>\n<\/ul>\n","protected":false},"excerpt":{"rendered":"<p>Muitas vezes nossos problemas do dia a dia s\u00e3o acentuados por significados que damos baseados em nossas dores emocionais, como rejei\u00e7\u00e3o, perdas, traumas e baixa autoestima. Essas feridas emocionais devem ser investigadas e trazidas \u00e0 consci\u00eancia para que sejam\u00a0 reconhecidas, integradas e resignificadas.<\/p>\n<p>Regina Restelli, uma das terapeutas mais reconhecidas no Brasil por seu inovador trabalho de reequil\u00edbrio energ\u00e9tico, desenvolveu um exclusivo acompanhamento terap\u00eautico para aprofundar a auto investiga\u00e7\u00e3o em sua pr\u00f3pria hist\u00f3ria, descobrindo em que ponto acontece a ruptura da confian\u00e7a em sua vida.<\/p>\n<p>A terapeuta realiza um acompanhamento ao longo de 11 sess\u00f5es semanais que funciona como um mergulho suave nas mem\u00f3rias passadas, visando tir\u00e1-las do inconsciente e ressignific\u00e1-las com o olhar adulto. O objetivo do trabalho de reequil\u00edbrio energ\u00e9tico \u00e9 que, ao reorganizar sua hist\u00f3ria, a pessoa consiga se integrar \u00e0s emo\u00e7\u00f5es para fazer novas escolhas &#8211; e reprogramar h\u00e1bitos antigos.<\/p>\n","protected":false},"featured_media":12041,"comment_status":"open","ping_status":"closed","template":"","meta":{"_acf_changed":false,"footnotes":""},"product_brand":[],"product_cat":[75],"product_tag":[],"areas-da-vida":[162,163,169],"estudos-e-terapias":[203,148,155],"dores-e-objetivos":[90,189,207,98,110,191],"acf":[],"yoast_head":"<!-- This site is optimized with the Yoast SEO plugin v19.6.1 - https:\/\/yoast.com\/wordpress\/plugins\/seo\/ -->\n<title>Ressignifique dores emocionais e traumas - Jornada da vida - Personare Servi\u00e7os<\/title>\n<meta name=\"robots\" content=\"index, follow, max-snippet:-1, max-image-preview:large, max-video-preview:-1\" \/>\n<link rel=\"canonical\" href=\"https:\/\/www.personare.com.br\/servicos\/produto\/ressignifique-dores-emocionais-e-traumas\/\" \/>\n<meta property=\"og:locale\" content=\"pt_BR\" \/>\n<meta property=\"og:type\" content=\"article\" \/>\n<meta property=\"og:title\" content=\"Ressignifique dores emocionais e traumas - Jornada da vida - Personare Servi\u00e7os\" \/>\n<meta property=\"og:description\" content=\"Muitas vezes nossos problemas do dia a dia s\u00e3o acentuados por significados que damos baseados em nossas dores emocionais, como rejei\u00e7\u00e3o, perdas, traumas e baixa autoestima. Essas feridas emocionais devem ser investigadas e trazidas \u00e0 consci\u00eancia para que sejam\u00a0 reconhecidas, integradas e resignificadas.Regina Restelli, uma das terapeutas mais reconhecidas no Brasil por seu inovador trabalho de reequil\u00edbrio energ\u00e9tico, desenvolveu um exclusivo acompanhamento terap\u00eautico para aprofundar a auto investiga\u00e7\u00e3o em sua pr\u00f3pria hist\u00f3ria, descobrindo em que ponto acontece a ruptura da confian\u00e7a em sua vida.A terapeuta realiza um acompanhamento ao longo de 11 sess\u00f5es semanais que funciona como um mergulho suave nas mem\u00f3rias passadas, visando tir\u00e1-las do inconsciente e ressignific\u00e1-las com o olhar adulto. O objetivo do trabalho de reequil\u00edbrio energ\u00e9tico \u00e9 que, ao reorganizar sua hist\u00f3ria, a pessoa consiga se integrar \u00e0s emo\u00e7\u00f5es para fazer novas escolhas - e reprogramar h\u00e1bitos antigos.\" \/>\n<meta property=\"og:url\" content=\"https:\/\/www.personare.com.br\/servicos\/produto\/ressignifique-dores-emocionais-e-traumas\/\" \/>\n<meta property=\"og:site_name\" content=\"Personare Servi\u00e7os\" \/>\n<meta property=\"article:modified_time\" content=\"2026-03-13T14:03:09+00:00\" \/>\n<meta property=\"og:image\" content=\"https:\/\/d2t4cfkrxg4dhd.cloudfront.net\/app\/uploads\/2021\/06\/regina-restelli-respira-2-1.jpg\" \/>\n\t<meta property=\"og:image:width\" content=\"1190\" \/>\n\t<meta property=\"og:image:height\" content=\"793\" \/>\n\t<meta property=\"og:image:type\" content=\"image\/jpeg\" \/>\n<meta name=\"twitter:card\" content=\"summary_large_image\" \/>\n<meta name=\"twitter:label1\" content=\"Est. tempo de leitura\" \/>\n\t<meta name=\"twitter:data1\" content=\"1 minuto\" \/>\n<script type=\"application\/ld+json\" class=\"yoast-schema-graph\">{\"@context\":\"https:\/\/schema.org\",\"@graph\":[{\"@type\":\"WebPage\",\"@id\":\"https:\/\/www.personare.com.br\/servicos\/produto\/ressignifique-dores-emocionais-e-traumas\/\",\"url\":\"https:\/\/www.personare.com.br\/servicos\/produto\/ressignifique-dores-emocionais-e-traumas\/\",\"name\":\"Ressignifique dores emocionais e traumas - Jornada da vida - Personare Servi\u00e7os\",\"isPartOf\":{\"@id\":\"https:\/\/www.personare.com.br\/servicos\/#website\"},\"datePublished\":\"2023-04-12T00:04:07+00:00\",\"dateModified\":\"2026-03-13T14:03:09+00:00\",\"breadcrumb\":{\"@id\":\"https:\/\/www.personare.com.br\/servicos\/produto\/ressignifique-dores-emocionais-e-traumas\/#breadcrumb\"},\"inLanguage\":\"pt-BR\",\"potentialAction\":[{\"@type\":\"ReadAction\",\"target\":[\"https:\/\/www.personare.com.br\/servicos\/produto\/ressignifique-dores-emocionais-e-traumas\/\"]}]},{\"@type\":\"BreadcrumbList\",\"@id\":\"https:\/\/www.personare.com.br\/servicos\/produto\/ressignifique-dores-emocionais-e-traumas\/#breadcrumb\",\"itemListElement\":[{\"@type\":\"ListItem\",\"position\":1,\"name\":\"In\u00edcio\",\"item\":\"https:\/\/www.personare.com.br\/servicos\/\"},{\"@type\":\"ListItem\",\"position\":2,\"name\":\"Loja\",\"item\":\"https:\/\/www.personare.com.br\/servicos\/busca\/\"},{\"@type\":\"ListItem\",\"position\":3,\"name\":\"Ressignifique dores emocionais e traumas &#8211; Jornada da vida\"}]},{\"@type\":\"WebSite\",\"@id\":\"https:\/\/www.personare.com.br\/servicos\/#website\",\"url\":\"https:\/\/www.personare.com.br\/servicos\/\",\"name\":\"Personare Servi\u00e7os\",\"description\":\"Agende Consultas e Terapias Online no Personare\",\"publisher\":{\"@id\":\"https:\/\/www.personare.com.br\/servicos\/#organization\"},\"potentialAction\":[{\"@type\":\"SearchAction\",\"target\":{\"@type\":\"EntryPoint\",\"urlTemplate\":\"https:\/\/www.personare.com.br\/servicos\/?s={search_term_string}\"},\"query-input\":\"required name=search_term_string\"}],\"inLanguage\":\"pt-BR\"},{\"@type\":\"Organization\",\"@id\":\"https:\/\/www.personare.com.br\/servicos\/#organization\",\"name\":\"Personare\",\"url\":\"https:\/\/www.personare.com.br\/servicos\/\",\"sameAs\":[],\"logo\":{\"@type\":\"ImageObject\",\"inLanguage\":\"pt-BR\",\"@id\":\"https:\/\/www.personare.com.br\/servicos\/#\/schema\/logo\/image\/\",\"url\":\"https:\/\/d2t4cfkrxg4dhd.cloudfront.net\/app\/uploads\/2021\/04\/70295ca5d3b1be44570b5e6d0854fa942edb2ab6.png\",\"contentUrl\":\"https:\/\/d2t4cfkrxg4dhd.cloudfront.net\/app\/uploads\/2021\/04\/70295ca5d3b1be44570b5e6d0854fa942edb2ab6.png\",\"width\":650,\"height\":554,\"caption\":\"Personare\"},\"image\":{\"@id\":\"https:\/\/www.personare.com.br\/servicos\/#\/schema\/logo\/image\/\"}}]}<\/script>\n<!-- \/ Yoast SEO plugin. -->","yoast_head_json":{"title":"Ressignifique dores emocionais e traumas - Jornada da vida - Personare Servi\u00e7os","robots":{"index":"index","follow":"follow","max-snippet":"max-snippet:-1","max-image-preview":"max-image-preview:large","max-video-preview":"max-video-preview:-1"},"canonical":"https:\/\/www.personare.com.br\/servicos\/produto\/ressignifique-dores-emocionais-e-traumas\/","og_locale":"pt_BR","og_type":"article","og_title":"Ressignifique dores emocionais e traumas - Jornada da vida - Personare Servi\u00e7os","og_description":"Muitas vezes nossos problemas do dia a dia s\u00e3o acentuados por significados que damos baseados em nossas dores emocionais, como rejei\u00e7\u00e3o, perdas, traumas e baixa autoestima. Essas feridas emocionais devem ser investigadas e trazidas \u00e0 consci\u00eancia para que sejam\u00a0 reconhecidas, integradas e resignificadas.Regina Restelli, uma das terapeutas mais reconhecidas no Brasil por seu inovador trabalho de reequil\u00edbrio energ\u00e9tico, desenvolveu um exclusivo acompanhamento terap\u00eautico para aprofundar a auto investiga\u00e7\u00e3o em sua pr\u00f3pria hist\u00f3ria, descobrindo em que ponto acontece a ruptura da confian\u00e7a em sua vida.A terapeuta realiza um acompanhamento ao longo de 11 sess\u00f5es semanais que funciona como um mergulho suave nas mem\u00f3rias passadas, visando tir\u00e1-las do inconsciente e ressignific\u00e1-las com o olhar adulto. O objetivo do trabalho de reequil\u00edbrio energ\u00e9tico \u00e9 que, ao reorganizar sua hist\u00f3ria, a pessoa consiga se integrar \u00e0s emo\u00e7\u00f5es para fazer novas escolhas - e reprogramar h\u00e1bitos antigos.","og_url":"https:\/\/www.personare.com.br\/servicos\/produto\/ressignifique-dores-emocionais-e-traumas\/","og_site_name":"Personare Servi\u00e7os","article_modified_time":"2026-03-13T14:03:09+00:00","og_image":[{"width":1190,"height":793,"url":"https:\/\/d2t4cfkrxg4dhd.cloudfront.net\/app\/uploads\/2021\/06\/regina-restelli-respira-2-1.jpg","type":"image\/jpeg"}],"twitter_card":"summary_large_image","twitter_misc":{"Est. tempo de leitura":"1 minuto"},"schema":{"@context":"https:\/\/schema.org","@graph":[{"@type":"WebPage","@id":"https:\/\/www.personare.com.br\/servicos\/produto\/ressignifique-dores-emocionais-e-traumas\/","url":"https:\/\/www.personare.com.br\/servicos\/produto\/ressignifique-dores-emocionais-e-traumas\/","name":"Ressignifique dores emocionais e traumas - Jornada da vida - Personare Servi\u00e7os","isPartOf":{"@id":"https:\/\/www.personare.com.br\/servicos\/#website"},"datePublished":"2023-04-12T00:04:07+00:00","dateModified":"2026-03-13T14:03:09+00:00","breadcrumb":{"@id":"https:\/\/www.personare.com.br\/servicos\/produto\/ressignifique-dores-emocionais-e-traumas\/#breadcrumb"},"inLanguage":"pt-BR","potentialAction":[{"@type":"ReadAction","target":["https:\/\/www.personare.com.br\/servicos\/produto\/ressignifique-dores-emocionais-e-traumas\/"]}]},{"@type":"BreadcrumbList","@id":"https:\/\/www.personare.com.br\/servicos\/produto\/ressignifique-dores-emocionais-e-traumas\/#breadcrumb","itemListElement":[{"@type":"ListItem","position":1,"name":"In\u00edcio","item":"https:\/\/www.personare.com.br\/servicos\/"},{"@type":"ListItem","position":2,"name":"Loja","item":"https:\/\/www.personare.com.br\/servicos\/busca\/"},{"@type":"ListItem","position":3,"name":"Ressignifique dores emocionais e traumas &#8211; Jornada da vida"}]},{"@type":"WebSite","@id":"https:\/\/www.personare.com.br\/servicos\/#website","url":"https:\/\/www.personare.com.br\/servicos\/","name":"Personare Servi\u00e7os","description":"Agende Consultas e Terapias Online no Personare","publisher":{"@id":"https:\/\/www.personare.com.br\/servicos\/#organization"},"potentialAction":[{"@type":"SearchAction","target":{"@type":"EntryPoint","urlTemplate":"https:\/\/www.personare.com.br\/servicos\/?s={search_term_string}"},"query-input":"required name=search_term_string"}],"inLanguage":"pt-BR"},{"@type":"Organization","@id":"https:\/\/www.personare.com.br\/servicos\/#organization","name":"Personare","url":"https:\/\/www.personare.com.br\/servicos\/","sameAs":[],"logo":{"@type":"ImageObject","inLanguage":"pt-BR","@id":"https:\/\/www.personare.com.br\/servicos\/#\/schema\/logo\/image\/","url":"https:\/\/d2t4cfkrxg4dhd.cloudfront.net\/app\/uploads\/2021\/04\/70295ca5d3b1be44570b5e6d0854fa942edb2ab6.png","contentUrl":"https:\/\/d2t4cfkrxg4dhd.cloudfront.net\/app\/uploads\/2021\/04\/70295ca5d3b1be44570b5e6d0854fa942edb2ab6.png","width":650,"height":554,"caption":"Personare"},"image":{"@id":"https:\/\/www.personare.com.br\/servicos\/#\/schema\/logo\/image\/"}}]}},"_links":{"self":[{"href":"https:\/\/www.personare.com.br\/servicos\/wp-json\/wp\/v2\/product\/6371"}],"collection":[{"href":"https:\/\/www.personare.com.br\/servicos\/wp-json\/wp\/v2\/product"}],"about":[{"href":"https:\/\/www.personare.com.br\/servicos\/wp-json\/wp\/v2\/types\/product"}],"replies":[{"embeddable":true,"href":"https:\/\/www.personare.com.br\/servicos\/wp-json\/wp\/v2\/comments?post=6371"}],"version-history":[{"count":9,"href":"https:\/\/www.personare.com.br\/servicos\/wp-json\/wp\/v2\/product\/6371\/revisions"}],"predecessor-version":[{"id":24398,"href":"https:\/\/www.personare.com.br\/servicos\/wp-json\/wp\/v2\/product\/6371\/revisions\/24398"}],"wp:featuredmedia":[{"embeddable":true,"href":"https:\/\/www.personare.com.br\/servicos\/wp-json\/wp\/v2\/media\/12041"}],"wp:attachment":[{"href":"https:\/\/www.personare.com.br\/servicos\/wp-json\/wp\/v2\/media?parent=6371"}],"wp:term":[{"taxonomy":"product_brand","embeddable":true,"href":"https:\/\/www.personare.com.br\/servicos\/wp-json\/wp\/v2\/product_brand?post=6371"},{"taxonomy":"product_cat","embeddable":true,"href":"https:\/\/www.personare.com.br\/servicos\/wp-json\/wp\/v2\/product_cat?post=6371"},{"taxonomy":"product_tag","embeddable":true,"href":"https:\/\/www.personare.com.br\/servicos\/wp-json\/wp\/v2\/product_tag?post=6371"},{"taxonomy":"areas-da-vida","embeddable":true,"href":"https:\/\/www.personare.com.br\/servicos\/wp-json\/wp\/v2\/areas-da-vida?post=6371"},{"taxonomy":"estudos-e-terapias","embeddable":true,"href":"https:\/\/www.personare.com.br\/servicos\/wp-json\/wp\/v2\/estudos-e-terapias?post=6371"},{"taxonomy":"dores-e-objetivos","embeddable":true,"href":"https:\/\/www.personare.com.br\/servicos\/wp-json\/wp\/v2\/dores-e-objetivos?post=6371"}],"curies":[{"name":"wp","href":"https:\/\/api.w.org\/{rel}","templated":true}]}}