{"id":6370,"date":"2023-04-13T13:09:15","date_gmt":"2023-04-13T16:09:15","guid":{"rendered":"https:\/\/www.personare.com.br\/servicos\/?post_type=product&#038;p=6370"},"modified":"2025-07-31T11:05:57","modified_gmt":"2025-07-31T14:05:57","slug":"mesa-frequencial-quantica","status":"publish","type":"product","link":"https:\/\/www.personare.com.br\/servicos\/produto\/mesa-frequencial-quantica\/","title":{"rendered":"Ajustar, Modular e Minimizar Frequ\u00eancias com Mesa Frequencial Qu\u00e2ntica"},"content":{"rendered":"<p>Para quem passou por situa\u00e7\u00f5es de doen\u00e7as, crises, traumas ou choques emocionais;<br \/>\nPessoas vivenciando quest\u00f5es emocionais, mentais ou f\u00edsicas que as deixa desestabilizadas;<br \/>\nPara quem busca aprofundar seu equil\u00edbrio energ\u00e9tico em n\u00edveis abrangentes;<br \/>\nPessoas experienciando situa\u00e7\u00f5es cr\u00f4nicas e\/ou repetitivas f\u00edsica, mental ou emocionalmente.<\/p>\n","protected":false},"excerpt":{"rendered":"<p>Indicada em momentos de crise emocional, ou ap\u00f3s passar por situa\u00e7\u00f5es de doen\u00e7as, choque ou traumas, as ferramentas que atuam diretamente no campo vibracional s\u00e3o extremamente recomendadas para minimizar e corrigir as energias nocivas em seu campo e aprimorar as frequ\u00eancias que trazem equil\u00edbrio.<br \/>\nS\u00e3o DUAS sess\u00f5es de 50 minutos cada, OU um sess\u00e3o dupla de 90 minutos.<br \/>\nA primeira sess\u00e3o de n\u00edvel frequencial qu\u00e2ntico 1 com as mandalas arcturianas para frequ\u00eancia, transfer\u00eancia e transporte de informa\u00e7\u00f5es. A segunda sess\u00e3o de n\u00edvel frequencial qu\u00e2ntico 2 que al\u00e9m das mandalas arcturianas inclui as di\u00e1teses, corretores, frequ\u00eancias qu\u00e2nticas e raios de luz.<br \/>\nA terapeuta Simone Kobayashi, com mais de 20 anos de experi\u00eancia em variadas t\u00e9cnicas hol\u00edsticas e vibracionais, idealizadora e co-criadora das mesas recomenda a Mesa Frequencial Qu\u00e2ntica para eventos ou situa\u00e7\u00f5es que desestabilizam as pessoas. Seja algo no presente, uma dor passada ou mesmo uma proje\u00e7\u00e3o para o futuro que cause desconforto, com a Mesa a terapeuta pode ajustar e modular as frequ\u00eancias, conduzindo ao reequil\u00edbrio energ\u00e9tico.<br \/>\nTodas as Mesas Frequenciais Qu\u00e2nticas s\u00e3o formatadas e personalizadas, as ferramentas e elementos escolhidos a partir da conex\u00e3o com seu Eu Superior e da terapeuta, Simone Kobayashi, direcionadas ao mais Alto bem e Ascens\u00e3o, para voc\u00ea e de todos os envolvidos.<\/p>\n","protected":false},"featured_media":12111,"comment_status":"open","ping_status":"closed","template":"","meta":{"_acf_changed":false,"footnotes":""},"product_brand":[],"product_cat":[52],"product_tag":[],"areas-da-vida":[168,171],"estudos-e-terapias":[126,127,134,140,156,158],"dores-e-objetivos":[86,95,97,100,104,105],"acf":[],"yoast_head":"<!-- This site is optimized with the Yoast SEO plugin v19.6.1 - https:\/\/yoast.com\/wordpress\/plugins\/seo\/ -->\n<title>Ajustar, Modular e Minimizar Frequ\u00eancias com Mesa Frequencial Qu\u00e2ntica - Personare Servi\u00e7os<\/title>\n<meta name=\"description\" content=\"situa\u00e7\u00f5es de crises, traumas ou choques emocionais, quest\u00f5es mentais ou f\u00edsicas que desestabilizam, situa\u00e7\u00f5es cr\u00f4nicas e\/ou repetitivas f\u00edsica, mental ou emocionalmente,equil\u00edbrio energ\u00e9tico\" \/>\n<meta name=\"robots\" content=\"index, follow, max-snippet:-1, max-image-preview:large, max-video-preview:-1\" \/>\n<link rel=\"canonical\" href=\"https:\/\/www.personare.com.br\/servicos\/produto\/mesa-frequencial-quantica\/\" \/>\n<meta property=\"og:locale\" content=\"pt_BR\" \/>\n<meta property=\"og:type\" content=\"article\" \/>\n<meta property=\"og:title\" content=\"Ajustar, Modular e Minimizar Frequ\u00eancias com Mesa Frequencial Qu\u00e2ntica - Personare Servi\u00e7os\" \/>\n<meta property=\"og:description\" content=\"situa\u00e7\u00f5es de crises, traumas ou choques emocionais, quest\u00f5es mentais ou f\u00edsicas que desestabilizam, situa\u00e7\u00f5es cr\u00f4nicas e\/ou repetitivas f\u00edsica, mental ou emocionalmente,equil\u00edbrio energ\u00e9tico\" \/>\n<meta property=\"og:url\" content=\"https:\/\/www.personare.com.br\/servicos\/produto\/mesa-frequencial-quantica\/\" \/>\n<meta property=\"og:site_name\" content=\"Personare Servi\u00e7os\" \/>\n<meta property=\"article:modified_time\" content=\"2025-07-31T14:05:57+00:00\" \/>\n<meta property=\"og:image\" content=\"https:\/\/d2t4cfkrxg4dhd.cloudfront.net\/app\/uploads\/2022\/09\/8Sb5oJdvRfpK80VfkY-1.jpeg\" \/>\n\t<meta property=\"og:image:width\" content=\"1280\" \/>\n\t<meta property=\"og:image:height\" content=\"853\" \/>\n\t<meta property=\"og:image:type\" content=\"image\/jpeg\" \/>\n<meta name=\"twitter:card\" content=\"summary_large_image\" \/>\n<meta name=\"twitter:label1\" content=\"Est. tempo de leitura\" \/>\n\t<meta name=\"twitter:data1\" content=\"1 minuto\" \/>\n<script type=\"application\/ld+json\" class=\"yoast-schema-graph\">{\"@context\":\"https:\/\/schema.org\",\"@graph\":[{\"@type\":\"WebPage\",\"@id\":\"https:\/\/www.personare.com.br\/servicos\/produto\/mesa-frequencial-quantica\/\",\"url\":\"https:\/\/www.personare.com.br\/servicos\/produto\/mesa-frequencial-quantica\/\",\"name\":\"Ajustar, Modular e Minimizar Frequ\u00eancias com Mesa Frequencial Qu\u00e2ntica - Personare Servi\u00e7os\",\"isPartOf\":{\"@id\":\"https:\/\/www.personare.com.br\/servicos\/#website\"},\"datePublished\":\"2023-04-13T16:09:15+00:00\",\"dateModified\":\"2025-07-31T14:05:57+00:00\",\"description\":\"situa\u00e7\u00f5es de crises, traumas ou choques emocionais, quest\u00f5es mentais ou f\u00edsicas que desestabilizam, situa\u00e7\u00f5es cr\u00f4nicas e\/ou repetitivas f\u00edsica, mental ou emocionalmente,equil\u00edbrio energ\u00e9tico\",\"breadcrumb\":{\"@id\":\"https:\/\/www.personare.com.br\/servicos\/produto\/mesa-frequencial-quantica\/#breadcrumb\"},\"inLanguage\":\"pt-BR\",\"potentialAction\":[{\"@type\":\"ReadAction\",\"target\":[\"https:\/\/www.personare.com.br\/servicos\/produto\/mesa-frequencial-quantica\/\"]}]},{\"@type\":\"BreadcrumbList\",\"@id\":\"https:\/\/www.personare.com.br\/servicos\/produto\/mesa-frequencial-quantica\/#breadcrumb\",\"itemListElement\":[{\"@type\":\"ListItem\",\"position\":1,\"name\":\"In\u00edcio\",\"item\":\"https:\/\/www.personare.com.br\/servicos\/\"},{\"@type\":\"ListItem\",\"position\":2,\"name\":\"Loja\",\"item\":\"https:\/\/www.personare.com.br\/servicos\/busca\/\"},{\"@type\":\"ListItem\",\"position\":3,\"name\":\"Ajustar, Modular e Minimizar Frequ\u00eancias com Mesa Frequencial Qu\u00e2ntica\"}]},{\"@type\":\"WebSite\",\"@id\":\"https:\/\/www.personare.com.br\/servicos\/#website\",\"url\":\"https:\/\/www.personare.com.br\/servicos\/\",\"name\":\"Personare Servi\u00e7os\",\"description\":\"Agende Consultas e Terapias Online no Personare\",\"publisher\":{\"@id\":\"https:\/\/www.personare.com.br\/servicos\/#organization\"},\"potentialAction\":[{\"@type\":\"SearchAction\",\"target\":{\"@type\":\"EntryPoint\",\"urlTemplate\":\"https:\/\/www.personare.com.br\/servicos\/?s={search_term_string}\"},\"query-input\":\"required name=search_term_string\"}],\"inLanguage\":\"pt-BR\"},{\"@type\":\"Organization\",\"@id\":\"https:\/\/www.personare.com.br\/servicos\/#organization\",\"name\":\"Personare\",\"url\":\"https:\/\/www.personare.com.br\/servicos\/\",\"sameAs\":[],\"logo\":{\"@type\":\"ImageObject\",\"inLanguage\":\"pt-BR\",\"@id\":\"https:\/\/www.personare.com.br\/servicos\/#\/schema\/logo\/image\/\",\"url\":\"https:\/\/d2t4cfkrxg4dhd.cloudfront.net\/app\/uploads\/2021\/04\/70295ca5d3b1be44570b5e6d0854fa942edb2ab6.png\",\"contentUrl\":\"https:\/\/d2t4cfkrxg4dhd.cloudfront.net\/app\/uploads\/2021\/04\/70295ca5d3b1be44570b5e6d0854fa942edb2ab6.png\",\"width\":650,\"height\":554,\"caption\":\"Personare\"},\"image\":{\"@id\":\"https:\/\/www.personare.com.br\/servicos\/#\/schema\/logo\/image\/\"}}]}<\/script>\n<!-- \/ Yoast SEO plugin. -->","yoast_head_json":{"title":"Ajustar, Modular e Minimizar Frequ\u00eancias com Mesa Frequencial Qu\u00e2ntica - Personare Servi\u00e7os","description":"situa\u00e7\u00f5es de crises, traumas ou choques emocionais, quest\u00f5es mentais ou f\u00edsicas que desestabilizam, situa\u00e7\u00f5es cr\u00f4nicas e\/ou repetitivas f\u00edsica, mental ou emocionalmente,equil\u00edbrio energ\u00e9tico","robots":{"index":"index","follow":"follow","max-snippet":"max-snippet:-1","max-image-preview":"max-image-preview:large","max-video-preview":"max-video-preview:-1"},"canonical":"https:\/\/www.personare.com.br\/servicos\/produto\/mesa-frequencial-quantica\/","og_locale":"pt_BR","og_type":"article","og_title":"Ajustar, Modular e Minimizar Frequ\u00eancias com Mesa Frequencial Qu\u00e2ntica - Personare Servi\u00e7os","og_description":"situa\u00e7\u00f5es de crises, traumas ou choques emocionais, quest\u00f5es mentais ou f\u00edsicas que desestabilizam, situa\u00e7\u00f5es cr\u00f4nicas e\/ou repetitivas f\u00edsica, mental ou emocionalmente,equil\u00edbrio energ\u00e9tico","og_url":"https:\/\/www.personare.com.br\/servicos\/produto\/mesa-frequencial-quantica\/","og_site_name":"Personare Servi\u00e7os","article_modified_time":"2025-07-31T14:05:57+00:00","og_image":[{"width":1280,"height":853,"url":"https:\/\/d2t4cfkrxg4dhd.cloudfront.net\/app\/uploads\/2022\/09\/8Sb5oJdvRfpK80VfkY-1.jpeg","type":"image\/jpeg"}],"twitter_card":"summary_large_image","twitter_misc":{"Est. tempo de leitura":"1 minuto"},"schema":{"@context":"https:\/\/schema.org","@graph":[{"@type":"WebPage","@id":"https:\/\/www.personare.com.br\/servicos\/produto\/mesa-frequencial-quantica\/","url":"https:\/\/www.personare.com.br\/servicos\/produto\/mesa-frequencial-quantica\/","name":"Ajustar, Modular e Minimizar Frequ\u00eancias com Mesa Frequencial Qu\u00e2ntica - Personare Servi\u00e7os","isPartOf":{"@id":"https:\/\/www.personare.com.br\/servicos\/#website"},"datePublished":"2023-04-13T16:09:15+00:00","dateModified":"2025-07-31T14:05:57+00:00","description":"situa\u00e7\u00f5es de crises, traumas ou choques emocionais, quest\u00f5es mentais ou f\u00edsicas que desestabilizam, situa\u00e7\u00f5es cr\u00f4nicas e\/ou repetitivas f\u00edsica, mental ou emocionalmente,equil\u00edbrio energ\u00e9tico","breadcrumb":{"@id":"https:\/\/www.personare.com.br\/servicos\/produto\/mesa-frequencial-quantica\/#breadcrumb"},"inLanguage":"pt-BR","potentialAction":[{"@type":"ReadAction","target":["https:\/\/www.personare.com.br\/servicos\/produto\/mesa-frequencial-quantica\/"]}]},{"@type":"BreadcrumbList","@id":"https:\/\/www.personare.com.br\/servicos\/produto\/mesa-frequencial-quantica\/#breadcrumb","itemListElement":[{"@type":"ListItem","position":1,"name":"In\u00edcio","item":"https:\/\/www.personare.com.br\/servicos\/"},{"@type":"ListItem","position":2,"name":"Loja","item":"https:\/\/www.personare.com.br\/servicos\/busca\/"},{"@type":"ListItem","position":3,"name":"Ajustar, Modular e Minimizar Frequ\u00eancias com Mesa Frequencial Qu\u00e2ntica"}]},{"@type":"WebSite","@id":"https:\/\/www.personare.com.br\/servicos\/#website","url":"https:\/\/www.personare.com.br\/servicos\/","name":"Personare Servi\u00e7os","description":"Agende Consultas e Terapias Online no Personare","publisher":{"@id":"https:\/\/www.personare.com.br\/servicos\/#organization"},"potentialAction":[{"@type":"SearchAction","target":{"@type":"EntryPoint","urlTemplate":"https:\/\/www.personare.com.br\/servicos\/?s={search_term_string}"},"query-input":"required name=search_term_string"}],"inLanguage":"pt-BR"},{"@type":"Organization","@id":"https:\/\/www.personare.com.br\/servicos\/#organization","name":"Personare","url":"https:\/\/www.personare.com.br\/servicos\/","sameAs":[],"logo":{"@type":"ImageObject","inLanguage":"pt-BR","@id":"https:\/\/www.personare.com.br\/servicos\/#\/schema\/logo\/image\/","url":"https:\/\/d2t4cfkrxg4dhd.cloudfront.net\/app\/uploads\/2021\/04\/70295ca5d3b1be44570b5e6d0854fa942edb2ab6.png","contentUrl":"https:\/\/d2t4cfkrxg4dhd.cloudfront.net\/app\/uploads\/2021\/04\/70295ca5d3b1be44570b5e6d0854fa942edb2ab6.png","width":650,"height":554,"caption":"Personare"},"image":{"@id":"https:\/\/www.personare.com.br\/servicos\/#\/schema\/logo\/image\/"}}]}},"_links":{"self":[{"href":"https:\/\/www.personare.com.br\/servicos\/wp-json\/wp\/v2\/product\/6370"}],"collection":[{"href":"https:\/\/www.personare.com.br\/servicos\/wp-json\/wp\/v2\/product"}],"about":[{"href":"https:\/\/www.personare.com.br\/servicos\/wp-json\/wp\/v2\/types\/product"}],"replies":[{"embeddable":true,"href":"https:\/\/www.personare.com.br\/servicos\/wp-json\/wp\/v2\/comments?post=6370"}],"version-history":[{"count":5,"href":"https:\/\/www.personare.com.br\/servicos\/wp-json\/wp\/v2\/product\/6370\/revisions"}],"predecessor-version":[{"id":20927,"href":"https:\/\/www.personare.com.br\/servicos\/wp-json\/wp\/v2\/product\/6370\/revisions\/20927"}],"wp:featuredmedia":[{"embeddable":true,"href":"https:\/\/www.personare.com.br\/servicos\/wp-json\/wp\/v2\/media\/12111"}],"wp:attachment":[{"href":"https:\/\/www.personare.com.br\/servicos\/wp-json\/wp\/v2\/media?parent=6370"}],"wp:term":[{"taxonomy":"product_brand","embeddable":true,"href":"https:\/\/www.personare.com.br\/servicos\/wp-json\/wp\/v2\/product_brand?post=6370"},{"taxonomy":"product_cat","embeddable":true,"href":"https:\/\/www.personare.com.br\/servicos\/wp-json\/wp\/v2\/product_cat?post=6370"},{"taxonomy":"product_tag","embeddable":true,"href":"https:\/\/www.personare.com.br\/servicos\/wp-json\/wp\/v2\/product_tag?post=6370"},{"taxonomy":"areas-da-vida","embeddable":true,"href":"https:\/\/www.personare.com.br\/servicos\/wp-json\/wp\/v2\/areas-da-vida?post=6370"},{"taxonomy":"estudos-e-terapias","embeddable":true,"href":"https:\/\/www.personare.com.br\/servicos\/wp-json\/wp\/v2\/estudos-e-terapias?post=6370"},{"taxonomy":"dores-e-objetivos","embeddable":true,"href":"https:\/\/www.personare.com.br\/servicos\/wp-json\/wp\/v2\/dores-e-objetivos?post=6370"}],"curies":[{"name":"wp","href":"https:\/\/api.w.org\/{rel}","templated":true}]}}