{"id":6157,"date":"2023-03-23T10:25:39","date_gmt":"2023-03-23T13:25:39","guid":{"rendered":"https:\/\/www.personare.com.br\/servicos\/?post_type=product&#038;p=6157"},"modified":"2026-02-24T12:01:10","modified_gmt":"2026-02-24T15:01:10","slug":"programa-mindful-eating-comendo-com-consciencia-plena","status":"publish","type":"product","link":"https:\/\/www.personare.com.br\/servicos\/produto\/programa-mindful-eating-comendo-com-consciencia-plena\/","title":{"rendered":"Programa Mindful Eating &#8211; Comendo com consci\u00eancia plena"},"content":{"rendered":"<p>Pessoas que est\u00e3o insatisfeitas com a rela\u00e7\u00e3o com a comida e o corpo;<br \/>\nQuem desconta na comida suas emo\u00e7\u00f5es;<br \/>\nPara quem o comer tornou-se uma forma de sofrimento e n\u00e3o uma fonte natural de alegria e prazer;<br \/>\nPessoas que est\u00e3o dispostas a se libertarem das regras de dieta;<br \/>\nPara quem quer se libertar de viver e comer no piloto autom\u00e1tico;<br \/>\nPessoas que querem se libertar da culpa ao comer;<br \/>\nPessoas que buscam redescobrir uma rela\u00e7\u00e3o mais tranquila e saud\u00e1vel com a comida.<br \/>\nEsse programa \u00e9 destinado para as pessoas que desejam trabalhar a sua rela\u00e7\u00e3o com a comida. Este formato \u00e9 individual. N\u00e3o \u00e9 um programa de forma\u00e7\u00e3o para profissionais.<\/p>\n","protected":false},"excerpt":{"rendered":"<p>Sente insatisfa\u00e7\u00e3o na sua rela\u00e7\u00e3o com a comida? A alimenta\u00e7\u00e3o sempre foi um problema em sua vida? Sente uma pris\u00e3o nas mil e uma regras de dietas? Venha fazer as pazes com a comida!<br \/>\n\u00c9 um programa individual com oito encontros para vivenciar e explorar o uso desta pr\u00e1tica no seu dia a dia. Nele voc\u00ea poder\u00e1 encontrar um caminho para ter prazer e alegria ao comer, substituindo as regras de dietas, contagem de calorias e restri\u00e7\u00f5es impostas por padr\u00f5es externos pela confian\u00e7a na sabedoria do corpo.<br \/>\nVenha descobrir como diminuir a culpa, a vergonha e as cr\u00edticas na rela\u00e7\u00e3o com a comida, buscando aflorar a curiosidade para experimentar uma nova rela\u00e7\u00e3o.<br \/>\nO Programa de Mindful Eating, o comer com consci\u00eancia plena, pode te ajudar nessa jornada!<\/p>\n","protected":false},"featured_media":12007,"comment_status":"open","ping_status":"closed","template":"","meta":{"_acf_changed":false,"footnotes":""},"product_brand":[],"product_cat":[53],"product_tag":[],"areas-da-vida":[161,164,171],"estudos-e-terapias":[142],"dores-e-objetivos":[82,87,89,93,98,101,192],"acf":[],"yoast_head":"<!-- This site is optimized with the Yoast SEO plugin v19.6.1 - https:\/\/yoast.com\/wordpress\/plugins\/seo\/ -->\n<title>Programa Mindful Eating - Comendo com consci\u00eancia plena - Personare Servi\u00e7os<\/title>\n<meta name=\"robots\" content=\"index, follow, max-snippet:-1, max-image-preview:large, max-video-preview:-1\" \/>\n<link rel=\"canonical\" href=\"https:\/\/www.personare.com.br\/servicos\/produto\/programa-mindful-eating-comendo-com-consciencia-plena\/\" \/>\n<meta property=\"og:locale\" content=\"pt_BR\" \/>\n<meta property=\"og:type\" content=\"article\" \/>\n<meta property=\"og:title\" content=\"Programa Mindful Eating - Comendo com consci\u00eancia plena - Personare Servi\u00e7os\" \/>\n<meta property=\"og:description\" content=\"Sente insatisfa\u00e7\u00e3o na sua rela\u00e7\u00e3o com a comida? A alimenta\u00e7\u00e3o sempre foi um problema em sua vida? Sente uma pris\u00e3o nas mil e uma regras de dietas? Venha fazer as pazes com a comida! \u00c9 um programa individual com oito encontros para vivenciar e explorar o uso desta pr\u00e1tica no seu dia a dia. Nele voc\u00ea poder\u00e1 encontrar um caminho para ter prazer e alegria ao comer, substituindo as regras de dietas, contagem de calorias e restri\u00e7\u00f5es impostas por padr\u00f5es externos pela confian\u00e7a na sabedoria do corpo. Venha descobrir como diminuir a culpa, a vergonha e as cr\u00edticas na rela\u00e7\u00e3o com a comida, buscando aflorar a curiosidade para experimentar uma nova rela\u00e7\u00e3o. O Programa de Mindful Eating, o comer com consci\u00eancia plena, pode te ajudar nessa jornada!\" \/>\n<meta property=\"og:url\" content=\"https:\/\/www.personare.com.br\/servicos\/produto\/programa-mindful-eating-comendo-com-consciencia-plena\/\" \/>\n<meta property=\"og:site_name\" content=\"Personare Servi\u00e7os\" \/>\n<meta property=\"article:modified_time\" content=\"2026-02-24T15:01:10+00:00\" \/>\n<meta property=\"og:image\" content=\"https:\/\/d2t4cfkrxg4dhd.cloudfront.net\/app\/uploads\/2021\/04\/foto-luiza-camargo_.jpeg\" \/>\n\t<meta property=\"og:image:width\" content=\"768\" \/>\n\t<meta property=\"og:image:height\" content=\"1024\" \/>\n\t<meta property=\"og:image:type\" content=\"image\/jpeg\" \/>\n<meta name=\"twitter:card\" content=\"summary_large_image\" \/>\n<meta name=\"twitter:label1\" content=\"Est. tempo de leitura\" \/>\n\t<meta name=\"twitter:data1\" content=\"1 minuto\" \/>\n<script type=\"application\/ld+json\" class=\"yoast-schema-graph\">{\"@context\":\"https:\/\/schema.org\",\"@graph\":[{\"@type\":\"WebPage\",\"@id\":\"https:\/\/www.personare.com.br\/servicos\/produto\/programa-mindful-eating-comendo-com-consciencia-plena\/\",\"url\":\"https:\/\/www.personare.com.br\/servicos\/produto\/programa-mindful-eating-comendo-com-consciencia-plena\/\",\"name\":\"Programa Mindful Eating - Comendo com consci\u00eancia plena - Personare Servi\u00e7os\",\"isPartOf\":{\"@id\":\"https:\/\/www.personare.com.br\/servicos\/#website\"},\"datePublished\":\"2023-03-23T13:25:39+00:00\",\"dateModified\":\"2026-02-24T15:01:10+00:00\",\"breadcrumb\":{\"@id\":\"https:\/\/www.personare.com.br\/servicos\/produto\/programa-mindful-eating-comendo-com-consciencia-plena\/#breadcrumb\"},\"inLanguage\":\"pt-BR\",\"potentialAction\":[{\"@type\":\"ReadAction\",\"target\":[\"https:\/\/www.personare.com.br\/servicos\/produto\/programa-mindful-eating-comendo-com-consciencia-plena\/\"]}]},{\"@type\":\"BreadcrumbList\",\"@id\":\"https:\/\/www.personare.com.br\/servicos\/produto\/programa-mindful-eating-comendo-com-consciencia-plena\/#breadcrumb\",\"itemListElement\":[{\"@type\":\"ListItem\",\"position\":1,\"name\":\"In\u00edcio\",\"item\":\"https:\/\/www.personare.com.br\/servicos\/\"},{\"@type\":\"ListItem\",\"position\":2,\"name\":\"Loja\",\"item\":\"https:\/\/www.personare.com.br\/servicos\/busca\/\"},{\"@type\":\"ListItem\",\"position\":3,\"name\":\"Programa Mindful Eating &#8211; Comendo com consci\u00eancia plena\"}]},{\"@type\":\"WebSite\",\"@id\":\"https:\/\/www.personare.com.br\/servicos\/#website\",\"url\":\"https:\/\/www.personare.com.br\/servicos\/\",\"name\":\"Personare Servi\u00e7os\",\"description\":\"Agende Consultas e Terapias Online no Personare\",\"publisher\":{\"@id\":\"https:\/\/www.personare.com.br\/servicos\/#organization\"},\"potentialAction\":[{\"@type\":\"SearchAction\",\"target\":{\"@type\":\"EntryPoint\",\"urlTemplate\":\"https:\/\/www.personare.com.br\/servicos\/?s={search_term_string}\"},\"query-input\":\"required name=search_term_string\"}],\"inLanguage\":\"pt-BR\"},{\"@type\":\"Organization\",\"@id\":\"https:\/\/www.personare.com.br\/servicos\/#organization\",\"name\":\"Personare\",\"url\":\"https:\/\/www.personare.com.br\/servicos\/\",\"sameAs\":[],\"logo\":{\"@type\":\"ImageObject\",\"inLanguage\":\"pt-BR\",\"@id\":\"https:\/\/www.personare.com.br\/servicos\/#\/schema\/logo\/image\/\",\"url\":\"https:\/\/d2t4cfkrxg4dhd.cloudfront.net\/app\/uploads\/2021\/04\/70295ca5d3b1be44570b5e6d0854fa942edb2ab6.png\",\"contentUrl\":\"https:\/\/d2t4cfkrxg4dhd.cloudfront.net\/app\/uploads\/2021\/04\/70295ca5d3b1be44570b5e6d0854fa942edb2ab6.png\",\"width\":650,\"height\":554,\"caption\":\"Personare\"},\"image\":{\"@id\":\"https:\/\/www.personare.com.br\/servicos\/#\/schema\/logo\/image\/\"}}]}<\/script>\n<!-- \/ Yoast SEO plugin. -->","yoast_head_json":{"title":"Programa Mindful Eating - Comendo com consci\u00eancia plena - Personare Servi\u00e7os","robots":{"index":"index","follow":"follow","max-snippet":"max-snippet:-1","max-image-preview":"max-image-preview:large","max-video-preview":"max-video-preview:-1"},"canonical":"https:\/\/www.personare.com.br\/servicos\/produto\/programa-mindful-eating-comendo-com-consciencia-plena\/","og_locale":"pt_BR","og_type":"article","og_title":"Programa Mindful Eating - Comendo com consci\u00eancia plena - Personare Servi\u00e7os","og_description":"Sente insatisfa\u00e7\u00e3o na sua rela\u00e7\u00e3o com a comida? A alimenta\u00e7\u00e3o sempre foi um problema em sua vida? Sente uma pris\u00e3o nas mil e uma regras de dietas? Venha fazer as pazes com a comida! \u00c9 um programa individual com oito encontros para vivenciar e explorar o uso desta pr\u00e1tica no seu dia a dia. Nele voc\u00ea poder\u00e1 encontrar um caminho para ter prazer e alegria ao comer, substituindo as regras de dietas, contagem de calorias e restri\u00e7\u00f5es impostas por padr\u00f5es externos pela confian\u00e7a na sabedoria do corpo. Venha descobrir como diminuir a culpa, a vergonha e as cr\u00edticas na rela\u00e7\u00e3o com a comida, buscando aflorar a curiosidade para experimentar uma nova rela\u00e7\u00e3o. O Programa de Mindful Eating, o comer com consci\u00eancia plena, pode te ajudar nessa jornada!","og_url":"https:\/\/www.personare.com.br\/servicos\/produto\/programa-mindful-eating-comendo-com-consciencia-plena\/","og_site_name":"Personare Servi\u00e7os","article_modified_time":"2026-02-24T15:01:10+00:00","og_image":[{"width":768,"height":1024,"url":"https:\/\/d2t4cfkrxg4dhd.cloudfront.net\/app\/uploads\/2021\/04\/foto-luiza-camargo_.jpeg","type":"image\/jpeg"}],"twitter_card":"summary_large_image","twitter_misc":{"Est. tempo de leitura":"1 minuto"},"schema":{"@context":"https:\/\/schema.org","@graph":[{"@type":"WebPage","@id":"https:\/\/www.personare.com.br\/servicos\/produto\/programa-mindful-eating-comendo-com-consciencia-plena\/","url":"https:\/\/www.personare.com.br\/servicos\/produto\/programa-mindful-eating-comendo-com-consciencia-plena\/","name":"Programa Mindful Eating - Comendo com consci\u00eancia plena - Personare Servi\u00e7os","isPartOf":{"@id":"https:\/\/www.personare.com.br\/servicos\/#website"},"datePublished":"2023-03-23T13:25:39+00:00","dateModified":"2026-02-24T15:01:10+00:00","breadcrumb":{"@id":"https:\/\/www.personare.com.br\/servicos\/produto\/programa-mindful-eating-comendo-com-consciencia-plena\/#breadcrumb"},"inLanguage":"pt-BR","potentialAction":[{"@type":"ReadAction","target":["https:\/\/www.personare.com.br\/servicos\/produto\/programa-mindful-eating-comendo-com-consciencia-plena\/"]}]},{"@type":"BreadcrumbList","@id":"https:\/\/www.personare.com.br\/servicos\/produto\/programa-mindful-eating-comendo-com-consciencia-plena\/#breadcrumb","itemListElement":[{"@type":"ListItem","position":1,"name":"In\u00edcio","item":"https:\/\/www.personare.com.br\/servicos\/"},{"@type":"ListItem","position":2,"name":"Loja","item":"https:\/\/www.personare.com.br\/servicos\/busca\/"},{"@type":"ListItem","position":3,"name":"Programa Mindful Eating &#8211; Comendo com consci\u00eancia plena"}]},{"@type":"WebSite","@id":"https:\/\/www.personare.com.br\/servicos\/#website","url":"https:\/\/www.personare.com.br\/servicos\/","name":"Personare Servi\u00e7os","description":"Agende Consultas e Terapias Online no Personare","publisher":{"@id":"https:\/\/www.personare.com.br\/servicos\/#organization"},"potentialAction":[{"@type":"SearchAction","target":{"@type":"EntryPoint","urlTemplate":"https:\/\/www.personare.com.br\/servicos\/?s={search_term_string}"},"query-input":"required name=search_term_string"}],"inLanguage":"pt-BR"},{"@type":"Organization","@id":"https:\/\/www.personare.com.br\/servicos\/#organization","name":"Personare","url":"https:\/\/www.personare.com.br\/servicos\/","sameAs":[],"logo":{"@type":"ImageObject","inLanguage":"pt-BR","@id":"https:\/\/www.personare.com.br\/servicos\/#\/schema\/logo\/image\/","url":"https:\/\/d2t4cfkrxg4dhd.cloudfront.net\/app\/uploads\/2021\/04\/70295ca5d3b1be44570b5e6d0854fa942edb2ab6.png","contentUrl":"https:\/\/d2t4cfkrxg4dhd.cloudfront.net\/app\/uploads\/2021\/04\/70295ca5d3b1be44570b5e6d0854fa942edb2ab6.png","width":650,"height":554,"caption":"Personare"},"image":{"@id":"https:\/\/www.personare.com.br\/servicos\/#\/schema\/logo\/image\/"}}]}},"_links":{"self":[{"href":"https:\/\/www.personare.com.br\/servicos\/wp-json\/wp\/v2\/product\/6157"}],"collection":[{"href":"https:\/\/www.personare.com.br\/servicos\/wp-json\/wp\/v2\/product"}],"about":[{"href":"https:\/\/www.personare.com.br\/servicos\/wp-json\/wp\/v2\/types\/product"}],"replies":[{"embeddable":true,"href":"https:\/\/www.personare.com.br\/servicos\/wp-json\/wp\/v2\/comments?post=6157"}],"version-history":[{"count":3,"href":"https:\/\/www.personare.com.br\/servicos\/wp-json\/wp\/v2\/product\/6157\/revisions"}],"predecessor-version":[{"id":20888,"href":"https:\/\/www.personare.com.br\/servicos\/wp-json\/wp\/v2\/product\/6157\/revisions\/20888"}],"wp:featuredmedia":[{"embeddable":true,"href":"https:\/\/www.personare.com.br\/servicos\/wp-json\/wp\/v2\/media\/12007"}],"wp:attachment":[{"href":"https:\/\/www.personare.com.br\/servicos\/wp-json\/wp\/v2\/media?parent=6157"}],"wp:term":[{"taxonomy":"product_brand","embeddable":true,"href":"https:\/\/www.personare.com.br\/servicos\/wp-json\/wp\/v2\/product_brand?post=6157"},{"taxonomy":"product_cat","embeddable":true,"href":"https:\/\/www.personare.com.br\/servicos\/wp-json\/wp\/v2\/product_cat?post=6157"},{"taxonomy":"product_tag","embeddable":true,"href":"https:\/\/www.personare.com.br\/servicos\/wp-json\/wp\/v2\/product_tag?post=6157"},{"taxonomy":"areas-da-vida","embeddable":true,"href":"https:\/\/www.personare.com.br\/servicos\/wp-json\/wp\/v2\/areas-da-vida?post=6157"},{"taxonomy":"estudos-e-terapias","embeddable":true,"href":"https:\/\/www.personare.com.br\/servicos\/wp-json\/wp\/v2\/estudos-e-terapias?post=6157"},{"taxonomy":"dores-e-objetivos","embeddable":true,"href":"https:\/\/www.personare.com.br\/servicos\/wp-json\/wp\/v2\/dores-e-objetivos?post=6157"}],"curies":[{"name":"wp","href":"https:\/\/api.w.org\/{rel}","templated":true}]}}