{"id":6111,"date":"2023-03-20T16:38:12","date_gmt":"2023-03-20T19:38:12","guid":{"rendered":"https:\/\/www.personare.com.br\/servicos\/?post_type=product&#038;p=6111"},"modified":"2025-09-19T17:42:12","modified_gmt":"2025-09-19T20:42:12","slug":"consulta-de-tarot-online","status":"publish","type":"product","link":"https:\/\/www.personare.com.br\/servicos\/produto\/consulta-de-tarot-online\/","title":{"rendered":"Consulta de Tarot Online"},"content":{"rendered":"<p>Para quem deseja obter um panorama do seu momento atual;<\/p>\n<p>Pessoas que querem aux\u00edlio para tomar decis\u00f5es na vida amorosa ou para entender melhor os sentimentos envolvidos na rela\u00e7\u00e3o;<\/p>\n<p>Para quem est\u00e1 passando por um rompimento, t\u00e9rmino ou demais dificuldades em uma rela\u00e7\u00e3o afetiva;<\/p>\n<p>Pessoas que desejam encontrar um novo amor;<\/p>\n<p>Para quem enfrenta conflitos na fam\u00edlia ou nas amizades;<\/p>\n<p>Para quem precisa de uma perspectiva sobre quest\u00f5es profissionais ou precisa resolver alguma quest\u00e3o relativa ao trabalho.<\/p>\n","protected":false},"excerpt":{"rendered":"<p>O Tarot oferece orienta\u00e7\u00f5es sobre a melhor atitude para se tomar nas rela\u00e7\u00f5es afetivas, familiares, profissionais ou sociais. Zoe de Camaris, especialista do Personare, atende consultas de Tarot online respondendo quest\u00f5es referentes \u00e0 vida profissional, \u00e0s amizades, aos v\u00ednculos familiares e \u00e0s hist\u00f3rias de amor.<\/p>\n<p>A consulta mostra um retrato do seu momento atual, do seu passado recente e das possibilidades futuras. Este atendimento lhe ajuda a entender suas motiva\u00e7\u00f5es internas, nem sempre facilmente acess\u00edveis \u00e0 consci\u00eancia.<\/p>\n<p>A especialista far\u00e1 a tiragem Mandala, que contempla \u00e1reas da vida, para que voc\u00ea tenha um retrato ampliado do passado recente e das influ\u00eancias futuras no momento presente, com suas 25 cartas dispostas na mesa. N\u00e3o \u00e9 necess\u00e1rio ter uma pergunta espec\u00edfica, mas voc\u00ea pode indicar a quest\u00e3o que lhe desperta maior interesse no momento. Voc\u00ea escolhe se a leitura ser\u00e1 para um, dois ou seis meses.<\/p>\n","protected":false},"featured_media":12038,"comment_status":"open","ping_status":"closed","template":"","meta":{"_acf_changed":false,"footnotes":""},"product_brand":[],"product_cat":[52],"product_tag":[],"areas-da-vida":[162,168,169,170],"estudos-e-terapias":[154],"dores-e-objetivos":[90,189,188,113,116,119],"acf":[],"yoast_head":"<!-- This site is optimized with the Yoast SEO plugin v19.6.1 - https:\/\/yoast.com\/wordpress\/plugins\/seo\/ -->\n<title>Consulta de Tarot Online com Zoe de Camaris<\/title>\n<meta name=\"description\" content=\"Zoe atende consultas de Tarot online respondendo quest\u00f5es referentes \u00e0 vida profissional, \u00e0s amizades, aos v\u00ednculos familiares e aos amores rom\u00e2nticos.\" \/>\n<meta name=\"robots\" content=\"index, follow, max-snippet:-1, max-image-preview:large, max-video-preview:-1\" \/>\n<link rel=\"canonical\" href=\"https:\/\/www.personare.com.br\/servicos\/produto\/consulta-de-tarot-online\/\" \/>\n<meta property=\"og:locale\" content=\"pt_BR\" \/>\n<meta property=\"og:type\" content=\"article\" \/>\n<meta property=\"og:title\" content=\"Consulta de Tarot Online com Zoe de Camaris\" \/>\n<meta property=\"og:description\" content=\"Zoe atende consultas de Tarot online respondendo quest\u00f5es referentes \u00e0 vida profissional, \u00e0s amizades, aos v\u00ednculos familiares e aos amores rom\u00e2nticos.\" \/>\n<meta property=\"og:url\" content=\"https:\/\/www.personare.com.br\/servicos\/produto\/consulta-de-tarot-online\/\" \/>\n<meta property=\"og:site_name\" content=\"Personare Servi\u00e7os\" \/>\n<meta property=\"article:modified_time\" content=\"2025-09-19T20:42:12+00:00\" \/>\n<meta name=\"twitter:card\" content=\"summary_large_image\" \/>\n<meta name=\"twitter:image\" content=\"https:\/\/d2t4cfkrxg4dhd.cloudfront.net\/app\/uploads\/2023\/03\/Zoe-de-Camaris-1.jpg\" \/>\n<meta name=\"twitter:label1\" content=\"Est. tempo de leitura\" \/>\n\t<meta name=\"twitter:data1\" content=\"1 minuto\" \/>\n<script type=\"application\/ld+json\" class=\"yoast-schema-graph\">{\"@context\":\"https:\/\/schema.org\",\"@graph\":[{\"@type\":\"WebPage\",\"@id\":\"https:\/\/www.personare.com.br\/servicos\/produto\/consulta-de-tarot-online\/\",\"url\":\"https:\/\/www.personare.com.br\/servicos\/produto\/consulta-de-tarot-online\/\",\"name\":\"Consulta de Tarot Online com Zoe de Camaris\",\"isPartOf\":{\"@id\":\"https:\/\/www.personare.com.br\/servicos\/#website\"},\"datePublished\":\"2023-03-20T19:38:12+00:00\",\"dateModified\":\"2025-09-19T20:42:12+00:00\",\"description\":\"Zoe atende consultas de Tarot online respondendo quest\u00f5es referentes \u00e0 vida profissional, \u00e0s amizades, aos v\u00ednculos familiares e aos amores rom\u00e2nticos.\",\"breadcrumb\":{\"@id\":\"https:\/\/www.personare.com.br\/servicos\/produto\/consulta-de-tarot-online\/#breadcrumb\"},\"inLanguage\":\"pt-BR\",\"potentialAction\":[{\"@type\":\"ReadAction\",\"target\":[\"https:\/\/www.personare.com.br\/servicos\/produto\/consulta-de-tarot-online\/\"]}]},{\"@type\":\"BreadcrumbList\",\"@id\":\"https:\/\/www.personare.com.br\/servicos\/produto\/consulta-de-tarot-online\/#breadcrumb\",\"itemListElement\":[{\"@type\":\"ListItem\",\"position\":1,\"name\":\"In\u00edcio\",\"item\":\"https:\/\/www.personare.com.br\/servicos\/\"},{\"@type\":\"ListItem\",\"position\":2,\"name\":\"Loja\",\"item\":\"https:\/\/www.personare.com.br\/servicos\/busca\/\"},{\"@type\":\"ListItem\",\"position\":3,\"name\":\"Consulta de Tarot Online\"}]},{\"@type\":\"WebSite\",\"@id\":\"https:\/\/www.personare.com.br\/servicos\/#website\",\"url\":\"https:\/\/www.personare.com.br\/servicos\/\",\"name\":\"Personare Servi\u00e7os\",\"description\":\"Agende Consultas e Terapias Online no Personare\",\"publisher\":{\"@id\":\"https:\/\/www.personare.com.br\/servicos\/#organization\"},\"potentialAction\":[{\"@type\":\"SearchAction\",\"target\":{\"@type\":\"EntryPoint\",\"urlTemplate\":\"https:\/\/www.personare.com.br\/servicos\/?s={search_term_string}\"},\"query-input\":\"required name=search_term_string\"}],\"inLanguage\":\"pt-BR\"},{\"@type\":\"Organization\",\"@id\":\"https:\/\/www.personare.com.br\/servicos\/#organization\",\"name\":\"Personare\",\"url\":\"https:\/\/www.personare.com.br\/servicos\/\",\"sameAs\":[],\"logo\":{\"@type\":\"ImageObject\",\"inLanguage\":\"pt-BR\",\"@id\":\"https:\/\/www.personare.com.br\/servicos\/#\/schema\/logo\/image\/\",\"url\":\"https:\/\/d2t4cfkrxg4dhd.cloudfront.net\/app\/uploads\/2021\/04\/70295ca5d3b1be44570b5e6d0854fa942edb2ab6.png\",\"contentUrl\":\"https:\/\/d2t4cfkrxg4dhd.cloudfront.net\/app\/uploads\/2021\/04\/70295ca5d3b1be44570b5e6d0854fa942edb2ab6.png\",\"width\":650,\"height\":554,\"caption\":\"Personare\"},\"image\":{\"@id\":\"https:\/\/www.personare.com.br\/servicos\/#\/schema\/logo\/image\/\"}}]}<\/script>\n<!-- \/ Yoast SEO plugin. -->","yoast_head_json":{"title":"Consulta de Tarot Online com Zoe de Camaris","description":"Zoe atende consultas de Tarot online respondendo quest\u00f5es referentes \u00e0 vida profissional, \u00e0s amizades, aos v\u00ednculos familiares e aos amores rom\u00e2nticos.","robots":{"index":"index","follow":"follow","max-snippet":"max-snippet:-1","max-image-preview":"max-image-preview:large","max-video-preview":"max-video-preview:-1"},"canonical":"https:\/\/www.personare.com.br\/servicos\/produto\/consulta-de-tarot-online\/","og_locale":"pt_BR","og_type":"article","og_title":"Consulta de Tarot Online com Zoe de Camaris","og_description":"Zoe atende consultas de Tarot online respondendo quest\u00f5es referentes \u00e0 vida profissional, \u00e0s amizades, aos v\u00ednculos familiares e aos amores rom\u00e2nticos.","og_url":"https:\/\/www.personare.com.br\/servicos\/produto\/consulta-de-tarot-online\/","og_site_name":"Personare Servi\u00e7os","article_modified_time":"2025-09-19T20:42:12+00:00","twitter_card":"summary_large_image","twitter_image":"https:\/\/d2t4cfkrxg4dhd.cloudfront.net\/app\/uploads\/2023\/03\/Zoe-de-Camaris-1.jpg","twitter_misc":{"Est. tempo de leitura":"1 minuto"},"schema":{"@context":"https:\/\/schema.org","@graph":[{"@type":"WebPage","@id":"https:\/\/www.personare.com.br\/servicos\/produto\/consulta-de-tarot-online\/","url":"https:\/\/www.personare.com.br\/servicos\/produto\/consulta-de-tarot-online\/","name":"Consulta de Tarot Online com Zoe de Camaris","isPartOf":{"@id":"https:\/\/www.personare.com.br\/servicos\/#website"},"datePublished":"2023-03-20T19:38:12+00:00","dateModified":"2025-09-19T20:42:12+00:00","description":"Zoe atende consultas de Tarot online respondendo quest\u00f5es referentes \u00e0 vida profissional, \u00e0s amizades, aos v\u00ednculos familiares e aos amores rom\u00e2nticos.","breadcrumb":{"@id":"https:\/\/www.personare.com.br\/servicos\/produto\/consulta-de-tarot-online\/#breadcrumb"},"inLanguage":"pt-BR","potentialAction":[{"@type":"ReadAction","target":["https:\/\/www.personare.com.br\/servicos\/produto\/consulta-de-tarot-online\/"]}]},{"@type":"BreadcrumbList","@id":"https:\/\/www.personare.com.br\/servicos\/produto\/consulta-de-tarot-online\/#breadcrumb","itemListElement":[{"@type":"ListItem","position":1,"name":"In\u00edcio","item":"https:\/\/www.personare.com.br\/servicos\/"},{"@type":"ListItem","position":2,"name":"Loja","item":"https:\/\/www.personare.com.br\/servicos\/busca\/"},{"@type":"ListItem","position":3,"name":"Consulta de Tarot Online"}]},{"@type":"WebSite","@id":"https:\/\/www.personare.com.br\/servicos\/#website","url":"https:\/\/www.personare.com.br\/servicos\/","name":"Personare Servi\u00e7os","description":"Agende Consultas e Terapias Online no Personare","publisher":{"@id":"https:\/\/www.personare.com.br\/servicos\/#organization"},"potentialAction":[{"@type":"SearchAction","target":{"@type":"EntryPoint","urlTemplate":"https:\/\/www.personare.com.br\/servicos\/?s={search_term_string}"},"query-input":"required name=search_term_string"}],"inLanguage":"pt-BR"},{"@type":"Organization","@id":"https:\/\/www.personare.com.br\/servicos\/#organization","name":"Personare","url":"https:\/\/www.personare.com.br\/servicos\/","sameAs":[],"logo":{"@type":"ImageObject","inLanguage":"pt-BR","@id":"https:\/\/www.personare.com.br\/servicos\/#\/schema\/logo\/image\/","url":"https:\/\/d2t4cfkrxg4dhd.cloudfront.net\/app\/uploads\/2021\/04\/70295ca5d3b1be44570b5e6d0854fa942edb2ab6.png","contentUrl":"https:\/\/d2t4cfkrxg4dhd.cloudfront.net\/app\/uploads\/2021\/04\/70295ca5d3b1be44570b5e6d0854fa942edb2ab6.png","width":650,"height":554,"caption":"Personare"},"image":{"@id":"https:\/\/www.personare.com.br\/servicos\/#\/schema\/logo\/image\/"}}]}},"_links":{"self":[{"href":"https:\/\/www.personare.com.br\/servicos\/wp-json\/wp\/v2\/product\/6111"}],"collection":[{"href":"https:\/\/www.personare.com.br\/servicos\/wp-json\/wp\/v2\/product"}],"about":[{"href":"https:\/\/www.personare.com.br\/servicos\/wp-json\/wp\/v2\/types\/product"}],"replies":[{"embeddable":true,"href":"https:\/\/www.personare.com.br\/servicos\/wp-json\/wp\/v2\/comments?post=6111"}],"version-history":[{"count":2,"href":"https:\/\/www.personare.com.br\/servicos\/wp-json\/wp\/v2\/product\/6111\/revisions"}],"predecessor-version":[{"id":14141,"href":"https:\/\/www.personare.com.br\/servicos\/wp-json\/wp\/v2\/product\/6111\/revisions\/14141"}],"wp:featuredmedia":[{"embeddable":true,"href":"https:\/\/www.personare.com.br\/servicos\/wp-json\/wp\/v2\/media\/12038"}],"wp:attachment":[{"href":"https:\/\/www.personare.com.br\/servicos\/wp-json\/wp\/v2\/media?parent=6111"}],"wp:term":[{"taxonomy":"product_brand","embeddable":true,"href":"https:\/\/www.personare.com.br\/servicos\/wp-json\/wp\/v2\/product_brand?post=6111"},{"taxonomy":"product_cat","embeddable":true,"href":"https:\/\/www.personare.com.br\/servicos\/wp-json\/wp\/v2\/product_cat?post=6111"},{"taxonomy":"product_tag","embeddable":true,"href":"https:\/\/www.personare.com.br\/servicos\/wp-json\/wp\/v2\/product_tag?post=6111"},{"taxonomy":"areas-da-vida","embeddable":true,"href":"https:\/\/www.personare.com.br\/servicos\/wp-json\/wp\/v2\/areas-da-vida?post=6111"},{"taxonomy":"estudos-e-terapias","embeddable":true,"href":"https:\/\/www.personare.com.br\/servicos\/wp-json\/wp\/v2\/estudos-e-terapias?post=6111"},{"taxonomy":"dores-e-objetivos","embeddable":true,"href":"https:\/\/www.personare.com.br\/servicos\/wp-json\/wp\/v2\/dores-e-objetivos?post=6111"}],"curies":[{"name":"wp","href":"https:\/\/api.w.org\/{rel}","templated":true}]}}