{"id":605,"date":"2023-04-11T19:20:57","date_gmt":"2023-04-11T22:20:57","guid":{"rendered":"https:\/\/www.personare.com.br\/servicos\/?post_type=product&#038;p=605"},"modified":"2024-08-22T11:58:47","modified_gmt":"2024-08-22T14:58:47","slug":"leitura-de-tarot-para-ampliacao-de-consciencia","status":"publish","type":"product","link":"https:\/\/www.personare.com.br\/servicos\/produto\/leitura-de-tarot-para-ampliacao-de-consciencia\/","title":{"rendered":"Leitura de tarot para amplia\u00e7\u00e3o de consci\u00eancia"},"content":{"rendered":"<p>Para quem est\u00e1 confuso com uma determinada situa\u00e7\u00e3o e quer maiores esclarecimentos sobre o assunto para ter a\u00e7\u00f5es mais assertivas sobre o mesmo.<\/p>\n<p>Para quem est\u00e1 muito envolvido emocionalmente com alguma quest\u00e3o importante e n\u00e3o est\u00e1 conseguindo ter discernimento acerca da situa\u00e7\u00e3o para tomar decis\u00f5es.<\/p>\n<p>Para quem sabe que est\u00e1 vivendo um momento importante de sua vida e quer ter mais clareza da situa\u00e7\u00e3o para aproveitar melhor as oportunidades.<\/p>\n<p>Para quem est\u00e1 insatisfeita com a vida que est\u00e1 levando e n\u00e3o sabe o que fazer para melhorar.<\/p>\n<p>Para quem est\u00e1 com problemas no trabalho e quer melhorar profissionalmente e\/ou financeiramente.<\/p>\n","protected":false},"excerpt":{"rendered":"<p>A leitura de tarot traz para voc\u00ea uma clareza sobre seu momento atual. O que est\u00e1 presente neste momento, quais as influ\u00eancias do passado que est\u00e3o atuando (conscientes e inconscientes) e quais caminhos consequentes poss\u00edveis, para que voc\u00ea possa escolher o que for mais alinhado com o futuro que voc\u00ea quer criar.<\/p>\n","protected":false},"featured_media":12012,"comment_status":"open","ping_status":"closed","template":"","meta":{"_acf_changed":false,"footnotes":""},"product_brand":[],"product_cat":[52],"product_tag":[],"areas-da-vida":[162,164,165,166,167,170],"estudos-e-terapias":[154,157],"dores-e-objetivos":[82,212,90,189,207,213,120,122,123],"acf":[],"yoast_head":"<!-- This site is optimized with the Yoast SEO plugin v19.6.1 - https:\/\/yoast.com\/wordpress\/plugins\/seo\/ -->\n<title>Leitura de tarot para amplia\u00e7\u00e3o de consci\u00eancia - Personare Servi\u00e7os<\/title>\n<meta name=\"description\" content=\"Leitura de tarot para amplia\u00e7\u00e3o de consci\u00eancia e melhoria transformadora na tomada de decis\u00f5es\" \/>\n<meta name=\"robots\" content=\"index, follow, max-snippet:-1, max-image-preview:large, max-video-preview:-1\" \/>\n<link rel=\"canonical\" href=\"https:\/\/www.personare.com.br\/servicos\/produto\/leitura-de-tarot-para-ampliacao-de-consciencia\/\" \/>\n<meta property=\"og:locale\" content=\"pt_BR\" \/>\n<meta property=\"og:type\" content=\"article\" \/>\n<meta property=\"og:title\" content=\"Leitura de tarot para amplia\u00e7\u00e3o de consci\u00eancia - Personare Servi\u00e7os\" \/>\n<meta property=\"og:description\" content=\"Leitura de tarot para amplia\u00e7\u00e3o de consci\u00eancia e melhoria transformadora na tomada de decis\u00f5es\" \/>\n<meta property=\"og:url\" content=\"https:\/\/www.personare.com.br\/servicos\/produto\/leitura-de-tarot-para-ampliacao-de-consciencia\/\" \/>\n<meta property=\"og:site_name\" content=\"Personare Servi\u00e7os\" \/>\n<meta property=\"article:modified_time\" content=\"2024-08-22T14:58:47+00:00\" \/>\n<meta property=\"og:image\" content=\"https:\/\/d2t4cfkrxg4dhd.cloudfront.net\/app\/uploads\/2021\/04\/03.jpg\" \/>\n\t<meta property=\"og:image:width\" content=\"160\" \/>\n\t<meta property=\"og:image:height\" content=\"107\" \/>\n\t<meta property=\"og:image:type\" content=\"image\/jpeg\" \/>\n<meta name=\"twitter:card\" content=\"summary_large_image\" \/>\n<meta name=\"twitter:label1\" content=\"Est. tempo de leitura\" \/>\n\t<meta name=\"twitter:data1\" content=\"1 minuto\" \/>\n<script type=\"application\/ld+json\" class=\"yoast-schema-graph\">{\"@context\":\"https:\/\/schema.org\",\"@graph\":[{\"@type\":\"WebPage\",\"@id\":\"https:\/\/www.personare.com.br\/servicos\/produto\/leitura-de-tarot-para-ampliacao-de-consciencia\/\",\"url\":\"https:\/\/www.personare.com.br\/servicos\/produto\/leitura-de-tarot-para-ampliacao-de-consciencia\/\",\"name\":\"Leitura de tarot para amplia\u00e7\u00e3o de consci\u00eancia - Personare Servi\u00e7os\",\"isPartOf\":{\"@id\":\"https:\/\/www.personare.com.br\/servicos\/#website\"},\"datePublished\":\"2023-04-11T22:20:57+00:00\",\"dateModified\":\"2024-08-22T14:58:47+00:00\",\"description\":\"Leitura de tarot para amplia\u00e7\u00e3o de consci\u00eancia e melhoria transformadora na tomada de decis\u00f5es\",\"breadcrumb\":{\"@id\":\"https:\/\/www.personare.com.br\/servicos\/produto\/leitura-de-tarot-para-ampliacao-de-consciencia\/#breadcrumb\"},\"inLanguage\":\"pt-BR\",\"potentialAction\":[{\"@type\":\"ReadAction\",\"target\":[\"https:\/\/www.personare.com.br\/servicos\/produto\/leitura-de-tarot-para-ampliacao-de-consciencia\/\"]}]},{\"@type\":\"BreadcrumbList\",\"@id\":\"https:\/\/www.personare.com.br\/servicos\/produto\/leitura-de-tarot-para-ampliacao-de-consciencia\/#breadcrumb\",\"itemListElement\":[{\"@type\":\"ListItem\",\"position\":1,\"name\":\"In\u00edcio\",\"item\":\"https:\/\/www.personare.com.br\/servicos\/\"},{\"@type\":\"ListItem\",\"position\":2,\"name\":\"Loja\",\"item\":\"https:\/\/www.personare.com.br\/servicos\/busca\/\"},{\"@type\":\"ListItem\",\"position\":3,\"name\":\"Leitura de tarot para amplia\u00e7\u00e3o de consci\u00eancia\"}]},{\"@type\":\"WebSite\",\"@id\":\"https:\/\/www.personare.com.br\/servicos\/#website\",\"url\":\"https:\/\/www.personare.com.br\/servicos\/\",\"name\":\"Personare Servi\u00e7os\",\"description\":\"Agende Consultas e Terapias Online no Personare\",\"publisher\":{\"@id\":\"https:\/\/www.personare.com.br\/servicos\/#organization\"},\"potentialAction\":[{\"@type\":\"SearchAction\",\"target\":{\"@type\":\"EntryPoint\",\"urlTemplate\":\"https:\/\/www.personare.com.br\/servicos\/?s={search_term_string}\"},\"query-input\":\"required name=search_term_string\"}],\"inLanguage\":\"pt-BR\"},{\"@type\":\"Organization\",\"@id\":\"https:\/\/www.personare.com.br\/servicos\/#organization\",\"name\":\"Personare\",\"url\":\"https:\/\/www.personare.com.br\/servicos\/\",\"sameAs\":[],\"logo\":{\"@type\":\"ImageObject\",\"inLanguage\":\"pt-BR\",\"@id\":\"https:\/\/www.personare.com.br\/servicos\/#\/schema\/logo\/image\/\",\"url\":\"https:\/\/d2t4cfkrxg4dhd.cloudfront.net\/app\/uploads\/2021\/04\/70295ca5d3b1be44570b5e6d0854fa942edb2ab6.png\",\"contentUrl\":\"https:\/\/d2t4cfkrxg4dhd.cloudfront.net\/app\/uploads\/2021\/04\/70295ca5d3b1be44570b5e6d0854fa942edb2ab6.png\",\"width\":650,\"height\":554,\"caption\":\"Personare\"},\"image\":{\"@id\":\"https:\/\/www.personare.com.br\/servicos\/#\/schema\/logo\/image\/\"}}]}<\/script>\n<!-- \/ Yoast SEO plugin. -->","yoast_head_json":{"title":"Leitura de tarot para amplia\u00e7\u00e3o de consci\u00eancia - Personare Servi\u00e7os","description":"Leitura de tarot para amplia\u00e7\u00e3o de consci\u00eancia e melhoria transformadora na tomada de decis\u00f5es","robots":{"index":"index","follow":"follow","max-snippet":"max-snippet:-1","max-image-preview":"max-image-preview:large","max-video-preview":"max-video-preview:-1"},"canonical":"https:\/\/www.personare.com.br\/servicos\/produto\/leitura-de-tarot-para-ampliacao-de-consciencia\/","og_locale":"pt_BR","og_type":"article","og_title":"Leitura de tarot para amplia\u00e7\u00e3o de consci\u00eancia - Personare Servi\u00e7os","og_description":"Leitura de tarot para amplia\u00e7\u00e3o de consci\u00eancia e melhoria transformadora na tomada de decis\u00f5es","og_url":"https:\/\/www.personare.com.br\/servicos\/produto\/leitura-de-tarot-para-ampliacao-de-consciencia\/","og_site_name":"Personare Servi\u00e7os","article_modified_time":"2024-08-22T14:58:47+00:00","og_image":[{"width":160,"height":107,"url":"https:\/\/d2t4cfkrxg4dhd.cloudfront.net\/app\/uploads\/2021\/04\/03.jpg","type":"image\/jpeg"}],"twitter_card":"summary_large_image","twitter_misc":{"Est. tempo de leitura":"1 minuto"},"schema":{"@context":"https:\/\/schema.org","@graph":[{"@type":"WebPage","@id":"https:\/\/www.personare.com.br\/servicos\/produto\/leitura-de-tarot-para-ampliacao-de-consciencia\/","url":"https:\/\/www.personare.com.br\/servicos\/produto\/leitura-de-tarot-para-ampliacao-de-consciencia\/","name":"Leitura de tarot para amplia\u00e7\u00e3o de consci\u00eancia - Personare Servi\u00e7os","isPartOf":{"@id":"https:\/\/www.personare.com.br\/servicos\/#website"},"datePublished":"2023-04-11T22:20:57+00:00","dateModified":"2024-08-22T14:58:47+00:00","description":"Leitura de tarot para amplia\u00e7\u00e3o de consci\u00eancia e melhoria transformadora na tomada de decis\u00f5es","breadcrumb":{"@id":"https:\/\/www.personare.com.br\/servicos\/produto\/leitura-de-tarot-para-ampliacao-de-consciencia\/#breadcrumb"},"inLanguage":"pt-BR","potentialAction":[{"@type":"ReadAction","target":["https:\/\/www.personare.com.br\/servicos\/produto\/leitura-de-tarot-para-ampliacao-de-consciencia\/"]}]},{"@type":"BreadcrumbList","@id":"https:\/\/www.personare.com.br\/servicos\/produto\/leitura-de-tarot-para-ampliacao-de-consciencia\/#breadcrumb","itemListElement":[{"@type":"ListItem","position":1,"name":"In\u00edcio","item":"https:\/\/www.personare.com.br\/servicos\/"},{"@type":"ListItem","position":2,"name":"Loja","item":"https:\/\/www.personare.com.br\/servicos\/busca\/"},{"@type":"ListItem","position":3,"name":"Leitura de tarot para amplia\u00e7\u00e3o de consci\u00eancia"}]},{"@type":"WebSite","@id":"https:\/\/www.personare.com.br\/servicos\/#website","url":"https:\/\/www.personare.com.br\/servicos\/","name":"Personare Servi\u00e7os","description":"Agende Consultas e Terapias Online no Personare","publisher":{"@id":"https:\/\/www.personare.com.br\/servicos\/#organization"},"potentialAction":[{"@type":"SearchAction","target":{"@type":"EntryPoint","urlTemplate":"https:\/\/www.personare.com.br\/servicos\/?s={search_term_string}"},"query-input":"required name=search_term_string"}],"inLanguage":"pt-BR"},{"@type":"Organization","@id":"https:\/\/www.personare.com.br\/servicos\/#organization","name":"Personare","url":"https:\/\/www.personare.com.br\/servicos\/","sameAs":[],"logo":{"@type":"ImageObject","inLanguage":"pt-BR","@id":"https:\/\/www.personare.com.br\/servicos\/#\/schema\/logo\/image\/","url":"https:\/\/d2t4cfkrxg4dhd.cloudfront.net\/app\/uploads\/2021\/04\/70295ca5d3b1be44570b5e6d0854fa942edb2ab6.png","contentUrl":"https:\/\/d2t4cfkrxg4dhd.cloudfront.net\/app\/uploads\/2021\/04\/70295ca5d3b1be44570b5e6d0854fa942edb2ab6.png","width":650,"height":554,"caption":"Personare"},"image":{"@id":"https:\/\/www.personare.com.br\/servicos\/#\/schema\/logo\/image\/"}}]}},"_links":{"self":[{"href":"https:\/\/www.personare.com.br\/servicos\/wp-json\/wp\/v2\/product\/605"}],"collection":[{"href":"https:\/\/www.personare.com.br\/servicos\/wp-json\/wp\/v2\/product"}],"about":[{"href":"https:\/\/www.personare.com.br\/servicos\/wp-json\/wp\/v2\/types\/product"}],"replies":[{"embeddable":true,"href":"https:\/\/www.personare.com.br\/servicos\/wp-json\/wp\/v2\/comments?post=605"}],"version-history":[{"count":2,"href":"https:\/\/www.personare.com.br\/servicos\/wp-json\/wp\/v2\/product\/605\/revisions"}],"predecessor-version":[{"id":14140,"href":"https:\/\/www.personare.com.br\/servicos\/wp-json\/wp\/v2\/product\/605\/revisions\/14140"}],"wp:featuredmedia":[{"embeddable":true,"href":"https:\/\/www.personare.com.br\/servicos\/wp-json\/wp\/v2\/media\/12012"}],"wp:attachment":[{"href":"https:\/\/www.personare.com.br\/servicos\/wp-json\/wp\/v2\/media?parent=605"}],"wp:term":[{"taxonomy":"product_brand","embeddable":true,"href":"https:\/\/www.personare.com.br\/servicos\/wp-json\/wp\/v2\/product_brand?post=605"},{"taxonomy":"product_cat","embeddable":true,"href":"https:\/\/www.personare.com.br\/servicos\/wp-json\/wp\/v2\/product_cat?post=605"},{"taxonomy":"product_tag","embeddable":true,"href":"https:\/\/www.personare.com.br\/servicos\/wp-json\/wp\/v2\/product_tag?post=605"},{"taxonomy":"areas-da-vida","embeddable":true,"href":"https:\/\/www.personare.com.br\/servicos\/wp-json\/wp\/v2\/areas-da-vida?post=605"},{"taxonomy":"estudos-e-terapias","embeddable":true,"href":"https:\/\/www.personare.com.br\/servicos\/wp-json\/wp\/v2\/estudos-e-terapias?post=605"},{"taxonomy":"dores-e-objetivos","embeddable":true,"href":"https:\/\/www.personare.com.br\/servicos\/wp-json\/wp\/v2\/dores-e-objetivos?post=605"}],"curies":[{"name":"wp","href":"https:\/\/api.w.org\/{rel}","templated":true}]}}