{"id":604,"date":"2021-06-25T11:25:32","date_gmt":"2021-06-25T14:25:32","guid":{"rendered":"https:\/\/www.personare.com.br\/servicos\/?post_type=product&#038;p=604"},"modified":"2025-07-31T11:05:57","modified_gmt":"2025-07-31T14:05:57","slug":"mesa-frequencial-arcturus-para-apometria","status":"publish","type":"product","link":"https:\/\/www.personare.com.br\/servicos\/produto\/mesa-frequencial-arcturus-para-apometria\/","title":{"rendered":"Apometria: Resgate Multidimensional e Desligamento Vibracional"},"content":{"rendered":"<p>A Mesa Frequencial Arcturus para Apometria \u00e9 uma t\u00e9cnica que trabalha nos campos de desdobramento multidimensional e \u00e9 indicada para tratar uma variedade de condi\u00e7\u00f5es f\u00edsicas, mentais e emocionais.<br \/>\nPessoas que percebem uma influ\u00eancia energ\u00e9tica negativa: para quem est\u00e1 enfrentando pensamentos negativos persistentes e\/ou intrusivos, sentimentos de ang\u00fastia, tristeza profunda ou at\u00e9 mesmo problemas de sa\u00fade inexplic\u00e1veis, a apometria pode ser indicada para ajudar a tratar a influ\u00eancia energ\u00e9tica negativa que pode estar afetando sua energia e bem-estar.<br \/>\nPessoas em busca de cuidados: Quando os desequil\u00edbrios f\u00edsicos n\u00e3o respondem ao tratamento convencional, a apometria oferece a possibilidade de cuidados espirituais. Se voc\u00ea procura alternativas para tratar problemas de sa\u00fade complexos, esse servi\u00e7o pode ser uma op\u00e7\u00e3o para explorar.<br \/>\nPessoas com problemas emocionais sem motivos aparentes: para quem lida com quest\u00f5es emocionais como tristeza constante e\/ou profunda, ansiedade ou fobias, a apometria pode ser uma ferramenta para ajudar a desbloquear e liberar padr\u00f5es emocionais que podem estar afetando sua qualidade de vida.<br \/>\nPessoas com desequil\u00edbrios f\u00edsicos persistentes: para quem sofre de dores ou desequil\u00edbrios f\u00edsicos cr\u00f4nicos ou outros problemas f\u00edsicos que n\u00e3o encontram al\u00edvio nas abordagens convencionais, a apometria pode oferecer uma abordagem complementar para trabalhar as quest\u00f5es energ\u00e9ticas subjacentes.<br \/>\nPessoas interessadas em lidar com dimens\u00f5es energ\u00e9ticas e multidimensionais: para quem est\u00e1 aberto a explorar as dimens\u00f5es sutis da energia e a influ\u00eancia espiritual em sua vida, a apometria pode ser um caminho para lidar com aspectos energ\u00e9ticos e padr\u00f5es sutis que podem estar impactando sua jornada.<br \/>\nPessoas que buscam uma abordagem hol\u00edstica: que considere n\u00e3o apenas os aspectos f\u00edsicos, mas tamb\u00e9m os emocionais e energ\u00e9ticos da sa\u00fade, a apometria oferece essa perspectiva abrangente.<br \/>\nPessoas em busca de autoconhecimento: para quem est\u00e1 em uma jornada de autoconhecimento e deseja compreender melhor os aspectos sutis da sua exist\u00eancia, a apometria pode ser uma ferramenta para explorar a rela\u00e7\u00e3o entre sua energia e seu bem-estar.<\/p>\n","protected":false},"excerpt":{"rendered":"<p>A terapeuta Simone Kobayashi, com mais de 20 anos de experi\u00eancia em variadas t\u00e9cnicas de terapias hol\u00edsticas e vibracionais, idealizadora e co-criadora da Mesa Frequencial Arcturus, ferramenta usada para localizar a frequ\u00eancia que se est\u00e1 no momento e quais as \u00e1reas e dimens\u00f5es em desequil\u00edbrio, limpando, modulando e equilibrando, vamos abrindo mais possibilidades de melhoria, tantas que s\u00e3o separadas por n\u00edveis.\u00a0<br \/>\nA terapeuta utiliza a Mesa Frequencial Arcturus para a localiza\u00e7\u00e3o e resgate das partes, part\u00edculas, fractais, seres e corpos multidimensionais dos campos, atrav\u00e9s de todas as dimens\u00f5es, tempos, espa\u00e7os, realidades e paralelas. E conduz o trabalho para que essas partes sejam reconhecidas, acolhidas, conscientizadas e encaminhadas aos melhores locais para serem cuidadas, completamente regeneradas e reconstitu\u00eddas na Luz, Paz, Amor e Evolu\u00e7\u00e3o em seu estado Divino e Perfeito.<br \/>\nPara essa sess\u00e3o:\u00a0 Localiza\u00e7\u00e3o e encaminhamento de seres e tamb\u00e9m nossas partes, fractais e similares para os melhores e mais indicados locais que atuar\u00e3o diretamente na eleva\u00e7\u00e3o e ascens\u00e3o frequencial de cada um deles de acordo com o que for necess\u00e1rio.<\/p>\n","protected":false},"featured_media":12050,"comment_status":"open","ping_status":"closed","template":"","meta":{"_acf_changed":false,"footnotes":""},"product_brand":[],"product_cat":[52],"product_tag":[],"areas-da-vida":[162,163,164,165,166,167,168,169,171],"estudos-e-terapias":[126,127,134,139,140,148,156,158],"dores-e-objetivos":[81,82,83,84,85,86,87,88,89,90,91,92,96,97,99,102,103,104,105,107,108,109,111,113,114,115,116,117,118,119,121,122,123],"acf":[],"yoast_head":"<!-- This site is optimized with the Yoast SEO plugin v19.6.1 - https:\/\/yoast.com\/wordpress\/plugins\/seo\/ -->\n<title>Apometria: Resgate Multidimensional e Desligamento Vibracional - Personare Servi\u00e7os<\/title>\n<meta name=\"description\" content=\"Simone Kobayashi \u00e9 uma terapeuta com mais de 20 anos de experi\u00eancia em variadas t\u00e9cnicas de terapias hol\u00edsticas e vibracionais.\" \/>\n<meta name=\"robots\" content=\"index, follow, max-snippet:-1, max-image-preview:large, max-video-preview:-1\" \/>\n<link rel=\"canonical\" href=\"https:\/\/www.personare.com.br\/servicos\/produto\/mesa-frequencial-arcturus-para-apometria\/\" \/>\n<meta property=\"og:locale\" content=\"pt_BR\" \/>\n<meta property=\"og:type\" content=\"article\" \/>\n<meta property=\"og:title\" content=\"Apometria: Resgate Multidimensional e Desligamento Vibracional - Personare Servi\u00e7os\" \/>\n<meta property=\"og:description\" content=\"Simone Kobayashi \u00e9 uma terapeuta com mais de 20 anos de experi\u00eancia em variadas t\u00e9cnicas de terapias hol\u00edsticas e vibracionais.\" \/>\n<meta property=\"og:url\" content=\"https:\/\/www.personare.com.br\/servicos\/produto\/mesa-frequencial-arcturus-para-apometria\/\" \/>\n<meta property=\"og:site_name\" content=\"Personare Servi\u00e7os\" \/>\n<meta property=\"article:modified_time\" content=\"2025-07-31T14:05:57+00:00\" \/>\n<meta property=\"og:image\" content=\"https:\/\/d2t4cfkrxg4dhd.cloudfront.net\/app\/uploads\/2021\/06\/8Sb5oJdvRfpK80VfkY.jpeg\" \/>\n\t<meta property=\"og:image:width\" content=\"1280\" \/>\n\t<meta property=\"og:image:height\" content=\"853\" \/>\n\t<meta property=\"og:image:type\" content=\"image\/jpeg\" \/>\n<meta name=\"twitter:card\" content=\"summary_large_image\" \/>\n<meta name=\"twitter:label1\" content=\"Est. tempo de leitura\" \/>\n\t<meta name=\"twitter:data1\" content=\"2 minutos\" \/>\n<script type=\"application\/ld+json\" class=\"yoast-schema-graph\">{\"@context\":\"https:\/\/schema.org\",\"@graph\":[{\"@type\":\"WebPage\",\"@id\":\"https:\/\/www.personare.com.br\/servicos\/produto\/mesa-frequencial-arcturus-para-apometria\/\",\"url\":\"https:\/\/www.personare.com.br\/servicos\/produto\/mesa-frequencial-arcturus-para-apometria\/\",\"name\":\"Apometria: Resgate Multidimensional e Desligamento Vibracional - Personare Servi\u00e7os\",\"isPartOf\":{\"@id\":\"https:\/\/www.personare.com.br\/servicos\/#website\"},\"datePublished\":\"2021-06-25T14:25:32+00:00\",\"dateModified\":\"2025-07-31T14:05:57+00:00\",\"description\":\"Simone Kobayashi \u00e9 uma terapeuta com mais de 20 anos de experi\u00eancia em variadas t\u00e9cnicas de terapias hol\u00edsticas e vibracionais.\",\"breadcrumb\":{\"@id\":\"https:\/\/www.personare.com.br\/servicos\/produto\/mesa-frequencial-arcturus-para-apometria\/#breadcrumb\"},\"inLanguage\":\"pt-BR\",\"potentialAction\":[{\"@type\":\"ReadAction\",\"target\":[\"https:\/\/www.personare.com.br\/servicos\/produto\/mesa-frequencial-arcturus-para-apometria\/\"]}]},{\"@type\":\"BreadcrumbList\",\"@id\":\"https:\/\/www.personare.com.br\/servicos\/produto\/mesa-frequencial-arcturus-para-apometria\/#breadcrumb\",\"itemListElement\":[{\"@type\":\"ListItem\",\"position\":1,\"name\":\"In\u00edcio\",\"item\":\"https:\/\/www.personare.com.br\/servicos\/\"},{\"@type\":\"ListItem\",\"position\":2,\"name\":\"Loja\",\"item\":\"https:\/\/www.personare.com.br\/servicos\/busca\/\"},{\"@type\":\"ListItem\",\"position\":3,\"name\":\"Apometria: Resgate Multidimensional e Desligamento Vibracional\"}]},{\"@type\":\"WebSite\",\"@id\":\"https:\/\/www.personare.com.br\/servicos\/#website\",\"url\":\"https:\/\/www.personare.com.br\/servicos\/\",\"name\":\"Personare Servi\u00e7os\",\"description\":\"Agende Consultas e Terapias Online no Personare\",\"publisher\":{\"@id\":\"https:\/\/www.personare.com.br\/servicos\/#organization\"},\"potentialAction\":[{\"@type\":\"SearchAction\",\"target\":{\"@type\":\"EntryPoint\",\"urlTemplate\":\"https:\/\/www.personare.com.br\/servicos\/?s={search_term_string}\"},\"query-input\":\"required name=search_term_string\"}],\"inLanguage\":\"pt-BR\"},{\"@type\":\"Organization\",\"@id\":\"https:\/\/www.personare.com.br\/servicos\/#organization\",\"name\":\"Personare\",\"url\":\"https:\/\/www.personare.com.br\/servicos\/\",\"sameAs\":[],\"logo\":{\"@type\":\"ImageObject\",\"inLanguage\":\"pt-BR\",\"@id\":\"https:\/\/www.personare.com.br\/servicos\/#\/schema\/logo\/image\/\",\"url\":\"https:\/\/d2t4cfkrxg4dhd.cloudfront.net\/app\/uploads\/2021\/04\/70295ca5d3b1be44570b5e6d0854fa942edb2ab6.png\",\"contentUrl\":\"https:\/\/d2t4cfkrxg4dhd.cloudfront.net\/app\/uploads\/2021\/04\/70295ca5d3b1be44570b5e6d0854fa942edb2ab6.png\",\"width\":650,\"height\":554,\"caption\":\"Personare\"},\"image\":{\"@id\":\"https:\/\/www.personare.com.br\/servicos\/#\/schema\/logo\/image\/\"}}]}<\/script>\n<!-- \/ Yoast SEO plugin. -->","yoast_head_json":{"title":"Apometria: Resgate Multidimensional e Desligamento Vibracional - Personare Servi\u00e7os","description":"Simone Kobayashi \u00e9 uma terapeuta com mais de 20 anos de experi\u00eancia em variadas t\u00e9cnicas de terapias hol\u00edsticas e vibracionais.","robots":{"index":"index","follow":"follow","max-snippet":"max-snippet:-1","max-image-preview":"max-image-preview:large","max-video-preview":"max-video-preview:-1"},"canonical":"https:\/\/www.personare.com.br\/servicos\/produto\/mesa-frequencial-arcturus-para-apometria\/","og_locale":"pt_BR","og_type":"article","og_title":"Apometria: Resgate Multidimensional e Desligamento Vibracional - Personare Servi\u00e7os","og_description":"Simone Kobayashi \u00e9 uma terapeuta com mais de 20 anos de experi\u00eancia em variadas t\u00e9cnicas de terapias hol\u00edsticas e vibracionais.","og_url":"https:\/\/www.personare.com.br\/servicos\/produto\/mesa-frequencial-arcturus-para-apometria\/","og_site_name":"Personare Servi\u00e7os","article_modified_time":"2025-07-31T14:05:57+00:00","og_image":[{"width":1280,"height":853,"url":"https:\/\/d2t4cfkrxg4dhd.cloudfront.net\/app\/uploads\/2021\/06\/8Sb5oJdvRfpK80VfkY.jpeg","type":"image\/jpeg"}],"twitter_card":"summary_large_image","twitter_misc":{"Est. tempo de leitura":"2 minutos"},"schema":{"@context":"https:\/\/schema.org","@graph":[{"@type":"WebPage","@id":"https:\/\/www.personare.com.br\/servicos\/produto\/mesa-frequencial-arcturus-para-apometria\/","url":"https:\/\/www.personare.com.br\/servicos\/produto\/mesa-frequencial-arcturus-para-apometria\/","name":"Apometria: Resgate Multidimensional e Desligamento Vibracional - Personare Servi\u00e7os","isPartOf":{"@id":"https:\/\/www.personare.com.br\/servicos\/#website"},"datePublished":"2021-06-25T14:25:32+00:00","dateModified":"2025-07-31T14:05:57+00:00","description":"Simone Kobayashi \u00e9 uma terapeuta com mais de 20 anos de experi\u00eancia em variadas t\u00e9cnicas de terapias hol\u00edsticas e vibracionais.","breadcrumb":{"@id":"https:\/\/www.personare.com.br\/servicos\/produto\/mesa-frequencial-arcturus-para-apometria\/#breadcrumb"},"inLanguage":"pt-BR","potentialAction":[{"@type":"ReadAction","target":["https:\/\/www.personare.com.br\/servicos\/produto\/mesa-frequencial-arcturus-para-apometria\/"]}]},{"@type":"BreadcrumbList","@id":"https:\/\/www.personare.com.br\/servicos\/produto\/mesa-frequencial-arcturus-para-apometria\/#breadcrumb","itemListElement":[{"@type":"ListItem","position":1,"name":"In\u00edcio","item":"https:\/\/www.personare.com.br\/servicos\/"},{"@type":"ListItem","position":2,"name":"Loja","item":"https:\/\/www.personare.com.br\/servicos\/busca\/"},{"@type":"ListItem","position":3,"name":"Apometria: Resgate Multidimensional e Desligamento Vibracional"}]},{"@type":"WebSite","@id":"https:\/\/www.personare.com.br\/servicos\/#website","url":"https:\/\/www.personare.com.br\/servicos\/","name":"Personare Servi\u00e7os","description":"Agende Consultas e Terapias Online no Personare","publisher":{"@id":"https:\/\/www.personare.com.br\/servicos\/#organization"},"potentialAction":[{"@type":"SearchAction","target":{"@type":"EntryPoint","urlTemplate":"https:\/\/www.personare.com.br\/servicos\/?s={search_term_string}"},"query-input":"required name=search_term_string"}],"inLanguage":"pt-BR"},{"@type":"Organization","@id":"https:\/\/www.personare.com.br\/servicos\/#organization","name":"Personare","url":"https:\/\/www.personare.com.br\/servicos\/","sameAs":[],"logo":{"@type":"ImageObject","inLanguage":"pt-BR","@id":"https:\/\/www.personare.com.br\/servicos\/#\/schema\/logo\/image\/","url":"https:\/\/d2t4cfkrxg4dhd.cloudfront.net\/app\/uploads\/2021\/04\/70295ca5d3b1be44570b5e6d0854fa942edb2ab6.png","contentUrl":"https:\/\/d2t4cfkrxg4dhd.cloudfront.net\/app\/uploads\/2021\/04\/70295ca5d3b1be44570b5e6d0854fa942edb2ab6.png","width":650,"height":554,"caption":"Personare"},"image":{"@id":"https:\/\/www.personare.com.br\/servicos\/#\/schema\/logo\/image\/"}}]}},"_links":{"self":[{"href":"https:\/\/www.personare.com.br\/servicos\/wp-json\/wp\/v2\/product\/604"}],"collection":[{"href":"https:\/\/www.personare.com.br\/servicos\/wp-json\/wp\/v2\/product"}],"about":[{"href":"https:\/\/www.personare.com.br\/servicos\/wp-json\/wp\/v2\/types\/product"}],"replies":[{"embeddable":true,"href":"https:\/\/www.personare.com.br\/servicos\/wp-json\/wp\/v2\/comments?post=604"}],"version-history":[{"count":3,"href":"https:\/\/www.personare.com.br\/servicos\/wp-json\/wp\/v2\/product\/604\/revisions"}],"predecessor-version":[{"id":21011,"href":"https:\/\/www.personare.com.br\/servicos\/wp-json\/wp\/v2\/product\/604\/revisions\/21011"}],"wp:featuredmedia":[{"embeddable":true,"href":"https:\/\/www.personare.com.br\/servicos\/wp-json\/wp\/v2\/media\/12050"}],"wp:attachment":[{"href":"https:\/\/www.personare.com.br\/servicos\/wp-json\/wp\/v2\/media?parent=604"}],"wp:term":[{"taxonomy":"product_brand","embeddable":true,"href":"https:\/\/www.personare.com.br\/servicos\/wp-json\/wp\/v2\/product_brand?post=604"},{"taxonomy":"product_cat","embeddable":true,"href":"https:\/\/www.personare.com.br\/servicos\/wp-json\/wp\/v2\/product_cat?post=604"},{"taxonomy":"product_tag","embeddable":true,"href":"https:\/\/www.personare.com.br\/servicos\/wp-json\/wp\/v2\/product_tag?post=604"},{"taxonomy":"areas-da-vida","embeddable":true,"href":"https:\/\/www.personare.com.br\/servicos\/wp-json\/wp\/v2\/areas-da-vida?post=604"},{"taxonomy":"estudos-e-terapias","embeddable":true,"href":"https:\/\/www.personare.com.br\/servicos\/wp-json\/wp\/v2\/estudos-e-terapias?post=604"},{"taxonomy":"dores-e-objetivos","embeddable":true,"href":"https:\/\/www.personare.com.br\/servicos\/wp-json\/wp\/v2\/dores-e-objetivos?post=604"}],"curies":[{"name":"wp","href":"https:\/\/api.w.org\/{rel}","templated":true}]}}