{"id":6016,"date":"2023-03-16T12:26:13","date_gmt":"2023-03-16T15:26:13","guid":{"rendered":"https:\/\/www.personare.com.br\/servicos\/?post_type=product&#038;p=6016"},"modified":"2026-01-15T15:40:45","modified_gmt":"2026-01-15T18:40:45","slug":"acolhimento-da-crianca-interior","status":"publish","type":"product","link":"https:\/\/www.personare.com.br\/servicos\/produto\/acolhimento-da-crianca-interior\/","title":{"rendered":"Acolhimento da Crian\u00e7a Interior"},"content":{"rendered":"<ul>\n<li>Adultos que t\u00eam dificuldade de relacionamento;<\/li>\n<li>Pessoas que sentem a vida travada;<\/li>\n<li>Adolescentes e jovens adultos em crise existencial;<\/li>\n<li>Pessoas que sentem falta de leveza na vida;<\/li>\n<li>Quem deseja ressignificar sua vida.<\/li>\n<\/ul>\n","protected":false},"excerpt":{"rendered":"<p>Como anda a sua crian\u00e7a interior? A forma como voc\u00ea reage a dificuldades na vida amorosa, profissional ou familiar pode ter por tr\u00e1s as suas viv\u00eancias da inf\u00e2ncia.<\/p>\n<p>Medos de receber cr\u00edticas, resist\u00eancia a mudan\u00e7as e desafios frequentes em relacionamentos podem ser dores ou decep\u00e7\u00f5es que voc\u00ea viveu quando crian\u00e7a e que permanecem no seu subconsciente.<\/p>\n<p>Ao longo de tr\u00eas encontros s\u00e3o resgatados momentos passados para cura e ressignifica\u00e7\u00e3o de quem voc\u00ea \u00e9 hoje. Acolha sua crian\u00e7a interior ferida, tendo a terapeuta Andrea Leandro como facilitadora. A jornada combina as ferramentas Brain Gym\u00ae, Reiki e Terapia Floral para possibilitar uma melhor resposta ao tratamento de suas feridas emocionais.<\/p>\n","protected":false},"featured_media":12020,"comment_status":"open","ping_status":"closed","template":"","meta":{"_acf_changed":false,"footnotes":""},"product_brand":[],"product_cat":[75,52],"product_tag":[],"areas-da-vida":[163,164,168],"estudos-e-terapias":[131,136,137,149],"dores-e-objetivos":[83,90,207,98,99,100,104,110,116,118,191],"acf":[],"yoast_head":"<!-- This site is optimized with the Yoast SEO plugin v19.6.1 - https:\/\/yoast.com\/wordpress\/plugins\/seo\/ -->\n<title>Acolhimento da Crian\u00e7a Interior - Personare Servi\u00e7os<\/title>\n<meta name=\"robots\" content=\"index, follow, max-snippet:-1, max-image-preview:large, max-video-preview:-1\" \/>\n<link rel=\"canonical\" href=\"https:\/\/www.personare.com.br\/servicos\/produto\/acolhimento-da-crianca-interior\/\" \/>\n<meta property=\"og:locale\" content=\"pt_BR\" \/>\n<meta property=\"og:type\" content=\"article\" \/>\n<meta property=\"og:title\" content=\"Acolhimento da Crian\u00e7a Interior - Personare Servi\u00e7os\" \/>\n<meta property=\"og:description\" content=\"Como anda a sua crian\u00e7a interior? A forma como voc\u00ea reage a dificuldades na vida amorosa, profissional ou familiar pode ter por tr\u00e1s as suas viv\u00eancias da inf\u00e2ncia.  Medos de receber cr\u00edticas, resist\u00eancia a mudan\u00e7as e desafios frequentes em relacionamentos podem ser dores ou decep\u00e7\u00f5es que voc\u00ea viveu quando crian\u00e7a e que permanecem no seu subconsciente.  Ao longo de tr\u00eas encontros s\u00e3o resgatados momentos passados para cura e ressignifica\u00e7\u00e3o de quem voc\u00ea \u00e9 hoje. Acolha sua crian\u00e7a interior ferida, tendo a terapeuta Andrea Leandro como facilitadora. A jornada combina as ferramentas Brain Gym\u00ae, Reiki e Terapia Floral para possibilitar uma melhor resposta ao tratamento de suas feridas emocionais.\" \/>\n<meta property=\"og:url\" content=\"https:\/\/www.personare.com.br\/servicos\/produto\/acolhimento-da-crianca-interior\/\" \/>\n<meta property=\"og:site_name\" content=\"Personare Servi\u00e7os\" \/>\n<meta property=\"article:modified_time\" content=\"2026-01-15T18:40:45+00:00\" \/>\n<meta property=\"og:image\" content=\"https:\/\/d2t4cfkrxg4dhd.cloudfront.net\/app\/uploads\/2021\/04\/Andrea-Leandro-2023.jpg\" \/>\n\t<meta property=\"og:image:width\" content=\"960\" \/>\n\t<meta property=\"og:image:height\" content=\"960\" \/>\n\t<meta property=\"og:image:type\" content=\"image\/jpeg\" \/>\n<meta name=\"twitter:card\" content=\"summary_large_image\" \/>\n<meta name=\"twitter:label1\" content=\"Est. tempo de leitura\" \/>\n\t<meta name=\"twitter:data1\" content=\"1 minuto\" \/>\n<script type=\"application\/ld+json\" class=\"yoast-schema-graph\">{\"@context\":\"https:\/\/schema.org\",\"@graph\":[{\"@type\":\"WebPage\",\"@id\":\"https:\/\/www.personare.com.br\/servicos\/produto\/acolhimento-da-crianca-interior\/\",\"url\":\"https:\/\/www.personare.com.br\/servicos\/produto\/acolhimento-da-crianca-interior\/\",\"name\":\"Acolhimento da Crian\u00e7a Interior - Personare Servi\u00e7os\",\"isPartOf\":{\"@id\":\"https:\/\/www.personare.com.br\/servicos\/#website\"},\"datePublished\":\"2023-03-16T15:26:13+00:00\",\"dateModified\":\"2026-01-15T18:40:45+00:00\",\"breadcrumb\":{\"@id\":\"https:\/\/www.personare.com.br\/servicos\/produto\/acolhimento-da-crianca-interior\/#breadcrumb\"},\"inLanguage\":\"pt-BR\",\"potentialAction\":[{\"@type\":\"ReadAction\",\"target\":[\"https:\/\/www.personare.com.br\/servicos\/produto\/acolhimento-da-crianca-interior\/\"]}]},{\"@type\":\"BreadcrumbList\",\"@id\":\"https:\/\/www.personare.com.br\/servicos\/produto\/acolhimento-da-crianca-interior\/#breadcrumb\",\"itemListElement\":[{\"@type\":\"ListItem\",\"position\":1,\"name\":\"In\u00edcio\",\"item\":\"https:\/\/www.personare.com.br\/servicos\/\"},{\"@type\":\"ListItem\",\"position\":2,\"name\":\"Loja\",\"item\":\"https:\/\/www.personare.com.br\/servicos\/busca\/\"},{\"@type\":\"ListItem\",\"position\":3,\"name\":\"Acolhimento da Crian\u00e7a Interior\"}]},{\"@type\":\"WebSite\",\"@id\":\"https:\/\/www.personare.com.br\/servicos\/#website\",\"url\":\"https:\/\/www.personare.com.br\/servicos\/\",\"name\":\"Personare Servi\u00e7os\",\"description\":\"Agende Consultas e Terapias Online no Personare\",\"publisher\":{\"@id\":\"https:\/\/www.personare.com.br\/servicos\/#organization\"},\"potentialAction\":[{\"@type\":\"SearchAction\",\"target\":{\"@type\":\"EntryPoint\",\"urlTemplate\":\"https:\/\/www.personare.com.br\/servicos\/?s={search_term_string}\"},\"query-input\":\"required name=search_term_string\"}],\"inLanguage\":\"pt-BR\"},{\"@type\":\"Organization\",\"@id\":\"https:\/\/www.personare.com.br\/servicos\/#organization\",\"name\":\"Personare\",\"url\":\"https:\/\/www.personare.com.br\/servicos\/\",\"sameAs\":[],\"logo\":{\"@type\":\"ImageObject\",\"inLanguage\":\"pt-BR\",\"@id\":\"https:\/\/www.personare.com.br\/servicos\/#\/schema\/logo\/image\/\",\"url\":\"https:\/\/d2t4cfkrxg4dhd.cloudfront.net\/app\/uploads\/2021\/04\/70295ca5d3b1be44570b5e6d0854fa942edb2ab6.png\",\"contentUrl\":\"https:\/\/d2t4cfkrxg4dhd.cloudfront.net\/app\/uploads\/2021\/04\/70295ca5d3b1be44570b5e6d0854fa942edb2ab6.png\",\"width\":650,\"height\":554,\"caption\":\"Personare\"},\"image\":{\"@id\":\"https:\/\/www.personare.com.br\/servicos\/#\/schema\/logo\/image\/\"}}]}<\/script>\n<!-- \/ Yoast SEO plugin. -->","yoast_head_json":{"title":"Acolhimento da Crian\u00e7a Interior - Personare Servi\u00e7os","robots":{"index":"index","follow":"follow","max-snippet":"max-snippet:-1","max-image-preview":"max-image-preview:large","max-video-preview":"max-video-preview:-1"},"canonical":"https:\/\/www.personare.com.br\/servicos\/produto\/acolhimento-da-crianca-interior\/","og_locale":"pt_BR","og_type":"article","og_title":"Acolhimento da Crian\u00e7a Interior - Personare Servi\u00e7os","og_description":"Como anda a sua crian\u00e7a interior? A forma como voc\u00ea reage a dificuldades na vida amorosa, profissional ou familiar pode ter por tr\u00e1s as suas viv\u00eancias da inf\u00e2ncia.  Medos de receber cr\u00edticas, resist\u00eancia a mudan\u00e7as e desafios frequentes em relacionamentos podem ser dores ou decep\u00e7\u00f5es que voc\u00ea viveu quando crian\u00e7a e que permanecem no seu subconsciente.  Ao longo de tr\u00eas encontros s\u00e3o resgatados momentos passados para cura e ressignifica\u00e7\u00e3o de quem voc\u00ea \u00e9 hoje. Acolha sua crian\u00e7a interior ferida, tendo a terapeuta Andrea Leandro como facilitadora. A jornada combina as ferramentas Brain Gym\u00ae, Reiki e Terapia Floral para possibilitar uma melhor resposta ao tratamento de suas feridas emocionais.","og_url":"https:\/\/www.personare.com.br\/servicos\/produto\/acolhimento-da-crianca-interior\/","og_site_name":"Personare Servi\u00e7os","article_modified_time":"2026-01-15T18:40:45+00:00","og_image":[{"width":960,"height":960,"url":"https:\/\/d2t4cfkrxg4dhd.cloudfront.net\/app\/uploads\/2021\/04\/Andrea-Leandro-2023.jpg","type":"image\/jpeg"}],"twitter_card":"summary_large_image","twitter_misc":{"Est. tempo de leitura":"1 minuto"},"schema":{"@context":"https:\/\/schema.org","@graph":[{"@type":"WebPage","@id":"https:\/\/www.personare.com.br\/servicos\/produto\/acolhimento-da-crianca-interior\/","url":"https:\/\/www.personare.com.br\/servicos\/produto\/acolhimento-da-crianca-interior\/","name":"Acolhimento da Crian\u00e7a Interior - Personare Servi\u00e7os","isPartOf":{"@id":"https:\/\/www.personare.com.br\/servicos\/#website"},"datePublished":"2023-03-16T15:26:13+00:00","dateModified":"2026-01-15T18:40:45+00:00","breadcrumb":{"@id":"https:\/\/www.personare.com.br\/servicos\/produto\/acolhimento-da-crianca-interior\/#breadcrumb"},"inLanguage":"pt-BR","potentialAction":[{"@type":"ReadAction","target":["https:\/\/www.personare.com.br\/servicos\/produto\/acolhimento-da-crianca-interior\/"]}]},{"@type":"BreadcrumbList","@id":"https:\/\/www.personare.com.br\/servicos\/produto\/acolhimento-da-crianca-interior\/#breadcrumb","itemListElement":[{"@type":"ListItem","position":1,"name":"In\u00edcio","item":"https:\/\/www.personare.com.br\/servicos\/"},{"@type":"ListItem","position":2,"name":"Loja","item":"https:\/\/www.personare.com.br\/servicos\/busca\/"},{"@type":"ListItem","position":3,"name":"Acolhimento da Crian\u00e7a Interior"}]},{"@type":"WebSite","@id":"https:\/\/www.personare.com.br\/servicos\/#website","url":"https:\/\/www.personare.com.br\/servicos\/","name":"Personare Servi\u00e7os","description":"Agende Consultas e Terapias Online no Personare","publisher":{"@id":"https:\/\/www.personare.com.br\/servicos\/#organization"},"potentialAction":[{"@type":"SearchAction","target":{"@type":"EntryPoint","urlTemplate":"https:\/\/www.personare.com.br\/servicos\/?s={search_term_string}"},"query-input":"required name=search_term_string"}],"inLanguage":"pt-BR"},{"@type":"Organization","@id":"https:\/\/www.personare.com.br\/servicos\/#organization","name":"Personare","url":"https:\/\/www.personare.com.br\/servicos\/","sameAs":[],"logo":{"@type":"ImageObject","inLanguage":"pt-BR","@id":"https:\/\/www.personare.com.br\/servicos\/#\/schema\/logo\/image\/","url":"https:\/\/d2t4cfkrxg4dhd.cloudfront.net\/app\/uploads\/2021\/04\/70295ca5d3b1be44570b5e6d0854fa942edb2ab6.png","contentUrl":"https:\/\/d2t4cfkrxg4dhd.cloudfront.net\/app\/uploads\/2021\/04\/70295ca5d3b1be44570b5e6d0854fa942edb2ab6.png","width":650,"height":554,"caption":"Personare"},"image":{"@id":"https:\/\/www.personare.com.br\/servicos\/#\/schema\/logo\/image\/"}}]}},"_links":{"self":[{"href":"https:\/\/www.personare.com.br\/servicos\/wp-json\/wp\/v2\/product\/6016"}],"collection":[{"href":"https:\/\/www.personare.com.br\/servicos\/wp-json\/wp\/v2\/product"}],"about":[{"href":"https:\/\/www.personare.com.br\/servicos\/wp-json\/wp\/v2\/types\/product"}],"replies":[{"embeddable":true,"href":"https:\/\/www.personare.com.br\/servicos\/wp-json\/wp\/v2\/comments?post=6016"}],"version-history":[{"count":6,"href":"https:\/\/www.personare.com.br\/servicos\/wp-json\/wp\/v2\/product\/6016\/revisions"}],"predecessor-version":[{"id":24436,"href":"https:\/\/www.personare.com.br\/servicos\/wp-json\/wp\/v2\/product\/6016\/revisions\/24436"}],"wp:featuredmedia":[{"embeddable":true,"href":"https:\/\/www.personare.com.br\/servicos\/wp-json\/wp\/v2\/media\/12020"}],"wp:attachment":[{"href":"https:\/\/www.personare.com.br\/servicos\/wp-json\/wp\/v2\/media?parent=6016"}],"wp:term":[{"taxonomy":"product_brand","embeddable":true,"href":"https:\/\/www.personare.com.br\/servicos\/wp-json\/wp\/v2\/product_brand?post=6016"},{"taxonomy":"product_cat","embeddable":true,"href":"https:\/\/www.personare.com.br\/servicos\/wp-json\/wp\/v2\/product_cat?post=6016"},{"taxonomy":"product_tag","embeddable":true,"href":"https:\/\/www.personare.com.br\/servicos\/wp-json\/wp\/v2\/product_tag?post=6016"},{"taxonomy":"areas-da-vida","embeddable":true,"href":"https:\/\/www.personare.com.br\/servicos\/wp-json\/wp\/v2\/areas-da-vida?post=6016"},{"taxonomy":"estudos-e-terapias","embeddable":true,"href":"https:\/\/www.personare.com.br\/servicos\/wp-json\/wp\/v2\/estudos-e-terapias?post=6016"},{"taxonomy":"dores-e-objetivos","embeddable":true,"href":"https:\/\/www.personare.com.br\/servicos\/wp-json\/wp\/v2\/dores-e-objetivos?post=6016"}],"curies":[{"name":"wp","href":"https:\/\/api.w.org\/{rel}","templated":true}]}}