{"id":600,"date":"2021-06-25T10:53:12","date_gmt":"2021-06-25T13:53:12","guid":{"rendered":"https:\/\/www.personare.com.br\/servicos\/?post_type=product&#038;p=600"},"modified":"2025-07-31T11:05:55","modified_gmt":"2025-07-31T14:05:55","slug":"mesa-frequencial-arcturus-para-harmonizacao-de-chakras-e-corpos-sutis","status":"publish","type":"product","link":"https:\/\/www.personare.com.br\/servicos\/produto\/mesa-frequencial-arcturus-para-harmonizacao-de-chakras-e-corpos-sutis\/","title":{"rendered":"Chakras e corpos: Harmoniza\u00e7\u00e3o, Equil\u00edbrio e Alinhamento"},"content":{"rendered":"<p>Pessoas com problemas recorrentes em uma \u00e1rea da vida: amor, carreira, finan\u00e7as, sa\u00fade ou vida familiar<br \/>Pessoas que percebem quadros de instabilidade emocional e energ\u00e9tica, que se manifestam por meio de sentimentos como insatisfa\u00e7\u00e3o, raiva, falta de energia e\/ou de motiva\u00e7\u00e3o, autoestima baixa,\u00a0 apego ao passado, dificuldades de perdoar ou de lidar com t\u00e9rminos e conflitos.<br \/>Pessoas que diagnosticadas com problemas de sa\u00fade, que j\u00e1 fazem tratamento m\u00e9dico e buscam terapias hol\u00edsticas e complementares para reduzir sintomas como ins\u00f4nia e dores f\u00edsicas provocadas por quest\u00f5es mais sutis (emocionais, mentais e energ\u00e9ticas).<\/p>\n","protected":false},"excerpt":{"rendered":"<p>A terapeuta Simone Kobayashi \u00e9 idealizadora e co-criadora da Mesa Frequencial Arcturus, ferramenta usada para equilibrar os chakras e os corpos energ\u00e9tico, emocional, mental e f\u00edsico.<br \/>Durante a sess\u00e3o s\u00e3o identificadas a frequ\u00eancia energ\u00e9tica que se est\u00e1 no momento e quais as \u00e1reas e dimens\u00f5es em desequil\u00edbrio. Em seguida, s\u00e3o feitas localiza\u00e7\u00f5es, modula\u00e7\u00f5es e harmoniza\u00e7\u00f5es para que o reequil\u00edbrio se estabele\u00e7a e possibilidades de melhoria se abram.<br \/>Simone Kobayashi\u00a0 possui mais de\u00a020 anos de experi\u00eancia em variadas t\u00e9cnicas de terapias hol\u00edsticas e vibracionais.<\/p>\n","protected":false},"featured_media":12050,"comment_status":"open","ping_status":"closed","template":"","meta":{"_acf_changed":false,"footnotes":""},"product_brand":[],"product_cat":[52],"product_tag":[],"areas-da-vida":[162,163,164,165,168,169,171],"estudos-e-terapias":[126,134,140,148,155,156,158],"dores-e-objetivos":[82,83,87,88,90,94,95,98,99,100,104,105,106,108,110,111,116,118,119],"acf":[],"yoast_head":"<!-- This site is optimized with the Yoast SEO plugin v19.6.1 - https:\/\/yoast.com\/wordpress\/plugins\/seo\/ -->\n<title>Chakras e corpos: Harmoniza\u00e7\u00e3o, Equil\u00edbrio e Alinhamento - Personare Servi\u00e7os<\/title>\n<meta name=\"description\" content=\"Durante a sess\u00e3o s\u00e3o identificadas a frequ\u00eancia energ\u00e9tica que se est\u00e1 no momento e quais as \u00e1reas e dimens\u00f5es em desequil\u00edbrio.\" \/>\n<meta name=\"robots\" content=\"index, follow, max-snippet:-1, max-image-preview:large, max-video-preview:-1\" \/>\n<link rel=\"canonical\" href=\"https:\/\/www.personare.com.br\/servicos\/produto\/mesa-frequencial-arcturus-para-harmonizacao-de-chakras-e-corpos-sutis\/\" \/>\n<meta property=\"og:locale\" content=\"pt_BR\" \/>\n<meta property=\"og:type\" content=\"article\" \/>\n<meta property=\"og:title\" content=\"Chakras e corpos: Harmoniza\u00e7\u00e3o, Equil\u00edbrio e Alinhamento - Personare Servi\u00e7os\" \/>\n<meta property=\"og:description\" content=\"Durante a sess\u00e3o s\u00e3o identificadas a frequ\u00eancia energ\u00e9tica que se est\u00e1 no momento e quais as \u00e1reas e dimens\u00f5es em desequil\u00edbrio.\" \/>\n<meta property=\"og:url\" content=\"https:\/\/www.personare.com.br\/servicos\/produto\/mesa-frequencial-arcturus-para-harmonizacao-de-chakras-e-corpos-sutis\/\" \/>\n<meta property=\"og:site_name\" content=\"Personare Servi\u00e7os\" \/>\n<meta property=\"article:modified_time\" content=\"2025-07-31T14:05:55+00:00\" \/>\n<meta property=\"og:image\" content=\"https:\/\/d2t4cfkrxg4dhd.cloudfront.net\/app\/uploads\/2021\/06\/8Sb5oJdvRfpK80VfkY.jpeg\" \/>\n\t<meta property=\"og:image:width\" content=\"1280\" \/>\n\t<meta property=\"og:image:height\" content=\"853\" \/>\n\t<meta property=\"og:image:type\" content=\"image\/jpeg\" \/>\n<meta name=\"twitter:card\" content=\"summary_large_image\" \/>\n<meta name=\"twitter:label1\" content=\"Est. tempo de leitura\" \/>\n\t<meta name=\"twitter:data1\" content=\"1 minuto\" \/>\n<script type=\"application\/ld+json\" class=\"yoast-schema-graph\">{\"@context\":\"https:\/\/schema.org\",\"@graph\":[{\"@type\":\"WebPage\",\"@id\":\"https:\/\/www.personare.com.br\/servicos\/produto\/mesa-frequencial-arcturus-para-harmonizacao-de-chakras-e-corpos-sutis\/\",\"url\":\"https:\/\/www.personare.com.br\/servicos\/produto\/mesa-frequencial-arcturus-para-harmonizacao-de-chakras-e-corpos-sutis\/\",\"name\":\"Chakras e corpos: Harmoniza\u00e7\u00e3o, Equil\u00edbrio e Alinhamento - Personare Servi\u00e7os\",\"isPartOf\":{\"@id\":\"https:\/\/www.personare.com.br\/servicos\/#website\"},\"datePublished\":\"2021-06-25T13:53:12+00:00\",\"dateModified\":\"2025-07-31T14:05:55+00:00\",\"description\":\"Durante a sess\u00e3o s\u00e3o identificadas a frequ\u00eancia energ\u00e9tica que se est\u00e1 no momento e quais as \u00e1reas e dimens\u00f5es em desequil\u00edbrio.\",\"breadcrumb\":{\"@id\":\"https:\/\/www.personare.com.br\/servicos\/produto\/mesa-frequencial-arcturus-para-harmonizacao-de-chakras-e-corpos-sutis\/#breadcrumb\"},\"inLanguage\":\"pt-BR\",\"potentialAction\":[{\"@type\":\"ReadAction\",\"target\":[\"https:\/\/www.personare.com.br\/servicos\/produto\/mesa-frequencial-arcturus-para-harmonizacao-de-chakras-e-corpos-sutis\/\"]}]},{\"@type\":\"BreadcrumbList\",\"@id\":\"https:\/\/www.personare.com.br\/servicos\/produto\/mesa-frequencial-arcturus-para-harmonizacao-de-chakras-e-corpos-sutis\/#breadcrumb\",\"itemListElement\":[{\"@type\":\"ListItem\",\"position\":1,\"name\":\"In\u00edcio\",\"item\":\"https:\/\/www.personare.com.br\/servicos\/\"},{\"@type\":\"ListItem\",\"position\":2,\"name\":\"Loja\",\"item\":\"https:\/\/www.personare.com.br\/servicos\/busca\/\"},{\"@type\":\"ListItem\",\"position\":3,\"name\":\"Chakras e corpos: Harmoniza\u00e7\u00e3o, Equil\u00edbrio e Alinhamento\"}]},{\"@type\":\"WebSite\",\"@id\":\"https:\/\/www.personare.com.br\/servicos\/#website\",\"url\":\"https:\/\/www.personare.com.br\/servicos\/\",\"name\":\"Personare Servi\u00e7os\",\"description\":\"Agende Consultas e Terapias Online no Personare\",\"publisher\":{\"@id\":\"https:\/\/www.personare.com.br\/servicos\/#organization\"},\"potentialAction\":[{\"@type\":\"SearchAction\",\"target\":{\"@type\":\"EntryPoint\",\"urlTemplate\":\"https:\/\/www.personare.com.br\/servicos\/?s={search_term_string}\"},\"query-input\":\"required name=search_term_string\"}],\"inLanguage\":\"pt-BR\"},{\"@type\":\"Organization\",\"@id\":\"https:\/\/www.personare.com.br\/servicos\/#organization\",\"name\":\"Personare\",\"url\":\"https:\/\/www.personare.com.br\/servicos\/\",\"sameAs\":[],\"logo\":{\"@type\":\"ImageObject\",\"inLanguage\":\"pt-BR\",\"@id\":\"https:\/\/www.personare.com.br\/servicos\/#\/schema\/logo\/image\/\",\"url\":\"https:\/\/d2t4cfkrxg4dhd.cloudfront.net\/app\/uploads\/2021\/04\/70295ca5d3b1be44570b5e6d0854fa942edb2ab6.png\",\"contentUrl\":\"https:\/\/d2t4cfkrxg4dhd.cloudfront.net\/app\/uploads\/2021\/04\/70295ca5d3b1be44570b5e6d0854fa942edb2ab6.png\",\"width\":650,\"height\":554,\"caption\":\"Personare\"},\"image\":{\"@id\":\"https:\/\/www.personare.com.br\/servicos\/#\/schema\/logo\/image\/\"}}]}<\/script>\n<!-- \/ Yoast SEO plugin. -->","yoast_head_json":{"title":"Chakras e corpos: Harmoniza\u00e7\u00e3o, Equil\u00edbrio e Alinhamento - Personare Servi\u00e7os","description":"Durante a sess\u00e3o s\u00e3o identificadas a frequ\u00eancia energ\u00e9tica que se est\u00e1 no momento e quais as \u00e1reas e dimens\u00f5es em desequil\u00edbrio.","robots":{"index":"index","follow":"follow","max-snippet":"max-snippet:-1","max-image-preview":"max-image-preview:large","max-video-preview":"max-video-preview:-1"},"canonical":"https:\/\/www.personare.com.br\/servicos\/produto\/mesa-frequencial-arcturus-para-harmonizacao-de-chakras-e-corpos-sutis\/","og_locale":"pt_BR","og_type":"article","og_title":"Chakras e corpos: Harmoniza\u00e7\u00e3o, Equil\u00edbrio e Alinhamento - Personare Servi\u00e7os","og_description":"Durante a sess\u00e3o s\u00e3o identificadas a frequ\u00eancia energ\u00e9tica que se est\u00e1 no momento e quais as \u00e1reas e dimens\u00f5es em desequil\u00edbrio.","og_url":"https:\/\/www.personare.com.br\/servicos\/produto\/mesa-frequencial-arcturus-para-harmonizacao-de-chakras-e-corpos-sutis\/","og_site_name":"Personare Servi\u00e7os","article_modified_time":"2025-07-31T14:05:55+00:00","og_image":[{"width":1280,"height":853,"url":"https:\/\/d2t4cfkrxg4dhd.cloudfront.net\/app\/uploads\/2021\/06\/8Sb5oJdvRfpK80VfkY.jpeg","type":"image\/jpeg"}],"twitter_card":"summary_large_image","twitter_misc":{"Est. tempo de leitura":"1 minuto"},"schema":{"@context":"https:\/\/schema.org","@graph":[{"@type":"WebPage","@id":"https:\/\/www.personare.com.br\/servicos\/produto\/mesa-frequencial-arcturus-para-harmonizacao-de-chakras-e-corpos-sutis\/","url":"https:\/\/www.personare.com.br\/servicos\/produto\/mesa-frequencial-arcturus-para-harmonizacao-de-chakras-e-corpos-sutis\/","name":"Chakras e corpos: Harmoniza\u00e7\u00e3o, Equil\u00edbrio e Alinhamento - Personare Servi\u00e7os","isPartOf":{"@id":"https:\/\/www.personare.com.br\/servicos\/#website"},"datePublished":"2021-06-25T13:53:12+00:00","dateModified":"2025-07-31T14:05:55+00:00","description":"Durante a sess\u00e3o s\u00e3o identificadas a frequ\u00eancia energ\u00e9tica que se est\u00e1 no momento e quais as \u00e1reas e dimens\u00f5es em desequil\u00edbrio.","breadcrumb":{"@id":"https:\/\/www.personare.com.br\/servicos\/produto\/mesa-frequencial-arcturus-para-harmonizacao-de-chakras-e-corpos-sutis\/#breadcrumb"},"inLanguage":"pt-BR","potentialAction":[{"@type":"ReadAction","target":["https:\/\/www.personare.com.br\/servicos\/produto\/mesa-frequencial-arcturus-para-harmonizacao-de-chakras-e-corpos-sutis\/"]}]},{"@type":"BreadcrumbList","@id":"https:\/\/www.personare.com.br\/servicos\/produto\/mesa-frequencial-arcturus-para-harmonizacao-de-chakras-e-corpos-sutis\/#breadcrumb","itemListElement":[{"@type":"ListItem","position":1,"name":"In\u00edcio","item":"https:\/\/www.personare.com.br\/servicos\/"},{"@type":"ListItem","position":2,"name":"Loja","item":"https:\/\/www.personare.com.br\/servicos\/busca\/"},{"@type":"ListItem","position":3,"name":"Chakras e corpos: Harmoniza\u00e7\u00e3o, Equil\u00edbrio e Alinhamento"}]},{"@type":"WebSite","@id":"https:\/\/www.personare.com.br\/servicos\/#website","url":"https:\/\/www.personare.com.br\/servicos\/","name":"Personare Servi\u00e7os","description":"Agende Consultas e Terapias Online no Personare","publisher":{"@id":"https:\/\/www.personare.com.br\/servicos\/#organization"},"potentialAction":[{"@type":"SearchAction","target":{"@type":"EntryPoint","urlTemplate":"https:\/\/www.personare.com.br\/servicos\/?s={search_term_string}"},"query-input":"required name=search_term_string"}],"inLanguage":"pt-BR"},{"@type":"Organization","@id":"https:\/\/www.personare.com.br\/servicos\/#organization","name":"Personare","url":"https:\/\/www.personare.com.br\/servicos\/","sameAs":[],"logo":{"@type":"ImageObject","inLanguage":"pt-BR","@id":"https:\/\/www.personare.com.br\/servicos\/#\/schema\/logo\/image\/","url":"https:\/\/d2t4cfkrxg4dhd.cloudfront.net\/app\/uploads\/2021\/04\/70295ca5d3b1be44570b5e6d0854fa942edb2ab6.png","contentUrl":"https:\/\/d2t4cfkrxg4dhd.cloudfront.net\/app\/uploads\/2021\/04\/70295ca5d3b1be44570b5e6d0854fa942edb2ab6.png","width":650,"height":554,"caption":"Personare"},"image":{"@id":"https:\/\/www.personare.com.br\/servicos\/#\/schema\/logo\/image\/"}}]}},"_links":{"self":[{"href":"https:\/\/www.personare.com.br\/servicos\/wp-json\/wp\/v2\/product\/600"}],"collection":[{"href":"https:\/\/www.personare.com.br\/servicos\/wp-json\/wp\/v2\/product"}],"about":[{"href":"https:\/\/www.personare.com.br\/servicos\/wp-json\/wp\/v2\/types\/product"}],"replies":[{"embeddable":true,"href":"https:\/\/www.personare.com.br\/servicos\/wp-json\/wp\/v2\/comments?post=600"}],"version-history":[{"count":4,"href":"https:\/\/www.personare.com.br\/servicos\/wp-json\/wp\/v2\/product\/600\/revisions"}],"predecessor-version":[{"id":21025,"href":"https:\/\/www.personare.com.br\/servicos\/wp-json\/wp\/v2\/product\/600\/revisions\/21025"}],"wp:featuredmedia":[{"embeddable":true,"href":"https:\/\/www.personare.com.br\/servicos\/wp-json\/wp\/v2\/media\/12050"}],"wp:attachment":[{"href":"https:\/\/www.personare.com.br\/servicos\/wp-json\/wp\/v2\/media?parent=600"}],"wp:term":[{"taxonomy":"product_brand","embeddable":true,"href":"https:\/\/www.personare.com.br\/servicos\/wp-json\/wp\/v2\/product_brand?post=600"},{"taxonomy":"product_cat","embeddable":true,"href":"https:\/\/www.personare.com.br\/servicos\/wp-json\/wp\/v2\/product_cat?post=600"},{"taxonomy":"product_tag","embeddable":true,"href":"https:\/\/www.personare.com.br\/servicos\/wp-json\/wp\/v2\/product_tag?post=600"},{"taxonomy":"areas-da-vida","embeddable":true,"href":"https:\/\/www.personare.com.br\/servicos\/wp-json\/wp\/v2\/areas-da-vida?post=600"},{"taxonomy":"estudos-e-terapias","embeddable":true,"href":"https:\/\/www.personare.com.br\/servicos\/wp-json\/wp\/v2\/estudos-e-terapias?post=600"},{"taxonomy":"dores-e-objetivos","embeddable":true,"href":"https:\/\/www.personare.com.br\/servicos\/wp-json\/wp\/v2\/dores-e-objetivos?post=600"}],"curies":[{"name":"wp","href":"https:\/\/api.w.org\/{rel}","templated":true}]}}