{"id":5870,"date":"2023-03-06T16:32:43","date_gmt":"2023-03-06T19:32:43","guid":{"rendered":"https:\/\/www.personare.com.br\/servicos\/?post_type=product&#038;p=5870"},"modified":"2025-12-08T13:31:20","modified_gmt":"2025-12-08T16:31:20","slug":"aula-avulsa-de-hatha-yoga-online","status":"publish","type":"product","link":"https:\/\/www.personare.com.br\/servicos\/produto\/aula-avulsa-de-hatha-yoga-online\/","title":{"rendered":"Aula avulsa de Hatha Yoga Online"},"content":{"rendered":"<p>Pessoas em busca de autoconhecimento;<\/p>\n<p>Quem deseja reduzir o estresse;<\/p>\n<p>Para quem deseja mais flexibilidade e for\u00e7a corporal;<\/p>\n<p>Pessoas insatisfeitas com sua postura, com dores na coluna;<\/p>\n<p>Quem est\u00e1 em\u00a0tratamento de dist\u00farbios como ansiedade e depress\u00e3o, com indica\u00e7\u00e3o m\u00e9dica para praticar Yoga.<\/p>\n","protected":false},"excerpt":{"rendered":"<p>Coloque o Yoga na sua rotina de forma f\u00e1cil. Experimente uma <strong>aula online e ao vivo de Hatha Yoga<\/strong> no conforto da sua casa ou de onde quiser.<\/p>\n<p>Priorize sua sa\u00fade f\u00edsica e mental com orienta\u00e7\u00e3o da professora Rosine Mello, instrutora de Yoga, graduada em Educa\u00e7\u00e3o F\u00edsica e com mais de 20 anos de experi\u00eancia ensinando Hatha Yoga.<\/p>\n<p>No <strong>Hatha Yoga<\/strong>, atrav\u00e9s do alinhamento corporal correto quebram-se padr\u00f5es corporais, que geram quebras em padr\u00f5es emocionais, que por sua vez acabam quebrando padr\u00f5es comportamentais. A mente, as emo\u00e7\u00f5es e os sentidos entram em equil\u00edbrio.<\/p>\n<p>As aulas de Hatha Yoga s\u00e3o tanto para <strong>iniciantes<\/strong> quanto para <strong>praticantes<\/strong>, com grupos pequenos e focados. A aula avulsa \u00e9 \u00fatil para voc\u00ea experimentar e entender se deseja dar continuidade \u00e0 pr\u00e1tica. Tamb\u00e9m \u00e9 indicada para quem tem uma agenda atribulada e n\u00e3o consegue se comprometer com dias fixos de aulas.<\/p>\n","protected":false},"featured_media":12089,"comment_status":"open","ping_status":"closed","template":"","meta":{"_acf_changed":false,"footnotes":""},"product_brand":[],"product_cat":[52],"product_tag":[178,179,180,177],"areas-da-vida":[164,171],"estudos-e-terapias":[160],"dores-e-objetivos":[82,206,90,92,189,105],"acf":[],"yoast_head":"<!-- This site is optimized with the Yoast SEO plugin v19.6.1 - https:\/\/yoast.com\/wordpress\/plugins\/seo\/ -->\n<title>Aula avulsa de Hatha Yoga Online - Personare Servi\u00e7os<\/title>\n<meta name=\"robots\" content=\"index, follow, max-snippet:-1, max-image-preview:large, max-video-preview:-1\" \/>\n<link rel=\"canonical\" href=\"https:\/\/www.personare.com.br\/servicos\/produto\/aula-avulsa-de-hatha-yoga-online\/\" \/>\n<meta property=\"og:locale\" content=\"pt_BR\" \/>\n<meta property=\"og:type\" content=\"article\" \/>\n<meta property=\"og:title\" content=\"Aula avulsa de Hatha Yoga Online - Personare Servi\u00e7os\" \/>\n<meta property=\"og:description\" content=\"Coloque o Yoga na sua rotina de forma f\u00e1cil. Experimente uma aula online e ao vivo de Hatha Yoga no conforto da sua casa ou de onde quiser.  Priorize sua sa\u00fade f\u00edsica e mental com orienta\u00e7\u00e3o da professora Rosine Mello, instrutora de Yoga, graduada em Educa\u00e7\u00e3o F\u00edsica e com mais de 20 anos de experi\u00eancia ensinando Hatha Yoga.  No Hatha Yoga, atrav\u00e9s do alinhamento corporal correto quebram-se padr\u00f5es corporais, que geram quebras em padr\u00f5es emocionais, que por sua vez acabam quebrando padr\u00f5es comportamentais. A mente, as emo\u00e7\u00f5es e os sentidos entram em equil\u00edbrio.  As aulas de Hatha Yoga s\u00e3o tanto para iniciantes quanto para praticantes, com grupos pequenos e focados. A aula avulsa \u00e9 \u00fatil para voc\u00ea experimentar e entender se deseja dar continuidade \u00e0 pr\u00e1tica. Tamb\u00e9m \u00e9 indicada para quem tem uma agenda atribulada e n\u00e3o consegue se comprometer com dias fixos de aulas.\" \/>\n<meta property=\"og:url\" content=\"https:\/\/www.personare.com.br\/servicos\/produto\/aula-avulsa-de-hatha-yoga-online\/\" \/>\n<meta property=\"og:site_name\" content=\"Personare Servi\u00e7os\" \/>\n<meta property=\"article:modified_time\" content=\"2025-12-08T16:31:20+00:00\" \/>\n<meta property=\"og:image\" content=\"https:\/\/d2t4cfkrxg4dhd.cloudfront.net\/app\/uploads\/2023\/03\/RosineMelloYoga-2.jpeg\" \/>\n\t<meta property=\"og:image:width\" content=\"960\" \/>\n\t<meta property=\"og:image:height\" content=\"640\" \/>\n\t<meta property=\"og:image:type\" content=\"image\/jpeg\" \/>\n<meta name=\"twitter:card\" content=\"summary_large_image\" \/>\n<meta name=\"twitter:label1\" content=\"Est. tempo de leitura\" \/>\n\t<meta name=\"twitter:data1\" content=\"1 minuto\" \/>\n<script type=\"application\/ld+json\" class=\"yoast-schema-graph\">{\"@context\":\"https:\/\/schema.org\",\"@graph\":[{\"@type\":\"WebPage\",\"@id\":\"https:\/\/www.personare.com.br\/servicos\/produto\/aula-avulsa-de-hatha-yoga-online\/\",\"url\":\"https:\/\/www.personare.com.br\/servicos\/produto\/aula-avulsa-de-hatha-yoga-online\/\",\"name\":\"Aula avulsa de Hatha Yoga Online - Personare Servi\u00e7os\",\"isPartOf\":{\"@id\":\"https:\/\/www.personare.com.br\/servicos\/#website\"},\"datePublished\":\"2023-03-06T19:32:43+00:00\",\"dateModified\":\"2025-12-08T16:31:20+00:00\",\"breadcrumb\":{\"@id\":\"https:\/\/www.personare.com.br\/servicos\/produto\/aula-avulsa-de-hatha-yoga-online\/#breadcrumb\"},\"inLanguage\":\"pt-BR\",\"potentialAction\":[{\"@type\":\"ReadAction\",\"target\":[\"https:\/\/www.personare.com.br\/servicos\/produto\/aula-avulsa-de-hatha-yoga-online\/\"]}]},{\"@type\":\"BreadcrumbList\",\"@id\":\"https:\/\/www.personare.com.br\/servicos\/produto\/aula-avulsa-de-hatha-yoga-online\/#breadcrumb\",\"itemListElement\":[{\"@type\":\"ListItem\",\"position\":1,\"name\":\"In\u00edcio\",\"item\":\"https:\/\/www.personare.com.br\/servicos\/\"},{\"@type\":\"ListItem\",\"position\":2,\"name\":\"Loja\",\"item\":\"https:\/\/www.personare.com.br\/servicos\/busca\/\"},{\"@type\":\"ListItem\",\"position\":3,\"name\":\"Aula avulsa de Hatha Yoga Online\"}]},{\"@type\":\"WebSite\",\"@id\":\"https:\/\/www.personare.com.br\/servicos\/#website\",\"url\":\"https:\/\/www.personare.com.br\/servicos\/\",\"name\":\"Personare Servi\u00e7os\",\"description\":\"Agende Consultas e Terapias Online no Personare\",\"publisher\":{\"@id\":\"https:\/\/www.personare.com.br\/servicos\/#organization\"},\"potentialAction\":[{\"@type\":\"SearchAction\",\"target\":{\"@type\":\"EntryPoint\",\"urlTemplate\":\"https:\/\/www.personare.com.br\/servicos\/?s={search_term_string}\"},\"query-input\":\"required name=search_term_string\"}],\"inLanguage\":\"pt-BR\"},{\"@type\":\"Organization\",\"@id\":\"https:\/\/www.personare.com.br\/servicos\/#organization\",\"name\":\"Personare\",\"url\":\"https:\/\/www.personare.com.br\/servicos\/\",\"sameAs\":[],\"logo\":{\"@type\":\"ImageObject\",\"inLanguage\":\"pt-BR\",\"@id\":\"https:\/\/www.personare.com.br\/servicos\/#\/schema\/logo\/image\/\",\"url\":\"https:\/\/d2t4cfkrxg4dhd.cloudfront.net\/app\/uploads\/2021\/04\/70295ca5d3b1be44570b5e6d0854fa942edb2ab6.png\",\"contentUrl\":\"https:\/\/d2t4cfkrxg4dhd.cloudfront.net\/app\/uploads\/2021\/04\/70295ca5d3b1be44570b5e6d0854fa942edb2ab6.png\",\"width\":650,\"height\":554,\"caption\":\"Personare\"},\"image\":{\"@id\":\"https:\/\/www.personare.com.br\/servicos\/#\/schema\/logo\/image\/\"}}]}<\/script>\n<!-- \/ Yoast SEO plugin. -->","yoast_head_json":{"title":"Aula avulsa de Hatha Yoga Online - Personare Servi\u00e7os","robots":{"index":"index","follow":"follow","max-snippet":"max-snippet:-1","max-image-preview":"max-image-preview:large","max-video-preview":"max-video-preview:-1"},"canonical":"https:\/\/www.personare.com.br\/servicos\/produto\/aula-avulsa-de-hatha-yoga-online\/","og_locale":"pt_BR","og_type":"article","og_title":"Aula avulsa de Hatha Yoga Online - Personare Servi\u00e7os","og_description":"Coloque o Yoga na sua rotina de forma f\u00e1cil. Experimente uma aula online e ao vivo de Hatha Yoga no conforto da sua casa ou de onde quiser.  Priorize sua sa\u00fade f\u00edsica e mental com orienta\u00e7\u00e3o da professora Rosine Mello, instrutora de Yoga, graduada em Educa\u00e7\u00e3o F\u00edsica e com mais de 20 anos de experi\u00eancia ensinando Hatha Yoga.  No Hatha Yoga, atrav\u00e9s do alinhamento corporal correto quebram-se padr\u00f5es corporais, que geram quebras em padr\u00f5es emocionais, que por sua vez acabam quebrando padr\u00f5es comportamentais. A mente, as emo\u00e7\u00f5es e os sentidos entram em equil\u00edbrio.  As aulas de Hatha Yoga s\u00e3o tanto para iniciantes quanto para praticantes, com grupos pequenos e focados. A aula avulsa \u00e9 \u00fatil para voc\u00ea experimentar e entender se deseja dar continuidade \u00e0 pr\u00e1tica. Tamb\u00e9m \u00e9 indicada para quem tem uma agenda atribulada e n\u00e3o consegue se comprometer com dias fixos de aulas.","og_url":"https:\/\/www.personare.com.br\/servicos\/produto\/aula-avulsa-de-hatha-yoga-online\/","og_site_name":"Personare Servi\u00e7os","article_modified_time":"2025-12-08T16:31:20+00:00","og_image":[{"width":960,"height":640,"url":"https:\/\/d2t4cfkrxg4dhd.cloudfront.net\/app\/uploads\/2023\/03\/RosineMelloYoga-2.jpeg","type":"image\/jpeg"}],"twitter_card":"summary_large_image","twitter_misc":{"Est. tempo de leitura":"1 minuto"},"schema":{"@context":"https:\/\/schema.org","@graph":[{"@type":"WebPage","@id":"https:\/\/www.personare.com.br\/servicos\/produto\/aula-avulsa-de-hatha-yoga-online\/","url":"https:\/\/www.personare.com.br\/servicos\/produto\/aula-avulsa-de-hatha-yoga-online\/","name":"Aula avulsa de Hatha Yoga Online - Personare Servi\u00e7os","isPartOf":{"@id":"https:\/\/www.personare.com.br\/servicos\/#website"},"datePublished":"2023-03-06T19:32:43+00:00","dateModified":"2025-12-08T16:31:20+00:00","breadcrumb":{"@id":"https:\/\/www.personare.com.br\/servicos\/produto\/aula-avulsa-de-hatha-yoga-online\/#breadcrumb"},"inLanguage":"pt-BR","potentialAction":[{"@type":"ReadAction","target":["https:\/\/www.personare.com.br\/servicos\/produto\/aula-avulsa-de-hatha-yoga-online\/"]}]},{"@type":"BreadcrumbList","@id":"https:\/\/www.personare.com.br\/servicos\/produto\/aula-avulsa-de-hatha-yoga-online\/#breadcrumb","itemListElement":[{"@type":"ListItem","position":1,"name":"In\u00edcio","item":"https:\/\/www.personare.com.br\/servicos\/"},{"@type":"ListItem","position":2,"name":"Loja","item":"https:\/\/www.personare.com.br\/servicos\/busca\/"},{"@type":"ListItem","position":3,"name":"Aula avulsa de Hatha Yoga Online"}]},{"@type":"WebSite","@id":"https:\/\/www.personare.com.br\/servicos\/#website","url":"https:\/\/www.personare.com.br\/servicos\/","name":"Personare Servi\u00e7os","description":"Agende Consultas e Terapias Online no Personare","publisher":{"@id":"https:\/\/www.personare.com.br\/servicos\/#organization"},"potentialAction":[{"@type":"SearchAction","target":{"@type":"EntryPoint","urlTemplate":"https:\/\/www.personare.com.br\/servicos\/?s={search_term_string}"},"query-input":"required name=search_term_string"}],"inLanguage":"pt-BR"},{"@type":"Organization","@id":"https:\/\/www.personare.com.br\/servicos\/#organization","name":"Personare","url":"https:\/\/www.personare.com.br\/servicos\/","sameAs":[],"logo":{"@type":"ImageObject","inLanguage":"pt-BR","@id":"https:\/\/www.personare.com.br\/servicos\/#\/schema\/logo\/image\/","url":"https:\/\/d2t4cfkrxg4dhd.cloudfront.net\/app\/uploads\/2021\/04\/70295ca5d3b1be44570b5e6d0854fa942edb2ab6.png","contentUrl":"https:\/\/d2t4cfkrxg4dhd.cloudfront.net\/app\/uploads\/2021\/04\/70295ca5d3b1be44570b5e6d0854fa942edb2ab6.png","width":650,"height":554,"caption":"Personare"},"image":{"@id":"https:\/\/www.personare.com.br\/servicos\/#\/schema\/logo\/image\/"}}]}},"_links":{"self":[{"href":"https:\/\/www.personare.com.br\/servicos\/wp-json\/wp\/v2\/product\/5870"}],"collection":[{"href":"https:\/\/www.personare.com.br\/servicos\/wp-json\/wp\/v2\/product"}],"about":[{"href":"https:\/\/www.personare.com.br\/servicos\/wp-json\/wp\/v2\/types\/product"}],"replies":[{"embeddable":true,"href":"https:\/\/www.personare.com.br\/servicos\/wp-json\/wp\/v2\/comments?post=5870"}],"version-history":[{"count":3,"href":"https:\/\/www.personare.com.br\/servicos\/wp-json\/wp\/v2\/product\/5870\/revisions"}],"predecessor-version":[{"id":14136,"href":"https:\/\/www.personare.com.br\/servicos\/wp-json\/wp\/v2\/product\/5870\/revisions\/14136"}],"wp:featuredmedia":[{"embeddable":true,"href":"https:\/\/www.personare.com.br\/servicos\/wp-json\/wp\/v2\/media\/12089"}],"wp:attachment":[{"href":"https:\/\/www.personare.com.br\/servicos\/wp-json\/wp\/v2\/media?parent=5870"}],"wp:term":[{"taxonomy":"product_brand","embeddable":true,"href":"https:\/\/www.personare.com.br\/servicos\/wp-json\/wp\/v2\/product_brand?post=5870"},{"taxonomy":"product_cat","embeddable":true,"href":"https:\/\/www.personare.com.br\/servicos\/wp-json\/wp\/v2\/product_cat?post=5870"},{"taxonomy":"product_tag","embeddable":true,"href":"https:\/\/www.personare.com.br\/servicos\/wp-json\/wp\/v2\/product_tag?post=5870"},{"taxonomy":"areas-da-vida","embeddable":true,"href":"https:\/\/www.personare.com.br\/servicos\/wp-json\/wp\/v2\/areas-da-vida?post=5870"},{"taxonomy":"estudos-e-terapias","embeddable":true,"href":"https:\/\/www.personare.com.br\/servicos\/wp-json\/wp\/v2\/estudos-e-terapias?post=5870"},{"taxonomy":"dores-e-objetivos","embeddable":true,"href":"https:\/\/www.personare.com.br\/servicos\/wp-json\/wp\/v2\/dores-e-objetivos?post=5870"}],"curies":[{"name":"wp","href":"https:\/\/api.w.org\/{rel}","templated":true}]}}