{"id":5837,"date":"2023-02-27T11:44:20","date_gmt":"2023-02-27T14:44:20","guid":{"rendered":"https:\/\/www.personare.com.br\/servicos\/produto\/harmonizacao-de-ambientes\/"},"modified":"2024-08-22T11:44:54","modified_gmt":"2024-08-22T14:44:54","slug":"harmonizacao-de-ambientes","status":"publish","type":"product","link":"https:\/\/www.personare.com.br\/servicos\/produto\/harmonizacao-de-ambientes\/","title":{"rendered":"Harmoniza\u00e7\u00e3o de Ambientes"},"content":{"rendered":"<p>Para pessoas que vivem em ambientes onde <strong>h\u00e1 desarmonia\/conflito entre os moradores<\/strong>;<\/p>\n<p>Pessoas vivenciando <strong>mudan\u00e7as em din\u00e2micas familiares<\/strong>: luto, separa\u00e7\u00e3o de c\u00f4njuge, sa\u00edda dos filhos de casa;<\/p>\n<p>Pessoas com dificuldades para <strong>vender ou alugar seu im\u00f3vel<\/strong>;<\/p>\n<p>Para quem busca <strong>abund\u00e2ncia\/prosperidade na sua vida<\/strong>;<\/p>\n<p>Quem quer ter um <strong>lar saud\u00e1vel<\/strong>;<\/p>\n<p>Quem precisa de um <strong>local prop\u00edcio para estudo<\/strong>;<\/p>\n<p>Atrair o <strong>amor para sua vida<\/strong>.<\/p>\n","protected":false},"excerpt":{"rendered":"<p>Voc\u00ea sente que <strong>sua vida n\u00e3o est\u00e1 em equil\u00edbrio?<\/strong> A causa pode estar em sua casa.<\/p>\n<p>A especialista Andrea Leandro une conhecimentos do <strong>Feng Shui e Geobiologia<\/strong> para analisar seu lar em v\u00e1rios \u00e2mbitos: como \u00e9 o espa\u00e7o f\u00edsico, a conviv\u00eancia das pessoas que vivem ali e o que as afeta de forma favor\u00e1vel e desfavor\u00e1vel.<\/p>\n<p><strong>Ao longo de tr\u00eas<\/strong> encontros ser\u00e1 realizada uma avalia\u00e7\u00e3o completa, utilizando t\u00e9cnicas de <strong>Feng Shui (Bashai), Geobiologia, Radiestesia e Mesa Radi\u00f4nica.<\/strong><\/p>\n<p>Com base no que for diagnosticado s\u00e3o feitas orienta\u00e7\u00f5es para a <strong>harmonia do ambiente<\/strong>. Um relat\u00f3rio por escrito \u00e9 enviado com um detalhamento de todas as informa\u00e7\u00f5es levantadas e recomenda\u00e7\u00f5es das a\u00e7\u00f5es a serem realizadas no espa\u00e7o f\u00edsico.<\/p>\n","protected":false},"featured_media":12019,"comment_status":"open","ping_status":"closed","template":"","meta":{"_acf_changed":false,"footnotes":""},"product_brand":[],"product_cat":[53],"product_tag":[],"areas-da-vida":[162,163,164,166,167,168,169],"estudos-e-terapias":[131,134,135,136,186,137,185,139,141,143,148,149],"dores-e-objetivos":[82,83,89,90,91,92,93,94,95,96,97,98,99,100,102,103,104,105,109,110,113,115,116,117,118,121],"acf":[],"yoast_head":"<!-- This site is optimized with the Yoast SEO plugin v19.6.1 - https:\/\/yoast.com\/wordpress\/plugins\/seo\/ -->\n<title>Harmoniza\u00e7\u00e3o de Ambientes - Personare Servi\u00e7os<\/title>\n<meta name=\"robots\" content=\"index, follow, max-snippet:-1, max-image-preview:large, max-video-preview:-1\" \/>\n<link rel=\"canonical\" href=\"https:\/\/www.personare.com.br\/servicos\/produto\/harmonizacao-de-ambientes\/\" \/>\n<meta property=\"og:locale\" content=\"pt_BR\" \/>\n<meta property=\"og:type\" content=\"article\" \/>\n<meta property=\"og:title\" content=\"Harmoniza\u00e7\u00e3o de Ambientes - Personare Servi\u00e7os\" \/>\n<meta property=\"og:description\" content=\"Voc\u00ea sente que sua vida n\u00e3o est\u00e1 em equil\u00edbrio? A causa pode estar em sua casa.A especialista Andrea Leandro une conhecimentos do Feng Shui e Geobiologia para analisar seu lar em v\u00e1rios \u00e2mbitos: como \u00e9 o espa\u00e7o f\u00edsico, a conviv\u00eancia das pessoas que vivem ali e o que as afeta de forma favor\u00e1vel e desfavor\u00e1vel.Ao longo de tr\u00eas encontros ser\u00e1 realizada uma avalia\u00e7\u00e3o completa, utilizando t\u00e9cnicas de Feng Shui (Bashai), Geobiologia, Radiestesia e Mesa Radi\u00f4nica.Com base no que for diagnosticado s\u00e3o feitas orienta\u00e7\u00f5es para a harmonia do ambiente. Um relat\u00f3rio por escrito \u00e9 enviado com um detalhamento de todas as informa\u00e7\u00f5es levantadas e recomenda\u00e7\u00f5es das a\u00e7\u00f5es a serem realizadas no espa\u00e7o f\u00edsico.\" \/>\n<meta property=\"og:url\" content=\"https:\/\/www.personare.com.br\/servicos\/produto\/harmonizacao-de-ambientes\/\" \/>\n<meta property=\"og:site_name\" content=\"Personare Servi\u00e7os\" \/>\n<meta property=\"article:modified_time\" content=\"2024-08-22T14:44:54+00:00\" \/>\n<meta property=\"og:image\" content=\"https:\/\/d2t4cfkrxg4dhd.cloudfront.net\/app\/uploads\/2021\/04\/Andrea-Leandro-Harmonizacao-de-Espacos.jpg\" \/>\n\t<meta property=\"og:image:width\" content=\"814\" \/>\n\t<meta property=\"og:image:height\" content=\"650\" \/>\n\t<meta property=\"og:image:type\" content=\"image\/jpeg\" \/>\n<meta name=\"twitter:card\" content=\"summary_large_image\" \/>\n<meta name=\"twitter:label1\" content=\"Est. tempo de leitura\" \/>\n\t<meta name=\"twitter:data1\" content=\"1 minuto\" \/>\n<script type=\"application\/ld+json\" class=\"yoast-schema-graph\">{\"@context\":\"https:\/\/schema.org\",\"@graph\":[{\"@type\":\"WebPage\",\"@id\":\"https:\/\/www.personare.com.br\/servicos\/produto\/harmonizacao-de-ambientes\/\",\"url\":\"https:\/\/www.personare.com.br\/servicos\/produto\/harmonizacao-de-ambientes\/\",\"name\":\"Harmoniza\u00e7\u00e3o de Ambientes - Personare Servi\u00e7os\",\"isPartOf\":{\"@id\":\"https:\/\/www.personare.com.br\/servicos\/#website\"},\"datePublished\":\"2023-02-27T14:44:20+00:00\",\"dateModified\":\"2024-08-22T14:44:54+00:00\",\"breadcrumb\":{\"@id\":\"https:\/\/www.personare.com.br\/servicos\/produto\/harmonizacao-de-ambientes\/#breadcrumb\"},\"inLanguage\":\"pt-BR\",\"potentialAction\":[{\"@type\":\"ReadAction\",\"target\":[\"https:\/\/www.personare.com.br\/servicos\/produto\/harmonizacao-de-ambientes\/\"]}]},{\"@type\":\"BreadcrumbList\",\"@id\":\"https:\/\/www.personare.com.br\/servicos\/produto\/harmonizacao-de-ambientes\/#breadcrumb\",\"itemListElement\":[{\"@type\":\"ListItem\",\"position\":1,\"name\":\"In\u00edcio\",\"item\":\"https:\/\/www.personare.com.br\/servicos\/\"},{\"@type\":\"ListItem\",\"position\":2,\"name\":\"Loja\",\"item\":\"https:\/\/www.personare.com.br\/servicos\/busca\/\"},{\"@type\":\"ListItem\",\"position\":3,\"name\":\"Harmoniza\u00e7\u00e3o de Ambientes\"}]},{\"@type\":\"WebSite\",\"@id\":\"https:\/\/www.personare.com.br\/servicos\/#website\",\"url\":\"https:\/\/www.personare.com.br\/servicos\/\",\"name\":\"Personare Servi\u00e7os\",\"description\":\"Agende Consultas e Terapias Online no Personare\",\"publisher\":{\"@id\":\"https:\/\/www.personare.com.br\/servicos\/#organization\"},\"potentialAction\":[{\"@type\":\"SearchAction\",\"target\":{\"@type\":\"EntryPoint\",\"urlTemplate\":\"https:\/\/www.personare.com.br\/servicos\/?s={search_term_string}\"},\"query-input\":\"required name=search_term_string\"}],\"inLanguage\":\"pt-BR\"},{\"@type\":\"Organization\",\"@id\":\"https:\/\/www.personare.com.br\/servicos\/#organization\",\"name\":\"Personare\",\"url\":\"https:\/\/www.personare.com.br\/servicos\/\",\"sameAs\":[],\"logo\":{\"@type\":\"ImageObject\",\"inLanguage\":\"pt-BR\",\"@id\":\"https:\/\/www.personare.com.br\/servicos\/#\/schema\/logo\/image\/\",\"url\":\"https:\/\/d2t4cfkrxg4dhd.cloudfront.net\/app\/uploads\/2021\/04\/70295ca5d3b1be44570b5e6d0854fa942edb2ab6.png\",\"contentUrl\":\"https:\/\/d2t4cfkrxg4dhd.cloudfront.net\/app\/uploads\/2021\/04\/70295ca5d3b1be44570b5e6d0854fa942edb2ab6.png\",\"width\":650,\"height\":554,\"caption\":\"Personare\"},\"image\":{\"@id\":\"https:\/\/www.personare.com.br\/servicos\/#\/schema\/logo\/image\/\"}}]}<\/script>\n<!-- \/ Yoast SEO plugin. -->","yoast_head_json":{"title":"Harmoniza\u00e7\u00e3o de Ambientes - Personare Servi\u00e7os","robots":{"index":"index","follow":"follow","max-snippet":"max-snippet:-1","max-image-preview":"max-image-preview:large","max-video-preview":"max-video-preview:-1"},"canonical":"https:\/\/www.personare.com.br\/servicos\/produto\/harmonizacao-de-ambientes\/","og_locale":"pt_BR","og_type":"article","og_title":"Harmoniza\u00e7\u00e3o de Ambientes - Personare Servi\u00e7os","og_description":"Voc\u00ea sente que sua vida n\u00e3o est\u00e1 em equil\u00edbrio? A causa pode estar em sua casa.A especialista Andrea Leandro une conhecimentos do Feng Shui e Geobiologia para analisar seu lar em v\u00e1rios \u00e2mbitos: como \u00e9 o espa\u00e7o f\u00edsico, a conviv\u00eancia das pessoas que vivem ali e o que as afeta de forma favor\u00e1vel e desfavor\u00e1vel.Ao longo de tr\u00eas encontros ser\u00e1 realizada uma avalia\u00e7\u00e3o completa, utilizando t\u00e9cnicas de Feng Shui (Bashai), Geobiologia, Radiestesia e Mesa Radi\u00f4nica.Com base no que for diagnosticado s\u00e3o feitas orienta\u00e7\u00f5es para a harmonia do ambiente. Um relat\u00f3rio por escrito \u00e9 enviado com um detalhamento de todas as informa\u00e7\u00f5es levantadas e recomenda\u00e7\u00f5es das a\u00e7\u00f5es a serem realizadas no espa\u00e7o f\u00edsico.","og_url":"https:\/\/www.personare.com.br\/servicos\/produto\/harmonizacao-de-ambientes\/","og_site_name":"Personare Servi\u00e7os","article_modified_time":"2024-08-22T14:44:54+00:00","og_image":[{"width":814,"height":650,"url":"https:\/\/d2t4cfkrxg4dhd.cloudfront.net\/app\/uploads\/2021\/04\/Andrea-Leandro-Harmonizacao-de-Espacos.jpg","type":"image\/jpeg"}],"twitter_card":"summary_large_image","twitter_misc":{"Est. tempo de leitura":"1 minuto"},"schema":{"@context":"https:\/\/schema.org","@graph":[{"@type":"WebPage","@id":"https:\/\/www.personare.com.br\/servicos\/produto\/harmonizacao-de-ambientes\/","url":"https:\/\/www.personare.com.br\/servicos\/produto\/harmonizacao-de-ambientes\/","name":"Harmoniza\u00e7\u00e3o de Ambientes - Personare Servi\u00e7os","isPartOf":{"@id":"https:\/\/www.personare.com.br\/servicos\/#website"},"datePublished":"2023-02-27T14:44:20+00:00","dateModified":"2024-08-22T14:44:54+00:00","breadcrumb":{"@id":"https:\/\/www.personare.com.br\/servicos\/produto\/harmonizacao-de-ambientes\/#breadcrumb"},"inLanguage":"pt-BR","potentialAction":[{"@type":"ReadAction","target":["https:\/\/www.personare.com.br\/servicos\/produto\/harmonizacao-de-ambientes\/"]}]},{"@type":"BreadcrumbList","@id":"https:\/\/www.personare.com.br\/servicos\/produto\/harmonizacao-de-ambientes\/#breadcrumb","itemListElement":[{"@type":"ListItem","position":1,"name":"In\u00edcio","item":"https:\/\/www.personare.com.br\/servicos\/"},{"@type":"ListItem","position":2,"name":"Loja","item":"https:\/\/www.personare.com.br\/servicos\/busca\/"},{"@type":"ListItem","position":3,"name":"Harmoniza\u00e7\u00e3o de Ambientes"}]},{"@type":"WebSite","@id":"https:\/\/www.personare.com.br\/servicos\/#website","url":"https:\/\/www.personare.com.br\/servicos\/","name":"Personare Servi\u00e7os","description":"Agende Consultas e Terapias Online no Personare","publisher":{"@id":"https:\/\/www.personare.com.br\/servicos\/#organization"},"potentialAction":[{"@type":"SearchAction","target":{"@type":"EntryPoint","urlTemplate":"https:\/\/www.personare.com.br\/servicos\/?s={search_term_string}"},"query-input":"required name=search_term_string"}],"inLanguage":"pt-BR"},{"@type":"Organization","@id":"https:\/\/www.personare.com.br\/servicos\/#organization","name":"Personare","url":"https:\/\/www.personare.com.br\/servicos\/","sameAs":[],"logo":{"@type":"ImageObject","inLanguage":"pt-BR","@id":"https:\/\/www.personare.com.br\/servicos\/#\/schema\/logo\/image\/","url":"https:\/\/d2t4cfkrxg4dhd.cloudfront.net\/app\/uploads\/2021\/04\/70295ca5d3b1be44570b5e6d0854fa942edb2ab6.png","contentUrl":"https:\/\/d2t4cfkrxg4dhd.cloudfront.net\/app\/uploads\/2021\/04\/70295ca5d3b1be44570b5e6d0854fa942edb2ab6.png","width":650,"height":554,"caption":"Personare"},"image":{"@id":"https:\/\/www.personare.com.br\/servicos\/#\/schema\/logo\/image\/"}}]}},"_links":{"self":[{"href":"https:\/\/www.personare.com.br\/servicos\/wp-json\/wp\/v2\/product\/5837"}],"collection":[{"href":"https:\/\/www.personare.com.br\/servicos\/wp-json\/wp\/v2\/product"}],"about":[{"href":"https:\/\/www.personare.com.br\/servicos\/wp-json\/wp\/v2\/types\/product"}],"replies":[{"embeddable":true,"href":"https:\/\/www.personare.com.br\/servicos\/wp-json\/wp\/v2\/comments?post=5837"}],"version-history":[{"count":2,"href":"https:\/\/www.personare.com.br\/servicos\/wp-json\/wp\/v2\/product\/5837\/revisions"}],"predecessor-version":[{"id":24324,"href":"https:\/\/www.personare.com.br\/servicos\/wp-json\/wp\/v2\/product\/5837\/revisions\/24324"}],"wp:featuredmedia":[{"embeddable":true,"href":"https:\/\/www.personare.com.br\/servicos\/wp-json\/wp\/v2\/media\/12019"}],"wp:attachment":[{"href":"https:\/\/www.personare.com.br\/servicos\/wp-json\/wp\/v2\/media?parent=5837"}],"wp:term":[{"taxonomy":"product_brand","embeddable":true,"href":"https:\/\/www.personare.com.br\/servicos\/wp-json\/wp\/v2\/product_brand?post=5837"},{"taxonomy":"product_cat","embeddable":true,"href":"https:\/\/www.personare.com.br\/servicos\/wp-json\/wp\/v2\/product_cat?post=5837"},{"taxonomy":"product_tag","embeddable":true,"href":"https:\/\/www.personare.com.br\/servicos\/wp-json\/wp\/v2\/product_tag?post=5837"},{"taxonomy":"areas-da-vida","embeddable":true,"href":"https:\/\/www.personare.com.br\/servicos\/wp-json\/wp\/v2\/areas-da-vida?post=5837"},{"taxonomy":"estudos-e-terapias","embeddable":true,"href":"https:\/\/www.personare.com.br\/servicos\/wp-json\/wp\/v2\/estudos-e-terapias?post=5837"},{"taxonomy":"dores-e-objetivos","embeddable":true,"href":"https:\/\/www.personare.com.br\/servicos\/wp-json\/wp\/v2\/dores-e-objetivos?post=5837"}],"curies":[{"name":"wp","href":"https:\/\/api.w.org\/{rel}","templated":true}]}}