{"id":5826,"date":"2023-03-06T16:22:14","date_gmt":"2023-03-06T19:22:14","guid":{"rendered":"https:\/\/www.personare.com.br\/servicos\/?post_type=product&#038;p=5826"},"modified":"2026-02-24T12:01:13","modified_gmt":"2026-02-24T15:01:13","slug":"sessoes-de-psicoterapia-recorrentes","status":"publish","type":"product","link":"https:\/\/www.personare.com.br\/servicos\/produto\/sessoes-de-psicoterapia-recorrentes\/","title":{"rendered":"Sess\u00f5es de Psicoterapia Recorrentes"},"content":{"rendered":"<p>Pessoas com n\u00edvel alto de ansiedade;<br \/>\nPessoas que sentem-se travadas e buscam fluidez em alguma \u00e1rea da vida;<br \/>\nPara quem quer se libertar de viver no piloto autom\u00e1tico;<br \/>\nQuem viveu ou est\u00e1 passando por algum tipo de trauma;<br \/>\nPara quem quer se livrar de algum h\u00e1bito nocivo;<br \/>\nPessoas em busca de autoconhecimento;<br \/>\nPara quem vive insatisfa\u00e7\u00f5es com o corpo, no trabalho ou em relacionamentos;<br \/>\nPessoas que querem se libertar da culpa ao comer;<br \/>\nPessoas que apresentam epis\u00f3dios de compuls\u00e3o alimentar;<br \/>\nPara quem encontra-se em estado depressivo.<\/p>\n","protected":false},"excerpt":{"rendered":"<p>Precisa de ajuda para lidar com a autocobran\u00e7a? Sente que sua vida n\u00e3o sai do lugar por causa de conflitos internos?<br \/>\nA Psicoterapia tem como objetivo ajudar a aprofundar o autoconhecimento e desenvolver habilidades emocionais para solucionar situa\u00e7\u00f5es que lhe incomodam.<br \/>\nA psic\u00f3loga Luiza Camargo apresenta como diferencial as abordagens da Experi\u00eancia Som\u00e1tica (SE) e Mindfulness (Aten\u00e7\u00e3o Plena). Durante a terapia, o corpo tamb\u00e9m expressa o que foi vivenciado, e ter a consci\u00eancia dessa express\u00e3o ao longo da sess\u00e3o facilita a libera\u00e7\u00e3o de traumas e emo\u00e7\u00f5es retidas.<\/p>\n<p>A Psicoterapia \u00e9 um tratamento cont\u00ednuo, no qual as quest\u00f5es s\u00e3o amadurecidas ao longo das sess\u00f5es. Agende uma primeira sess\u00e3o para experimentar e entender a frequ\u00eancia de consultas recomendada para voc\u00ea.<\/p>\n","protected":false},"featured_media":12007,"comment_status":"open","ping_status":"closed","template":"","meta":{"_acf_changed":false,"footnotes":""},"product_brand":[],"product_cat":[53],"product_tag":[173,174,175],"areas-da-vida":[163,164,171],"estudos-e-terapias":[146,147,156],"dores-e-objetivos":[82,86,87,88,90,92,94,95,97,98,99,102,104,109,110,111,113,116,118,121],"acf":[],"yoast_head":"<!-- This site is optimized with the Yoast SEO plugin v19.6.1 - https:\/\/yoast.com\/wordpress\/plugins\/seo\/ -->\n<title>Sess\u00f5es de Psicoterapia Recorrentes - Personare Servi\u00e7os<\/title>\n<meta name=\"description\" content=\"A Psicoterapia tem como objetivo ajudar a aprofundar o autoconhecimento e desenvolver habilidades emocionais para solucionar situa\u00e7\u00f5es que lhe incomodam.\" \/>\n<meta name=\"robots\" content=\"index, follow, max-snippet:-1, max-image-preview:large, max-video-preview:-1\" \/>\n<link rel=\"canonical\" href=\"https:\/\/www.personare.com.br\/servicos\/produto\/sessoes-de-psicoterapia-recorrentes\/\" \/>\n<meta property=\"og:locale\" content=\"pt_BR\" \/>\n<meta property=\"og:type\" content=\"article\" \/>\n<meta property=\"og:title\" content=\"Sess\u00f5es de Psicoterapia Recorrentes - Personare Servi\u00e7os\" \/>\n<meta property=\"og:description\" content=\"A Psicoterapia tem como objetivo ajudar a aprofundar o autoconhecimento e desenvolver habilidades emocionais para solucionar situa\u00e7\u00f5es que lhe incomodam.\" \/>\n<meta property=\"og:url\" content=\"https:\/\/www.personare.com.br\/servicos\/produto\/sessoes-de-psicoterapia-recorrentes\/\" \/>\n<meta property=\"og:site_name\" content=\"Personare Servi\u00e7os\" \/>\n<meta property=\"article:modified_time\" content=\"2026-02-24T15:01:13+00:00\" \/>\n<meta property=\"og:image\" content=\"https:\/\/d2t4cfkrxg4dhd.cloudfront.net\/app\/uploads\/2021\/04\/foto-luiza-camargo_.jpeg\" \/>\n\t<meta property=\"og:image:width\" content=\"768\" \/>\n\t<meta property=\"og:image:height\" content=\"1024\" \/>\n\t<meta property=\"og:image:type\" content=\"image\/jpeg\" \/>\n<meta name=\"twitter:card\" content=\"summary_large_image\" \/>\n<meta name=\"twitter:label1\" content=\"Est. tempo de leitura\" \/>\n\t<meta name=\"twitter:data1\" content=\"1 minuto\" \/>\n<script type=\"application\/ld+json\" class=\"yoast-schema-graph\">{\"@context\":\"https:\/\/schema.org\",\"@graph\":[{\"@type\":\"WebPage\",\"@id\":\"https:\/\/www.personare.com.br\/servicos\/produto\/sessoes-de-psicoterapia-recorrentes\/\",\"url\":\"https:\/\/www.personare.com.br\/servicos\/produto\/sessoes-de-psicoterapia-recorrentes\/\",\"name\":\"Sess\u00f5es de Psicoterapia Recorrentes - Personare Servi\u00e7os\",\"isPartOf\":{\"@id\":\"https:\/\/www.personare.com.br\/servicos\/#website\"},\"datePublished\":\"2023-03-06T19:22:14+00:00\",\"dateModified\":\"2026-02-24T15:01:13+00:00\",\"description\":\"A Psicoterapia tem como objetivo ajudar a aprofundar o autoconhecimento e desenvolver habilidades emocionais para solucionar situa\u00e7\u00f5es que lhe incomodam.\",\"breadcrumb\":{\"@id\":\"https:\/\/www.personare.com.br\/servicos\/produto\/sessoes-de-psicoterapia-recorrentes\/#breadcrumb\"},\"inLanguage\":\"pt-BR\",\"potentialAction\":[{\"@type\":\"ReadAction\",\"target\":[\"https:\/\/www.personare.com.br\/servicos\/produto\/sessoes-de-psicoterapia-recorrentes\/\"]}]},{\"@type\":\"BreadcrumbList\",\"@id\":\"https:\/\/www.personare.com.br\/servicos\/produto\/sessoes-de-psicoterapia-recorrentes\/#breadcrumb\",\"itemListElement\":[{\"@type\":\"ListItem\",\"position\":1,\"name\":\"In\u00edcio\",\"item\":\"https:\/\/www.personare.com.br\/servicos\/\"},{\"@type\":\"ListItem\",\"position\":2,\"name\":\"Loja\",\"item\":\"https:\/\/www.personare.com.br\/servicos\/busca\/\"},{\"@type\":\"ListItem\",\"position\":3,\"name\":\"Sess\u00f5es de Psicoterapia Recorrentes\"}]},{\"@type\":\"WebSite\",\"@id\":\"https:\/\/www.personare.com.br\/servicos\/#website\",\"url\":\"https:\/\/www.personare.com.br\/servicos\/\",\"name\":\"Personare Servi\u00e7os\",\"description\":\"Agende Consultas e Terapias Online no Personare\",\"publisher\":{\"@id\":\"https:\/\/www.personare.com.br\/servicos\/#organization\"},\"potentialAction\":[{\"@type\":\"SearchAction\",\"target\":{\"@type\":\"EntryPoint\",\"urlTemplate\":\"https:\/\/www.personare.com.br\/servicos\/?s={search_term_string}\"},\"query-input\":\"required name=search_term_string\"}],\"inLanguage\":\"pt-BR\"},{\"@type\":\"Organization\",\"@id\":\"https:\/\/www.personare.com.br\/servicos\/#organization\",\"name\":\"Personare\",\"url\":\"https:\/\/www.personare.com.br\/servicos\/\",\"sameAs\":[],\"logo\":{\"@type\":\"ImageObject\",\"inLanguage\":\"pt-BR\",\"@id\":\"https:\/\/www.personare.com.br\/servicos\/#\/schema\/logo\/image\/\",\"url\":\"https:\/\/d2t4cfkrxg4dhd.cloudfront.net\/app\/uploads\/2021\/04\/70295ca5d3b1be44570b5e6d0854fa942edb2ab6.png\",\"contentUrl\":\"https:\/\/d2t4cfkrxg4dhd.cloudfront.net\/app\/uploads\/2021\/04\/70295ca5d3b1be44570b5e6d0854fa942edb2ab6.png\",\"width\":650,\"height\":554,\"caption\":\"Personare\"},\"image\":{\"@id\":\"https:\/\/www.personare.com.br\/servicos\/#\/schema\/logo\/image\/\"}}]}<\/script>\n<!-- \/ Yoast SEO plugin. -->","yoast_head_json":{"title":"Sess\u00f5es de Psicoterapia Recorrentes - Personare Servi\u00e7os","description":"A Psicoterapia tem como objetivo ajudar a aprofundar o autoconhecimento e desenvolver habilidades emocionais para solucionar situa\u00e7\u00f5es que lhe incomodam.","robots":{"index":"index","follow":"follow","max-snippet":"max-snippet:-1","max-image-preview":"max-image-preview:large","max-video-preview":"max-video-preview:-1"},"canonical":"https:\/\/www.personare.com.br\/servicos\/produto\/sessoes-de-psicoterapia-recorrentes\/","og_locale":"pt_BR","og_type":"article","og_title":"Sess\u00f5es de Psicoterapia Recorrentes - Personare Servi\u00e7os","og_description":"A Psicoterapia tem como objetivo ajudar a aprofundar o autoconhecimento e desenvolver habilidades emocionais para solucionar situa\u00e7\u00f5es que lhe incomodam.","og_url":"https:\/\/www.personare.com.br\/servicos\/produto\/sessoes-de-psicoterapia-recorrentes\/","og_site_name":"Personare Servi\u00e7os","article_modified_time":"2026-02-24T15:01:13+00:00","og_image":[{"width":768,"height":1024,"url":"https:\/\/d2t4cfkrxg4dhd.cloudfront.net\/app\/uploads\/2021\/04\/foto-luiza-camargo_.jpeg","type":"image\/jpeg"}],"twitter_card":"summary_large_image","twitter_misc":{"Est. tempo de leitura":"1 minuto"},"schema":{"@context":"https:\/\/schema.org","@graph":[{"@type":"WebPage","@id":"https:\/\/www.personare.com.br\/servicos\/produto\/sessoes-de-psicoterapia-recorrentes\/","url":"https:\/\/www.personare.com.br\/servicos\/produto\/sessoes-de-psicoterapia-recorrentes\/","name":"Sess\u00f5es de Psicoterapia Recorrentes - Personare Servi\u00e7os","isPartOf":{"@id":"https:\/\/www.personare.com.br\/servicos\/#website"},"datePublished":"2023-03-06T19:22:14+00:00","dateModified":"2026-02-24T15:01:13+00:00","description":"A Psicoterapia tem como objetivo ajudar a aprofundar o autoconhecimento e desenvolver habilidades emocionais para solucionar situa\u00e7\u00f5es que lhe incomodam.","breadcrumb":{"@id":"https:\/\/www.personare.com.br\/servicos\/produto\/sessoes-de-psicoterapia-recorrentes\/#breadcrumb"},"inLanguage":"pt-BR","potentialAction":[{"@type":"ReadAction","target":["https:\/\/www.personare.com.br\/servicos\/produto\/sessoes-de-psicoterapia-recorrentes\/"]}]},{"@type":"BreadcrumbList","@id":"https:\/\/www.personare.com.br\/servicos\/produto\/sessoes-de-psicoterapia-recorrentes\/#breadcrumb","itemListElement":[{"@type":"ListItem","position":1,"name":"In\u00edcio","item":"https:\/\/www.personare.com.br\/servicos\/"},{"@type":"ListItem","position":2,"name":"Loja","item":"https:\/\/www.personare.com.br\/servicos\/busca\/"},{"@type":"ListItem","position":3,"name":"Sess\u00f5es de Psicoterapia Recorrentes"}]},{"@type":"WebSite","@id":"https:\/\/www.personare.com.br\/servicos\/#website","url":"https:\/\/www.personare.com.br\/servicos\/","name":"Personare Servi\u00e7os","description":"Agende Consultas e Terapias Online no Personare","publisher":{"@id":"https:\/\/www.personare.com.br\/servicos\/#organization"},"potentialAction":[{"@type":"SearchAction","target":{"@type":"EntryPoint","urlTemplate":"https:\/\/www.personare.com.br\/servicos\/?s={search_term_string}"},"query-input":"required name=search_term_string"}],"inLanguage":"pt-BR"},{"@type":"Organization","@id":"https:\/\/www.personare.com.br\/servicos\/#organization","name":"Personare","url":"https:\/\/www.personare.com.br\/servicos\/","sameAs":[],"logo":{"@type":"ImageObject","inLanguage":"pt-BR","@id":"https:\/\/www.personare.com.br\/servicos\/#\/schema\/logo\/image\/","url":"https:\/\/d2t4cfkrxg4dhd.cloudfront.net\/app\/uploads\/2021\/04\/70295ca5d3b1be44570b5e6d0854fa942edb2ab6.png","contentUrl":"https:\/\/d2t4cfkrxg4dhd.cloudfront.net\/app\/uploads\/2021\/04\/70295ca5d3b1be44570b5e6d0854fa942edb2ab6.png","width":650,"height":554,"caption":"Personare"},"image":{"@id":"https:\/\/www.personare.com.br\/servicos\/#\/schema\/logo\/image\/"}}]}},"_links":{"self":[{"href":"https:\/\/www.personare.com.br\/servicos\/wp-json\/wp\/v2\/product\/5826"}],"collection":[{"href":"https:\/\/www.personare.com.br\/servicos\/wp-json\/wp\/v2\/product"}],"about":[{"href":"https:\/\/www.personare.com.br\/servicos\/wp-json\/wp\/v2\/types\/product"}],"replies":[{"embeddable":true,"href":"https:\/\/www.personare.com.br\/servicos\/wp-json\/wp\/v2\/comments?post=5826"}],"version-history":[{"count":4,"href":"https:\/\/www.personare.com.br\/servicos\/wp-json\/wp\/v2\/product\/5826\/revisions"}],"predecessor-version":[{"id":24589,"href":"https:\/\/www.personare.com.br\/servicos\/wp-json\/wp\/v2\/product\/5826\/revisions\/24589"}],"wp:featuredmedia":[{"embeddable":true,"href":"https:\/\/www.personare.com.br\/servicos\/wp-json\/wp\/v2\/media\/12007"}],"wp:attachment":[{"href":"https:\/\/www.personare.com.br\/servicos\/wp-json\/wp\/v2\/media?parent=5826"}],"wp:term":[{"taxonomy":"product_brand","embeddable":true,"href":"https:\/\/www.personare.com.br\/servicos\/wp-json\/wp\/v2\/product_brand?post=5826"},{"taxonomy":"product_cat","embeddable":true,"href":"https:\/\/www.personare.com.br\/servicos\/wp-json\/wp\/v2\/product_cat?post=5826"},{"taxonomy":"product_tag","embeddable":true,"href":"https:\/\/www.personare.com.br\/servicos\/wp-json\/wp\/v2\/product_tag?post=5826"},{"taxonomy":"areas-da-vida","embeddable":true,"href":"https:\/\/www.personare.com.br\/servicos\/wp-json\/wp\/v2\/areas-da-vida?post=5826"},{"taxonomy":"estudos-e-terapias","embeddable":true,"href":"https:\/\/www.personare.com.br\/servicos\/wp-json\/wp\/v2\/estudos-e-terapias?post=5826"},{"taxonomy":"dores-e-objetivos","embeddable":true,"href":"https:\/\/www.personare.com.br\/servicos\/wp-json\/wp\/v2\/dores-e-objetivos?post=5826"}],"curies":[{"name":"wp","href":"https:\/\/api.w.org\/{rel}","templated":true}]}}