{"id":545,"date":"2021-06-24T13:19:40","date_gmt":"2021-06-24T16:19:40","guid":{"rendered":"https:\/\/www.personare.com.br\/servicos\/?post_type=product&#038;p=545"},"modified":"2024-08-22T11:47:03","modified_gmt":"2024-08-22T14:47:03","slug":"supere-suas-dificuldades-no-amor","status":"publish","type":"product","link":"https:\/\/www.personare.com.br\/servicos\/produto\/supere-suas-dificuldades-no-amor\/","title":{"rendered":"Supere Suas Dificuldades no Amor"},"content":{"rendered":"<p>Pessoas que n\u00e3o conseguem iniciar relacionamentos amorosos e passam sempre pelos mesmos desafios nessa \u00e1rea da vida, como: desilus\u00f5es, dificuldades em confiar na outra pessoa, sentimento de solid\u00e3o, car\u00eancia em excesso, medo de amar, etc.<br \/>\nPessoas que terminaram um relacionamento amoroso e n\u00e3o conseguem lidar com o t\u00e9rmino, transformando as quest\u00f5es da vida amorosa, como o apego e a dificuldade de perd\u00e3o, em problemas para outras \u00e1reas da vida, como sa\u00fade e carreira.<br \/>\nPessoas que vivem relacionamentos que est\u00e3o trazendo desconfortos emocionais ou at\u00e9 mesmo problemas de sa\u00fade, e casais que est\u00e3o identificando padr\u00f5es negativos em sua rela\u00e7\u00e3o e desejam superar juntos os desafios com auxilio terap\u00eautico.<\/p>\n","protected":false},"excerpt":{"rendered":"<p>Agende uma consulta online com uma das maiores especialistas em amor do Brasil. Ceci Akamatsu \u00e9 a especialista em amor mais lida do Personare e autora do livro \u201cPara que o Amor Aconte\u00e7a\u201d, com mais de 15.000 c\u00f3pias vendidas. \u00c9 terapeuta energ\u00e9tica e ajuda pessoas a identificarem e curarem os principais desequil\u00edbrios que prejudicam a vida amorosa. Seus atendimentos aliam conversa a um trabalho energ\u00e9tico, usando t\u00e9cnicas como Medita\u00e7\u00e3o e Reiki, entre outras.<\/p>\n","protected":false},"featured_media":12044,"comment_status":"open","ping_status":"closed","template":"","meta":{"_acf_changed":false,"footnotes":""},"product_brand":[],"product_cat":[52],"product_tag":[],"areas-da-vida":[162,164],"estudos-e-terapias":[126],"dores-e-objetivos":[82,83,87,88,90,106,116,119],"acf":[],"yoast_head":"<!-- This site is optimized with the Yoast SEO plugin v19.6.1 - https:\/\/yoast.com\/wordpress\/plugins\/seo\/ -->\n<title>Supere Suas Dificuldades no Amor - Personare Servi\u00e7os<\/title>\n<meta name=\"robots\" content=\"index, follow, max-snippet:-1, max-image-preview:large, max-video-preview:-1\" \/>\n<link rel=\"canonical\" href=\"https:\/\/www.personare.com.br\/servicos\/produto\/supere-suas-dificuldades-no-amor\/\" \/>\n<meta property=\"og:locale\" content=\"pt_BR\" \/>\n<meta property=\"og:type\" content=\"article\" \/>\n<meta property=\"og:title\" content=\"Supere Suas Dificuldades no Amor - Personare Servi\u00e7os\" \/>\n<meta property=\"og:description\" content=\"Agende uma consulta online com uma das maiores especialistas em amor do Brasil. Ceci Akamatsu \u00e9 a especialista em amor mais lida do Personare e autora do livro \u201cPara que o Amor Aconte\u00e7a\u201d, com mais de 15.000 c\u00f3pias vendidas. \u00c9 terapeuta energ\u00e9tica e ajuda pessoas a identificarem e curarem os principais desequil\u00edbrios que prejudicam a vida amorosa. Seus atendimentos aliam conversa a um trabalho energ\u00e9tico, usando t\u00e9cnicas como Medita\u00e7\u00e3o e Reiki, entre outras.\" \/>\n<meta property=\"og:url\" content=\"https:\/\/www.personare.com.br\/servicos\/produto\/supere-suas-dificuldades-no-amor\/\" \/>\n<meta property=\"og:site_name\" content=\"Personare Servi\u00e7os\" \/>\n<meta property=\"article:modified_time\" content=\"2024-08-22T14:47:03+00:00\" \/>\n<meta property=\"og:image\" content=\"https:\/\/d2t4cfkrxg4dhd.cloudfront.net\/app\/uploads\/2022\/07\/ceci-akamatsu-autora.jpeg\" \/>\n\t<meta property=\"og:image:width\" content=\"700\" \/>\n\t<meta property=\"og:image:height\" content=\"396\" \/>\n\t<meta property=\"og:image:type\" content=\"image\/jpeg\" \/>\n<meta name=\"twitter:card\" content=\"summary_large_image\" \/>\n<meta name=\"twitter:label1\" content=\"Est. tempo de leitura\" \/>\n\t<meta name=\"twitter:data1\" content=\"1 minuto\" \/>\n<script type=\"application\/ld+json\" class=\"yoast-schema-graph\">{\"@context\":\"https:\/\/schema.org\",\"@graph\":[{\"@type\":\"WebPage\",\"@id\":\"https:\/\/www.personare.com.br\/servicos\/produto\/supere-suas-dificuldades-no-amor\/\",\"url\":\"https:\/\/www.personare.com.br\/servicos\/produto\/supere-suas-dificuldades-no-amor\/\",\"name\":\"Supere Suas Dificuldades no Amor - Personare Servi\u00e7os\",\"isPartOf\":{\"@id\":\"https:\/\/www.personare.com.br\/servicos\/#website\"},\"datePublished\":\"2021-06-24T16:19:40+00:00\",\"dateModified\":\"2024-08-22T14:47:03+00:00\",\"breadcrumb\":{\"@id\":\"https:\/\/www.personare.com.br\/servicos\/produto\/supere-suas-dificuldades-no-amor\/#breadcrumb\"},\"inLanguage\":\"pt-BR\",\"potentialAction\":[{\"@type\":\"ReadAction\",\"target\":[\"https:\/\/www.personare.com.br\/servicos\/produto\/supere-suas-dificuldades-no-amor\/\"]}]},{\"@type\":\"BreadcrumbList\",\"@id\":\"https:\/\/www.personare.com.br\/servicos\/produto\/supere-suas-dificuldades-no-amor\/#breadcrumb\",\"itemListElement\":[{\"@type\":\"ListItem\",\"position\":1,\"name\":\"In\u00edcio\",\"item\":\"https:\/\/www.personare.com.br\/servicos\/\"},{\"@type\":\"ListItem\",\"position\":2,\"name\":\"Loja\",\"item\":\"https:\/\/www.personare.com.br\/servicos\/busca\/\"},{\"@type\":\"ListItem\",\"position\":3,\"name\":\"Supere Suas Dificuldades no Amor\"}]},{\"@type\":\"WebSite\",\"@id\":\"https:\/\/www.personare.com.br\/servicos\/#website\",\"url\":\"https:\/\/www.personare.com.br\/servicos\/\",\"name\":\"Personare Servi\u00e7os\",\"description\":\"Agende Consultas e Terapias Online no Personare\",\"publisher\":{\"@id\":\"https:\/\/www.personare.com.br\/servicos\/#organization\"},\"potentialAction\":[{\"@type\":\"SearchAction\",\"target\":{\"@type\":\"EntryPoint\",\"urlTemplate\":\"https:\/\/www.personare.com.br\/servicos\/?s={search_term_string}\"},\"query-input\":\"required name=search_term_string\"}],\"inLanguage\":\"pt-BR\"},{\"@type\":\"Organization\",\"@id\":\"https:\/\/www.personare.com.br\/servicos\/#organization\",\"name\":\"Personare\",\"url\":\"https:\/\/www.personare.com.br\/servicos\/\",\"sameAs\":[],\"logo\":{\"@type\":\"ImageObject\",\"inLanguage\":\"pt-BR\",\"@id\":\"https:\/\/www.personare.com.br\/servicos\/#\/schema\/logo\/image\/\",\"url\":\"https:\/\/d2t4cfkrxg4dhd.cloudfront.net\/app\/uploads\/2021\/04\/70295ca5d3b1be44570b5e6d0854fa942edb2ab6.png\",\"contentUrl\":\"https:\/\/d2t4cfkrxg4dhd.cloudfront.net\/app\/uploads\/2021\/04\/70295ca5d3b1be44570b5e6d0854fa942edb2ab6.png\",\"width\":650,\"height\":554,\"caption\":\"Personare\"},\"image\":{\"@id\":\"https:\/\/www.personare.com.br\/servicos\/#\/schema\/logo\/image\/\"}}]}<\/script>\n<!-- \/ Yoast SEO plugin. -->","yoast_head_json":{"title":"Supere Suas Dificuldades no Amor - Personare Servi\u00e7os","robots":{"index":"index","follow":"follow","max-snippet":"max-snippet:-1","max-image-preview":"max-image-preview:large","max-video-preview":"max-video-preview:-1"},"canonical":"https:\/\/www.personare.com.br\/servicos\/produto\/supere-suas-dificuldades-no-amor\/","og_locale":"pt_BR","og_type":"article","og_title":"Supere Suas Dificuldades no Amor - Personare Servi\u00e7os","og_description":"Agende uma consulta online com uma das maiores especialistas em amor do Brasil. Ceci Akamatsu \u00e9 a especialista em amor mais lida do Personare e autora do livro \u201cPara que o Amor Aconte\u00e7a\u201d, com mais de 15.000 c\u00f3pias vendidas. \u00c9 terapeuta energ\u00e9tica e ajuda pessoas a identificarem e curarem os principais desequil\u00edbrios que prejudicam a vida amorosa. Seus atendimentos aliam conversa a um trabalho energ\u00e9tico, usando t\u00e9cnicas como Medita\u00e7\u00e3o e Reiki, entre outras.","og_url":"https:\/\/www.personare.com.br\/servicos\/produto\/supere-suas-dificuldades-no-amor\/","og_site_name":"Personare Servi\u00e7os","article_modified_time":"2024-08-22T14:47:03+00:00","og_image":[{"width":700,"height":396,"url":"https:\/\/d2t4cfkrxg4dhd.cloudfront.net\/app\/uploads\/2022\/07\/ceci-akamatsu-autora.jpeg","type":"image\/jpeg"}],"twitter_card":"summary_large_image","twitter_misc":{"Est. tempo de leitura":"1 minuto"},"schema":{"@context":"https:\/\/schema.org","@graph":[{"@type":"WebPage","@id":"https:\/\/www.personare.com.br\/servicos\/produto\/supere-suas-dificuldades-no-amor\/","url":"https:\/\/www.personare.com.br\/servicos\/produto\/supere-suas-dificuldades-no-amor\/","name":"Supere Suas Dificuldades no Amor - Personare Servi\u00e7os","isPartOf":{"@id":"https:\/\/www.personare.com.br\/servicos\/#website"},"datePublished":"2021-06-24T16:19:40+00:00","dateModified":"2024-08-22T14:47:03+00:00","breadcrumb":{"@id":"https:\/\/www.personare.com.br\/servicos\/produto\/supere-suas-dificuldades-no-amor\/#breadcrumb"},"inLanguage":"pt-BR","potentialAction":[{"@type":"ReadAction","target":["https:\/\/www.personare.com.br\/servicos\/produto\/supere-suas-dificuldades-no-amor\/"]}]},{"@type":"BreadcrumbList","@id":"https:\/\/www.personare.com.br\/servicos\/produto\/supere-suas-dificuldades-no-amor\/#breadcrumb","itemListElement":[{"@type":"ListItem","position":1,"name":"In\u00edcio","item":"https:\/\/www.personare.com.br\/servicos\/"},{"@type":"ListItem","position":2,"name":"Loja","item":"https:\/\/www.personare.com.br\/servicos\/busca\/"},{"@type":"ListItem","position":3,"name":"Supere Suas Dificuldades no Amor"}]},{"@type":"WebSite","@id":"https:\/\/www.personare.com.br\/servicos\/#website","url":"https:\/\/www.personare.com.br\/servicos\/","name":"Personare Servi\u00e7os","description":"Agende Consultas e Terapias Online no Personare","publisher":{"@id":"https:\/\/www.personare.com.br\/servicos\/#organization"},"potentialAction":[{"@type":"SearchAction","target":{"@type":"EntryPoint","urlTemplate":"https:\/\/www.personare.com.br\/servicos\/?s={search_term_string}"},"query-input":"required name=search_term_string"}],"inLanguage":"pt-BR"},{"@type":"Organization","@id":"https:\/\/www.personare.com.br\/servicos\/#organization","name":"Personare","url":"https:\/\/www.personare.com.br\/servicos\/","sameAs":[],"logo":{"@type":"ImageObject","inLanguage":"pt-BR","@id":"https:\/\/www.personare.com.br\/servicos\/#\/schema\/logo\/image\/","url":"https:\/\/d2t4cfkrxg4dhd.cloudfront.net\/app\/uploads\/2021\/04\/70295ca5d3b1be44570b5e6d0854fa942edb2ab6.png","contentUrl":"https:\/\/d2t4cfkrxg4dhd.cloudfront.net\/app\/uploads\/2021\/04\/70295ca5d3b1be44570b5e6d0854fa942edb2ab6.png","width":650,"height":554,"caption":"Personare"},"image":{"@id":"https:\/\/www.personare.com.br\/servicos\/#\/schema\/logo\/image\/"}}]}},"_links":{"self":[{"href":"https:\/\/www.personare.com.br\/servicos\/wp-json\/wp\/v2\/product\/545"}],"collection":[{"href":"https:\/\/www.personare.com.br\/servicos\/wp-json\/wp\/v2\/product"}],"about":[{"href":"https:\/\/www.personare.com.br\/servicos\/wp-json\/wp\/v2\/types\/product"}],"replies":[{"embeddable":true,"href":"https:\/\/www.personare.com.br\/servicos\/wp-json\/wp\/v2\/comments?post=545"}],"version-history":[{"count":1,"href":"https:\/\/www.personare.com.br\/servicos\/wp-json\/wp\/v2\/product\/545\/revisions"}],"predecessor-version":[{"id":17470,"href":"https:\/\/www.personare.com.br\/servicos\/wp-json\/wp\/v2\/product\/545\/revisions\/17470"}],"wp:featuredmedia":[{"embeddable":true,"href":"https:\/\/www.personare.com.br\/servicos\/wp-json\/wp\/v2\/media\/12044"}],"wp:attachment":[{"href":"https:\/\/www.personare.com.br\/servicos\/wp-json\/wp\/v2\/media?parent=545"}],"wp:term":[{"taxonomy":"product_brand","embeddable":true,"href":"https:\/\/www.personare.com.br\/servicos\/wp-json\/wp\/v2\/product_brand?post=545"},{"taxonomy":"product_cat","embeddable":true,"href":"https:\/\/www.personare.com.br\/servicos\/wp-json\/wp\/v2\/product_cat?post=545"},{"taxonomy":"product_tag","embeddable":true,"href":"https:\/\/www.personare.com.br\/servicos\/wp-json\/wp\/v2\/product_tag?post=545"},{"taxonomy":"areas-da-vida","embeddable":true,"href":"https:\/\/www.personare.com.br\/servicos\/wp-json\/wp\/v2\/areas-da-vida?post=545"},{"taxonomy":"estudos-e-terapias","embeddable":true,"href":"https:\/\/www.personare.com.br\/servicos\/wp-json\/wp\/v2\/estudos-e-terapias?post=545"},{"taxonomy":"dores-e-objetivos","embeddable":true,"href":"https:\/\/www.personare.com.br\/servicos\/wp-json\/wp\/v2\/dores-e-objetivos?post=545"}],"curies":[{"name":"wp","href":"https:\/\/api.w.org\/{rel}","templated":true}]}}