{"id":531,"date":"2021-06-24T11:03:46","date_gmt":"2021-06-24T14:03:46","guid":{"rendered":"https:\/\/www.personare.com.br\/servicos\/?post_type=product&#038;p=531"},"modified":"2024-08-22T11:43:15","modified_gmt":"2024-08-22T14:43:15","slug":"constelacao-familiar-individual-online","status":"publish","type":"product","link":"https:\/\/www.personare.com.br\/servicos\/produto\/constelacao-familiar-individual-online\/","title":{"rendered":"Constela\u00e7\u00e3o Familiar individual online"},"content":{"rendered":"<p>Pessoas com conflitos nos relacionamentos familiares, afetivos e interpessoais.<\/p>\n<p>Quando h\u00e1 dificuldades para ter ou manter um relacionamento amoroso.<\/p>\n<p>Pessoas vivenciando relacionamentos abusivos, t\u00f3xicos ou disfuncionais.<\/p>\n<p>Pessoas com doen\u00e7as cr\u00f4nicas (f\u00edsicas e mentais).<\/p>\n<p>Quando acontecimentos hist\u00f3ricos colocaram um peso sobre a fam\u00edlia.<\/p>\n<p>Pessoas que vivenciam fracassos e bloqueios na vida profissional e financeira.<\/p>\n","protected":false},"excerpt":{"rendered":"<p>A consulta facilita tomadas de consci\u00eancia, ajudando a harmonizar as rela\u00e7\u00f5es, desbloquear traumas e libertar-se de padr\u00f5es familiares repetitivos e disfuncionais.<br \/>\nAlice Duarte \u00e9 facilitadora em Constela\u00e7\u00e3o Familiar, com 10 anos de experi\u00eancia e treinamentos internacionais na \u00e1rea. \u00c9 especializada em sistema familiar narcisista e no tratamento de traumas, pessoais e transgeracionais. \u00c9 criadora do curso e mentoria online Por Uma Vida Sem Amarras e trabalha com Constela\u00e7\u00e3o online desde 2016, quando desenvolveu um m\u00e9todo pr\u00f3prio para este tipo de atendimento.<\/p>\n","protected":false},"featured_media":12030,"comment_status":"open","ping_status":"closed","template":"","meta":{"_acf_changed":false,"footnotes":""},"product_brand":[],"product_cat":[52],"product_tag":[],"areas-da-vida":[161,162,163,164,165,166,167,168,169,170,171],"estudos-e-terapias":[133],"dores-e-objetivos":[81,82,83,84,85,86,87,88,89,90,91,92,93,94,95,96,97,98,99,100,101,102,103,104,105,106,107,108,109,110,111,112,113,114,115,116,117,118,119,120,121,122,123],"acf":[],"yoast_head":"<!-- This site is optimized with the Yoast SEO plugin v19.6.1 - https:\/\/yoast.com\/wordpress\/plugins\/seo\/ -->\n<title>Constela\u00e7\u00e3o Familiar individual online - Personare Servi\u00e7os<\/title>\n<meta name=\"robots\" content=\"index, follow, max-snippet:-1, max-image-preview:large, max-video-preview:-1\" \/>\n<link rel=\"canonical\" href=\"https:\/\/www.personare.com.br\/servicos\/produto\/constelacao-familiar-individual-online\/\" \/>\n<meta property=\"og:locale\" content=\"pt_BR\" \/>\n<meta property=\"og:type\" content=\"article\" \/>\n<meta property=\"og:title\" content=\"Constela\u00e7\u00e3o Familiar individual online - Personare Servi\u00e7os\" \/>\n<meta property=\"og:description\" content=\"A consulta facilita tomadas de consci\u00eancia, ajudando a harmonizar as rela\u00e7\u00f5es, desbloquear traumas e libertar-se de padr\u00f5es familiares repetitivos e disfuncionais. Alice Duarte \u00e9 facilitadora em Constela\u00e7\u00e3o Familiar, com 10 anos de experi\u00eancia e treinamentos internacionais na \u00e1rea. \u00c9 especializada em sistema familiar narcisista e no tratamento de traumas, pessoais e transgeracionais. \u00c9 criadora do curso e mentoria online Por Uma Vida Sem Amarras e trabalha com Constela\u00e7\u00e3o online desde 2016, quando desenvolveu um m\u00e9todo pr\u00f3prio para este tipo de atendimento.\" \/>\n<meta property=\"og:url\" content=\"https:\/\/www.personare.com.br\/servicos\/produto\/constelacao-familiar-individual-online\/\" \/>\n<meta property=\"og:site_name\" content=\"Personare Servi\u00e7os\" \/>\n<meta property=\"article:modified_time\" content=\"2024-08-22T14:43:15+00:00\" \/>\n<meta property=\"og:image\" content=\"https:\/\/d2t4cfkrxg4dhd.cloudfront.net\/app\/uploads\/2022\/11\/IMG_6065.jpg\" \/>\n\t<meta property=\"og:image:width\" content=\"1280\" \/>\n\t<meta property=\"og:image:height\" content=\"960\" \/>\n\t<meta property=\"og:image:type\" content=\"image\/jpeg\" \/>\n<meta name=\"twitter:card\" content=\"summary_large_image\" \/>\n<meta name=\"twitter:label1\" content=\"Est. tempo de leitura\" \/>\n\t<meta name=\"twitter:data1\" content=\"1 minuto\" \/>\n<script type=\"application\/ld+json\" class=\"yoast-schema-graph\">{\"@context\":\"https:\/\/schema.org\",\"@graph\":[{\"@type\":\"WebPage\",\"@id\":\"https:\/\/www.personare.com.br\/servicos\/produto\/constelacao-familiar-individual-online\/\",\"url\":\"https:\/\/www.personare.com.br\/servicos\/produto\/constelacao-familiar-individual-online\/\",\"name\":\"Constela\u00e7\u00e3o Familiar individual online - Personare Servi\u00e7os\",\"isPartOf\":{\"@id\":\"https:\/\/www.personare.com.br\/servicos\/#website\"},\"datePublished\":\"2021-06-24T14:03:46+00:00\",\"dateModified\":\"2024-08-22T14:43:15+00:00\",\"breadcrumb\":{\"@id\":\"https:\/\/www.personare.com.br\/servicos\/produto\/constelacao-familiar-individual-online\/#breadcrumb\"},\"inLanguage\":\"pt-BR\",\"potentialAction\":[{\"@type\":\"ReadAction\",\"target\":[\"https:\/\/www.personare.com.br\/servicos\/produto\/constelacao-familiar-individual-online\/\"]}]},{\"@type\":\"BreadcrumbList\",\"@id\":\"https:\/\/www.personare.com.br\/servicos\/produto\/constelacao-familiar-individual-online\/#breadcrumb\",\"itemListElement\":[{\"@type\":\"ListItem\",\"position\":1,\"name\":\"In\u00edcio\",\"item\":\"https:\/\/www.personare.com.br\/servicos\/\"},{\"@type\":\"ListItem\",\"position\":2,\"name\":\"Loja\",\"item\":\"https:\/\/www.personare.com.br\/servicos\/busca\/\"},{\"@type\":\"ListItem\",\"position\":3,\"name\":\"Constela\u00e7\u00e3o Familiar individual online\"}]},{\"@type\":\"WebSite\",\"@id\":\"https:\/\/www.personare.com.br\/servicos\/#website\",\"url\":\"https:\/\/www.personare.com.br\/servicos\/\",\"name\":\"Personare Servi\u00e7os\",\"description\":\"Agende Consultas e Terapias Online no Personare\",\"publisher\":{\"@id\":\"https:\/\/www.personare.com.br\/servicos\/#organization\"},\"potentialAction\":[{\"@type\":\"SearchAction\",\"target\":{\"@type\":\"EntryPoint\",\"urlTemplate\":\"https:\/\/www.personare.com.br\/servicos\/?s={search_term_string}\"},\"query-input\":\"required name=search_term_string\"}],\"inLanguage\":\"pt-BR\"},{\"@type\":\"Organization\",\"@id\":\"https:\/\/www.personare.com.br\/servicos\/#organization\",\"name\":\"Personare\",\"url\":\"https:\/\/www.personare.com.br\/servicos\/\",\"sameAs\":[],\"logo\":{\"@type\":\"ImageObject\",\"inLanguage\":\"pt-BR\",\"@id\":\"https:\/\/www.personare.com.br\/servicos\/#\/schema\/logo\/image\/\",\"url\":\"https:\/\/d2t4cfkrxg4dhd.cloudfront.net\/app\/uploads\/2021\/04\/70295ca5d3b1be44570b5e6d0854fa942edb2ab6.png\",\"contentUrl\":\"https:\/\/d2t4cfkrxg4dhd.cloudfront.net\/app\/uploads\/2021\/04\/70295ca5d3b1be44570b5e6d0854fa942edb2ab6.png\",\"width\":650,\"height\":554,\"caption\":\"Personare\"},\"image\":{\"@id\":\"https:\/\/www.personare.com.br\/servicos\/#\/schema\/logo\/image\/\"}}]}<\/script>\n<!-- \/ Yoast SEO plugin. -->","yoast_head_json":{"title":"Constela\u00e7\u00e3o Familiar individual online - Personare Servi\u00e7os","robots":{"index":"index","follow":"follow","max-snippet":"max-snippet:-1","max-image-preview":"max-image-preview:large","max-video-preview":"max-video-preview:-1"},"canonical":"https:\/\/www.personare.com.br\/servicos\/produto\/constelacao-familiar-individual-online\/","og_locale":"pt_BR","og_type":"article","og_title":"Constela\u00e7\u00e3o Familiar individual online - Personare Servi\u00e7os","og_description":"A consulta facilita tomadas de consci\u00eancia, ajudando a harmonizar as rela\u00e7\u00f5es, desbloquear traumas e libertar-se de padr\u00f5es familiares repetitivos e disfuncionais. Alice Duarte \u00e9 facilitadora em Constela\u00e7\u00e3o Familiar, com 10 anos de experi\u00eancia e treinamentos internacionais na \u00e1rea. \u00c9 especializada em sistema familiar narcisista e no tratamento de traumas, pessoais e transgeracionais. \u00c9 criadora do curso e mentoria online Por Uma Vida Sem Amarras e trabalha com Constela\u00e7\u00e3o online desde 2016, quando desenvolveu um m\u00e9todo pr\u00f3prio para este tipo de atendimento.","og_url":"https:\/\/www.personare.com.br\/servicos\/produto\/constelacao-familiar-individual-online\/","og_site_name":"Personare Servi\u00e7os","article_modified_time":"2024-08-22T14:43:15+00:00","og_image":[{"width":1280,"height":960,"url":"https:\/\/d2t4cfkrxg4dhd.cloudfront.net\/app\/uploads\/2022\/11\/IMG_6065.jpg","type":"image\/jpeg"}],"twitter_card":"summary_large_image","twitter_misc":{"Est. tempo de leitura":"1 minuto"},"schema":{"@context":"https:\/\/schema.org","@graph":[{"@type":"WebPage","@id":"https:\/\/www.personare.com.br\/servicos\/produto\/constelacao-familiar-individual-online\/","url":"https:\/\/www.personare.com.br\/servicos\/produto\/constelacao-familiar-individual-online\/","name":"Constela\u00e7\u00e3o Familiar individual online - Personare Servi\u00e7os","isPartOf":{"@id":"https:\/\/www.personare.com.br\/servicos\/#website"},"datePublished":"2021-06-24T14:03:46+00:00","dateModified":"2024-08-22T14:43:15+00:00","breadcrumb":{"@id":"https:\/\/www.personare.com.br\/servicos\/produto\/constelacao-familiar-individual-online\/#breadcrumb"},"inLanguage":"pt-BR","potentialAction":[{"@type":"ReadAction","target":["https:\/\/www.personare.com.br\/servicos\/produto\/constelacao-familiar-individual-online\/"]}]},{"@type":"BreadcrumbList","@id":"https:\/\/www.personare.com.br\/servicos\/produto\/constelacao-familiar-individual-online\/#breadcrumb","itemListElement":[{"@type":"ListItem","position":1,"name":"In\u00edcio","item":"https:\/\/www.personare.com.br\/servicos\/"},{"@type":"ListItem","position":2,"name":"Loja","item":"https:\/\/www.personare.com.br\/servicos\/busca\/"},{"@type":"ListItem","position":3,"name":"Constela\u00e7\u00e3o Familiar individual online"}]},{"@type":"WebSite","@id":"https:\/\/www.personare.com.br\/servicos\/#website","url":"https:\/\/www.personare.com.br\/servicos\/","name":"Personare Servi\u00e7os","description":"Agende Consultas e Terapias Online no Personare","publisher":{"@id":"https:\/\/www.personare.com.br\/servicos\/#organization"},"potentialAction":[{"@type":"SearchAction","target":{"@type":"EntryPoint","urlTemplate":"https:\/\/www.personare.com.br\/servicos\/?s={search_term_string}"},"query-input":"required name=search_term_string"}],"inLanguage":"pt-BR"},{"@type":"Organization","@id":"https:\/\/www.personare.com.br\/servicos\/#organization","name":"Personare","url":"https:\/\/www.personare.com.br\/servicos\/","sameAs":[],"logo":{"@type":"ImageObject","inLanguage":"pt-BR","@id":"https:\/\/www.personare.com.br\/servicos\/#\/schema\/logo\/image\/","url":"https:\/\/d2t4cfkrxg4dhd.cloudfront.net\/app\/uploads\/2021\/04\/70295ca5d3b1be44570b5e6d0854fa942edb2ab6.png","contentUrl":"https:\/\/d2t4cfkrxg4dhd.cloudfront.net\/app\/uploads\/2021\/04\/70295ca5d3b1be44570b5e6d0854fa942edb2ab6.png","width":650,"height":554,"caption":"Personare"},"image":{"@id":"https:\/\/www.personare.com.br\/servicos\/#\/schema\/logo\/image\/"}}]}},"_links":{"self":[{"href":"https:\/\/www.personare.com.br\/servicos\/wp-json\/wp\/v2\/product\/531"}],"collection":[{"href":"https:\/\/www.personare.com.br\/servicos\/wp-json\/wp\/v2\/product"}],"about":[{"href":"https:\/\/www.personare.com.br\/servicos\/wp-json\/wp\/v2\/types\/product"}],"replies":[{"embeddable":true,"href":"https:\/\/www.personare.com.br\/servicos\/wp-json\/wp\/v2\/comments?post=531"}],"version-history":[{"count":11,"href":"https:\/\/www.personare.com.br\/servicos\/wp-json\/wp\/v2\/product\/531\/revisions"}],"predecessor-version":[{"id":15478,"href":"https:\/\/www.personare.com.br\/servicos\/wp-json\/wp\/v2\/product\/531\/revisions\/15478"}],"wp:featuredmedia":[{"embeddable":true,"href":"https:\/\/www.personare.com.br\/servicos\/wp-json\/wp\/v2\/media\/12030"}],"wp:attachment":[{"href":"https:\/\/www.personare.com.br\/servicos\/wp-json\/wp\/v2\/media?parent=531"}],"wp:term":[{"taxonomy":"product_brand","embeddable":true,"href":"https:\/\/www.personare.com.br\/servicos\/wp-json\/wp\/v2\/product_brand?post=531"},{"taxonomy":"product_cat","embeddable":true,"href":"https:\/\/www.personare.com.br\/servicos\/wp-json\/wp\/v2\/product_cat?post=531"},{"taxonomy":"product_tag","embeddable":true,"href":"https:\/\/www.personare.com.br\/servicos\/wp-json\/wp\/v2\/product_tag?post=531"},{"taxonomy":"areas-da-vida","embeddable":true,"href":"https:\/\/www.personare.com.br\/servicos\/wp-json\/wp\/v2\/areas-da-vida?post=531"},{"taxonomy":"estudos-e-terapias","embeddable":true,"href":"https:\/\/www.personare.com.br\/servicos\/wp-json\/wp\/v2\/estudos-e-terapias?post=531"},{"taxonomy":"dores-e-objetivos","embeddable":true,"href":"https:\/\/www.personare.com.br\/servicos\/wp-json\/wp\/v2\/dores-e-objetivos?post=531"}],"curies":[{"name":"wp","href":"https:\/\/api.w.org\/{rel}","templated":true}]}}