{"id":500,"date":"2021-06-22T21:19:53","date_gmt":"2021-06-23T00:19:53","guid":{"rendered":"https:\/\/www.personare.com.br\/servicos\/produto\/consulta-para-superar-traumas-de-origem-familiar\/"},"modified":"2024-08-22T11:58:47","modified_gmt":"2024-08-22T14:58:47","slug":"consulta-para-superar-traumas-de-origem-familiar","status":"publish","type":"product","link":"https:\/\/www.personare.com.br\/servicos\/produto\/consulta-para-superar-traumas-de-origem-familiar\/","title":{"rendered":"Constela\u00e7\u00f5es familiares para superar traumas de origem familiar"},"content":{"rendered":"<p>Pessoas que buscam solucionar problemas familiares, que passam por desafios recorrentes na fam\u00edlia e desejam melhorar sua rela\u00e7\u00e3o com seus pais, irm\u00e3os e outros parentes;<\/p>\n<p>Pessoas que s\u00e3o diagnosticadas com problemas de sa\u00fade de raiz emocional, como a ansiedade e a depress\u00e3o, fazem tratamento m\u00e9dico e buscam terapias complementares para reduzir a manifesta\u00e7\u00e3o dos sintomas no cotidiano;<\/p>\n<p>Pessoas que buscam reduzir os efeitos de compuls\u00e3o alimentar ou outros transtornos que causam depend\u00eancias, e tamb\u00e9m pessoas que percebem problemas recorrentes em sua vida amorosa, carreira profissional ou em qualquer \u00e1rea espec\u00edfica da vida.<\/p>\n","protected":false},"excerpt":{"rendered":"<p>A terapeuta transpessoal Isabela Borges utiliza a Constela\u00e7\u00e3o Familiar nesta consulta online para desbloquear traumas do passado que constroem padr\u00f5es desequilibrados no presente e que podem afetar quaisquer \u00e1reas da vida: afetiva, financeira, familiar, social, psicol\u00f3gica&#8230; A t\u00e9cnica permite a libera\u00e7\u00e3o dos n\u00facleos destes traumas, promovendo na vida mais sa\u00fade, leveza, harmonia e abund\u00e2ncia.<\/p>\n","protected":false},"featured_media":12012,"comment_status":"open","ping_status":"closed","template":"","meta":{"_acf_changed":false,"footnotes":""},"product_brand":[],"product_cat":[52],"product_tag":[],"areas-da-vida":[161,162,163,164,165,166,167,168,169,170,171],"estudos-e-terapias":[133,157],"dores-e-objetivos":[81,82,83,84,85,86,87,88,89,90,91,92,189,93,94,95,96,97,188,98,99,100,101,102,103,104,105,106,107,108,109,110,111,112,113,114,115,116,192,117,118,119,120,121,191,122,123],"acf":[],"yoast_head":"<!-- This site is optimized with the Yoast SEO plugin v19.6.1 - https:\/\/yoast.com\/wordpress\/plugins\/seo\/ -->\n<title>Constela\u00e7\u00f5es familiares para superar traumas de origem familiar - Personare Servi\u00e7os<\/title>\n<meta name=\"description\" content=\"As constela\u00e7\u00f5es familiares \u00e9 uma terapia breve que te ajuda a soltar dos emaranhamentos do passado (seu e de seus familiares) para que sua vida possa fluir melhor, com mais leveza e abund\u00e2ncia.\" \/>\n<meta name=\"robots\" content=\"index, follow, max-snippet:-1, max-image-preview:large, max-video-preview:-1\" \/>\n<link rel=\"canonical\" href=\"https:\/\/www.personare.com.br\/servicos\/produto\/consulta-para-superar-traumas-de-origem-familiar\/\" \/>\n<meta property=\"og:locale\" content=\"pt_BR\" \/>\n<meta property=\"og:type\" content=\"article\" \/>\n<meta property=\"og:title\" content=\"Constela\u00e7\u00f5es familiares para superar traumas de origem familiar - Personare Servi\u00e7os\" \/>\n<meta property=\"og:description\" content=\"As constela\u00e7\u00f5es familiares \u00e9 uma terapia breve que te ajuda a soltar dos emaranhamentos do passado (seu e de seus familiares) para que sua vida possa fluir melhor, com mais leveza e abund\u00e2ncia.\" \/>\n<meta property=\"og:url\" content=\"https:\/\/www.personare.com.br\/servicos\/produto\/consulta-para-superar-traumas-de-origem-familiar\/\" \/>\n<meta property=\"og:site_name\" content=\"Personare Servi\u00e7os\" \/>\n<meta property=\"article:modified_time\" content=\"2024-08-22T14:58:47+00:00\" \/>\n<meta property=\"og:image\" content=\"https:\/\/d2t4cfkrxg4dhd.cloudfront.net\/app\/uploads\/2021\/04\/03.jpg\" \/>\n\t<meta property=\"og:image:width\" content=\"160\" \/>\n\t<meta property=\"og:image:height\" content=\"107\" \/>\n\t<meta property=\"og:image:type\" content=\"image\/jpeg\" \/>\n<meta name=\"twitter:card\" content=\"summary_large_image\" \/>\n<meta name=\"twitter:label1\" content=\"Est. tempo de leitura\" \/>\n\t<meta name=\"twitter:data1\" content=\"1 minuto\" \/>\n<script type=\"application\/ld+json\" class=\"yoast-schema-graph\">{\"@context\":\"https:\/\/schema.org\",\"@graph\":[{\"@type\":\"WebPage\",\"@id\":\"https:\/\/www.personare.com.br\/servicos\/produto\/consulta-para-superar-traumas-de-origem-familiar\/\",\"url\":\"https:\/\/www.personare.com.br\/servicos\/produto\/consulta-para-superar-traumas-de-origem-familiar\/\",\"name\":\"Constela\u00e7\u00f5es familiares para superar traumas de origem familiar - Personare Servi\u00e7os\",\"isPartOf\":{\"@id\":\"https:\/\/www.personare.com.br\/servicos\/#website\"},\"datePublished\":\"2021-06-23T00:19:53+00:00\",\"dateModified\":\"2024-08-22T14:58:47+00:00\",\"description\":\"As constela\u00e7\u00f5es familiares \u00e9 uma terapia breve que te ajuda a soltar dos emaranhamentos do passado (seu e de seus familiares) para que sua vida possa fluir melhor, com mais leveza e abund\u00e2ncia.\",\"breadcrumb\":{\"@id\":\"https:\/\/www.personare.com.br\/servicos\/produto\/consulta-para-superar-traumas-de-origem-familiar\/#breadcrumb\"},\"inLanguage\":\"pt-BR\",\"potentialAction\":[{\"@type\":\"ReadAction\",\"target\":[\"https:\/\/www.personare.com.br\/servicos\/produto\/consulta-para-superar-traumas-de-origem-familiar\/\"]}]},{\"@type\":\"BreadcrumbList\",\"@id\":\"https:\/\/www.personare.com.br\/servicos\/produto\/consulta-para-superar-traumas-de-origem-familiar\/#breadcrumb\",\"itemListElement\":[{\"@type\":\"ListItem\",\"position\":1,\"name\":\"In\u00edcio\",\"item\":\"https:\/\/www.personare.com.br\/servicos\/\"},{\"@type\":\"ListItem\",\"position\":2,\"name\":\"Loja\",\"item\":\"https:\/\/www.personare.com.br\/servicos\/busca\/\"},{\"@type\":\"ListItem\",\"position\":3,\"name\":\"Constela\u00e7\u00f5es familiares para superar traumas de origem familiar\"}]},{\"@type\":\"WebSite\",\"@id\":\"https:\/\/www.personare.com.br\/servicos\/#website\",\"url\":\"https:\/\/www.personare.com.br\/servicos\/\",\"name\":\"Personare Servi\u00e7os\",\"description\":\"Agende Consultas e Terapias Online no Personare\",\"publisher\":{\"@id\":\"https:\/\/www.personare.com.br\/servicos\/#organization\"},\"potentialAction\":[{\"@type\":\"SearchAction\",\"target\":{\"@type\":\"EntryPoint\",\"urlTemplate\":\"https:\/\/www.personare.com.br\/servicos\/?s={search_term_string}\"},\"query-input\":\"required name=search_term_string\"}],\"inLanguage\":\"pt-BR\"},{\"@type\":\"Organization\",\"@id\":\"https:\/\/www.personare.com.br\/servicos\/#organization\",\"name\":\"Personare\",\"url\":\"https:\/\/www.personare.com.br\/servicos\/\",\"sameAs\":[],\"logo\":{\"@type\":\"ImageObject\",\"inLanguage\":\"pt-BR\",\"@id\":\"https:\/\/www.personare.com.br\/servicos\/#\/schema\/logo\/image\/\",\"url\":\"https:\/\/d2t4cfkrxg4dhd.cloudfront.net\/app\/uploads\/2021\/04\/70295ca5d3b1be44570b5e6d0854fa942edb2ab6.png\",\"contentUrl\":\"https:\/\/d2t4cfkrxg4dhd.cloudfront.net\/app\/uploads\/2021\/04\/70295ca5d3b1be44570b5e6d0854fa942edb2ab6.png\",\"width\":650,\"height\":554,\"caption\":\"Personare\"},\"image\":{\"@id\":\"https:\/\/www.personare.com.br\/servicos\/#\/schema\/logo\/image\/\"}}]}<\/script>\n<!-- \/ Yoast SEO plugin. -->","yoast_head_json":{"title":"Constela\u00e7\u00f5es familiares para superar traumas de origem familiar - Personare Servi\u00e7os","description":"As constela\u00e7\u00f5es familiares \u00e9 uma terapia breve que te ajuda a soltar dos emaranhamentos do passado (seu e de seus familiares) para que sua vida possa fluir melhor, com mais leveza e abund\u00e2ncia.","robots":{"index":"index","follow":"follow","max-snippet":"max-snippet:-1","max-image-preview":"max-image-preview:large","max-video-preview":"max-video-preview:-1"},"canonical":"https:\/\/www.personare.com.br\/servicos\/produto\/consulta-para-superar-traumas-de-origem-familiar\/","og_locale":"pt_BR","og_type":"article","og_title":"Constela\u00e7\u00f5es familiares para superar traumas de origem familiar - Personare Servi\u00e7os","og_description":"As constela\u00e7\u00f5es familiares \u00e9 uma terapia breve que te ajuda a soltar dos emaranhamentos do passado (seu e de seus familiares) para que sua vida possa fluir melhor, com mais leveza e abund\u00e2ncia.","og_url":"https:\/\/www.personare.com.br\/servicos\/produto\/consulta-para-superar-traumas-de-origem-familiar\/","og_site_name":"Personare Servi\u00e7os","article_modified_time":"2024-08-22T14:58:47+00:00","og_image":[{"width":160,"height":107,"url":"https:\/\/d2t4cfkrxg4dhd.cloudfront.net\/app\/uploads\/2021\/04\/03.jpg","type":"image\/jpeg"}],"twitter_card":"summary_large_image","twitter_misc":{"Est. tempo de leitura":"1 minuto"},"schema":{"@context":"https:\/\/schema.org","@graph":[{"@type":"WebPage","@id":"https:\/\/www.personare.com.br\/servicos\/produto\/consulta-para-superar-traumas-de-origem-familiar\/","url":"https:\/\/www.personare.com.br\/servicos\/produto\/consulta-para-superar-traumas-de-origem-familiar\/","name":"Constela\u00e7\u00f5es familiares para superar traumas de origem familiar - Personare Servi\u00e7os","isPartOf":{"@id":"https:\/\/www.personare.com.br\/servicos\/#website"},"datePublished":"2021-06-23T00:19:53+00:00","dateModified":"2024-08-22T14:58:47+00:00","description":"As constela\u00e7\u00f5es familiares \u00e9 uma terapia breve que te ajuda a soltar dos emaranhamentos do passado (seu e de seus familiares) para que sua vida possa fluir melhor, com mais leveza e abund\u00e2ncia.","breadcrumb":{"@id":"https:\/\/www.personare.com.br\/servicos\/produto\/consulta-para-superar-traumas-de-origem-familiar\/#breadcrumb"},"inLanguage":"pt-BR","potentialAction":[{"@type":"ReadAction","target":["https:\/\/www.personare.com.br\/servicos\/produto\/consulta-para-superar-traumas-de-origem-familiar\/"]}]},{"@type":"BreadcrumbList","@id":"https:\/\/www.personare.com.br\/servicos\/produto\/consulta-para-superar-traumas-de-origem-familiar\/#breadcrumb","itemListElement":[{"@type":"ListItem","position":1,"name":"In\u00edcio","item":"https:\/\/www.personare.com.br\/servicos\/"},{"@type":"ListItem","position":2,"name":"Loja","item":"https:\/\/www.personare.com.br\/servicos\/busca\/"},{"@type":"ListItem","position":3,"name":"Constela\u00e7\u00f5es familiares para superar traumas de origem familiar"}]},{"@type":"WebSite","@id":"https:\/\/www.personare.com.br\/servicos\/#website","url":"https:\/\/www.personare.com.br\/servicos\/","name":"Personare Servi\u00e7os","description":"Agende Consultas e Terapias Online no Personare","publisher":{"@id":"https:\/\/www.personare.com.br\/servicos\/#organization"},"potentialAction":[{"@type":"SearchAction","target":{"@type":"EntryPoint","urlTemplate":"https:\/\/www.personare.com.br\/servicos\/?s={search_term_string}"},"query-input":"required name=search_term_string"}],"inLanguage":"pt-BR"},{"@type":"Organization","@id":"https:\/\/www.personare.com.br\/servicos\/#organization","name":"Personare","url":"https:\/\/www.personare.com.br\/servicos\/","sameAs":[],"logo":{"@type":"ImageObject","inLanguage":"pt-BR","@id":"https:\/\/www.personare.com.br\/servicos\/#\/schema\/logo\/image\/","url":"https:\/\/d2t4cfkrxg4dhd.cloudfront.net\/app\/uploads\/2021\/04\/70295ca5d3b1be44570b5e6d0854fa942edb2ab6.png","contentUrl":"https:\/\/d2t4cfkrxg4dhd.cloudfront.net\/app\/uploads\/2021\/04\/70295ca5d3b1be44570b5e6d0854fa942edb2ab6.png","width":650,"height":554,"caption":"Personare"},"image":{"@id":"https:\/\/www.personare.com.br\/servicos\/#\/schema\/logo\/image\/"}}]}},"_links":{"self":[{"href":"https:\/\/www.personare.com.br\/servicos\/wp-json\/wp\/v2\/product\/500"}],"collection":[{"href":"https:\/\/www.personare.com.br\/servicos\/wp-json\/wp\/v2\/product"}],"about":[{"href":"https:\/\/www.personare.com.br\/servicos\/wp-json\/wp\/v2\/types\/product"}],"replies":[{"embeddable":true,"href":"https:\/\/www.personare.com.br\/servicos\/wp-json\/wp\/v2\/comments?post=500"}],"version-history":[{"count":3,"href":"https:\/\/www.personare.com.br\/servicos\/wp-json\/wp\/v2\/product\/500\/revisions"}],"predecessor-version":[{"id":13371,"href":"https:\/\/www.personare.com.br\/servicos\/wp-json\/wp\/v2\/product\/500\/revisions\/13371"}],"wp:featuredmedia":[{"embeddable":true,"href":"https:\/\/www.personare.com.br\/servicos\/wp-json\/wp\/v2\/media\/12012"}],"wp:attachment":[{"href":"https:\/\/www.personare.com.br\/servicos\/wp-json\/wp\/v2\/media?parent=500"}],"wp:term":[{"taxonomy":"product_brand","embeddable":true,"href":"https:\/\/www.personare.com.br\/servicos\/wp-json\/wp\/v2\/product_brand?post=500"},{"taxonomy":"product_cat","embeddable":true,"href":"https:\/\/www.personare.com.br\/servicos\/wp-json\/wp\/v2\/product_cat?post=500"},{"taxonomy":"product_tag","embeddable":true,"href":"https:\/\/www.personare.com.br\/servicos\/wp-json\/wp\/v2\/product_tag?post=500"},{"taxonomy":"areas-da-vida","embeddable":true,"href":"https:\/\/www.personare.com.br\/servicos\/wp-json\/wp\/v2\/areas-da-vida?post=500"},{"taxonomy":"estudos-e-terapias","embeddable":true,"href":"https:\/\/www.personare.com.br\/servicos\/wp-json\/wp\/v2\/estudos-e-terapias?post=500"},{"taxonomy":"dores-e-objetivos","embeddable":true,"href":"https:\/\/www.personare.com.br\/servicos\/wp-json\/wp\/v2\/dores-e-objetivos?post=500"}],"curies":[{"name":"wp","href":"https:\/\/api.w.org\/{rel}","templated":true}]}}