{"id":4844,"date":"2022-12-06T16:59:27","date_gmt":"2022-12-06T19:59:27","guid":{"rendered":"https:\/\/www.personare.com.br\/servicos\/?post_type=product&#038;p=4844"},"modified":"2024-11-13T17:29:37","modified_gmt":"2024-11-13T20:29:37","slug":"abrindo-os-caminhos-de-transformacao","status":"publish","type":"product","link":"https:\/\/www.personare.com.br\/servicos\/produto\/abrindo-os-caminhos-de-transformacao\/","title":{"rendered":"Abrindo os caminhos de transforma\u00e7\u00e3o em sua vida"},"content":{"rendered":"<p>Para quem quer\u00a0desbloquear sua vida, j\u00e1 colocando em pr\u00e1tica os passos para isso.<\/p>\n<p>Para quem quer come\u00e7ar a verdadeiramente trabalhar nas ra\u00edzes dos problemas e bloqueios que vem lhe incomodando.<\/p>\n<p>Para quem percebe que ao longo dos \u00faltimos anos, desafios persistentes est\u00e3o atrapalhando ou bloqueando a vida.<\/p>\n<p>Para quem quer come\u00e7ar uma mudan\u00e7a de rumos e\/ou renova\u00e7\u00e3o.<\/p>\n<p>Para quem quer limpar pesos e dores que est\u00e3o atrapalhando sua vida.<\/p>\n<p>Para quem quer um novo ciclo mais leve e positivo.<\/p>\n","protected":false},"excerpt":{"rendered":"<p>Que tal abrir os caminhos para mudan\u00e7as verdadeiras em sua vida? Nesta consulta voc\u00ea saber\u00e1 qual o principal desafio est\u00e1 lhe atrapalhando ou bloqueando. Faremos um trabalho energ\u00e9tico para come\u00e7ar a desbloquear, e voc\u00ea tamb\u00e9m receber\u00e1 uma ferramenta energ\u00e9tica, al\u00e9m de indica\u00e7\u00f5es de materiais que lhe ajudar\u00e3o a continuar as mudan\u00e7as desejadas em sua vida.<\/p>\n","protected":false},"featured_media":12024,"comment_status":"open","ping_status":"closed","template":"","meta":{"_acf_changed":false,"footnotes":""},"product_brand":[],"product_cat":[52],"product_tag":[],"areas-da-vida":[162,165,170],"estudos-e-terapias":[126,139,149],"dores-e-objetivos":[215,212,90,92,189,207,104,105,120],"acf":[],"yoast_head":"<!-- This site is optimized with the Yoast SEO plugin v19.6.1 - https:\/\/yoast.com\/wordpress\/plugins\/seo\/ -->\n<title>Abrindo os caminhos de transforma\u00e7\u00e3o em sua vida - Personare Servi\u00e7os<\/title>\n<meta name=\"robots\" content=\"index, follow, max-snippet:-1, max-image-preview:large, max-video-preview:-1\" \/>\n<link rel=\"canonical\" href=\"https:\/\/www.personare.com.br\/servicos\/produto\/abrindo-os-caminhos-de-transformacao\/\" \/>\n<meta property=\"og:locale\" content=\"pt_BR\" \/>\n<meta property=\"og:type\" content=\"article\" \/>\n<meta property=\"og:title\" content=\"Abrindo os caminhos de transforma\u00e7\u00e3o em sua vida - Personare Servi\u00e7os\" \/>\n<meta property=\"og:description\" content=\"Que tal abrir os caminhos para mudan\u00e7as verdadeiras em sua vida? Nesta consulta voc\u00ea saber\u00e1 qual o principal desafio est\u00e1 lhe atrapalhando ou bloqueando. Faremos um trabalho energ\u00e9tico para come\u00e7ar a desbloquear, e voc\u00ea tamb\u00e9m receber\u00e1 uma ferramenta energ\u00e9tica, al\u00e9m de indica\u00e7\u00f5es de materiais que lhe ajudar\u00e3o a continuar as mudan\u00e7as desejadas em sua vida.\" \/>\n<meta property=\"og:url\" content=\"https:\/\/www.personare.com.br\/servicos\/produto\/abrindo-os-caminhos-de-transformacao\/\" \/>\n<meta property=\"og:site_name\" content=\"Personare Servi\u00e7os\" \/>\n<meta property=\"article:modified_time\" content=\"2024-11-13T20:29:37+00:00\" \/>\n<meta property=\"og:image\" content=\"https:\/\/d2t4cfkrxg4dhd.cloudfront.net\/app\/uploads\/2021\/04\/Foto-para-novo-atendimento.jpeg\" \/>\n\t<meta property=\"og:image:width\" content=\"1200\" \/>\n\t<meta property=\"og:image:height\" content=\"1600\" \/>\n\t<meta property=\"og:image:type\" content=\"image\/jpeg\" \/>\n<meta name=\"twitter:card\" content=\"summary_large_image\" \/>\n<meta name=\"twitter:label1\" content=\"Est. tempo de leitura\" \/>\n\t<meta name=\"twitter:data1\" content=\"1 minuto\" \/>\n<script type=\"application\/ld+json\" class=\"yoast-schema-graph\">{\"@context\":\"https:\/\/schema.org\",\"@graph\":[{\"@type\":\"WebPage\",\"@id\":\"https:\/\/www.personare.com.br\/servicos\/produto\/abrindo-os-caminhos-de-transformacao\/\",\"url\":\"https:\/\/www.personare.com.br\/servicos\/produto\/abrindo-os-caminhos-de-transformacao\/\",\"name\":\"Abrindo os caminhos de transforma\u00e7\u00e3o em sua vida - Personare Servi\u00e7os\",\"isPartOf\":{\"@id\":\"https:\/\/www.personare.com.br\/servicos\/#website\"},\"datePublished\":\"2022-12-06T19:59:27+00:00\",\"dateModified\":\"2024-11-13T20:29:37+00:00\",\"breadcrumb\":{\"@id\":\"https:\/\/www.personare.com.br\/servicos\/produto\/abrindo-os-caminhos-de-transformacao\/#breadcrumb\"},\"inLanguage\":\"pt-BR\",\"potentialAction\":[{\"@type\":\"ReadAction\",\"target\":[\"https:\/\/www.personare.com.br\/servicos\/produto\/abrindo-os-caminhos-de-transformacao\/\"]}]},{\"@type\":\"BreadcrumbList\",\"@id\":\"https:\/\/www.personare.com.br\/servicos\/produto\/abrindo-os-caminhos-de-transformacao\/#breadcrumb\",\"itemListElement\":[{\"@type\":\"ListItem\",\"position\":1,\"name\":\"In\u00edcio\",\"item\":\"https:\/\/www.personare.com.br\/servicos\/\"},{\"@type\":\"ListItem\",\"position\":2,\"name\":\"Loja\",\"item\":\"https:\/\/www.personare.com.br\/servicos\/busca\/\"},{\"@type\":\"ListItem\",\"position\":3,\"name\":\"Abrindo os caminhos de transforma\u00e7\u00e3o em sua vida\"}]},{\"@type\":\"WebSite\",\"@id\":\"https:\/\/www.personare.com.br\/servicos\/#website\",\"url\":\"https:\/\/www.personare.com.br\/servicos\/\",\"name\":\"Personare Servi\u00e7os\",\"description\":\"Agende Consultas e Terapias Online no Personare\",\"publisher\":{\"@id\":\"https:\/\/www.personare.com.br\/servicos\/#organization\"},\"potentialAction\":[{\"@type\":\"SearchAction\",\"target\":{\"@type\":\"EntryPoint\",\"urlTemplate\":\"https:\/\/www.personare.com.br\/servicos\/?s={search_term_string}\"},\"query-input\":\"required name=search_term_string\"}],\"inLanguage\":\"pt-BR\"},{\"@type\":\"Organization\",\"@id\":\"https:\/\/www.personare.com.br\/servicos\/#organization\",\"name\":\"Personare\",\"url\":\"https:\/\/www.personare.com.br\/servicos\/\",\"sameAs\":[],\"logo\":{\"@type\":\"ImageObject\",\"inLanguage\":\"pt-BR\",\"@id\":\"https:\/\/www.personare.com.br\/servicos\/#\/schema\/logo\/image\/\",\"url\":\"https:\/\/d2t4cfkrxg4dhd.cloudfront.net\/app\/uploads\/2021\/04\/70295ca5d3b1be44570b5e6d0854fa942edb2ab6.png\",\"contentUrl\":\"https:\/\/d2t4cfkrxg4dhd.cloudfront.net\/app\/uploads\/2021\/04\/70295ca5d3b1be44570b5e6d0854fa942edb2ab6.png\",\"width\":650,\"height\":554,\"caption\":\"Personare\"},\"image\":{\"@id\":\"https:\/\/www.personare.com.br\/servicos\/#\/schema\/logo\/image\/\"}}]}<\/script>\n<!-- \/ Yoast SEO plugin. -->","yoast_head_json":{"title":"Abrindo os caminhos de transforma\u00e7\u00e3o em sua vida - Personare Servi\u00e7os","robots":{"index":"index","follow":"follow","max-snippet":"max-snippet:-1","max-image-preview":"max-image-preview:large","max-video-preview":"max-video-preview:-1"},"canonical":"https:\/\/www.personare.com.br\/servicos\/produto\/abrindo-os-caminhos-de-transformacao\/","og_locale":"pt_BR","og_type":"article","og_title":"Abrindo os caminhos de transforma\u00e7\u00e3o em sua vida - Personare Servi\u00e7os","og_description":"Que tal abrir os caminhos para mudan\u00e7as verdadeiras em sua vida? Nesta consulta voc\u00ea saber\u00e1 qual o principal desafio est\u00e1 lhe atrapalhando ou bloqueando. Faremos um trabalho energ\u00e9tico para come\u00e7ar a desbloquear, e voc\u00ea tamb\u00e9m receber\u00e1 uma ferramenta energ\u00e9tica, al\u00e9m de indica\u00e7\u00f5es de materiais que lhe ajudar\u00e3o a continuar as mudan\u00e7as desejadas em sua vida.","og_url":"https:\/\/www.personare.com.br\/servicos\/produto\/abrindo-os-caminhos-de-transformacao\/","og_site_name":"Personare Servi\u00e7os","article_modified_time":"2024-11-13T20:29:37+00:00","og_image":[{"width":1200,"height":1600,"url":"https:\/\/d2t4cfkrxg4dhd.cloudfront.net\/app\/uploads\/2021\/04\/Foto-para-novo-atendimento.jpeg","type":"image\/jpeg"}],"twitter_card":"summary_large_image","twitter_misc":{"Est. tempo de leitura":"1 minuto"},"schema":{"@context":"https:\/\/schema.org","@graph":[{"@type":"WebPage","@id":"https:\/\/www.personare.com.br\/servicos\/produto\/abrindo-os-caminhos-de-transformacao\/","url":"https:\/\/www.personare.com.br\/servicos\/produto\/abrindo-os-caminhos-de-transformacao\/","name":"Abrindo os caminhos de transforma\u00e7\u00e3o em sua vida - Personare Servi\u00e7os","isPartOf":{"@id":"https:\/\/www.personare.com.br\/servicos\/#website"},"datePublished":"2022-12-06T19:59:27+00:00","dateModified":"2024-11-13T20:29:37+00:00","breadcrumb":{"@id":"https:\/\/www.personare.com.br\/servicos\/produto\/abrindo-os-caminhos-de-transformacao\/#breadcrumb"},"inLanguage":"pt-BR","potentialAction":[{"@type":"ReadAction","target":["https:\/\/www.personare.com.br\/servicos\/produto\/abrindo-os-caminhos-de-transformacao\/"]}]},{"@type":"BreadcrumbList","@id":"https:\/\/www.personare.com.br\/servicos\/produto\/abrindo-os-caminhos-de-transformacao\/#breadcrumb","itemListElement":[{"@type":"ListItem","position":1,"name":"In\u00edcio","item":"https:\/\/www.personare.com.br\/servicos\/"},{"@type":"ListItem","position":2,"name":"Loja","item":"https:\/\/www.personare.com.br\/servicos\/busca\/"},{"@type":"ListItem","position":3,"name":"Abrindo os caminhos de transforma\u00e7\u00e3o em sua vida"}]},{"@type":"WebSite","@id":"https:\/\/www.personare.com.br\/servicos\/#website","url":"https:\/\/www.personare.com.br\/servicos\/","name":"Personare Servi\u00e7os","description":"Agende Consultas e Terapias Online no Personare","publisher":{"@id":"https:\/\/www.personare.com.br\/servicos\/#organization"},"potentialAction":[{"@type":"SearchAction","target":{"@type":"EntryPoint","urlTemplate":"https:\/\/www.personare.com.br\/servicos\/?s={search_term_string}"},"query-input":"required name=search_term_string"}],"inLanguage":"pt-BR"},{"@type":"Organization","@id":"https:\/\/www.personare.com.br\/servicos\/#organization","name":"Personare","url":"https:\/\/www.personare.com.br\/servicos\/","sameAs":[],"logo":{"@type":"ImageObject","inLanguage":"pt-BR","@id":"https:\/\/www.personare.com.br\/servicos\/#\/schema\/logo\/image\/","url":"https:\/\/d2t4cfkrxg4dhd.cloudfront.net\/app\/uploads\/2021\/04\/70295ca5d3b1be44570b5e6d0854fa942edb2ab6.png","contentUrl":"https:\/\/d2t4cfkrxg4dhd.cloudfront.net\/app\/uploads\/2021\/04\/70295ca5d3b1be44570b5e6d0854fa942edb2ab6.png","width":650,"height":554,"caption":"Personare"},"image":{"@id":"https:\/\/www.personare.com.br\/servicos\/#\/schema\/logo\/image\/"}}]}},"_links":{"self":[{"href":"https:\/\/www.personare.com.br\/servicos\/wp-json\/wp\/v2\/product\/4844"}],"collection":[{"href":"https:\/\/www.personare.com.br\/servicos\/wp-json\/wp\/v2\/product"}],"about":[{"href":"https:\/\/www.personare.com.br\/servicos\/wp-json\/wp\/v2\/types\/product"}],"replies":[{"embeddable":true,"href":"https:\/\/www.personare.com.br\/servicos\/wp-json\/wp\/v2\/comments?post=4844"}],"version-history":[{"count":3,"href":"https:\/\/www.personare.com.br\/servicos\/wp-json\/wp\/v2\/product\/4844\/revisions"}],"predecessor-version":[{"id":13243,"href":"https:\/\/www.personare.com.br\/servicos\/wp-json\/wp\/v2\/product\/4844\/revisions\/13243"}],"wp:featuredmedia":[{"embeddable":true,"href":"https:\/\/www.personare.com.br\/servicos\/wp-json\/wp\/v2\/media\/12024"}],"wp:attachment":[{"href":"https:\/\/www.personare.com.br\/servicos\/wp-json\/wp\/v2\/media?parent=4844"}],"wp:term":[{"taxonomy":"product_brand","embeddable":true,"href":"https:\/\/www.personare.com.br\/servicos\/wp-json\/wp\/v2\/product_brand?post=4844"},{"taxonomy":"product_cat","embeddable":true,"href":"https:\/\/www.personare.com.br\/servicos\/wp-json\/wp\/v2\/product_cat?post=4844"},{"taxonomy":"product_tag","embeddable":true,"href":"https:\/\/www.personare.com.br\/servicos\/wp-json\/wp\/v2\/product_tag?post=4844"},{"taxonomy":"areas-da-vida","embeddable":true,"href":"https:\/\/www.personare.com.br\/servicos\/wp-json\/wp\/v2\/areas-da-vida?post=4844"},{"taxonomy":"estudos-e-terapias","embeddable":true,"href":"https:\/\/www.personare.com.br\/servicos\/wp-json\/wp\/v2\/estudos-e-terapias?post=4844"},{"taxonomy":"dores-e-objetivos","embeddable":true,"href":"https:\/\/www.personare.com.br\/servicos\/wp-json\/wp\/v2\/dores-e-objetivos?post=4844"}],"curies":[{"name":"wp","href":"https:\/\/api.w.org\/{rel}","templated":true}]}}