{"id":478,"date":"2021-06-21T15:29:33","date_gmt":"2021-06-21T18:29:33","guid":{"rendered":"https:\/\/www.personare.com.br\/servicos\/?post_type=product&#038;p=478"},"modified":"2025-07-31T11:05:56","modified_gmt":"2025-07-31T14:05:56","slug":"terapia-vibracional-para-ambientes-limpeza-e-harmonizacao","status":"publish","type":"product","link":"https:\/\/www.personare.com.br\/servicos\/produto\/terapia-vibracional-para-ambientes-limpeza-e-harmonizacao\/","title":{"rendered":"Limpeza Energ\u00e9tica e Harmoniza\u00e7\u00e3o de Ambientes"},"content":{"rendered":"<p>Pessoas que est\u00e3o de mudan\u00e7a e desejam cuidar da nova casa<br \/>Pessoas que desejam criar um ambiente positivo em suas resid\u00eancias.<br \/>Pessoas que sentem necessidade de mudan\u00e7a energ\u00e9tica na pr\u00f3pria casa ou ambiente de trabalho.<br \/>Pessoas que passaram por eventos estressantes ou traum\u00e1ticos no ambiente.<br \/>Empresas que buscam equilibrar energeticamente seus espa\u00e7os, como lojas, escrit\u00f3rios ou f\u00e1bricas.<br \/>Espa\u00e7os com muita circula\u00e7\u00e3o de pessoas, como consult\u00f3rios e lojas.<br \/>Para momentos de fechamento e in\u00edcio de ciclo, como anivers\u00e1rio e final de ano.<\/p>\n","protected":false},"excerpt":{"rendered":"<p>A transforma\u00e7\u00e3o pode come\u00e7ar com a energia que nos rodeia.<br \/>Sinta a diferen\u00e7a em seu espa\u00e7o com a &#8220;Limpeza Energ\u00e9tica e Harmoniza\u00e7\u00e3o de Ambientes&#8221;. Nossa terapeuta, Simone Kobayashi, com mais de 20 anos de experi\u00eancia em terapias hol\u00edsticas e vibracionais, utiliza a t\u00e9cnica de Tameana espec\u00edfica para ambientes, chamada &#8220;H&#8217;ama&#8221;, para limpar energias densas e influ\u00eancias negativas presentes em seu espa\u00e7o.<br \/>A t\u00e9cnica de terapia vibracional foca na limpeza profunda das energias densas, promovendo um ambiente equilibrado, revitalizado e cheio de harmonia. Seja para um c\u00f4modo espec\u00edfico, toda a sua casa ou empresas e consult\u00f3rios, esse servi\u00e7o atende \u00e0s suas necessidades.<br \/>O que voc\u00ea pode esperar:<br \/>Limpeza Energ\u00e9tica Profunda: das energias densas e influ\u00eancias negativas que podem afetar o fluxo de energia em seu espa\u00e7o, permitindo que a energia vital flua livremente.<br \/>Harmoniza\u00e7\u00e3o dos Ambientes: Equilibramos as energias do ambiente, trazendo uma sensa\u00e7\u00e3o de fluidez, leveza e bem-estar para os que frequentam o espa\u00e7o.<br \/>T\u00e9cnica Especializada de Tameana: Utilizamos a t\u00e9cnica de Tameana espec\u00edfica para ambientes, chamada &#8220;H&#8217;ama&#8221;, que combina geometria, cristais, s\u00edmbolos e fogo para direcionar a energia e promover a harmoniza\u00e7\u00e3o.<br \/>Personaliza\u00e7\u00e3o: Adaptamos a sess\u00e3o de acordo com as suas necessidades e prefer\u00eancias, seja focando em um c\u00f4modo espec\u00edfico ou utilizando a radiestesia para encontrar a melhor localiza\u00e7\u00e3o.<br \/>Experi\u00eancia Profissional: Conte com a expertise de Simone Kobayashi, uma terapeuta experiente, dedicada a ajudar voc\u00ea a transformar seu espa\u00e7o em um ref\u00fagio de equil\u00edbrio e positividade.<\/p>\n","protected":false},"featured_media":12050,"comment_status":"open","ping_status":"closed","template":"","meta":{"_acf_changed":false,"footnotes":""},"product_brand":[],"product_cat":[52],"product_tag":[],"areas-da-vida":[165,166],"estudos-e-terapias":[126,153,158],"dores-e-objetivos":[99,202,120,191],"acf":[],"yoast_head":"<!-- This site is optimized with the Yoast SEO plugin v19.6.1 - https:\/\/yoast.com\/wordpress\/plugins\/seo\/ -->\n<title>Limpeza Energ\u00e9tica e Harmoniza\u00e7\u00e3o de Ambientes - Personare Servi\u00e7os<\/title>\n<meta name=\"robots\" content=\"index, follow, max-snippet:-1, max-image-preview:large, max-video-preview:-1\" \/>\n<link rel=\"canonical\" href=\"https:\/\/www.personare.com.br\/servicos\/produto\/terapia-vibracional-para-ambientes-limpeza-e-harmonizacao\/\" \/>\n<meta property=\"og:locale\" content=\"pt_BR\" \/>\n<meta property=\"og:type\" content=\"article\" \/>\n<meta property=\"og:title\" content=\"Limpeza Energ\u00e9tica e Harmoniza\u00e7\u00e3o de Ambientes - Personare Servi\u00e7os\" \/>\n<meta property=\"og:description\" content=\"A transforma\u00e7\u00e3o pode come\u00e7ar com a energia que nos rodeia.Sinta a diferen\u00e7a em seu espa\u00e7o com a &quot;Limpeza Energ\u00e9tica e Harmoniza\u00e7\u00e3o de Ambientes&quot;. Nossa terapeuta, Simone Kobayashi, com mais de 20 anos de experi\u00eancia em terapias hol\u00edsticas e vibracionais, utiliza a t\u00e9cnica de Tameana espec\u00edfica para ambientes, chamada &quot;H&#039;ama&quot;, para limpar energias densas e influ\u00eancias negativas presentes em seu espa\u00e7o.A t\u00e9cnica de terapia vibracional foca na limpeza profunda das energias densas, promovendo um ambiente equilibrado, revitalizado e cheio de harmonia. Seja para um c\u00f4modo espec\u00edfico, toda a sua casa ou empresas e consult\u00f3rios, esse servi\u00e7o atende \u00e0s suas necessidades.O que voc\u00ea pode esperar:Limpeza Energ\u00e9tica Profunda: das energias densas e influ\u00eancias negativas que podem afetar o fluxo de energia em seu espa\u00e7o, permitindo que a energia vital flua livremente.Harmoniza\u00e7\u00e3o dos Ambientes: Equilibramos as energias do ambiente, trazendo uma sensa\u00e7\u00e3o de fluidez, leveza e bem-estar para os que frequentam o espa\u00e7o.T\u00e9cnica Especializada de Tameana: Utilizamos a t\u00e9cnica de Tameana espec\u00edfica para ambientes, chamada &quot;H&#039;ama&quot;, que combina geometria, cristais, s\u00edmbolos e fogo para direcionar a energia e promover a harmoniza\u00e7\u00e3o.Personaliza\u00e7\u00e3o: Adaptamos a sess\u00e3o de acordo com as suas necessidades e prefer\u00eancias, seja focando em um c\u00f4modo espec\u00edfico ou utilizando a radiestesia para encontrar a melhor localiza\u00e7\u00e3o.Experi\u00eancia Profissional: Conte com a expertise de Simone Kobayashi, uma terapeuta experiente, dedicada a ajudar voc\u00ea a transformar seu espa\u00e7o em um ref\u00fagio de equil\u00edbrio e positividade.\" \/>\n<meta property=\"og:url\" content=\"https:\/\/www.personare.com.br\/servicos\/produto\/terapia-vibracional-para-ambientes-limpeza-e-harmonizacao\/\" \/>\n<meta property=\"og:site_name\" content=\"Personare Servi\u00e7os\" \/>\n<meta property=\"article:modified_time\" content=\"2025-07-31T14:05:56+00:00\" \/>\n<meta property=\"og:image\" content=\"https:\/\/d2t4cfkrxg4dhd.cloudfront.net\/app\/uploads\/2021\/06\/8Sb5oJdvRfpK80VfkY.jpeg\" \/>\n\t<meta property=\"og:image:width\" content=\"1280\" \/>\n\t<meta property=\"og:image:height\" content=\"853\" \/>\n\t<meta property=\"og:image:type\" content=\"image\/jpeg\" \/>\n<meta name=\"twitter:card\" content=\"summary_large_image\" \/>\n<script type=\"application\/ld+json\" class=\"yoast-schema-graph\">{\"@context\":\"https:\/\/schema.org\",\"@graph\":[{\"@type\":\"WebPage\",\"@id\":\"https:\/\/www.personare.com.br\/servicos\/produto\/terapia-vibracional-para-ambientes-limpeza-e-harmonizacao\/\",\"url\":\"https:\/\/www.personare.com.br\/servicos\/produto\/terapia-vibracional-para-ambientes-limpeza-e-harmonizacao\/\",\"name\":\"Limpeza Energ\u00e9tica e Harmoniza\u00e7\u00e3o de Ambientes - Personare Servi\u00e7os\",\"isPartOf\":{\"@id\":\"https:\/\/www.personare.com.br\/servicos\/#website\"},\"datePublished\":\"2021-06-21T18:29:33+00:00\",\"dateModified\":\"2025-07-31T14:05:56+00:00\",\"breadcrumb\":{\"@id\":\"https:\/\/www.personare.com.br\/servicos\/produto\/terapia-vibracional-para-ambientes-limpeza-e-harmonizacao\/#breadcrumb\"},\"inLanguage\":\"pt-BR\",\"potentialAction\":[{\"@type\":\"ReadAction\",\"target\":[\"https:\/\/www.personare.com.br\/servicos\/produto\/terapia-vibracional-para-ambientes-limpeza-e-harmonizacao\/\"]}]},{\"@type\":\"BreadcrumbList\",\"@id\":\"https:\/\/www.personare.com.br\/servicos\/produto\/terapia-vibracional-para-ambientes-limpeza-e-harmonizacao\/#breadcrumb\",\"itemListElement\":[{\"@type\":\"ListItem\",\"position\":1,\"name\":\"In\u00edcio\",\"item\":\"https:\/\/www.personare.com.br\/servicos\/\"},{\"@type\":\"ListItem\",\"position\":2,\"name\":\"Loja\",\"item\":\"https:\/\/www.personare.com.br\/servicos\/busca\/\"},{\"@type\":\"ListItem\",\"position\":3,\"name\":\"Limpeza Energ\u00e9tica e Harmoniza\u00e7\u00e3o de Ambientes\"}]},{\"@type\":\"WebSite\",\"@id\":\"https:\/\/www.personare.com.br\/servicos\/#website\",\"url\":\"https:\/\/www.personare.com.br\/servicos\/\",\"name\":\"Personare Servi\u00e7os\",\"description\":\"Agende Consultas e Terapias Online no Personare\",\"publisher\":{\"@id\":\"https:\/\/www.personare.com.br\/servicos\/#organization\"},\"potentialAction\":[{\"@type\":\"SearchAction\",\"target\":{\"@type\":\"EntryPoint\",\"urlTemplate\":\"https:\/\/www.personare.com.br\/servicos\/?s={search_term_string}\"},\"query-input\":\"required name=search_term_string\"}],\"inLanguage\":\"pt-BR\"},{\"@type\":\"Organization\",\"@id\":\"https:\/\/www.personare.com.br\/servicos\/#organization\",\"name\":\"Personare\",\"url\":\"https:\/\/www.personare.com.br\/servicos\/\",\"sameAs\":[],\"logo\":{\"@type\":\"ImageObject\",\"inLanguage\":\"pt-BR\",\"@id\":\"https:\/\/www.personare.com.br\/servicos\/#\/schema\/logo\/image\/\",\"url\":\"https:\/\/d2t4cfkrxg4dhd.cloudfront.net\/app\/uploads\/2021\/04\/70295ca5d3b1be44570b5e6d0854fa942edb2ab6.png\",\"contentUrl\":\"https:\/\/d2t4cfkrxg4dhd.cloudfront.net\/app\/uploads\/2021\/04\/70295ca5d3b1be44570b5e6d0854fa942edb2ab6.png\",\"width\":650,\"height\":554,\"caption\":\"Personare\"},\"image\":{\"@id\":\"https:\/\/www.personare.com.br\/servicos\/#\/schema\/logo\/image\/\"}}]}<\/script>\n<!-- \/ Yoast SEO plugin. -->","yoast_head_json":{"title":"Limpeza Energ\u00e9tica e Harmoniza\u00e7\u00e3o de Ambientes - Personare Servi\u00e7os","robots":{"index":"index","follow":"follow","max-snippet":"max-snippet:-1","max-image-preview":"max-image-preview:large","max-video-preview":"max-video-preview:-1"},"canonical":"https:\/\/www.personare.com.br\/servicos\/produto\/terapia-vibracional-para-ambientes-limpeza-e-harmonizacao\/","og_locale":"pt_BR","og_type":"article","og_title":"Limpeza Energ\u00e9tica e Harmoniza\u00e7\u00e3o de Ambientes - Personare Servi\u00e7os","og_description":"A transforma\u00e7\u00e3o pode come\u00e7ar com a energia que nos rodeia.Sinta a diferen\u00e7a em seu espa\u00e7o com a \"Limpeza Energ\u00e9tica e Harmoniza\u00e7\u00e3o de Ambientes\". Nossa terapeuta, Simone Kobayashi, com mais de 20 anos de experi\u00eancia em terapias hol\u00edsticas e vibracionais, utiliza a t\u00e9cnica de Tameana espec\u00edfica para ambientes, chamada \"H'ama\", para limpar energias densas e influ\u00eancias negativas presentes em seu espa\u00e7o.A t\u00e9cnica de terapia vibracional foca na limpeza profunda das energias densas, promovendo um ambiente equilibrado, revitalizado e cheio de harmonia. Seja para um c\u00f4modo espec\u00edfico, toda a sua casa ou empresas e consult\u00f3rios, esse servi\u00e7o atende \u00e0s suas necessidades.O que voc\u00ea pode esperar:Limpeza Energ\u00e9tica Profunda: das energias densas e influ\u00eancias negativas que podem afetar o fluxo de energia em seu espa\u00e7o, permitindo que a energia vital flua livremente.Harmoniza\u00e7\u00e3o dos Ambientes: Equilibramos as energias do ambiente, trazendo uma sensa\u00e7\u00e3o de fluidez, leveza e bem-estar para os que frequentam o espa\u00e7o.T\u00e9cnica Especializada de Tameana: Utilizamos a t\u00e9cnica de Tameana espec\u00edfica para ambientes, chamada \"H'ama\", que combina geometria, cristais, s\u00edmbolos e fogo para direcionar a energia e promover a harmoniza\u00e7\u00e3o.Personaliza\u00e7\u00e3o: Adaptamos a sess\u00e3o de acordo com as suas necessidades e prefer\u00eancias, seja focando em um c\u00f4modo espec\u00edfico ou utilizando a radiestesia para encontrar a melhor localiza\u00e7\u00e3o.Experi\u00eancia Profissional: Conte com a expertise de Simone Kobayashi, uma terapeuta experiente, dedicada a ajudar voc\u00ea a transformar seu espa\u00e7o em um ref\u00fagio de equil\u00edbrio e positividade.","og_url":"https:\/\/www.personare.com.br\/servicos\/produto\/terapia-vibracional-para-ambientes-limpeza-e-harmonizacao\/","og_site_name":"Personare Servi\u00e7os","article_modified_time":"2025-07-31T14:05:56+00:00","og_image":[{"width":1280,"height":853,"url":"https:\/\/d2t4cfkrxg4dhd.cloudfront.net\/app\/uploads\/2021\/06\/8Sb5oJdvRfpK80VfkY.jpeg","type":"image\/jpeg"}],"twitter_card":"summary_large_image","schema":{"@context":"https:\/\/schema.org","@graph":[{"@type":"WebPage","@id":"https:\/\/www.personare.com.br\/servicos\/produto\/terapia-vibracional-para-ambientes-limpeza-e-harmonizacao\/","url":"https:\/\/www.personare.com.br\/servicos\/produto\/terapia-vibracional-para-ambientes-limpeza-e-harmonizacao\/","name":"Limpeza Energ\u00e9tica e Harmoniza\u00e7\u00e3o de Ambientes - Personare Servi\u00e7os","isPartOf":{"@id":"https:\/\/www.personare.com.br\/servicos\/#website"},"datePublished":"2021-06-21T18:29:33+00:00","dateModified":"2025-07-31T14:05:56+00:00","breadcrumb":{"@id":"https:\/\/www.personare.com.br\/servicos\/produto\/terapia-vibracional-para-ambientes-limpeza-e-harmonizacao\/#breadcrumb"},"inLanguage":"pt-BR","potentialAction":[{"@type":"ReadAction","target":["https:\/\/www.personare.com.br\/servicos\/produto\/terapia-vibracional-para-ambientes-limpeza-e-harmonizacao\/"]}]},{"@type":"BreadcrumbList","@id":"https:\/\/www.personare.com.br\/servicos\/produto\/terapia-vibracional-para-ambientes-limpeza-e-harmonizacao\/#breadcrumb","itemListElement":[{"@type":"ListItem","position":1,"name":"In\u00edcio","item":"https:\/\/www.personare.com.br\/servicos\/"},{"@type":"ListItem","position":2,"name":"Loja","item":"https:\/\/www.personare.com.br\/servicos\/busca\/"},{"@type":"ListItem","position":3,"name":"Limpeza Energ\u00e9tica e Harmoniza\u00e7\u00e3o de Ambientes"}]},{"@type":"WebSite","@id":"https:\/\/www.personare.com.br\/servicos\/#website","url":"https:\/\/www.personare.com.br\/servicos\/","name":"Personare Servi\u00e7os","description":"Agende Consultas e Terapias Online no Personare","publisher":{"@id":"https:\/\/www.personare.com.br\/servicos\/#organization"},"potentialAction":[{"@type":"SearchAction","target":{"@type":"EntryPoint","urlTemplate":"https:\/\/www.personare.com.br\/servicos\/?s={search_term_string}"},"query-input":"required name=search_term_string"}],"inLanguage":"pt-BR"},{"@type":"Organization","@id":"https:\/\/www.personare.com.br\/servicos\/#organization","name":"Personare","url":"https:\/\/www.personare.com.br\/servicos\/","sameAs":[],"logo":{"@type":"ImageObject","inLanguage":"pt-BR","@id":"https:\/\/www.personare.com.br\/servicos\/#\/schema\/logo\/image\/","url":"https:\/\/d2t4cfkrxg4dhd.cloudfront.net\/app\/uploads\/2021\/04\/70295ca5d3b1be44570b5e6d0854fa942edb2ab6.png","contentUrl":"https:\/\/d2t4cfkrxg4dhd.cloudfront.net\/app\/uploads\/2021\/04\/70295ca5d3b1be44570b5e6d0854fa942edb2ab6.png","width":650,"height":554,"caption":"Personare"},"image":{"@id":"https:\/\/www.personare.com.br\/servicos\/#\/schema\/logo\/image\/"}}]}},"_links":{"self":[{"href":"https:\/\/www.personare.com.br\/servicos\/wp-json\/wp\/v2\/product\/478"}],"collection":[{"href":"https:\/\/www.personare.com.br\/servicos\/wp-json\/wp\/v2\/product"}],"about":[{"href":"https:\/\/www.personare.com.br\/servicos\/wp-json\/wp\/v2\/types\/product"}],"replies":[{"embeddable":true,"href":"https:\/\/www.personare.com.br\/servicos\/wp-json\/wp\/v2\/comments?post=478"}],"version-history":[{"count":4,"href":"https:\/\/www.personare.com.br\/servicos\/wp-json\/wp\/v2\/product\/478\/revisions"}],"predecessor-version":[{"id":21024,"href":"https:\/\/www.personare.com.br\/servicos\/wp-json\/wp\/v2\/product\/478\/revisions\/21024"}],"wp:featuredmedia":[{"embeddable":true,"href":"https:\/\/www.personare.com.br\/servicos\/wp-json\/wp\/v2\/media\/12050"}],"wp:attachment":[{"href":"https:\/\/www.personare.com.br\/servicos\/wp-json\/wp\/v2\/media?parent=478"}],"wp:term":[{"taxonomy":"product_brand","embeddable":true,"href":"https:\/\/www.personare.com.br\/servicos\/wp-json\/wp\/v2\/product_brand?post=478"},{"taxonomy":"product_cat","embeddable":true,"href":"https:\/\/www.personare.com.br\/servicos\/wp-json\/wp\/v2\/product_cat?post=478"},{"taxonomy":"product_tag","embeddable":true,"href":"https:\/\/www.personare.com.br\/servicos\/wp-json\/wp\/v2\/product_tag?post=478"},{"taxonomy":"areas-da-vida","embeddable":true,"href":"https:\/\/www.personare.com.br\/servicos\/wp-json\/wp\/v2\/areas-da-vida?post=478"},{"taxonomy":"estudos-e-terapias","embeddable":true,"href":"https:\/\/www.personare.com.br\/servicos\/wp-json\/wp\/v2\/estudos-e-terapias?post=478"},{"taxonomy":"dores-e-objetivos","embeddable":true,"href":"https:\/\/www.personare.com.br\/servicos\/wp-json\/wp\/v2\/dores-e-objetivos?post=478"}],"curies":[{"name":"wp","href":"https:\/\/api.w.org\/{rel}","templated":true}]}}