{"id":4763,"date":"2022-11-21T18:56:49","date_gmt":"2022-11-21T21:56:49","guid":{"rendered":"https:\/\/www.personare.com.br\/servicos\/?post_type=product&#038;p=4763"},"modified":"2023-11-28T17:42:09","modified_gmt":"2023-11-28T20:42:09","slug":"pacotes-de-sessoes-de-terapia-transpessoal","status":"publish","type":"product","link":"https:\/\/www.personare.com.br\/servicos\/produto\/pacotes-de-sessoes-de-terapia-transpessoal\/","title":{"rendered":"Pacotes de Sess\u00f5es de Terapia Transpessoal"},"content":{"rendered":"<p>Para qualquer pessoa que tem vontade de melhorar sua vida, de adolescentes a idosos.<\/p>\n<p>Pessoas que sofrem de transtornos ps\u00edquicos, como depress\u00e3o, ansiedade, dist\u00farbios alimentares, etc.<\/p>\n<p>Pessoas que t\u00eam dificuldade de entender seus pr\u00f3prios sentimentos e de se posicionar diante das situa\u00e7\u00f5es do dia a dia.<\/p>\n<p>Para quem passa por dificuldades nos relacionamentos (afetivos, familiares, profissionais, etc.).<\/p>\n<p>Para pessoas que sofrem da s\u00edndrome do impostor e se desvalorizam.<\/p>\n<p>Pessoas que passaram por abusos psicol\u00f3gicos ou sexuais (seja na inf\u00e2ncia, adolesc\u00eancia ou mesmo na vida adulta)<\/p>\n<p>Para quem sente dificuldades em alcan\u00e7ar seus objetivos.<\/p>\n","protected":false},"excerpt":{"rendered":"<p>Voc\u00ea sabia que a terapia pode ter benef\u00edcios enormes para qualquer pessoa, estando ela em momentos de crise ou n\u00e3o?<\/p>\n<p>Se voc\u00ea est\u00e1 passando por momentos dif\u00edceis ou sente que chegou a hora de transformar algo para que voc\u00ea tenha uma vida ainda mais plena e tranquila, a terapia \u00e9 uma grande aliada.<\/p>\n<p>A Psicologia Transpessoal \u00e9 uma abordagem que permite que voc\u00ea compreenda melhor a sua natureza \u2013 humana e divina \u2013 e oferece recursos e outros pontos de vista para que voc\u00ea possa lidar melhor com os acontecimentos do seu dia a dia.<\/p>\n","protected":false},"featured_media":12012,"comment_status":"open","ping_status":"closed","template":"","meta":{"_acf_changed":false,"footnotes":""},"product_brand":[],"product_cat":[53],"product_tag":[],"areas-da-vida":[161,162,163,164,165,166,167,168,169,170,171],"estudos-e-terapias":[129,130,133,138,139,147,149,154,156,157],"dores-e-objetivos":[81,82,83,84,85,86,87,88,89,90,91,92,189,93,94,95,96,97,188,98,99,100,101,102,103,104,105,106,107,108,109,110,111,112,113,114,115,116,192,117,118,119,120,121,191,122,123],"acf":[],"yoast_head":"<!-- This site is optimized with the Yoast SEO plugin v19.6.1 - https:\/\/yoast.com\/wordpress\/plugins\/seo\/ -->\n<title>Pacotes de Sess\u00f5es de Terapia Transpessoal - Personare Servi\u00e7os<\/title>\n<meta name=\"description\" content=\"A Psicologia Transpessoal \u00e9 uma abordagem que permite que voc\u00ea compreenda melhor a sua natureza \u2013 humana e divina. Agende agora sua consulta\" \/>\n<meta name=\"robots\" content=\"index, follow, max-snippet:-1, max-image-preview:large, max-video-preview:-1\" \/>\n<link rel=\"canonical\" href=\"https:\/\/www.personare.com.br\/servicos\/produto\/pacotes-de-sessoes-de-terapia-transpessoal\/\" \/>\n<meta property=\"og:locale\" content=\"pt_BR\" \/>\n<meta property=\"og:type\" content=\"article\" \/>\n<meta property=\"og:title\" content=\"Pacotes de Sess\u00f5es de Terapia Transpessoal - Personare Servi\u00e7os\" \/>\n<meta property=\"og:description\" content=\"A Psicologia Transpessoal \u00e9 uma abordagem que permite que voc\u00ea compreenda melhor a sua natureza \u2013 humana e divina. Agende agora sua consulta\" \/>\n<meta property=\"og:url\" content=\"https:\/\/www.personare.com.br\/servicos\/produto\/pacotes-de-sessoes-de-terapia-transpessoal\/\" \/>\n<meta property=\"og:site_name\" content=\"Personare Servi\u00e7os\" \/>\n<meta property=\"article:modified_time\" content=\"2023-11-28T20:42:09+00:00\" \/>\n<meta property=\"og:image\" content=\"https:\/\/d2t4cfkrxg4dhd.cloudfront.net\/app\/uploads\/2021\/04\/03.jpg\" \/>\n\t<meta property=\"og:image:width\" content=\"160\" \/>\n\t<meta property=\"og:image:height\" content=\"107\" \/>\n\t<meta property=\"og:image:type\" content=\"image\/jpeg\" \/>\n<meta name=\"twitter:card\" content=\"summary_large_image\" \/>\n<meta name=\"twitter:label1\" content=\"Est. tempo de leitura\" \/>\n\t<meta name=\"twitter:data1\" content=\"1 minuto\" \/>\n<script type=\"application\/ld+json\" class=\"yoast-schema-graph\">{\"@context\":\"https:\/\/schema.org\",\"@graph\":[{\"@type\":\"WebPage\",\"@id\":\"https:\/\/www.personare.com.br\/servicos\/produto\/pacotes-de-sessoes-de-terapia-transpessoal\/\",\"url\":\"https:\/\/www.personare.com.br\/servicos\/produto\/pacotes-de-sessoes-de-terapia-transpessoal\/\",\"name\":\"Pacotes de Sess\u00f5es de Terapia Transpessoal - Personare Servi\u00e7os\",\"isPartOf\":{\"@id\":\"https:\/\/www.personare.com.br\/servicos\/#website\"},\"datePublished\":\"2022-11-21T21:56:49+00:00\",\"dateModified\":\"2023-11-28T20:42:09+00:00\",\"description\":\"A Psicologia Transpessoal \u00e9 uma abordagem que permite que voc\u00ea compreenda melhor a sua natureza \u2013 humana e divina. Agende agora sua consulta\",\"breadcrumb\":{\"@id\":\"https:\/\/www.personare.com.br\/servicos\/produto\/pacotes-de-sessoes-de-terapia-transpessoal\/#breadcrumb\"},\"inLanguage\":\"pt-BR\",\"potentialAction\":[{\"@type\":\"ReadAction\",\"target\":[\"https:\/\/www.personare.com.br\/servicos\/produto\/pacotes-de-sessoes-de-terapia-transpessoal\/\"]}]},{\"@type\":\"BreadcrumbList\",\"@id\":\"https:\/\/www.personare.com.br\/servicos\/produto\/pacotes-de-sessoes-de-terapia-transpessoal\/#breadcrumb\",\"itemListElement\":[{\"@type\":\"ListItem\",\"position\":1,\"name\":\"In\u00edcio\",\"item\":\"https:\/\/www.personare.com.br\/servicos\/\"},{\"@type\":\"ListItem\",\"position\":2,\"name\":\"Loja\",\"item\":\"https:\/\/www.personare.com.br\/servicos\/busca\/\"},{\"@type\":\"ListItem\",\"position\":3,\"name\":\"Pacotes de Sess\u00f5es de Terapia Transpessoal\"}]},{\"@type\":\"WebSite\",\"@id\":\"https:\/\/www.personare.com.br\/servicos\/#website\",\"url\":\"https:\/\/www.personare.com.br\/servicos\/\",\"name\":\"Personare Servi\u00e7os\",\"description\":\"Agende Consultas e Terapias Online no Personare\",\"publisher\":{\"@id\":\"https:\/\/www.personare.com.br\/servicos\/#organization\"},\"potentialAction\":[{\"@type\":\"SearchAction\",\"target\":{\"@type\":\"EntryPoint\",\"urlTemplate\":\"https:\/\/www.personare.com.br\/servicos\/?s={search_term_string}\"},\"query-input\":\"required name=search_term_string\"}],\"inLanguage\":\"pt-BR\"},{\"@type\":\"Organization\",\"@id\":\"https:\/\/www.personare.com.br\/servicos\/#organization\",\"name\":\"Personare\",\"url\":\"https:\/\/www.personare.com.br\/servicos\/\",\"sameAs\":[],\"logo\":{\"@type\":\"ImageObject\",\"inLanguage\":\"pt-BR\",\"@id\":\"https:\/\/www.personare.com.br\/servicos\/#\/schema\/logo\/image\/\",\"url\":\"https:\/\/d2t4cfkrxg4dhd.cloudfront.net\/app\/uploads\/2021\/04\/70295ca5d3b1be44570b5e6d0854fa942edb2ab6.png\",\"contentUrl\":\"https:\/\/d2t4cfkrxg4dhd.cloudfront.net\/app\/uploads\/2021\/04\/70295ca5d3b1be44570b5e6d0854fa942edb2ab6.png\",\"width\":650,\"height\":554,\"caption\":\"Personare\"},\"image\":{\"@id\":\"https:\/\/www.personare.com.br\/servicos\/#\/schema\/logo\/image\/\"}}]}<\/script>\n<!-- \/ Yoast SEO plugin. -->","yoast_head_json":{"title":"Pacotes de Sess\u00f5es de Terapia Transpessoal - Personare Servi\u00e7os","description":"A Psicologia Transpessoal \u00e9 uma abordagem que permite que voc\u00ea compreenda melhor a sua natureza \u2013 humana e divina. Agende agora sua consulta","robots":{"index":"index","follow":"follow","max-snippet":"max-snippet:-1","max-image-preview":"max-image-preview:large","max-video-preview":"max-video-preview:-1"},"canonical":"https:\/\/www.personare.com.br\/servicos\/produto\/pacotes-de-sessoes-de-terapia-transpessoal\/","og_locale":"pt_BR","og_type":"article","og_title":"Pacotes de Sess\u00f5es de Terapia Transpessoal - Personare Servi\u00e7os","og_description":"A Psicologia Transpessoal \u00e9 uma abordagem que permite que voc\u00ea compreenda melhor a sua natureza \u2013 humana e divina. Agende agora sua consulta","og_url":"https:\/\/www.personare.com.br\/servicos\/produto\/pacotes-de-sessoes-de-terapia-transpessoal\/","og_site_name":"Personare Servi\u00e7os","article_modified_time":"2023-11-28T20:42:09+00:00","og_image":[{"width":160,"height":107,"url":"https:\/\/d2t4cfkrxg4dhd.cloudfront.net\/app\/uploads\/2021\/04\/03.jpg","type":"image\/jpeg"}],"twitter_card":"summary_large_image","twitter_misc":{"Est. tempo de leitura":"1 minuto"},"schema":{"@context":"https:\/\/schema.org","@graph":[{"@type":"WebPage","@id":"https:\/\/www.personare.com.br\/servicos\/produto\/pacotes-de-sessoes-de-terapia-transpessoal\/","url":"https:\/\/www.personare.com.br\/servicos\/produto\/pacotes-de-sessoes-de-terapia-transpessoal\/","name":"Pacotes de Sess\u00f5es de Terapia Transpessoal - Personare Servi\u00e7os","isPartOf":{"@id":"https:\/\/www.personare.com.br\/servicos\/#website"},"datePublished":"2022-11-21T21:56:49+00:00","dateModified":"2023-11-28T20:42:09+00:00","description":"A Psicologia Transpessoal \u00e9 uma abordagem que permite que voc\u00ea compreenda melhor a sua natureza \u2013 humana e divina. Agende agora sua consulta","breadcrumb":{"@id":"https:\/\/www.personare.com.br\/servicos\/produto\/pacotes-de-sessoes-de-terapia-transpessoal\/#breadcrumb"},"inLanguage":"pt-BR","potentialAction":[{"@type":"ReadAction","target":["https:\/\/www.personare.com.br\/servicos\/produto\/pacotes-de-sessoes-de-terapia-transpessoal\/"]}]},{"@type":"BreadcrumbList","@id":"https:\/\/www.personare.com.br\/servicos\/produto\/pacotes-de-sessoes-de-terapia-transpessoal\/#breadcrumb","itemListElement":[{"@type":"ListItem","position":1,"name":"In\u00edcio","item":"https:\/\/www.personare.com.br\/servicos\/"},{"@type":"ListItem","position":2,"name":"Loja","item":"https:\/\/www.personare.com.br\/servicos\/busca\/"},{"@type":"ListItem","position":3,"name":"Pacotes de Sess\u00f5es de Terapia Transpessoal"}]},{"@type":"WebSite","@id":"https:\/\/www.personare.com.br\/servicos\/#website","url":"https:\/\/www.personare.com.br\/servicos\/","name":"Personare Servi\u00e7os","description":"Agende Consultas e Terapias Online no Personare","publisher":{"@id":"https:\/\/www.personare.com.br\/servicos\/#organization"},"potentialAction":[{"@type":"SearchAction","target":{"@type":"EntryPoint","urlTemplate":"https:\/\/www.personare.com.br\/servicos\/?s={search_term_string}"},"query-input":"required name=search_term_string"}],"inLanguage":"pt-BR"},{"@type":"Organization","@id":"https:\/\/www.personare.com.br\/servicos\/#organization","name":"Personare","url":"https:\/\/www.personare.com.br\/servicos\/","sameAs":[],"logo":{"@type":"ImageObject","inLanguage":"pt-BR","@id":"https:\/\/www.personare.com.br\/servicos\/#\/schema\/logo\/image\/","url":"https:\/\/d2t4cfkrxg4dhd.cloudfront.net\/app\/uploads\/2021\/04\/70295ca5d3b1be44570b5e6d0854fa942edb2ab6.png","contentUrl":"https:\/\/d2t4cfkrxg4dhd.cloudfront.net\/app\/uploads\/2021\/04\/70295ca5d3b1be44570b5e6d0854fa942edb2ab6.png","width":650,"height":554,"caption":"Personare"},"image":{"@id":"https:\/\/www.personare.com.br\/servicos\/#\/schema\/logo\/image\/"}}]}},"_links":{"self":[{"href":"https:\/\/www.personare.com.br\/servicos\/wp-json\/wp\/v2\/product\/4763"}],"collection":[{"href":"https:\/\/www.personare.com.br\/servicos\/wp-json\/wp\/v2\/product"}],"about":[{"href":"https:\/\/www.personare.com.br\/servicos\/wp-json\/wp\/v2\/types\/product"}],"replies":[{"embeddable":true,"href":"https:\/\/www.personare.com.br\/servicos\/wp-json\/wp\/v2\/comments?post=4763"}],"version-history":[{"count":0,"href":"https:\/\/www.personare.com.br\/servicos\/wp-json\/wp\/v2\/product\/4763\/revisions"}],"wp:featuredmedia":[{"embeddable":true,"href":"https:\/\/www.personare.com.br\/servicos\/wp-json\/wp\/v2\/media\/12012"}],"wp:attachment":[{"href":"https:\/\/www.personare.com.br\/servicos\/wp-json\/wp\/v2\/media?parent=4763"}],"wp:term":[{"taxonomy":"product_brand","embeddable":true,"href":"https:\/\/www.personare.com.br\/servicos\/wp-json\/wp\/v2\/product_brand?post=4763"},{"taxonomy":"product_cat","embeddable":true,"href":"https:\/\/www.personare.com.br\/servicos\/wp-json\/wp\/v2\/product_cat?post=4763"},{"taxonomy":"product_tag","embeddable":true,"href":"https:\/\/www.personare.com.br\/servicos\/wp-json\/wp\/v2\/product_tag?post=4763"},{"taxonomy":"areas-da-vida","embeddable":true,"href":"https:\/\/www.personare.com.br\/servicos\/wp-json\/wp\/v2\/areas-da-vida?post=4763"},{"taxonomy":"estudos-e-terapias","embeddable":true,"href":"https:\/\/www.personare.com.br\/servicos\/wp-json\/wp\/v2\/estudos-e-terapias?post=4763"},{"taxonomy":"dores-e-objetivos","embeddable":true,"href":"https:\/\/www.personare.com.br\/servicos\/wp-json\/wp\/v2\/dores-e-objetivos?post=4763"}],"curies":[{"name":"wp","href":"https:\/\/api.w.org\/{rel}","templated":true}]}}