{"id":4760,"date":"2022-11-21T18:18:30","date_gmt":"2022-11-21T21:18:30","guid":{"rendered":"https:\/\/www.personare.com.br\/servicos\/?post_type=product&#038;p=4760"},"modified":"2024-08-22T11:58:47","modified_gmt":"2024-08-22T14:58:47","slug":"terapia-transpessoal","status":"publish","type":"product","link":"https:\/\/www.personare.com.br\/servicos\/produto\/terapia-transpessoal\/","title":{"rendered":"Terapia Transpessoal"},"content":{"rendered":"<p>Se voc\u00ea deseja melhorar sua qualidade de vida, independentemente da idade, a terapia transpessoal pode ser uma ferramenta poderosa.<\/p>\n<p>\u00c9 indicada para indiv\u00edduos que enfrentam desafios psicol\u00f3gicos, como depress\u00e3o, ansiedade, ou dist\u00farbios alimentares, e para aqueles que buscam compreender melhor seus pr\u00f3prios sentimentos e navegar pelas situa\u00e7\u00f5es cotidianas.<\/p>\n<p>Tamb\u00e9m \u00e9 \u00fatil para quem enfrenta dificuldades nos relacionamentos afetivos, familiares, ou profissionais, e para aqueles que lutam contra a s\u00edndrome do impostor, experimentando sentimentos de desvaloriza\u00e7\u00e3o.<\/p>\n<p>A terapia transpessoal \u00e9 especialmente ben\u00e9fica para pessoas que foram v\u00edtimas de abuso psicol\u00f3gico ou sexual, em qualquer fase da vida, al\u00e9m de auxiliar aqueles que encontram obst\u00e1culos na realiza\u00e7\u00e3o de seus objetivos.<\/p>\n<div class=\"flex-1 overflow-hidden\">\n<div class=\"react-scroll-to-bottom--css-xdhsj-79elbk h-full\">\n<div class=\"react-scroll-to-bottom--css-xdhsj-1n7m0yu\">\n<div class=\"flex flex-col text-sm pb-9\">\n<div class=\"w-full text-token-text-primary\" data-testid=\"conversation-turn-3\">\n<div class=\"px-4 py-2 justify-center text-base md:gap-6 m-auto\">\n<div class=\"flex flex-1 text-base mx-auto gap-3 md:px-5 lg:px-1 xl:px-5 md:max-w-3xl lg:max-w-[40rem] xl:max-w-[48rem] group final-completion\">\n<div class=\"relative flex w-full flex-col agent-turn\">\n<div class=\"flex-col gap-1 md:gap-3\">\n<div class=\"flex flex-grow flex-col max-w-full\">\n<div class=\"min-h-[20px] text-message flex flex-col items-start gap-3 whitespace-pre-wrap break-words [.text-message+&amp;]:mt-5 overflow-x-auto\" data-message-author-role=\"assistant\" data-message-id=\"1d4dc4da-db4f-44ba-94cb-6d294d5d9f01\">\n<div class=\"markdown prose w-full break-words dark:prose-invert light\">\n<p>Para aqueles que est\u00e3o enfrentando o processo de transi\u00e7\u00e3o da vida para a morte, o reiki pode oferecer suporte significativo na prepara\u00e7\u00e3o e orienta\u00e7\u00e3o espiritual.<\/p>\n<\/div>\n<\/div>\n<\/div>\n<\/div>\n<\/div>\n<\/div>\n<\/div>\n<\/div>\n<\/div>\n<\/div>\n<\/div>\n<\/div>\n","protected":false},"excerpt":{"rendered":"<p>Voc\u00ea sabia que a terapia pode ter benef\u00edcios enormes para qualquer pessoa, estando ela em momentos de crise ou n\u00e3o?<br \/>\nSe voc\u00ea est\u00e1 passando por momentos dif\u00edceis ou sente que chegou a hora de transformar algo para que voc\u00ea tenha uma vida ainda mais plena e tranquila, a terapia \u00e9 uma grande aliada.<br \/>\nA Psicologia Transpessoal \u00e9 uma abordagem que permite que voc\u00ea compreenda melhor a sua natureza \u2013 humana e divina \u2013 e oferece recursos e outros pontos de vista para que voc\u00ea possa lidar melhor com os acontecimentos do seu dia a dia.<\/p>\n","protected":false},"featured_media":12012,"comment_status":"open","ping_status":"closed","template":"","meta":{"_acf_changed":false,"footnotes":""},"product_brand":[],"product_cat":[52],"product_tag":[],"areas-da-vida":[163,164,168],"estudos-e-terapias":[157],"dores-e-objetivos":[89,98,105,213,191,122,123],"acf":[],"yoast_head":"<!-- This site is optimized with the Yoast SEO plugin v19.6.1 - https:\/\/yoast.com\/wordpress\/plugins\/seo\/ -->\n<title>Terapia Transpessoal - Personare Servi\u00e7os<\/title>\n<meta name=\"description\" content=\"A Psicologia Transpessoal \u00e9 uma abordagem que permite que voc\u00ea compreenda melhor a sua natureza \u2013 humana e divina. Agende agora sua consulta\" \/>\n<meta name=\"robots\" content=\"index, follow, max-snippet:-1, max-image-preview:large, max-video-preview:-1\" \/>\n<link rel=\"canonical\" href=\"https:\/\/www.personare.com.br\/servicos\/produto\/terapia-transpessoal\/\" \/>\n<meta property=\"og:locale\" content=\"pt_BR\" \/>\n<meta property=\"og:type\" content=\"article\" \/>\n<meta property=\"og:title\" content=\"Terapia Transpessoal - Personare Servi\u00e7os\" \/>\n<meta property=\"og:description\" content=\"A Psicologia Transpessoal \u00e9 uma abordagem que permite que voc\u00ea compreenda melhor a sua natureza \u2013 humana e divina. Agende agora sua consulta\" \/>\n<meta property=\"og:url\" content=\"https:\/\/www.personare.com.br\/servicos\/produto\/terapia-transpessoal\/\" \/>\n<meta property=\"og:site_name\" content=\"Personare Servi\u00e7os\" \/>\n<meta property=\"article:modified_time\" content=\"2024-08-22T14:58:47+00:00\" \/>\n<meta property=\"og:image\" content=\"https:\/\/d2t4cfkrxg4dhd.cloudfront.net\/app\/uploads\/2021\/04\/03.jpg\" \/>\n\t<meta property=\"og:image:width\" content=\"160\" \/>\n\t<meta property=\"og:image:height\" content=\"107\" \/>\n\t<meta property=\"og:image:type\" content=\"image\/jpeg\" \/>\n<meta name=\"twitter:card\" content=\"summary_large_image\" \/>\n<meta name=\"twitter:label1\" content=\"Est. tempo de leitura\" \/>\n\t<meta name=\"twitter:data1\" content=\"1 minuto\" \/>\n<script type=\"application\/ld+json\" class=\"yoast-schema-graph\">{\"@context\":\"https:\/\/schema.org\",\"@graph\":[{\"@type\":\"WebPage\",\"@id\":\"https:\/\/www.personare.com.br\/servicos\/produto\/terapia-transpessoal\/\",\"url\":\"https:\/\/www.personare.com.br\/servicos\/produto\/terapia-transpessoal\/\",\"name\":\"Terapia Transpessoal - Personare Servi\u00e7os\",\"isPartOf\":{\"@id\":\"https:\/\/www.personare.com.br\/servicos\/#website\"},\"datePublished\":\"2022-11-21T21:18:30+00:00\",\"dateModified\":\"2024-08-22T14:58:47+00:00\",\"description\":\"A Psicologia Transpessoal \u00e9 uma abordagem que permite que voc\u00ea compreenda melhor a sua natureza \u2013 humana e divina. Agende agora sua consulta\",\"breadcrumb\":{\"@id\":\"https:\/\/www.personare.com.br\/servicos\/produto\/terapia-transpessoal\/#breadcrumb\"},\"inLanguage\":\"pt-BR\",\"potentialAction\":[{\"@type\":\"ReadAction\",\"target\":[\"https:\/\/www.personare.com.br\/servicos\/produto\/terapia-transpessoal\/\"]}]},{\"@type\":\"BreadcrumbList\",\"@id\":\"https:\/\/www.personare.com.br\/servicos\/produto\/terapia-transpessoal\/#breadcrumb\",\"itemListElement\":[{\"@type\":\"ListItem\",\"position\":1,\"name\":\"In\u00edcio\",\"item\":\"https:\/\/www.personare.com.br\/servicos\/\"},{\"@type\":\"ListItem\",\"position\":2,\"name\":\"Loja\",\"item\":\"https:\/\/www.personare.com.br\/servicos\/busca\/\"},{\"@type\":\"ListItem\",\"position\":3,\"name\":\"Terapia Transpessoal\"}]},{\"@type\":\"WebSite\",\"@id\":\"https:\/\/www.personare.com.br\/servicos\/#website\",\"url\":\"https:\/\/www.personare.com.br\/servicos\/\",\"name\":\"Personare Servi\u00e7os\",\"description\":\"Agende Consultas e Terapias Online no Personare\",\"publisher\":{\"@id\":\"https:\/\/www.personare.com.br\/servicos\/#organization\"},\"potentialAction\":[{\"@type\":\"SearchAction\",\"target\":{\"@type\":\"EntryPoint\",\"urlTemplate\":\"https:\/\/www.personare.com.br\/servicos\/?s={search_term_string}\"},\"query-input\":\"required name=search_term_string\"}],\"inLanguage\":\"pt-BR\"},{\"@type\":\"Organization\",\"@id\":\"https:\/\/www.personare.com.br\/servicos\/#organization\",\"name\":\"Personare\",\"url\":\"https:\/\/www.personare.com.br\/servicos\/\",\"sameAs\":[],\"logo\":{\"@type\":\"ImageObject\",\"inLanguage\":\"pt-BR\",\"@id\":\"https:\/\/www.personare.com.br\/servicos\/#\/schema\/logo\/image\/\",\"url\":\"https:\/\/d2t4cfkrxg4dhd.cloudfront.net\/app\/uploads\/2021\/04\/70295ca5d3b1be44570b5e6d0854fa942edb2ab6.png\",\"contentUrl\":\"https:\/\/d2t4cfkrxg4dhd.cloudfront.net\/app\/uploads\/2021\/04\/70295ca5d3b1be44570b5e6d0854fa942edb2ab6.png\",\"width\":650,\"height\":554,\"caption\":\"Personare\"},\"image\":{\"@id\":\"https:\/\/www.personare.com.br\/servicos\/#\/schema\/logo\/image\/\"}}]}<\/script>\n<!-- \/ Yoast SEO plugin. -->","yoast_head_json":{"title":"Terapia Transpessoal - Personare Servi\u00e7os","description":"A Psicologia Transpessoal \u00e9 uma abordagem que permite que voc\u00ea compreenda melhor a sua natureza \u2013 humana e divina. Agende agora sua consulta","robots":{"index":"index","follow":"follow","max-snippet":"max-snippet:-1","max-image-preview":"max-image-preview:large","max-video-preview":"max-video-preview:-1"},"canonical":"https:\/\/www.personare.com.br\/servicos\/produto\/terapia-transpessoal\/","og_locale":"pt_BR","og_type":"article","og_title":"Terapia Transpessoal - Personare Servi\u00e7os","og_description":"A Psicologia Transpessoal \u00e9 uma abordagem que permite que voc\u00ea compreenda melhor a sua natureza \u2013 humana e divina. Agende agora sua consulta","og_url":"https:\/\/www.personare.com.br\/servicos\/produto\/terapia-transpessoal\/","og_site_name":"Personare Servi\u00e7os","article_modified_time":"2024-08-22T14:58:47+00:00","og_image":[{"width":160,"height":107,"url":"https:\/\/d2t4cfkrxg4dhd.cloudfront.net\/app\/uploads\/2021\/04\/03.jpg","type":"image\/jpeg"}],"twitter_card":"summary_large_image","twitter_misc":{"Est. tempo de leitura":"1 minuto"},"schema":{"@context":"https:\/\/schema.org","@graph":[{"@type":"WebPage","@id":"https:\/\/www.personare.com.br\/servicos\/produto\/terapia-transpessoal\/","url":"https:\/\/www.personare.com.br\/servicos\/produto\/terapia-transpessoal\/","name":"Terapia Transpessoal - Personare Servi\u00e7os","isPartOf":{"@id":"https:\/\/www.personare.com.br\/servicos\/#website"},"datePublished":"2022-11-21T21:18:30+00:00","dateModified":"2024-08-22T14:58:47+00:00","description":"A Psicologia Transpessoal \u00e9 uma abordagem que permite que voc\u00ea compreenda melhor a sua natureza \u2013 humana e divina. Agende agora sua consulta","breadcrumb":{"@id":"https:\/\/www.personare.com.br\/servicos\/produto\/terapia-transpessoal\/#breadcrumb"},"inLanguage":"pt-BR","potentialAction":[{"@type":"ReadAction","target":["https:\/\/www.personare.com.br\/servicos\/produto\/terapia-transpessoal\/"]}]},{"@type":"BreadcrumbList","@id":"https:\/\/www.personare.com.br\/servicos\/produto\/terapia-transpessoal\/#breadcrumb","itemListElement":[{"@type":"ListItem","position":1,"name":"In\u00edcio","item":"https:\/\/www.personare.com.br\/servicos\/"},{"@type":"ListItem","position":2,"name":"Loja","item":"https:\/\/www.personare.com.br\/servicos\/busca\/"},{"@type":"ListItem","position":3,"name":"Terapia Transpessoal"}]},{"@type":"WebSite","@id":"https:\/\/www.personare.com.br\/servicos\/#website","url":"https:\/\/www.personare.com.br\/servicos\/","name":"Personare Servi\u00e7os","description":"Agende Consultas e Terapias Online no Personare","publisher":{"@id":"https:\/\/www.personare.com.br\/servicos\/#organization"},"potentialAction":[{"@type":"SearchAction","target":{"@type":"EntryPoint","urlTemplate":"https:\/\/www.personare.com.br\/servicos\/?s={search_term_string}"},"query-input":"required name=search_term_string"}],"inLanguage":"pt-BR"},{"@type":"Organization","@id":"https:\/\/www.personare.com.br\/servicos\/#organization","name":"Personare","url":"https:\/\/www.personare.com.br\/servicos\/","sameAs":[],"logo":{"@type":"ImageObject","inLanguage":"pt-BR","@id":"https:\/\/www.personare.com.br\/servicos\/#\/schema\/logo\/image\/","url":"https:\/\/d2t4cfkrxg4dhd.cloudfront.net\/app\/uploads\/2021\/04\/70295ca5d3b1be44570b5e6d0854fa942edb2ab6.png","contentUrl":"https:\/\/d2t4cfkrxg4dhd.cloudfront.net\/app\/uploads\/2021\/04\/70295ca5d3b1be44570b5e6d0854fa942edb2ab6.png","width":650,"height":554,"caption":"Personare"},"image":{"@id":"https:\/\/www.personare.com.br\/servicos\/#\/schema\/logo\/image\/"}}]}},"_links":{"self":[{"href":"https:\/\/www.personare.com.br\/servicos\/wp-json\/wp\/v2\/product\/4760"}],"collection":[{"href":"https:\/\/www.personare.com.br\/servicos\/wp-json\/wp\/v2\/product"}],"about":[{"href":"https:\/\/www.personare.com.br\/servicos\/wp-json\/wp\/v2\/types\/product"}],"replies":[{"embeddable":true,"href":"https:\/\/www.personare.com.br\/servicos\/wp-json\/wp\/v2\/comments?post=4760"}],"version-history":[{"count":3,"href":"https:\/\/www.personare.com.br\/servicos\/wp-json\/wp\/v2\/product\/4760\/revisions"}],"predecessor-version":[{"id":15542,"href":"https:\/\/www.personare.com.br\/servicos\/wp-json\/wp\/v2\/product\/4760\/revisions\/15542"}],"wp:featuredmedia":[{"embeddable":true,"href":"https:\/\/www.personare.com.br\/servicos\/wp-json\/wp\/v2\/media\/12012"}],"wp:attachment":[{"href":"https:\/\/www.personare.com.br\/servicos\/wp-json\/wp\/v2\/media?parent=4760"}],"wp:term":[{"taxonomy":"product_brand","embeddable":true,"href":"https:\/\/www.personare.com.br\/servicos\/wp-json\/wp\/v2\/product_brand?post=4760"},{"taxonomy":"product_cat","embeddable":true,"href":"https:\/\/www.personare.com.br\/servicos\/wp-json\/wp\/v2\/product_cat?post=4760"},{"taxonomy":"product_tag","embeddable":true,"href":"https:\/\/www.personare.com.br\/servicos\/wp-json\/wp\/v2\/product_tag?post=4760"},{"taxonomy":"areas-da-vida","embeddable":true,"href":"https:\/\/www.personare.com.br\/servicos\/wp-json\/wp\/v2\/areas-da-vida?post=4760"},{"taxonomy":"estudos-e-terapias","embeddable":true,"href":"https:\/\/www.personare.com.br\/servicos\/wp-json\/wp\/v2\/estudos-e-terapias?post=4760"},{"taxonomy":"dores-e-objetivos","embeddable":true,"href":"https:\/\/www.personare.com.br\/servicos\/wp-json\/wp\/v2\/dores-e-objetivos?post=4760"}],"curies":[{"name":"wp","href":"https:\/\/api.w.org\/{rel}","templated":true}]}}