{"id":4526,"date":"2022-11-04T18:38:58","date_gmt":"2022-11-04T21:38:58","guid":{"rendered":"https:\/\/www.personare.com.br\/servicos\/?post_type=product&#038;p=4526"},"modified":"2024-12-03T11:36:45","modified_gmt":"2024-12-03T14:36:45","slug":"s-o-s-energetico","status":"publish","type":"product","link":"https:\/\/www.personare.com.br\/servicos\/produto\/s-o-s-energetico\/","title":{"rendered":"S.O.S Energ\u00e9tico"},"content":{"rendered":"<p>Para quem busca fazer mudan\u00e7as importantes na vida e n\u00e3o sabe por onde come\u00e7ar;<\/p>\n<p>Pessoas que sentem que sua vida n\u00e3o vai para frente, est\u00e1 estagnada no mesmo lugar;<\/p>\n<p>Para quem sente que est\u00e1 recebendo ataques por energias externas;<\/p>\n<p>Pessoas que se sentem sobrecarregadas;<\/p>\n<p>Para quem deseja uma limpeza espiritual profunda que possa abrir os caminhos<\/p>\n","protected":false},"excerpt":{"rendered":"<p>A terapeuta Aline Lang desenvolveu um processo de limpeza energ\u00e9tica e espiritual profunda que ajuda a combater a estagna\u00e7\u00e3o e bloqueios no seu momento, abrindo os caminhos para que voc\u00ea possa ter sucesso e conquistar a vida que deseja.<br \/>\nO SOS Energ\u00e9tico atua em quest\u00f5es espirituais, ataques por energias externas e em bloqueio dos chakras. Ele tamb\u00e9m age sobre situa\u00e7\u00f5es do passado que lhe impedem de seguir em frente.<br \/>\nA sess\u00e3o \u00e9 ass\u00edncrona, sem necessidade de estar online enquanto a limpeza \u00e9 realizada pela terapeuta. Um \u00e1udio contendo orienta\u00e7\u00f5es personalizadas \u00e9 enviado ap\u00f3s a realiza\u00e7\u00e3o do trabalho energ\u00e9tico.<\/p>\n","protected":false},"featured_media":12074,"comment_status":"open","ping_status":"closed","template":"","meta":{"_acf_changed":false,"footnotes":""},"product_brand":[],"product_cat":[52],"product_tag":[],"areas-da-vida":[163,168],"estudos-e-terapias":[208,149,156],"dores-e-objetivos":[82,86,189,207,110,111],"acf":[],"yoast_head":"<!-- This site is optimized with the Yoast SEO plugin v19.6.1 - https:\/\/yoast.com\/wordpress\/plugins\/seo\/ -->\n<title>S.O.S Energ\u00e9tico - Personare Servi\u00e7os<\/title>\n<meta name=\"robots\" content=\"index, follow, max-snippet:-1, max-image-preview:large, max-video-preview:-1\" \/>\n<link rel=\"canonical\" href=\"https:\/\/www.personare.com.br\/servicos\/produto\/s-o-s-energetico\/\" \/>\n<meta property=\"og:locale\" content=\"pt_BR\" \/>\n<meta property=\"og:type\" content=\"article\" \/>\n<meta property=\"og:title\" content=\"S.O.S Energ\u00e9tico - Personare Servi\u00e7os\" \/>\n<meta property=\"og:description\" content=\"A terapeuta Aline Lang desenvolveu um processo de limpeza energ\u00e9tica e espiritual profunda que ajuda a combater a estagna\u00e7\u00e3o e bloqueios no seu momento, abrindo os caminhos para que voc\u00ea possa ter sucesso e conquistar a vida que deseja. O SOS Energ\u00e9tico atua em quest\u00f5es espirituais, ataques por energias externas e em bloqueio dos chakras. Ele tamb\u00e9m age sobre situa\u00e7\u00f5es do passado que lhe impedem de seguir em frente. A sess\u00e3o \u00e9 ass\u00edncrona, sem necessidade de estar online enquanto a limpeza \u00e9 realizada pela terapeuta. Um \u00e1udio contendo orienta\u00e7\u00f5es personalizadas \u00e9 enviado ap\u00f3s a realiza\u00e7\u00e3o do trabalho energ\u00e9tico.\" \/>\n<meta property=\"og:url\" content=\"https:\/\/www.personare.com.br\/servicos\/produto\/s-o-s-energetico\/\" \/>\n<meta property=\"og:site_name\" content=\"Personare Servi\u00e7os\" \/>\n<meta property=\"article:modified_time\" content=\"2024-12-03T14:36:45+00:00\" \/>\n<meta property=\"og:image\" content=\"https:\/\/d2t4cfkrxg4dhd.cloudfront.net\/app\/uploads\/2022\/11\/WhatsApp-Image-2022-10-18-at-17.22.06.jpeg\" \/>\n\t<meta property=\"og:image:width\" content=\"1600\" \/>\n\t<meta property=\"og:image:height\" content=\"1066\" \/>\n\t<meta property=\"og:image:type\" content=\"image\/jpeg\" \/>\n<meta name=\"twitter:card\" content=\"summary_large_image\" \/>\n<meta name=\"twitter:label1\" content=\"Est. tempo de leitura\" \/>\n\t<meta name=\"twitter:data1\" content=\"1 minuto\" \/>\n<script type=\"application\/ld+json\" class=\"yoast-schema-graph\">{\"@context\":\"https:\/\/schema.org\",\"@graph\":[{\"@type\":\"WebPage\",\"@id\":\"https:\/\/www.personare.com.br\/servicos\/produto\/s-o-s-energetico\/\",\"url\":\"https:\/\/www.personare.com.br\/servicos\/produto\/s-o-s-energetico\/\",\"name\":\"S.O.S Energ\u00e9tico - Personare Servi\u00e7os\",\"isPartOf\":{\"@id\":\"https:\/\/www.personare.com.br\/servicos\/#website\"},\"datePublished\":\"2022-11-04T21:38:58+00:00\",\"dateModified\":\"2024-12-03T14:36:45+00:00\",\"breadcrumb\":{\"@id\":\"https:\/\/www.personare.com.br\/servicos\/produto\/s-o-s-energetico\/#breadcrumb\"},\"inLanguage\":\"pt-BR\",\"potentialAction\":[{\"@type\":\"ReadAction\",\"target\":[\"https:\/\/www.personare.com.br\/servicos\/produto\/s-o-s-energetico\/\"]}]},{\"@type\":\"BreadcrumbList\",\"@id\":\"https:\/\/www.personare.com.br\/servicos\/produto\/s-o-s-energetico\/#breadcrumb\",\"itemListElement\":[{\"@type\":\"ListItem\",\"position\":1,\"name\":\"In\u00edcio\",\"item\":\"https:\/\/www.personare.com.br\/servicos\/\"},{\"@type\":\"ListItem\",\"position\":2,\"name\":\"Loja\",\"item\":\"https:\/\/www.personare.com.br\/servicos\/busca\/\"},{\"@type\":\"ListItem\",\"position\":3,\"name\":\"S.O.S Energ\u00e9tico\"}]},{\"@type\":\"WebSite\",\"@id\":\"https:\/\/www.personare.com.br\/servicos\/#website\",\"url\":\"https:\/\/www.personare.com.br\/servicos\/\",\"name\":\"Personare Servi\u00e7os\",\"description\":\"Agende Consultas e Terapias Online no Personare\",\"publisher\":{\"@id\":\"https:\/\/www.personare.com.br\/servicos\/#organization\"},\"potentialAction\":[{\"@type\":\"SearchAction\",\"target\":{\"@type\":\"EntryPoint\",\"urlTemplate\":\"https:\/\/www.personare.com.br\/servicos\/?s={search_term_string}\"},\"query-input\":\"required name=search_term_string\"}],\"inLanguage\":\"pt-BR\"},{\"@type\":\"Organization\",\"@id\":\"https:\/\/www.personare.com.br\/servicos\/#organization\",\"name\":\"Personare\",\"url\":\"https:\/\/www.personare.com.br\/servicos\/\",\"sameAs\":[],\"logo\":{\"@type\":\"ImageObject\",\"inLanguage\":\"pt-BR\",\"@id\":\"https:\/\/www.personare.com.br\/servicos\/#\/schema\/logo\/image\/\",\"url\":\"https:\/\/d2t4cfkrxg4dhd.cloudfront.net\/app\/uploads\/2021\/04\/70295ca5d3b1be44570b5e6d0854fa942edb2ab6.png\",\"contentUrl\":\"https:\/\/d2t4cfkrxg4dhd.cloudfront.net\/app\/uploads\/2021\/04\/70295ca5d3b1be44570b5e6d0854fa942edb2ab6.png\",\"width\":650,\"height\":554,\"caption\":\"Personare\"},\"image\":{\"@id\":\"https:\/\/www.personare.com.br\/servicos\/#\/schema\/logo\/image\/\"}}]}<\/script>\n<!-- \/ Yoast SEO plugin. -->","yoast_head_json":{"title":"S.O.S Energ\u00e9tico - Personare Servi\u00e7os","robots":{"index":"index","follow":"follow","max-snippet":"max-snippet:-1","max-image-preview":"max-image-preview:large","max-video-preview":"max-video-preview:-1"},"canonical":"https:\/\/www.personare.com.br\/servicos\/produto\/s-o-s-energetico\/","og_locale":"pt_BR","og_type":"article","og_title":"S.O.S Energ\u00e9tico - Personare Servi\u00e7os","og_description":"A terapeuta Aline Lang desenvolveu um processo de limpeza energ\u00e9tica e espiritual profunda que ajuda a combater a estagna\u00e7\u00e3o e bloqueios no seu momento, abrindo os caminhos para que voc\u00ea possa ter sucesso e conquistar a vida que deseja. O SOS Energ\u00e9tico atua em quest\u00f5es espirituais, ataques por energias externas e em bloqueio dos chakras. Ele tamb\u00e9m age sobre situa\u00e7\u00f5es do passado que lhe impedem de seguir em frente. A sess\u00e3o \u00e9 ass\u00edncrona, sem necessidade de estar online enquanto a limpeza \u00e9 realizada pela terapeuta. Um \u00e1udio contendo orienta\u00e7\u00f5es personalizadas \u00e9 enviado ap\u00f3s a realiza\u00e7\u00e3o do trabalho energ\u00e9tico.","og_url":"https:\/\/www.personare.com.br\/servicos\/produto\/s-o-s-energetico\/","og_site_name":"Personare Servi\u00e7os","article_modified_time":"2024-12-03T14:36:45+00:00","og_image":[{"width":1600,"height":1066,"url":"https:\/\/d2t4cfkrxg4dhd.cloudfront.net\/app\/uploads\/2022\/11\/WhatsApp-Image-2022-10-18-at-17.22.06.jpeg","type":"image\/jpeg"}],"twitter_card":"summary_large_image","twitter_misc":{"Est. tempo de leitura":"1 minuto"},"schema":{"@context":"https:\/\/schema.org","@graph":[{"@type":"WebPage","@id":"https:\/\/www.personare.com.br\/servicos\/produto\/s-o-s-energetico\/","url":"https:\/\/www.personare.com.br\/servicos\/produto\/s-o-s-energetico\/","name":"S.O.S Energ\u00e9tico - Personare Servi\u00e7os","isPartOf":{"@id":"https:\/\/www.personare.com.br\/servicos\/#website"},"datePublished":"2022-11-04T21:38:58+00:00","dateModified":"2024-12-03T14:36:45+00:00","breadcrumb":{"@id":"https:\/\/www.personare.com.br\/servicos\/produto\/s-o-s-energetico\/#breadcrumb"},"inLanguage":"pt-BR","potentialAction":[{"@type":"ReadAction","target":["https:\/\/www.personare.com.br\/servicos\/produto\/s-o-s-energetico\/"]}]},{"@type":"BreadcrumbList","@id":"https:\/\/www.personare.com.br\/servicos\/produto\/s-o-s-energetico\/#breadcrumb","itemListElement":[{"@type":"ListItem","position":1,"name":"In\u00edcio","item":"https:\/\/www.personare.com.br\/servicos\/"},{"@type":"ListItem","position":2,"name":"Loja","item":"https:\/\/www.personare.com.br\/servicos\/busca\/"},{"@type":"ListItem","position":3,"name":"S.O.S Energ\u00e9tico"}]},{"@type":"WebSite","@id":"https:\/\/www.personare.com.br\/servicos\/#website","url":"https:\/\/www.personare.com.br\/servicos\/","name":"Personare Servi\u00e7os","description":"Agende Consultas e Terapias Online no Personare","publisher":{"@id":"https:\/\/www.personare.com.br\/servicos\/#organization"},"potentialAction":[{"@type":"SearchAction","target":{"@type":"EntryPoint","urlTemplate":"https:\/\/www.personare.com.br\/servicos\/?s={search_term_string}"},"query-input":"required name=search_term_string"}],"inLanguage":"pt-BR"},{"@type":"Organization","@id":"https:\/\/www.personare.com.br\/servicos\/#organization","name":"Personare","url":"https:\/\/www.personare.com.br\/servicos\/","sameAs":[],"logo":{"@type":"ImageObject","inLanguage":"pt-BR","@id":"https:\/\/www.personare.com.br\/servicos\/#\/schema\/logo\/image\/","url":"https:\/\/d2t4cfkrxg4dhd.cloudfront.net\/app\/uploads\/2021\/04\/70295ca5d3b1be44570b5e6d0854fa942edb2ab6.png","contentUrl":"https:\/\/d2t4cfkrxg4dhd.cloudfront.net\/app\/uploads\/2021\/04\/70295ca5d3b1be44570b5e6d0854fa942edb2ab6.png","width":650,"height":554,"caption":"Personare"},"image":{"@id":"https:\/\/www.personare.com.br\/servicos\/#\/schema\/logo\/image\/"}}]}},"_links":{"self":[{"href":"https:\/\/www.personare.com.br\/servicos\/wp-json\/wp\/v2\/product\/4526"}],"collection":[{"href":"https:\/\/www.personare.com.br\/servicos\/wp-json\/wp\/v2\/product"}],"about":[{"href":"https:\/\/www.personare.com.br\/servicos\/wp-json\/wp\/v2\/types\/product"}],"replies":[{"embeddable":true,"href":"https:\/\/www.personare.com.br\/servicos\/wp-json\/wp\/v2\/comments?post=4526"}],"version-history":[{"count":6,"href":"https:\/\/www.personare.com.br\/servicos\/wp-json\/wp\/v2\/product\/4526\/revisions"}],"predecessor-version":[{"id":18785,"href":"https:\/\/www.personare.com.br\/servicos\/wp-json\/wp\/v2\/product\/4526\/revisions\/18785"}],"wp:featuredmedia":[{"embeddable":true,"href":"https:\/\/www.personare.com.br\/servicos\/wp-json\/wp\/v2\/media\/12074"}],"wp:attachment":[{"href":"https:\/\/www.personare.com.br\/servicos\/wp-json\/wp\/v2\/media?parent=4526"}],"wp:term":[{"taxonomy":"product_brand","embeddable":true,"href":"https:\/\/www.personare.com.br\/servicos\/wp-json\/wp\/v2\/product_brand?post=4526"},{"taxonomy":"product_cat","embeddable":true,"href":"https:\/\/www.personare.com.br\/servicos\/wp-json\/wp\/v2\/product_cat?post=4526"},{"taxonomy":"product_tag","embeddable":true,"href":"https:\/\/www.personare.com.br\/servicos\/wp-json\/wp\/v2\/product_tag?post=4526"},{"taxonomy":"areas-da-vida","embeddable":true,"href":"https:\/\/www.personare.com.br\/servicos\/wp-json\/wp\/v2\/areas-da-vida?post=4526"},{"taxonomy":"estudos-e-terapias","embeddable":true,"href":"https:\/\/www.personare.com.br\/servicos\/wp-json\/wp\/v2\/estudos-e-terapias?post=4526"},{"taxonomy":"dores-e-objetivos","embeddable":true,"href":"https:\/\/www.personare.com.br\/servicos\/wp-json\/wp\/v2\/dores-e-objetivos?post=4526"}],"curies":[{"name":"wp","href":"https:\/\/api.w.org\/{rel}","templated":true}]}}