{"id":436,"date":"2021-06-15T18:58:52","date_gmt":"2021-06-15T21:58:52","guid":{"rendered":"https:\/\/www.personare.com.br\/servicos\/?post_type=product&#038;p=436"},"modified":"2026-03-13T11:00:37","modified_gmt":"2026-03-13T14:00:37","slug":"terapia-dos-chakras","status":"publish","type":"product","link":"https:\/\/www.personare.com.br\/servicos\/produto\/terapia-dos-chakras\/","title":{"rendered":"Terapia dos Chakras + Mentoria"},"content":{"rendered":"<p>Para todas as pessoas que est\u00e3o passando por dificuldades recorrentes, para as que est\u00e3o procurando evoluir na jornada do autoconhecimento ou as que desejam aprender a manter seus chakras e sua vida em equil\u00edbrio.<br \/>Nosso campo energ\u00e9tico e f\u00edsico tem a mem\u00f3ria de tudo que est\u00e1 em nossos pensamentos e sentimentos. Baseado nestas mem\u00f3rias \u00e9 que materializamos nosso dia a dia. Por esta raz\u00e3o a necessidade de harmonizarmos e mudarmos nossos padr\u00f5es e cren\u00e7as. O reequil\u00edbrio energ\u00e9tico dos chakras auxilia: autoestima, amor pr\u00f3prio, quest\u00f5es na vida amorosa e nos relacionamentos em geral, carreira profissional, traumas ou situa\u00e7\u00f5es de crise desafiadoras. Com a sa\u00fade f\u00edsica, emocional e mental em harmonia, esta t\u00e9cnica terap\u00eautica , proporciona a cria\u00e7\u00e3o de um novo padr\u00e3o positivo de consci\u00eancia para seguirmos na vida cocriando em harmonia.<\/p>\n","protected":false},"excerpt":{"rendered":"<p>A Terapia dos Chakras, idealizada por Regina Restelli, \u00e9 uma ferramenta avan\u00e7ada de transforma\u00e7\u00e3o pessoal e profissional. Realizada por uma das terapeutas mais reconhecidas do Brasil, seu trabalho inovador de reequil\u00edbrio energ\u00e9tico, tem\u00a0 como objetivos:<br \/>&#8211; Sa\u00fade mental e bem estar.<br \/>&#8211; Fortificar a energia geral e acelerar a resolu\u00e7\u00e3o de processos emocionais profundos.<br \/>&#8211; Promover um aprofundamento imediato sobre as quest\u00f5es que precisam ser transformadas em sua vida.<br \/>Usando Radiestesia e o Campo Cristalino Metatronico, a terapia limpa, harmoniza seus Chakras e corpos sutis, promovendo sa\u00fade mental e criando as bases para mudan\u00e7as positivas duradouras no seu dia a dia. T\u00e9cnicas como Ativa\u00e7\u00e3o da Rede Et\u00e9rica (ARE) e BodyTalk, juntamente com conceitos da f\u00edsica qu\u00e2ntica, s\u00e3o aplicadas para transformar comportamentos e, consequentemente, sua vida.<\/p>\n","protected":false},"featured_media":24400,"comment_status":"open","ping_status":"closed","template":"","meta":{"_acf_changed":false,"footnotes":""},"product_brand":[],"product_cat":[15,52],"product_tag":[],"areas-da-vida":[162,163,164,165,167,168,169,170,171],"estudos-e-terapias":[126,139,141,142,148,155,156],"dores-e-objetivos":[82,83,87,88,90,92,94,95,96,98,99,100,104,105,106,108,109,110,111,113,115,116,118,119,120],"acf":[],"yoast_head":"<!-- This site is optimized with the Yoast SEO plugin v19.6.1 - https:\/\/yoast.com\/wordpress\/plugins\/seo\/ -->\n<title>Terapia dos Chakras + Mentoria - Personare Servi\u00e7os<\/title>\n<meta name=\"robots\" content=\"index, follow, max-snippet:-1, max-image-preview:large, max-video-preview:-1\" \/>\n<link rel=\"canonical\" href=\"https:\/\/www.personare.com.br\/servicos\/produto\/terapia-dos-chakras\/\" \/>\n<meta property=\"og:locale\" content=\"pt_BR\" \/>\n<meta property=\"og:type\" content=\"article\" \/>\n<meta property=\"og:title\" content=\"Terapia dos Chakras + Mentoria - Personare Servi\u00e7os\" \/>\n<meta property=\"og:description\" content=\"A Terapia dos Chakras, idealizada por Regina Restelli, \u00e9 uma ferramenta avan\u00e7ada de transforma\u00e7\u00e3o pessoal e profissional. Realizada por uma das terapeutas mais reconhecidas do Brasil, seu trabalho inovador de reequil\u00edbrio energ\u00e9tico, tem\u00a0 como objetivos:- Sa\u00fade mental e bem estar.- Fortificar a energia geral e acelerar a resolu\u00e7\u00e3o de processos emocionais profundos.- Promover um aprofundamento imediato sobre as quest\u00f5es que precisam ser transformadas em sua vida.Usando Radiestesia e o Campo Cristalino Metatronico, a terapia limpa, harmoniza seus Chakras e corpos sutis, promovendo sa\u00fade mental e criando as bases para mudan\u00e7as positivas duradouras no seu dia a dia. T\u00e9cnicas como Ativa\u00e7\u00e3o da Rede Et\u00e9rica (ARE) e BodyTalk, juntamente com conceitos da f\u00edsica qu\u00e2ntica, s\u00e3o aplicadas para transformar comportamentos e, consequentemente, sua vida.\" \/>\n<meta property=\"og:url\" content=\"https:\/\/www.personare.com.br\/servicos\/produto\/terapia-dos-chakras\/\" \/>\n<meta property=\"og:site_name\" content=\"Personare Servi\u00e7os\" \/>\n<meta property=\"article:modified_time\" content=\"2026-03-13T14:00:37+00:00\" \/>\n<meta property=\"og:image\" content=\"https:\/\/d2t4cfkrxg4dhd.cloudfront.net\/app\/uploads\/2021\/06\/IMG_3436.jpeg\" \/>\n\t<meta property=\"og:image:width\" content=\"960\" \/>\n\t<meta property=\"og:image:height\" content=\"644\" \/>\n\t<meta property=\"og:image:type\" content=\"image\/jpeg\" \/>\n<meta name=\"twitter:card\" content=\"summary_large_image\" \/>\n<meta name=\"twitter:label1\" content=\"Est. tempo de leitura\" \/>\n\t<meta name=\"twitter:data1\" content=\"1 minuto\" \/>\n<script type=\"application\/ld+json\" class=\"yoast-schema-graph\">{\"@context\":\"https:\/\/schema.org\",\"@graph\":[{\"@type\":\"WebPage\",\"@id\":\"https:\/\/www.personare.com.br\/servicos\/produto\/terapia-dos-chakras\/\",\"url\":\"https:\/\/www.personare.com.br\/servicos\/produto\/terapia-dos-chakras\/\",\"name\":\"Terapia dos Chakras + Mentoria - Personare Servi\u00e7os\",\"isPartOf\":{\"@id\":\"https:\/\/www.personare.com.br\/servicos\/#website\"},\"datePublished\":\"2021-06-15T21:58:52+00:00\",\"dateModified\":\"2026-03-13T14:00:37+00:00\",\"breadcrumb\":{\"@id\":\"https:\/\/www.personare.com.br\/servicos\/produto\/terapia-dos-chakras\/#breadcrumb\"},\"inLanguage\":\"pt-BR\",\"potentialAction\":[{\"@type\":\"ReadAction\",\"target\":[\"https:\/\/www.personare.com.br\/servicos\/produto\/terapia-dos-chakras\/\"]}]},{\"@type\":\"BreadcrumbList\",\"@id\":\"https:\/\/www.personare.com.br\/servicos\/produto\/terapia-dos-chakras\/#breadcrumb\",\"itemListElement\":[{\"@type\":\"ListItem\",\"position\":1,\"name\":\"In\u00edcio\",\"item\":\"https:\/\/www.personare.com.br\/servicos\/\"},{\"@type\":\"ListItem\",\"position\":2,\"name\":\"Loja\",\"item\":\"https:\/\/www.personare.com.br\/servicos\/busca\/\"},{\"@type\":\"ListItem\",\"position\":3,\"name\":\"Terapia dos Chakras + Mentoria\"}]},{\"@type\":\"WebSite\",\"@id\":\"https:\/\/www.personare.com.br\/servicos\/#website\",\"url\":\"https:\/\/www.personare.com.br\/servicos\/\",\"name\":\"Personare Servi\u00e7os\",\"description\":\"Agende Consultas e Terapias Online no Personare\",\"publisher\":{\"@id\":\"https:\/\/www.personare.com.br\/servicos\/#organization\"},\"potentialAction\":[{\"@type\":\"SearchAction\",\"target\":{\"@type\":\"EntryPoint\",\"urlTemplate\":\"https:\/\/www.personare.com.br\/servicos\/?s={search_term_string}\"},\"query-input\":\"required name=search_term_string\"}],\"inLanguage\":\"pt-BR\"},{\"@type\":\"Organization\",\"@id\":\"https:\/\/www.personare.com.br\/servicos\/#organization\",\"name\":\"Personare\",\"url\":\"https:\/\/www.personare.com.br\/servicos\/\",\"sameAs\":[],\"logo\":{\"@type\":\"ImageObject\",\"inLanguage\":\"pt-BR\",\"@id\":\"https:\/\/www.personare.com.br\/servicos\/#\/schema\/logo\/image\/\",\"url\":\"https:\/\/d2t4cfkrxg4dhd.cloudfront.net\/app\/uploads\/2021\/04\/70295ca5d3b1be44570b5e6d0854fa942edb2ab6.png\",\"contentUrl\":\"https:\/\/d2t4cfkrxg4dhd.cloudfront.net\/app\/uploads\/2021\/04\/70295ca5d3b1be44570b5e6d0854fa942edb2ab6.png\",\"width\":650,\"height\":554,\"caption\":\"Personare\"},\"image\":{\"@id\":\"https:\/\/www.personare.com.br\/servicos\/#\/schema\/logo\/image\/\"}}]}<\/script>\n<!-- \/ Yoast SEO plugin. -->","yoast_head_json":{"title":"Terapia dos Chakras + Mentoria - Personare Servi\u00e7os","robots":{"index":"index","follow":"follow","max-snippet":"max-snippet:-1","max-image-preview":"max-image-preview:large","max-video-preview":"max-video-preview:-1"},"canonical":"https:\/\/www.personare.com.br\/servicos\/produto\/terapia-dos-chakras\/","og_locale":"pt_BR","og_type":"article","og_title":"Terapia dos Chakras + Mentoria - Personare Servi\u00e7os","og_description":"A Terapia dos Chakras, idealizada por Regina Restelli, \u00e9 uma ferramenta avan\u00e7ada de transforma\u00e7\u00e3o pessoal e profissional. Realizada por uma das terapeutas mais reconhecidas do Brasil, seu trabalho inovador de reequil\u00edbrio energ\u00e9tico, tem\u00a0 como objetivos:- Sa\u00fade mental e bem estar.- Fortificar a energia geral e acelerar a resolu\u00e7\u00e3o de processos emocionais profundos.- Promover um aprofundamento imediato sobre as quest\u00f5es que precisam ser transformadas em sua vida.Usando Radiestesia e o Campo Cristalino Metatronico, a terapia limpa, harmoniza seus Chakras e corpos sutis, promovendo sa\u00fade mental e criando as bases para mudan\u00e7as positivas duradouras no seu dia a dia. T\u00e9cnicas como Ativa\u00e7\u00e3o da Rede Et\u00e9rica (ARE) e BodyTalk, juntamente com conceitos da f\u00edsica qu\u00e2ntica, s\u00e3o aplicadas para transformar comportamentos e, consequentemente, sua vida.","og_url":"https:\/\/www.personare.com.br\/servicos\/produto\/terapia-dos-chakras\/","og_site_name":"Personare Servi\u00e7os","article_modified_time":"2026-03-13T14:00:37+00:00","og_image":[{"width":960,"height":644,"url":"https:\/\/d2t4cfkrxg4dhd.cloudfront.net\/app\/uploads\/2021\/06\/IMG_3436.jpeg","type":"image\/jpeg"}],"twitter_card":"summary_large_image","twitter_misc":{"Est. tempo de leitura":"1 minuto"},"schema":{"@context":"https:\/\/schema.org","@graph":[{"@type":"WebPage","@id":"https:\/\/www.personare.com.br\/servicos\/produto\/terapia-dos-chakras\/","url":"https:\/\/www.personare.com.br\/servicos\/produto\/terapia-dos-chakras\/","name":"Terapia dos Chakras + Mentoria - Personare Servi\u00e7os","isPartOf":{"@id":"https:\/\/www.personare.com.br\/servicos\/#website"},"datePublished":"2021-06-15T21:58:52+00:00","dateModified":"2026-03-13T14:00:37+00:00","breadcrumb":{"@id":"https:\/\/www.personare.com.br\/servicos\/produto\/terapia-dos-chakras\/#breadcrumb"},"inLanguage":"pt-BR","potentialAction":[{"@type":"ReadAction","target":["https:\/\/www.personare.com.br\/servicos\/produto\/terapia-dos-chakras\/"]}]},{"@type":"BreadcrumbList","@id":"https:\/\/www.personare.com.br\/servicos\/produto\/terapia-dos-chakras\/#breadcrumb","itemListElement":[{"@type":"ListItem","position":1,"name":"In\u00edcio","item":"https:\/\/www.personare.com.br\/servicos\/"},{"@type":"ListItem","position":2,"name":"Loja","item":"https:\/\/www.personare.com.br\/servicos\/busca\/"},{"@type":"ListItem","position":3,"name":"Terapia dos Chakras + Mentoria"}]},{"@type":"WebSite","@id":"https:\/\/www.personare.com.br\/servicos\/#website","url":"https:\/\/www.personare.com.br\/servicos\/","name":"Personare Servi\u00e7os","description":"Agende Consultas e Terapias Online no Personare","publisher":{"@id":"https:\/\/www.personare.com.br\/servicos\/#organization"},"potentialAction":[{"@type":"SearchAction","target":{"@type":"EntryPoint","urlTemplate":"https:\/\/www.personare.com.br\/servicos\/?s={search_term_string}"},"query-input":"required name=search_term_string"}],"inLanguage":"pt-BR"},{"@type":"Organization","@id":"https:\/\/www.personare.com.br\/servicos\/#organization","name":"Personare","url":"https:\/\/www.personare.com.br\/servicos\/","sameAs":[],"logo":{"@type":"ImageObject","inLanguage":"pt-BR","@id":"https:\/\/www.personare.com.br\/servicos\/#\/schema\/logo\/image\/","url":"https:\/\/d2t4cfkrxg4dhd.cloudfront.net\/app\/uploads\/2021\/04\/70295ca5d3b1be44570b5e6d0854fa942edb2ab6.png","contentUrl":"https:\/\/d2t4cfkrxg4dhd.cloudfront.net\/app\/uploads\/2021\/04\/70295ca5d3b1be44570b5e6d0854fa942edb2ab6.png","width":650,"height":554,"caption":"Personare"},"image":{"@id":"https:\/\/www.personare.com.br\/servicos\/#\/schema\/logo\/image\/"}}]}},"_links":{"self":[{"href":"https:\/\/www.personare.com.br\/servicos\/wp-json\/wp\/v2\/product\/436"}],"collection":[{"href":"https:\/\/www.personare.com.br\/servicos\/wp-json\/wp\/v2\/product"}],"about":[{"href":"https:\/\/www.personare.com.br\/servicos\/wp-json\/wp\/v2\/types\/product"}],"replies":[{"embeddable":true,"href":"https:\/\/www.personare.com.br\/servicos\/wp-json\/wp\/v2\/comments?post=436"}],"version-history":[{"count":15,"href":"https:\/\/www.personare.com.br\/servicos\/wp-json\/wp\/v2\/product\/436\/revisions"}],"predecessor-version":[{"id":24934,"href":"https:\/\/www.personare.com.br\/servicos\/wp-json\/wp\/v2\/product\/436\/revisions\/24934"}],"wp:featuredmedia":[{"embeddable":true,"href":"https:\/\/www.personare.com.br\/servicos\/wp-json\/wp\/v2\/media\/24400"}],"wp:attachment":[{"href":"https:\/\/www.personare.com.br\/servicos\/wp-json\/wp\/v2\/media?parent=436"}],"wp:term":[{"taxonomy":"product_brand","embeddable":true,"href":"https:\/\/www.personare.com.br\/servicos\/wp-json\/wp\/v2\/product_brand?post=436"},{"taxonomy":"product_cat","embeddable":true,"href":"https:\/\/www.personare.com.br\/servicos\/wp-json\/wp\/v2\/product_cat?post=436"},{"taxonomy":"product_tag","embeddable":true,"href":"https:\/\/www.personare.com.br\/servicos\/wp-json\/wp\/v2\/product_tag?post=436"},{"taxonomy":"areas-da-vida","embeddable":true,"href":"https:\/\/www.personare.com.br\/servicos\/wp-json\/wp\/v2\/areas-da-vida?post=436"},{"taxonomy":"estudos-e-terapias","embeddable":true,"href":"https:\/\/www.personare.com.br\/servicos\/wp-json\/wp\/v2\/estudos-e-terapias?post=436"},{"taxonomy":"dores-e-objetivos","embeddable":true,"href":"https:\/\/www.personare.com.br\/servicos\/wp-json\/wp\/v2\/dores-e-objetivos?post=436"}],"curies":[{"name":"wp","href":"https:\/\/api.w.org\/{rel}","templated":true}]}}