{"id":429,"date":"2021-06-22T14:23:10","date_gmt":"2021-06-22T17:23:10","guid":{"rendered":"https:\/\/www.personare.com.br\/servicos\/?post_type=product&#038;p=429"},"modified":"2026-02-12T12:23:34","modified_gmt":"2026-02-12T15:23:34","slug":"consulta-para-harmonizacao-energetica-e-liberacao-de-crencas","status":"publish","type":"product","link":"https:\/\/www.personare.com.br\/servicos\/produto\/consulta-para-harmonizacao-energetica-e-liberacao-de-crencas\/","title":{"rendered":"Terapia dos Chakras &#8211; Limpeza energ\u00e9tica e expans\u00e3o do bem estar."},"content":{"rendered":"<p>Serve para as pessoas que est\u00e3o passando por todas as esp\u00e9cies de dificuldades recorrentes. De 16 anos em diante ou crian\u00e7as que podem ser tratadas atrav\u00e9s de seus pais;<br \/>Para quem esta procurando uma melhor sa\u00fade f\u00edsica, emocional e mental em harmonia;<br \/>Para os que apenas desejam fazer uma limpeza energ\u00e9tica, pois sentem que deve haver algo pesado ou ruim em seu dia a dia;<br \/>Para os que sentem necessidade de harmonizar e mudar padr\u00f5es e cren\u00e7as limitantes que impedem suas realiza\u00e7\u00f5es pessoais;<br \/>Para os que est\u00e3o buscando: autoestima, amor pr\u00f3prio, cuidar de quest\u00f5es na vida amorosa e nos relacionamentos em geral, carreira profissional, traumas ou situa\u00e7\u00f5es de crise desafiadoras;<br \/>Para os que est\u00e3o procurando evoluir na jornada do autoconhecimento ou que desejam aprender a manter seus chakras em equil\u00edbrio;<br \/>Para os que j\u00e1 sabem que nosso campo energ\u00e9tico e f\u00edsico tem a mem\u00f3ria de tudo que est\u00e1 em nossos pensamentos e sentimentos. E que baseado nestas mem\u00f3rias \u00e9 que materializamos nosso dia a dia. Mas n\u00e3o sabem como fazer diferente;<br \/>Para quem deseja um novo padr\u00e3o positivo de consci\u00eancia segura e coerente, para assim seguir na vida cocriando em harmonia.<\/p>\n","protected":false},"excerpt":{"rendered":"<p>A Terapia dos Chakras tem como objetivo sa\u00fade mental e bem estar. A fortifica\u00e7\u00e3o da energia geral, o aprofundamento sobre as quest\u00f5es pessoais a serem transformadas a Terapia dos Chakras \u00e9 principalmente aceleradora da resolu\u00e7\u00e3o dos processos emocionais profundos.<\/p>\n<p>Entenda quais\u00a0h\u00e1bitos negativos, al\u00e9m de\u00a0padr\u00f5es repetitivos\u00a0em sua vida, podem estar funcionando como \u201cpano de fundo\u201d do seu momento, dificultando suas conquistas.\u00a0<\/p>\n<p>O presente que acelera seus resultados:<br \/>Ao agendar a Terapia dos Chakras, voc\u00ea recebe gratuitamente 30 minutos de uma mentoria focada em organiza\u00e7\u00e3o e programa\u00e7\u00e3o pessoal, baseada nos mais recentes estudos de Epigen\u00e9tica.<\/p>\n","protected":false},"featured_media":24396,"comment_status":"open","ping_status":"closed","template":"","meta":{"_acf_changed":false,"footnotes":""},"product_brand":[],"product_cat":[52],"product_tag":[],"areas-da-vida":[163,168],"estudos-e-terapias":[205,204,148,155],"dores-e-objetivos":[82,90,92,94,95,96,105],"acf":[],"yoast_head":"<!-- This site is optimized with the Yoast SEO plugin v19.6.1 - https:\/\/yoast.com\/wordpress\/plugins\/seo\/ -->\n<title>Terapia dos Chakras - Limpeza energ\u00e9tica e expans\u00e3o do bem estar. - Personare Servi\u00e7os<\/title>\n<meta name=\"description\" content=\"Agende uma consulta online com uma das terapeutas mais reconhecidas no Brasil por seu inovador trabalho de reequil\u00edbrio energ\u00e9tico.\" \/>\n<meta name=\"robots\" content=\"index, follow, max-snippet:-1, max-image-preview:large, max-video-preview:-1\" \/>\n<link rel=\"canonical\" href=\"https:\/\/www.personare.com.br\/servicos\/produto\/consulta-para-harmonizacao-energetica-e-liberacao-de-crencas\/\" \/>\n<meta property=\"og:locale\" content=\"pt_BR\" \/>\n<meta property=\"og:type\" content=\"article\" \/>\n<meta property=\"og:title\" content=\"Terapia dos Chakras - Limpeza energ\u00e9tica e expans\u00e3o do bem estar. - Personare Servi\u00e7os\" \/>\n<meta property=\"og:description\" content=\"Agende uma consulta online com uma das terapeutas mais reconhecidas no Brasil por seu inovador trabalho de reequil\u00edbrio energ\u00e9tico.\" \/>\n<meta property=\"og:url\" content=\"https:\/\/www.personare.com.br\/servicos\/produto\/consulta-para-harmonizacao-energetica-e-liberacao-de-crencas\/\" \/>\n<meta property=\"og:site_name\" content=\"Personare Servi\u00e7os\" \/>\n<meta property=\"article:modified_time\" content=\"2026-02-12T15:23:34+00:00\" \/>\n<meta property=\"og:image\" content=\"https:\/\/d2t4cfkrxg4dhd.cloudfront.net\/app\/uploads\/2026\/01\/ac2e1e05-69ef-4650-975c-295fc24713e3.jpg\" \/>\n\t<meta property=\"og:image:width\" content=\"1280\" \/>\n\t<meta property=\"og:image:height\" content=\"853\" \/>\n\t<meta property=\"og:image:type\" content=\"image\/jpeg\" \/>\n<meta name=\"twitter:card\" content=\"summary_large_image\" \/>\n<meta name=\"twitter:label1\" content=\"Est. tempo de leitura\" \/>\n\t<meta name=\"twitter:data1\" content=\"1 minuto\" \/>\n<script type=\"application\/ld+json\" class=\"yoast-schema-graph\">{\"@context\":\"https:\/\/schema.org\",\"@graph\":[{\"@type\":\"WebPage\",\"@id\":\"https:\/\/www.personare.com.br\/servicos\/produto\/consulta-para-harmonizacao-energetica-e-liberacao-de-crencas\/\",\"url\":\"https:\/\/www.personare.com.br\/servicos\/produto\/consulta-para-harmonizacao-energetica-e-liberacao-de-crencas\/\",\"name\":\"Terapia dos Chakras - Limpeza energ\u00e9tica e expans\u00e3o do bem estar. - Personare Servi\u00e7os\",\"isPartOf\":{\"@id\":\"https:\/\/www.personare.com.br\/servicos\/#website\"},\"datePublished\":\"2021-06-22T17:23:10+00:00\",\"dateModified\":\"2026-02-12T15:23:34+00:00\",\"description\":\"Agende uma consulta online com uma das terapeutas mais reconhecidas no Brasil por seu inovador trabalho de reequil\u00edbrio energ\u00e9tico.\",\"breadcrumb\":{\"@id\":\"https:\/\/www.personare.com.br\/servicos\/produto\/consulta-para-harmonizacao-energetica-e-liberacao-de-crencas\/#breadcrumb\"},\"inLanguage\":\"pt-BR\",\"potentialAction\":[{\"@type\":\"ReadAction\",\"target\":[\"https:\/\/www.personare.com.br\/servicos\/produto\/consulta-para-harmonizacao-energetica-e-liberacao-de-crencas\/\"]}]},{\"@type\":\"BreadcrumbList\",\"@id\":\"https:\/\/www.personare.com.br\/servicos\/produto\/consulta-para-harmonizacao-energetica-e-liberacao-de-crencas\/#breadcrumb\",\"itemListElement\":[{\"@type\":\"ListItem\",\"position\":1,\"name\":\"In\u00edcio\",\"item\":\"https:\/\/www.personare.com.br\/servicos\/\"},{\"@type\":\"ListItem\",\"position\":2,\"name\":\"Loja\",\"item\":\"https:\/\/www.personare.com.br\/servicos\/busca\/\"},{\"@type\":\"ListItem\",\"position\":3,\"name\":\"Terapia dos Chakras &#8211; Limpeza energ\u00e9tica e expans\u00e3o do bem estar.\"}]},{\"@type\":\"WebSite\",\"@id\":\"https:\/\/www.personare.com.br\/servicos\/#website\",\"url\":\"https:\/\/www.personare.com.br\/servicos\/\",\"name\":\"Personare Servi\u00e7os\",\"description\":\"Agende Consultas e Terapias Online no Personare\",\"publisher\":{\"@id\":\"https:\/\/www.personare.com.br\/servicos\/#organization\"},\"potentialAction\":[{\"@type\":\"SearchAction\",\"target\":{\"@type\":\"EntryPoint\",\"urlTemplate\":\"https:\/\/www.personare.com.br\/servicos\/?s={search_term_string}\"},\"query-input\":\"required name=search_term_string\"}],\"inLanguage\":\"pt-BR\"},{\"@type\":\"Organization\",\"@id\":\"https:\/\/www.personare.com.br\/servicos\/#organization\",\"name\":\"Personare\",\"url\":\"https:\/\/www.personare.com.br\/servicos\/\",\"sameAs\":[],\"logo\":{\"@type\":\"ImageObject\",\"inLanguage\":\"pt-BR\",\"@id\":\"https:\/\/www.personare.com.br\/servicos\/#\/schema\/logo\/image\/\",\"url\":\"https:\/\/d2t4cfkrxg4dhd.cloudfront.net\/app\/uploads\/2021\/04\/70295ca5d3b1be44570b5e6d0854fa942edb2ab6.png\",\"contentUrl\":\"https:\/\/d2t4cfkrxg4dhd.cloudfront.net\/app\/uploads\/2021\/04\/70295ca5d3b1be44570b5e6d0854fa942edb2ab6.png\",\"width\":650,\"height\":554,\"caption\":\"Personare\"},\"image\":{\"@id\":\"https:\/\/www.personare.com.br\/servicos\/#\/schema\/logo\/image\/\"}}]}<\/script>\n<!-- \/ Yoast SEO plugin. -->","yoast_head_json":{"title":"Terapia dos Chakras - Limpeza energ\u00e9tica e expans\u00e3o do bem estar. - Personare Servi\u00e7os","description":"Agende uma consulta online com uma das terapeutas mais reconhecidas no Brasil por seu inovador trabalho de reequil\u00edbrio energ\u00e9tico.","robots":{"index":"index","follow":"follow","max-snippet":"max-snippet:-1","max-image-preview":"max-image-preview:large","max-video-preview":"max-video-preview:-1"},"canonical":"https:\/\/www.personare.com.br\/servicos\/produto\/consulta-para-harmonizacao-energetica-e-liberacao-de-crencas\/","og_locale":"pt_BR","og_type":"article","og_title":"Terapia dos Chakras - Limpeza energ\u00e9tica e expans\u00e3o do bem estar. - Personare Servi\u00e7os","og_description":"Agende uma consulta online com uma das terapeutas mais reconhecidas no Brasil por seu inovador trabalho de reequil\u00edbrio energ\u00e9tico.","og_url":"https:\/\/www.personare.com.br\/servicos\/produto\/consulta-para-harmonizacao-energetica-e-liberacao-de-crencas\/","og_site_name":"Personare Servi\u00e7os","article_modified_time":"2026-02-12T15:23:34+00:00","og_image":[{"width":1280,"height":853,"url":"https:\/\/d2t4cfkrxg4dhd.cloudfront.net\/app\/uploads\/2026\/01\/ac2e1e05-69ef-4650-975c-295fc24713e3.jpg","type":"image\/jpeg"}],"twitter_card":"summary_large_image","twitter_misc":{"Est. tempo de leitura":"1 minuto"},"schema":{"@context":"https:\/\/schema.org","@graph":[{"@type":"WebPage","@id":"https:\/\/www.personare.com.br\/servicos\/produto\/consulta-para-harmonizacao-energetica-e-liberacao-de-crencas\/","url":"https:\/\/www.personare.com.br\/servicos\/produto\/consulta-para-harmonizacao-energetica-e-liberacao-de-crencas\/","name":"Terapia dos Chakras - Limpeza energ\u00e9tica e expans\u00e3o do bem estar. - Personare Servi\u00e7os","isPartOf":{"@id":"https:\/\/www.personare.com.br\/servicos\/#website"},"datePublished":"2021-06-22T17:23:10+00:00","dateModified":"2026-02-12T15:23:34+00:00","description":"Agende uma consulta online com uma das terapeutas mais reconhecidas no Brasil por seu inovador trabalho de reequil\u00edbrio energ\u00e9tico.","breadcrumb":{"@id":"https:\/\/www.personare.com.br\/servicos\/produto\/consulta-para-harmonizacao-energetica-e-liberacao-de-crencas\/#breadcrumb"},"inLanguage":"pt-BR","potentialAction":[{"@type":"ReadAction","target":["https:\/\/www.personare.com.br\/servicos\/produto\/consulta-para-harmonizacao-energetica-e-liberacao-de-crencas\/"]}]},{"@type":"BreadcrumbList","@id":"https:\/\/www.personare.com.br\/servicos\/produto\/consulta-para-harmonizacao-energetica-e-liberacao-de-crencas\/#breadcrumb","itemListElement":[{"@type":"ListItem","position":1,"name":"In\u00edcio","item":"https:\/\/www.personare.com.br\/servicos\/"},{"@type":"ListItem","position":2,"name":"Loja","item":"https:\/\/www.personare.com.br\/servicos\/busca\/"},{"@type":"ListItem","position":3,"name":"Terapia dos Chakras &#8211; Limpeza energ\u00e9tica e expans\u00e3o do bem estar."}]},{"@type":"WebSite","@id":"https:\/\/www.personare.com.br\/servicos\/#website","url":"https:\/\/www.personare.com.br\/servicos\/","name":"Personare Servi\u00e7os","description":"Agende Consultas e Terapias Online no Personare","publisher":{"@id":"https:\/\/www.personare.com.br\/servicos\/#organization"},"potentialAction":[{"@type":"SearchAction","target":{"@type":"EntryPoint","urlTemplate":"https:\/\/www.personare.com.br\/servicos\/?s={search_term_string}"},"query-input":"required name=search_term_string"}],"inLanguage":"pt-BR"},{"@type":"Organization","@id":"https:\/\/www.personare.com.br\/servicos\/#organization","name":"Personare","url":"https:\/\/www.personare.com.br\/servicos\/","sameAs":[],"logo":{"@type":"ImageObject","inLanguage":"pt-BR","@id":"https:\/\/www.personare.com.br\/servicos\/#\/schema\/logo\/image\/","url":"https:\/\/d2t4cfkrxg4dhd.cloudfront.net\/app\/uploads\/2021\/04\/70295ca5d3b1be44570b5e6d0854fa942edb2ab6.png","contentUrl":"https:\/\/d2t4cfkrxg4dhd.cloudfront.net\/app\/uploads\/2021\/04\/70295ca5d3b1be44570b5e6d0854fa942edb2ab6.png","width":650,"height":554,"caption":"Personare"},"image":{"@id":"https:\/\/www.personare.com.br\/servicos\/#\/schema\/logo\/image\/"}}]}},"_links":{"self":[{"href":"https:\/\/www.personare.com.br\/servicos\/wp-json\/wp\/v2\/product\/429"}],"collection":[{"href":"https:\/\/www.personare.com.br\/servicos\/wp-json\/wp\/v2\/product"}],"about":[{"href":"https:\/\/www.personare.com.br\/servicos\/wp-json\/wp\/v2\/types\/product"}],"replies":[{"embeddable":true,"href":"https:\/\/www.personare.com.br\/servicos\/wp-json\/wp\/v2\/comments?post=429"}],"version-history":[{"count":22,"href":"https:\/\/www.personare.com.br\/servicos\/wp-json\/wp\/v2\/product\/429\/revisions"}],"predecessor-version":[{"id":24451,"href":"https:\/\/www.personare.com.br\/servicos\/wp-json\/wp\/v2\/product\/429\/revisions\/24451"}],"wp:featuredmedia":[{"embeddable":true,"href":"https:\/\/www.personare.com.br\/servicos\/wp-json\/wp\/v2\/media\/24396"}],"wp:attachment":[{"href":"https:\/\/www.personare.com.br\/servicos\/wp-json\/wp\/v2\/media?parent=429"}],"wp:term":[{"taxonomy":"product_brand","embeddable":true,"href":"https:\/\/www.personare.com.br\/servicos\/wp-json\/wp\/v2\/product_brand?post=429"},{"taxonomy":"product_cat","embeddable":true,"href":"https:\/\/www.personare.com.br\/servicos\/wp-json\/wp\/v2\/product_cat?post=429"},{"taxonomy":"product_tag","embeddable":true,"href":"https:\/\/www.personare.com.br\/servicos\/wp-json\/wp\/v2\/product_tag?post=429"},{"taxonomy":"areas-da-vida","embeddable":true,"href":"https:\/\/www.personare.com.br\/servicos\/wp-json\/wp\/v2\/areas-da-vida?post=429"},{"taxonomy":"estudos-e-terapias","embeddable":true,"href":"https:\/\/www.personare.com.br\/servicos\/wp-json\/wp\/v2\/estudos-e-terapias?post=429"},{"taxonomy":"dores-e-objetivos","embeddable":true,"href":"https:\/\/www.personare.com.br\/servicos\/wp-json\/wp\/v2\/dores-e-objetivos?post=429"}],"curies":[{"name":"wp","href":"https:\/\/api.w.org\/{rel}","templated":true}]}}