{"id":426,"date":"2021-06-26T09:53:53","date_gmt":"2021-06-26T12:53:53","guid":{"rendered":"https:\/\/www.personare.com.br\/servicos\/?post_type=product&#038;p=426"},"modified":"2024-08-22T12:10:28","modified_gmt":"2024-08-22T15:10:28","slug":"harmonize-os-conflitos-da-gestacao-com-a-psicoembriologia","status":"publish","type":"product","link":"https:\/\/www.personare.com.br\/servicos\/produto\/harmonize-os-conflitos-da-gestacao-com-a-psicoembriologia\/","title":{"rendered":"Harmonize conflitos da gesta\u00e7\u00e3o com a Psicoembriologia"},"content":{"rendered":"<p>Mulheres ou casais que querem engravidar e que desejam se preparar antecipadamente;<\/p>\n<p>Gestantes que possuem inseguran\u00e7as ou resist\u00eancias em rela\u00e7\u00e3o a gravidez;<\/p>\n<p>Gestantes com hist\u00f3rico familiar de doen\u00e7as ou que j\u00e1 identificaram repeti\u00e7\u00f5es de padr\u00f5es e problemas familiares e querem prevenir que continuem se repetindo;<\/p>\n<p>Gestantes que t\u00eam medos, traumas ou hist\u00f3rico de gesta\u00e7\u00f5es ou partos dif\u00edceis em seu hist\u00f3rico de vida ou familiar.<\/p>\n","protected":false},"excerpt":{"rendered":"<p>A maternidade e o parto n\u00e3o precisam estar associados a inseguran\u00e7as. Com o aux\u00edlio da <strong>Psicoembriologia<\/strong>, gestantes, tentantes e casais podem percorrer as fases da gravidez com mais leveza e menos medo.<\/p>\n<p>Agende uma entrevista com a psicoembri\u00f3loga e terapeuta Monalihsa C\u00e1vallaro, fale dos seus anseios e d\u00favidas e entenda como um acompanhamento online exclusivo pode promover <strong>bem-estar emocional desde a pr\u00e9-concep\u00e7\u00e3o at\u00e9 o p\u00f3s-parto.<\/strong><\/p>\n<p>Tudo o que \u00e9 vivenciado durante a gesta\u00e7\u00e3o contribui para a forma\u00e7\u00e3o de registros na psique do feto. As t\u00e9cnicas da Gesta\u00e7\u00e3o Psicoassistida (Psicoembriologia) atuam como um filtro ps\u00edquico na preven\u00e7\u00e3o de tais influ\u00eancias e ajudam a trazer mais consci\u00eancia durante esse per\u00edodo de imensa import\u00e2ncia na forma\u00e7\u00e3o dos filhos. O acompanhamento pode ser feito apenas pela gestante ou o casal pode mergulhar junto no processo, <strong>criando desde o in\u00edcio um v\u00ednculo com o beb\u00ea.<br \/><\/strong><br \/>Abaixo voc\u00ea encontra mais detalhes sobre como agendar essa consulta em formato de entrevista, criada exclusivamente para gestantes, tentantes e casais interessados em entender os benef\u00edcios da Psicoembriologia. Fa\u00e7a um atendimento introdut\u00f3rio para conhecer a especialista, sentir a conex\u00e3o com ela e tirar suas d\u00favidas sobre o acompanhamento.<\/p>\n","protected":false},"featured_media":12008,"comment_status":"open","ping_status":"closed","template":"","meta":{"_acf_changed":false,"footnotes":""},"product_brand":[],"product_cat":[52],"product_tag":[],"areas-da-vida":[163,169],"estudos-e-terapias":[145,147],"dores-e-objetivos":[99,103,104],"acf":[],"yoast_head":"<!-- This site is optimized with the Yoast SEO plugin v19.6.1 - https:\/\/yoast.com\/wordpress\/plugins\/seo\/ -->\n<title>Harmonize conflitos da gesta\u00e7\u00e3o com a Psicoembriologia - Personare Servi\u00e7os<\/title>\n<meta name=\"robots\" content=\"index, follow, max-snippet:-1, max-image-preview:large, max-video-preview:-1\" \/>\n<link rel=\"canonical\" href=\"https:\/\/www.personare.com.br\/servicos\/produto\/harmonize-os-conflitos-da-gestacao-com-a-psicoembriologia\/\" \/>\n<meta property=\"og:locale\" content=\"pt_BR\" \/>\n<meta property=\"og:type\" content=\"article\" \/>\n<meta property=\"og:title\" content=\"Harmonize conflitos da gesta\u00e7\u00e3o com a Psicoembriologia - Personare Servi\u00e7os\" \/>\n<meta property=\"og:description\" content=\"A maternidade e o parto n\u00e3o precisam estar associados a inseguran\u00e7as. Com o aux\u00edlio da Psicoembriologia, gestantes, tentantes e casais podem percorrer as fases da gravidez com mais leveza e menos medo.Agende uma entrevista com a psicoembri\u00f3loga e terapeuta Monalihsa C\u00e1vallaro, fale dos seus anseios e d\u00favidas e entenda como um acompanhamento online exclusivo pode promover bem-estar emocional desde a pr\u00e9-concep\u00e7\u00e3o at\u00e9 o p\u00f3s-parto.Tudo o que \u00e9 vivenciado durante a gesta\u00e7\u00e3o contribui para a forma\u00e7\u00e3o de registros na psique do feto. As t\u00e9cnicas da Gesta\u00e7\u00e3o Psicoassistida (Psicoembriologia) atuam como um filtro ps\u00edquico na preven\u00e7\u00e3o de tais influ\u00eancias e ajudam a trazer mais consci\u00eancia durante esse per\u00edodo de imensa import\u00e2ncia na forma\u00e7\u00e3o dos filhos. O acompanhamento pode ser feito apenas pela gestante ou o casal pode mergulhar junto no processo, criando desde o in\u00edcio um v\u00ednculo com o beb\u00ea.Abaixo voc\u00ea encontra mais detalhes sobre como agendar essa consulta em formato de entrevista, criada exclusivamente para gestantes, tentantes e casais interessados em entender os benef\u00edcios da Psicoembriologia. Fa\u00e7a um atendimento introdut\u00f3rio para conhecer a especialista, sentir a conex\u00e3o com ela e tirar suas d\u00favidas sobre o acompanhamento.\" \/>\n<meta property=\"og:url\" content=\"https:\/\/www.personare.com.br\/servicos\/produto\/harmonize-os-conflitos-da-gestacao-com-a-psicoembriologia\/\" \/>\n<meta property=\"og:site_name\" content=\"Personare Servi\u00e7os\" \/>\n<meta property=\"article:modified_time\" content=\"2024-08-22T15:10:28+00:00\" \/>\n<meta name=\"twitter:card\" content=\"summary_large_image\" \/>\n<meta name=\"twitter:image\" content=\"https:\/\/d2t4cfkrxg4dhd.cloudfront.net\/app\/uploads\/2021\/04\/foto-149-scaled-e1625536830503.jpg\" \/>\n<script type=\"application\/ld+json\" class=\"yoast-schema-graph\">{\"@context\":\"https:\/\/schema.org\",\"@graph\":[{\"@type\":\"WebPage\",\"@id\":\"https:\/\/www.personare.com.br\/servicos\/produto\/harmonize-os-conflitos-da-gestacao-com-a-psicoembriologia\/\",\"url\":\"https:\/\/www.personare.com.br\/servicos\/produto\/harmonize-os-conflitos-da-gestacao-com-a-psicoembriologia\/\",\"name\":\"Harmonize conflitos da gesta\u00e7\u00e3o com a Psicoembriologia - Personare Servi\u00e7os\",\"isPartOf\":{\"@id\":\"https:\/\/www.personare.com.br\/servicos\/#website\"},\"datePublished\":\"2021-06-26T12:53:53+00:00\",\"dateModified\":\"2024-08-22T15:10:28+00:00\",\"breadcrumb\":{\"@id\":\"https:\/\/www.personare.com.br\/servicos\/produto\/harmonize-os-conflitos-da-gestacao-com-a-psicoembriologia\/#breadcrumb\"},\"inLanguage\":\"pt-BR\",\"potentialAction\":[{\"@type\":\"ReadAction\",\"target\":[\"https:\/\/www.personare.com.br\/servicos\/produto\/harmonize-os-conflitos-da-gestacao-com-a-psicoembriologia\/\"]}]},{\"@type\":\"BreadcrumbList\",\"@id\":\"https:\/\/www.personare.com.br\/servicos\/produto\/harmonize-os-conflitos-da-gestacao-com-a-psicoembriologia\/#breadcrumb\",\"itemListElement\":[{\"@type\":\"ListItem\",\"position\":1,\"name\":\"In\u00edcio\",\"item\":\"https:\/\/www.personare.com.br\/servicos\/\"},{\"@type\":\"ListItem\",\"position\":2,\"name\":\"Loja\",\"item\":\"https:\/\/www.personare.com.br\/servicos\/busca\/\"},{\"@type\":\"ListItem\",\"position\":3,\"name\":\"Harmonize conflitos da gesta\u00e7\u00e3o com a Psicoembriologia\"}]},{\"@type\":\"WebSite\",\"@id\":\"https:\/\/www.personare.com.br\/servicos\/#website\",\"url\":\"https:\/\/www.personare.com.br\/servicos\/\",\"name\":\"Personare Servi\u00e7os\",\"description\":\"Agende Consultas e Terapias Online no Personare\",\"publisher\":{\"@id\":\"https:\/\/www.personare.com.br\/servicos\/#organization\"},\"potentialAction\":[{\"@type\":\"SearchAction\",\"target\":{\"@type\":\"EntryPoint\",\"urlTemplate\":\"https:\/\/www.personare.com.br\/servicos\/?s={search_term_string}\"},\"query-input\":\"required name=search_term_string\"}],\"inLanguage\":\"pt-BR\"},{\"@type\":\"Organization\",\"@id\":\"https:\/\/www.personare.com.br\/servicos\/#organization\",\"name\":\"Personare\",\"url\":\"https:\/\/www.personare.com.br\/servicos\/\",\"sameAs\":[],\"logo\":{\"@type\":\"ImageObject\",\"inLanguage\":\"pt-BR\",\"@id\":\"https:\/\/www.personare.com.br\/servicos\/#\/schema\/logo\/image\/\",\"url\":\"https:\/\/d2t4cfkrxg4dhd.cloudfront.net\/app\/uploads\/2021\/04\/70295ca5d3b1be44570b5e6d0854fa942edb2ab6.png\",\"contentUrl\":\"https:\/\/d2t4cfkrxg4dhd.cloudfront.net\/app\/uploads\/2021\/04\/70295ca5d3b1be44570b5e6d0854fa942edb2ab6.png\",\"width\":650,\"height\":554,\"caption\":\"Personare\"},\"image\":{\"@id\":\"https:\/\/www.personare.com.br\/servicos\/#\/schema\/logo\/image\/\"}}]}<\/script>\n<!-- \/ Yoast SEO plugin. -->","yoast_head_json":{"title":"Harmonize conflitos da gesta\u00e7\u00e3o com a Psicoembriologia - Personare Servi\u00e7os","robots":{"index":"index","follow":"follow","max-snippet":"max-snippet:-1","max-image-preview":"max-image-preview:large","max-video-preview":"max-video-preview:-1"},"canonical":"https:\/\/www.personare.com.br\/servicos\/produto\/harmonize-os-conflitos-da-gestacao-com-a-psicoembriologia\/","og_locale":"pt_BR","og_type":"article","og_title":"Harmonize conflitos da gesta\u00e7\u00e3o com a Psicoembriologia - Personare Servi\u00e7os","og_description":"A maternidade e o parto n\u00e3o precisam estar associados a inseguran\u00e7as. Com o aux\u00edlio da Psicoembriologia, gestantes, tentantes e casais podem percorrer as fases da gravidez com mais leveza e menos medo.Agende uma entrevista com a psicoembri\u00f3loga e terapeuta Monalihsa C\u00e1vallaro, fale dos seus anseios e d\u00favidas e entenda como um acompanhamento online exclusivo pode promover bem-estar emocional desde a pr\u00e9-concep\u00e7\u00e3o at\u00e9 o p\u00f3s-parto.Tudo o que \u00e9 vivenciado durante a gesta\u00e7\u00e3o contribui para a forma\u00e7\u00e3o de registros na psique do feto. As t\u00e9cnicas da Gesta\u00e7\u00e3o Psicoassistida (Psicoembriologia) atuam como um filtro ps\u00edquico na preven\u00e7\u00e3o de tais influ\u00eancias e ajudam a trazer mais consci\u00eancia durante esse per\u00edodo de imensa import\u00e2ncia na forma\u00e7\u00e3o dos filhos. O acompanhamento pode ser feito apenas pela gestante ou o casal pode mergulhar junto no processo, criando desde o in\u00edcio um v\u00ednculo com o beb\u00ea.Abaixo voc\u00ea encontra mais detalhes sobre como agendar essa consulta em formato de entrevista, criada exclusivamente para gestantes, tentantes e casais interessados em entender os benef\u00edcios da Psicoembriologia. Fa\u00e7a um atendimento introdut\u00f3rio para conhecer a especialista, sentir a conex\u00e3o com ela e tirar suas d\u00favidas sobre o acompanhamento.","og_url":"https:\/\/www.personare.com.br\/servicos\/produto\/harmonize-os-conflitos-da-gestacao-com-a-psicoembriologia\/","og_site_name":"Personare Servi\u00e7os","article_modified_time":"2024-08-22T15:10:28+00:00","twitter_card":"summary_large_image","twitter_image":"https:\/\/d2t4cfkrxg4dhd.cloudfront.net\/app\/uploads\/2021\/04\/foto-149-scaled-e1625536830503.jpg","schema":{"@context":"https:\/\/schema.org","@graph":[{"@type":"WebPage","@id":"https:\/\/www.personare.com.br\/servicos\/produto\/harmonize-os-conflitos-da-gestacao-com-a-psicoembriologia\/","url":"https:\/\/www.personare.com.br\/servicos\/produto\/harmonize-os-conflitos-da-gestacao-com-a-psicoembriologia\/","name":"Harmonize conflitos da gesta\u00e7\u00e3o com a Psicoembriologia - Personare Servi\u00e7os","isPartOf":{"@id":"https:\/\/www.personare.com.br\/servicos\/#website"},"datePublished":"2021-06-26T12:53:53+00:00","dateModified":"2024-08-22T15:10:28+00:00","breadcrumb":{"@id":"https:\/\/www.personare.com.br\/servicos\/produto\/harmonize-os-conflitos-da-gestacao-com-a-psicoembriologia\/#breadcrumb"},"inLanguage":"pt-BR","potentialAction":[{"@type":"ReadAction","target":["https:\/\/www.personare.com.br\/servicos\/produto\/harmonize-os-conflitos-da-gestacao-com-a-psicoembriologia\/"]}]},{"@type":"BreadcrumbList","@id":"https:\/\/www.personare.com.br\/servicos\/produto\/harmonize-os-conflitos-da-gestacao-com-a-psicoembriologia\/#breadcrumb","itemListElement":[{"@type":"ListItem","position":1,"name":"In\u00edcio","item":"https:\/\/www.personare.com.br\/servicos\/"},{"@type":"ListItem","position":2,"name":"Loja","item":"https:\/\/www.personare.com.br\/servicos\/busca\/"},{"@type":"ListItem","position":3,"name":"Harmonize conflitos da gesta\u00e7\u00e3o com a Psicoembriologia"}]},{"@type":"WebSite","@id":"https:\/\/www.personare.com.br\/servicos\/#website","url":"https:\/\/www.personare.com.br\/servicos\/","name":"Personare Servi\u00e7os","description":"Agende Consultas e Terapias Online no Personare","publisher":{"@id":"https:\/\/www.personare.com.br\/servicos\/#organization"},"potentialAction":[{"@type":"SearchAction","target":{"@type":"EntryPoint","urlTemplate":"https:\/\/www.personare.com.br\/servicos\/?s={search_term_string}"},"query-input":"required name=search_term_string"}],"inLanguage":"pt-BR"},{"@type":"Organization","@id":"https:\/\/www.personare.com.br\/servicos\/#organization","name":"Personare","url":"https:\/\/www.personare.com.br\/servicos\/","sameAs":[],"logo":{"@type":"ImageObject","inLanguage":"pt-BR","@id":"https:\/\/www.personare.com.br\/servicos\/#\/schema\/logo\/image\/","url":"https:\/\/d2t4cfkrxg4dhd.cloudfront.net\/app\/uploads\/2021\/04\/70295ca5d3b1be44570b5e6d0854fa942edb2ab6.png","contentUrl":"https:\/\/d2t4cfkrxg4dhd.cloudfront.net\/app\/uploads\/2021\/04\/70295ca5d3b1be44570b5e6d0854fa942edb2ab6.png","width":650,"height":554,"caption":"Personare"},"image":{"@id":"https:\/\/www.personare.com.br\/servicos\/#\/schema\/logo\/image\/"}}]}},"_links":{"self":[{"href":"https:\/\/www.personare.com.br\/servicos\/wp-json\/wp\/v2\/product\/426"}],"collection":[{"href":"https:\/\/www.personare.com.br\/servicos\/wp-json\/wp\/v2\/product"}],"about":[{"href":"https:\/\/www.personare.com.br\/servicos\/wp-json\/wp\/v2\/types\/product"}],"replies":[{"embeddable":true,"href":"https:\/\/www.personare.com.br\/servicos\/wp-json\/wp\/v2\/comments?post=426"}],"version-history":[{"count":1,"href":"https:\/\/www.personare.com.br\/servicos\/wp-json\/wp\/v2\/product\/426\/revisions"}],"predecessor-version":[{"id":833,"href":"https:\/\/www.personare.com.br\/servicos\/wp-json\/wp\/v2\/product\/426\/revisions\/833"}],"wp:featuredmedia":[{"embeddable":true,"href":"https:\/\/www.personare.com.br\/servicos\/wp-json\/wp\/v2\/media\/12008"}],"wp:attachment":[{"href":"https:\/\/www.personare.com.br\/servicos\/wp-json\/wp\/v2\/media?parent=426"}],"wp:term":[{"taxonomy":"product_brand","embeddable":true,"href":"https:\/\/www.personare.com.br\/servicos\/wp-json\/wp\/v2\/product_brand?post=426"},{"taxonomy":"product_cat","embeddable":true,"href":"https:\/\/www.personare.com.br\/servicos\/wp-json\/wp\/v2\/product_cat?post=426"},{"taxonomy":"product_tag","embeddable":true,"href":"https:\/\/www.personare.com.br\/servicos\/wp-json\/wp\/v2\/product_tag?post=426"},{"taxonomy":"areas-da-vida","embeddable":true,"href":"https:\/\/www.personare.com.br\/servicos\/wp-json\/wp\/v2\/areas-da-vida?post=426"},{"taxonomy":"estudos-e-terapias","embeddable":true,"href":"https:\/\/www.personare.com.br\/servicos\/wp-json\/wp\/v2\/estudos-e-terapias?post=426"},{"taxonomy":"dores-e-objetivos","embeddable":true,"href":"https:\/\/www.personare.com.br\/servicos\/wp-json\/wp\/v2\/dores-e-objetivos?post=426"}],"curies":[{"name":"wp","href":"https:\/\/api.w.org\/{rel}","templated":true}]}}