{"id":3677,"date":"2022-09-19T16:14:46","date_gmt":"2022-09-19T19:14:46","guid":{"rendered":"https:\/\/www.personare.com.br\/servicos\/?post_type=product&#038;p=3677"},"modified":"2025-03-10T16:29:22","modified_gmt":"2025-03-10T19:29:22","slug":"acompanhamento-com-terapias-vibracionais-personalizadas","status":"publish","type":"product","link":"https:\/\/www.personare.com.br\/servicos\/produto\/acompanhamento-com-terapias-vibracionais-personalizadas\/","title":{"rendered":"Acompanhamento de Transforma\u00e7\u00e3o Pessoal"},"content":{"rendered":"<p>Pessoas que enfrentam desafios recorrentes em uma \u00e1rea espec\u00edfica da vida: seja no aspecto profissional, emocional ou em seus relacionamentos;<br \/>\nPessoas que vivenciam instabilidade emocional e energ\u00e9tica: sentimentos como insatisfa\u00e7\u00e3o, raiva, falta de energia e\/ou motiva\u00e7\u00e3o, baixa autoestima, dificuldade para lidar com o passado, perdoar ou gerenciar t\u00e9rminos e conflitos;<br \/>\nPessoas com problemas de sa\u00fade que buscam terapias complementares: se voc\u00ea j\u00e1 est\u00e1 em tratamento m\u00e9dico para problemas como ins\u00f4nia, ansiedade e dores f\u00edsicas, a Terapia Vibracional pode auxiliar na redu\u00e7\u00e3o desses sintomas, que muitas vezes s\u00e3o provocados por quest\u00f5es mais sutis (emocionais, mentais e energ\u00e9ticas);<br \/>\nPessoas engajadas em seu pr\u00f3prio caminho de evolu\u00e7\u00e3o: se voc\u00ea busca ferramentas para perceber, trabalhar e lidar com mais consci\u00eancia e facilidade nos diversos processos do dia-a-dia;<br \/>\nPessoas que n\u00e3o sabem por onde come\u00e7ar: muitas vezes, n\u00e3o percebemos que nossos problemas podem ter origem em desequil\u00edbrios energ\u00e9ticos;<br \/>\nPessoas que t\u00eam afinidade e curiosidade: se voc\u00ea j\u00e1 ouviu falar sobre Terapia Vibracional mas n\u00e3o tem certeza de como ela pode te ajudar, este servi\u00e7o de acompanhamento \u00e9 uma excelente forma de descobrir os benef\u00edcios que ela pode trazer para a sua vida;<br \/>\nPessoas engajadas no seu pr\u00f3prio caminho de evolu\u00e7\u00e3o, que buscam ferramentas para perceber, trabalhar e lidar com mais consci\u00eancia e facilidade nos diversos processos do dia-a-dia;<br \/>\nQuem busca autoconhecimento, bem-estar e equil\u00edbrio em todas as \u00e1reas da vida. Afinal, quando cuidamos da nossa energia, tudo ao nosso redor responde positivamente.<\/p>\n","protected":false},"excerpt":{"rendered":"<p>Voc\u00ea sente que precisa de uma terapia que se aprofunde em quest\u00f5es espec\u00edficas, que te atrapalham na sua vida pessoal, amorosa, familiar ou profissional? J\u00e1 sentiu um aprisionamento em um ciclo de repeti\u00e7\u00f5es negativas, com falta de energia e motiva\u00e7\u00e3o, ou dificuldades para lidar com conflitos e t\u00e9rminos? N\u00f3s entendemos e estamos aqui para voc\u00ea.<br \/>\nExiste uma maneira de encontrar a melhoria e a transforma\u00e7\u00e3o no seu ritmo e \u00e0 sua maneira.<br \/>\nO Acompanhamento em Terapia Vibracional personalizado com Simone Kobayashi, uma das maiores especialistas no Brasil nesta \u00e1rea, pode ser exatamente o que voc\u00ea busca. Com mais de 20 anos de experi\u00eancia, Simone tem a sensibilidade e o conhecimento para compreender e cuidar de voc\u00ea, adaptando as sess\u00f5es \u00e0 sua situa\u00e7\u00e3o \u00fanica.<br \/>\nCom flexibilidade para agendar de uma a quatro sess\u00f5es por m\u00eas, o Acompanhamento inclui terapias como Tameana (para situa\u00e7\u00f5es pontuais e emergenciais), Terapia Floral (para harmoniza\u00e7\u00e3o, sustenta\u00e7\u00e3o e equil\u00edbrio emocional e energ\u00e9tico) e Mesa Frequencial (para quest\u00f5es profundas que precisam buscar origens). Todas s\u00e3o escolhidas no momento certo para proporcionar o melhor cuidado poss\u00edvel.<br \/>\nO Acompanhamento com Terapia Vibracional pode te apoiar a trazer mais verdade e ess\u00eancia, com leveza e amorosidade, para o seu caminho. N\u00e3o adie mais a sua evolu\u00e7\u00e3o pessoal e o cuidado consigo mesmo.<br \/>\nPermita que Simone Kobayashi guie voc\u00ea nesta jornada de transforma\u00e7\u00e3o. Agende o seu Acompanhamento Personalizado e descubra o poder de manter uma vibra\u00e7\u00e3o elevada, um equil\u00edbrio emocional renovado e uma maior clareza mental.<br \/>\nEstamos felizes em conectar com voc\u00ea! Lembre-se: cada passo que voc\u00ea der \u00e9 um passo em dire\u00e7\u00e3o \u00e0 sua melhor vers\u00e3o.<\/p>\n","protected":false},"featured_media":12111,"comment_status":"open","ping_status":"closed","template":"","meta":{"_acf_changed":false,"footnotes":""},"product_brand":[],"product_cat":[53],"product_tag":[],"areas-da-vida":[162,163,164],"estudos-e-terapias":[134,137,140,153,156,158],"dores-e-objetivos":[206,100,109,111,116,118,119],"acf":[],"yoast_head":"<!-- This site is optimized with the Yoast SEO plugin v19.6.1 - https:\/\/yoast.com\/wordpress\/plugins\/seo\/ -->\n<title>Acompanhamento de Transforma\u00e7\u00e3o Pessoal - Personare Servi\u00e7os<\/title>\n<meta name=\"robots\" content=\"index, follow, max-snippet:-1, max-image-preview:large, max-video-preview:-1\" \/>\n<link rel=\"canonical\" href=\"https:\/\/www.personare.com.br\/servicos\/produto\/acompanhamento-com-terapias-vibracionais-personalizadas\/\" \/>\n<meta property=\"og:locale\" content=\"pt_BR\" \/>\n<meta property=\"og:type\" content=\"article\" \/>\n<meta property=\"og:title\" content=\"Acompanhamento de Transforma\u00e7\u00e3o Pessoal - Personare Servi\u00e7os\" \/>\n<meta property=\"og:description\" content=\"Voc\u00ea sente que precisa de uma terapia que se aprofunde em quest\u00f5es espec\u00edficas, que te atrapalham na sua vida pessoal, amorosa, familiar ou profissional? J\u00e1 sentiu um aprisionamento em um ciclo de repeti\u00e7\u00f5es negativas, com falta de energia e motiva\u00e7\u00e3o, ou dificuldades para lidar com conflitos e t\u00e9rminos? N\u00f3s entendemos e estamos aqui para voc\u00ea. Existe uma maneira de encontrar a melhoria e a transforma\u00e7\u00e3o no seu ritmo e \u00e0 sua maneira. O Acompanhamento em Terapia Vibracional personalizado com Simone Kobayashi, uma das maiores especialistas no Brasil nesta \u00e1rea, pode ser exatamente o que voc\u00ea busca. Com mais de 20 anos de experi\u00eancia, Simone tem a sensibilidade e o conhecimento para compreender e cuidar de voc\u00ea, adaptando as sess\u00f5es \u00e0 sua situa\u00e7\u00e3o \u00fanica. Com flexibilidade para agendar de uma a quatro sess\u00f5es por m\u00eas, o Acompanhamento inclui terapias como Tameana (para situa\u00e7\u00f5es pontuais e emergenciais), Terapia Floral (para harmoniza\u00e7\u00e3o, sustenta\u00e7\u00e3o e equil\u00edbrio emocional e energ\u00e9tico) e Mesa Frequencial (para quest\u00f5es profundas que precisam buscar origens). Todas s\u00e3o escolhidas no momento certo para proporcionar o melhor cuidado poss\u00edvel. O Acompanhamento com Terapia Vibracional pode te apoiar a trazer mais verdade e ess\u00eancia, com leveza e amorosidade, para o seu caminho. N\u00e3o adie mais a sua evolu\u00e7\u00e3o pessoal e o cuidado consigo mesmo. Permita que Simone Kobayashi guie voc\u00ea nesta jornada de transforma\u00e7\u00e3o. Agende o seu Acompanhamento Personalizado e descubra o poder de manter uma vibra\u00e7\u00e3o elevada, um equil\u00edbrio emocional renovado e uma maior clareza mental. Estamos felizes em conectar com voc\u00ea! Lembre-se: cada passo que voc\u00ea der \u00e9 um passo em dire\u00e7\u00e3o \u00e0 sua melhor vers\u00e3o.\" \/>\n<meta property=\"og:url\" content=\"https:\/\/www.personare.com.br\/servicos\/produto\/acompanhamento-com-terapias-vibracionais-personalizadas\/\" \/>\n<meta property=\"og:site_name\" content=\"Personare Servi\u00e7os\" \/>\n<meta property=\"article:modified_time\" content=\"2025-03-10T19:29:22+00:00\" \/>\n<meta property=\"og:image\" content=\"https:\/\/d2t4cfkrxg4dhd.cloudfront.net\/app\/uploads\/2022\/09\/8Sb5oJdvRfpK80VfkY-1.jpeg\" \/>\n\t<meta property=\"og:image:width\" content=\"1280\" \/>\n\t<meta property=\"og:image:height\" content=\"853\" \/>\n\t<meta property=\"og:image:type\" content=\"image\/jpeg\" \/>\n<meta name=\"twitter:card\" content=\"summary_large_image\" \/>\n<meta name=\"twitter:label1\" content=\"Est. tempo de leitura\" \/>\n\t<meta name=\"twitter:data1\" content=\"1 minuto\" \/>\n<script type=\"application\/ld+json\" class=\"yoast-schema-graph\">{\"@context\":\"https:\/\/schema.org\",\"@graph\":[{\"@type\":\"WebPage\",\"@id\":\"https:\/\/www.personare.com.br\/servicos\/produto\/acompanhamento-com-terapias-vibracionais-personalizadas\/\",\"url\":\"https:\/\/www.personare.com.br\/servicos\/produto\/acompanhamento-com-terapias-vibracionais-personalizadas\/\",\"name\":\"Acompanhamento de Transforma\u00e7\u00e3o Pessoal - Personare Servi\u00e7os\",\"isPartOf\":{\"@id\":\"https:\/\/www.personare.com.br\/servicos\/#website\"},\"datePublished\":\"2022-09-19T19:14:46+00:00\",\"dateModified\":\"2025-03-10T19:29:22+00:00\",\"breadcrumb\":{\"@id\":\"https:\/\/www.personare.com.br\/servicos\/produto\/acompanhamento-com-terapias-vibracionais-personalizadas\/#breadcrumb\"},\"inLanguage\":\"pt-BR\",\"potentialAction\":[{\"@type\":\"ReadAction\",\"target\":[\"https:\/\/www.personare.com.br\/servicos\/produto\/acompanhamento-com-terapias-vibracionais-personalizadas\/\"]}]},{\"@type\":\"BreadcrumbList\",\"@id\":\"https:\/\/www.personare.com.br\/servicos\/produto\/acompanhamento-com-terapias-vibracionais-personalizadas\/#breadcrumb\",\"itemListElement\":[{\"@type\":\"ListItem\",\"position\":1,\"name\":\"In\u00edcio\",\"item\":\"https:\/\/www.personare.com.br\/servicos\/\"},{\"@type\":\"ListItem\",\"position\":2,\"name\":\"Loja\",\"item\":\"https:\/\/www.personare.com.br\/servicos\/busca\/\"},{\"@type\":\"ListItem\",\"position\":3,\"name\":\"Acompanhamento de Transforma\u00e7\u00e3o Pessoal\"}]},{\"@type\":\"WebSite\",\"@id\":\"https:\/\/www.personare.com.br\/servicos\/#website\",\"url\":\"https:\/\/www.personare.com.br\/servicos\/\",\"name\":\"Personare Servi\u00e7os\",\"description\":\"Agende Consultas e Terapias Online no Personare\",\"publisher\":{\"@id\":\"https:\/\/www.personare.com.br\/servicos\/#organization\"},\"potentialAction\":[{\"@type\":\"SearchAction\",\"target\":{\"@type\":\"EntryPoint\",\"urlTemplate\":\"https:\/\/www.personare.com.br\/servicos\/?s={search_term_string}\"},\"query-input\":\"required name=search_term_string\"}],\"inLanguage\":\"pt-BR\"},{\"@type\":\"Organization\",\"@id\":\"https:\/\/www.personare.com.br\/servicos\/#organization\",\"name\":\"Personare\",\"url\":\"https:\/\/www.personare.com.br\/servicos\/\",\"sameAs\":[],\"logo\":{\"@type\":\"ImageObject\",\"inLanguage\":\"pt-BR\",\"@id\":\"https:\/\/www.personare.com.br\/servicos\/#\/schema\/logo\/image\/\",\"url\":\"https:\/\/d2t4cfkrxg4dhd.cloudfront.net\/app\/uploads\/2021\/04\/70295ca5d3b1be44570b5e6d0854fa942edb2ab6.png\",\"contentUrl\":\"https:\/\/d2t4cfkrxg4dhd.cloudfront.net\/app\/uploads\/2021\/04\/70295ca5d3b1be44570b5e6d0854fa942edb2ab6.png\",\"width\":650,\"height\":554,\"caption\":\"Personare\"},\"image\":{\"@id\":\"https:\/\/www.personare.com.br\/servicos\/#\/schema\/logo\/image\/\"}}]}<\/script>\n<!-- \/ Yoast SEO plugin. -->","yoast_head_json":{"title":"Acompanhamento de Transforma\u00e7\u00e3o Pessoal - Personare Servi\u00e7os","robots":{"index":"index","follow":"follow","max-snippet":"max-snippet:-1","max-image-preview":"max-image-preview:large","max-video-preview":"max-video-preview:-1"},"canonical":"https:\/\/www.personare.com.br\/servicos\/produto\/acompanhamento-com-terapias-vibracionais-personalizadas\/","og_locale":"pt_BR","og_type":"article","og_title":"Acompanhamento de Transforma\u00e7\u00e3o Pessoal - Personare Servi\u00e7os","og_description":"Voc\u00ea sente que precisa de uma terapia que se aprofunde em quest\u00f5es espec\u00edficas, que te atrapalham na sua vida pessoal, amorosa, familiar ou profissional? J\u00e1 sentiu um aprisionamento em um ciclo de repeti\u00e7\u00f5es negativas, com falta de energia e motiva\u00e7\u00e3o, ou dificuldades para lidar com conflitos e t\u00e9rminos? N\u00f3s entendemos e estamos aqui para voc\u00ea. Existe uma maneira de encontrar a melhoria e a transforma\u00e7\u00e3o no seu ritmo e \u00e0 sua maneira. O Acompanhamento em Terapia Vibracional personalizado com Simone Kobayashi, uma das maiores especialistas no Brasil nesta \u00e1rea, pode ser exatamente o que voc\u00ea busca. Com mais de 20 anos de experi\u00eancia, Simone tem a sensibilidade e o conhecimento para compreender e cuidar de voc\u00ea, adaptando as sess\u00f5es \u00e0 sua situa\u00e7\u00e3o \u00fanica. Com flexibilidade para agendar de uma a quatro sess\u00f5es por m\u00eas, o Acompanhamento inclui terapias como Tameana (para situa\u00e7\u00f5es pontuais e emergenciais), Terapia Floral (para harmoniza\u00e7\u00e3o, sustenta\u00e7\u00e3o e equil\u00edbrio emocional e energ\u00e9tico) e Mesa Frequencial (para quest\u00f5es profundas que precisam buscar origens). Todas s\u00e3o escolhidas no momento certo para proporcionar o melhor cuidado poss\u00edvel. O Acompanhamento com Terapia Vibracional pode te apoiar a trazer mais verdade e ess\u00eancia, com leveza e amorosidade, para o seu caminho. N\u00e3o adie mais a sua evolu\u00e7\u00e3o pessoal e o cuidado consigo mesmo. Permita que Simone Kobayashi guie voc\u00ea nesta jornada de transforma\u00e7\u00e3o. Agende o seu Acompanhamento Personalizado e descubra o poder de manter uma vibra\u00e7\u00e3o elevada, um equil\u00edbrio emocional renovado e uma maior clareza mental. Estamos felizes em conectar com voc\u00ea! Lembre-se: cada passo que voc\u00ea der \u00e9 um passo em dire\u00e7\u00e3o \u00e0 sua melhor vers\u00e3o.","og_url":"https:\/\/www.personare.com.br\/servicos\/produto\/acompanhamento-com-terapias-vibracionais-personalizadas\/","og_site_name":"Personare Servi\u00e7os","article_modified_time":"2025-03-10T19:29:22+00:00","og_image":[{"width":1280,"height":853,"url":"https:\/\/d2t4cfkrxg4dhd.cloudfront.net\/app\/uploads\/2022\/09\/8Sb5oJdvRfpK80VfkY-1.jpeg","type":"image\/jpeg"}],"twitter_card":"summary_large_image","twitter_misc":{"Est. tempo de leitura":"1 minuto"},"schema":{"@context":"https:\/\/schema.org","@graph":[{"@type":"WebPage","@id":"https:\/\/www.personare.com.br\/servicos\/produto\/acompanhamento-com-terapias-vibracionais-personalizadas\/","url":"https:\/\/www.personare.com.br\/servicos\/produto\/acompanhamento-com-terapias-vibracionais-personalizadas\/","name":"Acompanhamento de Transforma\u00e7\u00e3o Pessoal - Personare Servi\u00e7os","isPartOf":{"@id":"https:\/\/www.personare.com.br\/servicos\/#website"},"datePublished":"2022-09-19T19:14:46+00:00","dateModified":"2025-03-10T19:29:22+00:00","breadcrumb":{"@id":"https:\/\/www.personare.com.br\/servicos\/produto\/acompanhamento-com-terapias-vibracionais-personalizadas\/#breadcrumb"},"inLanguage":"pt-BR","potentialAction":[{"@type":"ReadAction","target":["https:\/\/www.personare.com.br\/servicos\/produto\/acompanhamento-com-terapias-vibracionais-personalizadas\/"]}]},{"@type":"BreadcrumbList","@id":"https:\/\/www.personare.com.br\/servicos\/produto\/acompanhamento-com-terapias-vibracionais-personalizadas\/#breadcrumb","itemListElement":[{"@type":"ListItem","position":1,"name":"In\u00edcio","item":"https:\/\/www.personare.com.br\/servicos\/"},{"@type":"ListItem","position":2,"name":"Loja","item":"https:\/\/www.personare.com.br\/servicos\/busca\/"},{"@type":"ListItem","position":3,"name":"Acompanhamento de Transforma\u00e7\u00e3o Pessoal"}]},{"@type":"WebSite","@id":"https:\/\/www.personare.com.br\/servicos\/#website","url":"https:\/\/www.personare.com.br\/servicos\/","name":"Personare Servi\u00e7os","description":"Agende Consultas e Terapias Online no Personare","publisher":{"@id":"https:\/\/www.personare.com.br\/servicos\/#organization"},"potentialAction":[{"@type":"SearchAction","target":{"@type":"EntryPoint","urlTemplate":"https:\/\/www.personare.com.br\/servicos\/?s={search_term_string}"},"query-input":"required name=search_term_string"}],"inLanguage":"pt-BR"},{"@type":"Organization","@id":"https:\/\/www.personare.com.br\/servicos\/#organization","name":"Personare","url":"https:\/\/www.personare.com.br\/servicos\/","sameAs":[],"logo":{"@type":"ImageObject","inLanguage":"pt-BR","@id":"https:\/\/www.personare.com.br\/servicos\/#\/schema\/logo\/image\/","url":"https:\/\/d2t4cfkrxg4dhd.cloudfront.net\/app\/uploads\/2021\/04\/70295ca5d3b1be44570b5e6d0854fa942edb2ab6.png","contentUrl":"https:\/\/d2t4cfkrxg4dhd.cloudfront.net\/app\/uploads\/2021\/04\/70295ca5d3b1be44570b5e6d0854fa942edb2ab6.png","width":650,"height":554,"caption":"Personare"},"image":{"@id":"https:\/\/www.personare.com.br\/servicos\/#\/schema\/logo\/image\/"}}]}},"_links":{"self":[{"href":"https:\/\/www.personare.com.br\/servicos\/wp-json\/wp\/v2\/product\/3677"}],"collection":[{"href":"https:\/\/www.personare.com.br\/servicos\/wp-json\/wp\/v2\/product"}],"about":[{"href":"https:\/\/www.personare.com.br\/servicos\/wp-json\/wp\/v2\/types\/product"}],"replies":[{"embeddable":true,"href":"https:\/\/www.personare.com.br\/servicos\/wp-json\/wp\/v2\/comments?post=3677"}],"version-history":[{"count":6,"href":"https:\/\/www.personare.com.br\/servicos\/wp-json\/wp\/v2\/product\/3677\/revisions"}],"predecessor-version":[{"id":20925,"href":"https:\/\/www.personare.com.br\/servicos\/wp-json\/wp\/v2\/product\/3677\/revisions\/20925"}],"wp:featuredmedia":[{"embeddable":true,"href":"https:\/\/www.personare.com.br\/servicos\/wp-json\/wp\/v2\/media\/12111"}],"wp:attachment":[{"href":"https:\/\/www.personare.com.br\/servicos\/wp-json\/wp\/v2\/media?parent=3677"}],"wp:term":[{"taxonomy":"product_brand","embeddable":true,"href":"https:\/\/www.personare.com.br\/servicos\/wp-json\/wp\/v2\/product_brand?post=3677"},{"taxonomy":"product_cat","embeddable":true,"href":"https:\/\/www.personare.com.br\/servicos\/wp-json\/wp\/v2\/product_cat?post=3677"},{"taxonomy":"product_tag","embeddable":true,"href":"https:\/\/www.personare.com.br\/servicos\/wp-json\/wp\/v2\/product_tag?post=3677"},{"taxonomy":"areas-da-vida","embeddable":true,"href":"https:\/\/www.personare.com.br\/servicos\/wp-json\/wp\/v2\/areas-da-vida?post=3677"},{"taxonomy":"estudos-e-terapias","embeddable":true,"href":"https:\/\/www.personare.com.br\/servicos\/wp-json\/wp\/v2\/estudos-e-terapias?post=3677"},{"taxonomy":"dores-e-objetivos","embeddable":true,"href":"https:\/\/www.personare.com.br\/servicos\/wp-json\/wp\/v2\/dores-e-objetivos?post=3677"}],"curies":[{"name":"wp","href":"https:\/\/api.w.org\/{rel}","templated":true}]}}