{"id":3440,"date":"2022-08-24T12:35:55","date_gmt":"2022-08-24T15:35:55","guid":{"rendered":"https:\/\/www.personare.com.br\/servicos\/?post_type=product&#038;p=3440"},"modified":"2026-01-07T17:07:19","modified_gmt":"2026-01-07T20:07:19","slug":"consulta-holistica-na-vila-madalena","status":"publish","type":"product","link":"https:\/\/www.personare.com.br\/servicos\/produto\/consulta-holistica-na-vila-madalena\/","title":{"rendered":"Consulta Hol\u00edstica e Vibracional em SP"},"content":{"rendered":"<p>Pessoas quando percebem-se com problemas recorrentes em uma \u00e1rea da vida, por exemplo: profissional, emocional, relacionamentos (familiar, social, afetivo) e que est\u00e3o dispostas a transformar os padr\u00f5es negativos que causam quest\u00f5es como dificuldades na carreira, na vida amorosa ou problemas familiares constantes.<br \/>\nPessoas que percebem quadros de instabilidade emocional e energ\u00e9tica, que se manifesta atrav\u00e9s de sentimentos como insatisfa\u00e7\u00e3o, raiva, falta de energia e\/ou de motiva\u00e7\u00e3o, autoestima baixa,\u00a0 apego ao passado, dificuldades de perdoar ou de lidar com t\u00e9rminos e conflitos.<br \/>\nPessoas que diagnosticadas com problemas de sa\u00fade, como a ansiedade e depress\u00e3o que j\u00e1 fazem tratamento m\u00e9dico e buscam terapias hol\u00edsticas e complementares para reduzir sintomas como ins\u00f4nia, ansiedade e dores f\u00edsicas provocadas por quest\u00f5es mais sutis: emocionais, mentais e energ\u00e9ticas.<br \/>\nPessoas engajadas no seu pr\u00f3prio caminho de evolu\u00e7\u00e3o, que buscam ferramentas para perceber, trabalhar e lidar com mais consci\u00eancia e facilidade nos diversos processos do dia-a-dia.<\/p>\n","protected":false},"excerpt":{"rendered":"<p>A terapeuta Simone Kobayashi, com mais de 20 anos de experi\u00eancia em variadas t\u00e9cnicas de terapias hol\u00edsticas e vibracionais, desenvolveu essa consulta para ajudar a identificar bloqueios energ\u00e9ticos, emocionais e mentais. A partir do que for detectado, s\u00e3o escolhidas e aplicadas t\u00e9cnicas para a harmoniza\u00e7\u00e3o e restaura\u00e7\u00e3o do equil\u00edbrio.<br \/>\nAs t\u00e9cnicas s\u00e3o escolhidas a partir da identifica\u00e7\u00e3o dos desequil\u00edbrios e prefer\u00eancia da pessoa, e podem ser\u00a0 uma combina\u00e7\u00e3o personalizada entre: acupuntura, cristalopuntura, terapia floral, reiki, harmoniza\u00e7\u00e3o de chakras e corpos, frequ\u00eancias e modula\u00e7\u00f5es sonoras.<\/p>\n","protected":false},"featured_media":12039,"comment_status":"open","ping_status":"closed","template":"","meta":{"_acf_changed":false,"footnotes":""},"product_brand":[],"product_cat":[52],"product_tag":[],"areas-da-vida":[162,165,168,169],"estudos-e-terapias":[125,134,137,149,152],"dores-e-objetivos":[83,206,98,111],"acf":[],"yoast_head":"<!-- This site is optimized with the Yoast SEO plugin v19.6.1 - https:\/\/yoast.com\/wordpress\/plugins\/seo\/ -->\n<title>Consulta Hol\u00edstica e Vibracional em SP - Personare Servi\u00e7os<\/title>\n<meta name=\"description\" content=\"Agende sua consulta hol\u00edstica em SP com a terapeuta Simone Kobayashi. Desbloqueie \u00e1reas pessoais estagnadas, densas ou negativadas.\" \/>\n<meta name=\"robots\" content=\"index, follow, max-snippet:-1, max-image-preview:large, max-video-preview:-1\" \/>\n<link rel=\"canonical\" href=\"https:\/\/www.personare.com.br\/servicos\/produto\/consulta-holistica-na-vila-madalena\/\" \/>\n<meta property=\"og:locale\" content=\"pt_BR\" \/>\n<meta property=\"og:type\" content=\"article\" \/>\n<meta property=\"og:title\" content=\"Consulta Hol\u00edstica e Vibracional em SP - Personare Servi\u00e7os\" \/>\n<meta property=\"og:description\" content=\"Agende sua consulta hol\u00edstica em SP com a terapeuta Simone Kobayashi. Desbloqueie \u00e1reas pessoais estagnadas, densas ou negativadas.\" \/>\n<meta property=\"og:url\" content=\"https:\/\/www.personare.com.br\/servicos\/produto\/consulta-holistica-na-vila-madalena\/\" \/>\n<meta property=\"og:site_name\" content=\"Personare Servi\u00e7os\" \/>\n<meta property=\"article:modified_time\" content=\"2026-01-07T20:07:19+00:00\" \/>\n<meta property=\"og:image\" content=\"https:\/\/d2t4cfkrxg4dhd.cloudfront.net\/app\/uploads\/2021\/04\/Vu8ucY8ZXZ9dIvU-1.jpeg\" \/>\n\t<meta property=\"og:image:width\" content=\"1280\" \/>\n\t<meta property=\"og:image:height\" content=\"853\" \/>\n\t<meta property=\"og:image:type\" content=\"image\/jpeg\" \/>\n<meta name=\"twitter:card\" content=\"summary_large_image\" \/>\n<meta name=\"twitter:label1\" content=\"Est. tempo de leitura\" \/>\n\t<meta name=\"twitter:data1\" content=\"1 minuto\" \/>\n<script type=\"application\/ld+json\" class=\"yoast-schema-graph\">{\"@context\":\"https:\/\/schema.org\",\"@graph\":[{\"@type\":\"WebPage\",\"@id\":\"https:\/\/www.personare.com.br\/servicos\/produto\/consulta-holistica-na-vila-madalena\/\",\"url\":\"https:\/\/www.personare.com.br\/servicos\/produto\/consulta-holistica-na-vila-madalena\/\",\"name\":\"Consulta Hol\u00edstica e Vibracional em SP - Personare Servi\u00e7os\",\"isPartOf\":{\"@id\":\"https:\/\/www.personare.com.br\/servicos\/#website\"},\"datePublished\":\"2022-08-24T15:35:55+00:00\",\"dateModified\":\"2026-01-07T20:07:19+00:00\",\"description\":\"Agende sua consulta hol\u00edstica em SP com a terapeuta Simone Kobayashi. Desbloqueie \u00e1reas pessoais estagnadas, densas ou negativadas.\",\"breadcrumb\":{\"@id\":\"https:\/\/www.personare.com.br\/servicos\/produto\/consulta-holistica-na-vila-madalena\/#breadcrumb\"},\"inLanguage\":\"pt-BR\",\"potentialAction\":[{\"@type\":\"ReadAction\",\"target\":[\"https:\/\/www.personare.com.br\/servicos\/produto\/consulta-holistica-na-vila-madalena\/\"]}]},{\"@type\":\"BreadcrumbList\",\"@id\":\"https:\/\/www.personare.com.br\/servicos\/produto\/consulta-holistica-na-vila-madalena\/#breadcrumb\",\"itemListElement\":[{\"@type\":\"ListItem\",\"position\":1,\"name\":\"In\u00edcio\",\"item\":\"https:\/\/www.personare.com.br\/servicos\/\"},{\"@type\":\"ListItem\",\"position\":2,\"name\":\"Loja\",\"item\":\"https:\/\/www.personare.com.br\/servicos\/busca\/\"},{\"@type\":\"ListItem\",\"position\":3,\"name\":\"Consulta Hol\u00edstica e Vibracional em SP\"}]},{\"@type\":\"WebSite\",\"@id\":\"https:\/\/www.personare.com.br\/servicos\/#website\",\"url\":\"https:\/\/www.personare.com.br\/servicos\/\",\"name\":\"Personare Servi\u00e7os\",\"description\":\"Agende Consultas e Terapias Online no Personare\",\"publisher\":{\"@id\":\"https:\/\/www.personare.com.br\/servicos\/#organization\"},\"potentialAction\":[{\"@type\":\"SearchAction\",\"target\":{\"@type\":\"EntryPoint\",\"urlTemplate\":\"https:\/\/www.personare.com.br\/servicos\/?s={search_term_string}\"},\"query-input\":\"required name=search_term_string\"}],\"inLanguage\":\"pt-BR\"},{\"@type\":\"Organization\",\"@id\":\"https:\/\/www.personare.com.br\/servicos\/#organization\",\"name\":\"Personare\",\"url\":\"https:\/\/www.personare.com.br\/servicos\/\",\"sameAs\":[],\"logo\":{\"@type\":\"ImageObject\",\"inLanguage\":\"pt-BR\",\"@id\":\"https:\/\/www.personare.com.br\/servicos\/#\/schema\/logo\/image\/\",\"url\":\"https:\/\/d2t4cfkrxg4dhd.cloudfront.net\/app\/uploads\/2021\/04\/70295ca5d3b1be44570b5e6d0854fa942edb2ab6.png\",\"contentUrl\":\"https:\/\/d2t4cfkrxg4dhd.cloudfront.net\/app\/uploads\/2021\/04\/70295ca5d3b1be44570b5e6d0854fa942edb2ab6.png\",\"width\":650,\"height\":554,\"caption\":\"Personare\"},\"image\":{\"@id\":\"https:\/\/www.personare.com.br\/servicos\/#\/schema\/logo\/image\/\"}}]}<\/script>\n<!-- \/ Yoast SEO plugin. -->","yoast_head_json":{"title":"Consulta Hol\u00edstica e Vibracional em SP - Personare Servi\u00e7os","description":"Agende sua consulta hol\u00edstica em SP com a terapeuta Simone Kobayashi. Desbloqueie \u00e1reas pessoais estagnadas, densas ou negativadas.","robots":{"index":"index","follow":"follow","max-snippet":"max-snippet:-1","max-image-preview":"max-image-preview:large","max-video-preview":"max-video-preview:-1"},"canonical":"https:\/\/www.personare.com.br\/servicos\/produto\/consulta-holistica-na-vila-madalena\/","og_locale":"pt_BR","og_type":"article","og_title":"Consulta Hol\u00edstica e Vibracional em SP - Personare Servi\u00e7os","og_description":"Agende sua consulta hol\u00edstica em SP com a terapeuta Simone Kobayashi. Desbloqueie \u00e1reas pessoais estagnadas, densas ou negativadas.","og_url":"https:\/\/www.personare.com.br\/servicos\/produto\/consulta-holistica-na-vila-madalena\/","og_site_name":"Personare Servi\u00e7os","article_modified_time":"2026-01-07T20:07:19+00:00","og_image":[{"width":1280,"height":853,"url":"https:\/\/d2t4cfkrxg4dhd.cloudfront.net\/app\/uploads\/2021\/04\/Vu8ucY8ZXZ9dIvU-1.jpeg","type":"image\/jpeg"}],"twitter_card":"summary_large_image","twitter_misc":{"Est. tempo de leitura":"1 minuto"},"schema":{"@context":"https:\/\/schema.org","@graph":[{"@type":"WebPage","@id":"https:\/\/www.personare.com.br\/servicos\/produto\/consulta-holistica-na-vila-madalena\/","url":"https:\/\/www.personare.com.br\/servicos\/produto\/consulta-holistica-na-vila-madalena\/","name":"Consulta Hol\u00edstica e Vibracional em SP - Personare Servi\u00e7os","isPartOf":{"@id":"https:\/\/www.personare.com.br\/servicos\/#website"},"datePublished":"2022-08-24T15:35:55+00:00","dateModified":"2026-01-07T20:07:19+00:00","description":"Agende sua consulta hol\u00edstica em SP com a terapeuta Simone Kobayashi. Desbloqueie \u00e1reas pessoais estagnadas, densas ou negativadas.","breadcrumb":{"@id":"https:\/\/www.personare.com.br\/servicos\/produto\/consulta-holistica-na-vila-madalena\/#breadcrumb"},"inLanguage":"pt-BR","potentialAction":[{"@type":"ReadAction","target":["https:\/\/www.personare.com.br\/servicos\/produto\/consulta-holistica-na-vila-madalena\/"]}]},{"@type":"BreadcrumbList","@id":"https:\/\/www.personare.com.br\/servicos\/produto\/consulta-holistica-na-vila-madalena\/#breadcrumb","itemListElement":[{"@type":"ListItem","position":1,"name":"In\u00edcio","item":"https:\/\/www.personare.com.br\/servicos\/"},{"@type":"ListItem","position":2,"name":"Loja","item":"https:\/\/www.personare.com.br\/servicos\/busca\/"},{"@type":"ListItem","position":3,"name":"Consulta Hol\u00edstica e Vibracional em SP"}]},{"@type":"WebSite","@id":"https:\/\/www.personare.com.br\/servicos\/#website","url":"https:\/\/www.personare.com.br\/servicos\/","name":"Personare Servi\u00e7os","description":"Agende Consultas e Terapias Online no Personare","publisher":{"@id":"https:\/\/www.personare.com.br\/servicos\/#organization"},"potentialAction":[{"@type":"SearchAction","target":{"@type":"EntryPoint","urlTemplate":"https:\/\/www.personare.com.br\/servicos\/?s={search_term_string}"},"query-input":"required name=search_term_string"}],"inLanguage":"pt-BR"},{"@type":"Organization","@id":"https:\/\/www.personare.com.br\/servicos\/#organization","name":"Personare","url":"https:\/\/www.personare.com.br\/servicos\/","sameAs":[],"logo":{"@type":"ImageObject","inLanguage":"pt-BR","@id":"https:\/\/www.personare.com.br\/servicos\/#\/schema\/logo\/image\/","url":"https:\/\/d2t4cfkrxg4dhd.cloudfront.net\/app\/uploads\/2021\/04\/70295ca5d3b1be44570b5e6d0854fa942edb2ab6.png","contentUrl":"https:\/\/d2t4cfkrxg4dhd.cloudfront.net\/app\/uploads\/2021\/04\/70295ca5d3b1be44570b5e6d0854fa942edb2ab6.png","width":650,"height":554,"caption":"Personare"},"image":{"@id":"https:\/\/www.personare.com.br\/servicos\/#\/schema\/logo\/image\/"}}]}},"_links":{"self":[{"href":"https:\/\/www.personare.com.br\/servicos\/wp-json\/wp\/v2\/product\/3440"}],"collection":[{"href":"https:\/\/www.personare.com.br\/servicos\/wp-json\/wp\/v2\/product"}],"about":[{"href":"https:\/\/www.personare.com.br\/servicos\/wp-json\/wp\/v2\/types\/product"}],"replies":[{"embeddable":true,"href":"https:\/\/www.personare.com.br\/servicos\/wp-json\/wp\/v2\/comments?post=3440"}],"version-history":[{"count":15,"href":"https:\/\/www.personare.com.br\/servicos\/wp-json\/wp\/v2\/product\/3440\/revisions"}],"predecessor-version":[{"id":24363,"href":"https:\/\/www.personare.com.br\/servicos\/wp-json\/wp\/v2\/product\/3440\/revisions\/24363"}],"wp:featuredmedia":[{"embeddable":true,"href":"https:\/\/www.personare.com.br\/servicos\/wp-json\/wp\/v2\/media\/12039"}],"wp:attachment":[{"href":"https:\/\/www.personare.com.br\/servicos\/wp-json\/wp\/v2\/media?parent=3440"}],"wp:term":[{"taxonomy":"product_brand","embeddable":true,"href":"https:\/\/www.personare.com.br\/servicos\/wp-json\/wp\/v2\/product_brand?post=3440"},{"taxonomy":"product_cat","embeddable":true,"href":"https:\/\/www.personare.com.br\/servicos\/wp-json\/wp\/v2\/product_cat?post=3440"},{"taxonomy":"product_tag","embeddable":true,"href":"https:\/\/www.personare.com.br\/servicos\/wp-json\/wp\/v2\/product_tag?post=3440"},{"taxonomy":"areas-da-vida","embeddable":true,"href":"https:\/\/www.personare.com.br\/servicos\/wp-json\/wp\/v2\/areas-da-vida?post=3440"},{"taxonomy":"estudos-e-terapias","embeddable":true,"href":"https:\/\/www.personare.com.br\/servicos\/wp-json\/wp\/v2\/estudos-e-terapias?post=3440"},{"taxonomy":"dores-e-objetivos","embeddable":true,"href":"https:\/\/www.personare.com.br\/servicos\/wp-json\/wp\/v2\/dores-e-objetivos?post=3440"}],"curies":[{"name":"wp","href":"https:\/\/api.w.org\/{rel}","templated":true}]}}