{"id":3239,"date":"2022-07-28T16:32:00","date_gmt":"2022-07-28T19:32:00","guid":{"rendered":"https:\/\/www.personare.com.br\/servicos\/?post_type=product&#038;p=3239"},"modified":"2024-08-22T11:47:03","modified_gmt":"2024-08-22T14:47:03","slug":"encontre-sentido-e-pertencimento-em-sua-vida","status":"publish","type":"product","link":"https:\/\/www.personare.com.br\/servicos\/produto\/encontre-sentido-e-pertencimento-em-sua-vida\/","title":{"rendered":"Encontre sentido e pertencimento em sua vida"},"content":{"rendered":"<div>\n<p><span lang=\"PT-BR\">Para quem se sente deslocado ou um sentimento de n\u00e3o pertencimento em rela\u00e7\u00e3o \u00e0 vida.<\/span><\/p>\n<p><span lang=\"PT-BR\">Para quem est\u00e1 buscando um significado e sentido maior para sua vida.<\/span><\/p>\n<p><span lang=\"PT-BR\">Para quem quer melhorar sua vida, esteja ela j\u00e1 agrad\u00e1vel ou n\u00e3o.<\/span><\/p>\n<p><span lang=\"PT-BR\">Para quem quer algo mais na vida, mas n\u00e3o sabe bem o que.<\/span><\/p>\n<p><span lang=\"PT-BR\">Para quem sabe que h\u00e1 um potencial maior internamente, mas n\u00e3o sabe como concretiz\u00e1-lo.<\/span><\/p>\n<p><span lang=\"PT-BR\">Para quem sente um vazio ou falta de sentido na vida.<\/span><\/p>\n<\/div>\n","protected":false},"excerpt":{"rendered":"<div>\n<p>Voc\u00ea tem sensa\u00e7\u00e3o de n\u00e3o pertencimento ou vazio? Sente-se um pouco perdido ou deslocado em sua vida? Percebe que h\u00e1 algo mais a ser conhecido, compreendido e vivido, mas n\u00e3o sabe bem o que? Ou voc\u00ea se v\u00ea preso em situa\u00e7\u00f5es que parecem dar errado ou n\u00e3o lhe satisfazem verdadeiramente?<\/p>\n<p>Todos merecemos viver o m\u00e1ximo que a nossa vida tem para nos oferecer, mas nem sempre \u00e9 f\u00e1cil alcan\u00e7ar este potencial maior. Que tal um impulso para viver o melhor de quem voc\u00ea pode ser e viver?<\/p>\n<p>Agende uma consulta online com uma das maiores especialistas em amor do Brasil. Ceci Akamatsu \u00e9 a especialista em amor mais lida do Personare e autora do livro \u201cPara que o Amor Aconte\u00e7a\u201d, com mais de 15.000 c\u00f3pias vendidas.<\/p>\n<\/div>\n","protected":false},"featured_media":12044,"comment_status":"open","ping_status":"closed","template":"","meta":{"_acf_changed":false,"footnotes":""},"product_brand":[],"product_cat":[52],"product_tag":[],"areas-da-vida":[163,164,165,167,168,170],"estudos-e-terapias":[126],"dores-e-objetivos":[82,83,92,98,99,105,106,108,110,111,116,118,120],"acf":[],"yoast_head":"<!-- This site is optimized with the Yoast SEO plugin v19.6.1 - https:\/\/yoast.com\/wordpress\/plugins\/seo\/ -->\n<title>Encontre sentido e pertencimento em sua vida - Personare Servi\u00e7os<\/title>\n<meta name=\"description\" content=\"Que tal um impulso para viver o melhor de quem voc\u00ea pode ser e viver? Todos merecemos viver o m\u00e1ximo que a nossa vida tem para nos oferecer.\" \/>\n<meta name=\"robots\" content=\"index, follow, max-snippet:-1, max-image-preview:large, max-video-preview:-1\" \/>\n<link rel=\"canonical\" href=\"https:\/\/www.personare.com.br\/servicos\/produto\/encontre-sentido-e-pertencimento-em-sua-vida\/\" \/>\n<meta property=\"og:locale\" content=\"pt_BR\" \/>\n<meta property=\"og:type\" content=\"article\" \/>\n<meta property=\"og:title\" content=\"Encontre sentido e pertencimento em sua vida - Personare Servi\u00e7os\" \/>\n<meta property=\"og:description\" content=\"Que tal um impulso para viver o melhor de quem voc\u00ea pode ser e viver? Todos merecemos viver o m\u00e1ximo que a nossa vida tem para nos oferecer.\" \/>\n<meta property=\"og:url\" content=\"https:\/\/www.personare.com.br\/servicos\/produto\/encontre-sentido-e-pertencimento-em-sua-vida\/\" \/>\n<meta property=\"og:site_name\" content=\"Personare Servi\u00e7os\" \/>\n<meta property=\"article:modified_time\" content=\"2024-08-22T14:47:03+00:00\" \/>\n<meta property=\"og:image\" content=\"https:\/\/d2t4cfkrxg4dhd.cloudfront.net\/app\/uploads\/2022\/07\/ceci-akamatsu-autora.jpeg\" \/>\n\t<meta property=\"og:image:width\" content=\"700\" \/>\n\t<meta property=\"og:image:height\" content=\"396\" \/>\n\t<meta property=\"og:image:type\" content=\"image\/jpeg\" \/>\n<meta name=\"twitter:card\" content=\"summary_large_image\" \/>\n<script type=\"application\/ld+json\" class=\"yoast-schema-graph\">{\"@context\":\"https:\/\/schema.org\",\"@graph\":[{\"@type\":\"WebPage\",\"@id\":\"https:\/\/www.personare.com.br\/servicos\/produto\/encontre-sentido-e-pertencimento-em-sua-vida\/\",\"url\":\"https:\/\/www.personare.com.br\/servicos\/produto\/encontre-sentido-e-pertencimento-em-sua-vida\/\",\"name\":\"Encontre sentido e pertencimento em sua vida - Personare Servi\u00e7os\",\"isPartOf\":{\"@id\":\"https:\/\/www.personare.com.br\/servicos\/#website\"},\"datePublished\":\"2022-07-28T19:32:00+00:00\",\"dateModified\":\"2024-08-22T14:47:03+00:00\",\"description\":\"Que tal um impulso para viver o melhor de quem voc\u00ea pode ser e viver? Todos merecemos viver o m\u00e1ximo que a nossa vida tem para nos oferecer.\",\"breadcrumb\":{\"@id\":\"https:\/\/www.personare.com.br\/servicos\/produto\/encontre-sentido-e-pertencimento-em-sua-vida\/#breadcrumb\"},\"inLanguage\":\"pt-BR\",\"potentialAction\":[{\"@type\":\"ReadAction\",\"target\":[\"https:\/\/www.personare.com.br\/servicos\/produto\/encontre-sentido-e-pertencimento-em-sua-vida\/\"]}]},{\"@type\":\"BreadcrumbList\",\"@id\":\"https:\/\/www.personare.com.br\/servicos\/produto\/encontre-sentido-e-pertencimento-em-sua-vida\/#breadcrumb\",\"itemListElement\":[{\"@type\":\"ListItem\",\"position\":1,\"name\":\"In\u00edcio\",\"item\":\"https:\/\/www.personare.com.br\/servicos\/\"},{\"@type\":\"ListItem\",\"position\":2,\"name\":\"Loja\",\"item\":\"https:\/\/www.personare.com.br\/servicos\/busca\/\"},{\"@type\":\"ListItem\",\"position\":3,\"name\":\"Encontre sentido e pertencimento em sua vida\"}]},{\"@type\":\"WebSite\",\"@id\":\"https:\/\/www.personare.com.br\/servicos\/#website\",\"url\":\"https:\/\/www.personare.com.br\/servicos\/\",\"name\":\"Personare Servi\u00e7os\",\"description\":\"Agende Consultas e Terapias Online no Personare\",\"publisher\":{\"@id\":\"https:\/\/www.personare.com.br\/servicos\/#organization\"},\"potentialAction\":[{\"@type\":\"SearchAction\",\"target\":{\"@type\":\"EntryPoint\",\"urlTemplate\":\"https:\/\/www.personare.com.br\/servicos\/?s={search_term_string}\"},\"query-input\":\"required name=search_term_string\"}],\"inLanguage\":\"pt-BR\"},{\"@type\":\"Organization\",\"@id\":\"https:\/\/www.personare.com.br\/servicos\/#organization\",\"name\":\"Personare\",\"url\":\"https:\/\/www.personare.com.br\/servicos\/\",\"sameAs\":[],\"logo\":{\"@type\":\"ImageObject\",\"inLanguage\":\"pt-BR\",\"@id\":\"https:\/\/www.personare.com.br\/servicos\/#\/schema\/logo\/image\/\",\"url\":\"https:\/\/d2t4cfkrxg4dhd.cloudfront.net\/app\/uploads\/2021\/04\/70295ca5d3b1be44570b5e6d0854fa942edb2ab6.png\",\"contentUrl\":\"https:\/\/d2t4cfkrxg4dhd.cloudfront.net\/app\/uploads\/2021\/04\/70295ca5d3b1be44570b5e6d0854fa942edb2ab6.png\",\"width\":650,\"height\":554,\"caption\":\"Personare\"},\"image\":{\"@id\":\"https:\/\/www.personare.com.br\/servicos\/#\/schema\/logo\/image\/\"}}]}<\/script>\n<!-- \/ Yoast SEO plugin. -->","yoast_head_json":{"title":"Encontre sentido e pertencimento em sua vida - Personare Servi\u00e7os","description":"Que tal um impulso para viver o melhor de quem voc\u00ea pode ser e viver? Todos merecemos viver o m\u00e1ximo que a nossa vida tem para nos oferecer.","robots":{"index":"index","follow":"follow","max-snippet":"max-snippet:-1","max-image-preview":"max-image-preview:large","max-video-preview":"max-video-preview:-1"},"canonical":"https:\/\/www.personare.com.br\/servicos\/produto\/encontre-sentido-e-pertencimento-em-sua-vida\/","og_locale":"pt_BR","og_type":"article","og_title":"Encontre sentido e pertencimento em sua vida - Personare Servi\u00e7os","og_description":"Que tal um impulso para viver o melhor de quem voc\u00ea pode ser e viver? Todos merecemos viver o m\u00e1ximo que a nossa vida tem para nos oferecer.","og_url":"https:\/\/www.personare.com.br\/servicos\/produto\/encontre-sentido-e-pertencimento-em-sua-vida\/","og_site_name":"Personare Servi\u00e7os","article_modified_time":"2024-08-22T14:47:03+00:00","og_image":[{"width":700,"height":396,"url":"https:\/\/d2t4cfkrxg4dhd.cloudfront.net\/app\/uploads\/2022\/07\/ceci-akamatsu-autora.jpeg","type":"image\/jpeg"}],"twitter_card":"summary_large_image","schema":{"@context":"https:\/\/schema.org","@graph":[{"@type":"WebPage","@id":"https:\/\/www.personare.com.br\/servicos\/produto\/encontre-sentido-e-pertencimento-em-sua-vida\/","url":"https:\/\/www.personare.com.br\/servicos\/produto\/encontre-sentido-e-pertencimento-em-sua-vida\/","name":"Encontre sentido e pertencimento em sua vida - Personare Servi\u00e7os","isPartOf":{"@id":"https:\/\/www.personare.com.br\/servicos\/#website"},"datePublished":"2022-07-28T19:32:00+00:00","dateModified":"2024-08-22T14:47:03+00:00","description":"Que tal um impulso para viver o melhor de quem voc\u00ea pode ser e viver? Todos merecemos viver o m\u00e1ximo que a nossa vida tem para nos oferecer.","breadcrumb":{"@id":"https:\/\/www.personare.com.br\/servicos\/produto\/encontre-sentido-e-pertencimento-em-sua-vida\/#breadcrumb"},"inLanguage":"pt-BR","potentialAction":[{"@type":"ReadAction","target":["https:\/\/www.personare.com.br\/servicos\/produto\/encontre-sentido-e-pertencimento-em-sua-vida\/"]}]},{"@type":"BreadcrumbList","@id":"https:\/\/www.personare.com.br\/servicos\/produto\/encontre-sentido-e-pertencimento-em-sua-vida\/#breadcrumb","itemListElement":[{"@type":"ListItem","position":1,"name":"In\u00edcio","item":"https:\/\/www.personare.com.br\/servicos\/"},{"@type":"ListItem","position":2,"name":"Loja","item":"https:\/\/www.personare.com.br\/servicos\/busca\/"},{"@type":"ListItem","position":3,"name":"Encontre sentido e pertencimento em sua vida"}]},{"@type":"WebSite","@id":"https:\/\/www.personare.com.br\/servicos\/#website","url":"https:\/\/www.personare.com.br\/servicos\/","name":"Personare Servi\u00e7os","description":"Agende Consultas e Terapias Online no Personare","publisher":{"@id":"https:\/\/www.personare.com.br\/servicos\/#organization"},"potentialAction":[{"@type":"SearchAction","target":{"@type":"EntryPoint","urlTemplate":"https:\/\/www.personare.com.br\/servicos\/?s={search_term_string}"},"query-input":"required name=search_term_string"}],"inLanguage":"pt-BR"},{"@type":"Organization","@id":"https:\/\/www.personare.com.br\/servicos\/#organization","name":"Personare","url":"https:\/\/www.personare.com.br\/servicos\/","sameAs":[],"logo":{"@type":"ImageObject","inLanguage":"pt-BR","@id":"https:\/\/www.personare.com.br\/servicos\/#\/schema\/logo\/image\/","url":"https:\/\/d2t4cfkrxg4dhd.cloudfront.net\/app\/uploads\/2021\/04\/70295ca5d3b1be44570b5e6d0854fa942edb2ab6.png","contentUrl":"https:\/\/d2t4cfkrxg4dhd.cloudfront.net\/app\/uploads\/2021\/04\/70295ca5d3b1be44570b5e6d0854fa942edb2ab6.png","width":650,"height":554,"caption":"Personare"},"image":{"@id":"https:\/\/www.personare.com.br\/servicos\/#\/schema\/logo\/image\/"}}]}},"_links":{"self":[{"href":"https:\/\/www.personare.com.br\/servicos\/wp-json\/wp\/v2\/product\/3239"}],"collection":[{"href":"https:\/\/www.personare.com.br\/servicos\/wp-json\/wp\/v2\/product"}],"about":[{"href":"https:\/\/www.personare.com.br\/servicos\/wp-json\/wp\/v2\/types\/product"}],"replies":[{"embeddable":true,"href":"https:\/\/www.personare.com.br\/servicos\/wp-json\/wp\/v2\/comments?post=3239"}],"version-history":[{"count":2,"href":"https:\/\/www.personare.com.br\/servicos\/wp-json\/wp\/v2\/product\/3239\/revisions"}],"predecessor-version":[{"id":11410,"href":"https:\/\/www.personare.com.br\/servicos\/wp-json\/wp\/v2\/product\/3239\/revisions\/11410"}],"wp:featuredmedia":[{"embeddable":true,"href":"https:\/\/www.personare.com.br\/servicos\/wp-json\/wp\/v2\/media\/12044"}],"wp:attachment":[{"href":"https:\/\/www.personare.com.br\/servicos\/wp-json\/wp\/v2\/media?parent=3239"}],"wp:term":[{"taxonomy":"product_brand","embeddable":true,"href":"https:\/\/www.personare.com.br\/servicos\/wp-json\/wp\/v2\/product_brand?post=3239"},{"taxonomy":"product_cat","embeddable":true,"href":"https:\/\/www.personare.com.br\/servicos\/wp-json\/wp\/v2\/product_cat?post=3239"},{"taxonomy":"product_tag","embeddable":true,"href":"https:\/\/www.personare.com.br\/servicos\/wp-json\/wp\/v2\/product_tag?post=3239"},{"taxonomy":"areas-da-vida","embeddable":true,"href":"https:\/\/www.personare.com.br\/servicos\/wp-json\/wp\/v2\/areas-da-vida?post=3239"},{"taxonomy":"estudos-e-terapias","embeddable":true,"href":"https:\/\/www.personare.com.br\/servicos\/wp-json\/wp\/v2\/estudos-e-terapias?post=3239"},{"taxonomy":"dores-e-objetivos","embeddable":true,"href":"https:\/\/www.personare.com.br\/servicos\/wp-json\/wp\/v2\/dores-e-objetivos?post=3239"}],"curies":[{"name":"wp","href":"https:\/\/api.w.org\/{rel}","templated":true}]}}