{"id":23911,"date":"2025-12-11T15:08:33","date_gmt":"2025-12-11T18:08:33","guid":{"rendered":"https:\/\/www.personare.com.br\/servicos\/?post_type=product&#038;p=23911"},"modified":"2026-01-22T14:34:51","modified_gmt":"2026-01-22T17:34:51","slug":"mapa-astrologico-empresarial","status":"publish","type":"product","link":"https:\/\/www.personare.com.br\/servicos\/produto\/mapa-astrologico-empresarial\/","title":{"rendered":"Mapa Astrol\u00f3gico Empresarial"},"content":{"rendered":"<p>Pessoas empreendedoras e gestoras que desejam entender o prop\u00f3sito e o mapeamento de influ\u00eancias da empresa<\/p>\n<p>Profissionais que buscam planejar lan\u00e7amentos, reestrutura\u00e7\u00f5es ou mudan\u00e7as estrat\u00e9gicas<\/p>\n<p>Neg\u00f3cios em expans\u00e3o que desejam alinhar decis\u00f5es com estrat\u00e9gias favor\u00e1veis de crescimento<\/p>\n<p>&nbsp;<\/p>\n","protected":false},"excerpt":{"rendered":"<p>E se voc\u00ea pudesse identificar os melhores momentos para expandir, investir ou reposicionar sua empresa?<\/p>\n<p>A Astrologia Empresarial revela os potenciais e desafios do seu neg\u00f3cio, ajudando voc\u00ea a planejar decis\u00f5es estrat\u00e9gicas.<\/p>\n<p>Com essa consulta, voc\u00ea pode:<\/p>\n<p>&#8211; Entender as for\u00e7as e vulnerabilidades do neg\u00f3cio por meio do Mapa Natal de surgimento da empresa<\/p>\n<p>&#8211; Antecipar desafios financeiros, estruturais e de mercado, planejando com intelig\u00eancia e tempo<\/p>\n<p>&#8211; Tomar decis\u00f5es sobre expans\u00f5es, contrata\u00e7\u00f5es, reposicionamentos ou parcerias com base em dados astrol\u00f3gicos concretos<\/p>\n<p>&#8211; Saber mais sobre como alinhar as rela\u00e7\u00f5es entre chefia, equipe de funcion\u00e1rios, clientes, marketing e outras partes que sejam importantes.<\/p>\n<p>A idealizadora \u00e9 a astr\u00f3loga Naiara Tomayno, professora do Curso Prop\u00f3sito de Vida e o seu Mapa Astral, em parceria com o Personare.<\/p>\n","protected":false},"featured_media":16919,"comment_status":"open","ping_status":"closed","template":"","meta":{"_acf_changed":false,"footnotes":""},"product_brand":[],"product_cat":[52],"product_tag":[],"areas-da-vida":[165,167],"estudos-e-terapias":[129],"dores-e-objetivos":[212,236,235],"acf":[],"yoast_head":"<!-- This site is optimized with the Yoast SEO plugin v19.6.1 - https:\/\/yoast.com\/wordpress\/plugins\/seo\/ -->\n<title>Mapa Astrol\u00f3gico Empresarial - Personare Servi\u00e7os<\/title>\n<meta name=\"description\" content=\"Astrologia Empresarial: identifique oportunidades, preveja desafios e tome decis\u00f5es estrat\u00e9gicas no momento certo\" \/>\n<meta name=\"robots\" content=\"index, follow, max-snippet:-1, max-image-preview:large, max-video-preview:-1\" \/>\n<link rel=\"canonical\" href=\"https:\/\/www.personare.com.br\/servicos\/produto\/mapa-astrologico-empresarial\/\" \/>\n<meta property=\"og:locale\" content=\"pt_BR\" \/>\n<meta property=\"og:type\" content=\"article\" \/>\n<meta property=\"og:title\" content=\"Mapa Astrol\u00f3gico Empresarial - Personare Servi\u00e7os\" \/>\n<meta property=\"og:description\" content=\"Astrologia Empresarial: identifique oportunidades, preveja desafios e tome decis\u00f5es estrat\u00e9gicas no momento certo\" \/>\n<meta property=\"og:url\" content=\"https:\/\/www.personare.com.br\/servicos\/produto\/mapa-astrologico-empresarial\/\" \/>\n<meta property=\"og:site_name\" content=\"Personare Servi\u00e7os\" \/>\n<meta property=\"article:modified_time\" content=\"2026-01-22T17:34:51+00:00\" \/>\n<meta property=\"og:image\" content=\"https:\/\/d2t4cfkrxg4dhd.cloudfront.net\/app\/uploads\/2024\/06\/Naiara-Tomayno-Foto-1-1-min.jpg\" \/>\n\t<meta property=\"og:image:width\" content=\"1569\" \/>\n\t<meta property=\"og:image:height\" content=\"1002\" \/>\n\t<meta property=\"og:image:type\" content=\"image\/jpeg\" \/>\n<meta name=\"twitter:card\" content=\"summary_large_image\" \/>\n<script type=\"application\/ld+json\" class=\"yoast-schema-graph\">{\"@context\":\"https:\/\/schema.org\",\"@graph\":[{\"@type\":\"WebPage\",\"@id\":\"https:\/\/www.personare.com.br\/servicos\/produto\/mapa-astrologico-empresarial\/\",\"url\":\"https:\/\/www.personare.com.br\/servicos\/produto\/mapa-astrologico-empresarial\/\",\"name\":\"Mapa Astrol\u00f3gico Empresarial - Personare Servi\u00e7os\",\"isPartOf\":{\"@id\":\"https:\/\/www.personare.com.br\/servicos\/#website\"},\"datePublished\":\"2025-12-11T18:08:33+00:00\",\"dateModified\":\"2026-01-22T17:34:51+00:00\",\"description\":\"Astrologia Empresarial: identifique oportunidades, preveja desafios e tome decis\u00f5es estrat\u00e9gicas no momento certo\",\"breadcrumb\":{\"@id\":\"https:\/\/www.personare.com.br\/servicos\/produto\/mapa-astrologico-empresarial\/#breadcrumb\"},\"inLanguage\":\"pt-BR\",\"potentialAction\":[{\"@type\":\"ReadAction\",\"target\":[\"https:\/\/www.personare.com.br\/servicos\/produto\/mapa-astrologico-empresarial\/\"]}]},{\"@type\":\"BreadcrumbList\",\"@id\":\"https:\/\/www.personare.com.br\/servicos\/produto\/mapa-astrologico-empresarial\/#breadcrumb\",\"itemListElement\":[{\"@type\":\"ListItem\",\"position\":1,\"name\":\"In\u00edcio\",\"item\":\"https:\/\/www.personare.com.br\/servicos\/\"},{\"@type\":\"ListItem\",\"position\":2,\"name\":\"Loja\",\"item\":\"https:\/\/www.personare.com.br\/servicos\/busca\/\"},{\"@type\":\"ListItem\",\"position\":3,\"name\":\"Mapa Astrol\u00f3gico Empresarial\"}]},{\"@type\":\"WebSite\",\"@id\":\"https:\/\/www.personare.com.br\/servicos\/#website\",\"url\":\"https:\/\/www.personare.com.br\/servicos\/\",\"name\":\"Personare Servi\u00e7os\",\"description\":\"Agende Consultas e Terapias Online no Personare\",\"publisher\":{\"@id\":\"https:\/\/www.personare.com.br\/servicos\/#organization\"},\"potentialAction\":[{\"@type\":\"SearchAction\",\"target\":{\"@type\":\"EntryPoint\",\"urlTemplate\":\"https:\/\/www.personare.com.br\/servicos\/?s={search_term_string}\"},\"query-input\":\"required name=search_term_string\"}],\"inLanguage\":\"pt-BR\"},{\"@type\":\"Organization\",\"@id\":\"https:\/\/www.personare.com.br\/servicos\/#organization\",\"name\":\"Personare\",\"url\":\"https:\/\/www.personare.com.br\/servicos\/\",\"sameAs\":[],\"logo\":{\"@type\":\"ImageObject\",\"inLanguage\":\"pt-BR\",\"@id\":\"https:\/\/www.personare.com.br\/servicos\/#\/schema\/logo\/image\/\",\"url\":\"https:\/\/d2t4cfkrxg4dhd.cloudfront.net\/app\/uploads\/2021\/04\/70295ca5d3b1be44570b5e6d0854fa942edb2ab6.png\",\"contentUrl\":\"https:\/\/d2t4cfkrxg4dhd.cloudfront.net\/app\/uploads\/2021\/04\/70295ca5d3b1be44570b5e6d0854fa942edb2ab6.png\",\"width\":650,\"height\":554,\"caption\":\"Personare\"},\"image\":{\"@id\":\"https:\/\/www.personare.com.br\/servicos\/#\/schema\/logo\/image\/\"}}]}<\/script>\n<!-- \/ Yoast SEO plugin. -->","yoast_head_json":{"title":"Mapa Astrol\u00f3gico Empresarial - Personare Servi\u00e7os","description":"Astrologia Empresarial: identifique oportunidades, preveja desafios e tome decis\u00f5es estrat\u00e9gicas no momento certo","robots":{"index":"index","follow":"follow","max-snippet":"max-snippet:-1","max-image-preview":"max-image-preview:large","max-video-preview":"max-video-preview:-1"},"canonical":"https:\/\/www.personare.com.br\/servicos\/produto\/mapa-astrologico-empresarial\/","og_locale":"pt_BR","og_type":"article","og_title":"Mapa Astrol\u00f3gico Empresarial - Personare Servi\u00e7os","og_description":"Astrologia Empresarial: identifique oportunidades, preveja desafios e tome decis\u00f5es estrat\u00e9gicas no momento certo","og_url":"https:\/\/www.personare.com.br\/servicos\/produto\/mapa-astrologico-empresarial\/","og_site_name":"Personare Servi\u00e7os","article_modified_time":"2026-01-22T17:34:51+00:00","og_image":[{"width":1569,"height":1002,"url":"https:\/\/d2t4cfkrxg4dhd.cloudfront.net\/app\/uploads\/2024\/06\/Naiara-Tomayno-Foto-1-1-min.jpg","type":"image\/jpeg"}],"twitter_card":"summary_large_image","schema":{"@context":"https:\/\/schema.org","@graph":[{"@type":"WebPage","@id":"https:\/\/www.personare.com.br\/servicos\/produto\/mapa-astrologico-empresarial\/","url":"https:\/\/www.personare.com.br\/servicos\/produto\/mapa-astrologico-empresarial\/","name":"Mapa Astrol\u00f3gico Empresarial - Personare Servi\u00e7os","isPartOf":{"@id":"https:\/\/www.personare.com.br\/servicos\/#website"},"datePublished":"2025-12-11T18:08:33+00:00","dateModified":"2026-01-22T17:34:51+00:00","description":"Astrologia Empresarial: identifique oportunidades, preveja desafios e tome decis\u00f5es estrat\u00e9gicas no momento certo","breadcrumb":{"@id":"https:\/\/www.personare.com.br\/servicos\/produto\/mapa-astrologico-empresarial\/#breadcrumb"},"inLanguage":"pt-BR","potentialAction":[{"@type":"ReadAction","target":["https:\/\/www.personare.com.br\/servicos\/produto\/mapa-astrologico-empresarial\/"]}]},{"@type":"BreadcrumbList","@id":"https:\/\/www.personare.com.br\/servicos\/produto\/mapa-astrologico-empresarial\/#breadcrumb","itemListElement":[{"@type":"ListItem","position":1,"name":"In\u00edcio","item":"https:\/\/www.personare.com.br\/servicos\/"},{"@type":"ListItem","position":2,"name":"Loja","item":"https:\/\/www.personare.com.br\/servicos\/busca\/"},{"@type":"ListItem","position":3,"name":"Mapa Astrol\u00f3gico Empresarial"}]},{"@type":"WebSite","@id":"https:\/\/www.personare.com.br\/servicos\/#website","url":"https:\/\/www.personare.com.br\/servicos\/","name":"Personare Servi\u00e7os","description":"Agende Consultas e Terapias Online no Personare","publisher":{"@id":"https:\/\/www.personare.com.br\/servicos\/#organization"},"potentialAction":[{"@type":"SearchAction","target":{"@type":"EntryPoint","urlTemplate":"https:\/\/www.personare.com.br\/servicos\/?s={search_term_string}"},"query-input":"required name=search_term_string"}],"inLanguage":"pt-BR"},{"@type":"Organization","@id":"https:\/\/www.personare.com.br\/servicos\/#organization","name":"Personare","url":"https:\/\/www.personare.com.br\/servicos\/","sameAs":[],"logo":{"@type":"ImageObject","inLanguage":"pt-BR","@id":"https:\/\/www.personare.com.br\/servicos\/#\/schema\/logo\/image\/","url":"https:\/\/d2t4cfkrxg4dhd.cloudfront.net\/app\/uploads\/2021\/04\/70295ca5d3b1be44570b5e6d0854fa942edb2ab6.png","contentUrl":"https:\/\/d2t4cfkrxg4dhd.cloudfront.net\/app\/uploads\/2021\/04\/70295ca5d3b1be44570b5e6d0854fa942edb2ab6.png","width":650,"height":554,"caption":"Personare"},"image":{"@id":"https:\/\/www.personare.com.br\/servicos\/#\/schema\/logo\/image\/"}}]}},"_links":{"self":[{"href":"https:\/\/www.personare.com.br\/servicos\/wp-json\/wp\/v2\/product\/23911"}],"collection":[{"href":"https:\/\/www.personare.com.br\/servicos\/wp-json\/wp\/v2\/product"}],"about":[{"href":"https:\/\/www.personare.com.br\/servicos\/wp-json\/wp\/v2\/types\/product"}],"replies":[{"embeddable":true,"href":"https:\/\/www.personare.com.br\/servicos\/wp-json\/wp\/v2\/comments?post=23911"}],"version-history":[{"count":2,"href":"https:\/\/www.personare.com.br\/servicos\/wp-json\/wp\/v2\/product\/23911\/revisions"}],"predecessor-version":[{"id":24107,"href":"https:\/\/www.personare.com.br\/servicos\/wp-json\/wp\/v2\/product\/23911\/revisions\/24107"}],"wp:featuredmedia":[{"embeddable":true,"href":"https:\/\/www.personare.com.br\/servicos\/wp-json\/wp\/v2\/media\/16919"}],"wp:attachment":[{"href":"https:\/\/www.personare.com.br\/servicos\/wp-json\/wp\/v2\/media?parent=23911"}],"wp:term":[{"taxonomy":"product_brand","embeddable":true,"href":"https:\/\/www.personare.com.br\/servicos\/wp-json\/wp\/v2\/product_brand?post=23911"},{"taxonomy":"product_cat","embeddable":true,"href":"https:\/\/www.personare.com.br\/servicos\/wp-json\/wp\/v2\/product_cat?post=23911"},{"taxonomy":"product_tag","embeddable":true,"href":"https:\/\/www.personare.com.br\/servicos\/wp-json\/wp\/v2\/product_tag?post=23911"},{"taxonomy":"areas-da-vida","embeddable":true,"href":"https:\/\/www.personare.com.br\/servicos\/wp-json\/wp\/v2\/areas-da-vida?post=23911"},{"taxonomy":"estudos-e-terapias","embeddable":true,"href":"https:\/\/www.personare.com.br\/servicos\/wp-json\/wp\/v2\/estudos-e-terapias?post=23911"},{"taxonomy":"dores-e-objetivos","embeddable":true,"href":"https:\/\/www.personare.com.br\/servicos\/wp-json\/wp\/v2\/dores-e-objetivos?post=23911"}],"curies":[{"name":"wp","href":"https:\/\/api.w.org\/{rel}","templated":true}]}}