{"id":23631,"date":"2025-12-11T09:45:02","date_gmt":"2025-12-11T12:45:02","guid":{"rendered":"https:\/\/www.personare.com.br\/servicos\/?post_type=product&#038;p=23631"},"modified":"2026-01-22T14:34:51","modified_gmt":"2026-01-22T17:34:51","slug":"mapa-astrologico-do-amor","status":"publish","type":"product","link":"https:\/\/www.personare.com.br\/servicos\/produto\/mapa-astrologico-do-amor\/","title":{"rendered":"Mapa Astrol\u00f3gico do Amor"},"content":{"rendered":"<p>Pessoas que desejam melhorar o amor pr\u00f3prio e compreender suas necessidades emocionais, estando ou n\u00e3o em uma rela\u00e7\u00e3o<\/p>\n<p>Quem busca relacionamentos mais saud\u00e1veis e conscientes<\/p>\n<p>Pessoas que est\u00e3o em processo de t\u00e9rmino, recome\u00e7o ou autoconhecimento afetivo<\/p>\n<p>Quem deseja entender seus padr\u00f5es amorosos, desejos e forma de se conectar emocionalmente<\/p>\n","protected":false},"excerpt":{"rendered":"<p>Tenha em suas m\u00e3os as informa\u00e7\u00f5es que voc\u00ea precisa saber para cultivar mais amor pr\u00f3prio e relacionamentos com excel\u00eancia.<\/p>\n<p>Descubra tudo sobre sua forma de amar, como entender melhor os seus desejos e o que o universo revela sobre seus v\u00ednculos afetivos.<\/p>\n<p>O Mapa\u00a0 Astrol\u00f3gico do Amor mostra como voc\u00ea expressa afeto, vive a sexualidade e manifesta equil\u00edbrio emocional.\u00a0 \u00c9 autoconhecimento profundo para voc\u00ea parar de se cobrar e come\u00e7ar a amar de forma mais verdadeira, come\u00e7ando pelo amor pr\u00f3prio.<\/p>\n<p>A idealizadora \u00e9 a astr\u00f3loga Naiara Tomayno, professora do Curso Prop\u00f3sito de Vida e o seu Mapa Astral, em parceria com o Personare.<\/p>\n","protected":false},"featured_media":23472,"comment_status":"open","ping_status":"closed","template":"","meta":{"_acf_changed":false,"footnotes":""},"product_brand":[],"product_cat":[52],"product_tag":[],"areas-da-vida":[162,164],"estudos-e-terapias":[129],"dores-e-objetivos":[87,88,90,109,113],"acf":[],"yoast_head":"<!-- This site is optimized with the Yoast SEO plugin v19.6.1 - https:\/\/yoast.com\/wordpress\/plugins\/seo\/ -->\n<title>Mapa Astrol\u00f3gico do Amor - Personare Servi\u00e7os<\/title>\n<meta name=\"description\" content=\"Autoconhecimento profundo! Descubra sua forma de amar com a consulta online Mapa Astrol\u00f3gico do Amor, idealizada pela astr\u00f3loga Naiara Tomayno\" \/>\n<meta name=\"robots\" content=\"index, follow, max-snippet:-1, max-image-preview:large, max-video-preview:-1\" \/>\n<link rel=\"canonical\" href=\"https:\/\/www.personare.com.br\/servicos\/produto\/mapa-astrologico-do-amor\/\" \/>\n<meta property=\"og:locale\" content=\"pt_BR\" \/>\n<meta property=\"og:type\" content=\"article\" \/>\n<meta property=\"og:title\" content=\"Mapa Astrol\u00f3gico do Amor - Personare Servi\u00e7os\" \/>\n<meta property=\"og:description\" content=\"Autoconhecimento profundo! Descubra sua forma de amar com a consulta online Mapa Astrol\u00f3gico do Amor, idealizada pela astr\u00f3loga Naiara Tomayno\" \/>\n<meta property=\"og:url\" content=\"https:\/\/www.personare.com.br\/servicos\/produto\/mapa-astrologico-do-amor\/\" \/>\n<meta property=\"og:site_name\" content=\"Personare Servi\u00e7os\" \/>\n<meta property=\"article:modified_time\" content=\"2026-01-22T17:34:51+00:00\" \/>\n<meta property=\"og:image\" content=\"https:\/\/d2t4cfkrxg4dhd.cloudfront.net\/app\/uploads\/2021\/04\/Naiara-Tomayno-2025-1.jpeg\" \/>\n\t<meta property=\"og:image:width\" content=\"900\" \/>\n\t<meta property=\"og:image:height\" content=\"1600\" \/>\n\t<meta property=\"og:image:type\" content=\"image\/jpeg\" \/>\n<meta name=\"twitter:card\" content=\"summary_large_image\" \/>\n<script type=\"application\/ld+json\" class=\"yoast-schema-graph\">{\"@context\":\"https:\/\/schema.org\",\"@graph\":[{\"@type\":\"WebPage\",\"@id\":\"https:\/\/www.personare.com.br\/servicos\/produto\/mapa-astrologico-do-amor\/\",\"url\":\"https:\/\/www.personare.com.br\/servicos\/produto\/mapa-astrologico-do-amor\/\",\"name\":\"Mapa Astrol\u00f3gico do Amor - Personare Servi\u00e7os\",\"isPartOf\":{\"@id\":\"https:\/\/www.personare.com.br\/servicos\/#website\"},\"datePublished\":\"2025-12-11T12:45:02+00:00\",\"dateModified\":\"2026-01-22T17:34:51+00:00\",\"description\":\"Autoconhecimento profundo! Descubra sua forma de amar com a consulta online Mapa Astrol\u00f3gico do Amor, idealizada pela astr\u00f3loga Naiara Tomayno\",\"breadcrumb\":{\"@id\":\"https:\/\/www.personare.com.br\/servicos\/produto\/mapa-astrologico-do-amor\/#breadcrumb\"},\"inLanguage\":\"pt-BR\",\"potentialAction\":[{\"@type\":\"ReadAction\",\"target\":[\"https:\/\/www.personare.com.br\/servicos\/produto\/mapa-astrologico-do-amor\/\"]}]},{\"@type\":\"BreadcrumbList\",\"@id\":\"https:\/\/www.personare.com.br\/servicos\/produto\/mapa-astrologico-do-amor\/#breadcrumb\",\"itemListElement\":[{\"@type\":\"ListItem\",\"position\":1,\"name\":\"In\u00edcio\",\"item\":\"https:\/\/www.personare.com.br\/servicos\/\"},{\"@type\":\"ListItem\",\"position\":2,\"name\":\"Loja\",\"item\":\"https:\/\/www.personare.com.br\/servicos\/busca\/\"},{\"@type\":\"ListItem\",\"position\":3,\"name\":\"Mapa Astrol\u00f3gico do Amor\"}]},{\"@type\":\"WebSite\",\"@id\":\"https:\/\/www.personare.com.br\/servicos\/#website\",\"url\":\"https:\/\/www.personare.com.br\/servicos\/\",\"name\":\"Personare Servi\u00e7os\",\"description\":\"Agende Consultas e Terapias Online no Personare\",\"publisher\":{\"@id\":\"https:\/\/www.personare.com.br\/servicos\/#organization\"},\"potentialAction\":[{\"@type\":\"SearchAction\",\"target\":{\"@type\":\"EntryPoint\",\"urlTemplate\":\"https:\/\/www.personare.com.br\/servicos\/?s={search_term_string}\"},\"query-input\":\"required name=search_term_string\"}],\"inLanguage\":\"pt-BR\"},{\"@type\":\"Organization\",\"@id\":\"https:\/\/www.personare.com.br\/servicos\/#organization\",\"name\":\"Personare\",\"url\":\"https:\/\/www.personare.com.br\/servicos\/\",\"sameAs\":[],\"logo\":{\"@type\":\"ImageObject\",\"inLanguage\":\"pt-BR\",\"@id\":\"https:\/\/www.personare.com.br\/servicos\/#\/schema\/logo\/image\/\",\"url\":\"https:\/\/d2t4cfkrxg4dhd.cloudfront.net\/app\/uploads\/2021\/04\/70295ca5d3b1be44570b5e6d0854fa942edb2ab6.png\",\"contentUrl\":\"https:\/\/d2t4cfkrxg4dhd.cloudfront.net\/app\/uploads\/2021\/04\/70295ca5d3b1be44570b5e6d0854fa942edb2ab6.png\",\"width\":650,\"height\":554,\"caption\":\"Personare\"},\"image\":{\"@id\":\"https:\/\/www.personare.com.br\/servicos\/#\/schema\/logo\/image\/\"}}]}<\/script>\n<!-- \/ Yoast SEO plugin. -->","yoast_head_json":{"title":"Mapa Astrol\u00f3gico do Amor - Personare Servi\u00e7os","description":"Autoconhecimento profundo! Descubra sua forma de amar com a consulta online Mapa Astrol\u00f3gico do Amor, idealizada pela astr\u00f3loga Naiara Tomayno","robots":{"index":"index","follow":"follow","max-snippet":"max-snippet:-1","max-image-preview":"max-image-preview:large","max-video-preview":"max-video-preview:-1"},"canonical":"https:\/\/www.personare.com.br\/servicos\/produto\/mapa-astrologico-do-amor\/","og_locale":"pt_BR","og_type":"article","og_title":"Mapa Astrol\u00f3gico do Amor - Personare Servi\u00e7os","og_description":"Autoconhecimento profundo! Descubra sua forma de amar com a consulta online Mapa Astrol\u00f3gico do Amor, idealizada pela astr\u00f3loga Naiara Tomayno","og_url":"https:\/\/www.personare.com.br\/servicos\/produto\/mapa-astrologico-do-amor\/","og_site_name":"Personare Servi\u00e7os","article_modified_time":"2026-01-22T17:34:51+00:00","og_image":[{"width":900,"height":1600,"url":"https:\/\/d2t4cfkrxg4dhd.cloudfront.net\/app\/uploads\/2021\/04\/Naiara-Tomayno-2025-1.jpeg","type":"image\/jpeg"}],"twitter_card":"summary_large_image","schema":{"@context":"https:\/\/schema.org","@graph":[{"@type":"WebPage","@id":"https:\/\/www.personare.com.br\/servicos\/produto\/mapa-astrologico-do-amor\/","url":"https:\/\/www.personare.com.br\/servicos\/produto\/mapa-astrologico-do-amor\/","name":"Mapa Astrol\u00f3gico do Amor - Personare Servi\u00e7os","isPartOf":{"@id":"https:\/\/www.personare.com.br\/servicos\/#website"},"datePublished":"2025-12-11T12:45:02+00:00","dateModified":"2026-01-22T17:34:51+00:00","description":"Autoconhecimento profundo! Descubra sua forma de amar com a consulta online Mapa Astrol\u00f3gico do Amor, idealizada pela astr\u00f3loga Naiara Tomayno","breadcrumb":{"@id":"https:\/\/www.personare.com.br\/servicos\/produto\/mapa-astrologico-do-amor\/#breadcrumb"},"inLanguage":"pt-BR","potentialAction":[{"@type":"ReadAction","target":["https:\/\/www.personare.com.br\/servicos\/produto\/mapa-astrologico-do-amor\/"]}]},{"@type":"BreadcrumbList","@id":"https:\/\/www.personare.com.br\/servicos\/produto\/mapa-astrologico-do-amor\/#breadcrumb","itemListElement":[{"@type":"ListItem","position":1,"name":"In\u00edcio","item":"https:\/\/www.personare.com.br\/servicos\/"},{"@type":"ListItem","position":2,"name":"Loja","item":"https:\/\/www.personare.com.br\/servicos\/busca\/"},{"@type":"ListItem","position":3,"name":"Mapa Astrol\u00f3gico do Amor"}]},{"@type":"WebSite","@id":"https:\/\/www.personare.com.br\/servicos\/#website","url":"https:\/\/www.personare.com.br\/servicos\/","name":"Personare Servi\u00e7os","description":"Agende Consultas e Terapias Online no Personare","publisher":{"@id":"https:\/\/www.personare.com.br\/servicos\/#organization"},"potentialAction":[{"@type":"SearchAction","target":{"@type":"EntryPoint","urlTemplate":"https:\/\/www.personare.com.br\/servicos\/?s={search_term_string}"},"query-input":"required name=search_term_string"}],"inLanguage":"pt-BR"},{"@type":"Organization","@id":"https:\/\/www.personare.com.br\/servicos\/#organization","name":"Personare","url":"https:\/\/www.personare.com.br\/servicos\/","sameAs":[],"logo":{"@type":"ImageObject","inLanguage":"pt-BR","@id":"https:\/\/www.personare.com.br\/servicos\/#\/schema\/logo\/image\/","url":"https:\/\/d2t4cfkrxg4dhd.cloudfront.net\/app\/uploads\/2021\/04\/70295ca5d3b1be44570b5e6d0854fa942edb2ab6.png","contentUrl":"https:\/\/d2t4cfkrxg4dhd.cloudfront.net\/app\/uploads\/2021\/04\/70295ca5d3b1be44570b5e6d0854fa942edb2ab6.png","width":650,"height":554,"caption":"Personare"},"image":{"@id":"https:\/\/www.personare.com.br\/servicos\/#\/schema\/logo\/image\/"}}]}},"_links":{"self":[{"href":"https:\/\/www.personare.com.br\/servicos\/wp-json\/wp\/v2\/product\/23631"}],"collection":[{"href":"https:\/\/www.personare.com.br\/servicos\/wp-json\/wp\/v2\/product"}],"about":[{"href":"https:\/\/www.personare.com.br\/servicos\/wp-json\/wp\/v2\/types\/product"}],"replies":[{"embeddable":true,"href":"https:\/\/www.personare.com.br\/servicos\/wp-json\/wp\/v2\/comments?post=23631"}],"version-history":[{"count":4,"href":"https:\/\/www.personare.com.br\/servicos\/wp-json\/wp\/v2\/product\/23631\/revisions"}],"predecessor-version":[{"id":24104,"href":"https:\/\/www.personare.com.br\/servicos\/wp-json\/wp\/v2\/product\/23631\/revisions\/24104"}],"wp:featuredmedia":[{"embeddable":true,"href":"https:\/\/www.personare.com.br\/servicos\/wp-json\/wp\/v2\/media\/23472"}],"wp:attachment":[{"href":"https:\/\/www.personare.com.br\/servicos\/wp-json\/wp\/v2\/media?parent=23631"}],"wp:term":[{"taxonomy":"product_brand","embeddable":true,"href":"https:\/\/www.personare.com.br\/servicos\/wp-json\/wp\/v2\/product_brand?post=23631"},{"taxonomy":"product_cat","embeddable":true,"href":"https:\/\/www.personare.com.br\/servicos\/wp-json\/wp\/v2\/product_cat?post=23631"},{"taxonomy":"product_tag","embeddable":true,"href":"https:\/\/www.personare.com.br\/servicos\/wp-json\/wp\/v2\/product_tag?post=23631"},{"taxonomy":"areas-da-vida","embeddable":true,"href":"https:\/\/www.personare.com.br\/servicos\/wp-json\/wp\/v2\/areas-da-vida?post=23631"},{"taxonomy":"estudos-e-terapias","embeddable":true,"href":"https:\/\/www.personare.com.br\/servicos\/wp-json\/wp\/v2\/estudos-e-terapias?post=23631"},{"taxonomy":"dores-e-objetivos","embeddable":true,"href":"https:\/\/www.personare.com.br\/servicos\/wp-json\/wp\/v2\/dores-e-objetivos?post=23631"}],"curies":[{"name":"wp","href":"https:\/\/api.w.org\/{rel}","templated":true}]}}