{"id":23473,"date":"2025-11-12T11:10:59","date_gmt":"2025-11-12T14:10:59","guid":{"rendered":"https:\/\/www.personare.com.br\/servicos\/?post_type=product&#038;p=23473"},"modified":"2026-01-22T14:34:51","modified_gmt":"2026-01-22T17:34:51","slug":"mapa-astrologico-infantil","status":"publish","type":"product","link":"https:\/\/www.personare.com.br\/servicos\/produto\/mapa-astrologico-infantil\/","title":{"rendered":"Mapa Astrol\u00f3gico Infantil"},"content":{"rendered":"<p>Pais, m\u00e3es e respons\u00e1veis que desejam entender melhor seus filhos e como apoi\u00e1-los emocionalmente<\/p>\n<p>Educadores e cuidadores que buscam metodologias personalizadas de ensino e conviv\u00eancia<\/p>\n<p>Fam\u00edlias que querem promover um ambiente mais harmonioso, criativo e consciente<\/p>\n<p>Pessoas interessadas em compreender a voca\u00e7\u00e3o e o prop\u00f3sito de vida das crian\u00e7as desde cedo<\/p>\n","protected":false},"excerpt":{"rendered":"<p>Voc\u00ea j\u00e1 se perguntou por que sua crian\u00e7a reage de um jeito diferente do que voc\u00ea esperava? Criar um filho \u00e9 desafiador e n\u00e3o existe manual de instru\u00e7\u00f5es. Mas e se voc\u00ea pudesse entender a ess\u00eancia \u00fanica da sua crian\u00e7a e descobrir exatamente o que ela precisa para se desenvolver?<\/p>\n<p>A consulta de <strong>Mapa Astrol\u00f3gico Infantil revela as potencialidades \u00fanicas de cada crian\u00e7a:<\/strong>\u00a0 seus talentos, desafios e o melhor caminho para um crescimento emocional e educacional equilibrado.<\/p>\n<p>Voc\u00ea poder\u00e1 se aprofundar em:<\/p>\n<p>&#8211; Pontos de talento e aprendizado \u2013 como a crian\u00e7a pensa, aprende e se expressa<br \/>&#8211; Aspectos emocionais e familiares \u2013 como lida com sentimentos, v\u00ednculos e o ambiente dom\u00e9stico<br \/>&#8211; Rela\u00e7\u00e3o com pai e m\u00e3e \u2013 quais energias predominam em cada v\u00ednculo e como equilibr\u00e1-las<br \/>&#8211; Intera\u00e7\u00e3o social \u2013 o modo como se conecta com colegas e amigos<br \/>&#8211; Voca\u00e7\u00e3o e prop\u00f3sito \u2013 potenciais de carreira, dons e caminhos futuros<br \/>Recomenda\u00e7\u00f5es pr\u00e1ticas \u2013 metodologias de ensino, atividades extra e formas de lazer que favorecem seu desenvolvimento.<\/p>\n<p>A idealizadora \u00e9 a astr\u00f3loga Naiara Tomayno, professora do Curso Prop\u00f3sito de Vida e o seu Mapa Astral, em parceria com o Personare.\u00a0<\/p>\n","protected":false},"featured_media":23601,"comment_status":"open","ping_status":"closed","template":"","meta":{"_acf_changed":false,"footnotes":""},"product_brand":[],"product_cat":[52],"product_tag":[],"areas-da-vida":[169],"estudos-e-terapias":[129],"dores-e-objetivos":[201,189,233,110],"acf":[],"yoast_head":"<!-- This site is optimized with the Yoast SEO plugin v19.6.1 - https:\/\/yoast.com\/wordpress\/plugins\/seo\/ -->\n<title>Mapa Astrol\u00f3gico Infantil - Personare Servi\u00e7os<\/title>\n<meta name=\"description\" content=\"Eduque com clareza, fortale\u00e7a v\u00ednculos e apoie o desenvolvimento da sua crian\u00e7a com a consulta de Mapa Astrol\u00f3gico Infantil\" \/>\n<meta name=\"robots\" content=\"index, follow, max-snippet:-1, max-image-preview:large, max-video-preview:-1\" \/>\n<link rel=\"canonical\" href=\"https:\/\/www.personare.com.br\/servicos\/produto\/mapa-astrologico-infantil\/\" \/>\n<meta property=\"og:locale\" content=\"pt_BR\" \/>\n<meta property=\"og:type\" content=\"article\" \/>\n<meta property=\"og:title\" content=\"Mapa Astrol\u00f3gico Infantil - Personare Servi\u00e7os\" \/>\n<meta property=\"og:description\" content=\"Eduque com clareza, fortale\u00e7a v\u00ednculos e apoie o desenvolvimento da sua crian\u00e7a com a consulta de Mapa Astrol\u00f3gico Infantil\" \/>\n<meta property=\"og:url\" content=\"https:\/\/www.personare.com.br\/servicos\/produto\/mapa-astrologico-infantil\/\" \/>\n<meta property=\"og:site_name\" content=\"Personare Servi\u00e7os\" \/>\n<meta property=\"article:modified_time\" content=\"2026-01-22T17:34:51+00:00\" \/>\n<meta property=\"og:image\" content=\"https:\/\/d2t4cfkrxg4dhd.cloudfront.net\/app\/uploads\/2025\/09\/IMG_4180.jpeg\" \/>\n\t<meta property=\"og:image:width\" content=\"1365\" \/>\n\t<meta property=\"og:image:height\" content=\"2048\" \/>\n\t<meta property=\"og:image:type\" content=\"image\/jpeg\" \/>\n<meta name=\"twitter:card\" content=\"summary_large_image\" \/>\n<script type=\"application\/ld+json\" class=\"yoast-schema-graph\">{\"@context\":\"https:\/\/schema.org\",\"@graph\":[{\"@type\":\"WebPage\",\"@id\":\"https:\/\/www.personare.com.br\/servicos\/produto\/mapa-astrologico-infantil\/\",\"url\":\"https:\/\/www.personare.com.br\/servicos\/produto\/mapa-astrologico-infantil\/\",\"name\":\"Mapa Astrol\u00f3gico Infantil - Personare Servi\u00e7os\",\"isPartOf\":{\"@id\":\"https:\/\/www.personare.com.br\/servicos\/#website\"},\"datePublished\":\"2025-11-12T14:10:59+00:00\",\"dateModified\":\"2026-01-22T17:34:51+00:00\",\"description\":\"Eduque com clareza, fortale\u00e7a v\u00ednculos e apoie o desenvolvimento da sua crian\u00e7a com a consulta de Mapa Astrol\u00f3gico Infantil\",\"breadcrumb\":{\"@id\":\"https:\/\/www.personare.com.br\/servicos\/produto\/mapa-astrologico-infantil\/#breadcrumb\"},\"inLanguage\":\"pt-BR\",\"potentialAction\":[{\"@type\":\"ReadAction\",\"target\":[\"https:\/\/www.personare.com.br\/servicos\/produto\/mapa-astrologico-infantil\/\"]}]},{\"@type\":\"BreadcrumbList\",\"@id\":\"https:\/\/www.personare.com.br\/servicos\/produto\/mapa-astrologico-infantil\/#breadcrumb\",\"itemListElement\":[{\"@type\":\"ListItem\",\"position\":1,\"name\":\"In\u00edcio\",\"item\":\"https:\/\/www.personare.com.br\/servicos\/\"},{\"@type\":\"ListItem\",\"position\":2,\"name\":\"Loja\",\"item\":\"https:\/\/www.personare.com.br\/servicos\/busca\/\"},{\"@type\":\"ListItem\",\"position\":3,\"name\":\"Mapa Astrol\u00f3gico Infantil\"}]},{\"@type\":\"WebSite\",\"@id\":\"https:\/\/www.personare.com.br\/servicos\/#website\",\"url\":\"https:\/\/www.personare.com.br\/servicos\/\",\"name\":\"Personare Servi\u00e7os\",\"description\":\"Agende Consultas e Terapias Online no Personare\",\"publisher\":{\"@id\":\"https:\/\/www.personare.com.br\/servicos\/#organization\"},\"potentialAction\":[{\"@type\":\"SearchAction\",\"target\":{\"@type\":\"EntryPoint\",\"urlTemplate\":\"https:\/\/www.personare.com.br\/servicos\/?s={search_term_string}\"},\"query-input\":\"required name=search_term_string\"}],\"inLanguage\":\"pt-BR\"},{\"@type\":\"Organization\",\"@id\":\"https:\/\/www.personare.com.br\/servicos\/#organization\",\"name\":\"Personare\",\"url\":\"https:\/\/www.personare.com.br\/servicos\/\",\"sameAs\":[],\"logo\":{\"@type\":\"ImageObject\",\"inLanguage\":\"pt-BR\",\"@id\":\"https:\/\/www.personare.com.br\/servicos\/#\/schema\/logo\/image\/\",\"url\":\"https:\/\/d2t4cfkrxg4dhd.cloudfront.net\/app\/uploads\/2021\/04\/70295ca5d3b1be44570b5e6d0854fa942edb2ab6.png\",\"contentUrl\":\"https:\/\/d2t4cfkrxg4dhd.cloudfront.net\/app\/uploads\/2021\/04\/70295ca5d3b1be44570b5e6d0854fa942edb2ab6.png\",\"width\":650,\"height\":554,\"caption\":\"Personare\"},\"image\":{\"@id\":\"https:\/\/www.personare.com.br\/servicos\/#\/schema\/logo\/image\/\"}}]}<\/script>\n<!-- \/ Yoast SEO plugin. -->","yoast_head_json":{"title":"Mapa Astrol\u00f3gico Infantil - Personare Servi\u00e7os","description":"Eduque com clareza, fortale\u00e7a v\u00ednculos e apoie o desenvolvimento da sua crian\u00e7a com a consulta de Mapa Astrol\u00f3gico Infantil","robots":{"index":"index","follow":"follow","max-snippet":"max-snippet:-1","max-image-preview":"max-image-preview:large","max-video-preview":"max-video-preview:-1"},"canonical":"https:\/\/www.personare.com.br\/servicos\/produto\/mapa-astrologico-infantil\/","og_locale":"pt_BR","og_type":"article","og_title":"Mapa Astrol\u00f3gico Infantil - Personare Servi\u00e7os","og_description":"Eduque com clareza, fortale\u00e7a v\u00ednculos e apoie o desenvolvimento da sua crian\u00e7a com a consulta de Mapa Astrol\u00f3gico Infantil","og_url":"https:\/\/www.personare.com.br\/servicos\/produto\/mapa-astrologico-infantil\/","og_site_name":"Personare Servi\u00e7os","article_modified_time":"2026-01-22T17:34:51+00:00","og_image":[{"width":1365,"height":2048,"url":"https:\/\/d2t4cfkrxg4dhd.cloudfront.net\/app\/uploads\/2025\/09\/IMG_4180.jpeg","type":"image\/jpeg"}],"twitter_card":"summary_large_image","schema":{"@context":"https:\/\/schema.org","@graph":[{"@type":"WebPage","@id":"https:\/\/www.personare.com.br\/servicos\/produto\/mapa-astrologico-infantil\/","url":"https:\/\/www.personare.com.br\/servicos\/produto\/mapa-astrologico-infantil\/","name":"Mapa Astrol\u00f3gico Infantil - Personare Servi\u00e7os","isPartOf":{"@id":"https:\/\/www.personare.com.br\/servicos\/#website"},"datePublished":"2025-11-12T14:10:59+00:00","dateModified":"2026-01-22T17:34:51+00:00","description":"Eduque com clareza, fortale\u00e7a v\u00ednculos e apoie o desenvolvimento da sua crian\u00e7a com a consulta de Mapa Astrol\u00f3gico Infantil","breadcrumb":{"@id":"https:\/\/www.personare.com.br\/servicos\/produto\/mapa-astrologico-infantil\/#breadcrumb"},"inLanguage":"pt-BR","potentialAction":[{"@type":"ReadAction","target":["https:\/\/www.personare.com.br\/servicos\/produto\/mapa-astrologico-infantil\/"]}]},{"@type":"BreadcrumbList","@id":"https:\/\/www.personare.com.br\/servicos\/produto\/mapa-astrologico-infantil\/#breadcrumb","itemListElement":[{"@type":"ListItem","position":1,"name":"In\u00edcio","item":"https:\/\/www.personare.com.br\/servicos\/"},{"@type":"ListItem","position":2,"name":"Loja","item":"https:\/\/www.personare.com.br\/servicos\/busca\/"},{"@type":"ListItem","position":3,"name":"Mapa Astrol\u00f3gico Infantil"}]},{"@type":"WebSite","@id":"https:\/\/www.personare.com.br\/servicos\/#website","url":"https:\/\/www.personare.com.br\/servicos\/","name":"Personare Servi\u00e7os","description":"Agende Consultas e Terapias Online no Personare","publisher":{"@id":"https:\/\/www.personare.com.br\/servicos\/#organization"},"potentialAction":[{"@type":"SearchAction","target":{"@type":"EntryPoint","urlTemplate":"https:\/\/www.personare.com.br\/servicos\/?s={search_term_string}"},"query-input":"required name=search_term_string"}],"inLanguage":"pt-BR"},{"@type":"Organization","@id":"https:\/\/www.personare.com.br\/servicos\/#organization","name":"Personare","url":"https:\/\/www.personare.com.br\/servicos\/","sameAs":[],"logo":{"@type":"ImageObject","inLanguage":"pt-BR","@id":"https:\/\/www.personare.com.br\/servicos\/#\/schema\/logo\/image\/","url":"https:\/\/d2t4cfkrxg4dhd.cloudfront.net\/app\/uploads\/2021\/04\/70295ca5d3b1be44570b5e6d0854fa942edb2ab6.png","contentUrl":"https:\/\/d2t4cfkrxg4dhd.cloudfront.net\/app\/uploads\/2021\/04\/70295ca5d3b1be44570b5e6d0854fa942edb2ab6.png","width":650,"height":554,"caption":"Personare"},"image":{"@id":"https:\/\/www.personare.com.br\/servicos\/#\/schema\/logo\/image\/"}}]}},"_links":{"self":[{"href":"https:\/\/www.personare.com.br\/servicos\/wp-json\/wp\/v2\/product\/23473"}],"collection":[{"href":"https:\/\/www.personare.com.br\/servicos\/wp-json\/wp\/v2\/product"}],"about":[{"href":"https:\/\/www.personare.com.br\/servicos\/wp-json\/wp\/v2\/types\/product"}],"replies":[{"embeddable":true,"href":"https:\/\/www.personare.com.br\/servicos\/wp-json\/wp\/v2\/comments?post=23473"}],"version-history":[{"count":9,"href":"https:\/\/www.personare.com.br\/servicos\/wp-json\/wp\/v2\/product\/23473\/revisions"}],"predecessor-version":[{"id":23624,"href":"https:\/\/www.personare.com.br\/servicos\/wp-json\/wp\/v2\/product\/23473\/revisions\/23624"}],"wp:featuredmedia":[{"embeddable":true,"href":"https:\/\/www.personare.com.br\/servicos\/wp-json\/wp\/v2\/media\/23601"}],"wp:attachment":[{"href":"https:\/\/www.personare.com.br\/servicos\/wp-json\/wp\/v2\/media?parent=23473"}],"wp:term":[{"taxonomy":"product_brand","embeddable":true,"href":"https:\/\/www.personare.com.br\/servicos\/wp-json\/wp\/v2\/product_brand?post=23473"},{"taxonomy":"product_cat","embeddable":true,"href":"https:\/\/www.personare.com.br\/servicos\/wp-json\/wp\/v2\/product_cat?post=23473"},{"taxonomy":"product_tag","embeddable":true,"href":"https:\/\/www.personare.com.br\/servicos\/wp-json\/wp\/v2\/product_tag?post=23473"},{"taxonomy":"areas-da-vida","embeddable":true,"href":"https:\/\/www.personare.com.br\/servicos\/wp-json\/wp\/v2\/areas-da-vida?post=23473"},{"taxonomy":"estudos-e-terapias","embeddable":true,"href":"https:\/\/www.personare.com.br\/servicos\/wp-json\/wp\/v2\/estudos-e-terapias?post=23473"},{"taxonomy":"dores-e-objetivos","embeddable":true,"href":"https:\/\/www.personare.com.br\/servicos\/wp-json\/wp\/v2\/dores-e-objetivos?post=23473"}],"curies":[{"name":"wp","href":"https:\/\/api.w.org\/{rel}","templated":true}]}}