{"id":23466,"date":"2025-11-12T11:20:20","date_gmt":"2025-11-12T14:20:20","guid":{"rendered":"https:\/\/www.personare.com.br\/servicos\/?post_type=product&#038;p=23466"},"modified":"2026-02-03T16:09:30","modified_gmt":"2026-02-03T19:09:30","slug":"mapa-de-astrologia-eletiva","status":"publish","type":"product","link":"https:\/\/www.personare.com.br\/servicos\/produto\/mapa-de-astrologia-eletiva\/","title":{"rendered":"Mapa de Astrologia Eletiva"},"content":{"rendered":"<p>Pessoas empreendedoras ou investidoras que querem abrir empresa, lan\u00e7ar marca ou produto no momento certo<\/p>\n<p>Artistas e criativos que desejam entender o melhor momento para potencializar suas cria\u00e7\u00f5es de acordo com o mood do p\u00fablico<\/p>\n<p>Casais que desejam escolher a melhor data para o casamento<\/p>\n<p>Profissionais que planejam iniciar novos projetos, parcerias ou contratos<\/p>\n<p>Pessoas que querem tomar decis\u00f5es importantes com seguran\u00e7a energ\u00e9tica e estrat\u00e9gica<\/p>\n","protected":false},"excerpt":{"rendered":"<p>Descubra o melhor momento para agir e garantir os melhores resultados e mais duradouros. A Astrologia Eletiva te ajuda a escolher a data mais favor\u00e1vel para abrir um neg\u00f3cio, lan\u00e7ar um projeto, casar ou tomar decis\u00f5es importantes, potencializando o sucesso e a harmonia dos seus planos.<br \/>\nVoc\u00ea vai descobrir:<br \/>\nA melhor data e hor\u00e1rio para executar o que deseja<br \/>\nUma data alternativa caso algum fator externo venha a interferir na execu\u00e7\u00e3o do seu plano<br \/>\nComo se afastar de per\u00edodos desafiadores que podem trazer influ\u00eancias indesej\u00e1veis para seus planos<br \/>\nEscolher a melhor data para abrir sua empresa ou lan\u00e7ar um produto, atraindo prosperidade e reconhecimento.<br \/>\nDefinir o momento ideal para casar, de acordo com o mapa dos noivos e os aspectos do c\u00e9u, favorecendo uma uni\u00e3o duradoura e alegre.<br \/>\nComo planejar eventos, viagens, contratos ou mudan\u00e7as importantes com mais seguran\u00e7a e sintonia com o destino.<br \/>\nA idealizadora \u00e9 a astr\u00f3loga Naiara Tomayno, professora do Curso Prop\u00f3sito de Vida e o seu Mapa Astral, em parceria com o Personare.<\/p>\n<p>\ud83d\udea8 <strong>Aten\u00e7\u00e3o:<\/strong> A especialista encontra-se de f\u00e9rias. Por esse motivo os servi\u00e7os agendados entre 02\/02\/2026 e 23\/02\/2026,\u00a0 ser\u00e3o atendidos at\u00e9 o dia 06\/03\/2026.<\/p>\n","protected":false},"featured_media":23469,"comment_status":"open","ping_status":"closed","template":"","meta":{"_acf_changed":false,"footnotes":""},"product_brand":[],"product_cat":[52],"product_tag":[],"areas-da-vida":[170],"estudos-e-terapias":[129],"dores-e-objetivos":[82,231,202,229],"acf":[],"yoast_head":"<!-- This site is optimized with the Yoast SEO plugin v19.6.1 - https:\/\/yoast.com\/wordpress\/plugins\/seo\/ -->\n<title>Mapa de Astrologia Eletiva - Personare Servi\u00e7os<\/title>\n<meta name=\"description\" content=\"Astrologia Eletiva: escolha a data ideal para suas decis\u00f5es importantes. Casamento, abertura de empresa, lan\u00e7amentos. Evite per\u00edodos desafiadores e aja no momento certo.\" \/>\n<meta name=\"robots\" content=\"index, follow, max-snippet:-1, max-image-preview:large, max-video-preview:-1\" \/>\n<link rel=\"canonical\" href=\"https:\/\/www.personare.com.br\/servicos\/produto\/mapa-de-astrologia-eletiva\/\" \/>\n<meta property=\"og:locale\" content=\"pt_BR\" \/>\n<meta property=\"og:type\" content=\"article\" \/>\n<meta property=\"og:title\" content=\"Mapa de Astrologia Eletiva - Personare Servi\u00e7os\" \/>\n<meta property=\"og:description\" content=\"Astrologia Eletiva: escolha a data ideal para suas decis\u00f5es importantes. Casamento, abertura de empresa, lan\u00e7amentos. Evite per\u00edodos desafiadores e aja no momento certo.\" \/>\n<meta property=\"og:url\" content=\"https:\/\/www.personare.com.br\/servicos\/produto\/mapa-de-astrologia-eletiva\/\" \/>\n<meta property=\"og:site_name\" content=\"Personare Servi\u00e7os\" \/>\n<meta property=\"article:modified_time\" content=\"2026-02-03T19:09:30+00:00\" \/>\n<meta property=\"og:image\" content=\"https:\/\/d2t4cfkrxg4dhd.cloudfront.net\/app\/uploads\/2021\/04\/Naiara-Tomayno-2025-2.jpeg\" \/>\n\t<meta property=\"og:image:width\" content=\"1068\" \/>\n\t<meta property=\"og:image:height\" content=\"1600\" \/>\n\t<meta property=\"og:image:type\" content=\"image\/jpeg\" \/>\n<meta name=\"twitter:card\" content=\"summary_large_image\" \/>\n<script type=\"application\/ld+json\" class=\"yoast-schema-graph\">{\"@context\":\"https:\/\/schema.org\",\"@graph\":[{\"@type\":\"WebPage\",\"@id\":\"https:\/\/www.personare.com.br\/servicos\/produto\/mapa-de-astrologia-eletiva\/\",\"url\":\"https:\/\/www.personare.com.br\/servicos\/produto\/mapa-de-astrologia-eletiva\/\",\"name\":\"Mapa de Astrologia Eletiva - Personare Servi\u00e7os\",\"isPartOf\":{\"@id\":\"https:\/\/www.personare.com.br\/servicos\/#website\"},\"datePublished\":\"2025-11-12T14:20:20+00:00\",\"dateModified\":\"2026-02-03T19:09:30+00:00\",\"description\":\"Astrologia Eletiva: escolha a data ideal para suas decis\u00f5es importantes. Casamento, abertura de empresa, lan\u00e7amentos. Evite per\u00edodos desafiadores e aja no momento certo.\",\"breadcrumb\":{\"@id\":\"https:\/\/www.personare.com.br\/servicos\/produto\/mapa-de-astrologia-eletiva\/#breadcrumb\"},\"inLanguage\":\"pt-BR\",\"potentialAction\":[{\"@type\":\"ReadAction\",\"target\":[\"https:\/\/www.personare.com.br\/servicos\/produto\/mapa-de-astrologia-eletiva\/\"]}]},{\"@type\":\"BreadcrumbList\",\"@id\":\"https:\/\/www.personare.com.br\/servicos\/produto\/mapa-de-astrologia-eletiva\/#breadcrumb\",\"itemListElement\":[{\"@type\":\"ListItem\",\"position\":1,\"name\":\"In\u00edcio\",\"item\":\"https:\/\/www.personare.com.br\/servicos\/\"},{\"@type\":\"ListItem\",\"position\":2,\"name\":\"Loja\",\"item\":\"https:\/\/www.personare.com.br\/servicos\/busca\/\"},{\"@type\":\"ListItem\",\"position\":3,\"name\":\"Mapa de Astrologia Eletiva\"}]},{\"@type\":\"WebSite\",\"@id\":\"https:\/\/www.personare.com.br\/servicos\/#website\",\"url\":\"https:\/\/www.personare.com.br\/servicos\/\",\"name\":\"Personare Servi\u00e7os\",\"description\":\"Agende Consultas e Terapias Online no Personare\",\"publisher\":{\"@id\":\"https:\/\/www.personare.com.br\/servicos\/#organization\"},\"potentialAction\":[{\"@type\":\"SearchAction\",\"target\":{\"@type\":\"EntryPoint\",\"urlTemplate\":\"https:\/\/www.personare.com.br\/servicos\/?s={search_term_string}\"},\"query-input\":\"required name=search_term_string\"}],\"inLanguage\":\"pt-BR\"},{\"@type\":\"Organization\",\"@id\":\"https:\/\/www.personare.com.br\/servicos\/#organization\",\"name\":\"Personare\",\"url\":\"https:\/\/www.personare.com.br\/servicos\/\",\"sameAs\":[],\"logo\":{\"@type\":\"ImageObject\",\"inLanguage\":\"pt-BR\",\"@id\":\"https:\/\/www.personare.com.br\/servicos\/#\/schema\/logo\/image\/\",\"url\":\"https:\/\/d2t4cfkrxg4dhd.cloudfront.net\/app\/uploads\/2021\/04\/70295ca5d3b1be44570b5e6d0854fa942edb2ab6.png\",\"contentUrl\":\"https:\/\/d2t4cfkrxg4dhd.cloudfront.net\/app\/uploads\/2021\/04\/70295ca5d3b1be44570b5e6d0854fa942edb2ab6.png\",\"width\":650,\"height\":554,\"caption\":\"Personare\"},\"image\":{\"@id\":\"https:\/\/www.personare.com.br\/servicos\/#\/schema\/logo\/image\/\"}}]}<\/script>\n<!-- \/ Yoast SEO plugin. -->","yoast_head_json":{"title":"Mapa de Astrologia Eletiva - Personare Servi\u00e7os","description":"Astrologia Eletiva: escolha a data ideal para suas decis\u00f5es importantes. Casamento, abertura de empresa, lan\u00e7amentos. Evite per\u00edodos desafiadores e aja no momento certo.","robots":{"index":"index","follow":"follow","max-snippet":"max-snippet:-1","max-image-preview":"max-image-preview:large","max-video-preview":"max-video-preview:-1"},"canonical":"https:\/\/www.personare.com.br\/servicos\/produto\/mapa-de-astrologia-eletiva\/","og_locale":"pt_BR","og_type":"article","og_title":"Mapa de Astrologia Eletiva - Personare Servi\u00e7os","og_description":"Astrologia Eletiva: escolha a data ideal para suas decis\u00f5es importantes. Casamento, abertura de empresa, lan\u00e7amentos. Evite per\u00edodos desafiadores e aja no momento certo.","og_url":"https:\/\/www.personare.com.br\/servicos\/produto\/mapa-de-astrologia-eletiva\/","og_site_name":"Personare Servi\u00e7os","article_modified_time":"2026-02-03T19:09:30+00:00","og_image":[{"width":1068,"height":1600,"url":"https:\/\/d2t4cfkrxg4dhd.cloudfront.net\/app\/uploads\/2021\/04\/Naiara-Tomayno-2025-2.jpeg","type":"image\/jpeg"}],"twitter_card":"summary_large_image","schema":{"@context":"https:\/\/schema.org","@graph":[{"@type":"WebPage","@id":"https:\/\/www.personare.com.br\/servicos\/produto\/mapa-de-astrologia-eletiva\/","url":"https:\/\/www.personare.com.br\/servicos\/produto\/mapa-de-astrologia-eletiva\/","name":"Mapa de Astrologia Eletiva - Personare Servi\u00e7os","isPartOf":{"@id":"https:\/\/www.personare.com.br\/servicos\/#website"},"datePublished":"2025-11-12T14:20:20+00:00","dateModified":"2026-02-03T19:09:30+00:00","description":"Astrologia Eletiva: escolha a data ideal para suas decis\u00f5es importantes. Casamento, abertura de empresa, lan\u00e7amentos. Evite per\u00edodos desafiadores e aja no momento certo.","breadcrumb":{"@id":"https:\/\/www.personare.com.br\/servicos\/produto\/mapa-de-astrologia-eletiva\/#breadcrumb"},"inLanguage":"pt-BR","potentialAction":[{"@type":"ReadAction","target":["https:\/\/www.personare.com.br\/servicos\/produto\/mapa-de-astrologia-eletiva\/"]}]},{"@type":"BreadcrumbList","@id":"https:\/\/www.personare.com.br\/servicos\/produto\/mapa-de-astrologia-eletiva\/#breadcrumb","itemListElement":[{"@type":"ListItem","position":1,"name":"In\u00edcio","item":"https:\/\/www.personare.com.br\/servicos\/"},{"@type":"ListItem","position":2,"name":"Loja","item":"https:\/\/www.personare.com.br\/servicos\/busca\/"},{"@type":"ListItem","position":3,"name":"Mapa de Astrologia Eletiva"}]},{"@type":"WebSite","@id":"https:\/\/www.personare.com.br\/servicos\/#website","url":"https:\/\/www.personare.com.br\/servicos\/","name":"Personare Servi\u00e7os","description":"Agende Consultas e Terapias Online no Personare","publisher":{"@id":"https:\/\/www.personare.com.br\/servicos\/#organization"},"potentialAction":[{"@type":"SearchAction","target":{"@type":"EntryPoint","urlTemplate":"https:\/\/www.personare.com.br\/servicos\/?s={search_term_string}"},"query-input":"required name=search_term_string"}],"inLanguage":"pt-BR"},{"@type":"Organization","@id":"https:\/\/www.personare.com.br\/servicos\/#organization","name":"Personare","url":"https:\/\/www.personare.com.br\/servicos\/","sameAs":[],"logo":{"@type":"ImageObject","inLanguage":"pt-BR","@id":"https:\/\/www.personare.com.br\/servicos\/#\/schema\/logo\/image\/","url":"https:\/\/d2t4cfkrxg4dhd.cloudfront.net\/app\/uploads\/2021\/04\/70295ca5d3b1be44570b5e6d0854fa942edb2ab6.png","contentUrl":"https:\/\/d2t4cfkrxg4dhd.cloudfront.net\/app\/uploads\/2021\/04\/70295ca5d3b1be44570b5e6d0854fa942edb2ab6.png","width":650,"height":554,"caption":"Personare"},"image":{"@id":"https:\/\/www.personare.com.br\/servicos\/#\/schema\/logo\/image\/"}}]}},"_links":{"self":[{"href":"https:\/\/www.personare.com.br\/servicos\/wp-json\/wp\/v2\/product\/23466"}],"collection":[{"href":"https:\/\/www.personare.com.br\/servicos\/wp-json\/wp\/v2\/product"}],"about":[{"href":"https:\/\/www.personare.com.br\/servicos\/wp-json\/wp\/v2\/types\/product"}],"replies":[{"embeddable":true,"href":"https:\/\/www.personare.com.br\/servicos\/wp-json\/wp\/v2\/comments?post=23466"}],"version-history":[{"count":11,"href":"https:\/\/www.personare.com.br\/servicos\/wp-json\/wp\/v2\/product\/23466\/revisions"}],"predecessor-version":[{"id":24578,"href":"https:\/\/www.personare.com.br\/servicos\/wp-json\/wp\/v2\/product\/23466\/revisions\/24578"}],"wp:featuredmedia":[{"embeddable":true,"href":"https:\/\/www.personare.com.br\/servicos\/wp-json\/wp\/v2\/media\/23469"}],"wp:attachment":[{"href":"https:\/\/www.personare.com.br\/servicos\/wp-json\/wp\/v2\/media?parent=23466"}],"wp:term":[{"taxonomy":"product_brand","embeddable":true,"href":"https:\/\/www.personare.com.br\/servicos\/wp-json\/wp\/v2\/product_brand?post=23466"},{"taxonomy":"product_cat","embeddable":true,"href":"https:\/\/www.personare.com.br\/servicos\/wp-json\/wp\/v2\/product_cat?post=23466"},{"taxonomy":"product_tag","embeddable":true,"href":"https:\/\/www.personare.com.br\/servicos\/wp-json\/wp\/v2\/product_tag?post=23466"},{"taxonomy":"areas-da-vida","embeddable":true,"href":"https:\/\/www.personare.com.br\/servicos\/wp-json\/wp\/v2\/areas-da-vida?post=23466"},{"taxonomy":"estudos-e-terapias","embeddable":true,"href":"https:\/\/www.personare.com.br\/servicos\/wp-json\/wp\/v2\/estudos-e-terapias?post=23466"},{"taxonomy":"dores-e-objetivos","embeddable":true,"href":"https:\/\/www.personare.com.br\/servicos\/wp-json\/wp\/v2\/dores-e-objetivos?post=23466"}],"curies":[{"name":"wp","href":"https:\/\/api.w.org\/{rel}","templated":true}]}}