{"id":23446,"date":"2025-11-12T11:47:20","date_gmt":"2025-11-12T14:47:20","guid":{"rendered":"https:\/\/www.personare.com.br\/servicos\/?post_type=product&#038;p=23446"},"modified":"2026-02-03T16:27:23","modified_gmt":"2026-02-03T19:27:23","slug":"atendimento-direcionado-com-cartas","status":"publish","type":"product","link":"https:\/\/www.personare.com.br\/servicos\/produto\/atendimento-direcionado-com-cartas\/","title":{"rendered":"Atendimento Direcionado com Cartas"},"content":{"rendered":"<p>Pessoas que t\u00eam d\u00favidas espec\u00edficas sobre carreira, relacionamentos, prop\u00f3sito ou decis\u00f5es de vida<\/p>\n<p>Quem est\u00e1 passando por algum desafio ou em momentos de d\u00favida, mudan\u00e7a ou reavalia\u00e7\u00e3o de caminho<\/p>\n<p>Quem busca respostas r\u00e1pidas e diretas, sem a necessidade de uma leitura completa do Mapa astral<\/p>\n<p>Quem deseja orienta\u00e7\u00f5es espiritualizadas e astrol\u00f3gicas combinadas em um formato leve e pr\u00e1tico<\/p>\n","protected":false},"excerpt":{"rendered":"<p>Obtenha respostas para suas d\u00favidas! Receba orienta\u00e7\u00f5es diretas e assertivas sobre quest\u00f5es espec\u00edficas da sua vida.<\/p>\n<p>A partir do seu Mapa Astral Natal ou de Revolu\u00e7\u00e3o Solar e de um conselho oracular, voc\u00ea ganha clareza para tomar decis\u00f5es e compreender o que est\u00e1 por tr\u00e1s de cada situa\u00e7\u00e3o, com sensibilidade e profundidade.<\/p>\n<p>S\u00e3o usadas as Cartas Astrol\u00f3gicas Hol\u00edsticas, um or\u00e1culo similar ao Tarot e baseado nos planetas, signos e casas da Astrologia. Voc\u00ea envia sua(s) pergunta(s) espec\u00edfica(s) e recebe uma an\u00e1lise astrol\u00f3gica personalizada, sem necessidade de encontro ao vivo.<\/p>\n<p>A idealizadora \u00e9 a astr\u00f3loga Naiara Tomayno, professora do Curso Prop\u00f3sito de Vida e o seu Mapa Astral, em parceria com o Personare.<\/p>\n<p>\ud83d\udea8 <strong>Aten\u00e7\u00e3o:<\/strong> A especialista encontra-se de f\u00e9rias. Por esse motivo os servi\u00e7os agendados entre 02\/02\/2026 e 23\/02\/2026,\u00a0 ser\u00e3o atendidos at\u00e9 o dia 06\/03\/2026.<\/p>\n","protected":false},"featured_media":23445,"comment_status":"open","ping_status":"closed","template":"","meta":{"_acf_changed":false,"footnotes":""},"product_brand":[],"product_cat":[52],"product_tag":[],"areas-da-vida":[163,170],"estudos-e-terapias":[129,154],"dores-e-objetivos":[],"acf":[],"yoast_head":"<!-- This site is optimized with the Yoast SEO plugin v19.6.1 - https:\/\/yoast.com\/wordpress\/plugins\/seo\/ -->\n<title>Atendimento Direcionado com Cartas - Personare Servi\u00e7os<\/title>\n<meta name=\"description\" content=\"Consulta astrol\u00f3gica online e por escrito. Envie suas perguntas e receba an\u00e1lise personalizada do seu Mapa Astral + leitura de or\u00e1culo. Sem necessidade de encontro ao vivo\" \/>\n<meta name=\"robots\" content=\"index, follow, max-snippet:-1, max-image-preview:large, max-video-preview:-1\" \/>\n<link rel=\"canonical\" href=\"https:\/\/www.personare.com.br\/servicos\/produto\/atendimento-direcionado-com-cartas\/\" \/>\n<meta property=\"og:locale\" content=\"pt_BR\" \/>\n<meta property=\"og:type\" content=\"article\" \/>\n<meta property=\"og:title\" content=\"Atendimento Direcionado com Cartas - Personare Servi\u00e7os\" \/>\n<meta property=\"og:description\" content=\"Consulta astrol\u00f3gica online e por escrito. Envie suas perguntas e receba an\u00e1lise personalizada do seu Mapa Astral + leitura de or\u00e1culo. Sem necessidade de encontro ao vivo\" \/>\n<meta property=\"og:url\" content=\"https:\/\/www.personare.com.br\/servicos\/produto\/atendimento-direcionado-com-cartas\/\" \/>\n<meta property=\"og:site_name\" content=\"Personare Servi\u00e7os\" \/>\n<meta property=\"article:modified_time\" content=\"2026-02-03T19:27:23+00:00\" \/>\n<meta property=\"og:image\" content=\"https:\/\/d2t4cfkrxg4dhd.cloudfront.net\/app\/uploads\/2021\/04\/Naiara-Tomayno-Foto-2.jpeg\" \/>\n\t<meta property=\"og:image:width\" content=\"1365\" \/>\n\t<meta property=\"og:image:height\" content=\"2048\" \/>\n\t<meta property=\"og:image:type\" content=\"image\/jpeg\" \/>\n<meta name=\"twitter:card\" content=\"summary_large_image\" \/>\n<script type=\"application\/ld+json\" class=\"yoast-schema-graph\">{\"@context\":\"https:\/\/schema.org\",\"@graph\":[{\"@type\":\"WebPage\",\"@id\":\"https:\/\/www.personare.com.br\/servicos\/produto\/atendimento-direcionado-com-cartas\/\",\"url\":\"https:\/\/www.personare.com.br\/servicos\/produto\/atendimento-direcionado-com-cartas\/\",\"name\":\"Atendimento Direcionado com Cartas - Personare Servi\u00e7os\",\"isPartOf\":{\"@id\":\"https:\/\/www.personare.com.br\/servicos\/#website\"},\"datePublished\":\"2025-11-12T14:47:20+00:00\",\"dateModified\":\"2026-02-03T19:27:23+00:00\",\"description\":\"Consulta astrol\u00f3gica online e por escrito. Envie suas perguntas e receba an\u00e1lise personalizada do seu Mapa Astral + leitura de or\u00e1culo. Sem necessidade de encontro ao vivo\",\"breadcrumb\":{\"@id\":\"https:\/\/www.personare.com.br\/servicos\/produto\/atendimento-direcionado-com-cartas\/#breadcrumb\"},\"inLanguage\":\"pt-BR\",\"potentialAction\":[{\"@type\":\"ReadAction\",\"target\":[\"https:\/\/www.personare.com.br\/servicos\/produto\/atendimento-direcionado-com-cartas\/\"]}]},{\"@type\":\"BreadcrumbList\",\"@id\":\"https:\/\/www.personare.com.br\/servicos\/produto\/atendimento-direcionado-com-cartas\/#breadcrumb\",\"itemListElement\":[{\"@type\":\"ListItem\",\"position\":1,\"name\":\"In\u00edcio\",\"item\":\"https:\/\/www.personare.com.br\/servicos\/\"},{\"@type\":\"ListItem\",\"position\":2,\"name\":\"Loja\",\"item\":\"https:\/\/www.personare.com.br\/servicos\/busca\/\"},{\"@type\":\"ListItem\",\"position\":3,\"name\":\"Atendimento Direcionado com Cartas\"}]},{\"@type\":\"WebSite\",\"@id\":\"https:\/\/www.personare.com.br\/servicos\/#website\",\"url\":\"https:\/\/www.personare.com.br\/servicos\/\",\"name\":\"Personare Servi\u00e7os\",\"description\":\"Agende Consultas e Terapias Online no Personare\",\"publisher\":{\"@id\":\"https:\/\/www.personare.com.br\/servicos\/#organization\"},\"potentialAction\":[{\"@type\":\"SearchAction\",\"target\":{\"@type\":\"EntryPoint\",\"urlTemplate\":\"https:\/\/www.personare.com.br\/servicos\/?s={search_term_string}\"},\"query-input\":\"required name=search_term_string\"}],\"inLanguage\":\"pt-BR\"},{\"@type\":\"Organization\",\"@id\":\"https:\/\/www.personare.com.br\/servicos\/#organization\",\"name\":\"Personare\",\"url\":\"https:\/\/www.personare.com.br\/servicos\/\",\"sameAs\":[],\"logo\":{\"@type\":\"ImageObject\",\"inLanguage\":\"pt-BR\",\"@id\":\"https:\/\/www.personare.com.br\/servicos\/#\/schema\/logo\/image\/\",\"url\":\"https:\/\/d2t4cfkrxg4dhd.cloudfront.net\/app\/uploads\/2021\/04\/70295ca5d3b1be44570b5e6d0854fa942edb2ab6.png\",\"contentUrl\":\"https:\/\/d2t4cfkrxg4dhd.cloudfront.net\/app\/uploads\/2021\/04\/70295ca5d3b1be44570b5e6d0854fa942edb2ab6.png\",\"width\":650,\"height\":554,\"caption\":\"Personare\"},\"image\":{\"@id\":\"https:\/\/www.personare.com.br\/servicos\/#\/schema\/logo\/image\/\"}}]}<\/script>\n<!-- \/ Yoast SEO plugin. -->","yoast_head_json":{"title":"Atendimento Direcionado com Cartas - Personare Servi\u00e7os","description":"Consulta astrol\u00f3gica online e por escrito. Envie suas perguntas e receba an\u00e1lise personalizada do seu Mapa Astral + leitura de or\u00e1culo. Sem necessidade de encontro ao vivo","robots":{"index":"index","follow":"follow","max-snippet":"max-snippet:-1","max-image-preview":"max-image-preview:large","max-video-preview":"max-video-preview:-1"},"canonical":"https:\/\/www.personare.com.br\/servicos\/produto\/atendimento-direcionado-com-cartas\/","og_locale":"pt_BR","og_type":"article","og_title":"Atendimento Direcionado com Cartas - Personare Servi\u00e7os","og_description":"Consulta astrol\u00f3gica online e por escrito. Envie suas perguntas e receba an\u00e1lise personalizada do seu Mapa Astral + leitura de or\u00e1culo. Sem necessidade de encontro ao vivo","og_url":"https:\/\/www.personare.com.br\/servicos\/produto\/atendimento-direcionado-com-cartas\/","og_site_name":"Personare Servi\u00e7os","article_modified_time":"2026-02-03T19:27:23+00:00","og_image":[{"width":1365,"height":2048,"url":"https:\/\/d2t4cfkrxg4dhd.cloudfront.net\/app\/uploads\/2021\/04\/Naiara-Tomayno-Foto-2.jpeg","type":"image\/jpeg"}],"twitter_card":"summary_large_image","schema":{"@context":"https:\/\/schema.org","@graph":[{"@type":"WebPage","@id":"https:\/\/www.personare.com.br\/servicos\/produto\/atendimento-direcionado-com-cartas\/","url":"https:\/\/www.personare.com.br\/servicos\/produto\/atendimento-direcionado-com-cartas\/","name":"Atendimento Direcionado com Cartas - Personare Servi\u00e7os","isPartOf":{"@id":"https:\/\/www.personare.com.br\/servicos\/#website"},"datePublished":"2025-11-12T14:47:20+00:00","dateModified":"2026-02-03T19:27:23+00:00","description":"Consulta astrol\u00f3gica online e por escrito. Envie suas perguntas e receba an\u00e1lise personalizada do seu Mapa Astral + leitura de or\u00e1culo. Sem necessidade de encontro ao vivo","breadcrumb":{"@id":"https:\/\/www.personare.com.br\/servicos\/produto\/atendimento-direcionado-com-cartas\/#breadcrumb"},"inLanguage":"pt-BR","potentialAction":[{"@type":"ReadAction","target":["https:\/\/www.personare.com.br\/servicos\/produto\/atendimento-direcionado-com-cartas\/"]}]},{"@type":"BreadcrumbList","@id":"https:\/\/www.personare.com.br\/servicos\/produto\/atendimento-direcionado-com-cartas\/#breadcrumb","itemListElement":[{"@type":"ListItem","position":1,"name":"In\u00edcio","item":"https:\/\/www.personare.com.br\/servicos\/"},{"@type":"ListItem","position":2,"name":"Loja","item":"https:\/\/www.personare.com.br\/servicos\/busca\/"},{"@type":"ListItem","position":3,"name":"Atendimento Direcionado com Cartas"}]},{"@type":"WebSite","@id":"https:\/\/www.personare.com.br\/servicos\/#website","url":"https:\/\/www.personare.com.br\/servicos\/","name":"Personare Servi\u00e7os","description":"Agende Consultas e Terapias Online no Personare","publisher":{"@id":"https:\/\/www.personare.com.br\/servicos\/#organization"},"potentialAction":[{"@type":"SearchAction","target":{"@type":"EntryPoint","urlTemplate":"https:\/\/www.personare.com.br\/servicos\/?s={search_term_string}"},"query-input":"required name=search_term_string"}],"inLanguage":"pt-BR"},{"@type":"Organization","@id":"https:\/\/www.personare.com.br\/servicos\/#organization","name":"Personare","url":"https:\/\/www.personare.com.br\/servicos\/","sameAs":[],"logo":{"@type":"ImageObject","inLanguage":"pt-BR","@id":"https:\/\/www.personare.com.br\/servicos\/#\/schema\/logo\/image\/","url":"https:\/\/d2t4cfkrxg4dhd.cloudfront.net\/app\/uploads\/2021\/04\/70295ca5d3b1be44570b5e6d0854fa942edb2ab6.png","contentUrl":"https:\/\/d2t4cfkrxg4dhd.cloudfront.net\/app\/uploads\/2021\/04\/70295ca5d3b1be44570b5e6d0854fa942edb2ab6.png","width":650,"height":554,"caption":"Personare"},"image":{"@id":"https:\/\/www.personare.com.br\/servicos\/#\/schema\/logo\/image\/"}}]}},"_links":{"self":[{"href":"https:\/\/www.personare.com.br\/servicos\/wp-json\/wp\/v2\/product\/23446"}],"collection":[{"href":"https:\/\/www.personare.com.br\/servicos\/wp-json\/wp\/v2\/product"}],"about":[{"href":"https:\/\/www.personare.com.br\/servicos\/wp-json\/wp\/v2\/types\/product"}],"replies":[{"embeddable":true,"href":"https:\/\/www.personare.com.br\/servicos\/wp-json\/wp\/v2\/comments?post=23446"}],"version-history":[{"count":12,"href":"https:\/\/www.personare.com.br\/servicos\/wp-json\/wp\/v2\/product\/23446\/revisions"}],"predecessor-version":[{"id":24579,"href":"https:\/\/www.personare.com.br\/servicos\/wp-json\/wp\/v2\/product\/23446\/revisions\/24579"}],"wp:featuredmedia":[{"embeddable":true,"href":"https:\/\/www.personare.com.br\/servicos\/wp-json\/wp\/v2\/media\/23445"}],"wp:attachment":[{"href":"https:\/\/www.personare.com.br\/servicos\/wp-json\/wp\/v2\/media?parent=23446"}],"wp:term":[{"taxonomy":"product_brand","embeddable":true,"href":"https:\/\/www.personare.com.br\/servicos\/wp-json\/wp\/v2\/product_brand?post=23446"},{"taxonomy":"product_cat","embeddable":true,"href":"https:\/\/www.personare.com.br\/servicos\/wp-json\/wp\/v2\/product_cat?post=23446"},{"taxonomy":"product_tag","embeddable":true,"href":"https:\/\/www.personare.com.br\/servicos\/wp-json\/wp\/v2\/product_tag?post=23446"},{"taxonomy":"areas-da-vida","embeddable":true,"href":"https:\/\/www.personare.com.br\/servicos\/wp-json\/wp\/v2\/areas-da-vida?post=23446"},{"taxonomy":"estudos-e-terapias","embeddable":true,"href":"https:\/\/www.personare.com.br\/servicos\/wp-json\/wp\/v2\/estudos-e-terapias?post=23446"},{"taxonomy":"dores-e-objetivos","embeddable":true,"href":"https:\/\/www.personare.com.br\/servicos\/wp-json\/wp\/v2\/dores-e-objetivos?post=23446"}],"curies":[{"name":"wp","href":"https:\/\/api.w.org\/{rel}","templated":true}]}}