{"id":23015,"date":"2025-09-17T17:32:41","date_gmt":"2025-09-17T20:32:41","guid":{"rendered":"https:\/\/www.personare.com.br\/servicos\/?post_type=product&#038;p=23015"},"modified":"2026-01-22T14:34:50","modified_gmt":"2026-01-22T17:34:50","slug":"revolucao-solar","status":"publish","type":"product","link":"https:\/\/www.personare.com.br\/servicos\/produto\/revolucao-solar\/","title":{"rendered":"Revolu\u00e7\u00e3o Solar"},"content":{"rendered":"<p>Pessoas que querem se preparar para os desafios do seu ano pessoal, fazendo um planejamento para minimizar poss\u00edveis danos ou ter o devido preparo para saber lidar com eles com mais calma.<\/p>\n<p>Pessoas que est\u00e3o se sentindo perdidas no seu momento atual, sem entender quais s\u00e3o os aprendizados por tr\u00e1s do que est\u00e3o vivendo.<\/p>\n<p>Para quem est\u00e1 sentindo insatisfa\u00e7\u00e3o com o seu crescimento e desenvolvimento pessoal ou que sente que poderia estar fazendo mais.<\/p>\n","protected":false},"excerpt":{"rendered":"<p>Estamos sempre em movimento e nossos ciclos entre cada anivers\u00e1rio mostram o quanto podemos nos transformar a cada ano. Nesse atendimento, entendemos o que vir\u00e1 de novo, desde os desafios at\u00e9 as novas conquistas e possibilidades. Saber onde depositar mais energia e aten\u00e7\u00e3o \u00e9 fundamental para o alcance de uma maior fluidez durante os momentos no decorrer da nossa vida.<\/p>\n<p>Voc\u00ea vai descobrir:<\/p>\n<p>&#8211; A energia geral do seu ano pessoal, o que fazer para ter mais sucesso nesse ciclo, e os passos que v\u00e3o fazer sua vida fluir de forma mais natural.<\/p>\n<p>&#8211; Os poss\u00edveis desafios para o per\u00edodo, para evitar que voc\u00ea caia em dificuldades sem entender quais s\u00e3o os aprendizados que voc\u00ea precisa absorver.<\/p>\n<p>&#8211; Como estar\u00e1 sua vida financeira e carreira, para saber como ganhar mais dinheiro ou evitar poss\u00edveis perdas.<\/p>\n<p>&#8211; Tend\u00eancias para sua vida afetiva e rom\u00e2ntica: o que pode te trazer mais entusiasmo e prazer, encaixando tudo isso nas necessidades das rela\u00e7\u00f5es, assim como os poss\u00edveis desafios amorosos.<\/p>\n<p>A idealizadora \u00e9 a astr\u00f3loga Naiara Tomayno, professora do Curso Prop\u00f3sito de Vida e o seu Mapa Astral, em parceria com o Personare.<\/p>\n","protected":false},"featured_media":23012,"comment_status":"open","ping_status":"closed","template":"","meta":{"_acf_changed":false,"footnotes":""},"product_brand":[],"product_cat":[52],"product_tag":[],"areas-da-vida":[164,165,167,170],"estudos-e-terapias":[129],"dores-e-objetivos":[83,87,88,90,188,98,105,202,116,119],"acf":[],"yoast_head":"<!-- This site is optimized with the Yoast SEO plugin v19.6.1 - https:\/\/yoast.com\/wordpress\/plugins\/seo\/ -->\n<title>Revolu\u00e7\u00e3o Solar - Personare Servi\u00e7os<\/title>\n<meta name=\"robots\" content=\"index, follow, max-snippet:-1, max-image-preview:large, max-video-preview:-1\" \/>\n<link rel=\"canonical\" href=\"https:\/\/www.personare.com.br\/servicos\/produto\/revolucao-solar\/\" \/>\n<meta property=\"og:locale\" content=\"pt_BR\" \/>\n<meta property=\"og:type\" content=\"article\" \/>\n<meta property=\"og:title\" content=\"Revolu\u00e7\u00e3o Solar - Personare Servi\u00e7os\" \/>\n<meta property=\"og:description\" content=\"Estamos sempre em movimento e nossos ciclos entre cada anivers\u00e1rio mostram o quanto podemos nos transformar a cada ano. Nesse atendimento, entendemos o que vir\u00e1 de novo, desde os desafios at\u00e9 as novas conquistas e possibilidades. Saber onde depositar mais energia e aten\u00e7\u00e3o \u00e9 fundamental para o alcance de uma maior fluidez durante os momentos no decorrer da nossa vida.Voc\u00ea vai descobrir:- A energia geral do seu ano pessoal, o que fazer para ter mais sucesso nesse ciclo, e os passos que v\u00e3o fazer sua vida fluir de forma mais natural.- Os poss\u00edveis desafios para o per\u00edodo, para evitar que voc\u00ea caia em dificuldades sem entender quais s\u00e3o os aprendizados que voc\u00ea precisa absorver.- Como estar\u00e1 sua vida financeira e carreira, para saber como ganhar mais dinheiro ou evitar poss\u00edveis perdas.- Tend\u00eancias para sua vida afetiva e rom\u00e2ntica: o que pode te trazer mais entusiasmo e prazer, encaixando tudo isso nas necessidades das rela\u00e7\u00f5es, assim como os poss\u00edveis desafios amorosos.A idealizadora \u00e9 a astr\u00f3loga Naiara Tomayno, professora do Curso Prop\u00f3sito de Vida e o seu Mapa Astral, em parceria com o Personare.\" \/>\n<meta property=\"og:url\" content=\"https:\/\/www.personare.com.br\/servicos\/produto\/revolucao-solar\/\" \/>\n<meta property=\"og:site_name\" content=\"Personare Servi\u00e7os\" \/>\n<meta property=\"article:modified_time\" content=\"2026-01-22T17:34:50+00:00\" \/>\n<meta property=\"og:image\" content=\"https:\/\/d2t4cfkrxg4dhd.cloudfront.net\/app\/uploads\/2025\/09\/WhatsApp-Image-2025-09-17-at-15.15.15.jpeg\" \/>\n\t<meta property=\"og:image:width\" content=\"1106\" \/>\n\t<meta property=\"og:image:height\" content=\"739\" \/>\n\t<meta property=\"og:image:type\" content=\"image\/jpeg\" \/>\n<meta name=\"twitter:card\" content=\"summary_large_image\" \/>\n<meta name=\"twitter:label1\" content=\"Est. tempo de leitura\" \/>\n\t<meta name=\"twitter:data1\" content=\"1 minuto\" \/>\n<script type=\"application\/ld+json\" class=\"yoast-schema-graph\">{\"@context\":\"https:\/\/schema.org\",\"@graph\":[{\"@type\":\"WebPage\",\"@id\":\"https:\/\/www.personare.com.br\/servicos\/produto\/revolucao-solar\/\",\"url\":\"https:\/\/www.personare.com.br\/servicos\/produto\/revolucao-solar\/\",\"name\":\"Revolu\u00e7\u00e3o Solar - Personare Servi\u00e7os\",\"isPartOf\":{\"@id\":\"https:\/\/www.personare.com.br\/servicos\/#website\"},\"datePublished\":\"2025-09-17T20:32:41+00:00\",\"dateModified\":\"2026-01-22T17:34:50+00:00\",\"breadcrumb\":{\"@id\":\"https:\/\/www.personare.com.br\/servicos\/produto\/revolucao-solar\/#breadcrumb\"},\"inLanguage\":\"pt-BR\",\"potentialAction\":[{\"@type\":\"ReadAction\",\"target\":[\"https:\/\/www.personare.com.br\/servicos\/produto\/revolucao-solar\/\"]}]},{\"@type\":\"BreadcrumbList\",\"@id\":\"https:\/\/www.personare.com.br\/servicos\/produto\/revolucao-solar\/#breadcrumb\",\"itemListElement\":[{\"@type\":\"ListItem\",\"position\":1,\"name\":\"In\u00edcio\",\"item\":\"https:\/\/www.personare.com.br\/servicos\/\"},{\"@type\":\"ListItem\",\"position\":2,\"name\":\"Loja\",\"item\":\"https:\/\/www.personare.com.br\/servicos\/busca\/\"},{\"@type\":\"ListItem\",\"position\":3,\"name\":\"Revolu\u00e7\u00e3o Solar\"}]},{\"@type\":\"WebSite\",\"@id\":\"https:\/\/www.personare.com.br\/servicos\/#website\",\"url\":\"https:\/\/www.personare.com.br\/servicos\/\",\"name\":\"Personare Servi\u00e7os\",\"description\":\"Agende Consultas e Terapias Online no Personare\",\"publisher\":{\"@id\":\"https:\/\/www.personare.com.br\/servicos\/#organization\"},\"potentialAction\":[{\"@type\":\"SearchAction\",\"target\":{\"@type\":\"EntryPoint\",\"urlTemplate\":\"https:\/\/www.personare.com.br\/servicos\/?s={search_term_string}\"},\"query-input\":\"required name=search_term_string\"}],\"inLanguage\":\"pt-BR\"},{\"@type\":\"Organization\",\"@id\":\"https:\/\/www.personare.com.br\/servicos\/#organization\",\"name\":\"Personare\",\"url\":\"https:\/\/www.personare.com.br\/servicos\/\",\"sameAs\":[],\"logo\":{\"@type\":\"ImageObject\",\"inLanguage\":\"pt-BR\",\"@id\":\"https:\/\/www.personare.com.br\/servicos\/#\/schema\/logo\/image\/\",\"url\":\"https:\/\/d2t4cfkrxg4dhd.cloudfront.net\/app\/uploads\/2021\/04\/70295ca5d3b1be44570b5e6d0854fa942edb2ab6.png\",\"contentUrl\":\"https:\/\/d2t4cfkrxg4dhd.cloudfront.net\/app\/uploads\/2021\/04\/70295ca5d3b1be44570b5e6d0854fa942edb2ab6.png\",\"width\":650,\"height\":554,\"caption\":\"Personare\"},\"image\":{\"@id\":\"https:\/\/www.personare.com.br\/servicos\/#\/schema\/logo\/image\/\"}}]}<\/script>\n<!-- \/ Yoast SEO plugin. -->","yoast_head_json":{"title":"Revolu\u00e7\u00e3o Solar - Personare Servi\u00e7os","robots":{"index":"index","follow":"follow","max-snippet":"max-snippet:-1","max-image-preview":"max-image-preview:large","max-video-preview":"max-video-preview:-1"},"canonical":"https:\/\/www.personare.com.br\/servicos\/produto\/revolucao-solar\/","og_locale":"pt_BR","og_type":"article","og_title":"Revolu\u00e7\u00e3o Solar - Personare Servi\u00e7os","og_description":"Estamos sempre em movimento e nossos ciclos entre cada anivers\u00e1rio mostram o quanto podemos nos transformar a cada ano. Nesse atendimento, entendemos o que vir\u00e1 de novo, desde os desafios at\u00e9 as novas conquistas e possibilidades. Saber onde depositar mais energia e aten\u00e7\u00e3o \u00e9 fundamental para o alcance de uma maior fluidez durante os momentos no decorrer da nossa vida.Voc\u00ea vai descobrir:- A energia geral do seu ano pessoal, o que fazer para ter mais sucesso nesse ciclo, e os passos que v\u00e3o fazer sua vida fluir de forma mais natural.- Os poss\u00edveis desafios para o per\u00edodo, para evitar que voc\u00ea caia em dificuldades sem entender quais s\u00e3o os aprendizados que voc\u00ea precisa absorver.- Como estar\u00e1 sua vida financeira e carreira, para saber como ganhar mais dinheiro ou evitar poss\u00edveis perdas.- Tend\u00eancias para sua vida afetiva e rom\u00e2ntica: o que pode te trazer mais entusiasmo e prazer, encaixando tudo isso nas necessidades das rela\u00e7\u00f5es, assim como os poss\u00edveis desafios amorosos.A idealizadora \u00e9 a astr\u00f3loga Naiara Tomayno, professora do Curso Prop\u00f3sito de Vida e o seu Mapa Astral, em parceria com o Personare.","og_url":"https:\/\/www.personare.com.br\/servicos\/produto\/revolucao-solar\/","og_site_name":"Personare Servi\u00e7os","article_modified_time":"2026-01-22T17:34:50+00:00","og_image":[{"width":1106,"height":739,"url":"https:\/\/d2t4cfkrxg4dhd.cloudfront.net\/app\/uploads\/2025\/09\/WhatsApp-Image-2025-09-17-at-15.15.15.jpeg","type":"image\/jpeg"}],"twitter_card":"summary_large_image","twitter_misc":{"Est. tempo de leitura":"1 minuto"},"schema":{"@context":"https:\/\/schema.org","@graph":[{"@type":"WebPage","@id":"https:\/\/www.personare.com.br\/servicos\/produto\/revolucao-solar\/","url":"https:\/\/www.personare.com.br\/servicos\/produto\/revolucao-solar\/","name":"Revolu\u00e7\u00e3o Solar - Personare Servi\u00e7os","isPartOf":{"@id":"https:\/\/www.personare.com.br\/servicos\/#website"},"datePublished":"2025-09-17T20:32:41+00:00","dateModified":"2026-01-22T17:34:50+00:00","breadcrumb":{"@id":"https:\/\/www.personare.com.br\/servicos\/produto\/revolucao-solar\/#breadcrumb"},"inLanguage":"pt-BR","potentialAction":[{"@type":"ReadAction","target":["https:\/\/www.personare.com.br\/servicos\/produto\/revolucao-solar\/"]}]},{"@type":"BreadcrumbList","@id":"https:\/\/www.personare.com.br\/servicos\/produto\/revolucao-solar\/#breadcrumb","itemListElement":[{"@type":"ListItem","position":1,"name":"In\u00edcio","item":"https:\/\/www.personare.com.br\/servicos\/"},{"@type":"ListItem","position":2,"name":"Loja","item":"https:\/\/www.personare.com.br\/servicos\/busca\/"},{"@type":"ListItem","position":3,"name":"Revolu\u00e7\u00e3o Solar"}]},{"@type":"WebSite","@id":"https:\/\/www.personare.com.br\/servicos\/#website","url":"https:\/\/www.personare.com.br\/servicos\/","name":"Personare Servi\u00e7os","description":"Agende Consultas e Terapias Online no Personare","publisher":{"@id":"https:\/\/www.personare.com.br\/servicos\/#organization"},"potentialAction":[{"@type":"SearchAction","target":{"@type":"EntryPoint","urlTemplate":"https:\/\/www.personare.com.br\/servicos\/?s={search_term_string}"},"query-input":"required name=search_term_string"}],"inLanguage":"pt-BR"},{"@type":"Organization","@id":"https:\/\/www.personare.com.br\/servicos\/#organization","name":"Personare","url":"https:\/\/www.personare.com.br\/servicos\/","sameAs":[],"logo":{"@type":"ImageObject","inLanguage":"pt-BR","@id":"https:\/\/www.personare.com.br\/servicos\/#\/schema\/logo\/image\/","url":"https:\/\/d2t4cfkrxg4dhd.cloudfront.net\/app\/uploads\/2021\/04\/70295ca5d3b1be44570b5e6d0854fa942edb2ab6.png","contentUrl":"https:\/\/d2t4cfkrxg4dhd.cloudfront.net\/app\/uploads\/2021\/04\/70295ca5d3b1be44570b5e6d0854fa942edb2ab6.png","width":650,"height":554,"caption":"Personare"},"image":{"@id":"https:\/\/www.personare.com.br\/servicos\/#\/schema\/logo\/image\/"}}]}},"_links":{"self":[{"href":"https:\/\/www.personare.com.br\/servicos\/wp-json\/wp\/v2\/product\/23015"}],"collection":[{"href":"https:\/\/www.personare.com.br\/servicos\/wp-json\/wp\/v2\/product"}],"about":[{"href":"https:\/\/www.personare.com.br\/servicos\/wp-json\/wp\/v2\/types\/product"}],"replies":[{"embeddable":true,"href":"https:\/\/www.personare.com.br\/servicos\/wp-json\/wp\/v2\/comments?post=23015"}],"version-history":[{"count":9,"href":"https:\/\/www.personare.com.br\/servicos\/wp-json\/wp\/v2\/product\/23015\/revisions"}],"predecessor-version":[{"id":23628,"href":"https:\/\/www.personare.com.br\/servicos\/wp-json\/wp\/v2\/product\/23015\/revisions\/23628"}],"wp:featuredmedia":[{"embeddable":true,"href":"https:\/\/www.personare.com.br\/servicos\/wp-json\/wp\/v2\/media\/23012"}],"wp:attachment":[{"href":"https:\/\/www.personare.com.br\/servicos\/wp-json\/wp\/v2\/media?parent=23015"}],"wp:term":[{"taxonomy":"product_brand","embeddable":true,"href":"https:\/\/www.personare.com.br\/servicos\/wp-json\/wp\/v2\/product_brand?post=23015"},{"taxonomy":"product_cat","embeddable":true,"href":"https:\/\/www.personare.com.br\/servicos\/wp-json\/wp\/v2\/product_cat?post=23015"},{"taxonomy":"product_tag","embeddable":true,"href":"https:\/\/www.personare.com.br\/servicos\/wp-json\/wp\/v2\/product_tag?post=23015"},{"taxonomy":"areas-da-vida","embeddable":true,"href":"https:\/\/www.personare.com.br\/servicos\/wp-json\/wp\/v2\/areas-da-vida?post=23015"},{"taxonomy":"estudos-e-terapias","embeddable":true,"href":"https:\/\/www.personare.com.br\/servicos\/wp-json\/wp\/v2\/estudos-e-terapias?post=23015"},{"taxonomy":"dores-e-objetivos","embeddable":true,"href":"https:\/\/www.personare.com.br\/servicos\/wp-json\/wp\/v2\/dores-e-objetivos?post=23015"}],"curies":[{"name":"wp","href":"https:\/\/api.w.org\/{rel}","templated":true}]}}