{"id":22774,"date":"2025-09-23T18:18:15","date_gmt":"2025-09-23T21:18:15","guid":{"rendered":"https:\/\/www.personare.com.br\/servicos\/?post_type=product&#038;p=22774"},"modified":"2026-01-22T14:34:50","modified_gmt":"2026-01-22T17:34:50","slug":"oraculo-do-proposito","status":"publish","type":"product","link":"https:\/\/www.personare.com.br\/servicos\/produto\/oraculo-do-proposito\/","title":{"rendered":"Or\u00e1culo do Prop\u00f3sito"},"content":{"rendered":"<p>Pessoas que querem viver com prop\u00f3sito, realiza\u00e7\u00e3o e abund\u00e2ncia financeira<\/p>\n<p>Pessoas que est\u00e3o se sentindo perdidas na vida, prevendo uma necessidade de mudan\u00e7a mas sem saber para que rumo ir<\/p>\n<p>Para quem sente insatisfa\u00e7\u00e3o com o trabalho\/profiss\u00e3o<\/p>\n<p>Pessoas que querem construir autoestima s\u00f3lida, sabendo no quem s\u00e3o especiais<\/p>\n","protected":false},"excerpt":{"rendered":"<p>Pare de viver no piloto autom\u00e1tico! Essa consulta apresenta o seu Mapa Natal de uma forma completa, com o foco em te ajudar a <strong>viver o seu prop\u00f3sito de vida em toda sua pot\u00eancia<\/strong>.<\/p>\n<p>Voc\u00ea vai descobrir:<\/p>\n<p>&#8211; Como manifestar sua personalidade \u00fanica e aut\u00eantica<br \/>&#8211; O caminho para transformar sua rotina em algo cheio de realiza\u00e7\u00e3o<br \/>&#8211; Estrat\u00e9gias pr\u00e1ticas para alinhar sua carreira ou ocupa\u00e7\u00e3o com realiza\u00e7\u00e3o pessoal<br \/>&#8211; Como curar feridas emocionais que podem estar sabotando seu sucesso<\/p>\n<p>A consulta \u00e9 chamada de Or\u00e1culo do Prop\u00f3sito porque usamos seu Mapa Astral como um verdadeiro or\u00e1culo, para\u00a0 revelar seu verdadeiro prop\u00f3sito de vida,\u00a0 te trazer muito mais realiza\u00e7\u00e3o e te ajudar a viver com mais verdade, prazer e preenchimento.<\/p>\n<p>A idealizadora \u00e9 a astr\u00f3loga Naiara Tomayno, professora do Curso Prop\u00f3sito de Vida e o seu Mapa Astral, em parceria com o Personare.<\/p>\n","protected":false},"featured_media":16919,"comment_status":"open","ping_status":"closed","template":"","meta":{"_acf_changed":false,"footnotes":""},"product_brand":[],"product_cat":[52],"product_tag":[],"areas-da-vida":[163],"estudos-e-terapias":[129],"dores-e-objetivos":[219,82,215,206,212,110,120],"acf":[],"yoast_head":"<!-- This site is optimized with the Yoast SEO plugin v19.6.1 - https:\/\/yoast.com\/wordpress\/plugins\/seo\/ -->\n<title>Or\u00e1culo do Prop\u00f3sito - Personare Servi\u00e7os<\/title>\n<meta name=\"description\" content=\"Descubra seu verdadeiro prop\u00f3sito com o Or\u00e1culo do Prop\u00f3sito: leitura do mapa astral que revela caminhos de realiza\u00e7\u00e3o, prazer e autenticidade\" \/>\n<meta name=\"robots\" content=\"index, follow, max-snippet:-1, max-image-preview:large, max-video-preview:-1\" \/>\n<link rel=\"canonical\" href=\"https:\/\/www.personare.com.br\/servicos\/produto\/oraculo-do-proposito\/\" \/>\n<meta property=\"og:locale\" content=\"pt_BR\" \/>\n<meta property=\"og:type\" content=\"article\" \/>\n<meta property=\"og:title\" content=\"Or\u00e1culo do Prop\u00f3sito - Personare Servi\u00e7os\" \/>\n<meta property=\"og:description\" content=\"Descubra seu verdadeiro prop\u00f3sito com o Or\u00e1culo do Prop\u00f3sito: leitura do mapa astral que revela caminhos de realiza\u00e7\u00e3o, prazer e autenticidade\" \/>\n<meta property=\"og:url\" content=\"https:\/\/www.personare.com.br\/servicos\/produto\/oraculo-do-proposito\/\" \/>\n<meta property=\"og:site_name\" content=\"Personare Servi\u00e7os\" \/>\n<meta property=\"article:modified_time\" content=\"2026-01-22T17:34:50+00:00\" \/>\n<meta property=\"og:image\" content=\"https:\/\/d2t4cfkrxg4dhd.cloudfront.net\/app\/uploads\/2024\/06\/Naiara-Tomayno-Foto-1-1-min.jpg\" \/>\n\t<meta property=\"og:image:width\" content=\"1569\" \/>\n\t<meta property=\"og:image:height\" content=\"1002\" \/>\n\t<meta property=\"og:image:type\" content=\"image\/jpeg\" \/>\n<meta name=\"twitter:card\" content=\"summary_large_image\" \/>\n<script type=\"application\/ld+json\" class=\"yoast-schema-graph\">{\"@context\":\"https:\/\/schema.org\",\"@graph\":[{\"@type\":\"WebPage\",\"@id\":\"https:\/\/www.personare.com.br\/servicos\/produto\/oraculo-do-proposito\/\",\"url\":\"https:\/\/www.personare.com.br\/servicos\/produto\/oraculo-do-proposito\/\",\"name\":\"Or\u00e1culo do Prop\u00f3sito - Personare Servi\u00e7os\",\"isPartOf\":{\"@id\":\"https:\/\/www.personare.com.br\/servicos\/#website\"},\"datePublished\":\"2025-09-23T21:18:15+00:00\",\"dateModified\":\"2026-01-22T17:34:50+00:00\",\"description\":\"Descubra seu verdadeiro prop\u00f3sito com o Or\u00e1culo do Prop\u00f3sito: leitura do mapa astral que revela caminhos de realiza\u00e7\u00e3o, prazer e autenticidade\",\"breadcrumb\":{\"@id\":\"https:\/\/www.personare.com.br\/servicos\/produto\/oraculo-do-proposito\/#breadcrumb\"},\"inLanguage\":\"pt-BR\",\"potentialAction\":[{\"@type\":\"ReadAction\",\"target\":[\"https:\/\/www.personare.com.br\/servicos\/produto\/oraculo-do-proposito\/\"]}]},{\"@type\":\"BreadcrumbList\",\"@id\":\"https:\/\/www.personare.com.br\/servicos\/produto\/oraculo-do-proposito\/#breadcrumb\",\"itemListElement\":[{\"@type\":\"ListItem\",\"position\":1,\"name\":\"In\u00edcio\",\"item\":\"https:\/\/www.personare.com.br\/servicos\/\"},{\"@type\":\"ListItem\",\"position\":2,\"name\":\"Loja\",\"item\":\"https:\/\/www.personare.com.br\/servicos\/busca\/\"},{\"@type\":\"ListItem\",\"position\":3,\"name\":\"Or\u00e1culo do Prop\u00f3sito\"}]},{\"@type\":\"WebSite\",\"@id\":\"https:\/\/www.personare.com.br\/servicos\/#website\",\"url\":\"https:\/\/www.personare.com.br\/servicos\/\",\"name\":\"Personare Servi\u00e7os\",\"description\":\"Agende Consultas e Terapias Online no Personare\",\"publisher\":{\"@id\":\"https:\/\/www.personare.com.br\/servicos\/#organization\"},\"potentialAction\":[{\"@type\":\"SearchAction\",\"target\":{\"@type\":\"EntryPoint\",\"urlTemplate\":\"https:\/\/www.personare.com.br\/servicos\/?s={search_term_string}\"},\"query-input\":\"required name=search_term_string\"}],\"inLanguage\":\"pt-BR\"},{\"@type\":\"Organization\",\"@id\":\"https:\/\/www.personare.com.br\/servicos\/#organization\",\"name\":\"Personare\",\"url\":\"https:\/\/www.personare.com.br\/servicos\/\",\"sameAs\":[],\"logo\":{\"@type\":\"ImageObject\",\"inLanguage\":\"pt-BR\",\"@id\":\"https:\/\/www.personare.com.br\/servicos\/#\/schema\/logo\/image\/\",\"url\":\"https:\/\/d2t4cfkrxg4dhd.cloudfront.net\/app\/uploads\/2021\/04\/70295ca5d3b1be44570b5e6d0854fa942edb2ab6.png\",\"contentUrl\":\"https:\/\/d2t4cfkrxg4dhd.cloudfront.net\/app\/uploads\/2021\/04\/70295ca5d3b1be44570b5e6d0854fa942edb2ab6.png\",\"width\":650,\"height\":554,\"caption\":\"Personare\"},\"image\":{\"@id\":\"https:\/\/www.personare.com.br\/servicos\/#\/schema\/logo\/image\/\"}}]}<\/script>\n<!-- \/ Yoast SEO plugin. -->","yoast_head_json":{"title":"Or\u00e1culo do Prop\u00f3sito - Personare Servi\u00e7os","description":"Descubra seu verdadeiro prop\u00f3sito com o Or\u00e1culo do Prop\u00f3sito: leitura do mapa astral que revela caminhos de realiza\u00e7\u00e3o, prazer e autenticidade","robots":{"index":"index","follow":"follow","max-snippet":"max-snippet:-1","max-image-preview":"max-image-preview:large","max-video-preview":"max-video-preview:-1"},"canonical":"https:\/\/www.personare.com.br\/servicos\/produto\/oraculo-do-proposito\/","og_locale":"pt_BR","og_type":"article","og_title":"Or\u00e1culo do Prop\u00f3sito - Personare Servi\u00e7os","og_description":"Descubra seu verdadeiro prop\u00f3sito com o Or\u00e1culo do Prop\u00f3sito: leitura do mapa astral que revela caminhos de realiza\u00e7\u00e3o, prazer e autenticidade","og_url":"https:\/\/www.personare.com.br\/servicos\/produto\/oraculo-do-proposito\/","og_site_name":"Personare Servi\u00e7os","article_modified_time":"2026-01-22T17:34:50+00:00","og_image":[{"width":1569,"height":1002,"url":"https:\/\/d2t4cfkrxg4dhd.cloudfront.net\/app\/uploads\/2024\/06\/Naiara-Tomayno-Foto-1-1-min.jpg","type":"image\/jpeg"}],"twitter_card":"summary_large_image","schema":{"@context":"https:\/\/schema.org","@graph":[{"@type":"WebPage","@id":"https:\/\/www.personare.com.br\/servicos\/produto\/oraculo-do-proposito\/","url":"https:\/\/www.personare.com.br\/servicos\/produto\/oraculo-do-proposito\/","name":"Or\u00e1culo do Prop\u00f3sito - Personare Servi\u00e7os","isPartOf":{"@id":"https:\/\/www.personare.com.br\/servicos\/#website"},"datePublished":"2025-09-23T21:18:15+00:00","dateModified":"2026-01-22T17:34:50+00:00","description":"Descubra seu verdadeiro prop\u00f3sito com o Or\u00e1culo do Prop\u00f3sito: leitura do mapa astral que revela caminhos de realiza\u00e7\u00e3o, prazer e autenticidade","breadcrumb":{"@id":"https:\/\/www.personare.com.br\/servicos\/produto\/oraculo-do-proposito\/#breadcrumb"},"inLanguage":"pt-BR","potentialAction":[{"@type":"ReadAction","target":["https:\/\/www.personare.com.br\/servicos\/produto\/oraculo-do-proposito\/"]}]},{"@type":"BreadcrumbList","@id":"https:\/\/www.personare.com.br\/servicos\/produto\/oraculo-do-proposito\/#breadcrumb","itemListElement":[{"@type":"ListItem","position":1,"name":"In\u00edcio","item":"https:\/\/www.personare.com.br\/servicos\/"},{"@type":"ListItem","position":2,"name":"Loja","item":"https:\/\/www.personare.com.br\/servicos\/busca\/"},{"@type":"ListItem","position":3,"name":"Or\u00e1culo do Prop\u00f3sito"}]},{"@type":"WebSite","@id":"https:\/\/www.personare.com.br\/servicos\/#website","url":"https:\/\/www.personare.com.br\/servicos\/","name":"Personare Servi\u00e7os","description":"Agende Consultas e Terapias Online no Personare","publisher":{"@id":"https:\/\/www.personare.com.br\/servicos\/#organization"},"potentialAction":[{"@type":"SearchAction","target":{"@type":"EntryPoint","urlTemplate":"https:\/\/www.personare.com.br\/servicos\/?s={search_term_string}"},"query-input":"required name=search_term_string"}],"inLanguage":"pt-BR"},{"@type":"Organization","@id":"https:\/\/www.personare.com.br\/servicos\/#organization","name":"Personare","url":"https:\/\/www.personare.com.br\/servicos\/","sameAs":[],"logo":{"@type":"ImageObject","inLanguage":"pt-BR","@id":"https:\/\/www.personare.com.br\/servicos\/#\/schema\/logo\/image\/","url":"https:\/\/d2t4cfkrxg4dhd.cloudfront.net\/app\/uploads\/2021\/04\/70295ca5d3b1be44570b5e6d0854fa942edb2ab6.png","contentUrl":"https:\/\/d2t4cfkrxg4dhd.cloudfront.net\/app\/uploads\/2021\/04\/70295ca5d3b1be44570b5e6d0854fa942edb2ab6.png","width":650,"height":554,"caption":"Personare"},"image":{"@id":"https:\/\/www.personare.com.br\/servicos\/#\/schema\/logo\/image\/"}}]}},"_links":{"self":[{"href":"https:\/\/www.personare.com.br\/servicos\/wp-json\/wp\/v2\/product\/22774"}],"collection":[{"href":"https:\/\/www.personare.com.br\/servicos\/wp-json\/wp\/v2\/product"}],"about":[{"href":"https:\/\/www.personare.com.br\/servicos\/wp-json\/wp\/v2\/types\/product"}],"replies":[{"embeddable":true,"href":"https:\/\/www.personare.com.br\/servicos\/wp-json\/wp\/v2\/comments?post=22774"}],"version-history":[{"count":8,"href":"https:\/\/www.personare.com.br\/servicos\/wp-json\/wp\/v2\/product\/22774\/revisions"}],"predecessor-version":[{"id":23627,"href":"https:\/\/www.personare.com.br\/servicos\/wp-json\/wp\/v2\/product\/22774\/revisions\/23627"}],"wp:featuredmedia":[{"embeddable":true,"href":"https:\/\/www.personare.com.br\/servicos\/wp-json\/wp\/v2\/media\/16919"}],"wp:attachment":[{"href":"https:\/\/www.personare.com.br\/servicos\/wp-json\/wp\/v2\/media?parent=22774"}],"wp:term":[{"taxonomy":"product_brand","embeddable":true,"href":"https:\/\/www.personare.com.br\/servicos\/wp-json\/wp\/v2\/product_brand?post=22774"},{"taxonomy":"product_cat","embeddable":true,"href":"https:\/\/www.personare.com.br\/servicos\/wp-json\/wp\/v2\/product_cat?post=22774"},{"taxonomy":"product_tag","embeddable":true,"href":"https:\/\/www.personare.com.br\/servicos\/wp-json\/wp\/v2\/product_tag?post=22774"},{"taxonomy":"areas-da-vida","embeddable":true,"href":"https:\/\/www.personare.com.br\/servicos\/wp-json\/wp\/v2\/areas-da-vida?post=22774"},{"taxonomy":"estudos-e-terapias","embeddable":true,"href":"https:\/\/www.personare.com.br\/servicos\/wp-json\/wp\/v2\/estudos-e-terapias?post=22774"},{"taxonomy":"dores-e-objetivos","embeddable":true,"href":"https:\/\/www.personare.com.br\/servicos\/wp-json\/wp\/v2\/dores-e-objetivos?post=22774"}],"curies":[{"name":"wp","href":"https:\/\/api.w.org\/{rel}","templated":true}]}}