{"id":22524,"date":"2025-08-11T18:19:49","date_gmt":"2025-08-11T21:19:49","guid":{"rendered":"https:\/\/www.personare.com.br\/servicos\/?post_type=product&#038;p=22524"},"modified":"2025-08-11T19:58:59","modified_gmt":"2025-08-11T22:58:59","slug":"assinatura-de-acompanhamento-lunar-mensal","status":"publish","type":"product","link":"https:\/\/www.personare.com.br\/servicos\/produto\/assinatura-de-acompanhamento-lunar-mensal\/","title":{"rendered":"Assinatura de Acompanhamento Lunar Mensal"},"content":{"rendered":"<p>Pessoas que est\u00e3o vivendo momentos decisivos ou de transi\u00e7\u00e3o e desejam apoio constante<\/p>\n<p>Quem busca clareza todos os meses para tomar decis\u00f5es com mais seguran\u00e7a<\/p>\n<p>Quem quer aproveitar cada m\u00eas ao m\u00e1ximo, alinhando sua vida ao ritmo de cada ciclo lunar<\/p>\n<p>Quem valoriza acompanhamento cont\u00ednuo com um astr\u00f3logo experiente e vaga garantida em um servi\u00e7o de agenda limitada<\/p>\n","protected":false},"excerpt":{"rendered":"<p>A Assinatura de Acompanhamento Lunar Mensal oferece Previs\u00f5es Personalizadas para cada novo ciclo lunar, uma ferramenta astrol\u00f3gica precisa e poderosa para orientar voc\u00ea a cada per\u00edodo de 29 dias, do in\u00edcio de uma luna\u00e7\u00e3o pessoal at\u00e9 a seguinte.<\/p>\n<p>As previs\u00f5es revelam os temas dominantes do per\u00edodo, os cuidados que merecem aten\u00e7\u00e3o, os potenciais a ativar e os focos ideais para direcionar sua energia.<\/p>\n<p>Ao longo de um ano, voc\u00ea vivencia 13 revolu\u00e7\u00f5es lunares. Com a assinatura, voc\u00ea garante acompanhamento em todos os seus ciclos lunares, sem perder nenhum momento importante. E ainda assegura vaga garantida em um servi\u00e7o com agenda limitada.<\/p>\n<p>As interpreta\u00e7\u00f5es s\u00e3o conduzidas por Alexey Dodsworth, astr\u00f3logo renomado e autor da Revolu\u00e7\u00e3o Solar Personare, reconhecido por unir precis\u00e3o t\u00e9cnica e clareza nas orienta\u00e7\u00f5es.<\/p>\n","protected":false},"featured_media":17327,"comment_status":"open","ping_status":"closed","template":"","meta":{"_acf_changed":false,"footnotes":""},"product_brand":[],"product_cat":[75],"product_tag":[],"areas-da-vida":[170],"estudos-e-terapias":[129],"dores-e-objetivos":[215,189,207,94,95],"acf":[],"yoast_head":"<!-- This site is optimized with the Yoast SEO plugin v19.6.1 - https:\/\/yoast.com\/wordpress\/plugins\/seo\/ -->\n<title>Assinatura de Acompanhamento Lunar Mensal - Personare Servi\u00e7os<\/title>\n<meta name=\"description\" content=\"Acompanhe todos os seus ciclos lunares com previs\u00f5es mensais de Alexey Dodsworth. Orienta\u00e7\u00e3o precisa e vaga garantida o ano todo.\" \/>\n<meta name=\"robots\" content=\"index, follow, max-snippet:-1, max-image-preview:large, max-video-preview:-1\" \/>\n<link rel=\"canonical\" href=\"https:\/\/www.personare.com.br\/servicos\/produto\/assinatura-de-acompanhamento-lunar-mensal\/\" \/>\n<meta property=\"og:locale\" content=\"pt_BR\" \/>\n<meta property=\"og:type\" content=\"article\" \/>\n<meta property=\"og:title\" content=\"Assinatura de Acompanhamento Lunar Mensal - Personare Servi\u00e7os\" \/>\n<meta property=\"og:description\" content=\"Acompanhe todos os seus ciclos lunares com previs\u00f5es mensais de Alexey Dodsworth. Orienta\u00e7\u00e3o precisa e vaga garantida o ano todo.\" \/>\n<meta property=\"og:url\" content=\"https:\/\/www.personare.com.br\/servicos\/produto\/assinatura-de-acompanhamento-lunar-mensal\/\" \/>\n<meta property=\"og:site_name\" content=\"Personare Servi\u00e7os\" \/>\n<meta property=\"article:modified_time\" content=\"2025-08-11T22:58:59+00:00\" \/>\n<meta property=\"og:image\" content=\"https:\/\/d2t4cfkrxg4dhd.cloudfront.net\/app\/uploads\/2024\/07\/alexey-1-min.jpg\" \/>\n\t<meta property=\"og:image:width\" content=\"1819\" \/>\n\t<meta property=\"og:image:height\" content=\"1214\" \/>\n\t<meta property=\"og:image:type\" content=\"image\/jpeg\" \/>\n<meta name=\"twitter:card\" content=\"summary_large_image\" \/>\n<script type=\"application\/ld+json\" class=\"yoast-schema-graph\">{\"@context\":\"https:\/\/schema.org\",\"@graph\":[{\"@type\":\"WebPage\",\"@id\":\"https:\/\/www.personare.com.br\/servicos\/produto\/assinatura-de-acompanhamento-lunar-mensal\/\",\"url\":\"https:\/\/www.personare.com.br\/servicos\/produto\/assinatura-de-acompanhamento-lunar-mensal\/\",\"name\":\"Assinatura de Acompanhamento Lunar Mensal - Personare Servi\u00e7os\",\"isPartOf\":{\"@id\":\"https:\/\/www.personare.com.br\/servicos\/#website\"},\"datePublished\":\"2025-08-11T21:19:49+00:00\",\"dateModified\":\"2025-08-11T22:58:59+00:00\",\"description\":\"Acompanhe todos os seus ciclos lunares com previs\u00f5es mensais de Alexey Dodsworth. Orienta\u00e7\u00e3o precisa e vaga garantida o ano todo.\",\"breadcrumb\":{\"@id\":\"https:\/\/www.personare.com.br\/servicos\/produto\/assinatura-de-acompanhamento-lunar-mensal\/#breadcrumb\"},\"inLanguage\":\"pt-BR\",\"potentialAction\":[{\"@type\":\"ReadAction\",\"target\":[\"https:\/\/www.personare.com.br\/servicos\/produto\/assinatura-de-acompanhamento-lunar-mensal\/\"]}]},{\"@type\":\"BreadcrumbList\",\"@id\":\"https:\/\/www.personare.com.br\/servicos\/produto\/assinatura-de-acompanhamento-lunar-mensal\/#breadcrumb\",\"itemListElement\":[{\"@type\":\"ListItem\",\"position\":1,\"name\":\"In\u00edcio\",\"item\":\"https:\/\/www.personare.com.br\/servicos\/\"},{\"@type\":\"ListItem\",\"position\":2,\"name\":\"Loja\",\"item\":\"https:\/\/www.personare.com.br\/servicos\/busca\/\"},{\"@type\":\"ListItem\",\"position\":3,\"name\":\"Assinatura de Acompanhamento Lunar Mensal\"}]},{\"@type\":\"WebSite\",\"@id\":\"https:\/\/www.personare.com.br\/servicos\/#website\",\"url\":\"https:\/\/www.personare.com.br\/servicos\/\",\"name\":\"Personare Servi\u00e7os\",\"description\":\"Agende Consultas e Terapias Online no Personare\",\"publisher\":{\"@id\":\"https:\/\/www.personare.com.br\/servicos\/#organization\"},\"potentialAction\":[{\"@type\":\"SearchAction\",\"target\":{\"@type\":\"EntryPoint\",\"urlTemplate\":\"https:\/\/www.personare.com.br\/servicos\/?s={search_term_string}\"},\"query-input\":\"required name=search_term_string\"}],\"inLanguage\":\"pt-BR\"},{\"@type\":\"Organization\",\"@id\":\"https:\/\/www.personare.com.br\/servicos\/#organization\",\"name\":\"Personare\",\"url\":\"https:\/\/www.personare.com.br\/servicos\/\",\"sameAs\":[],\"logo\":{\"@type\":\"ImageObject\",\"inLanguage\":\"pt-BR\",\"@id\":\"https:\/\/www.personare.com.br\/servicos\/#\/schema\/logo\/image\/\",\"url\":\"https:\/\/d2t4cfkrxg4dhd.cloudfront.net\/app\/uploads\/2021\/04\/70295ca5d3b1be44570b5e6d0854fa942edb2ab6.png\",\"contentUrl\":\"https:\/\/d2t4cfkrxg4dhd.cloudfront.net\/app\/uploads\/2021\/04\/70295ca5d3b1be44570b5e6d0854fa942edb2ab6.png\",\"width\":650,\"height\":554,\"caption\":\"Personare\"},\"image\":{\"@id\":\"https:\/\/www.personare.com.br\/servicos\/#\/schema\/logo\/image\/\"}}]}<\/script>\n<!-- \/ Yoast SEO plugin. -->","yoast_head_json":{"title":"Assinatura de Acompanhamento Lunar Mensal - Personare Servi\u00e7os","description":"Acompanhe todos os seus ciclos lunares com previs\u00f5es mensais de Alexey Dodsworth. Orienta\u00e7\u00e3o precisa e vaga garantida o ano todo.","robots":{"index":"index","follow":"follow","max-snippet":"max-snippet:-1","max-image-preview":"max-image-preview:large","max-video-preview":"max-video-preview:-1"},"canonical":"https:\/\/www.personare.com.br\/servicos\/produto\/assinatura-de-acompanhamento-lunar-mensal\/","og_locale":"pt_BR","og_type":"article","og_title":"Assinatura de Acompanhamento Lunar Mensal - Personare Servi\u00e7os","og_description":"Acompanhe todos os seus ciclos lunares com previs\u00f5es mensais de Alexey Dodsworth. Orienta\u00e7\u00e3o precisa e vaga garantida o ano todo.","og_url":"https:\/\/www.personare.com.br\/servicos\/produto\/assinatura-de-acompanhamento-lunar-mensal\/","og_site_name":"Personare Servi\u00e7os","article_modified_time":"2025-08-11T22:58:59+00:00","og_image":[{"width":1819,"height":1214,"url":"https:\/\/d2t4cfkrxg4dhd.cloudfront.net\/app\/uploads\/2024\/07\/alexey-1-min.jpg","type":"image\/jpeg"}],"twitter_card":"summary_large_image","schema":{"@context":"https:\/\/schema.org","@graph":[{"@type":"WebPage","@id":"https:\/\/www.personare.com.br\/servicos\/produto\/assinatura-de-acompanhamento-lunar-mensal\/","url":"https:\/\/www.personare.com.br\/servicos\/produto\/assinatura-de-acompanhamento-lunar-mensal\/","name":"Assinatura de Acompanhamento Lunar Mensal - Personare Servi\u00e7os","isPartOf":{"@id":"https:\/\/www.personare.com.br\/servicos\/#website"},"datePublished":"2025-08-11T21:19:49+00:00","dateModified":"2025-08-11T22:58:59+00:00","description":"Acompanhe todos os seus ciclos lunares com previs\u00f5es mensais de Alexey Dodsworth. Orienta\u00e7\u00e3o precisa e vaga garantida o ano todo.","breadcrumb":{"@id":"https:\/\/www.personare.com.br\/servicos\/produto\/assinatura-de-acompanhamento-lunar-mensal\/#breadcrumb"},"inLanguage":"pt-BR","potentialAction":[{"@type":"ReadAction","target":["https:\/\/www.personare.com.br\/servicos\/produto\/assinatura-de-acompanhamento-lunar-mensal\/"]}]},{"@type":"BreadcrumbList","@id":"https:\/\/www.personare.com.br\/servicos\/produto\/assinatura-de-acompanhamento-lunar-mensal\/#breadcrumb","itemListElement":[{"@type":"ListItem","position":1,"name":"In\u00edcio","item":"https:\/\/www.personare.com.br\/servicos\/"},{"@type":"ListItem","position":2,"name":"Loja","item":"https:\/\/www.personare.com.br\/servicos\/busca\/"},{"@type":"ListItem","position":3,"name":"Assinatura de Acompanhamento Lunar Mensal"}]},{"@type":"WebSite","@id":"https:\/\/www.personare.com.br\/servicos\/#website","url":"https:\/\/www.personare.com.br\/servicos\/","name":"Personare Servi\u00e7os","description":"Agende Consultas e Terapias Online no Personare","publisher":{"@id":"https:\/\/www.personare.com.br\/servicos\/#organization"},"potentialAction":[{"@type":"SearchAction","target":{"@type":"EntryPoint","urlTemplate":"https:\/\/www.personare.com.br\/servicos\/?s={search_term_string}"},"query-input":"required name=search_term_string"}],"inLanguage":"pt-BR"},{"@type":"Organization","@id":"https:\/\/www.personare.com.br\/servicos\/#organization","name":"Personare","url":"https:\/\/www.personare.com.br\/servicos\/","sameAs":[],"logo":{"@type":"ImageObject","inLanguage":"pt-BR","@id":"https:\/\/www.personare.com.br\/servicos\/#\/schema\/logo\/image\/","url":"https:\/\/d2t4cfkrxg4dhd.cloudfront.net\/app\/uploads\/2021\/04\/70295ca5d3b1be44570b5e6d0854fa942edb2ab6.png","contentUrl":"https:\/\/d2t4cfkrxg4dhd.cloudfront.net\/app\/uploads\/2021\/04\/70295ca5d3b1be44570b5e6d0854fa942edb2ab6.png","width":650,"height":554,"caption":"Personare"},"image":{"@id":"https:\/\/www.personare.com.br\/servicos\/#\/schema\/logo\/image\/"}}]}},"_links":{"self":[{"href":"https:\/\/www.personare.com.br\/servicos\/wp-json\/wp\/v2\/product\/22524"}],"collection":[{"href":"https:\/\/www.personare.com.br\/servicos\/wp-json\/wp\/v2\/product"}],"about":[{"href":"https:\/\/www.personare.com.br\/servicos\/wp-json\/wp\/v2\/types\/product"}],"replies":[{"embeddable":true,"href":"https:\/\/www.personare.com.br\/servicos\/wp-json\/wp\/v2\/comments?post=22524"}],"version-history":[{"count":8,"href":"https:\/\/www.personare.com.br\/servicos\/wp-json\/wp\/v2\/product\/22524\/revisions"}],"predecessor-version":[{"id":22537,"href":"https:\/\/www.personare.com.br\/servicos\/wp-json\/wp\/v2\/product\/22524\/revisions\/22537"}],"wp:featuredmedia":[{"embeddable":true,"href":"https:\/\/www.personare.com.br\/servicos\/wp-json\/wp\/v2\/media\/17327"}],"wp:attachment":[{"href":"https:\/\/www.personare.com.br\/servicos\/wp-json\/wp\/v2\/media?parent=22524"}],"wp:term":[{"taxonomy":"product_brand","embeddable":true,"href":"https:\/\/www.personare.com.br\/servicos\/wp-json\/wp\/v2\/product_brand?post=22524"},{"taxonomy":"product_cat","embeddable":true,"href":"https:\/\/www.personare.com.br\/servicos\/wp-json\/wp\/v2\/product_cat?post=22524"},{"taxonomy":"product_tag","embeddable":true,"href":"https:\/\/www.personare.com.br\/servicos\/wp-json\/wp\/v2\/product_tag?post=22524"},{"taxonomy":"areas-da-vida","embeddable":true,"href":"https:\/\/www.personare.com.br\/servicos\/wp-json\/wp\/v2\/areas-da-vida?post=22524"},{"taxonomy":"estudos-e-terapias","embeddable":true,"href":"https:\/\/www.personare.com.br\/servicos\/wp-json\/wp\/v2\/estudos-e-terapias?post=22524"},{"taxonomy":"dores-e-objetivos","embeddable":true,"href":"https:\/\/www.personare.com.br\/servicos\/wp-json\/wp\/v2\/dores-e-objetivos?post=22524"}],"curies":[{"name":"wp","href":"https:\/\/api.w.org\/{rel}","templated":true}]}}