{"id":22505,"date":"2025-08-11T17:57:05","date_gmt":"2025-08-11T20:57:05","guid":{"rendered":"https:\/\/www.personare.com.br\/servicos\/?post_type=product&#038;p=22505"},"modified":"2026-02-09T16:19:54","modified_gmt":"2026-02-09T19:19:54","slug":"consulta-de-sinastria","status":"publish","type":"product","link":"https:\/\/www.personare.com.br\/servicos\/produto\/consulta-de-sinastria\/","title":{"rendered":"Consulta de Sinastria"},"content":{"rendered":"<p>Para quem est\u00e1 vivendo um relacionamento e deseja aprofundar o entendimento da conex\u00e3o<\/p>\n<p>Pessoas passando por d\u00favidas ou conflitos afetivos e que buscam mais clareza sobre o momento atual<\/p>\n<p>Para quem avalia uma parceria profissional e busca entender o potencial do v\u00ednculo<\/p>\n<p>Quem sente que uma rela\u00e7\u00e3o importante (com pai, m\u00e3e, filhos, amigos, ex-parceiros) precisa ser compreendida e ressignificada<\/p>\n","protected":false},"excerpt":{"rendered":"<p>A Consulta de Sinastria com Alexey Dodsworth n\u00e3o se limita \u00e0 compara\u00e7\u00e3o entre dois mapas. Oferece uma leitura completa sobre a din\u00e2mica entre voc\u00ea e outra pessoa, seja um parceiro amoroso, s\u00f3cio, familiar ou amigo.<\/p>\n<p>Alexey utiliza uma combina\u00e7\u00e3o de t\u00e9cnicas astrol\u00f3gicas que tornam essa consulta muito mais profunda do que a Sinastria cl\u00e1ssica:<\/p>\n<p>&#8211; Sinastria cl\u00e1ssica &#8211;\u00a0 compara os mapas individuais e analisa como os planetas de uma pessoa se relacionam com os da outra.<\/p>\n<p>&#8211; Mapa Composto &#8211;\u00a0 terceiro mapa criado a partir dos pontos m\u00e9dios entre os mapas das partes envolvidas. Ele revela o &#8220;esp\u00edrito&#8221; da rela\u00e7\u00e3o, como se o v\u00ednculo entre voc\u00eas tivesse uma alma pr\u00f3pria. Essa t\u00e9cnica \u00e9 especialmente indicada quando h\u00e1 um compromisso entre as partes, seja formal (como sociedades) ou verbal e afetivo (como um namoro). Ele permite um n\u00edvel de profundidade que vai al\u00e9m da simples compara\u00e7\u00e3o entre mapas.<\/p>\n<p>&#8211; Previs\u00f5es para o casal &#8211; an\u00e1lise dos tr\u00e2nsitos planet\u00e1rios sobre o mapa composto. Essa leitura mostra as tend\u00eancias e os momentos mais importantes para a rela\u00e7\u00e3o como um todo.<\/p>\n<p>Se voc\u00ea deseja entender com mais profundidade o potencial, os desafios e os caminhos de crescimento de uma rela\u00e7\u00e3o, a consulta de Sinastria \u00e9 o caminho ideal. Junto com o Alexey, olhe para o c\u00e9u e descubra o que ele revela sobre esse encontro.<\/p>\n","protected":false},"featured_media":17327,"comment_status":"open","ping_status":"closed","template":"","meta":{"_acf_changed":false,"footnotes":""},"product_brand":[],"product_cat":[52],"product_tag":[],"areas-da-vida":[162,163],"estudos-e-terapias":[129],"dores-e-objetivos":[88,90,98,109,119],"acf":[],"yoast_head":"<!-- This site is optimized with the Yoast SEO plugin v19.6.1 - https:\/\/yoast.com\/wordpress\/plugins\/seo\/ -->\n<title>Consulta de Sinastria - Personare Servi\u00e7os<\/title>\n<meta name=\"description\" content=\"Consulta de Sinastria com Alexey Dodsworth: entenda o potencial, desafios e caminhos de crescimento de uma rela\u00e7\u00e3o com an\u00e1lise astrol\u00f3gica profunda\" \/>\n<meta name=\"robots\" content=\"index, follow, max-snippet:-1, max-image-preview:large, max-video-preview:-1\" \/>\n<link rel=\"canonical\" href=\"https:\/\/www.personare.com.br\/servicos\/produto\/consulta-de-sinastria\/\" \/>\n<meta property=\"og:locale\" content=\"pt_BR\" \/>\n<meta property=\"og:type\" content=\"article\" \/>\n<meta property=\"og:title\" content=\"Consulta de Sinastria - Personare Servi\u00e7os\" \/>\n<meta property=\"og:description\" content=\"Consulta de Sinastria com Alexey Dodsworth: entenda o potencial, desafios e caminhos de crescimento de uma rela\u00e7\u00e3o com an\u00e1lise astrol\u00f3gica profunda\" \/>\n<meta property=\"og:url\" content=\"https:\/\/www.personare.com.br\/servicos\/produto\/consulta-de-sinastria\/\" \/>\n<meta property=\"og:site_name\" content=\"Personare Servi\u00e7os\" \/>\n<meta property=\"article:modified_time\" content=\"2026-02-09T19:19:54+00:00\" \/>\n<meta property=\"og:image\" content=\"https:\/\/d2t4cfkrxg4dhd.cloudfront.net\/app\/uploads\/2024\/07\/alexey-1-min.jpg\" \/>\n\t<meta property=\"og:image:width\" content=\"1819\" \/>\n\t<meta property=\"og:image:height\" content=\"1214\" \/>\n\t<meta property=\"og:image:type\" content=\"image\/jpeg\" \/>\n<meta name=\"twitter:card\" content=\"summary_large_image\" \/>\n<script type=\"application\/ld+json\" class=\"yoast-schema-graph\">{\"@context\":\"https:\/\/schema.org\",\"@graph\":[{\"@type\":\"WebPage\",\"@id\":\"https:\/\/www.personare.com.br\/servicos\/produto\/consulta-de-sinastria\/\",\"url\":\"https:\/\/www.personare.com.br\/servicos\/produto\/consulta-de-sinastria\/\",\"name\":\"Consulta de Sinastria - Personare Servi\u00e7os\",\"isPartOf\":{\"@id\":\"https:\/\/www.personare.com.br\/servicos\/#website\"},\"datePublished\":\"2025-08-11T20:57:05+00:00\",\"dateModified\":\"2026-02-09T19:19:54+00:00\",\"description\":\"Consulta de Sinastria com Alexey Dodsworth: entenda o potencial, desafios e caminhos de crescimento de uma rela\u00e7\u00e3o com an\u00e1lise astrol\u00f3gica profunda\",\"breadcrumb\":{\"@id\":\"https:\/\/www.personare.com.br\/servicos\/produto\/consulta-de-sinastria\/#breadcrumb\"},\"inLanguage\":\"pt-BR\",\"potentialAction\":[{\"@type\":\"ReadAction\",\"target\":[\"https:\/\/www.personare.com.br\/servicos\/produto\/consulta-de-sinastria\/\"]}]},{\"@type\":\"BreadcrumbList\",\"@id\":\"https:\/\/www.personare.com.br\/servicos\/produto\/consulta-de-sinastria\/#breadcrumb\",\"itemListElement\":[{\"@type\":\"ListItem\",\"position\":1,\"name\":\"In\u00edcio\",\"item\":\"https:\/\/www.personare.com.br\/servicos\/\"},{\"@type\":\"ListItem\",\"position\":2,\"name\":\"Loja\",\"item\":\"https:\/\/www.personare.com.br\/servicos\/busca\/\"},{\"@type\":\"ListItem\",\"position\":3,\"name\":\"Consulta de Sinastria\"}]},{\"@type\":\"WebSite\",\"@id\":\"https:\/\/www.personare.com.br\/servicos\/#website\",\"url\":\"https:\/\/www.personare.com.br\/servicos\/\",\"name\":\"Personare Servi\u00e7os\",\"description\":\"Agende Consultas e Terapias Online no Personare\",\"publisher\":{\"@id\":\"https:\/\/www.personare.com.br\/servicos\/#organization\"},\"potentialAction\":[{\"@type\":\"SearchAction\",\"target\":{\"@type\":\"EntryPoint\",\"urlTemplate\":\"https:\/\/www.personare.com.br\/servicos\/?s={search_term_string}\"},\"query-input\":\"required name=search_term_string\"}],\"inLanguage\":\"pt-BR\"},{\"@type\":\"Organization\",\"@id\":\"https:\/\/www.personare.com.br\/servicos\/#organization\",\"name\":\"Personare\",\"url\":\"https:\/\/www.personare.com.br\/servicos\/\",\"sameAs\":[],\"logo\":{\"@type\":\"ImageObject\",\"inLanguage\":\"pt-BR\",\"@id\":\"https:\/\/www.personare.com.br\/servicos\/#\/schema\/logo\/image\/\",\"url\":\"https:\/\/d2t4cfkrxg4dhd.cloudfront.net\/app\/uploads\/2021\/04\/70295ca5d3b1be44570b5e6d0854fa942edb2ab6.png\",\"contentUrl\":\"https:\/\/d2t4cfkrxg4dhd.cloudfront.net\/app\/uploads\/2021\/04\/70295ca5d3b1be44570b5e6d0854fa942edb2ab6.png\",\"width\":650,\"height\":554,\"caption\":\"Personare\"},\"image\":{\"@id\":\"https:\/\/www.personare.com.br\/servicos\/#\/schema\/logo\/image\/\"}}]}<\/script>\n<!-- \/ Yoast SEO plugin. -->","yoast_head_json":{"title":"Consulta de Sinastria - Personare Servi\u00e7os","description":"Consulta de Sinastria com Alexey Dodsworth: entenda o potencial, desafios e caminhos de crescimento de uma rela\u00e7\u00e3o com an\u00e1lise astrol\u00f3gica profunda","robots":{"index":"index","follow":"follow","max-snippet":"max-snippet:-1","max-image-preview":"max-image-preview:large","max-video-preview":"max-video-preview:-1"},"canonical":"https:\/\/www.personare.com.br\/servicos\/produto\/consulta-de-sinastria\/","og_locale":"pt_BR","og_type":"article","og_title":"Consulta de Sinastria - Personare Servi\u00e7os","og_description":"Consulta de Sinastria com Alexey Dodsworth: entenda o potencial, desafios e caminhos de crescimento de uma rela\u00e7\u00e3o com an\u00e1lise astrol\u00f3gica profunda","og_url":"https:\/\/www.personare.com.br\/servicos\/produto\/consulta-de-sinastria\/","og_site_name":"Personare Servi\u00e7os","article_modified_time":"2026-02-09T19:19:54+00:00","og_image":[{"width":1819,"height":1214,"url":"https:\/\/d2t4cfkrxg4dhd.cloudfront.net\/app\/uploads\/2024\/07\/alexey-1-min.jpg","type":"image\/jpeg"}],"twitter_card":"summary_large_image","schema":{"@context":"https:\/\/schema.org","@graph":[{"@type":"WebPage","@id":"https:\/\/www.personare.com.br\/servicos\/produto\/consulta-de-sinastria\/","url":"https:\/\/www.personare.com.br\/servicos\/produto\/consulta-de-sinastria\/","name":"Consulta de Sinastria - Personare Servi\u00e7os","isPartOf":{"@id":"https:\/\/www.personare.com.br\/servicos\/#website"},"datePublished":"2025-08-11T20:57:05+00:00","dateModified":"2026-02-09T19:19:54+00:00","description":"Consulta de Sinastria com Alexey Dodsworth: entenda o potencial, desafios e caminhos de crescimento de uma rela\u00e7\u00e3o com an\u00e1lise astrol\u00f3gica profunda","breadcrumb":{"@id":"https:\/\/www.personare.com.br\/servicos\/produto\/consulta-de-sinastria\/#breadcrumb"},"inLanguage":"pt-BR","potentialAction":[{"@type":"ReadAction","target":["https:\/\/www.personare.com.br\/servicos\/produto\/consulta-de-sinastria\/"]}]},{"@type":"BreadcrumbList","@id":"https:\/\/www.personare.com.br\/servicos\/produto\/consulta-de-sinastria\/#breadcrumb","itemListElement":[{"@type":"ListItem","position":1,"name":"In\u00edcio","item":"https:\/\/www.personare.com.br\/servicos\/"},{"@type":"ListItem","position":2,"name":"Loja","item":"https:\/\/www.personare.com.br\/servicos\/busca\/"},{"@type":"ListItem","position":3,"name":"Consulta de Sinastria"}]},{"@type":"WebSite","@id":"https:\/\/www.personare.com.br\/servicos\/#website","url":"https:\/\/www.personare.com.br\/servicos\/","name":"Personare Servi\u00e7os","description":"Agende Consultas e Terapias Online no Personare","publisher":{"@id":"https:\/\/www.personare.com.br\/servicos\/#organization"},"potentialAction":[{"@type":"SearchAction","target":{"@type":"EntryPoint","urlTemplate":"https:\/\/www.personare.com.br\/servicos\/?s={search_term_string}"},"query-input":"required name=search_term_string"}],"inLanguage":"pt-BR"},{"@type":"Organization","@id":"https:\/\/www.personare.com.br\/servicos\/#organization","name":"Personare","url":"https:\/\/www.personare.com.br\/servicos\/","sameAs":[],"logo":{"@type":"ImageObject","inLanguage":"pt-BR","@id":"https:\/\/www.personare.com.br\/servicos\/#\/schema\/logo\/image\/","url":"https:\/\/d2t4cfkrxg4dhd.cloudfront.net\/app\/uploads\/2021\/04\/70295ca5d3b1be44570b5e6d0854fa942edb2ab6.png","contentUrl":"https:\/\/d2t4cfkrxg4dhd.cloudfront.net\/app\/uploads\/2021\/04\/70295ca5d3b1be44570b5e6d0854fa942edb2ab6.png","width":650,"height":554,"caption":"Personare"},"image":{"@id":"https:\/\/www.personare.com.br\/servicos\/#\/schema\/logo\/image\/"}}]}},"_links":{"self":[{"href":"https:\/\/www.personare.com.br\/servicos\/wp-json\/wp\/v2\/product\/22505"}],"collection":[{"href":"https:\/\/www.personare.com.br\/servicos\/wp-json\/wp\/v2\/product"}],"about":[{"href":"https:\/\/www.personare.com.br\/servicos\/wp-json\/wp\/v2\/types\/product"}],"replies":[{"embeddable":true,"href":"https:\/\/www.personare.com.br\/servicos\/wp-json\/wp\/v2\/comments?post=22505"}],"version-history":[{"count":7,"href":"https:\/\/www.personare.com.br\/servicos\/wp-json\/wp\/v2\/product\/22505\/revisions"}],"predecessor-version":[{"id":23095,"href":"https:\/\/www.personare.com.br\/servicos\/wp-json\/wp\/v2\/product\/22505\/revisions\/23095"}],"wp:featuredmedia":[{"embeddable":true,"href":"https:\/\/www.personare.com.br\/servicos\/wp-json\/wp\/v2\/media\/17327"}],"wp:attachment":[{"href":"https:\/\/www.personare.com.br\/servicos\/wp-json\/wp\/v2\/media?parent=22505"}],"wp:term":[{"taxonomy":"product_brand","embeddable":true,"href":"https:\/\/www.personare.com.br\/servicos\/wp-json\/wp\/v2\/product_brand?post=22505"},{"taxonomy":"product_cat","embeddable":true,"href":"https:\/\/www.personare.com.br\/servicos\/wp-json\/wp\/v2\/product_cat?post=22505"},{"taxonomy":"product_tag","embeddable":true,"href":"https:\/\/www.personare.com.br\/servicos\/wp-json\/wp\/v2\/product_tag?post=22505"},{"taxonomy":"areas-da-vida","embeddable":true,"href":"https:\/\/www.personare.com.br\/servicos\/wp-json\/wp\/v2\/areas-da-vida?post=22505"},{"taxonomy":"estudos-e-terapias","embeddable":true,"href":"https:\/\/www.personare.com.br\/servicos\/wp-json\/wp\/v2\/estudos-e-terapias?post=22505"},{"taxonomy":"dores-e-objetivos","embeddable":true,"href":"https:\/\/www.personare.com.br\/servicos\/wp-json\/wp\/v2\/dores-e-objetivos?post=22505"}],"curies":[{"name":"wp","href":"https:\/\/api.w.org\/{rel}","templated":true}]}}