{"id":22498,"date":"2025-08-11T17:57:07","date_gmt":"2025-08-11T20:57:07","guid":{"rendered":"https:\/\/www.personare.com.br\/servicos\/?post_type=product&#038;p=22498"},"modified":"2026-02-09T16:19:54","modified_gmt":"2026-02-09T19:19:54","slug":"consulta-de-previsoes-astrologicas","status":"publish","type":"product","link":"https:\/\/www.personare.com.br\/servicos\/produto\/consulta-de-previsoes-astrologicas\/","title":{"rendered":"Previs\u00f5es Astrol\u00f3gicas"},"content":{"rendered":"<p>Para quem est\u00e1 em um momento de transi\u00e7\u00e3o e busca por clareza sobre os pr\u00f3ximos passos<\/p>\n<p>Pessoas que querem lidar melhor com as transforma\u00e7\u00f5es do presente e se preparar para decis\u00f5es de m\u00e9dio ou longo prazo<\/p>\n<p>Para quem quer aproveitar melhor o novo ano pessoal com base em uma an\u00e1lise profunda e personalizada, unindo tr\u00e2nsitos, progress\u00e3o lunar e Revolu\u00e7\u00e3o Solar<\/p>\n<p>Pessoas que j\u00e1 conhecem a Revolu\u00e7\u00e3o Personare e querem tirar d\u00favidas para ampliar sua vis\u00e3o de futuro<\/p>\n","protected":false},"excerpt":{"rendered":"<p>A consulta de Previs\u00f5es Astrol\u00f3gicas revela tend\u00eancias, desafios e oportunidades que se desenham no seu caminho nos pr\u00f3ximos meses e anos.<\/p>\n<p>O astr\u00f3logo Alexey Dodsworth utiliza tr\u00eas t\u00e9cnicas astrol\u00f3gicas principais que, combinadas, oferecem uma vis\u00e3o estrat\u00e9gica e sens\u00edvel do seu momento atual e do futuro:<\/p>\n<ul>\n<li>Tr\u00e2nsitos Planet\u00e1rios\u00a0 &#8211; revelam os temas mais ativos em sua vida e sinalizam per\u00edodos de mudan\u00e7a, crescimento, desafios e decis\u00f5es importantes. Alguns tr\u00e2nsitos duram semanas, outros se estendem por anos, e todos eles contam hist\u00f3rias sobre sua evolu\u00e7\u00e3o.<\/li>\n<li>\u00a0Progress\u00e3o Lunar &#8211; indica momentos de amadurecimento emocional, viradas internas e decis\u00f5es de longo prazo. Ela oferece uma linha do tempo aproximada de 1 a 2 anos, \u00fatil para entender movimentos mais subjetivos e profundos.<\/li>\n<li>\u00a0Revolu\u00e7\u00e3o Solar &#8211; mostra os temas centrais no per\u00edodo entre um anivers\u00e1rio e outro: onde est\u00e3o seus pontos de for\u00e7a, o que pede aten\u00e7\u00e3o, e como aproveitar melhor o que o ano traz.<\/li>\n<\/ul>\n<p>Essa leitura \u00e9 como um mapa atualizado do seu c\u00e9u, ajudando voc\u00ea a navegar com mais consci\u00eancia pelas transforma\u00e7\u00f5es do presente e a se preparar para o que vem.<\/p>\n","protected":false},"featured_media":17327,"comment_status":"open","ping_status":"closed","template":"","meta":{"_acf_changed":false,"footnotes":""},"product_brand":[],"product_cat":[52],"product_tag":[],"areas-da-vida":[163,170],"estudos-e-terapias":[129],"dores-e-objetivos":[189,188,120],"acf":[],"yoast_head":"<!-- This site is optimized with the Yoast SEO plugin v19.6.1 - https:\/\/yoast.com\/wordpress\/plugins\/seo\/ -->\n<title>Previs\u00f5es Astrol\u00f3gicas - Personare Servi\u00e7os<\/title>\n<meta name=\"description\" content=\"Descubra tend\u00eancias, desafios e oportunidades no seu caminho com a leitura astrol\u00f3gica estrat\u00e9gica de Alexey Dodsworth\" \/>\n<meta name=\"robots\" content=\"index, follow, max-snippet:-1, max-image-preview:large, max-video-preview:-1\" \/>\n<link rel=\"canonical\" href=\"https:\/\/www.personare.com.br\/servicos\/produto\/consulta-de-previsoes-astrologicas\/\" \/>\n<meta property=\"og:locale\" content=\"pt_BR\" \/>\n<meta property=\"og:type\" content=\"article\" \/>\n<meta property=\"og:title\" content=\"Previs\u00f5es Astrol\u00f3gicas - Personare Servi\u00e7os\" \/>\n<meta property=\"og:description\" content=\"Descubra tend\u00eancias, desafios e oportunidades no seu caminho com a leitura astrol\u00f3gica estrat\u00e9gica de Alexey Dodsworth\" \/>\n<meta property=\"og:url\" content=\"https:\/\/www.personare.com.br\/servicos\/produto\/consulta-de-previsoes-astrologicas\/\" \/>\n<meta property=\"og:site_name\" content=\"Personare Servi\u00e7os\" \/>\n<meta property=\"article:modified_time\" content=\"2026-02-09T19:19:54+00:00\" \/>\n<meta property=\"og:image\" content=\"https:\/\/d2t4cfkrxg4dhd.cloudfront.net\/app\/uploads\/2024\/07\/alexey-1-min.jpg\" \/>\n\t<meta property=\"og:image:width\" content=\"1819\" \/>\n\t<meta property=\"og:image:height\" content=\"1214\" \/>\n\t<meta property=\"og:image:type\" content=\"image\/jpeg\" \/>\n<meta name=\"twitter:card\" content=\"summary_large_image\" \/>\n<script type=\"application\/ld+json\" class=\"yoast-schema-graph\">{\"@context\":\"https:\/\/schema.org\",\"@graph\":[{\"@type\":\"WebPage\",\"@id\":\"https:\/\/www.personare.com.br\/servicos\/produto\/consulta-de-previsoes-astrologicas\/\",\"url\":\"https:\/\/www.personare.com.br\/servicos\/produto\/consulta-de-previsoes-astrologicas\/\",\"name\":\"Previs\u00f5es Astrol\u00f3gicas - Personare Servi\u00e7os\",\"isPartOf\":{\"@id\":\"https:\/\/www.personare.com.br\/servicos\/#website\"},\"datePublished\":\"2025-08-11T20:57:07+00:00\",\"dateModified\":\"2026-02-09T19:19:54+00:00\",\"description\":\"Descubra tend\u00eancias, desafios e oportunidades no seu caminho com a leitura astrol\u00f3gica estrat\u00e9gica de Alexey Dodsworth\",\"breadcrumb\":{\"@id\":\"https:\/\/www.personare.com.br\/servicos\/produto\/consulta-de-previsoes-astrologicas\/#breadcrumb\"},\"inLanguage\":\"pt-BR\",\"potentialAction\":[{\"@type\":\"ReadAction\",\"target\":[\"https:\/\/www.personare.com.br\/servicos\/produto\/consulta-de-previsoes-astrologicas\/\"]}]},{\"@type\":\"BreadcrumbList\",\"@id\":\"https:\/\/www.personare.com.br\/servicos\/produto\/consulta-de-previsoes-astrologicas\/#breadcrumb\",\"itemListElement\":[{\"@type\":\"ListItem\",\"position\":1,\"name\":\"In\u00edcio\",\"item\":\"https:\/\/www.personare.com.br\/servicos\/\"},{\"@type\":\"ListItem\",\"position\":2,\"name\":\"Loja\",\"item\":\"https:\/\/www.personare.com.br\/servicos\/busca\/\"},{\"@type\":\"ListItem\",\"position\":3,\"name\":\"Previs\u00f5es Astrol\u00f3gicas\"}]},{\"@type\":\"WebSite\",\"@id\":\"https:\/\/www.personare.com.br\/servicos\/#website\",\"url\":\"https:\/\/www.personare.com.br\/servicos\/\",\"name\":\"Personare Servi\u00e7os\",\"description\":\"Agende Consultas e Terapias Online no Personare\",\"publisher\":{\"@id\":\"https:\/\/www.personare.com.br\/servicos\/#organization\"},\"potentialAction\":[{\"@type\":\"SearchAction\",\"target\":{\"@type\":\"EntryPoint\",\"urlTemplate\":\"https:\/\/www.personare.com.br\/servicos\/?s={search_term_string}\"},\"query-input\":\"required name=search_term_string\"}],\"inLanguage\":\"pt-BR\"},{\"@type\":\"Organization\",\"@id\":\"https:\/\/www.personare.com.br\/servicos\/#organization\",\"name\":\"Personare\",\"url\":\"https:\/\/www.personare.com.br\/servicos\/\",\"sameAs\":[],\"logo\":{\"@type\":\"ImageObject\",\"inLanguage\":\"pt-BR\",\"@id\":\"https:\/\/www.personare.com.br\/servicos\/#\/schema\/logo\/image\/\",\"url\":\"https:\/\/d2t4cfkrxg4dhd.cloudfront.net\/app\/uploads\/2021\/04\/70295ca5d3b1be44570b5e6d0854fa942edb2ab6.png\",\"contentUrl\":\"https:\/\/d2t4cfkrxg4dhd.cloudfront.net\/app\/uploads\/2021\/04\/70295ca5d3b1be44570b5e6d0854fa942edb2ab6.png\",\"width\":650,\"height\":554,\"caption\":\"Personare\"},\"image\":{\"@id\":\"https:\/\/www.personare.com.br\/servicos\/#\/schema\/logo\/image\/\"}}]}<\/script>\n<!-- \/ Yoast SEO plugin. -->","yoast_head_json":{"title":"Previs\u00f5es Astrol\u00f3gicas - Personare Servi\u00e7os","description":"Descubra tend\u00eancias, desafios e oportunidades no seu caminho com a leitura astrol\u00f3gica estrat\u00e9gica de Alexey Dodsworth","robots":{"index":"index","follow":"follow","max-snippet":"max-snippet:-1","max-image-preview":"max-image-preview:large","max-video-preview":"max-video-preview:-1"},"canonical":"https:\/\/www.personare.com.br\/servicos\/produto\/consulta-de-previsoes-astrologicas\/","og_locale":"pt_BR","og_type":"article","og_title":"Previs\u00f5es Astrol\u00f3gicas - Personare Servi\u00e7os","og_description":"Descubra tend\u00eancias, desafios e oportunidades no seu caminho com a leitura astrol\u00f3gica estrat\u00e9gica de Alexey Dodsworth","og_url":"https:\/\/www.personare.com.br\/servicos\/produto\/consulta-de-previsoes-astrologicas\/","og_site_name":"Personare Servi\u00e7os","article_modified_time":"2026-02-09T19:19:54+00:00","og_image":[{"width":1819,"height":1214,"url":"https:\/\/d2t4cfkrxg4dhd.cloudfront.net\/app\/uploads\/2024\/07\/alexey-1-min.jpg","type":"image\/jpeg"}],"twitter_card":"summary_large_image","schema":{"@context":"https:\/\/schema.org","@graph":[{"@type":"WebPage","@id":"https:\/\/www.personare.com.br\/servicos\/produto\/consulta-de-previsoes-astrologicas\/","url":"https:\/\/www.personare.com.br\/servicos\/produto\/consulta-de-previsoes-astrologicas\/","name":"Previs\u00f5es Astrol\u00f3gicas - Personare Servi\u00e7os","isPartOf":{"@id":"https:\/\/www.personare.com.br\/servicos\/#website"},"datePublished":"2025-08-11T20:57:07+00:00","dateModified":"2026-02-09T19:19:54+00:00","description":"Descubra tend\u00eancias, desafios e oportunidades no seu caminho com a leitura astrol\u00f3gica estrat\u00e9gica de Alexey Dodsworth","breadcrumb":{"@id":"https:\/\/www.personare.com.br\/servicos\/produto\/consulta-de-previsoes-astrologicas\/#breadcrumb"},"inLanguage":"pt-BR","potentialAction":[{"@type":"ReadAction","target":["https:\/\/www.personare.com.br\/servicos\/produto\/consulta-de-previsoes-astrologicas\/"]}]},{"@type":"BreadcrumbList","@id":"https:\/\/www.personare.com.br\/servicos\/produto\/consulta-de-previsoes-astrologicas\/#breadcrumb","itemListElement":[{"@type":"ListItem","position":1,"name":"In\u00edcio","item":"https:\/\/www.personare.com.br\/servicos\/"},{"@type":"ListItem","position":2,"name":"Loja","item":"https:\/\/www.personare.com.br\/servicos\/busca\/"},{"@type":"ListItem","position":3,"name":"Previs\u00f5es Astrol\u00f3gicas"}]},{"@type":"WebSite","@id":"https:\/\/www.personare.com.br\/servicos\/#website","url":"https:\/\/www.personare.com.br\/servicos\/","name":"Personare Servi\u00e7os","description":"Agende Consultas e Terapias Online no Personare","publisher":{"@id":"https:\/\/www.personare.com.br\/servicos\/#organization"},"potentialAction":[{"@type":"SearchAction","target":{"@type":"EntryPoint","urlTemplate":"https:\/\/www.personare.com.br\/servicos\/?s={search_term_string}"},"query-input":"required name=search_term_string"}],"inLanguage":"pt-BR"},{"@type":"Organization","@id":"https:\/\/www.personare.com.br\/servicos\/#organization","name":"Personare","url":"https:\/\/www.personare.com.br\/servicos\/","sameAs":[],"logo":{"@type":"ImageObject","inLanguage":"pt-BR","@id":"https:\/\/www.personare.com.br\/servicos\/#\/schema\/logo\/image\/","url":"https:\/\/d2t4cfkrxg4dhd.cloudfront.net\/app\/uploads\/2021\/04\/70295ca5d3b1be44570b5e6d0854fa942edb2ab6.png","contentUrl":"https:\/\/d2t4cfkrxg4dhd.cloudfront.net\/app\/uploads\/2021\/04\/70295ca5d3b1be44570b5e6d0854fa942edb2ab6.png","width":650,"height":554,"caption":"Personare"},"image":{"@id":"https:\/\/www.personare.com.br\/servicos\/#\/schema\/logo\/image\/"}}]}},"_links":{"self":[{"href":"https:\/\/www.personare.com.br\/servicos\/wp-json\/wp\/v2\/product\/22498"}],"collection":[{"href":"https:\/\/www.personare.com.br\/servicos\/wp-json\/wp\/v2\/product"}],"about":[{"href":"https:\/\/www.personare.com.br\/servicos\/wp-json\/wp\/v2\/types\/product"}],"replies":[{"embeddable":true,"href":"https:\/\/www.personare.com.br\/servicos\/wp-json\/wp\/v2\/comments?post=22498"}],"version-history":[{"count":4,"href":"https:\/\/www.personare.com.br\/servicos\/wp-json\/wp\/v2\/product\/22498\/revisions"}],"predecessor-version":[{"id":22523,"href":"https:\/\/www.personare.com.br\/servicos\/wp-json\/wp\/v2\/product\/22498\/revisions\/22523"}],"wp:featuredmedia":[{"embeddable":true,"href":"https:\/\/www.personare.com.br\/servicos\/wp-json\/wp\/v2\/media\/17327"}],"wp:attachment":[{"href":"https:\/\/www.personare.com.br\/servicos\/wp-json\/wp\/v2\/media?parent=22498"}],"wp:term":[{"taxonomy":"product_brand","embeddable":true,"href":"https:\/\/www.personare.com.br\/servicos\/wp-json\/wp\/v2\/product_brand?post=22498"},{"taxonomy":"product_cat","embeddable":true,"href":"https:\/\/www.personare.com.br\/servicos\/wp-json\/wp\/v2\/product_cat?post=22498"},{"taxonomy":"product_tag","embeddable":true,"href":"https:\/\/www.personare.com.br\/servicos\/wp-json\/wp\/v2\/product_tag?post=22498"},{"taxonomy":"areas-da-vida","embeddable":true,"href":"https:\/\/www.personare.com.br\/servicos\/wp-json\/wp\/v2\/areas-da-vida?post=22498"},{"taxonomy":"estudos-e-terapias","embeddable":true,"href":"https:\/\/www.personare.com.br\/servicos\/wp-json\/wp\/v2\/estudos-e-terapias?post=22498"},{"taxonomy":"dores-e-objetivos","embeddable":true,"href":"https:\/\/www.personare.com.br\/servicos\/wp-json\/wp\/v2\/dores-e-objetivos?post=22498"}],"curies":[{"name":"wp","href":"https:\/\/api.w.org\/{rel}","templated":true}]}}