{"id":22007,"date":"2025-06-05T16:57:05","date_gmt":"2025-06-05T19:57:05","guid":{"rendered":"https:\/\/www.personare.com.br\/servicos\/?post_type=product&#038;p=22007"},"modified":"2025-12-29T17:49:28","modified_gmt":"2025-12-29T20:49:28","slug":"consulta-de-previsoes-eclipse","status":"publish","type":"product","link":"https:\/\/www.personare.com.br\/servicos\/produto\/consulta-de-previsoes-eclipse\/","title":{"rendered":"Previs\u00f5es Personalizadas dos Eclipses"},"content":{"rendered":"<p>Para quem busca clareza, direcionamento e consci\u00eancia sobre os pr\u00f3ximos seis meses<\/p>\n<p>Para quem j\u00e1 percebeu que os eclipses s\u00e3o eventos de virada e quer se preparar para o futuro pr\u00f3ximo<\/p>\n<p>Pessoas que desejam navegar as crises com sabedoria e aproveitar as oportunidades com coragem<\/p>\n<p>Para quem quer as previs\u00f5es a partir das quais todas as outras girar\u00e3o em torno, pois o que os eclipses mostram os pontos mais fortes e importantes em nossa vida durante seis meses<\/p>\n<p>Pessoas que querem entender as \u00e1reas e planetas mais ativados em sua vida agora<\/p>\n","protected":false},"excerpt":{"rendered":"<p>Os eclipses solares e lunares revelam os temas mais importantes que voc\u00ea viver\u00e1 nos pr\u00f3ximos 6 meses. S\u00e3o como verdadeiros catalisadores de transforma\u00e7\u00e3o, marcando per\u00edodos de revela\u00e7\u00f5es, encerramentos e recome\u00e7os.<br \/>Fazer uma consulta de previs\u00f5es personalizadas de eclipses traz clareza sobre as \u00e1reas da vida que ter\u00e3o maior destaque no seu futuro pr\u00f3ximo. Guinadas, crises e oportunidades de profundas mudan\u00e7as s\u00e3o vistas no mapa dos eclipses sobre o seu Mapa Natal.<\/p>\n<p>A leitura \u00e9 feita por Yub Miranda, astr\u00f3logo com mais de 20 anos de experi\u00eancia e refer\u00eancia em previs\u00f5es astrol\u00f3gicas com profundidade e aplica\u00e7\u00e3o pr\u00e1tica.<br \/>Voc\u00ea envia seus dados e recebe, em at\u00e9 3 dias \u00fateis, \u00e1udios e textos com previs\u00f5es detalhadas e orienta\u00e7\u00f5es para atravessar o ciclo com mais consci\u00eancia e poder de escolha.<\/p>\n<p>Agende sua consulta e descubra como a Astrologia pode ser uma aliada poderosa na constru\u00e7\u00e3o de um futuro mais consciente.<\/p>\n","protected":false},"featured_media":20956,"comment_status":"open","ping_status":"closed","template":"","meta":{"_acf_changed":false,"footnotes":""},"product_brand":[],"product_cat":[52],"product_tag":[],"areas-da-vida":[162,163,165,167],"estudos-e-terapias":[129],"dores-e-objetivos":[82,212,207,99,104],"acf":[],"yoast_head":"<!-- This site is optimized with the Yoast SEO plugin v19.6.1 - https:\/\/yoast.com\/wordpress\/plugins\/seo\/ -->\n<title>Previs\u00f5es Personalizadas dos Eclipses - Personare Servi\u00e7os<\/title>\n<meta name=\"description\" content=\"Tire sua d\u00favida urgente sobre vida amorosa, carreira ou Mapa Numerol\u00f3gico com Yubertson Miranda. Resposta direta e personalizada via WhatsApp.\" \/>\n<meta name=\"robots\" content=\"index, follow, max-snippet:-1, max-image-preview:large, max-video-preview:-1\" \/>\n<link rel=\"canonical\" href=\"https:\/\/www.personare.com.br\/servicos\/produto\/consulta-de-previsoes-eclipse\/\" \/>\n<meta property=\"og:locale\" content=\"pt_BR\" \/>\n<meta property=\"og:type\" content=\"article\" \/>\n<meta property=\"og:title\" content=\"Previs\u00f5es Personalizadas dos Eclipses - Personare Servi\u00e7os\" \/>\n<meta property=\"og:description\" content=\"Tire sua d\u00favida urgente sobre vida amorosa, carreira ou Mapa Numerol\u00f3gico com Yubertson Miranda. Resposta direta e personalizada via WhatsApp.\" \/>\n<meta property=\"og:url\" content=\"https:\/\/www.personare.com.br\/servicos\/produto\/consulta-de-previsoes-eclipse\/\" \/>\n<meta property=\"og:site_name\" content=\"Personare Servi\u00e7os\" \/>\n<meta property=\"article:modified_time\" content=\"2025-12-29T20:49:28+00:00\" \/>\n<meta property=\"og:image\" content=\"https:\/\/d2t4cfkrxg4dhd.cloudfront.net\/app\/uploads\/2025\/03\/Yub.jpg\" \/>\n\t<meta property=\"og:image:width\" content=\"1461\" \/>\n\t<meta property=\"og:image:height\" content=\"925\" \/>\n\t<meta property=\"og:image:type\" content=\"image\/jpeg\" \/>\n<meta name=\"twitter:card\" content=\"summary_large_image\" \/>\n<script type=\"application\/ld+json\" class=\"yoast-schema-graph\">{\"@context\":\"https:\/\/schema.org\",\"@graph\":[{\"@type\":\"WebPage\",\"@id\":\"https:\/\/www.personare.com.br\/servicos\/produto\/consulta-de-previsoes-eclipse\/\",\"url\":\"https:\/\/www.personare.com.br\/servicos\/produto\/consulta-de-previsoes-eclipse\/\",\"name\":\"Previs\u00f5es Personalizadas dos Eclipses - Personare Servi\u00e7os\",\"isPartOf\":{\"@id\":\"https:\/\/www.personare.com.br\/servicos\/#website\"},\"datePublished\":\"2025-06-05T19:57:05+00:00\",\"dateModified\":\"2025-12-29T20:49:28+00:00\",\"description\":\"Tire sua d\u00favida urgente sobre vida amorosa, carreira ou Mapa Numerol\u00f3gico com Yubertson Miranda. Resposta direta e personalizada via WhatsApp.\",\"breadcrumb\":{\"@id\":\"https:\/\/www.personare.com.br\/servicos\/produto\/consulta-de-previsoes-eclipse\/#breadcrumb\"},\"inLanguage\":\"pt-BR\",\"potentialAction\":[{\"@type\":\"ReadAction\",\"target\":[\"https:\/\/www.personare.com.br\/servicos\/produto\/consulta-de-previsoes-eclipse\/\"]}]},{\"@type\":\"BreadcrumbList\",\"@id\":\"https:\/\/www.personare.com.br\/servicos\/produto\/consulta-de-previsoes-eclipse\/#breadcrumb\",\"itemListElement\":[{\"@type\":\"ListItem\",\"position\":1,\"name\":\"In\u00edcio\",\"item\":\"https:\/\/www.personare.com.br\/servicos\/\"},{\"@type\":\"ListItem\",\"position\":2,\"name\":\"Loja\",\"item\":\"https:\/\/www.personare.com.br\/servicos\/busca\/\"},{\"@type\":\"ListItem\",\"position\":3,\"name\":\"Previs\u00f5es Personalizadas dos Eclipses\"}]},{\"@type\":\"WebSite\",\"@id\":\"https:\/\/www.personare.com.br\/servicos\/#website\",\"url\":\"https:\/\/www.personare.com.br\/servicos\/\",\"name\":\"Personare Servi\u00e7os\",\"description\":\"Agende Consultas e Terapias Online no Personare\",\"publisher\":{\"@id\":\"https:\/\/www.personare.com.br\/servicos\/#organization\"},\"potentialAction\":[{\"@type\":\"SearchAction\",\"target\":{\"@type\":\"EntryPoint\",\"urlTemplate\":\"https:\/\/www.personare.com.br\/servicos\/?s={search_term_string}\"},\"query-input\":\"required name=search_term_string\"}],\"inLanguage\":\"pt-BR\"},{\"@type\":\"Organization\",\"@id\":\"https:\/\/www.personare.com.br\/servicos\/#organization\",\"name\":\"Personare\",\"url\":\"https:\/\/www.personare.com.br\/servicos\/\",\"sameAs\":[],\"logo\":{\"@type\":\"ImageObject\",\"inLanguage\":\"pt-BR\",\"@id\":\"https:\/\/www.personare.com.br\/servicos\/#\/schema\/logo\/image\/\",\"url\":\"https:\/\/d2t4cfkrxg4dhd.cloudfront.net\/app\/uploads\/2021\/04\/70295ca5d3b1be44570b5e6d0854fa942edb2ab6.png\",\"contentUrl\":\"https:\/\/d2t4cfkrxg4dhd.cloudfront.net\/app\/uploads\/2021\/04\/70295ca5d3b1be44570b5e6d0854fa942edb2ab6.png\",\"width\":650,\"height\":554,\"caption\":\"Personare\"},\"image\":{\"@id\":\"https:\/\/www.personare.com.br\/servicos\/#\/schema\/logo\/image\/\"}}]}<\/script>\n<!-- \/ Yoast SEO plugin. -->","yoast_head_json":{"title":"Previs\u00f5es Personalizadas dos Eclipses - Personare Servi\u00e7os","description":"Tire sua d\u00favida urgente sobre vida amorosa, carreira ou Mapa Numerol\u00f3gico com Yubertson Miranda. Resposta direta e personalizada via WhatsApp.","robots":{"index":"index","follow":"follow","max-snippet":"max-snippet:-1","max-image-preview":"max-image-preview:large","max-video-preview":"max-video-preview:-1"},"canonical":"https:\/\/www.personare.com.br\/servicos\/produto\/consulta-de-previsoes-eclipse\/","og_locale":"pt_BR","og_type":"article","og_title":"Previs\u00f5es Personalizadas dos Eclipses - Personare Servi\u00e7os","og_description":"Tire sua d\u00favida urgente sobre vida amorosa, carreira ou Mapa Numerol\u00f3gico com Yubertson Miranda. Resposta direta e personalizada via WhatsApp.","og_url":"https:\/\/www.personare.com.br\/servicos\/produto\/consulta-de-previsoes-eclipse\/","og_site_name":"Personare Servi\u00e7os","article_modified_time":"2025-12-29T20:49:28+00:00","og_image":[{"width":1461,"height":925,"url":"https:\/\/d2t4cfkrxg4dhd.cloudfront.net\/app\/uploads\/2025\/03\/Yub.jpg","type":"image\/jpeg"}],"twitter_card":"summary_large_image","schema":{"@context":"https:\/\/schema.org","@graph":[{"@type":"WebPage","@id":"https:\/\/www.personare.com.br\/servicos\/produto\/consulta-de-previsoes-eclipse\/","url":"https:\/\/www.personare.com.br\/servicos\/produto\/consulta-de-previsoes-eclipse\/","name":"Previs\u00f5es Personalizadas dos Eclipses - Personare Servi\u00e7os","isPartOf":{"@id":"https:\/\/www.personare.com.br\/servicos\/#website"},"datePublished":"2025-06-05T19:57:05+00:00","dateModified":"2025-12-29T20:49:28+00:00","description":"Tire sua d\u00favida urgente sobre vida amorosa, carreira ou Mapa Numerol\u00f3gico com Yubertson Miranda. Resposta direta e personalizada via WhatsApp.","breadcrumb":{"@id":"https:\/\/www.personare.com.br\/servicos\/produto\/consulta-de-previsoes-eclipse\/#breadcrumb"},"inLanguage":"pt-BR","potentialAction":[{"@type":"ReadAction","target":["https:\/\/www.personare.com.br\/servicos\/produto\/consulta-de-previsoes-eclipse\/"]}]},{"@type":"BreadcrumbList","@id":"https:\/\/www.personare.com.br\/servicos\/produto\/consulta-de-previsoes-eclipse\/#breadcrumb","itemListElement":[{"@type":"ListItem","position":1,"name":"In\u00edcio","item":"https:\/\/www.personare.com.br\/servicos\/"},{"@type":"ListItem","position":2,"name":"Loja","item":"https:\/\/www.personare.com.br\/servicos\/busca\/"},{"@type":"ListItem","position":3,"name":"Previs\u00f5es Personalizadas dos Eclipses"}]},{"@type":"WebSite","@id":"https:\/\/www.personare.com.br\/servicos\/#website","url":"https:\/\/www.personare.com.br\/servicos\/","name":"Personare Servi\u00e7os","description":"Agende Consultas e Terapias Online no Personare","publisher":{"@id":"https:\/\/www.personare.com.br\/servicos\/#organization"},"potentialAction":[{"@type":"SearchAction","target":{"@type":"EntryPoint","urlTemplate":"https:\/\/www.personare.com.br\/servicos\/?s={search_term_string}"},"query-input":"required name=search_term_string"}],"inLanguage":"pt-BR"},{"@type":"Organization","@id":"https:\/\/www.personare.com.br\/servicos\/#organization","name":"Personare","url":"https:\/\/www.personare.com.br\/servicos\/","sameAs":[],"logo":{"@type":"ImageObject","inLanguage":"pt-BR","@id":"https:\/\/www.personare.com.br\/servicos\/#\/schema\/logo\/image\/","url":"https:\/\/d2t4cfkrxg4dhd.cloudfront.net\/app\/uploads\/2021\/04\/70295ca5d3b1be44570b5e6d0854fa942edb2ab6.png","contentUrl":"https:\/\/d2t4cfkrxg4dhd.cloudfront.net\/app\/uploads\/2021\/04\/70295ca5d3b1be44570b5e6d0854fa942edb2ab6.png","width":650,"height":554,"caption":"Personare"},"image":{"@id":"https:\/\/www.personare.com.br\/servicos\/#\/schema\/logo\/image\/"}}]}},"_links":{"self":[{"href":"https:\/\/www.personare.com.br\/servicos\/wp-json\/wp\/v2\/product\/22007"}],"collection":[{"href":"https:\/\/www.personare.com.br\/servicos\/wp-json\/wp\/v2\/product"}],"about":[{"href":"https:\/\/www.personare.com.br\/servicos\/wp-json\/wp\/v2\/types\/product"}],"replies":[{"embeddable":true,"href":"https:\/\/www.personare.com.br\/servicos\/wp-json\/wp\/v2\/comments?post=22007"}],"version-history":[{"count":4,"href":"https:\/\/www.personare.com.br\/servicos\/wp-json\/wp\/v2\/product\/22007\/revisions"}],"predecessor-version":[{"id":24301,"href":"https:\/\/www.personare.com.br\/servicos\/wp-json\/wp\/v2\/product\/22007\/revisions\/24301"}],"wp:featuredmedia":[{"embeddable":true,"href":"https:\/\/www.personare.com.br\/servicos\/wp-json\/wp\/v2\/media\/20956"}],"wp:attachment":[{"href":"https:\/\/www.personare.com.br\/servicos\/wp-json\/wp\/v2\/media?parent=22007"}],"wp:term":[{"taxonomy":"product_brand","embeddable":true,"href":"https:\/\/www.personare.com.br\/servicos\/wp-json\/wp\/v2\/product_brand?post=22007"},{"taxonomy":"product_cat","embeddable":true,"href":"https:\/\/www.personare.com.br\/servicos\/wp-json\/wp\/v2\/product_cat?post=22007"},{"taxonomy":"product_tag","embeddable":true,"href":"https:\/\/www.personare.com.br\/servicos\/wp-json\/wp\/v2\/product_tag?post=22007"},{"taxonomy":"areas-da-vida","embeddable":true,"href":"https:\/\/www.personare.com.br\/servicos\/wp-json\/wp\/v2\/areas-da-vida?post=22007"},{"taxonomy":"estudos-e-terapias","embeddable":true,"href":"https:\/\/www.personare.com.br\/servicos\/wp-json\/wp\/v2\/estudos-e-terapias?post=22007"},{"taxonomy":"dores-e-objetivos","embeddable":true,"href":"https:\/\/www.personare.com.br\/servicos\/wp-json\/wp\/v2\/dores-e-objetivos?post=22007"}],"curies":[{"name":"wp","href":"https:\/\/api.w.org\/{rel}","templated":true}]}}