{"id":21940,"date":"2025-06-02T21:46:59","date_gmt":"2025-06-03T00:46:59","guid":{"rendered":"https:\/\/www.personare.com.br\/servicos\/?post_type=product&#038;p=21940"},"modified":"2025-12-30T20:27:45","modified_gmt":"2025-12-30T23:27:45","slug":"mapa-astral-previsoes","status":"publish","type":"product","link":"https:\/\/www.personare.com.br\/servicos\/produto\/mapa-astral-previsoes\/","title":{"rendered":"Mapa Astral + Previs\u00f5es Astrol\u00f3gicas"},"content":{"rendered":"<p>Para quem quer se conhecer melhor e tomar melhores decis\u00f5es usando a Astrologia<\/p>\n<p>Pessoas que est\u00e3o em um momento decisivo e desejam a orienta\u00e7\u00e3o de um astr\u00f3logo experiente<\/p>\n<p>Para quem almeja compreender padr\u00f5es sabotadores e como super\u00e1-los<\/p>\n","protected":false},"excerpt":{"rendered":"<p>A consulta de Mapa Astral + Previs\u00f5es \u00e9 uma experi\u00eancia completa de autoconhecimento e orienta\u00e7\u00e3o personalizada. Ideal para quem deseja compreender profundamente sua personalidade, miss\u00e3o de vida e os ciclos que est\u00e1 vivendo.<\/p>\n<p>Atrav\u00e9s da an\u00e1lise detalhada do seu Mapa Astral, voc\u00ea descobre como lidar com cada \u00e1rea da vida, identifica seus maiores talentos e potenciais. Complementando o estudo, s\u00e3o aplicadas quatro t\u00e9cnicas avan\u00e7adas de previs\u00f5es astrol\u00f3gicas: Revolu\u00e7\u00e3o solar, Tr\u00e2nsitos, Progress\u00f5es e Eclipses. Desse modo, voc\u00ea ter\u00e1 tamb\u00e9m a vis\u00e3o das oportunidades, desafios e aprendizados do seu momento atual, geralmente com foco no per\u00edodo de um ano.<\/p>\n<p>Este servi\u00e7o ass\u00edncrono \u00e9 conduzido por Yubertson Miranda, astr\u00f3logo experiente com d\u00e9cadas de atua\u00e7\u00e3o, que transforma a Astrologia em um guia para a sua evolu\u00e7\u00e3o pessoal.<\/p>\n<p>A sess\u00e3o \u00e9 gravada (n\u00e3o \u00e9 online) e o v\u00eddeo \u00e9 enviado para o whatsapp do cliente em at\u00e9 7 dias \u00fateis. Ap\u00f3s assistir, voc\u00ea vai poder tirar d\u00favidas e aprofundar em determinadas quest\u00f5es atrav\u00e9s da intera\u00e7\u00e3o por mensagens e \u00e1udios no WhatsApp. O objetivo \u00e9 proporcionar uma experi\u00eancia acolhedora e transformadora, ajudando voc\u00ea a compreender melhor seu momento e seguir sua jornada com mais confian\u00e7a.<\/p>\n","protected":false},"featured_media":20956,"comment_status":"open","ping_status":"closed","template":"","meta":{"_acf_changed":false,"footnotes":""},"product_brand":[],"product_cat":[52],"product_tag":[],"areas-da-vida":[162,163,165,167],"estudos-e-terapias":[129],"dores-e-objetivos":[82,212,207,99,104],"acf":[],"yoast_head":"<!-- This site is optimized with the Yoast SEO plugin v19.6.1 - https:\/\/yoast.com\/wordpress\/plugins\/seo\/ -->\n<title>Mapa Astral + Previs\u00f5es Astrol\u00f3gicas - Personare Servi\u00e7os<\/title>\n<meta name=\"description\" content=\"Tire sua d\u00favida urgente sobre vida amorosa, carreira ou Mapa Numerol\u00f3gico com Yubertson Miranda. Resposta direta e personalizada via WhatsApp.\" \/>\n<meta name=\"robots\" content=\"index, follow, max-snippet:-1, max-image-preview:large, max-video-preview:-1\" \/>\n<link rel=\"canonical\" href=\"https:\/\/www.personare.com.br\/servicos\/produto\/mapa-astral-previsoes\/\" \/>\n<meta property=\"og:locale\" content=\"pt_BR\" \/>\n<meta property=\"og:type\" content=\"article\" \/>\n<meta property=\"og:title\" content=\"Mapa Astral + Previs\u00f5es Astrol\u00f3gicas - Personare Servi\u00e7os\" \/>\n<meta property=\"og:description\" content=\"Tire sua d\u00favida urgente sobre vida amorosa, carreira ou Mapa Numerol\u00f3gico com Yubertson Miranda. Resposta direta e personalizada via WhatsApp.\" \/>\n<meta property=\"og:url\" content=\"https:\/\/www.personare.com.br\/servicos\/produto\/mapa-astral-previsoes\/\" \/>\n<meta property=\"og:site_name\" content=\"Personare Servi\u00e7os\" \/>\n<meta property=\"article:modified_time\" content=\"2025-12-30T23:27:45+00:00\" \/>\n<meta property=\"og:image\" content=\"https:\/\/d2t4cfkrxg4dhd.cloudfront.net\/app\/uploads\/2025\/03\/Yub.jpg\" \/>\n\t<meta property=\"og:image:width\" content=\"1461\" \/>\n\t<meta property=\"og:image:height\" content=\"925\" \/>\n\t<meta property=\"og:image:type\" content=\"image\/jpeg\" \/>\n<meta name=\"twitter:card\" content=\"summary_large_image\" \/>\n<script type=\"application\/ld+json\" class=\"yoast-schema-graph\">{\"@context\":\"https:\/\/schema.org\",\"@graph\":[{\"@type\":\"WebPage\",\"@id\":\"https:\/\/www.personare.com.br\/servicos\/produto\/mapa-astral-previsoes\/\",\"url\":\"https:\/\/www.personare.com.br\/servicos\/produto\/mapa-astral-previsoes\/\",\"name\":\"Mapa Astral + Previs\u00f5es Astrol\u00f3gicas - Personare Servi\u00e7os\",\"isPartOf\":{\"@id\":\"https:\/\/www.personare.com.br\/servicos\/#website\"},\"datePublished\":\"2025-06-03T00:46:59+00:00\",\"dateModified\":\"2025-12-30T23:27:45+00:00\",\"description\":\"Tire sua d\u00favida urgente sobre vida amorosa, carreira ou Mapa Numerol\u00f3gico com Yubertson Miranda. Resposta direta e personalizada via WhatsApp.\",\"breadcrumb\":{\"@id\":\"https:\/\/www.personare.com.br\/servicos\/produto\/mapa-astral-previsoes\/#breadcrumb\"},\"inLanguage\":\"pt-BR\",\"potentialAction\":[{\"@type\":\"ReadAction\",\"target\":[\"https:\/\/www.personare.com.br\/servicos\/produto\/mapa-astral-previsoes\/\"]}]},{\"@type\":\"BreadcrumbList\",\"@id\":\"https:\/\/www.personare.com.br\/servicos\/produto\/mapa-astral-previsoes\/#breadcrumb\",\"itemListElement\":[{\"@type\":\"ListItem\",\"position\":1,\"name\":\"In\u00edcio\",\"item\":\"https:\/\/www.personare.com.br\/servicos\/\"},{\"@type\":\"ListItem\",\"position\":2,\"name\":\"Loja\",\"item\":\"https:\/\/www.personare.com.br\/servicos\/busca\/\"},{\"@type\":\"ListItem\",\"position\":3,\"name\":\"Mapa Astral + Previs\u00f5es Astrol\u00f3gicas\"}]},{\"@type\":\"WebSite\",\"@id\":\"https:\/\/www.personare.com.br\/servicos\/#website\",\"url\":\"https:\/\/www.personare.com.br\/servicos\/\",\"name\":\"Personare Servi\u00e7os\",\"description\":\"Agende Consultas e Terapias Online no Personare\",\"publisher\":{\"@id\":\"https:\/\/www.personare.com.br\/servicos\/#organization\"},\"potentialAction\":[{\"@type\":\"SearchAction\",\"target\":{\"@type\":\"EntryPoint\",\"urlTemplate\":\"https:\/\/www.personare.com.br\/servicos\/?s={search_term_string}\"},\"query-input\":\"required name=search_term_string\"}],\"inLanguage\":\"pt-BR\"},{\"@type\":\"Organization\",\"@id\":\"https:\/\/www.personare.com.br\/servicos\/#organization\",\"name\":\"Personare\",\"url\":\"https:\/\/www.personare.com.br\/servicos\/\",\"sameAs\":[],\"logo\":{\"@type\":\"ImageObject\",\"inLanguage\":\"pt-BR\",\"@id\":\"https:\/\/www.personare.com.br\/servicos\/#\/schema\/logo\/image\/\",\"url\":\"https:\/\/d2t4cfkrxg4dhd.cloudfront.net\/app\/uploads\/2021\/04\/70295ca5d3b1be44570b5e6d0854fa942edb2ab6.png\",\"contentUrl\":\"https:\/\/d2t4cfkrxg4dhd.cloudfront.net\/app\/uploads\/2021\/04\/70295ca5d3b1be44570b5e6d0854fa942edb2ab6.png\",\"width\":650,\"height\":554,\"caption\":\"Personare\"},\"image\":{\"@id\":\"https:\/\/www.personare.com.br\/servicos\/#\/schema\/logo\/image\/\"}}]}<\/script>\n<!-- \/ Yoast SEO plugin. -->","yoast_head_json":{"title":"Mapa Astral + Previs\u00f5es Astrol\u00f3gicas - Personare Servi\u00e7os","description":"Tire sua d\u00favida urgente sobre vida amorosa, carreira ou Mapa Numerol\u00f3gico com Yubertson Miranda. Resposta direta e personalizada via WhatsApp.","robots":{"index":"index","follow":"follow","max-snippet":"max-snippet:-1","max-image-preview":"max-image-preview:large","max-video-preview":"max-video-preview:-1"},"canonical":"https:\/\/www.personare.com.br\/servicos\/produto\/mapa-astral-previsoes\/","og_locale":"pt_BR","og_type":"article","og_title":"Mapa Astral + Previs\u00f5es Astrol\u00f3gicas - Personare Servi\u00e7os","og_description":"Tire sua d\u00favida urgente sobre vida amorosa, carreira ou Mapa Numerol\u00f3gico com Yubertson Miranda. Resposta direta e personalizada via WhatsApp.","og_url":"https:\/\/www.personare.com.br\/servicos\/produto\/mapa-astral-previsoes\/","og_site_name":"Personare Servi\u00e7os","article_modified_time":"2025-12-30T23:27:45+00:00","og_image":[{"width":1461,"height":925,"url":"https:\/\/d2t4cfkrxg4dhd.cloudfront.net\/app\/uploads\/2025\/03\/Yub.jpg","type":"image\/jpeg"}],"twitter_card":"summary_large_image","schema":{"@context":"https:\/\/schema.org","@graph":[{"@type":"WebPage","@id":"https:\/\/www.personare.com.br\/servicos\/produto\/mapa-astral-previsoes\/","url":"https:\/\/www.personare.com.br\/servicos\/produto\/mapa-astral-previsoes\/","name":"Mapa Astral + Previs\u00f5es Astrol\u00f3gicas - Personare Servi\u00e7os","isPartOf":{"@id":"https:\/\/www.personare.com.br\/servicos\/#website"},"datePublished":"2025-06-03T00:46:59+00:00","dateModified":"2025-12-30T23:27:45+00:00","description":"Tire sua d\u00favida urgente sobre vida amorosa, carreira ou Mapa Numerol\u00f3gico com Yubertson Miranda. Resposta direta e personalizada via WhatsApp.","breadcrumb":{"@id":"https:\/\/www.personare.com.br\/servicos\/produto\/mapa-astral-previsoes\/#breadcrumb"},"inLanguage":"pt-BR","potentialAction":[{"@type":"ReadAction","target":["https:\/\/www.personare.com.br\/servicos\/produto\/mapa-astral-previsoes\/"]}]},{"@type":"BreadcrumbList","@id":"https:\/\/www.personare.com.br\/servicos\/produto\/mapa-astral-previsoes\/#breadcrumb","itemListElement":[{"@type":"ListItem","position":1,"name":"In\u00edcio","item":"https:\/\/www.personare.com.br\/servicos\/"},{"@type":"ListItem","position":2,"name":"Loja","item":"https:\/\/www.personare.com.br\/servicos\/busca\/"},{"@type":"ListItem","position":3,"name":"Mapa Astral + Previs\u00f5es Astrol\u00f3gicas"}]},{"@type":"WebSite","@id":"https:\/\/www.personare.com.br\/servicos\/#website","url":"https:\/\/www.personare.com.br\/servicos\/","name":"Personare Servi\u00e7os","description":"Agende Consultas e Terapias Online no Personare","publisher":{"@id":"https:\/\/www.personare.com.br\/servicos\/#organization"},"potentialAction":[{"@type":"SearchAction","target":{"@type":"EntryPoint","urlTemplate":"https:\/\/www.personare.com.br\/servicos\/?s={search_term_string}"},"query-input":"required name=search_term_string"}],"inLanguage":"pt-BR"},{"@type":"Organization","@id":"https:\/\/www.personare.com.br\/servicos\/#organization","name":"Personare","url":"https:\/\/www.personare.com.br\/servicos\/","sameAs":[],"logo":{"@type":"ImageObject","inLanguage":"pt-BR","@id":"https:\/\/www.personare.com.br\/servicos\/#\/schema\/logo\/image\/","url":"https:\/\/d2t4cfkrxg4dhd.cloudfront.net\/app\/uploads\/2021\/04\/70295ca5d3b1be44570b5e6d0854fa942edb2ab6.png","contentUrl":"https:\/\/d2t4cfkrxg4dhd.cloudfront.net\/app\/uploads\/2021\/04\/70295ca5d3b1be44570b5e6d0854fa942edb2ab6.png","width":650,"height":554,"caption":"Personare"},"image":{"@id":"https:\/\/www.personare.com.br\/servicos\/#\/schema\/logo\/image\/"}}]}},"_links":{"self":[{"href":"https:\/\/www.personare.com.br\/servicos\/wp-json\/wp\/v2\/product\/21940"}],"collection":[{"href":"https:\/\/www.personare.com.br\/servicos\/wp-json\/wp\/v2\/product"}],"about":[{"href":"https:\/\/www.personare.com.br\/servicos\/wp-json\/wp\/v2\/types\/product"}],"replies":[{"embeddable":true,"href":"https:\/\/www.personare.com.br\/servicos\/wp-json\/wp\/v2\/comments?post=21940"}],"version-history":[{"count":15,"href":"https:\/\/www.personare.com.br\/servicos\/wp-json\/wp\/v2\/product\/21940\/revisions"}],"predecessor-version":[{"id":24312,"href":"https:\/\/www.personare.com.br\/servicos\/wp-json\/wp\/v2\/product\/21940\/revisions\/24312"}],"wp:featuredmedia":[{"embeddable":true,"href":"https:\/\/www.personare.com.br\/servicos\/wp-json\/wp\/v2\/media\/20956"}],"wp:attachment":[{"href":"https:\/\/www.personare.com.br\/servicos\/wp-json\/wp\/v2\/media?parent=21940"}],"wp:term":[{"taxonomy":"product_brand","embeddable":true,"href":"https:\/\/www.personare.com.br\/servicos\/wp-json\/wp\/v2\/product_brand?post=21940"},{"taxonomy":"product_cat","embeddable":true,"href":"https:\/\/www.personare.com.br\/servicos\/wp-json\/wp\/v2\/product_cat?post=21940"},{"taxonomy":"product_tag","embeddable":true,"href":"https:\/\/www.personare.com.br\/servicos\/wp-json\/wp\/v2\/product_tag?post=21940"},{"taxonomy":"areas-da-vida","embeddable":true,"href":"https:\/\/www.personare.com.br\/servicos\/wp-json\/wp\/v2\/areas-da-vida?post=21940"},{"taxonomy":"estudos-e-terapias","embeddable":true,"href":"https:\/\/www.personare.com.br\/servicos\/wp-json\/wp\/v2\/estudos-e-terapias?post=21940"},{"taxonomy":"dores-e-objetivos","embeddable":true,"href":"https:\/\/www.personare.com.br\/servicos\/wp-json\/wp\/v2\/dores-e-objetivos?post=21940"}],"curies":[{"name":"wp","href":"https:\/\/api.w.org\/{rel}","templated":true}]}}