{"id":21897,"date":"2025-05-30T20:37:17","date_gmt":"2025-05-30T23:37:17","guid":{"rendered":"https:\/\/www.personare.com.br\/servicos\/?post_type=product&#038;p=21897"},"modified":"2025-12-30T20:26:47","modified_gmt":"2025-12-30T23:26:47","slug":"previsoes-astrologicas","status":"publish","type":"product","link":"https:\/\/www.personare.com.br\/servicos\/produto\/previsoes-astrologicas\/","title":{"rendered":"Consulta de Previs\u00f5es Astrol\u00f3gicas"},"content":{"rendered":"<p>Pessoas que est\u00e3o entrando em um novo ano pessoal ou fase de vida e querem se preparar emocional e estrategicamente para esse per\u00edodo<\/p>\n<p>Quem busca compreender as tend\u00eancias futuras, desafios e oportunidades para se se posicionar melhor em alguma \u00e1rea da vida<\/p>\n<p>Pessoas vivenciando momentos de crises, dificuldades, incertezas ou conflitos e buscam clareza, orienta\u00e7\u00e3o e um caminho mais seguro para seguir em frente<\/p>\n<p>Quem quer tomar decis\u00f5es importantes com maior seguran\u00e7a, baseando-se em previs\u00f5es e an\u00e1lises astrol\u00f3gicas para minimizar riscos e maximizar resultados<\/p>\n<p>Profissionais de qualquer setor que desejam antecipar tend\u00eancias e alinhar suas estrat\u00e9gias pessoais e profissionais com os ciclos astrol\u00f3gicos<\/p>\n<p>Para quem busca uma compreens\u00e3o mais profunda dos ciclos energ\u00e9ticos e deseja alinhar suas a\u00e7\u00f5es a esses ritmos para evolu\u00e7\u00e3o pessoal.<br \/>\nAqueles que querem usar a astrologia como ferramenta para planejamento anual, evitando surpresas e aproveitando melhor as oportunidades.<\/p>\n","protected":false},"excerpt":{"rendered":"<p>A Consulta de Previs\u00f5es \u00e9 uma leitura astrol\u00f3gica profunda e personalizada, que revela os principais desafios, oportunidades e aprendizados do seu ciclo atual e do ano que se inicia a partir do seu anivers\u00e1rio.<\/p>\n<p>Realizada por Yubertson Miranda, astr\u00f3logo experiente, com d\u00e9cadas de atua\u00e7\u00e3o, <strong>esta consulta ass\u00edncrona combina t\u00e9cnicas como Revolu\u00e7\u00e3o Solar, tr\u00e2nsitos planet\u00e1rios, eclipses e progress\u00f5es<\/strong>, oferecendo uma vis\u00e3o estrat\u00e9gica e emocional do seu momento de vida.<\/p>\n<p>Esse servi\u00e7o \u00e9 indicado especialmente para o per\u00edodo entre um anivers\u00e1rio e outro, sendo uma excelente ferramenta de autoconhecimento, planejamento e tomada de decis\u00f5es. No v\u00eddeo gravado que receber\u00e1 em at\u00e9 7 dias \u00fateis, voc\u00ea ter\u00e1 uma an\u00e1lise profunda e acolhedora sobre as tend\u00eancias e tipos de experi\u00eancias que viver\u00e1 em sua \u00e1rea afetiva, profissional, familiar ou residencial.<\/p>\n<p>Solicite sua interpreta\u00e7\u00e3o e descubra como a Astrologia pode ser uma aliada poderosa na constru\u00e7\u00e3o de um futuro mais consciente.<\/p>\n","protected":false},"featured_media":20956,"comment_status":"open","ping_status":"closed","template":"","meta":{"_acf_changed":false,"footnotes":""},"product_brand":[],"product_cat":[52],"product_tag":[],"areas-da-vida":[162,163,165,167],"estudos-e-terapias":[129],"dores-e-objetivos":[82,212,207,99,104],"acf":[],"yoast_head":"<!-- This site is optimized with the Yoast SEO plugin v19.6.1 - https:\/\/yoast.com\/wordpress\/plugins\/seo\/ -->\n<title>Consulta de Previs\u00f5es Astrol\u00f3gicas - Personare Servi\u00e7os<\/title>\n<meta name=\"description\" content=\"Tire sua d\u00favida urgente sobre vida amorosa, carreira ou Mapa Numerol\u00f3gico com Yubertson Miranda. Resposta direta e personalizada via WhatsApp.\" \/>\n<meta name=\"robots\" content=\"index, follow, max-snippet:-1, max-image-preview:large, max-video-preview:-1\" \/>\n<link rel=\"canonical\" href=\"https:\/\/www.personare.com.br\/servicos\/produto\/previsoes-astrologicas\/\" \/>\n<meta property=\"og:locale\" content=\"pt_BR\" \/>\n<meta property=\"og:type\" content=\"article\" \/>\n<meta property=\"og:title\" content=\"Consulta de Previs\u00f5es Astrol\u00f3gicas - Personare Servi\u00e7os\" \/>\n<meta property=\"og:description\" content=\"Tire sua d\u00favida urgente sobre vida amorosa, carreira ou Mapa Numerol\u00f3gico com Yubertson Miranda. Resposta direta e personalizada via WhatsApp.\" \/>\n<meta property=\"og:url\" content=\"https:\/\/www.personare.com.br\/servicos\/produto\/previsoes-astrologicas\/\" \/>\n<meta property=\"og:site_name\" content=\"Personare Servi\u00e7os\" \/>\n<meta property=\"article:modified_time\" content=\"2025-12-30T23:26:47+00:00\" \/>\n<meta property=\"og:image\" content=\"https:\/\/d2t4cfkrxg4dhd.cloudfront.net\/app\/uploads\/2025\/03\/Yub.jpg\" \/>\n\t<meta property=\"og:image:width\" content=\"1461\" \/>\n\t<meta property=\"og:image:height\" content=\"925\" \/>\n\t<meta property=\"og:image:type\" content=\"image\/jpeg\" \/>\n<meta name=\"twitter:card\" content=\"summary_large_image\" \/>\n<meta name=\"twitter:label1\" content=\"Est. tempo de leitura\" \/>\n\t<meta name=\"twitter:data1\" content=\"1 minuto\" \/>\n<script type=\"application\/ld+json\" class=\"yoast-schema-graph\">{\"@context\":\"https:\/\/schema.org\",\"@graph\":[{\"@type\":\"WebPage\",\"@id\":\"https:\/\/www.personare.com.br\/servicos\/produto\/previsoes-astrologicas\/\",\"url\":\"https:\/\/www.personare.com.br\/servicos\/produto\/previsoes-astrologicas\/\",\"name\":\"Consulta de Previs\u00f5es Astrol\u00f3gicas - Personare Servi\u00e7os\",\"isPartOf\":{\"@id\":\"https:\/\/www.personare.com.br\/servicos\/#website\"},\"datePublished\":\"2025-05-30T23:37:17+00:00\",\"dateModified\":\"2025-12-30T23:26:47+00:00\",\"description\":\"Tire sua d\u00favida urgente sobre vida amorosa, carreira ou Mapa Numerol\u00f3gico com Yubertson Miranda. Resposta direta e personalizada via WhatsApp.\",\"breadcrumb\":{\"@id\":\"https:\/\/www.personare.com.br\/servicos\/produto\/previsoes-astrologicas\/#breadcrumb\"},\"inLanguage\":\"pt-BR\",\"potentialAction\":[{\"@type\":\"ReadAction\",\"target\":[\"https:\/\/www.personare.com.br\/servicos\/produto\/previsoes-astrologicas\/\"]}]},{\"@type\":\"BreadcrumbList\",\"@id\":\"https:\/\/www.personare.com.br\/servicos\/produto\/previsoes-astrologicas\/#breadcrumb\",\"itemListElement\":[{\"@type\":\"ListItem\",\"position\":1,\"name\":\"In\u00edcio\",\"item\":\"https:\/\/www.personare.com.br\/servicos\/\"},{\"@type\":\"ListItem\",\"position\":2,\"name\":\"Loja\",\"item\":\"https:\/\/www.personare.com.br\/servicos\/busca\/\"},{\"@type\":\"ListItem\",\"position\":3,\"name\":\"Consulta de Previs\u00f5es Astrol\u00f3gicas\"}]},{\"@type\":\"WebSite\",\"@id\":\"https:\/\/www.personare.com.br\/servicos\/#website\",\"url\":\"https:\/\/www.personare.com.br\/servicos\/\",\"name\":\"Personare Servi\u00e7os\",\"description\":\"Agende Consultas e Terapias Online no Personare\",\"publisher\":{\"@id\":\"https:\/\/www.personare.com.br\/servicos\/#organization\"},\"potentialAction\":[{\"@type\":\"SearchAction\",\"target\":{\"@type\":\"EntryPoint\",\"urlTemplate\":\"https:\/\/www.personare.com.br\/servicos\/?s={search_term_string}\"},\"query-input\":\"required name=search_term_string\"}],\"inLanguage\":\"pt-BR\"},{\"@type\":\"Organization\",\"@id\":\"https:\/\/www.personare.com.br\/servicos\/#organization\",\"name\":\"Personare\",\"url\":\"https:\/\/www.personare.com.br\/servicos\/\",\"sameAs\":[],\"logo\":{\"@type\":\"ImageObject\",\"inLanguage\":\"pt-BR\",\"@id\":\"https:\/\/www.personare.com.br\/servicos\/#\/schema\/logo\/image\/\",\"url\":\"https:\/\/d2t4cfkrxg4dhd.cloudfront.net\/app\/uploads\/2021\/04\/70295ca5d3b1be44570b5e6d0854fa942edb2ab6.png\",\"contentUrl\":\"https:\/\/d2t4cfkrxg4dhd.cloudfront.net\/app\/uploads\/2021\/04\/70295ca5d3b1be44570b5e6d0854fa942edb2ab6.png\",\"width\":650,\"height\":554,\"caption\":\"Personare\"},\"image\":{\"@id\":\"https:\/\/www.personare.com.br\/servicos\/#\/schema\/logo\/image\/\"}}]}<\/script>\n<!-- \/ Yoast SEO plugin. -->","yoast_head_json":{"title":"Consulta de Previs\u00f5es Astrol\u00f3gicas - Personare Servi\u00e7os","description":"Tire sua d\u00favida urgente sobre vida amorosa, carreira ou Mapa Numerol\u00f3gico com Yubertson Miranda. Resposta direta e personalizada via WhatsApp.","robots":{"index":"index","follow":"follow","max-snippet":"max-snippet:-1","max-image-preview":"max-image-preview:large","max-video-preview":"max-video-preview:-1"},"canonical":"https:\/\/www.personare.com.br\/servicos\/produto\/previsoes-astrologicas\/","og_locale":"pt_BR","og_type":"article","og_title":"Consulta de Previs\u00f5es Astrol\u00f3gicas - Personare Servi\u00e7os","og_description":"Tire sua d\u00favida urgente sobre vida amorosa, carreira ou Mapa Numerol\u00f3gico com Yubertson Miranda. Resposta direta e personalizada via WhatsApp.","og_url":"https:\/\/www.personare.com.br\/servicos\/produto\/previsoes-astrologicas\/","og_site_name":"Personare Servi\u00e7os","article_modified_time":"2025-12-30T23:26:47+00:00","og_image":[{"width":1461,"height":925,"url":"https:\/\/d2t4cfkrxg4dhd.cloudfront.net\/app\/uploads\/2025\/03\/Yub.jpg","type":"image\/jpeg"}],"twitter_card":"summary_large_image","twitter_misc":{"Est. tempo de leitura":"1 minuto"},"schema":{"@context":"https:\/\/schema.org","@graph":[{"@type":"WebPage","@id":"https:\/\/www.personare.com.br\/servicos\/produto\/previsoes-astrologicas\/","url":"https:\/\/www.personare.com.br\/servicos\/produto\/previsoes-astrologicas\/","name":"Consulta de Previs\u00f5es Astrol\u00f3gicas - Personare Servi\u00e7os","isPartOf":{"@id":"https:\/\/www.personare.com.br\/servicos\/#website"},"datePublished":"2025-05-30T23:37:17+00:00","dateModified":"2025-12-30T23:26:47+00:00","description":"Tire sua d\u00favida urgente sobre vida amorosa, carreira ou Mapa Numerol\u00f3gico com Yubertson Miranda. Resposta direta e personalizada via WhatsApp.","breadcrumb":{"@id":"https:\/\/www.personare.com.br\/servicos\/produto\/previsoes-astrologicas\/#breadcrumb"},"inLanguage":"pt-BR","potentialAction":[{"@type":"ReadAction","target":["https:\/\/www.personare.com.br\/servicos\/produto\/previsoes-astrologicas\/"]}]},{"@type":"BreadcrumbList","@id":"https:\/\/www.personare.com.br\/servicos\/produto\/previsoes-astrologicas\/#breadcrumb","itemListElement":[{"@type":"ListItem","position":1,"name":"In\u00edcio","item":"https:\/\/www.personare.com.br\/servicos\/"},{"@type":"ListItem","position":2,"name":"Loja","item":"https:\/\/www.personare.com.br\/servicos\/busca\/"},{"@type":"ListItem","position":3,"name":"Consulta de Previs\u00f5es Astrol\u00f3gicas"}]},{"@type":"WebSite","@id":"https:\/\/www.personare.com.br\/servicos\/#website","url":"https:\/\/www.personare.com.br\/servicos\/","name":"Personare Servi\u00e7os","description":"Agende Consultas e Terapias Online no Personare","publisher":{"@id":"https:\/\/www.personare.com.br\/servicos\/#organization"},"potentialAction":[{"@type":"SearchAction","target":{"@type":"EntryPoint","urlTemplate":"https:\/\/www.personare.com.br\/servicos\/?s={search_term_string}"},"query-input":"required name=search_term_string"}],"inLanguage":"pt-BR"},{"@type":"Organization","@id":"https:\/\/www.personare.com.br\/servicos\/#organization","name":"Personare","url":"https:\/\/www.personare.com.br\/servicos\/","sameAs":[],"logo":{"@type":"ImageObject","inLanguage":"pt-BR","@id":"https:\/\/www.personare.com.br\/servicos\/#\/schema\/logo\/image\/","url":"https:\/\/d2t4cfkrxg4dhd.cloudfront.net\/app\/uploads\/2021\/04\/70295ca5d3b1be44570b5e6d0854fa942edb2ab6.png","contentUrl":"https:\/\/d2t4cfkrxg4dhd.cloudfront.net\/app\/uploads\/2021\/04\/70295ca5d3b1be44570b5e6d0854fa942edb2ab6.png","width":650,"height":554,"caption":"Personare"},"image":{"@id":"https:\/\/www.personare.com.br\/servicos\/#\/schema\/logo\/image\/"}}]}},"_links":{"self":[{"href":"https:\/\/www.personare.com.br\/servicos\/wp-json\/wp\/v2\/product\/21897"}],"collection":[{"href":"https:\/\/www.personare.com.br\/servicos\/wp-json\/wp\/v2\/product"}],"about":[{"href":"https:\/\/www.personare.com.br\/servicos\/wp-json\/wp\/v2\/types\/product"}],"replies":[{"embeddable":true,"href":"https:\/\/www.personare.com.br\/servicos\/wp-json\/wp\/v2\/comments?post=21897"}],"version-history":[{"count":17,"href":"https:\/\/www.personare.com.br\/servicos\/wp-json\/wp\/v2\/product\/21897\/revisions"}],"predecessor-version":[{"id":24311,"href":"https:\/\/www.personare.com.br\/servicos\/wp-json\/wp\/v2\/product\/21897\/revisions\/24311"}],"wp:featuredmedia":[{"embeddable":true,"href":"https:\/\/www.personare.com.br\/servicos\/wp-json\/wp\/v2\/media\/20956"}],"wp:attachment":[{"href":"https:\/\/www.personare.com.br\/servicos\/wp-json\/wp\/v2\/media?parent=21897"}],"wp:term":[{"taxonomy":"product_brand","embeddable":true,"href":"https:\/\/www.personare.com.br\/servicos\/wp-json\/wp\/v2\/product_brand?post=21897"},{"taxonomy":"product_cat","embeddable":true,"href":"https:\/\/www.personare.com.br\/servicos\/wp-json\/wp\/v2\/product_cat?post=21897"},{"taxonomy":"product_tag","embeddable":true,"href":"https:\/\/www.personare.com.br\/servicos\/wp-json\/wp\/v2\/product_tag?post=21897"},{"taxonomy":"areas-da-vida","embeddable":true,"href":"https:\/\/www.personare.com.br\/servicos\/wp-json\/wp\/v2\/areas-da-vida?post=21897"},{"taxonomy":"estudos-e-terapias","embeddable":true,"href":"https:\/\/www.personare.com.br\/servicos\/wp-json\/wp\/v2\/estudos-e-terapias?post=21897"},{"taxonomy":"dores-e-objetivos","embeddable":true,"href":"https:\/\/www.personare.com.br\/servicos\/wp-json\/wp\/v2\/dores-e-objetivos?post=21897"}],"curies":[{"name":"wp","href":"https:\/\/api.w.org\/{rel}","templated":true}]}}