{"id":21857,"date":"2025-05-29T20:21:13","date_gmt":"2025-05-29T23:21:13","guid":{"rendered":"https:\/\/www.personare.com.br\/servicos\/?post_type=product&#038;p=21857"},"modified":"2025-12-16T17:49:37","modified_gmt":"2025-12-16T20:49:37","slug":"consultoria-numerologica-para-escolha-do-nome-artistico-ou-profissional","status":"publish","type":"product","link":"https:\/\/www.personare.com.br\/servicos\/produto\/consultoria-numerologica-para-escolha-do-nome-artistico-ou-profissional\/","title":{"rendered":"Consultoria Numerol\u00f3gica para escolha do nome art\u00edstico ou profissional"},"content":{"rendered":"<p>Para profissionais criativos que est\u00e3o iniciando sua carreira e querem escolher um nome art\u00edstico que potencialize seu sucesso e visibilidade.<\/p>\n<p>Para quem sente que a escolha do nome profissional pode ser um divisor de \u00e1guas para atingir o reconhecimento e destaque no mercado.<\/p>\n<p>Para quem deseja fortalecer sua marca pessoal e garantir que a energia do seu nome profissional esteja alinhada com suas metas de sucesso.<\/p>\n<p>Para artistas, empreendedores ou influenciadores que querem otimizar seu nome profissional para alcan\u00e7ar mais reconhecimento nas m\u00eddias sociais e plataformas digitais.<\/p>\n<p>Para quem j\u00e1 possui um nome art\u00edstico, mas sente que ele n\u00e3o est\u00e1 trazendo os resultados esperados e quer saber como ajust\u00e1-lo numerologicamente para atrair mais sucesso.<\/p>\n<p>Para m\u00fasicos, atores, designers, modelos e outros profissionais da arte que querem usar o poder da Numerologia para impactar positivamente sua carreira.<\/p>\n<p>Para quem deseja que a energia do nome profissional esteja em sintonia com o que a pessoa representa e as oportunidades que ela quer atrair para sua carreira.<\/p>\n<p>Para empreendedores que est\u00e3o criando um novo projeto, marca ou produto e buscam um nome com uma forte vibra\u00e7\u00e3o positiva e alinhada aos objetivos do neg\u00f3cio.<\/p>\n","protected":false},"excerpt":{"rendered":"<p data-start=\"293\" data-end=\"603\">O nome art\u00edstico \/ profissional n\u00e3o \u00e9 apenas um r\u00f3tulo \u2014 \u00e9 uma poderosa simbologia que, a cada repeti\u00e7\u00e3o, refor\u00e7a quem voc\u00ea \u00e9 e como deseja ser reconhecido no mundo. Quando voc\u00ea come\u00e7a a se enxergar e se identificar com esse nome, cria uma conex\u00e3o profunda que influencia sua imagem, sua energia e as oportunidades que atra\u00ed.<\/p>\n<p data-start=\"605\" data-end=\"963\">A Numerologia do Nome Art\u00edstico traz para essa simbologia uma base s\u00f3lida e consciente, alinhando os n\u00fameros do seu nome profissional aos seus objetivos, anseios e ambi\u00e7\u00f5es. \u00c9 um recurso estrat\u00e9gico para que a energia que circula em torno do seu nome trabalhe a seu favor, ajudando a abrir caminhos, gerar reconhecimento e fortalecer sua presen\u00e7a no mercado.<\/p>\n<p data-start=\"965\" data-end=\"1137\">Este nome estar\u00e1 presente em todos os seus canais \u2014 sites, redes sociais, cart\u00f5es, e-mails \u2014 e \u00e9 essa energia numerol\u00f3gica que vai movimentar e potencializar o seu sucesso.<\/p>\n<p data-start=\"1139\" data-end=\"1311\">A consulta \u00e9 pr\u00e1tica e ass\u00edncrona, onde iremos trocar mensagens e \u00e1udios via WhatsApp, permitindo que voc\u00ea receba uma orienta\u00e7\u00e3o personalizada, no seu ritmo e com total privacidade. <span style=\"font-weight: 400;\">Em no m\u00e1ximo 2 (DOIS) dias \u00fateis chegaremos na resposta de qual \u00e9 o melhor nome para o seu futuro profissional.<\/span><\/p>\n","protected":false},"featured_media":20956,"comment_status":"open","ping_status":"closed","template":"","meta":{"_acf_changed":false,"footnotes":""},"product_brand":[],"product_cat":[52],"product_tag":[],"areas-da-vida":[165,167,170],"estudos-e-terapias":[143],"dores-e-objetivos":[212,189,207,99,104],"acf":[],"yoast_head":"<!-- This site is optimized with the Yoast SEO plugin v19.6.1 - https:\/\/yoast.com\/wordpress\/plugins\/seo\/ -->\n<title>Consultoria Numerol\u00f3gica para escolha do nome art\u00edstico ou profissional - Personare Servi\u00e7os<\/title>\n<meta name=\"description\" content=\"Tire sua d\u00favida urgente sobre vida amorosa, carreira ou Mapa Numerol\u00f3gico com Yubertson Miranda. Resposta direta e personalizada via WhatsApp.\" \/>\n<meta name=\"robots\" content=\"index, follow, max-snippet:-1, max-image-preview:large, max-video-preview:-1\" \/>\n<link rel=\"canonical\" href=\"https:\/\/www.personare.com.br\/servicos\/produto\/consultoria-numerologica-para-escolha-do-nome-artistico-ou-profissional\/\" \/>\n<meta property=\"og:locale\" content=\"pt_BR\" \/>\n<meta property=\"og:type\" content=\"article\" \/>\n<meta property=\"og:title\" content=\"Consultoria Numerol\u00f3gica para escolha do nome art\u00edstico ou profissional - Personare Servi\u00e7os\" \/>\n<meta property=\"og:description\" content=\"Tire sua d\u00favida urgente sobre vida amorosa, carreira ou Mapa Numerol\u00f3gico com Yubertson Miranda. Resposta direta e personalizada via WhatsApp.\" \/>\n<meta property=\"og:url\" content=\"https:\/\/www.personare.com.br\/servicos\/produto\/consultoria-numerologica-para-escolha-do-nome-artistico-ou-profissional\/\" \/>\n<meta property=\"og:site_name\" content=\"Personare Servi\u00e7os\" \/>\n<meta property=\"article:modified_time\" content=\"2025-12-16T20:49:37+00:00\" \/>\n<meta property=\"og:image\" content=\"https:\/\/d2t4cfkrxg4dhd.cloudfront.net\/app\/uploads\/2025\/03\/Yub.jpg\" \/>\n\t<meta property=\"og:image:width\" content=\"1461\" \/>\n\t<meta property=\"og:image:height\" content=\"925\" \/>\n\t<meta property=\"og:image:type\" content=\"image\/jpeg\" \/>\n<meta name=\"twitter:card\" content=\"summary_large_image\" \/>\n<meta name=\"twitter:label1\" content=\"Est. tempo de leitura\" \/>\n\t<meta name=\"twitter:data1\" content=\"1 minuto\" \/>\n<script type=\"application\/ld+json\" class=\"yoast-schema-graph\">{\"@context\":\"https:\/\/schema.org\",\"@graph\":[{\"@type\":\"WebPage\",\"@id\":\"https:\/\/www.personare.com.br\/servicos\/produto\/consultoria-numerologica-para-escolha-do-nome-artistico-ou-profissional\/\",\"url\":\"https:\/\/www.personare.com.br\/servicos\/produto\/consultoria-numerologica-para-escolha-do-nome-artistico-ou-profissional\/\",\"name\":\"Consultoria Numerol\u00f3gica para escolha do nome art\u00edstico ou profissional - Personare Servi\u00e7os\",\"isPartOf\":{\"@id\":\"https:\/\/www.personare.com.br\/servicos\/#website\"},\"datePublished\":\"2025-05-29T23:21:13+00:00\",\"dateModified\":\"2025-12-16T20:49:37+00:00\",\"description\":\"Tire sua d\u00favida urgente sobre vida amorosa, carreira ou Mapa Numerol\u00f3gico com Yubertson Miranda. Resposta direta e personalizada via WhatsApp.\",\"breadcrumb\":{\"@id\":\"https:\/\/www.personare.com.br\/servicos\/produto\/consultoria-numerologica-para-escolha-do-nome-artistico-ou-profissional\/#breadcrumb\"},\"inLanguage\":\"pt-BR\",\"potentialAction\":[{\"@type\":\"ReadAction\",\"target\":[\"https:\/\/www.personare.com.br\/servicos\/produto\/consultoria-numerologica-para-escolha-do-nome-artistico-ou-profissional\/\"]}]},{\"@type\":\"BreadcrumbList\",\"@id\":\"https:\/\/www.personare.com.br\/servicos\/produto\/consultoria-numerologica-para-escolha-do-nome-artistico-ou-profissional\/#breadcrumb\",\"itemListElement\":[{\"@type\":\"ListItem\",\"position\":1,\"name\":\"In\u00edcio\",\"item\":\"https:\/\/www.personare.com.br\/servicos\/\"},{\"@type\":\"ListItem\",\"position\":2,\"name\":\"Loja\",\"item\":\"https:\/\/www.personare.com.br\/servicos\/busca\/\"},{\"@type\":\"ListItem\",\"position\":3,\"name\":\"Consultoria Numerol\u00f3gica para escolha do nome art\u00edstico ou profissional\"}]},{\"@type\":\"WebSite\",\"@id\":\"https:\/\/www.personare.com.br\/servicos\/#website\",\"url\":\"https:\/\/www.personare.com.br\/servicos\/\",\"name\":\"Personare Servi\u00e7os\",\"description\":\"Agende Consultas e Terapias Online no Personare\",\"publisher\":{\"@id\":\"https:\/\/www.personare.com.br\/servicos\/#organization\"},\"potentialAction\":[{\"@type\":\"SearchAction\",\"target\":{\"@type\":\"EntryPoint\",\"urlTemplate\":\"https:\/\/www.personare.com.br\/servicos\/?s={search_term_string}\"},\"query-input\":\"required name=search_term_string\"}],\"inLanguage\":\"pt-BR\"},{\"@type\":\"Organization\",\"@id\":\"https:\/\/www.personare.com.br\/servicos\/#organization\",\"name\":\"Personare\",\"url\":\"https:\/\/www.personare.com.br\/servicos\/\",\"sameAs\":[],\"logo\":{\"@type\":\"ImageObject\",\"inLanguage\":\"pt-BR\",\"@id\":\"https:\/\/www.personare.com.br\/servicos\/#\/schema\/logo\/image\/\",\"url\":\"https:\/\/d2t4cfkrxg4dhd.cloudfront.net\/app\/uploads\/2021\/04\/70295ca5d3b1be44570b5e6d0854fa942edb2ab6.png\",\"contentUrl\":\"https:\/\/d2t4cfkrxg4dhd.cloudfront.net\/app\/uploads\/2021\/04\/70295ca5d3b1be44570b5e6d0854fa942edb2ab6.png\",\"width\":650,\"height\":554,\"caption\":\"Personare\"},\"image\":{\"@id\":\"https:\/\/www.personare.com.br\/servicos\/#\/schema\/logo\/image\/\"}}]}<\/script>\n<!-- \/ Yoast SEO plugin. -->","yoast_head_json":{"title":"Consultoria Numerol\u00f3gica para escolha do nome art\u00edstico ou profissional - Personare Servi\u00e7os","description":"Tire sua d\u00favida urgente sobre vida amorosa, carreira ou Mapa Numerol\u00f3gico com Yubertson Miranda. Resposta direta e personalizada via WhatsApp.","robots":{"index":"index","follow":"follow","max-snippet":"max-snippet:-1","max-image-preview":"max-image-preview:large","max-video-preview":"max-video-preview:-1"},"canonical":"https:\/\/www.personare.com.br\/servicos\/produto\/consultoria-numerologica-para-escolha-do-nome-artistico-ou-profissional\/","og_locale":"pt_BR","og_type":"article","og_title":"Consultoria Numerol\u00f3gica para escolha do nome art\u00edstico ou profissional - Personare Servi\u00e7os","og_description":"Tire sua d\u00favida urgente sobre vida amorosa, carreira ou Mapa Numerol\u00f3gico com Yubertson Miranda. Resposta direta e personalizada via WhatsApp.","og_url":"https:\/\/www.personare.com.br\/servicos\/produto\/consultoria-numerologica-para-escolha-do-nome-artistico-ou-profissional\/","og_site_name":"Personare Servi\u00e7os","article_modified_time":"2025-12-16T20:49:37+00:00","og_image":[{"width":1461,"height":925,"url":"https:\/\/d2t4cfkrxg4dhd.cloudfront.net\/app\/uploads\/2025\/03\/Yub.jpg","type":"image\/jpeg"}],"twitter_card":"summary_large_image","twitter_misc":{"Est. tempo de leitura":"1 minuto"},"schema":{"@context":"https:\/\/schema.org","@graph":[{"@type":"WebPage","@id":"https:\/\/www.personare.com.br\/servicos\/produto\/consultoria-numerologica-para-escolha-do-nome-artistico-ou-profissional\/","url":"https:\/\/www.personare.com.br\/servicos\/produto\/consultoria-numerologica-para-escolha-do-nome-artistico-ou-profissional\/","name":"Consultoria Numerol\u00f3gica para escolha do nome art\u00edstico ou profissional - Personare Servi\u00e7os","isPartOf":{"@id":"https:\/\/www.personare.com.br\/servicos\/#website"},"datePublished":"2025-05-29T23:21:13+00:00","dateModified":"2025-12-16T20:49:37+00:00","description":"Tire sua d\u00favida urgente sobre vida amorosa, carreira ou Mapa Numerol\u00f3gico com Yubertson Miranda. Resposta direta e personalizada via WhatsApp.","breadcrumb":{"@id":"https:\/\/www.personare.com.br\/servicos\/produto\/consultoria-numerologica-para-escolha-do-nome-artistico-ou-profissional\/#breadcrumb"},"inLanguage":"pt-BR","potentialAction":[{"@type":"ReadAction","target":["https:\/\/www.personare.com.br\/servicos\/produto\/consultoria-numerologica-para-escolha-do-nome-artistico-ou-profissional\/"]}]},{"@type":"BreadcrumbList","@id":"https:\/\/www.personare.com.br\/servicos\/produto\/consultoria-numerologica-para-escolha-do-nome-artistico-ou-profissional\/#breadcrumb","itemListElement":[{"@type":"ListItem","position":1,"name":"In\u00edcio","item":"https:\/\/www.personare.com.br\/servicos\/"},{"@type":"ListItem","position":2,"name":"Loja","item":"https:\/\/www.personare.com.br\/servicos\/busca\/"},{"@type":"ListItem","position":3,"name":"Consultoria Numerol\u00f3gica para escolha do nome art\u00edstico ou profissional"}]},{"@type":"WebSite","@id":"https:\/\/www.personare.com.br\/servicos\/#website","url":"https:\/\/www.personare.com.br\/servicos\/","name":"Personare Servi\u00e7os","description":"Agende Consultas e Terapias Online no Personare","publisher":{"@id":"https:\/\/www.personare.com.br\/servicos\/#organization"},"potentialAction":[{"@type":"SearchAction","target":{"@type":"EntryPoint","urlTemplate":"https:\/\/www.personare.com.br\/servicos\/?s={search_term_string}"},"query-input":"required name=search_term_string"}],"inLanguage":"pt-BR"},{"@type":"Organization","@id":"https:\/\/www.personare.com.br\/servicos\/#organization","name":"Personare","url":"https:\/\/www.personare.com.br\/servicos\/","sameAs":[],"logo":{"@type":"ImageObject","inLanguage":"pt-BR","@id":"https:\/\/www.personare.com.br\/servicos\/#\/schema\/logo\/image\/","url":"https:\/\/d2t4cfkrxg4dhd.cloudfront.net\/app\/uploads\/2021\/04\/70295ca5d3b1be44570b5e6d0854fa942edb2ab6.png","contentUrl":"https:\/\/d2t4cfkrxg4dhd.cloudfront.net\/app\/uploads\/2021\/04\/70295ca5d3b1be44570b5e6d0854fa942edb2ab6.png","width":650,"height":554,"caption":"Personare"},"image":{"@id":"https:\/\/www.personare.com.br\/servicos\/#\/schema\/logo\/image\/"}}]}},"_links":{"self":[{"href":"https:\/\/www.personare.com.br\/servicos\/wp-json\/wp\/v2\/product\/21857"}],"collection":[{"href":"https:\/\/www.personare.com.br\/servicos\/wp-json\/wp\/v2\/product"}],"about":[{"href":"https:\/\/www.personare.com.br\/servicos\/wp-json\/wp\/v2\/types\/product"}],"replies":[{"embeddable":true,"href":"https:\/\/www.personare.com.br\/servicos\/wp-json\/wp\/v2\/comments?post=21857"}],"version-history":[{"count":11,"href":"https:\/\/www.personare.com.br\/servicos\/wp-json\/wp\/v2\/product\/21857\/revisions"}],"predecessor-version":[{"id":21994,"href":"https:\/\/www.personare.com.br\/servicos\/wp-json\/wp\/v2\/product\/21857\/revisions\/21994"}],"wp:featuredmedia":[{"embeddable":true,"href":"https:\/\/www.personare.com.br\/servicos\/wp-json\/wp\/v2\/media\/20956"}],"wp:attachment":[{"href":"https:\/\/www.personare.com.br\/servicos\/wp-json\/wp\/v2\/media?parent=21857"}],"wp:term":[{"taxonomy":"product_brand","embeddable":true,"href":"https:\/\/www.personare.com.br\/servicos\/wp-json\/wp\/v2\/product_brand?post=21857"},{"taxonomy":"product_cat","embeddable":true,"href":"https:\/\/www.personare.com.br\/servicos\/wp-json\/wp\/v2\/product_cat?post=21857"},{"taxonomy":"product_tag","embeddable":true,"href":"https:\/\/www.personare.com.br\/servicos\/wp-json\/wp\/v2\/product_tag?post=21857"},{"taxonomy":"areas-da-vida","embeddable":true,"href":"https:\/\/www.personare.com.br\/servicos\/wp-json\/wp\/v2\/areas-da-vida?post=21857"},{"taxonomy":"estudos-e-terapias","embeddable":true,"href":"https:\/\/www.personare.com.br\/servicos\/wp-json\/wp\/v2\/estudos-e-terapias?post=21857"},{"taxonomy":"dores-e-objetivos","embeddable":true,"href":"https:\/\/www.personare.com.br\/servicos\/wp-json\/wp\/v2\/dores-e-objetivos?post=21857"}],"curies":[{"name":"wp","href":"https:\/\/api.w.org\/{rel}","templated":true}]}}