{"id":21848,"date":"2025-05-29T18:43:58","date_gmt":"2025-05-29T21:43:58","guid":{"rendered":"https:\/\/www.personare.com.br\/servicos\/?post_type=product&#038;p=21848"},"modified":"2025-12-16T17:49:37","modified_gmt":"2025-12-16T20:49:37","slug":"numerologia-bebe","status":"publish","type":"product","link":"https:\/\/www.personare.com.br\/servicos\/produto\/numerologia-bebe\/","title":{"rendered":"Numerologia do nome do beb\u00ea"},"content":{"rendered":"<p>M\u00e3es e Pais que est\u00e3o \u00e0 espera de um beb\u00ea e desejam escolher um nome com significado profundo e alinhado com a numerologia<\/p>\n<p>Fam\u00edlias indecisas entre diferentes op\u00e7\u00f5es de nomes e que buscam um crit\u00e9rio mais sens\u00edvel e direcionado para fazer essa escolha.<\/p>\n<p>M\u00e3e e pais que desejam um nome completo que harmonize com a data de nascimento, contribuindo com o prop\u00f3sito de vida e potencial da crian\u00e7a.<\/p>\n","protected":false},"excerpt":{"rendered":"<p>A Numerologia do Nome do Beb\u00ea \u00e9 um servi\u00e7o especializado para m\u00e3es e pais que desejam escolher o nome ideal para seus filhos, unindo carinho, significado e energia positiva.<\/p>\n<p>Por meio de uma an\u00e1lise numerol\u00f3gica profunda, s\u00e3o avaliadas as op\u00e7\u00f5es de nomes completos que os pais t\u00eam em mente, considerando os dados numerol\u00f3gicos da data de nascimento da crian\u00e7a. O objetivo \u00e9 garantir que o nome escolhido proporcione um prop\u00f3sito de vida mais equilibrado, favorecendo o desenvolvimento, a personalidade e o potencial do beb\u00ea.<\/p>\n<p>Esse servi\u00e7o minucioso, personalizado e acolhedor, acontece por meio de trocas de mensagens e \u00e1udios por WhatsApp, at\u00e9 a decis\u00e3o pelo melhor nome. Todo o processo foi pensado para fam\u00edlias que levam em conta tanto a tradi\u00e7\u00e3o quanto a influ\u00eancia energ\u00e9tica que o nome pode exercer ao longo da vida da crian\u00e7a<\/p>\n<p>A an\u00e1lise \u00e9 feita com cuidado pelo Yubertson Miranda, um dos principais numer\u00f3logos em atividade no Brasil. Um verdadeiro presente para a vida inteira do beb\u00ea.<\/p>\n<p>Agende sua an\u00e1lise de Numerologia do Nome do Beb\u00ea e descubra o nome ideal para o seu filho ou filha.<\/p>\n","protected":false},"featured_media":20956,"comment_status":"open","ping_status":"closed","template":"","meta":{"_acf_changed":false,"footnotes":""},"product_brand":[],"product_cat":[52],"product_tag":[],"areas-da-vida":[163,169],"estudos-e-terapias":[143],"dores-e-objetivos":[103],"acf":[],"yoast_head":"<!-- This site is optimized with the Yoast SEO plugin v19.6.1 - https:\/\/yoast.com\/wordpress\/plugins\/seo\/ -->\n<title>Numerologia do nome do beb\u00ea - Personare Servi\u00e7os<\/title>\n<meta name=\"description\" content=\"Tire sua d\u00favida urgente sobre vida amorosa, carreira ou Mapa Numerol\u00f3gico com Yubertson Miranda. Resposta direta e personalizada via WhatsApp.\" \/>\n<meta name=\"robots\" content=\"index, follow, max-snippet:-1, max-image-preview:large, max-video-preview:-1\" \/>\n<link rel=\"canonical\" href=\"https:\/\/www.personare.com.br\/servicos\/produto\/numerologia-bebe\/\" \/>\n<meta property=\"og:locale\" content=\"pt_BR\" \/>\n<meta property=\"og:type\" content=\"article\" \/>\n<meta property=\"og:title\" content=\"Numerologia do nome do beb\u00ea - Personare Servi\u00e7os\" \/>\n<meta property=\"og:description\" content=\"Tire sua d\u00favida urgente sobre vida amorosa, carreira ou Mapa Numerol\u00f3gico com Yubertson Miranda. Resposta direta e personalizada via WhatsApp.\" \/>\n<meta property=\"og:url\" content=\"https:\/\/www.personare.com.br\/servicos\/produto\/numerologia-bebe\/\" \/>\n<meta property=\"og:site_name\" content=\"Personare Servi\u00e7os\" \/>\n<meta property=\"article:modified_time\" content=\"2025-12-16T20:49:37+00:00\" \/>\n<meta property=\"og:image\" content=\"https:\/\/d2t4cfkrxg4dhd.cloudfront.net\/app\/uploads\/2025\/03\/Yub.jpg\" \/>\n\t<meta property=\"og:image:width\" content=\"1461\" \/>\n\t<meta property=\"og:image:height\" content=\"925\" \/>\n\t<meta property=\"og:image:type\" content=\"image\/jpeg\" \/>\n<meta name=\"twitter:card\" content=\"summary_large_image\" \/>\n<script type=\"application\/ld+json\" class=\"yoast-schema-graph\">{\"@context\":\"https:\/\/schema.org\",\"@graph\":[{\"@type\":\"WebPage\",\"@id\":\"https:\/\/www.personare.com.br\/servicos\/produto\/numerologia-bebe\/\",\"url\":\"https:\/\/www.personare.com.br\/servicos\/produto\/numerologia-bebe\/\",\"name\":\"Numerologia do nome do beb\u00ea - Personare Servi\u00e7os\",\"isPartOf\":{\"@id\":\"https:\/\/www.personare.com.br\/servicos\/#website\"},\"datePublished\":\"2025-05-29T21:43:58+00:00\",\"dateModified\":\"2025-12-16T20:49:37+00:00\",\"description\":\"Tire sua d\u00favida urgente sobre vida amorosa, carreira ou Mapa Numerol\u00f3gico com Yubertson Miranda. Resposta direta e personalizada via WhatsApp.\",\"breadcrumb\":{\"@id\":\"https:\/\/www.personare.com.br\/servicos\/produto\/numerologia-bebe\/#breadcrumb\"},\"inLanguage\":\"pt-BR\",\"potentialAction\":[{\"@type\":\"ReadAction\",\"target\":[\"https:\/\/www.personare.com.br\/servicos\/produto\/numerologia-bebe\/\"]}]},{\"@type\":\"BreadcrumbList\",\"@id\":\"https:\/\/www.personare.com.br\/servicos\/produto\/numerologia-bebe\/#breadcrumb\",\"itemListElement\":[{\"@type\":\"ListItem\",\"position\":1,\"name\":\"In\u00edcio\",\"item\":\"https:\/\/www.personare.com.br\/servicos\/\"},{\"@type\":\"ListItem\",\"position\":2,\"name\":\"Loja\",\"item\":\"https:\/\/www.personare.com.br\/servicos\/busca\/\"},{\"@type\":\"ListItem\",\"position\":3,\"name\":\"Numerologia do nome do beb\u00ea\"}]},{\"@type\":\"WebSite\",\"@id\":\"https:\/\/www.personare.com.br\/servicos\/#website\",\"url\":\"https:\/\/www.personare.com.br\/servicos\/\",\"name\":\"Personare Servi\u00e7os\",\"description\":\"Agende Consultas e Terapias Online no Personare\",\"publisher\":{\"@id\":\"https:\/\/www.personare.com.br\/servicos\/#organization\"},\"potentialAction\":[{\"@type\":\"SearchAction\",\"target\":{\"@type\":\"EntryPoint\",\"urlTemplate\":\"https:\/\/www.personare.com.br\/servicos\/?s={search_term_string}\"},\"query-input\":\"required name=search_term_string\"}],\"inLanguage\":\"pt-BR\"},{\"@type\":\"Organization\",\"@id\":\"https:\/\/www.personare.com.br\/servicos\/#organization\",\"name\":\"Personare\",\"url\":\"https:\/\/www.personare.com.br\/servicos\/\",\"sameAs\":[],\"logo\":{\"@type\":\"ImageObject\",\"inLanguage\":\"pt-BR\",\"@id\":\"https:\/\/www.personare.com.br\/servicos\/#\/schema\/logo\/image\/\",\"url\":\"https:\/\/d2t4cfkrxg4dhd.cloudfront.net\/app\/uploads\/2021\/04\/70295ca5d3b1be44570b5e6d0854fa942edb2ab6.png\",\"contentUrl\":\"https:\/\/d2t4cfkrxg4dhd.cloudfront.net\/app\/uploads\/2021\/04\/70295ca5d3b1be44570b5e6d0854fa942edb2ab6.png\",\"width\":650,\"height\":554,\"caption\":\"Personare\"},\"image\":{\"@id\":\"https:\/\/www.personare.com.br\/servicos\/#\/schema\/logo\/image\/\"}}]}<\/script>\n<!-- \/ Yoast SEO plugin. -->","yoast_head_json":{"title":"Numerologia do nome do beb\u00ea - Personare Servi\u00e7os","description":"Tire sua d\u00favida urgente sobre vida amorosa, carreira ou Mapa Numerol\u00f3gico com Yubertson Miranda. Resposta direta e personalizada via WhatsApp.","robots":{"index":"index","follow":"follow","max-snippet":"max-snippet:-1","max-image-preview":"max-image-preview:large","max-video-preview":"max-video-preview:-1"},"canonical":"https:\/\/www.personare.com.br\/servicos\/produto\/numerologia-bebe\/","og_locale":"pt_BR","og_type":"article","og_title":"Numerologia do nome do beb\u00ea - Personare Servi\u00e7os","og_description":"Tire sua d\u00favida urgente sobre vida amorosa, carreira ou Mapa Numerol\u00f3gico com Yubertson Miranda. Resposta direta e personalizada via WhatsApp.","og_url":"https:\/\/www.personare.com.br\/servicos\/produto\/numerologia-bebe\/","og_site_name":"Personare Servi\u00e7os","article_modified_time":"2025-12-16T20:49:37+00:00","og_image":[{"width":1461,"height":925,"url":"https:\/\/d2t4cfkrxg4dhd.cloudfront.net\/app\/uploads\/2025\/03\/Yub.jpg","type":"image\/jpeg"}],"twitter_card":"summary_large_image","schema":{"@context":"https:\/\/schema.org","@graph":[{"@type":"WebPage","@id":"https:\/\/www.personare.com.br\/servicos\/produto\/numerologia-bebe\/","url":"https:\/\/www.personare.com.br\/servicos\/produto\/numerologia-bebe\/","name":"Numerologia do nome do beb\u00ea - Personare Servi\u00e7os","isPartOf":{"@id":"https:\/\/www.personare.com.br\/servicos\/#website"},"datePublished":"2025-05-29T21:43:58+00:00","dateModified":"2025-12-16T20:49:37+00:00","description":"Tire sua d\u00favida urgente sobre vida amorosa, carreira ou Mapa Numerol\u00f3gico com Yubertson Miranda. Resposta direta e personalizada via WhatsApp.","breadcrumb":{"@id":"https:\/\/www.personare.com.br\/servicos\/produto\/numerologia-bebe\/#breadcrumb"},"inLanguage":"pt-BR","potentialAction":[{"@type":"ReadAction","target":["https:\/\/www.personare.com.br\/servicos\/produto\/numerologia-bebe\/"]}]},{"@type":"BreadcrumbList","@id":"https:\/\/www.personare.com.br\/servicos\/produto\/numerologia-bebe\/#breadcrumb","itemListElement":[{"@type":"ListItem","position":1,"name":"In\u00edcio","item":"https:\/\/www.personare.com.br\/servicos\/"},{"@type":"ListItem","position":2,"name":"Loja","item":"https:\/\/www.personare.com.br\/servicos\/busca\/"},{"@type":"ListItem","position":3,"name":"Numerologia do nome do beb\u00ea"}]},{"@type":"WebSite","@id":"https:\/\/www.personare.com.br\/servicos\/#website","url":"https:\/\/www.personare.com.br\/servicos\/","name":"Personare Servi\u00e7os","description":"Agende Consultas e Terapias Online no Personare","publisher":{"@id":"https:\/\/www.personare.com.br\/servicos\/#organization"},"potentialAction":[{"@type":"SearchAction","target":{"@type":"EntryPoint","urlTemplate":"https:\/\/www.personare.com.br\/servicos\/?s={search_term_string}"},"query-input":"required name=search_term_string"}],"inLanguage":"pt-BR"},{"@type":"Organization","@id":"https:\/\/www.personare.com.br\/servicos\/#organization","name":"Personare","url":"https:\/\/www.personare.com.br\/servicos\/","sameAs":[],"logo":{"@type":"ImageObject","inLanguage":"pt-BR","@id":"https:\/\/www.personare.com.br\/servicos\/#\/schema\/logo\/image\/","url":"https:\/\/d2t4cfkrxg4dhd.cloudfront.net\/app\/uploads\/2021\/04\/70295ca5d3b1be44570b5e6d0854fa942edb2ab6.png","contentUrl":"https:\/\/d2t4cfkrxg4dhd.cloudfront.net\/app\/uploads\/2021\/04\/70295ca5d3b1be44570b5e6d0854fa942edb2ab6.png","width":650,"height":554,"caption":"Personare"},"image":{"@id":"https:\/\/www.personare.com.br\/servicos\/#\/schema\/logo\/image\/"}}]}},"_links":{"self":[{"href":"https:\/\/www.personare.com.br\/servicos\/wp-json\/wp\/v2\/product\/21848"}],"collection":[{"href":"https:\/\/www.personare.com.br\/servicos\/wp-json\/wp\/v2\/product"}],"about":[{"href":"https:\/\/www.personare.com.br\/servicos\/wp-json\/wp\/v2\/types\/product"}],"replies":[{"embeddable":true,"href":"https:\/\/www.personare.com.br\/servicos\/wp-json\/wp\/v2\/comments?post=21848"}],"version-history":[{"count":10,"href":"https:\/\/www.personare.com.br\/servicos\/wp-json\/wp\/v2\/product\/21848\/revisions"}],"predecessor-version":[{"id":21895,"href":"https:\/\/www.personare.com.br\/servicos\/wp-json\/wp\/v2\/product\/21848\/revisions\/21895"}],"wp:featuredmedia":[{"embeddable":true,"href":"https:\/\/www.personare.com.br\/servicos\/wp-json\/wp\/v2\/media\/20956"}],"wp:attachment":[{"href":"https:\/\/www.personare.com.br\/servicos\/wp-json\/wp\/v2\/media?parent=21848"}],"wp:term":[{"taxonomy":"product_brand","embeddable":true,"href":"https:\/\/www.personare.com.br\/servicos\/wp-json\/wp\/v2\/product_brand?post=21848"},{"taxonomy":"product_cat","embeddable":true,"href":"https:\/\/www.personare.com.br\/servicos\/wp-json\/wp\/v2\/product_cat?post=21848"},{"taxonomy":"product_tag","embeddable":true,"href":"https:\/\/www.personare.com.br\/servicos\/wp-json\/wp\/v2\/product_tag?post=21848"},{"taxonomy":"areas-da-vida","embeddable":true,"href":"https:\/\/www.personare.com.br\/servicos\/wp-json\/wp\/v2\/areas-da-vida?post=21848"},{"taxonomy":"estudos-e-terapias","embeddable":true,"href":"https:\/\/www.personare.com.br\/servicos\/wp-json\/wp\/v2\/estudos-e-terapias?post=21848"},{"taxonomy":"dores-e-objetivos","embeddable":true,"href":"https:\/\/www.personare.com.br\/servicos\/wp-json\/wp\/v2\/dores-e-objetivos?post=21848"}],"curies":[{"name":"wp","href":"https:\/\/api.w.org\/{rel}","templated":true}]}}