{"id":21742,"date":"2025-05-16T18:32:20","date_gmt":"2025-05-16T21:32:20","guid":{"rendered":"https:\/\/www.personare.com.br\/servicos\/?post_type=product&#038;p=21742"},"modified":"2025-11-12T15:59:26","modified_gmt":"2025-11-12T18:59:26","slug":"sessao-de-terapia-sistemica-trauma-informed-online-presencial","status":"publish","type":"product","link":"https:\/\/www.personare.com.br\/servicos\/produto\/sessao-de-terapia-sistemica-trauma-informed-online-presencial\/","title":{"rendered":"Sess\u00e3o de Terapia Sist\u00eamica (trauma-informed)- Presencial em Curitiba"},"content":{"rendered":"<p>\u00c9 recomendado para pessoas que desejam identificar e tratar traumas psicol\u00f3gicos e feridas emocionais da inf\u00e2ncia e\/ou que est\u00e3o passando por uma fase de vida mais desafiadora da vida.<\/p>\n<p>\u00c9 para aqueles que desejam aprender como reconhecer, regular, processar e expressar suas emo\u00e7\u00f5es a partir do corpo.<\/p>\n<p>\u00c9 ideal para aqueles que j\u00e1 entenderam que terapias cognitivas baseadas na fala, sozinhas, n\u00e3o s\u00e3o suficientes para sustentar mudan\u00e7as de padr\u00f5es e que desejam incluir o corpo no processo terap\u00eautico.<\/p>\n","protected":false},"excerpt":{"rendered":"<p>Essa sess\u00e3o terap\u00eautica \u00e9 estruturada para te ajudar a:<\/p>\n<p>&#8211; Reconhecer, regular, metabolizar e expressar suas emo\u00e7\u00f5es de forma saud\u00e1vel.<br \/>\n&#8211; Identificar e tratar traumas psicol\u00f3gicos e feridas emocionais da inf\u00e2ncia.<br \/>\n&#8211; Aprofundar o conhecimento da rela\u00e7\u00e3o mente-emo\u00e7\u00e3o-corpo.<br \/>\n&#8211; Compreender e melhorar suas rela\u00e7\u00f5es familiares e interpessoais.<br \/>\n&#8211; Acessar a sabedoria do seu corpo para encontrar respostas e solu\u00e7\u00f5es aut\u00eanticas.<br \/>\n&#8211; Explorar os mist\u00e9rios do seu mundo interior, e acessar um oceano de possibilidades e tesouros escondidos.<\/p>\n<p>Com 10 anos de atua\u00e7\u00e3o, a terapeuta Alice Duarte \u00e9 especializada no tratamento do trauma psicol\u00f3gico (trauma complexo, de desenvolvimento e de apego), em autorregula\u00e7\u00e3o emocional atrav\u00e9s do corpo, em sistemas familiares e no trauma transgeracional.<\/p>\n","protected":false},"featured_media":12030,"comment_status":"open","ping_status":"closed","template":"","meta":{"_acf_changed":false,"footnotes":""},"product_brand":[],"product_cat":[52,53],"product_tag":[],"areas-da-vida":[163,164,169],"estudos-e-terapias":[133],"dores-e-objetivos":[86,90,91,93,94,95,96,97,98,99,100,101,102,103,104,105,106,107,108,109,110,111,114,115,191,122,123],"acf":[],"yoast_head":"<!-- This site is optimized with the Yoast SEO plugin v19.6.1 - https:\/\/yoast.com\/wordpress\/plugins\/seo\/ -->\n<title>Sess\u00e3o de Terapia Sist\u00eamica (trauma-informed)- Presencial em Curitiba - Personare Servi\u00e7os<\/title>\n<meta name=\"description\" content=\"abordagem trauma informed\" \/>\n<meta name=\"robots\" content=\"index, follow, max-snippet:-1, max-image-preview:large, max-video-preview:-1\" \/>\n<link rel=\"canonical\" href=\"https:\/\/www.personare.com.br\/servicos\/produto\/sessao-de-terapia-sistemica-trauma-informed-online-presencial\/\" \/>\n<meta property=\"og:locale\" content=\"pt_BR\" \/>\n<meta property=\"og:type\" content=\"article\" \/>\n<meta property=\"og:title\" content=\"Sess\u00e3o de Terapia Sist\u00eamica (trauma-informed)- Presencial em Curitiba - Personare Servi\u00e7os\" \/>\n<meta property=\"og:description\" content=\"abordagem trauma informed\" \/>\n<meta property=\"og:url\" content=\"https:\/\/www.personare.com.br\/servicos\/produto\/sessao-de-terapia-sistemica-trauma-informed-online-presencial\/\" \/>\n<meta property=\"og:site_name\" content=\"Personare Servi\u00e7os\" \/>\n<meta property=\"article:modified_time\" content=\"2025-11-12T18:59:26+00:00\" \/>\n<meta property=\"og:image\" content=\"https:\/\/d2t4cfkrxg4dhd.cloudfront.net\/app\/uploads\/2022\/11\/IMG_6065.jpg\" \/>\n\t<meta property=\"og:image:width\" content=\"1280\" \/>\n\t<meta property=\"og:image:height\" content=\"960\" \/>\n\t<meta property=\"og:image:type\" content=\"image\/jpeg\" \/>\n<meta name=\"twitter:card\" content=\"summary_large_image\" \/>\n<script type=\"application\/ld+json\" class=\"yoast-schema-graph\">{\"@context\":\"https:\/\/schema.org\",\"@graph\":[{\"@type\":\"WebPage\",\"@id\":\"https:\/\/www.personare.com.br\/servicos\/produto\/sessao-de-terapia-sistemica-trauma-informed-online-presencial\/\",\"url\":\"https:\/\/www.personare.com.br\/servicos\/produto\/sessao-de-terapia-sistemica-trauma-informed-online-presencial\/\",\"name\":\"Sess\u00e3o de Terapia Sist\u00eamica (trauma-informed)- Presencial em Curitiba - Personare Servi\u00e7os\",\"isPartOf\":{\"@id\":\"https:\/\/www.personare.com.br\/servicos\/#website\"},\"datePublished\":\"2025-05-16T21:32:20+00:00\",\"dateModified\":\"2025-11-12T18:59:26+00:00\",\"description\":\"abordagem trauma informed\",\"breadcrumb\":{\"@id\":\"https:\/\/www.personare.com.br\/servicos\/produto\/sessao-de-terapia-sistemica-trauma-informed-online-presencial\/#breadcrumb\"},\"inLanguage\":\"pt-BR\",\"potentialAction\":[{\"@type\":\"ReadAction\",\"target\":[\"https:\/\/www.personare.com.br\/servicos\/produto\/sessao-de-terapia-sistemica-trauma-informed-online-presencial\/\"]}]},{\"@type\":\"BreadcrumbList\",\"@id\":\"https:\/\/www.personare.com.br\/servicos\/produto\/sessao-de-terapia-sistemica-trauma-informed-online-presencial\/#breadcrumb\",\"itemListElement\":[{\"@type\":\"ListItem\",\"position\":1,\"name\":\"In\u00edcio\",\"item\":\"https:\/\/www.personare.com.br\/servicos\/\"},{\"@type\":\"ListItem\",\"position\":2,\"name\":\"Loja\",\"item\":\"https:\/\/www.personare.com.br\/servicos\/busca\/\"},{\"@type\":\"ListItem\",\"position\":3,\"name\":\"Sess\u00e3o de Terapia Sist\u00eamica (trauma-informed)- Presencial em Curitiba\"}]},{\"@type\":\"WebSite\",\"@id\":\"https:\/\/www.personare.com.br\/servicos\/#website\",\"url\":\"https:\/\/www.personare.com.br\/servicos\/\",\"name\":\"Personare Servi\u00e7os\",\"description\":\"Agende Consultas e Terapias Online no Personare\",\"publisher\":{\"@id\":\"https:\/\/www.personare.com.br\/servicos\/#organization\"},\"potentialAction\":[{\"@type\":\"SearchAction\",\"target\":{\"@type\":\"EntryPoint\",\"urlTemplate\":\"https:\/\/www.personare.com.br\/servicos\/?s={search_term_string}\"},\"query-input\":\"required name=search_term_string\"}],\"inLanguage\":\"pt-BR\"},{\"@type\":\"Organization\",\"@id\":\"https:\/\/www.personare.com.br\/servicos\/#organization\",\"name\":\"Personare\",\"url\":\"https:\/\/www.personare.com.br\/servicos\/\",\"sameAs\":[],\"logo\":{\"@type\":\"ImageObject\",\"inLanguage\":\"pt-BR\",\"@id\":\"https:\/\/www.personare.com.br\/servicos\/#\/schema\/logo\/image\/\",\"url\":\"https:\/\/d2t4cfkrxg4dhd.cloudfront.net\/app\/uploads\/2021\/04\/70295ca5d3b1be44570b5e6d0854fa942edb2ab6.png\",\"contentUrl\":\"https:\/\/d2t4cfkrxg4dhd.cloudfront.net\/app\/uploads\/2021\/04\/70295ca5d3b1be44570b5e6d0854fa942edb2ab6.png\",\"width\":650,\"height\":554,\"caption\":\"Personare\"},\"image\":{\"@id\":\"https:\/\/www.personare.com.br\/servicos\/#\/schema\/logo\/image\/\"}}]}<\/script>\n<!-- \/ Yoast SEO plugin. -->","yoast_head_json":{"title":"Sess\u00e3o de Terapia Sist\u00eamica (trauma-informed)- Presencial em Curitiba - Personare Servi\u00e7os","description":"abordagem trauma informed","robots":{"index":"index","follow":"follow","max-snippet":"max-snippet:-1","max-image-preview":"max-image-preview:large","max-video-preview":"max-video-preview:-1"},"canonical":"https:\/\/www.personare.com.br\/servicos\/produto\/sessao-de-terapia-sistemica-trauma-informed-online-presencial\/","og_locale":"pt_BR","og_type":"article","og_title":"Sess\u00e3o de Terapia Sist\u00eamica (trauma-informed)- Presencial em Curitiba - Personare Servi\u00e7os","og_description":"abordagem trauma informed","og_url":"https:\/\/www.personare.com.br\/servicos\/produto\/sessao-de-terapia-sistemica-trauma-informed-online-presencial\/","og_site_name":"Personare Servi\u00e7os","article_modified_time":"2025-11-12T18:59:26+00:00","og_image":[{"width":1280,"height":960,"url":"https:\/\/d2t4cfkrxg4dhd.cloudfront.net\/app\/uploads\/2022\/11\/IMG_6065.jpg","type":"image\/jpeg"}],"twitter_card":"summary_large_image","schema":{"@context":"https:\/\/schema.org","@graph":[{"@type":"WebPage","@id":"https:\/\/www.personare.com.br\/servicos\/produto\/sessao-de-terapia-sistemica-trauma-informed-online-presencial\/","url":"https:\/\/www.personare.com.br\/servicos\/produto\/sessao-de-terapia-sistemica-trauma-informed-online-presencial\/","name":"Sess\u00e3o de Terapia Sist\u00eamica (trauma-informed)- Presencial em Curitiba - Personare Servi\u00e7os","isPartOf":{"@id":"https:\/\/www.personare.com.br\/servicos\/#website"},"datePublished":"2025-05-16T21:32:20+00:00","dateModified":"2025-11-12T18:59:26+00:00","description":"abordagem trauma informed","breadcrumb":{"@id":"https:\/\/www.personare.com.br\/servicos\/produto\/sessao-de-terapia-sistemica-trauma-informed-online-presencial\/#breadcrumb"},"inLanguage":"pt-BR","potentialAction":[{"@type":"ReadAction","target":["https:\/\/www.personare.com.br\/servicos\/produto\/sessao-de-terapia-sistemica-trauma-informed-online-presencial\/"]}]},{"@type":"BreadcrumbList","@id":"https:\/\/www.personare.com.br\/servicos\/produto\/sessao-de-terapia-sistemica-trauma-informed-online-presencial\/#breadcrumb","itemListElement":[{"@type":"ListItem","position":1,"name":"In\u00edcio","item":"https:\/\/www.personare.com.br\/servicos\/"},{"@type":"ListItem","position":2,"name":"Loja","item":"https:\/\/www.personare.com.br\/servicos\/busca\/"},{"@type":"ListItem","position":3,"name":"Sess\u00e3o de Terapia Sist\u00eamica (trauma-informed)- Presencial em Curitiba"}]},{"@type":"WebSite","@id":"https:\/\/www.personare.com.br\/servicos\/#website","url":"https:\/\/www.personare.com.br\/servicos\/","name":"Personare Servi\u00e7os","description":"Agende Consultas e Terapias Online no Personare","publisher":{"@id":"https:\/\/www.personare.com.br\/servicos\/#organization"},"potentialAction":[{"@type":"SearchAction","target":{"@type":"EntryPoint","urlTemplate":"https:\/\/www.personare.com.br\/servicos\/?s={search_term_string}"},"query-input":"required name=search_term_string"}],"inLanguage":"pt-BR"},{"@type":"Organization","@id":"https:\/\/www.personare.com.br\/servicos\/#organization","name":"Personare","url":"https:\/\/www.personare.com.br\/servicos\/","sameAs":[],"logo":{"@type":"ImageObject","inLanguage":"pt-BR","@id":"https:\/\/www.personare.com.br\/servicos\/#\/schema\/logo\/image\/","url":"https:\/\/d2t4cfkrxg4dhd.cloudfront.net\/app\/uploads\/2021\/04\/70295ca5d3b1be44570b5e6d0854fa942edb2ab6.png","contentUrl":"https:\/\/d2t4cfkrxg4dhd.cloudfront.net\/app\/uploads\/2021\/04\/70295ca5d3b1be44570b5e6d0854fa942edb2ab6.png","width":650,"height":554,"caption":"Personare"},"image":{"@id":"https:\/\/www.personare.com.br\/servicos\/#\/schema\/logo\/image\/"}}]}},"_links":{"self":[{"href":"https:\/\/www.personare.com.br\/servicos\/wp-json\/wp\/v2\/product\/21742"}],"collection":[{"href":"https:\/\/www.personare.com.br\/servicos\/wp-json\/wp\/v2\/product"}],"about":[{"href":"https:\/\/www.personare.com.br\/servicos\/wp-json\/wp\/v2\/types\/product"}],"replies":[{"embeddable":true,"href":"https:\/\/www.personare.com.br\/servicos\/wp-json\/wp\/v2\/comments?post=21742"}],"version-history":[{"count":7,"href":"https:\/\/www.personare.com.br\/servicos\/wp-json\/wp\/v2\/product\/21742\/revisions"}],"predecessor-version":[{"id":21825,"href":"https:\/\/www.personare.com.br\/servicos\/wp-json\/wp\/v2\/product\/21742\/revisions\/21825"}],"wp:featuredmedia":[{"embeddable":true,"href":"https:\/\/www.personare.com.br\/servicos\/wp-json\/wp\/v2\/media\/12030"}],"wp:attachment":[{"href":"https:\/\/www.personare.com.br\/servicos\/wp-json\/wp\/v2\/media?parent=21742"}],"wp:term":[{"taxonomy":"product_brand","embeddable":true,"href":"https:\/\/www.personare.com.br\/servicos\/wp-json\/wp\/v2\/product_brand?post=21742"},{"taxonomy":"product_cat","embeddable":true,"href":"https:\/\/www.personare.com.br\/servicos\/wp-json\/wp\/v2\/product_cat?post=21742"},{"taxonomy":"product_tag","embeddable":true,"href":"https:\/\/www.personare.com.br\/servicos\/wp-json\/wp\/v2\/product_tag?post=21742"},{"taxonomy":"areas-da-vida","embeddable":true,"href":"https:\/\/www.personare.com.br\/servicos\/wp-json\/wp\/v2\/areas-da-vida?post=21742"},{"taxonomy":"estudos-e-terapias","embeddable":true,"href":"https:\/\/www.personare.com.br\/servicos\/wp-json\/wp\/v2\/estudos-e-terapias?post=21742"},{"taxonomy":"dores-e-objetivos","embeddable":true,"href":"https:\/\/www.personare.com.br\/servicos\/wp-json\/wp\/v2\/dores-e-objetivos?post=21742"}],"curies":[{"name":"wp","href":"https:\/\/api.w.org\/{rel}","templated":true}]}}