{"id":20801,"date":"2025-02-21T13:44:44","date_gmt":"2025-02-21T16:44:44","guid":{"rendered":"https:\/\/www.personare.com.br\/servicos\/?post_type=product&#038;p=20801"},"modified":"2025-12-12T17:55:24","modified_gmt":"2025-12-12T20:55:24","slug":"psicoterapia-online-consultas-recorrentes","status":"publish","type":"product","link":"https:\/\/www.personare.com.br\/servicos\/produto\/psicoterapia-online-consultas-recorrentes\/","title":{"rendered":"Psicoterapia Online (Consultas Recorrentes)"},"content":{"rendered":"<p>Pessoas com ansiedade, crises emocionais ou sintomas depressivos;<br \/>Mulheres em transi\u00e7\u00f5es importantes (maternidade, menopausa, div\u00f3rcio, luto, mudan\u00e7a de pa\u00eds ou carreira);<br \/>Quem sente que precisa de um espa\u00e7o seguro para falar sobre o que sente sem julgamentos;<br \/>Pessoas que vivem sob alta press\u00e3o ou autocobran\u00e7a e querem aprender a se tratar com mais gentileza;<br \/>Pessoas que est\u00e3o com dificuldade nos relacionamentos (amoroso, familiar, profissional&#8230;);<br \/>Para quem est\u00e1 insatisfeito(a) com o trabalho\/profiss\u00e3o;<br \/>Se voc\u00ea sente que precisa de um espa\u00e7o seguro para falar sobre o que te preocupa, entender melhor suas emo\u00e7\u00f5es e buscar formas mais saud\u00e1veis de lidar com a vida, a avalia\u00e7\u00e3o inicial \u00e9 o primeiro passo.<\/p>\n","protected":false},"excerpt":{"rendered":"<p>A vida nem sempre segue o roteiro que planejamos. \u00c0s vezes, crises inesperadas, transi\u00e7\u00f5es ou emo\u00e7\u00f5es dif\u00edceis nos deixam sem saber como lidar com o que sentimos. A terapia \u00e9 um espa\u00e7o seguro para voc\u00ea compreender seus desafios e encontrar maneiras reais e poss\u00edveis de atravess\u00e1-los \u2013 sem f\u00f3rmulas prontas, mas do seu jeito.<br \/>Se voc\u00ea sente que sua ansiedade est\u00e1 sempre no limite, que sua rotina virou um fardo ou que est\u00e1 perdida diante de mudan\u00e7as e qual caminho seguir, esse espa\u00e7o \u00e9 para voc\u00ea.<\/p>\n","protected":false},"featured_media":11999,"comment_status":"open","ping_status":"closed","template":"","meta":{"_acf_changed":false,"footnotes":""},"product_brand":[],"product_cat":[52],"product_tag":[],"areas-da-vida":[163],"estudos-e-terapias":[146,147],"dores-e-objetivos":[82,215,89,92,99,191],"acf":[],"yoast_head":"<!-- This site is optimized with the Yoast SEO plugin v19.6.1 - https:\/\/yoast.com\/wordpress\/plugins\/seo\/ -->\n<title>Psicoterapia Online (Consultas Recorrentes) - Personare Servi\u00e7os<\/title>\n<meta name=\"description\" content=\"Nem sempre conseguimos enxergar sozinhos o que nos trava ou encontrar clareza sobre o que sentimos. \u00c0s vezes, estamos lidando com um turbilh\u00e3o de emo\u00e7\u00f5es sem saber exatamente por onde come\u00e7ar. A avalia\u00e7\u00e3o inicial de psicoterapia \u00e9 o primeiro passo para entender o que voc\u00ea est\u00e1 vivendo e como a terapia pode te ajudar. Essa sess\u00e3o tem um valor reduzido e funciona como uma anamnese: um momento para que voc\u00ea possa falar sobre suas quest\u00f5es, compreender a abordagem terap\u00eautica e definir, junto comigo, a melhor frequ\u00eancia de atendimento para suas necessidades. Se voc\u00ea sente que a ansiedade, a d\u00favida, culpa ou medo t\u00eam te paralisado, se enfrenta um momento de transi\u00e7\u00e3o, luto ou mudan\u00e7a, ou se simplesmente sente que precisa de um espa\u00e7o seguro para entender melhor seus sentimentos, essa sess\u00e3o pode ser um excelente come\u00e7o.\" \/>\n<meta name=\"robots\" content=\"index, follow, max-snippet:-1, max-image-preview:large, max-video-preview:-1\" \/>\n<link rel=\"canonical\" href=\"https:\/\/www.personare.com.br\/servicos\/produto\/psicoterapia-online-consultas-recorrentes\/\" \/>\n<meta property=\"og:locale\" content=\"pt_BR\" \/>\n<meta property=\"og:type\" content=\"article\" \/>\n<meta property=\"og:title\" content=\"Psicoterapia Online (Consultas Recorrentes) - Personare Servi\u00e7os\" \/>\n<meta property=\"og:description\" content=\"Nem sempre conseguimos enxergar sozinhos o que nos trava ou encontrar clareza sobre o que sentimos. \u00c0s vezes, estamos lidando com um turbilh\u00e3o de emo\u00e7\u00f5es sem saber exatamente por onde come\u00e7ar. A avalia\u00e7\u00e3o inicial de psicoterapia \u00e9 o primeiro passo para entender o que voc\u00ea est\u00e1 vivendo e como a terapia pode te ajudar. Essa sess\u00e3o tem um valor reduzido e funciona como uma anamnese: um momento para que voc\u00ea possa falar sobre suas quest\u00f5es, compreender a abordagem terap\u00eautica e definir, junto comigo, a melhor frequ\u00eancia de atendimento para suas necessidades. Se voc\u00ea sente que a ansiedade, a d\u00favida, culpa ou medo t\u00eam te paralisado, se enfrenta um momento de transi\u00e7\u00e3o, luto ou mudan\u00e7a, ou se simplesmente sente que precisa de um espa\u00e7o seguro para entender melhor seus sentimentos, essa sess\u00e3o pode ser um excelente come\u00e7o.\" \/>\n<meta property=\"og:url\" content=\"https:\/\/www.personare.com.br\/servicos\/produto\/psicoterapia-online-consultas-recorrentes\/\" \/>\n<meta property=\"og:site_name\" content=\"Personare Servi\u00e7os\" \/>\n<meta property=\"article:modified_time\" content=\"2025-12-12T20:55:24+00:00\" \/>\n<meta property=\"og:image\" content=\"https:\/\/d2t4cfkrxg4dhd.cloudfront.net\/app\/uploads\/2021\/04\/TATIANA-MAGALHAES-1.jpg\" \/>\n\t<meta property=\"og:image:width\" content=\"1593\" \/>\n\t<meta property=\"og:image:height\" content=\"1410\" \/>\n\t<meta property=\"og:image:type\" content=\"image\/jpeg\" \/>\n<meta name=\"twitter:card\" content=\"summary_large_image\" \/>\n<meta name=\"twitter:label1\" content=\"Est. tempo de leitura\" \/>\n\t<meta name=\"twitter:data1\" content=\"1 minuto\" \/>\n<script type=\"application\/ld+json\" class=\"yoast-schema-graph\">{\"@context\":\"https:\/\/schema.org\",\"@graph\":[{\"@type\":\"WebPage\",\"@id\":\"https:\/\/www.personare.com.br\/servicos\/produto\/psicoterapia-online-consultas-recorrentes\/\",\"url\":\"https:\/\/www.personare.com.br\/servicos\/produto\/psicoterapia-online-consultas-recorrentes\/\",\"name\":\"Psicoterapia Online (Consultas Recorrentes) - Personare Servi\u00e7os\",\"isPartOf\":{\"@id\":\"https:\/\/www.personare.com.br\/servicos\/#website\"},\"datePublished\":\"2025-02-21T16:44:44+00:00\",\"dateModified\":\"2025-12-12T20:55:24+00:00\",\"description\":\"Nem sempre conseguimos enxergar sozinhos o que nos trava ou encontrar clareza sobre o que sentimos. \u00c0s vezes, estamos lidando com um turbilh\u00e3o de emo\u00e7\u00f5es sem saber exatamente por onde come\u00e7ar. A avalia\u00e7\u00e3o inicial de psicoterapia \u00e9 o primeiro passo para entender o que voc\u00ea est\u00e1 vivendo e como a terapia pode te ajudar. Essa sess\u00e3o tem um valor reduzido e funciona como uma anamnese: um momento para que voc\u00ea possa falar sobre suas quest\u00f5es, compreender a abordagem terap\u00eautica e definir, junto comigo, a melhor frequ\u00eancia de atendimento para suas necessidades. Se voc\u00ea sente que a ansiedade, a d\u00favida, culpa ou medo t\u00eam te paralisado, se enfrenta um momento de transi\u00e7\u00e3o, luto ou mudan\u00e7a, ou se simplesmente sente que precisa de um espa\u00e7o seguro para entender melhor seus sentimentos, essa sess\u00e3o pode ser um excelente come\u00e7o.\",\"breadcrumb\":{\"@id\":\"https:\/\/www.personare.com.br\/servicos\/produto\/psicoterapia-online-consultas-recorrentes\/#breadcrumb\"},\"inLanguage\":\"pt-BR\",\"potentialAction\":[{\"@type\":\"ReadAction\",\"target\":[\"https:\/\/www.personare.com.br\/servicos\/produto\/psicoterapia-online-consultas-recorrentes\/\"]}]},{\"@type\":\"BreadcrumbList\",\"@id\":\"https:\/\/www.personare.com.br\/servicos\/produto\/psicoterapia-online-consultas-recorrentes\/#breadcrumb\",\"itemListElement\":[{\"@type\":\"ListItem\",\"position\":1,\"name\":\"In\u00edcio\",\"item\":\"https:\/\/www.personare.com.br\/servicos\/\"},{\"@type\":\"ListItem\",\"position\":2,\"name\":\"Loja\",\"item\":\"https:\/\/www.personare.com.br\/servicos\/busca\/\"},{\"@type\":\"ListItem\",\"position\":3,\"name\":\"Psicoterapia Online (Consultas Recorrentes)\"}]},{\"@type\":\"WebSite\",\"@id\":\"https:\/\/www.personare.com.br\/servicos\/#website\",\"url\":\"https:\/\/www.personare.com.br\/servicos\/\",\"name\":\"Personare Servi\u00e7os\",\"description\":\"Agende Consultas e Terapias Online no Personare\",\"publisher\":{\"@id\":\"https:\/\/www.personare.com.br\/servicos\/#organization\"},\"potentialAction\":[{\"@type\":\"SearchAction\",\"target\":{\"@type\":\"EntryPoint\",\"urlTemplate\":\"https:\/\/www.personare.com.br\/servicos\/?s={search_term_string}\"},\"query-input\":\"required name=search_term_string\"}],\"inLanguage\":\"pt-BR\"},{\"@type\":\"Organization\",\"@id\":\"https:\/\/www.personare.com.br\/servicos\/#organization\",\"name\":\"Personare\",\"url\":\"https:\/\/www.personare.com.br\/servicos\/\",\"sameAs\":[],\"logo\":{\"@type\":\"ImageObject\",\"inLanguage\":\"pt-BR\",\"@id\":\"https:\/\/www.personare.com.br\/servicos\/#\/schema\/logo\/image\/\",\"url\":\"https:\/\/d2t4cfkrxg4dhd.cloudfront.net\/app\/uploads\/2021\/04\/70295ca5d3b1be44570b5e6d0854fa942edb2ab6.png\",\"contentUrl\":\"https:\/\/d2t4cfkrxg4dhd.cloudfront.net\/app\/uploads\/2021\/04\/70295ca5d3b1be44570b5e6d0854fa942edb2ab6.png\",\"width\":650,\"height\":554,\"caption\":\"Personare\"},\"image\":{\"@id\":\"https:\/\/www.personare.com.br\/servicos\/#\/schema\/logo\/image\/\"}}]}<\/script>\n<!-- \/ Yoast SEO plugin. -->","yoast_head_json":{"title":"Psicoterapia Online (Consultas Recorrentes) - Personare Servi\u00e7os","description":"Nem sempre conseguimos enxergar sozinhos o que nos trava ou encontrar clareza sobre o que sentimos. \u00c0s vezes, estamos lidando com um turbilh\u00e3o de emo\u00e7\u00f5es sem saber exatamente por onde come\u00e7ar. A avalia\u00e7\u00e3o inicial de psicoterapia \u00e9 o primeiro passo para entender o que voc\u00ea est\u00e1 vivendo e como a terapia pode te ajudar. Essa sess\u00e3o tem um valor reduzido e funciona como uma anamnese: um momento para que voc\u00ea possa falar sobre suas quest\u00f5es, compreender a abordagem terap\u00eautica e definir, junto comigo, a melhor frequ\u00eancia de atendimento para suas necessidades. Se voc\u00ea sente que a ansiedade, a d\u00favida, culpa ou medo t\u00eam te paralisado, se enfrenta um momento de transi\u00e7\u00e3o, luto ou mudan\u00e7a, ou se simplesmente sente que precisa de um espa\u00e7o seguro para entender melhor seus sentimentos, essa sess\u00e3o pode ser um excelente come\u00e7o.","robots":{"index":"index","follow":"follow","max-snippet":"max-snippet:-1","max-image-preview":"max-image-preview:large","max-video-preview":"max-video-preview:-1"},"canonical":"https:\/\/www.personare.com.br\/servicos\/produto\/psicoterapia-online-consultas-recorrentes\/","og_locale":"pt_BR","og_type":"article","og_title":"Psicoterapia Online (Consultas Recorrentes) - Personare Servi\u00e7os","og_description":"Nem sempre conseguimos enxergar sozinhos o que nos trava ou encontrar clareza sobre o que sentimos. \u00c0s vezes, estamos lidando com um turbilh\u00e3o de emo\u00e7\u00f5es sem saber exatamente por onde come\u00e7ar. A avalia\u00e7\u00e3o inicial de psicoterapia \u00e9 o primeiro passo para entender o que voc\u00ea est\u00e1 vivendo e como a terapia pode te ajudar. Essa sess\u00e3o tem um valor reduzido e funciona como uma anamnese: um momento para que voc\u00ea possa falar sobre suas quest\u00f5es, compreender a abordagem terap\u00eautica e definir, junto comigo, a melhor frequ\u00eancia de atendimento para suas necessidades. Se voc\u00ea sente que a ansiedade, a d\u00favida, culpa ou medo t\u00eam te paralisado, se enfrenta um momento de transi\u00e7\u00e3o, luto ou mudan\u00e7a, ou se simplesmente sente que precisa de um espa\u00e7o seguro para entender melhor seus sentimentos, essa sess\u00e3o pode ser um excelente come\u00e7o.","og_url":"https:\/\/www.personare.com.br\/servicos\/produto\/psicoterapia-online-consultas-recorrentes\/","og_site_name":"Personare Servi\u00e7os","article_modified_time":"2025-12-12T20:55:24+00:00","og_image":[{"width":1593,"height":1410,"url":"https:\/\/d2t4cfkrxg4dhd.cloudfront.net\/app\/uploads\/2021\/04\/TATIANA-MAGALHAES-1.jpg","type":"image\/jpeg"}],"twitter_card":"summary_large_image","twitter_misc":{"Est. tempo de leitura":"1 minuto"},"schema":{"@context":"https:\/\/schema.org","@graph":[{"@type":"WebPage","@id":"https:\/\/www.personare.com.br\/servicos\/produto\/psicoterapia-online-consultas-recorrentes\/","url":"https:\/\/www.personare.com.br\/servicos\/produto\/psicoterapia-online-consultas-recorrentes\/","name":"Psicoterapia Online (Consultas Recorrentes) - Personare Servi\u00e7os","isPartOf":{"@id":"https:\/\/www.personare.com.br\/servicos\/#website"},"datePublished":"2025-02-21T16:44:44+00:00","dateModified":"2025-12-12T20:55:24+00:00","description":"Nem sempre conseguimos enxergar sozinhos o que nos trava ou encontrar clareza sobre o que sentimos. \u00c0s vezes, estamos lidando com um turbilh\u00e3o de emo\u00e7\u00f5es sem saber exatamente por onde come\u00e7ar. A avalia\u00e7\u00e3o inicial de psicoterapia \u00e9 o primeiro passo para entender o que voc\u00ea est\u00e1 vivendo e como a terapia pode te ajudar. Essa sess\u00e3o tem um valor reduzido e funciona como uma anamnese: um momento para que voc\u00ea possa falar sobre suas quest\u00f5es, compreender a abordagem terap\u00eautica e definir, junto comigo, a melhor frequ\u00eancia de atendimento para suas necessidades. Se voc\u00ea sente que a ansiedade, a d\u00favida, culpa ou medo t\u00eam te paralisado, se enfrenta um momento de transi\u00e7\u00e3o, luto ou mudan\u00e7a, ou se simplesmente sente que precisa de um espa\u00e7o seguro para entender melhor seus sentimentos, essa sess\u00e3o pode ser um excelente come\u00e7o.","breadcrumb":{"@id":"https:\/\/www.personare.com.br\/servicos\/produto\/psicoterapia-online-consultas-recorrentes\/#breadcrumb"},"inLanguage":"pt-BR","potentialAction":[{"@type":"ReadAction","target":["https:\/\/www.personare.com.br\/servicos\/produto\/psicoterapia-online-consultas-recorrentes\/"]}]},{"@type":"BreadcrumbList","@id":"https:\/\/www.personare.com.br\/servicos\/produto\/psicoterapia-online-consultas-recorrentes\/#breadcrumb","itemListElement":[{"@type":"ListItem","position":1,"name":"In\u00edcio","item":"https:\/\/www.personare.com.br\/servicos\/"},{"@type":"ListItem","position":2,"name":"Loja","item":"https:\/\/www.personare.com.br\/servicos\/busca\/"},{"@type":"ListItem","position":3,"name":"Psicoterapia Online (Consultas Recorrentes)"}]},{"@type":"WebSite","@id":"https:\/\/www.personare.com.br\/servicos\/#website","url":"https:\/\/www.personare.com.br\/servicos\/","name":"Personare Servi\u00e7os","description":"Agende Consultas e Terapias Online no Personare","publisher":{"@id":"https:\/\/www.personare.com.br\/servicos\/#organization"},"potentialAction":[{"@type":"SearchAction","target":{"@type":"EntryPoint","urlTemplate":"https:\/\/www.personare.com.br\/servicos\/?s={search_term_string}"},"query-input":"required name=search_term_string"}],"inLanguage":"pt-BR"},{"@type":"Organization","@id":"https:\/\/www.personare.com.br\/servicos\/#organization","name":"Personare","url":"https:\/\/www.personare.com.br\/servicos\/","sameAs":[],"logo":{"@type":"ImageObject","inLanguage":"pt-BR","@id":"https:\/\/www.personare.com.br\/servicos\/#\/schema\/logo\/image\/","url":"https:\/\/d2t4cfkrxg4dhd.cloudfront.net\/app\/uploads\/2021\/04\/70295ca5d3b1be44570b5e6d0854fa942edb2ab6.png","contentUrl":"https:\/\/d2t4cfkrxg4dhd.cloudfront.net\/app\/uploads\/2021\/04\/70295ca5d3b1be44570b5e6d0854fa942edb2ab6.png","width":650,"height":554,"caption":"Personare"},"image":{"@id":"https:\/\/www.personare.com.br\/servicos\/#\/schema\/logo\/image\/"}}]}},"_links":{"self":[{"href":"https:\/\/www.personare.com.br\/servicos\/wp-json\/wp\/v2\/product\/20801"}],"collection":[{"href":"https:\/\/www.personare.com.br\/servicos\/wp-json\/wp\/v2\/product"}],"about":[{"href":"https:\/\/www.personare.com.br\/servicos\/wp-json\/wp\/v2\/types\/product"}],"replies":[{"embeddable":true,"href":"https:\/\/www.personare.com.br\/servicos\/wp-json\/wp\/v2\/comments?post=20801"}],"version-history":[{"count":7,"href":"https:\/\/www.personare.com.br\/servicos\/wp-json\/wp\/v2\/product\/20801\/revisions"}],"predecessor-version":[{"id":24121,"href":"https:\/\/www.personare.com.br\/servicos\/wp-json\/wp\/v2\/product\/20801\/revisions\/24121"}],"wp:featuredmedia":[{"embeddable":true,"href":"https:\/\/www.personare.com.br\/servicos\/wp-json\/wp\/v2\/media\/11999"}],"wp:attachment":[{"href":"https:\/\/www.personare.com.br\/servicos\/wp-json\/wp\/v2\/media?parent=20801"}],"wp:term":[{"taxonomy":"product_brand","embeddable":true,"href":"https:\/\/www.personare.com.br\/servicos\/wp-json\/wp\/v2\/product_brand?post=20801"},{"taxonomy":"product_cat","embeddable":true,"href":"https:\/\/www.personare.com.br\/servicos\/wp-json\/wp\/v2\/product_cat?post=20801"},{"taxonomy":"product_tag","embeddable":true,"href":"https:\/\/www.personare.com.br\/servicos\/wp-json\/wp\/v2\/product_tag?post=20801"},{"taxonomy":"areas-da-vida","embeddable":true,"href":"https:\/\/www.personare.com.br\/servicos\/wp-json\/wp\/v2\/areas-da-vida?post=20801"},{"taxonomy":"estudos-e-terapias","embeddable":true,"href":"https:\/\/www.personare.com.br\/servicos\/wp-json\/wp\/v2\/estudos-e-terapias?post=20801"},{"taxonomy":"dores-e-objetivos","embeddable":true,"href":"https:\/\/www.personare.com.br\/servicos\/wp-json\/wp\/v2\/dores-e-objetivos?post=20801"}],"curies":[{"name":"wp","href":"https:\/\/api.w.org\/{rel}","templated":true}]}}