{"id":20484,"date":"2025-01-24T14:20:40","date_gmt":"2025-01-24T17:20:40","guid":{"rendered":"https:\/\/www.personare.com.br\/servicos\/?post_type=product&#038;p=20484"},"modified":"2025-01-27T14:14:55","modified_gmt":"2025-01-27T17:14:55","slug":"renove-seu-lar-sessoes-recorrentes","status":"publish","type":"product","link":"https:\/\/www.personare.com.br\/servicos\/produto\/renove-seu-lar-sessoes-recorrentes\/","title":{"rendered":"Renove seu lar &#8211; Sess\u00f5es Recorrentes"},"content":{"rendered":"<p>Casas que s\u00e3o tamb\u00e9m ambientes de trabalho (home office) ou com grande circula\u00e7\u00e3o de pessoas (familiares, funcion\u00e1rios, colegas);<\/p>\n<p>Lares com crian\u00e7as e animais adoecendo frequentemente, que precisam de prote\u00e7\u00e3o energ\u00e9tica;<\/p>\n<p>Casas com pessoas doentes ou com dificuldades para dormir;<\/p>\n<p>Para quem n\u00e3o consegue relaxar na pr\u00f3pria casa e vivencia muitas brigas nesse ambiente;<\/p>\n<p>Para quem est\u00e1 prestes a alugar ou comprar um im\u00f3vel e quer limpar a energia dos antigos moradores, para criar e manter sua pr\u00f3pria egr\u00e9gora energ\u00e9tica.;<\/p>\n<p>Pessoas que est\u00e3o com dificuldade de vender um im\u00f3vel e deseja, liberar mem\u00f3rias e apegos do lugar<\/p>\n","protected":false},"excerpt":{"rendered":"<p>A sua casa \u00e9 seu lugar no mundo! \u00c9 onde voc\u00ea se recarrega, onde pode ser quem \u00e9. Renovar a energia do seu lar \u00e9 como um autocuidado de fora pra dentro.<\/p>\n<p><strong>A casa carrega \u201cmarcas\u201d energ\u00e9ticas de tudo o que foi vivenciado naquele espa\u00e7o<\/strong>, ainda que seja uma constru\u00e7\u00e3o nova. A carga do dia a dia, as visitas, sua pr\u00f3pria fase da vida e tudo o que lhe rodeia tamb\u00e9m podem influenciar na energia do ambiente.<\/p>\n<p>Essas energias correm o risco de afetar negativamente os moradores, gerando bloqueios e demais problemas para quem mora ali. Tamb\u00e9m podem dificultar a venda do im\u00f3vel. Por isso \u00e9 importante limpar periodicamente as marcas energ\u00e9ticas do ambiente.<\/p>\n<p>A terapeuta Aline Lang oferece uma <strong>limpeza potente e personalizada focada na sua casa,<\/strong> liberando energias externas, energias estagnadas do passado e tudo mais que estiver impactando os moradores ou bloqueando a venda do im\u00f3vel.<\/p>\n<p>As sess\u00f5es de limpeza ocorrem de forma ass\u00edncrona, n\u00e3o sendo necess\u00e1rio alterar a rotina dos moradores do local. Voc\u00ea escolhe a periodicidade de 30 ou 60 dias.<\/p>\n","protected":false},"featured_media":11994,"comment_status":"open","ping_status":"closed","template":"","meta":{"_acf_changed":false,"footnotes":""},"product_brand":[],"product_cat":[52,53],"product_tag":[],"areas-da-vida":[166,169],"estudos-e-terapias":[208,149],"dores-e-objetivos":[207,100,202],"acf":[],"yoast_head":"<!-- This site is optimized with the Yoast SEO plugin v19.6.1 - https:\/\/yoast.com\/wordpress\/plugins\/seo\/ -->\n<title>Renove seu lar - Sess\u00f5es Recorrentes - Personare Servi\u00e7os<\/title>\n<meta name=\"robots\" content=\"index, follow, max-snippet:-1, max-image-preview:large, max-video-preview:-1\" \/>\n<link rel=\"canonical\" href=\"https:\/\/www.personare.com.br\/servicos\/produto\/renove-seu-lar-sessoes-recorrentes\/\" \/>\n<meta property=\"og:locale\" content=\"pt_BR\" \/>\n<meta property=\"og:type\" content=\"article\" \/>\n<meta property=\"og:title\" content=\"Renove seu lar - Sess\u00f5es Recorrentes - Personare Servi\u00e7os\" \/>\n<meta property=\"og:description\" content=\"A sua casa \u00e9 seu lugar no mundo! \u00c9 onde voc\u00ea se recarrega, onde pode ser quem \u00e9. Renovar a energia do seu lar \u00e9 como um autocuidado de fora pra dentro.A casa carrega \u201cmarcas\u201d energ\u00e9ticas de tudo o que foi vivenciado naquele espa\u00e7o, ainda que seja uma constru\u00e7\u00e3o nova. A carga do dia a dia, as visitas, sua pr\u00f3pria fase da vida e tudo o que lhe rodeia tamb\u00e9m podem influenciar na energia do ambiente.Essas energias correm o risco de afetar negativamente os moradores, gerando bloqueios e demais problemas para quem mora ali. Tamb\u00e9m podem dificultar a venda do im\u00f3vel. Por isso \u00e9 importante limpar periodicamente as marcas energ\u00e9ticas do ambiente.A terapeuta Aline Lang oferece uma limpeza potente e personalizada focada na sua casa, liberando energias externas, energias estagnadas do passado e tudo mais que estiver impactando os moradores ou bloqueando a venda do im\u00f3vel.As sess\u00f5es de limpeza ocorrem de forma ass\u00edncrona, n\u00e3o sendo necess\u00e1rio alterar a rotina dos moradores do local. Voc\u00ea escolhe a periodicidade de 30 ou 60 dias.\" \/>\n<meta property=\"og:url\" content=\"https:\/\/www.personare.com.br\/servicos\/produto\/renove-seu-lar-sessoes-recorrentes\/\" \/>\n<meta property=\"og:site_name\" content=\"Personare Servi\u00e7os\" \/>\n<meta property=\"article:modified_time\" content=\"2025-01-27T17:14:55+00:00\" \/>\n<meta name=\"twitter:card\" content=\"summary_large_image\" \/>\n<meta name=\"twitter:image\" content=\"https:\/\/d2t4cfkrxg4dhd.cloudfront.net\/app\/uploads\/2021\/04\/ALINE-29.jpg\" \/>\n<meta name=\"twitter:label1\" content=\"Est. tempo de leitura\" \/>\n\t<meta name=\"twitter:data1\" content=\"1 minuto\" \/>\n<script type=\"application\/ld+json\" class=\"yoast-schema-graph\">{\"@context\":\"https:\/\/schema.org\",\"@graph\":[{\"@type\":\"WebPage\",\"@id\":\"https:\/\/www.personare.com.br\/servicos\/produto\/renove-seu-lar-sessoes-recorrentes\/\",\"url\":\"https:\/\/www.personare.com.br\/servicos\/produto\/renove-seu-lar-sessoes-recorrentes\/\",\"name\":\"Renove seu lar - Sess\u00f5es Recorrentes - Personare Servi\u00e7os\",\"isPartOf\":{\"@id\":\"https:\/\/www.personare.com.br\/servicos\/#website\"},\"datePublished\":\"2025-01-24T17:20:40+00:00\",\"dateModified\":\"2025-01-27T17:14:55+00:00\",\"breadcrumb\":{\"@id\":\"https:\/\/www.personare.com.br\/servicos\/produto\/renove-seu-lar-sessoes-recorrentes\/#breadcrumb\"},\"inLanguage\":\"pt-BR\",\"potentialAction\":[{\"@type\":\"ReadAction\",\"target\":[\"https:\/\/www.personare.com.br\/servicos\/produto\/renove-seu-lar-sessoes-recorrentes\/\"]}]},{\"@type\":\"BreadcrumbList\",\"@id\":\"https:\/\/www.personare.com.br\/servicos\/produto\/renove-seu-lar-sessoes-recorrentes\/#breadcrumb\",\"itemListElement\":[{\"@type\":\"ListItem\",\"position\":1,\"name\":\"In\u00edcio\",\"item\":\"https:\/\/www.personare.com.br\/servicos\/\"},{\"@type\":\"ListItem\",\"position\":2,\"name\":\"Loja\",\"item\":\"https:\/\/www.personare.com.br\/servicos\/busca\/\"},{\"@type\":\"ListItem\",\"position\":3,\"name\":\"Renove seu lar &#8211; Sess\u00f5es Recorrentes\"}]},{\"@type\":\"WebSite\",\"@id\":\"https:\/\/www.personare.com.br\/servicos\/#website\",\"url\":\"https:\/\/www.personare.com.br\/servicos\/\",\"name\":\"Personare Servi\u00e7os\",\"description\":\"Agende Consultas e Terapias Online no Personare\",\"publisher\":{\"@id\":\"https:\/\/www.personare.com.br\/servicos\/#organization\"},\"potentialAction\":[{\"@type\":\"SearchAction\",\"target\":{\"@type\":\"EntryPoint\",\"urlTemplate\":\"https:\/\/www.personare.com.br\/servicos\/?s={search_term_string}\"},\"query-input\":\"required name=search_term_string\"}],\"inLanguage\":\"pt-BR\"},{\"@type\":\"Organization\",\"@id\":\"https:\/\/www.personare.com.br\/servicos\/#organization\",\"name\":\"Personare\",\"url\":\"https:\/\/www.personare.com.br\/servicos\/\",\"sameAs\":[],\"logo\":{\"@type\":\"ImageObject\",\"inLanguage\":\"pt-BR\",\"@id\":\"https:\/\/www.personare.com.br\/servicos\/#\/schema\/logo\/image\/\",\"url\":\"https:\/\/d2t4cfkrxg4dhd.cloudfront.net\/app\/uploads\/2021\/04\/70295ca5d3b1be44570b5e6d0854fa942edb2ab6.png\",\"contentUrl\":\"https:\/\/d2t4cfkrxg4dhd.cloudfront.net\/app\/uploads\/2021\/04\/70295ca5d3b1be44570b5e6d0854fa942edb2ab6.png\",\"width\":650,\"height\":554,\"caption\":\"Personare\"},\"image\":{\"@id\":\"https:\/\/www.personare.com.br\/servicos\/#\/schema\/logo\/image\/\"}}]}<\/script>\n<!-- \/ Yoast SEO plugin. -->","yoast_head_json":{"title":"Renove seu lar - Sess\u00f5es Recorrentes - Personare Servi\u00e7os","robots":{"index":"index","follow":"follow","max-snippet":"max-snippet:-1","max-image-preview":"max-image-preview:large","max-video-preview":"max-video-preview:-1"},"canonical":"https:\/\/www.personare.com.br\/servicos\/produto\/renove-seu-lar-sessoes-recorrentes\/","og_locale":"pt_BR","og_type":"article","og_title":"Renove seu lar - Sess\u00f5es Recorrentes - Personare Servi\u00e7os","og_description":"A sua casa \u00e9 seu lugar no mundo! \u00c9 onde voc\u00ea se recarrega, onde pode ser quem \u00e9. Renovar a energia do seu lar \u00e9 como um autocuidado de fora pra dentro.A casa carrega \u201cmarcas\u201d energ\u00e9ticas de tudo o que foi vivenciado naquele espa\u00e7o, ainda que seja uma constru\u00e7\u00e3o nova. A carga do dia a dia, as visitas, sua pr\u00f3pria fase da vida e tudo o que lhe rodeia tamb\u00e9m podem influenciar na energia do ambiente.Essas energias correm o risco de afetar negativamente os moradores, gerando bloqueios e demais problemas para quem mora ali. Tamb\u00e9m podem dificultar a venda do im\u00f3vel. Por isso \u00e9 importante limpar periodicamente as marcas energ\u00e9ticas do ambiente.A terapeuta Aline Lang oferece uma limpeza potente e personalizada focada na sua casa, liberando energias externas, energias estagnadas do passado e tudo mais que estiver impactando os moradores ou bloqueando a venda do im\u00f3vel.As sess\u00f5es de limpeza ocorrem de forma ass\u00edncrona, n\u00e3o sendo necess\u00e1rio alterar a rotina dos moradores do local. Voc\u00ea escolhe a periodicidade de 30 ou 60 dias.","og_url":"https:\/\/www.personare.com.br\/servicos\/produto\/renove-seu-lar-sessoes-recorrentes\/","og_site_name":"Personare Servi\u00e7os","article_modified_time":"2025-01-27T17:14:55+00:00","twitter_card":"summary_large_image","twitter_image":"https:\/\/d2t4cfkrxg4dhd.cloudfront.net\/app\/uploads\/2021\/04\/ALINE-29.jpg","twitter_misc":{"Est. tempo de leitura":"1 minuto"},"schema":{"@context":"https:\/\/schema.org","@graph":[{"@type":"WebPage","@id":"https:\/\/www.personare.com.br\/servicos\/produto\/renove-seu-lar-sessoes-recorrentes\/","url":"https:\/\/www.personare.com.br\/servicos\/produto\/renove-seu-lar-sessoes-recorrentes\/","name":"Renove seu lar - Sess\u00f5es Recorrentes - Personare Servi\u00e7os","isPartOf":{"@id":"https:\/\/www.personare.com.br\/servicos\/#website"},"datePublished":"2025-01-24T17:20:40+00:00","dateModified":"2025-01-27T17:14:55+00:00","breadcrumb":{"@id":"https:\/\/www.personare.com.br\/servicos\/produto\/renove-seu-lar-sessoes-recorrentes\/#breadcrumb"},"inLanguage":"pt-BR","potentialAction":[{"@type":"ReadAction","target":["https:\/\/www.personare.com.br\/servicos\/produto\/renove-seu-lar-sessoes-recorrentes\/"]}]},{"@type":"BreadcrumbList","@id":"https:\/\/www.personare.com.br\/servicos\/produto\/renove-seu-lar-sessoes-recorrentes\/#breadcrumb","itemListElement":[{"@type":"ListItem","position":1,"name":"In\u00edcio","item":"https:\/\/www.personare.com.br\/servicos\/"},{"@type":"ListItem","position":2,"name":"Loja","item":"https:\/\/www.personare.com.br\/servicos\/busca\/"},{"@type":"ListItem","position":3,"name":"Renove seu lar &#8211; Sess\u00f5es Recorrentes"}]},{"@type":"WebSite","@id":"https:\/\/www.personare.com.br\/servicos\/#website","url":"https:\/\/www.personare.com.br\/servicos\/","name":"Personare Servi\u00e7os","description":"Agende Consultas e Terapias Online no Personare","publisher":{"@id":"https:\/\/www.personare.com.br\/servicos\/#organization"},"potentialAction":[{"@type":"SearchAction","target":{"@type":"EntryPoint","urlTemplate":"https:\/\/www.personare.com.br\/servicos\/?s={search_term_string}"},"query-input":"required name=search_term_string"}],"inLanguage":"pt-BR"},{"@type":"Organization","@id":"https:\/\/www.personare.com.br\/servicos\/#organization","name":"Personare","url":"https:\/\/www.personare.com.br\/servicos\/","sameAs":[],"logo":{"@type":"ImageObject","inLanguage":"pt-BR","@id":"https:\/\/www.personare.com.br\/servicos\/#\/schema\/logo\/image\/","url":"https:\/\/d2t4cfkrxg4dhd.cloudfront.net\/app\/uploads\/2021\/04\/70295ca5d3b1be44570b5e6d0854fa942edb2ab6.png","contentUrl":"https:\/\/d2t4cfkrxg4dhd.cloudfront.net\/app\/uploads\/2021\/04\/70295ca5d3b1be44570b5e6d0854fa942edb2ab6.png","width":650,"height":554,"caption":"Personare"},"image":{"@id":"https:\/\/www.personare.com.br\/servicos\/#\/schema\/logo\/image\/"}}]}},"_links":{"self":[{"href":"https:\/\/www.personare.com.br\/servicos\/wp-json\/wp\/v2\/product\/20484"}],"collection":[{"href":"https:\/\/www.personare.com.br\/servicos\/wp-json\/wp\/v2\/product"}],"about":[{"href":"https:\/\/www.personare.com.br\/servicos\/wp-json\/wp\/v2\/types\/product"}],"replies":[{"embeddable":true,"href":"https:\/\/www.personare.com.br\/servicos\/wp-json\/wp\/v2\/comments?post=20484"}],"version-history":[{"count":3,"href":"https:\/\/www.personare.com.br\/servicos\/wp-json\/wp\/v2\/product\/20484\/revisions"}],"predecessor-version":[{"id":20504,"href":"https:\/\/www.personare.com.br\/servicos\/wp-json\/wp\/v2\/product\/20484\/revisions\/20504"}],"wp:featuredmedia":[{"embeddable":true,"href":"https:\/\/www.personare.com.br\/servicos\/wp-json\/wp\/v2\/media\/11994"}],"wp:attachment":[{"href":"https:\/\/www.personare.com.br\/servicos\/wp-json\/wp\/v2\/media?parent=20484"}],"wp:term":[{"taxonomy":"product_brand","embeddable":true,"href":"https:\/\/www.personare.com.br\/servicos\/wp-json\/wp\/v2\/product_brand?post=20484"},{"taxonomy":"product_cat","embeddable":true,"href":"https:\/\/www.personare.com.br\/servicos\/wp-json\/wp\/v2\/product_cat?post=20484"},{"taxonomy":"product_tag","embeddable":true,"href":"https:\/\/www.personare.com.br\/servicos\/wp-json\/wp\/v2\/product_tag?post=20484"},{"taxonomy":"areas-da-vida","embeddable":true,"href":"https:\/\/www.personare.com.br\/servicos\/wp-json\/wp\/v2\/areas-da-vida?post=20484"},{"taxonomy":"estudos-e-terapias","embeddable":true,"href":"https:\/\/www.personare.com.br\/servicos\/wp-json\/wp\/v2\/estudos-e-terapias?post=20484"},{"taxonomy":"dores-e-objetivos","embeddable":true,"href":"https:\/\/www.personare.com.br\/servicos\/wp-json\/wp\/v2\/dores-e-objetivos?post=20484"}],"curies":[{"name":"wp","href":"https:\/\/api.w.org\/{rel}","templated":true}]}}