{"id":20002,"date":"2024-12-19T00:25:30","date_gmt":"2024-12-19T03:25:30","guid":{"rendered":"https:\/\/www.personare.com.br\/servicos\/?post_type=product&#038;p=20002"},"modified":"2025-12-22T17:40:32","modified_gmt":"2025-12-22T20:40:32","slug":"mandala2026","status":"publish","type":"product","link":"https:\/\/www.personare.com.br\/servicos\/produto\/mandala2026\/","title":{"rendered":"Mandala Terap\u00eautica 2026 com Tarot e Or\u00e1culos"},"content":{"rendered":"<p>Pessoas adultas que desejam entender os desafios e oportunidades para 2026;<\/p>\n<p>Para quem est\u00e1 prestes a tomar decis\u00f5es importantes e precisa se preparar;<\/p>\n<p>Pessoas passando por grandes mudan\u00e7as e\/ou crises pessoais;<\/p>\n<p>Para quem busca respostas mais profundas sobre os acontecimentos de sua vida.<\/p>\n","protected":false},"excerpt":{"rendered":"<p>A Mandala Astrol\u00f3gica \u00e9 uma das principais tiragens do Tarot revelando as principais tend\u00eancias para todas as \u00e1reas da vida. Ideal para ter uma <strong>vis\u00e3o panor\u00e2mica de 2026.<br \/>\n<\/strong><br \/>\nAs 12 casas + a casa da S\u00edntese s\u00e3o representadas pelos arcanos maiores, menores e um or\u00e1culo c\u00e1rmico. Neste jogo de Tarot terap\u00eautico para 2026, a Mandala ganha contornos ainda mais interessantes pois conforme necess\u00e1rio outros or\u00e1culos entram trazendo camadas do ponto de vista espiritual, psicol\u00f3gico e energ\u00e9tico, fazendo voc\u00ea se conectar com seu inconsciente de uma maneira profunda. Transforme seu ano novo de dentro para fora!<\/p>\n","protected":false},"featured_media":12002,"comment_status":"open","ping_status":"closed","template":"","meta":{"_acf_changed":false,"footnotes":""},"product_brand":[],"product_cat":[52],"product_tag":[],"areas-da-vida":[167,169,170],"estudos-e-terapias":[154],"dores-e-objetivos":[188,109,110,120],"acf":[],"yoast_head":"<!-- This site is optimized with the Yoast SEO plugin v19.6.1 - https:\/\/yoast.com\/wordpress\/plugins\/seo\/ -->\n<title>Mandala Terap\u00eautica 2026 com Tarot e Or\u00e1culos - Personare Servi\u00e7os<\/title>\n<meta name=\"description\" content=\"A Mandala Astrol\u00f3gica \u00e9 uma das principais tiragens do Tarot revelando as principais tend\u00eancias para todas as \u00e1reas da vida.\" \/>\n<meta name=\"robots\" content=\"index, follow, max-snippet:-1, max-image-preview:large, max-video-preview:-1\" \/>\n<link rel=\"canonical\" href=\"https:\/\/www.personare.com.br\/servicos\/produto\/mandala2026\/\" \/>\n<meta property=\"og:locale\" content=\"pt_BR\" \/>\n<meta property=\"og:type\" content=\"article\" \/>\n<meta property=\"og:title\" content=\"Mandala Terap\u00eautica 2026 com Tarot e Or\u00e1culos - Personare Servi\u00e7os\" \/>\n<meta property=\"og:description\" content=\"A Mandala Astrol\u00f3gica \u00e9 uma das principais tiragens do Tarot revelando as principais tend\u00eancias para todas as \u00e1reas da vida.\" \/>\n<meta property=\"og:url\" content=\"https:\/\/www.personare.com.br\/servicos\/produto\/mandala2026\/\" \/>\n<meta property=\"og:site_name\" content=\"Personare Servi\u00e7os\" \/>\n<meta property=\"article:modified_time\" content=\"2025-12-22T20:40:32+00:00\" \/>\n<meta property=\"og:image\" content=\"https:\/\/d2t4cfkrxg4dhd.cloudfront.net\/app\/uploads\/2021\/04\/Bela-Medeiros-Tarot-1024x576.png\" \/>\n\t<meta property=\"og:image:width\" content=\"1024\" \/>\n\t<meta property=\"og:image:height\" content=\"576\" \/>\n\t<meta property=\"og:image:type\" content=\"image\/png\" \/>\n<meta name=\"twitter:card\" content=\"summary_large_image\" \/>\n<script type=\"application\/ld+json\" class=\"yoast-schema-graph\">{\"@context\":\"https:\/\/schema.org\",\"@graph\":[{\"@type\":\"WebPage\",\"@id\":\"https:\/\/www.personare.com.br\/servicos\/produto\/mandala2026\/\",\"url\":\"https:\/\/www.personare.com.br\/servicos\/produto\/mandala2026\/\",\"name\":\"Mandala Terap\u00eautica 2026 com Tarot e Or\u00e1culos - Personare Servi\u00e7os\",\"isPartOf\":{\"@id\":\"https:\/\/www.personare.com.br\/servicos\/#website\"},\"datePublished\":\"2024-12-19T03:25:30+00:00\",\"dateModified\":\"2025-12-22T20:40:32+00:00\",\"description\":\"A Mandala Astrol\u00f3gica \u00e9 uma das principais tiragens do Tarot revelando as principais tend\u00eancias para todas as \u00e1reas da vida.\",\"breadcrumb\":{\"@id\":\"https:\/\/www.personare.com.br\/servicos\/produto\/mandala2026\/#breadcrumb\"},\"inLanguage\":\"pt-BR\",\"potentialAction\":[{\"@type\":\"ReadAction\",\"target\":[\"https:\/\/www.personare.com.br\/servicos\/produto\/mandala2026\/\"]}]},{\"@type\":\"BreadcrumbList\",\"@id\":\"https:\/\/www.personare.com.br\/servicos\/produto\/mandala2026\/#breadcrumb\",\"itemListElement\":[{\"@type\":\"ListItem\",\"position\":1,\"name\":\"In\u00edcio\",\"item\":\"https:\/\/www.personare.com.br\/servicos\/\"},{\"@type\":\"ListItem\",\"position\":2,\"name\":\"Loja\",\"item\":\"https:\/\/www.personare.com.br\/servicos\/busca\/\"},{\"@type\":\"ListItem\",\"position\":3,\"name\":\"Mandala Terap\u00eautica 2026 com Tarot e Or\u00e1culos\"}]},{\"@type\":\"WebSite\",\"@id\":\"https:\/\/www.personare.com.br\/servicos\/#website\",\"url\":\"https:\/\/www.personare.com.br\/servicos\/\",\"name\":\"Personare Servi\u00e7os\",\"description\":\"Agende Consultas e Terapias Online no Personare\",\"publisher\":{\"@id\":\"https:\/\/www.personare.com.br\/servicos\/#organization\"},\"potentialAction\":[{\"@type\":\"SearchAction\",\"target\":{\"@type\":\"EntryPoint\",\"urlTemplate\":\"https:\/\/www.personare.com.br\/servicos\/?s={search_term_string}\"},\"query-input\":\"required name=search_term_string\"}],\"inLanguage\":\"pt-BR\"},{\"@type\":\"Organization\",\"@id\":\"https:\/\/www.personare.com.br\/servicos\/#organization\",\"name\":\"Personare\",\"url\":\"https:\/\/www.personare.com.br\/servicos\/\",\"sameAs\":[],\"logo\":{\"@type\":\"ImageObject\",\"inLanguage\":\"pt-BR\",\"@id\":\"https:\/\/www.personare.com.br\/servicos\/#\/schema\/logo\/image\/\",\"url\":\"https:\/\/d2t4cfkrxg4dhd.cloudfront.net\/app\/uploads\/2021\/04\/70295ca5d3b1be44570b5e6d0854fa942edb2ab6.png\",\"contentUrl\":\"https:\/\/d2t4cfkrxg4dhd.cloudfront.net\/app\/uploads\/2021\/04\/70295ca5d3b1be44570b5e6d0854fa942edb2ab6.png\",\"width\":650,\"height\":554,\"caption\":\"Personare\"},\"image\":{\"@id\":\"https:\/\/www.personare.com.br\/servicos\/#\/schema\/logo\/image\/\"}}]}<\/script>\n<!-- \/ Yoast SEO plugin. -->","yoast_head_json":{"title":"Mandala Terap\u00eautica 2026 com Tarot e Or\u00e1culos - Personare Servi\u00e7os","description":"A Mandala Astrol\u00f3gica \u00e9 uma das principais tiragens do Tarot revelando as principais tend\u00eancias para todas as \u00e1reas da vida.","robots":{"index":"index","follow":"follow","max-snippet":"max-snippet:-1","max-image-preview":"max-image-preview:large","max-video-preview":"max-video-preview:-1"},"canonical":"https:\/\/www.personare.com.br\/servicos\/produto\/mandala2026\/","og_locale":"pt_BR","og_type":"article","og_title":"Mandala Terap\u00eautica 2026 com Tarot e Or\u00e1culos - Personare Servi\u00e7os","og_description":"A Mandala Astrol\u00f3gica \u00e9 uma das principais tiragens do Tarot revelando as principais tend\u00eancias para todas as \u00e1reas da vida.","og_url":"https:\/\/www.personare.com.br\/servicos\/produto\/mandala2026\/","og_site_name":"Personare Servi\u00e7os","article_modified_time":"2025-12-22T20:40:32+00:00","og_image":[{"width":1024,"height":576,"url":"https:\/\/d2t4cfkrxg4dhd.cloudfront.net\/app\/uploads\/2021\/04\/Bela-Medeiros-Tarot-1024x576.png","type":"image\/png"}],"twitter_card":"summary_large_image","schema":{"@context":"https:\/\/schema.org","@graph":[{"@type":"WebPage","@id":"https:\/\/www.personare.com.br\/servicos\/produto\/mandala2026\/","url":"https:\/\/www.personare.com.br\/servicos\/produto\/mandala2026\/","name":"Mandala Terap\u00eautica 2026 com Tarot e Or\u00e1culos - Personare Servi\u00e7os","isPartOf":{"@id":"https:\/\/www.personare.com.br\/servicos\/#website"},"datePublished":"2024-12-19T03:25:30+00:00","dateModified":"2025-12-22T20:40:32+00:00","description":"A Mandala Astrol\u00f3gica \u00e9 uma das principais tiragens do Tarot revelando as principais tend\u00eancias para todas as \u00e1reas da vida.","breadcrumb":{"@id":"https:\/\/www.personare.com.br\/servicos\/produto\/mandala2026\/#breadcrumb"},"inLanguage":"pt-BR","potentialAction":[{"@type":"ReadAction","target":["https:\/\/www.personare.com.br\/servicos\/produto\/mandala2026\/"]}]},{"@type":"BreadcrumbList","@id":"https:\/\/www.personare.com.br\/servicos\/produto\/mandala2026\/#breadcrumb","itemListElement":[{"@type":"ListItem","position":1,"name":"In\u00edcio","item":"https:\/\/www.personare.com.br\/servicos\/"},{"@type":"ListItem","position":2,"name":"Loja","item":"https:\/\/www.personare.com.br\/servicos\/busca\/"},{"@type":"ListItem","position":3,"name":"Mandala Terap\u00eautica 2026 com Tarot e Or\u00e1culos"}]},{"@type":"WebSite","@id":"https:\/\/www.personare.com.br\/servicos\/#website","url":"https:\/\/www.personare.com.br\/servicos\/","name":"Personare Servi\u00e7os","description":"Agende Consultas e Terapias Online no Personare","publisher":{"@id":"https:\/\/www.personare.com.br\/servicos\/#organization"},"potentialAction":[{"@type":"SearchAction","target":{"@type":"EntryPoint","urlTemplate":"https:\/\/www.personare.com.br\/servicos\/?s={search_term_string}"},"query-input":"required name=search_term_string"}],"inLanguage":"pt-BR"},{"@type":"Organization","@id":"https:\/\/www.personare.com.br\/servicos\/#organization","name":"Personare","url":"https:\/\/www.personare.com.br\/servicos\/","sameAs":[],"logo":{"@type":"ImageObject","inLanguage":"pt-BR","@id":"https:\/\/www.personare.com.br\/servicos\/#\/schema\/logo\/image\/","url":"https:\/\/d2t4cfkrxg4dhd.cloudfront.net\/app\/uploads\/2021\/04\/70295ca5d3b1be44570b5e6d0854fa942edb2ab6.png","contentUrl":"https:\/\/d2t4cfkrxg4dhd.cloudfront.net\/app\/uploads\/2021\/04\/70295ca5d3b1be44570b5e6d0854fa942edb2ab6.png","width":650,"height":554,"caption":"Personare"},"image":{"@id":"https:\/\/www.personare.com.br\/servicos\/#\/schema\/logo\/image\/"}}]}},"_links":{"self":[{"href":"https:\/\/www.personare.com.br\/servicos\/wp-json\/wp\/v2\/product\/20002"}],"collection":[{"href":"https:\/\/www.personare.com.br\/servicos\/wp-json\/wp\/v2\/product"}],"about":[{"href":"https:\/\/www.personare.com.br\/servicos\/wp-json\/wp\/v2\/types\/product"}],"replies":[{"embeddable":true,"href":"https:\/\/www.personare.com.br\/servicos\/wp-json\/wp\/v2\/comments?post=20002"}],"version-history":[{"count":8,"href":"https:\/\/www.personare.com.br\/servicos\/wp-json\/wp\/v2\/product\/20002\/revisions"}],"predecessor-version":[{"id":24217,"href":"https:\/\/www.personare.com.br\/servicos\/wp-json\/wp\/v2\/product\/20002\/revisions\/24217"}],"wp:featuredmedia":[{"embeddable":true,"href":"https:\/\/www.personare.com.br\/servicos\/wp-json\/wp\/v2\/media\/12002"}],"wp:attachment":[{"href":"https:\/\/www.personare.com.br\/servicos\/wp-json\/wp\/v2\/media?parent=20002"}],"wp:term":[{"taxonomy":"product_brand","embeddable":true,"href":"https:\/\/www.personare.com.br\/servicos\/wp-json\/wp\/v2\/product_brand?post=20002"},{"taxonomy":"product_cat","embeddable":true,"href":"https:\/\/www.personare.com.br\/servicos\/wp-json\/wp\/v2\/product_cat?post=20002"},{"taxonomy":"product_tag","embeddable":true,"href":"https:\/\/www.personare.com.br\/servicos\/wp-json\/wp\/v2\/product_tag?post=20002"},{"taxonomy":"areas-da-vida","embeddable":true,"href":"https:\/\/www.personare.com.br\/servicos\/wp-json\/wp\/v2\/areas-da-vida?post=20002"},{"taxonomy":"estudos-e-terapias","embeddable":true,"href":"https:\/\/www.personare.com.br\/servicos\/wp-json\/wp\/v2\/estudos-e-terapias?post=20002"},{"taxonomy":"dores-e-objetivos","embeddable":true,"href":"https:\/\/www.personare.com.br\/servicos\/wp-json\/wp\/v2\/dores-e-objetivos?post=20002"}],"curies":[{"name":"wp","href":"https:\/\/api.w.org\/{rel}","templated":true}]}}